{"id":10260,"date":"2023-06-22T15:32:42","date_gmt":"2023-06-22T15:32:42","guid":{"rendered":"https:\/\/moverdb.com\/?page_id=10260"},"modified":"2026-01-08T15:30:25","modified_gmt":"2026-01-08T15:30:25","slug":"moving-companies-zambia","status":"publish","type":"page","link":"https:\/\/moverdb.com\/lt\/moving-companies\/moving-companies-zambia\/","title":{"rendered":"Geriausios tarptautin\u0117s perkraustymo \u012fmon\u0117s Zambijoje"},"content":{"rendered":"<p>Persikraustymas gali b\u016bti vienas i\u0161 did\u017eiausi\u0105 stres\u0105 kelian\u010di\u0173 dalyk\u0173, tod\u0117l, pasitelkdami <a href=\"https:\/\/moverdb.com\/lt\/moving-companies\/\" data-internallinksmanager029f6b8e52c=\"79\" title=\"Top 25 Tarptautin\u0117s perkraustymo \u012fmon\u0117s internete\">perkraustymo \u012fmon\u0117<\/a> gali suma\u017einti spaudim\u0105 ir palengvinti persikraustym\u0105. Toliau pateikiame Zambijoje \u012fsik\u016brusi\u0173 <a href=\"https:\/\/moverdb.com\/lt\/international-removals\/\" data-internallinksmanager029f6b8e52c=\"27\" title=\"36 geriausios tarptautinio perkraustymo \u012fmon\u0117s Jungtin\u0117je Karalyst\u0117je\">perkraustymo \u012fmon\u0117s<\/a> kurie yra <a href=\"https:\/\/moverdb.com\/lt\/iam\/\" data-internallinksmanager029f6b8e52c=\"23\" title=\"Tarptautin\u0117s perkraustytoj\u0173 asociacijos (IAM) paai\u0161kinimai\">Tarptautin\u0117 perkraustytoj\u0173 asociacija<\/a> (IAM) ir (arba) <a href=\"https:\/\/moverdb.com\/lt\/fidi-faim\/\" data-internallinksmanager029f6b8e52c=\"16\" title=\"FIDI ir FAIM (FIDI akredituotas tarptautinis perve\u017e\u0117jas) paai\u0161kinimai\">FIDI<\/a> Akredituot\u0173 tarptautini\u0173 perkraustymo paslaug\u0173 teik\u0117j\u0173 (FAIM), kurie gal\u0117t\u0173 pad\u0117ti jums persikraustyti.<\/p>\n<h2><strong>Stuttafordso perkraustymai <\/strong><\/h2>\n<p><img loading=\"lazy\" decoding=\"async\" class=\"alignnone size-full wp-image-10261\" src=\"https:\/\/moverdb.com\/wp-content\/uploads\/Stuttafords-Removals-Zambia-international-moving-company.png\" alt=\"Stuttafords Removals Zambija tarptautin\u0117 perkraustymo \u012fmon\u0117\" width=\"1440\" height=\"708\" data-wp-pid=\"10261\" srcset=\"https:\/\/moverdb.com\/wp-content\/uploads\/Stuttafords-Removals-Zambia-international-moving-company.png 1440w, https:\/\/moverdb.com\/wp-content\/uploads\/Stuttafords-Removals-Zambia-international-moving-company-300x148.png 300w, https:\/\/moverdb.com\/wp-content\/uploads\/Stuttafords-Removals-Zambia-international-moving-company-1024x503.png 1024w, https:\/\/moverdb.com\/wp-content\/uploads\/Stuttafords-Removals-Zambia-international-moving-company-18x9.png 18w, https:\/\/moverdb.com\/wp-content\/uploads\/Stuttafords-Removals-Zambia-international-moving-company-600x295.png 600w\" sizes=\"auto, (max-width: 1440px) 100vw, 1440px\" \/><\/p>\n<ul>\n<li>Vietiniai perkraustymai<\/li>\n<li>Tarptautiniai perkraustymai<\/li>\n<li>Nam\u0173 \u016bkio perkraustymai<\/li>\n<li>Komerciniai perkraustymai<\/li>\n<li>\"Nuo dur\u0173 iki dur\u0173\" ir \"nuo dur\u0173 iki dur\u0173<a href=\"https:\/\/moverdb.com\/lt\/top-49-container-ports\/\" data-internallinksmanager029f6b8e52c=\"80\" title=\"49 did\u017eiausi ir labiausiai apkrauti konteineri\u0173 uostai 2025 m.\">uostas<\/a> paslauga<\/li>\n<li>Pakavimo paslauga<\/li>\n<li>Krovini\u0173 gabenimas oru ir j\u016bra<\/li>\n<li>Muitinis \u012fforminimas<\/li>\n<li>Transporto priemoni\u0173 transportavimas<\/li>\n<li>Trumpalaikis ir ilgalaikis saugojimas<\/li>\n<\/ul>\n<p>\"Stuttafords Removals\" yra 1993 m. \u012fkurta nepriklausoma tarptautinio perkraustymo \u012fmon\u0117, \u012fsik\u016brusi Lusakoje. Ji priklauso SGI \u012fmoni\u0173 grupei, turin\u010diai filial\u0173 visoje Afrikoje. Teikdamos paslaugas, jos turi perkraustymo agent\u016br\u0173 tinkl\u0105, pramon\u0117s partnerystes ir filialus visame pasaulyje. Jie yra IAM nariai, turintys 30 met\u0173 patirt\u012f ir akredituoti FIDI.<\/p>\n<p>\"Stuttafords Removals\" si\u016blo perkraustymo nuo dur\u0173 iki dur\u0173 ir nuo dur\u0173 iki uosto paslaugas, kurios prasideda nuo nemokamos konsultacijos ir pasi\u016blymo. Jie teikia tarptautinius standartus atitinkan\u010dias pakavimo paslaugas, \u012fskaitant daikt\u0173 pakavim\u0105 ir \u012fpakavim\u0105 \u012f d\u0117\u017ees. J\u016bs\u0173 daiktai, \u012fskaitant transporto priemones, bus gabenami sutvarkius muitin\u0117s formalumus.<\/p>\n<p>Interneto svetain\u0117: <a href=\"http:\/\/www.stuttafordsremovalszambia.com\" target=\"_blank\" rel=\"noopener\">http:\/\/www.stuttafordsremovalszambia.com<\/a><\/p>","protected":false},"excerpt":{"rendered":"<p>Moving can be one of the most stressful things you do so enlisting the services of a moving company can reduce the pressure and make moving simpler. Below we have compiled a list of Zambia based removal companies that are members of the International Association of Movers (IAM) and\/or FIDI Accredited International Mover (FAIM) who [&hellip;]<\/p>\n","protected":false},"author":4,"featured_media":10261,"parent":190,"menu_order":0,"comment_status":"closed","ping_status":"closed","template":"","meta":{"_genesis_hide_title":false,"_genesis_hide_breadcrumbs":false,"_genesis_hide_singular_image":false,"_genesis_hide_footer_widgets":false,"_genesis_custom_body_class":"","_genesis_custom_post_class":"","_genesis_layout":"","footnotes":""},"class_list":{"0":"post-10260","1":"page","2":"type-page","3":"status-publish","4":"has-post-thumbnail","6":"entry"},"_links":{"self":[{"href":"https:\/\/moverdb.com\/lt\/wp-json\/wp\/v2\/pages\/10260","targetHints":{"allow":["GET"]}}],"collection":[{"href":"https:\/\/moverdb.com\/lt\/wp-json\/wp\/v2\/pages"}],"about":[{"href":"https:\/\/moverdb.com\/lt\/wp-json\/wp\/v2\/types\/page"}],"author":[{"embeddable":true,"href":"https:\/\/moverdb.com\/lt\/wp-json\/wp\/v2\/users\/4"}],"replies":[{"embeddable":true,"href":"https:\/\/moverdb.com\/lt\/wp-json\/wp\/v2\/comments?post=10260"}],"version-history":[{"count":1,"href":"https:\/\/moverdb.com\/lt\/wp-json\/wp\/v2\/pages\/10260\/revisions"}],"predecessor-version":[{"id":10262,"href":"https:\/\/moverdb.com\/lt\/wp-json\/wp\/v2\/pages\/10260\/revisions\/10262"}],"up":[{"embeddable":true,"href":"https:\/\/moverdb.com\/lt\/wp-json\/wp\/v2\/pages\/190"}],"wp:featuredmedia":[{"embeddable":true,"href":"https:\/\/moverdb.com\/lt\/wp-json\/wp\/v2\/media\/10261"}],"wp:attachment":[{"href":"https:\/\/moverdb.com\/lt\/wp-json\/wp\/v2\/media?parent=10260"}],"curies":[{"name":"wp","href":"https:\/\/api.w.org\/{rel}","templated":true}]}}