{"id":10257,"date":"2023-06-22T15:34:17","date_gmt":"2023-06-22T15:34:17","guid":{"rendered":"https:\/\/moverdb.com\/?page_id=10257"},"modified":"2026-01-08T15:29:05","modified_gmt":"2026-01-08T15:29:05","slug":"moving-companies-vietnam","status":"publish","type":"page","link":"https:\/\/moverdb.com\/lt\/moving-companies\/moving-companies-vietnam\/","title":{"rendered":"5 Geriausios tarptautin\u0117s perkraustymo \u012fmon\u0117s Vietname"},"content":{"rendered":"<p>Ar ketinate persikelti \u012f, i\u0161 arba \u012f <a href=\"https:\/\/moverdb.com\/lt\/moving-to-vietnam\/\" data-internallinksmanager029f6b8e52c=\"390\" title=\"Persik\u0117limas \u012f Vietnam\u0105? 2023 Gyvenimo i\u0161laidos ir persik\u0117limo patarimai\">Vietnamas<\/a>? Gauti <a href=\"https:\/\/moverdb.com\/lt\/moving-companies\/\" data-internallinksmanager029f6b8e52c=\"79\" title=\"Top 25 Tarptautin\u0117s perkraustymo \u012fmon\u0117s internete\">perkraustymo \u012fmon\u0117<\/a> pad\u0117ti jums gali palengvinti proces\u0105, nes jie gali supakuoti j\u016bs\u0173 daiktus, organizuoti transportavim\u0105 ir sutvarkyti muitin\u0117s proced\u016bras. Toliau pateikiame Vietname \u012fsik\u016brusi\u0173 <a href=\"https:\/\/moverdb.com\/lt\/international-removals\/\" data-internallinksmanager029f6b8e52c=\"27\" title=\"36 geriausios tarptautinio perkraustymo \u012fmon\u0117s Jungtin\u0117je Karalyst\u0117je\">perkraustymo \u012fmon\u0117s<\/a> kurie yra <a href=\"https:\/\/moverdb.com\/lt\/iam\/\" data-internallinksmanager029f6b8e52c=\"23\" title=\"Tarptautin\u0117s perkraustytoj\u0173 asociacijos (IAM) paai\u0161kinimai\">Tarptautin\u0117 perkraustytoj\u0173 asociacija<\/a> (IAM) ir (arba) <a href=\"https:\/\/moverdb.com\/lt\/fidi-faim\/\" data-internallinksmanager029f6b8e52c=\"16\" title=\"FIDI ir FAIM (FIDI akredituotas tarptautinis perve\u017e\u0117jas) paai\u0161kinimai\">FIDI<\/a> Akredituotas tarptautinis perkraustymas (FAIM), kuris gal\u0117t\u0173 pad\u0117ti jums persikraustyti.<\/p>\n<div id=\"ez-toc-container\" class=\"ez-toc-v2_0_82_2 ez-toc-wrap-left counter-hierarchy ez-toc-counter ez-toc-transparent ez-toc-container-direction\">\n<div class=\"ez-toc-title-container\">\n<p class=\"ez-toc-title\" style=\"cursor:inherit\">Skyriai<\/p>\n<span class=\"ez-toc-title-toggle\"><a href=\"#\" class=\"ez-toc-pull-right ez-toc-btn ez-toc-btn-xs ez-toc-btn-default ez-toc-toggle\" aria-label=\"Perjungti turinio lentel\u0119\"><span class=\"ez-toc-js-icon-con\"><span class=\"\"><span class=\"eztoc-hide\" style=\"display:none;\">Perjungti<\/span><span class=\"ez-toc-icon-toggle-span\"><svg style=\"fill: #999;color:#999\" xmlns=\"http:\/\/www.w3.org\/2000\/svg\" class=\"list-377408\" width=\"20px\" height=\"20px\" viewbox=\"0 0 24 24\" fill=\"none\"><path d=\"M6 6H4v2h2V6zm14 0H8v2h12V6zM4 11h2v2H4v-2zm16 0H8v2h12v-2zM4 16h2v2H4v-2zm16 0H8v2h12v-2z\" fill=\"currentColor\"><\/path><\/svg><svg style=\"fill: #999;color:#999\" class=\"arrow-unsorted-368013\" xmlns=\"http:\/\/www.w3.org\/2000\/svg\" width=\"10px\" height=\"10px\" viewbox=\"0 0 24 24\" version=\"1.2\" baseprofile=\"tiny\"><path d=\"M18.2 9.3l-6.2-6.3-6.2 6.3c-.2.2-.3.4-.3.7s.1.5.3.7c.2.2.4.3.7.3h11c.3 0 .5-.1.7-.3.2-.2.3-.5.3-.7s-.1-.5-.3-.7zM5.8 14.7l6.2 6.3 6.2-6.3c.2-.2.3-.5.3-.7s-.1-.5-.3-.7c-.2-.2-.4-.3-.7-.3h-11c-.3 0-.5.1-.7.3-.2.2-.3.5-.3.7s.1.5.3.7z\"\/><\/svg><\/span><\/span><\/span><\/a><\/span><\/div>\n<nav><ul class='ez-toc-list ez-toc-list-level-1 eztoc-toggle-hide-by-default' ><li class='ez-toc-page-1 ez-toc-heading-level-2'><a class=\"ez-toc-link ez-toc-heading-1\" href=\"https:\/\/moverdb.com\/lt\/moving-companies\/moving-companies-vietnam\/#1_EVo_Moves\" >1. EVo Moves<\/a><\/li><li class='ez-toc-page-1 ez-toc-heading-level-2'><a class=\"ez-toc-link ez-toc-heading-2\" href=\"https:\/\/moverdb.com\/lt\/moving-companies\/moving-companies-vietnam\/#2_Prime_Relocations_Asia\" >2. \"Prime Relocations Asia<\/a><\/li><li class='ez-toc-page-1 ez-toc-heading-level-2'><a class=\"ez-toc-link ez-toc-heading-3\" href=\"https:\/\/moverdb.com\/lt\/moving-companies\/moving-companies-vietnam\/#3_Logical_Moves\" >3. Loginiai judesiai<\/a><\/li><li class='ez-toc-page-1 ez-toc-heading-level-2'><a class=\"ez-toc-link ez-toc-heading-4\" href=\"https:\/\/moverdb.com\/lt\/moving-companies\/moving-companies-vietnam\/#4_Santa_Fe_Relocation\" >4. Santa Fe perk\u0117limas<\/a><\/li><li class='ez-toc-page-1 ez-toc-heading-level-2'><a class=\"ez-toc-link ez-toc-heading-5\" href=\"https:\/\/moverdb.com\/lt\/moving-companies\/moving-companies-vietnam\/#5_Saigon_Van\" >5. Saigon Van<\/a><\/li><li class='ez-toc-page-1 ez-toc-heading-level-2'><a class=\"ez-toc-link ez-toc-heading-6\" href=\"https:\/\/moverdb.com\/lt\/moving-companies\/moving-companies-vietnam\/#Other_Useful_Guides_to_Vietnam\" >Kiti naudingi Vietnamo gidai<\/a><\/li><\/ul><\/nav><\/div>\n<h2><span class=\"ez-toc-section\" id=\"1_EVo_Moves\"><\/span><strong>1. EVo Moves<\/strong><span class=\"ez-toc-section-end\"><\/span><\/h2>\n<p><img loading=\"lazy\" decoding=\"async\" class=\"alignnone size-full wp-image-10115\" src=\"https:\/\/moverdb.com\/wp-content\/uploads\/EVo-Moves-international-moving-company.png\" alt=\"&quot;EVo Moves&quot; tarptautin\u0117 perkraustymo \u012fmon\u0117\" width=\"1440\" height=\"683\" data-wp-pid=\"10115\" srcset=\"https:\/\/moverdb.com\/wp-content\/uploads\/EVo-Moves-international-moving-company.png 1440w, https:\/\/moverdb.com\/wp-content\/uploads\/EVo-Moves-international-moving-company-300x142.png 300w, https:\/\/moverdb.com\/wp-content\/uploads\/EVo-Moves-international-moving-company-1024x486.png 1024w, https:\/\/moverdb.com\/wp-content\/uploads\/EVo-Moves-international-moving-company-18x9.png 18w, https:\/\/moverdb.com\/wp-content\/uploads\/EVo-Moves-international-moving-company-600x285.png 600w\" sizes=\"auto, (max-width: 1440px) 100vw, 1440px\" \/><\/p>\n<ul>\n<li>Nacionaliniai judesiai<\/li>\n<li>Tarptautiniai perkraustymai<\/li>\n<li>Nam\u0173 \u016bkio perkraustymai<\/li>\n<li>Biuro perkraustymai<\/li>\n<li>Paslauga \"nuo dur\u0173 iki dur\u0173<\/li>\n<li>Eksportin\u0117 pakuot\u0117<\/li>\n<li>Muitinis \u012fforminimas<\/li>\n<li>Gyv\u016bn\u0173 augintini\u0173 ve\u017eimas<\/li>\n<li>Draudimas<\/li>\n<li>Trumpalaikis ir ilgalaikis saugojimas<\/li>\n<\/ul>\n<p>\"EVo Moves\" yra tarptautin\u0117 perkraustymo \u012fmon\u0117, \u012fsik\u016brusi Ho\u0161imine. Ji yra IAM nar\u0117, turinti ketveri\u0173 met\u0173 patirt\u012f, o tai rei\u0161kia, kad ji turi prieig\u0105 prie tarptautinio perkraustymo \u012fmoni\u0173 tinklo, galin\u010dio jiems pad\u0117ti.<\/p>\n<p>\"EVo Moves\" Vietnamo gyventojams si\u016blo nemokam\u0105 apklaus\u0105 prie\u0161 persikraustym\u0105, kad \u012fvertint\u0173 savo poreikius, ir pateikia pasi\u016blym\u0105 nuo dur\u0173 iki dur\u0173. Jie teikia tarptautinius standartus ir kokyb\u0119 atitinkan\u010dias pakavimo paslaugas, kad apsaugot\u0173 j\u016bs\u0173 daiktus perve\u017eimo metu. Jie pasir\u016bpins tarptautiniu gabenimu j\u016bra arba oru, \u012fskaitant vis\u0173 rizik\u0173 j\u016brin\u012f draudim\u0105 ir muitin\u0117s formalumus. Papildomos paslaugos apima namini\u0173 gyv\u016bn\u0117li\u0173 ve\u017eim\u0105, fumigacij\u0105 ir sand\u0117liavim\u0105.<\/p>\n<p>Interneto svetain\u0117: <a href=\"http:\/\/www.evomoves.com\" target=\"_blank\" rel=\"noopener\">http:\/\/www.evomoves.com<\/a><\/p>\n<h2><span class=\"ez-toc-section\" id=\"2_Prime_Relocations_Asia\"><\/span><strong>2. \"Prime Relocations Asia<\/strong><span class=\"ez-toc-section-end\"><\/span><\/h2>\n<p><img loading=\"lazy\" decoding=\"async\" class=\"alignnone size-full wp-image-10170\" src=\"https:\/\/moverdb.com\/wp-content\/uploads\/Prime-Relocations-Asia-international-moving-company.png\" alt=\"&quot;Prime Relocations&quot; Azijos tarptautin\u0117 perkraustymo \u012fmon\u0117\" width=\"1440\" height=\"680\" data-wp-pid=\"10170\" srcset=\"https:\/\/moverdb.com\/wp-content\/uploads\/Prime-Relocations-Asia-international-moving-company.png 1440w, https:\/\/moverdb.com\/wp-content\/uploads\/Prime-Relocations-Asia-international-moving-company-300x142.png 300w, https:\/\/moverdb.com\/wp-content\/uploads\/Prime-Relocations-Asia-international-moving-company-1024x484.png 1024w, https:\/\/moverdb.com\/wp-content\/uploads\/Prime-Relocations-Asia-international-moving-company-18x9.png 18w, https:\/\/moverdb.com\/wp-content\/uploads\/Prime-Relocations-Asia-international-moving-company-600x283.png 600w\" sizes=\"auto, (max-width: 1440px) 100vw, 1440px\" \/><\/p>\n<ul>\n<li>Vietiniai ir nacionaliniai perkraustymai<\/li>\n<li>Tarptautinis perkraustymas<\/li>\n<li>Nam\u0173 \u016bki\u0173 perkraustymas<\/li>\n<li>Verslo perkraustymai<\/li>\n<li>Paslauga \"nuo dur\u0173 iki dur\u0173<\/li>\n<li>Pilnas perkraustymo paketas<\/li>\n<li>Gyv\u016bn\u0173 augintini\u0173 ir transporto priemoni\u0173 perk\u0117limas<\/li>\n<li>Meistro paslaugos<\/li>\n<li>Draudimas<\/li>\n<li>Trumpalaik\u0117s ir ilgalaik\u0117s saugyklos<\/li>\n<\/ul>\n<p>\"Prime Relocations Asia\" yra tarptautin\u0117 perkraustymo bendrov\u0117, turinti Vietnamo biurus Hanojuje ir Ho\u0161imine, taip pat biurus Laose ir <a href=\"https:\/\/moverdb.com\/lt\/moving-to-cambodia\/\" data-internallinksmanager029f6b8e52c=\"340\" title=\"Persik\u0117limas \u012f Kambod\u017e\u0105? 2023 Gyvenimo i\u0161laidos ir persik\u0117limo patarimai\">Kambod\u017ea<\/a>. Jie turi pageidaujam\u0173 partneri\u0173 ir filial\u0173 tinkl\u0105, kad gal\u0117t\u0173 teikti perkraustymo paslaugas u\u017esienyje ir tvarkyti muitin\u0117s taisykles. Jie yra IAM nariai, turintys 15 met\u0173 patirt\u012f.<\/p>\n<p>\"Prime Relocations Asia\" si\u016blo perkraustym\u0105, kuris gali apimti j\u016bs\u0173 nam\u0173 ar verslo, namini\u0173 gyv\u016bn\u0173 ir transporto priemoni\u0173 perk\u0117lim\u0105 su visapusi\u0161ku tranzito draudimu, organizuoti per vien\u0105 kontaktin\u012f asmen\u012f. Jie teikia papildomas paslaugas, tarp kuri\u0173 - meistro paslaugos, valytojo paslaugos, kambarin\u0117s paslaugos, b\u016bsto paie\u0161kos, orientavimo, i\u0161vykimo ir atvykimo pagalba.<\/p>\n<p>Interneto svetain\u0117: <a href=\"http:\/\/www.primerelo.asia\" target=\"_blank\" rel=\"noopener\">http:\/\/www.primerelo.asia<\/a><\/p>\n<h2><span class=\"ez-toc-section\" id=\"3_Logical_Moves\"><\/span><strong>3. Loginiai judesiai<\/strong><span class=\"ez-toc-section-end\"><\/span><\/h2>\n<p><img loading=\"lazy\" decoding=\"async\" class=\"alignnone size-full wp-image-10149\" src=\"https:\/\/moverdb.com\/wp-content\/uploads\/Logical-Moves-international-moving-company.png\" alt=\"Logi\u0161kas juda tarptautinis jud\u0117jimo \u012fmon\u0117\" width=\"1440\" height=\"670\" data-wp-pid=\"10149\" srcset=\"https:\/\/moverdb.com\/wp-content\/uploads\/Logical-Moves-international-moving-company.png 1440w, https:\/\/moverdb.com\/wp-content\/uploads\/Logical-Moves-international-moving-company-300x140.png 300w, https:\/\/moverdb.com\/wp-content\/uploads\/Logical-Moves-international-moving-company-1024x476.png 1024w, https:\/\/moverdb.com\/wp-content\/uploads\/Logical-Moves-international-moving-company-18x8.png 18w, https:\/\/moverdb.com\/wp-content\/uploads\/Logical-Moves-international-moving-company-600x279.png 600w\" sizes=\"auto, (max-width: 1440px) 100vw, 1440px\" \/><\/p>\n<ul>\n<li>Vietiniai perkraustymai<\/li>\n<li>Tarptautiniai perkraustymai<\/li>\n<li>Nam\u0173 \u016bkio perkraustymai<\/li>\n<li>\u012emoni\u0173 perkraustymai<\/li>\n<li>Perkraustymo paslaugos<\/li>\n<li>Pakavimo paslauga<\/li>\n<li>Muitinis \u012fforminimas<\/li>\n<li>I\u0161vykimo ir \u012fsik\u016brimo paslaugos<\/li>\n<li>Gyv\u016bn\u0173 augintini\u0173 judesiai<\/li>\n<li>Saugus saugojimas<\/li>\n<\/ul>\n<p>\"Logical Moves\" yra nepriklausoma tarptautin\u0117 perkraustymo \u012fmon\u0117, \u012fkurta 2005 m. ir \u012fsik\u016brusi Ho\u0161imine. Ji turi pasaulin\u012f tinkl\u0105 ir vietinius i\u0161teklius, kurie leid\u017eia teikti auk\u0161tos kokyb\u0117s vietinio ir tarptautinio perkraustymo paslaugas. Ji yra IAM nar\u0117, turinti 18 met\u0173 patirt\u012f.<\/p>\n<p>\"Logical Moves\" si\u016blo konsultacijas prie\u0161 persikraustym\u0105 ir nam\u0173 ap\u017ei\u016br\u0105, kad b\u016bt\u0173 nustatyti j\u016bs\u0173 persikraustymo reikalavimai. Jie si\u016blo pakavimo paslaug\u0105, kad u\u017etikrint\u0173 saug\u0173 j\u016bs\u0173 daikt\u0173 pristatym\u0105, pasir\u016bpint\u0173 siuntos apsauga ir muitiniu \u012fforminimu, o atvyk\u0119 i\u0161pakuoja. Jie si\u016blo papildomas paslaugas, \u012fskaitant pagalb\u0105 viz\u0173 ir imigracijos klausimais, nam\u0173 ir mokykl\u0173 paie\u0161k\u0105, pagalb\u0105 i\u0161vykstant, meistr\u0173 paslaugas ir \u012fsik\u016brimo paslaugas.<\/p>\n<p>Interneto svetain\u0117: <a href=\"http:\/\/www.logicalmoves.net\" target=\"_blank\" rel=\"noopener\">http:\/\/www.logicalmoves.net<\/a><\/p>\n<h2><span class=\"ez-toc-section\" id=\"4_Santa_Fe_Relocation\"><\/span><strong>4. Santa Fe perk\u0117limas<\/strong><span class=\"ez-toc-section-end\"><\/span><\/h2>\n<p><img loading=\"lazy\" decoding=\"async\" class=\"alignnone size-full wp-image-10181\" src=\"https:\/\/moverdb.com\/wp-content\/uploads\/Santa-Fe-Relocations-Vietnam-international-moving-company.png\" alt=\"Santa Fe Relocations Vietnamas tarptautinis persik\u0117limas \u012fmon\u0117\" width=\"1440\" height=\"681\" data-wp-pid=\"10181\" srcset=\"https:\/\/moverdb.com\/wp-content\/uploads\/Santa-Fe-Relocations-Vietnam-international-moving-company.png 1440w, https:\/\/moverdb.com\/wp-content\/uploads\/Santa-Fe-Relocations-Vietnam-international-moving-company-300x142.png 300w, https:\/\/moverdb.com\/wp-content\/uploads\/Santa-Fe-Relocations-Vietnam-international-moving-company-1024x484.png 1024w, https:\/\/moverdb.com\/wp-content\/uploads\/Santa-Fe-Relocations-Vietnam-international-moving-company-18x9.png 18w, https:\/\/moverdb.com\/wp-content\/uploads\/Santa-Fe-Relocations-Vietnam-international-moving-company-600x284.png 600w\" sizes=\"auto, (max-width: 1440px) 100vw, 1440px\" \/><\/p>\n<ul>\n<li>Vietiniai ir nacionaliniai perk\u0117limai<\/li>\n<li>Tarptautiniai perk\u0117limai<\/li>\n<li>Nam\u0173 \u016bki\u0173 perk\u0117limas<\/li>\n<li>\u012emoni\u0173 perk\u0117limai<\/li>\n<li>Paslauga \"nuo dur\u0173 iki dur\u0173<\/li>\n<li>Specializuotas pakavimas<\/li>\n<li>Muitinis \u012fforminimas<\/li>\n<li>Vizos ir imigracija<\/li>\n<li>Paskirties paslaugos<\/li>\n<li>Saugus saugojimas<\/li>\n<\/ul>\n<p>\"Santa Fe Relocation\" yra tarptautin\u0117 perkraustymo ir perk\u0117limo \u012fmon\u0117, turinti daugiau kaip 130 met\u0173 patirt\u012f ir 64 biurus 38 \u0161alyse, \u012fskaitant Hanoj\u0173 ir Ho\u0161imin\u0105 Vietname. Ji yra IAM nar\u0117, turinti 17 met\u0173 patirt\u012f ir akredituota FIDI.<\/p>\n<p>\"Santa Fe Relocation\" si\u016blo perkraustymo nuo dur\u0173 iki dur\u0173 paslaugas ir profesionali\u0105 komand\u0105, kuri pad\u0117s jums viso perkraustymo metu. Jie teikia specializuotas pakavimo paslaugas, kad apsaugot\u0173 j\u016bs\u0173 daiktus perkraustymo metu, taip pat si\u016blo i\u0161samius siunt\u0173 apsaugos planus. Jie si\u016blo papildomas paslaugas, \u012fskaitant viz\u0173 ir imigracijos paslaugas, b\u016bsto paie\u0161kos ir kitas paskirties vietos paslaugas.<\/p>\n<p>Interneto svetain\u0117: <a href=\"https:\/\/www.santaferelo.com\/en\/contact\/our-offices\/vietnam-ho-chi-minh\/\" target=\"_blank\" rel=\"noopener\">https:\/\/www.santaferelo.com\/en\/contact\/our-offices\/vietnam-ho-chi-minh\/<\/a><\/p>\n<h2><span class=\"ez-toc-section\" id=\"5_Saigon_Van\"><\/span><strong>5. Saigon Van<\/strong><span class=\"ez-toc-section-end\"><\/span><\/h2>\n<p><img loading=\"lazy\" decoding=\"async\" class=\"alignnone size-full wp-image-10258\" src=\"https:\/\/moverdb.com\/wp-content\/uploads\/Saigon-Van-international-moving-company.png\" alt=\"&quot;Saigon Van&quot; tarptautin\u0117 perkraustymo \u012fmon\u0117\" width=\"1440\" height=\"700\" data-wp-pid=\"10258\" srcset=\"https:\/\/moverdb.com\/wp-content\/uploads\/Saigon-Van-international-moving-company.png 1440w, https:\/\/moverdb.com\/wp-content\/uploads\/Saigon-Van-international-moving-company-300x146.png 300w, https:\/\/moverdb.com\/wp-content\/uploads\/Saigon-Van-international-moving-company-1024x498.png 1024w, https:\/\/moverdb.com\/wp-content\/uploads\/Saigon-Van-international-moving-company-18x9.png 18w, https:\/\/moverdb.com\/wp-content\/uploads\/Saigon-Van-international-moving-company-600x292.png 600w\" sizes=\"auto, (max-width: 1440px) 100vw, 1440px\" \/><\/p>\n<ul>\n<li>Vietiniai ir nacionaliniai perkraustymai<\/li>\n<li>Tarptautiniai perkraustymai<\/li>\n<li>Nam\u0173 \u016bkio perkraustymai<\/li>\n<li>Biuro perkraustymai<\/li>\n<li>Pakavimo paslauga<\/li>\n<li>Muitinis \u012fforminimas<\/li>\n<li>Gyv\u016bn\u0173 augintini\u0173 perk\u0117limas<\/li>\n<li>Meistro paslaugos<\/li>\n<li>Draudimas<\/li>\n<li>Saugykla<\/li>\n<\/ul>\n<p>\"Saigon Van\" yra 1990 m. \u012fkurta tarptautin\u0117 perkraustymo \u012fmon\u0117, \u012fsik\u016brusi Ho\u0161imine ir turinti filial\u0105 Ha Nojuje. Ji bendradarbiauja su tarptautiniais kolegomis, kurie padeda teikti paslaugas u\u017e Vietnamo rib\u0173. Jie yra IAM nariai, turintys 33 met\u0173 patirt\u012f ir akredituoti FIDI.<\/p>\n<p>\"Saigon Van\" si\u016blo vietinio, nacionalinio ir tarptautinio perkraustymo ir perk\u0117limo paslaugas, kurios prasideda nuo apklausos prie\u0161 perkraustym\u0105. Jie suteikia patyrusi\u0105 pakavimo komand\u0105, kuri supakuoja ir apsaugo j\u016bs\u0173 daiktus. Jie organizuoja transportavim\u0105 su muitiniu \u012fforminimu ir draudimu. J\u0173 teikiamos persikraustymo paslaugos apima viz\u0173 i\u0161davimo, registracijos \u012f mokykl\u0105, meistr\u0173, valymo ir sand\u0117liavimo paslaugas.<\/p>\n<p>Interneto svetain\u0117: <a href=\"http:\/\/www.saigonvan.com\/\" target=\"_blank\" rel=\"noopener\">http:\/\/www.saigonvan.com\/<\/a><\/p>\n<h2><span class=\"ez-toc-section\" id=\"Other_Useful_Guides_to_Vietnam\"><\/span>Kiti naudingi Vietnamo gidai<span class=\"ez-toc-section-end\"><\/span><\/h2>\n<ul>\n<li> <a href=\"https:\/\/moverdb.com\/lt\/konteineriu-kroviniu-gabenimas\/vietnamas\/\">2024 J\u016br\u0173 krovini\u0173 gabenimo konteineriais \u012f Vietnam\u0105 ir i\u0161 jo kainos<\/a><\/li>\n<li> <a href=\"https:\/\/moverdb.com\/lt\/moving-to-vietnam\/\">Persik\u0117limas \u012f Vietnam\u0105? 2023 Gyvenimo i\u0161laidos ir persik\u0117limo patarimai<\/a><\/li>\n<li> <a href=\"https:\/\/moverdb.com\/lt\/moving-to-vietnam\/best-places-to-live-vietnam\/\">12 geriausi\u0173 viet\u0173 gyventi Vietname<\/a><\/li>\n<\/ul>","protected":false},"excerpt":{"rendered":"<p>Are you thinking of moving to, from or within Vietnam? Getting a moving company to assist you can help ease the process as they can pack your effects, arrange transportation and manage customs procedures. Below we have compiled a list of Vietnam based removal companies that are members of the International Association of Movers (IAM) [&hellip;]<\/p>\n","protected":false},"author":4,"featured_media":10115,"parent":190,"menu_order":0,"comment_status":"closed","ping_status":"closed","template":"","meta":{"_genesis_hide_title":false,"_genesis_hide_breadcrumbs":false,"_genesis_hide_singular_image":false,"_genesis_hide_footer_widgets":false,"_genesis_custom_body_class":"","_genesis_custom_post_class":"","_genesis_layout":"","footnotes":""},"class_list":{"0":"post-10257","1":"page","2":"type-page","3":"status-publish","4":"has-post-thumbnail","6":"entry"},"_links":{"self":[{"href":"https:\/\/moverdb.com\/lt\/wp-json\/wp\/v2\/pages\/10257","targetHints":{"allow":["GET"]}}],"collection":[{"href":"https:\/\/moverdb.com\/lt\/wp-json\/wp\/v2\/pages"}],"about":[{"href":"https:\/\/moverdb.com\/lt\/wp-json\/wp\/v2\/types\/page"}],"author":[{"embeddable":true,"href":"https:\/\/moverdb.com\/lt\/wp-json\/wp\/v2\/users\/4"}],"replies":[{"embeddable":true,"href":"https:\/\/moverdb.com\/lt\/wp-json\/wp\/v2\/comments?post=10257"}],"version-history":[{"count":3,"href":"https:\/\/moverdb.com\/lt\/wp-json\/wp\/v2\/pages\/10257\/revisions"}],"predecessor-version":[{"id":16500,"href":"https:\/\/moverdb.com\/lt\/wp-json\/wp\/v2\/pages\/10257\/revisions\/16500"}],"up":[{"embeddable":true,"href":"https:\/\/moverdb.com\/lt\/wp-json\/wp\/v2\/pages\/190"}],"wp:featuredmedia":[{"embeddable":true,"href":"https:\/\/moverdb.com\/lt\/wp-json\/wp\/v2\/media\/10115"}],"wp:attachment":[{"href":"https:\/\/moverdb.com\/lt\/wp-json\/wp\/v2\/media?parent=10257"}],"curies":[{"name":"wp","href":"https:\/\/api.w.org\/{rel}","templated":true}]}}