{"id":10255,"date":"2023-11-22T15:17:48","date_gmt":"2023-11-22T15:17:48","guid":{"rendered":"https:\/\/moverdb.com\/?page_id=10255"},"modified":"2026-01-08T15:29:27","modified_gmt":"2026-01-08T15:29:27","slug":"moving-companies-venezuela","status":"publish","type":"page","link":"https:\/\/moverdb.com\/lt\/moving-companies\/moving-companies-venezuela\/","title":{"rendered":"6 Geriausios tarptautin\u0117s perkraustymo \u012fmon\u0117s Venesueloje"},"content":{"rendered":"<p>Persikraustymas gali b\u016bti sud\u0117tingas, ypa\u010d jei kraustot\u0117s \u012f kit\u0105 \u0161al\u012f. Taigi, jei planuojate persikelti \u012f Venesuel\u0105, i\u0161 jos arba i\u0161 jos, galite pasitelkti <a href=\"https:\/\/moverdb.com\/lt\/moving-companies\/\" data-internallinksmanager029f6b8e52c=\"79\" title=\"Top 25 Tarptautin\u0117s perkraustymo \u012fmon\u0117s internete\">perkraustymo \u012fmon\u0117<\/a> pad\u0117ti jums persikraustyti. \u017demiau pateikiame Venesueloje \u012fsik\u016brusi\u0173 <a href=\"https:\/\/moverdb.com\/lt\/international-removals\/\" data-internallinksmanager029f6b8e52c=\"27\" title=\"36 geriausios tarptautinio perkraustymo \u012fmon\u0117s Jungtin\u0117je Karalyst\u0117je\">perkraustymo \u012fmon\u0117s<\/a> kurie yra <a href=\"https:\/\/moverdb.com\/lt\/iam\/\" data-internallinksmanager029f6b8e52c=\"23\" title=\"Tarptautin\u0117s perkraustytoj\u0173 asociacijos (IAM) paai\u0161kinimai\">Tarptautin\u0117 perkraustytoj\u0173 asociacija<\/a> (IAM) ir (arba) <a href=\"https:\/\/moverdb.com\/lt\/fidi-faim\/\" data-internallinksmanager029f6b8e52c=\"16\" title=\"FIDI ir FAIM (FIDI akredituotas tarptautinis perve\u017e\u0117jas) paai\u0161kinimai\">FIDI<\/a> Akredituotas tarptautinis perkraustymas (FAIM), kuris gal\u0117t\u0173 pad\u0117ti jums persikraustyti.<\/p>\n<div id=\"ez-toc-container\" class=\"ez-toc-v2_0_82_2 ez-toc-wrap-left counter-hierarchy ez-toc-counter ez-toc-transparent ez-toc-container-direction\">\n<div class=\"ez-toc-title-container\">\n<p class=\"ez-toc-title\" style=\"cursor:inherit\">Skyriai<\/p>\n<span class=\"ez-toc-title-toggle\"><a href=\"#\" class=\"ez-toc-pull-right ez-toc-btn ez-toc-btn-xs ez-toc-btn-default ez-toc-toggle\" aria-label=\"Perjungti turinio lentel\u0119\"><span class=\"ez-toc-js-icon-con\"><span class=\"\"><span class=\"eztoc-hide\" style=\"display:none;\">Perjungti<\/span><span class=\"ez-toc-icon-toggle-span\"><svg style=\"fill: #999;color:#999\" xmlns=\"http:\/\/www.w3.org\/2000\/svg\" class=\"list-377408\" width=\"20px\" height=\"20px\" viewbox=\"0 0 24 24\" fill=\"none\"><path d=\"M6 6H4v2h2V6zm14 0H8v2h12V6zM4 11h2v2H4v-2zm16 0H8v2h12v-2zM4 16h2v2H4v-2zm16 0H8v2h12v-2z\" fill=\"currentColor\"><\/path><\/svg><svg style=\"fill: #999;color:#999\" class=\"arrow-unsorted-368013\" xmlns=\"http:\/\/www.w3.org\/2000\/svg\" width=\"10px\" height=\"10px\" viewbox=\"0 0 24 24\" version=\"1.2\" baseprofile=\"tiny\"><path d=\"M18.2 9.3l-6.2-6.3-6.2 6.3c-.2.2-.3.4-.3.7s.1.5.3.7c.2.2.4.3.7.3h11c.3 0 .5-.1.7-.3.2-.2.3-.5.3-.7s-.1-.5-.3-.7zM5.8 14.7l6.2 6.3 6.2-6.3c.2-.2.3-.5.3-.7s-.1-.5-.3-.7c-.2-.2-.4-.3-.7-.3h-11c-.3 0-.5.1-.7.3-.2.2-.3.5-.3.7s.1.5.3.7z\"\/><\/svg><\/span><\/span><\/span><\/a><\/span><\/div>\n<nav><ul class='ez-toc-list ez-toc-list-level-1 eztoc-toggle-hide-by-default' ><li class='ez-toc-page-1 ez-toc-heading-level-2'><a class=\"ez-toc-link ez-toc-heading-1\" href=\"https:\/\/moverdb.com\/lt\/moving-companies\/moving-companies-venezuela\/#1_AMP_Movers_International\" >1. AMP Movers International<\/a><\/li><li class='ez-toc-page-1 ez-toc-heading-level-2'><a class=\"ez-toc-link ez-toc-heading-2\" href=\"https:\/\/moverdb.com\/lt\/moving-companies\/moving-companies-venezuela\/#2_Clover_International\" >2. \"Clover International<\/a><\/li><li class='ez-toc-page-1 ez-toc-heading-level-2'><a class=\"ez-toc-link ez-toc-heading-3\" href=\"https:\/\/moverdb.com\/lt\/moving-companies\/moving-companies-venezuela\/#3_Equixpress\" >3. Equixpress<\/a><\/li><li class='ez-toc-page-1 ez-toc-heading-level-2'><a class=\"ez-toc-link ez-toc-heading-4\" href=\"https:\/\/moverdb.com\/lt\/moving-companies\/moving-companies-venezuela\/#4_JJ_Mari_International_Movers\" >4. JJ Mari Tarptautiniai perkraustytojai<\/a><\/li><li class='ez-toc-page-1 ez-toc-heading-level-2'><a class=\"ez-toc-link ez-toc-heading-5\" href=\"https:\/\/moverdb.com\/lt\/moving-companies\/moving-companies-venezuela\/#5_Moving_Life\" >5. Judantis gyvenimas<\/a><\/li><li class='ez-toc-page-1 ez-toc-heading-level-2'><a class=\"ez-toc-link ez-toc-heading-6\" href=\"https:\/\/moverdb.com\/lt\/moving-companies\/moving-companies-venezuela\/#6_Mudanzas_Internacionales_Global\" >6. Mudanzas Internacionales Global<\/a><\/li><\/ul><\/nav><\/div>\n<h2><span class=\"ez-toc-section\" id=\"1_AMP_Movers_International\"><\/span><strong>1. AMP Movers International<\/strong><span class=\"ez-toc-section-end\"><\/span><\/h2>\n<p><img loading=\"lazy\" decoding=\"async\" class=\"alignnone size-full wp-image-10077\" src=\"https:\/\/moverdb.com\/wp-content\/uploads\/AMP-Movers-International-moving-company.png\" alt=\"AMP Movers tarptautin\u0117 judanti \u012fmon\u0117\" width=\"1440\" height=\"680\" data-wp-pid=\"10077\" srcset=\"https:\/\/moverdb.com\/wp-content\/uploads\/AMP-Movers-International-moving-company.png 1440w, https:\/\/moverdb.com\/wp-content\/uploads\/AMP-Movers-International-moving-company-300x142.png 300w, https:\/\/moverdb.com\/wp-content\/uploads\/AMP-Movers-International-moving-company-1024x484.png 1024w, https:\/\/moverdb.com\/wp-content\/uploads\/AMP-Movers-International-moving-company-18x9.png 18w, https:\/\/moverdb.com\/wp-content\/uploads\/AMP-Movers-International-moving-company-600x283.png 600w\" sizes=\"auto, (max-width: 1440px) 100vw, 1440px\" \/><\/p>\n<ul>\n<li>Nacionaliniai judesiai<\/li>\n<li>Tarptautiniai perkraustymai<\/li>\n<li>Nam\u0173 \u016bkio perkraustymai<\/li>\n<li>Pakavimo paslauga<\/li>\n<li>Transporto organizavimas<\/li>\n<li>Muitin\u0117s proced\u016bros<\/li>\n<li>Meno k\u016brini\u0173 tvarkymas<\/li>\n<li>Transporto priemoni\u0173 transportavimas<\/li>\n<li>Draudimas<\/li>\n<li>Sand\u0117liavimo patalpos<\/li>\n<\/ul>\n<p>\"AMP Movers International\" yra nacionalin\u0117 ir tarptautin\u0117 perkraustymo \u012fmon\u0117, turinti daugiau nei 10 met\u0173 patirt\u012f ir \u012fsik\u016brusi Karakase. Jie turi perkraustymo agent\u0173 tinkl\u0105 visame pasaulyje, kurie padeda jiems teikti paslaugas tarptautiniu mastu. Jie yra IAM nariai.<\/p>\n<p>\"AMP Movers International\" si\u016blo individualizuot\u0105 persikraustymo pagalb\u0105, kuri prasideda nuo apklausos prie\u0161 persikraustym\u0105 ir pasi\u016blymo. Jie teikia profesionalias pakavimo paslaugas, kurioms naudojamos specialios pakavimo med\u017eiagos, pritaikytos daiktams, \u012fskaitant papildom\u0105 apsaug\u0105 trapiems daiktams. Atvyk\u0119 jie pad\u0117s i\u0161pakuoti, sud\u0117ti baldus ir i\u0161ve\u017eti med\u017eiagas. Jie taip pat si\u016blo meno k\u016brini\u0173 ir antikvarini\u0173 daikt\u0173 tvarkymo, transporto priemoni\u0173 perve\u017eimo ir saugojimo paslaugas.<\/p>\n<p>Interneto svetain\u0117: <a href=\"http:\/\/www.ampmovers.com\" target=\"_blank\" rel=\"noopener\">http:\/\/www.ampmovers.com<\/a><\/p>\n<h2><span class=\"ez-toc-section\" id=\"2_Clover_International\"><\/span><strong>2. \"Clover International<\/strong><span class=\"ez-toc-section-end\"><\/span><\/h2>\n<p><img loading=\"lazy\" decoding=\"async\" class=\"alignnone size-full wp-image-10094\" src=\"https:\/\/moverdb.com\/wp-content\/uploads\/Clover-International-moving-company.png\" alt=\"&quot;Clover&quot; Tarptautin\u0117 perkraustymo \u012fmon\u0117\" width=\"1440\" height=\"684\" data-wp-pid=\"10094\" srcset=\"https:\/\/moverdb.com\/wp-content\/uploads\/Clover-International-moving-company.png 1440w, https:\/\/moverdb.com\/wp-content\/uploads\/Clover-International-moving-company-300x143.png 300w, https:\/\/moverdb.com\/wp-content\/uploads\/Clover-International-moving-company-1024x486.png 1024w, https:\/\/moverdb.com\/wp-content\/uploads\/Clover-International-moving-company-18x9.png 18w, https:\/\/moverdb.com\/wp-content\/uploads\/Clover-International-moving-company-600x285.png 600w\" sizes=\"auto, (max-width: 1440px) 100vw, 1440px\" \/><\/p>\n<ul>\n<li>Nacionaliniai judesiai<\/li>\n<li>Tarptautiniai perkraustymai<\/li>\n<li>Gyvenam\u0173j\u0173 nam\u0173 perkraustymai<\/li>\n<li>\u012emoni\u0173 ir biur\u0173 perkraustymai<\/li>\n<li>Pakavimo paslauga<\/li>\n<li>Muitin\u0117s valdymas<\/li>\n<li>Gyv\u016bn\u0173 augintini\u0173 ir transporto priemoni\u0173 transportavimas<\/li>\n<li>Valymo paslaugos<\/li>\n<li>Draudimas<\/li>\n<li>Sand\u0117liavimo patalpos<\/li>\n<\/ul>\n<p>\"Clover International\" yra beveik 60 met\u0173 patirt\u012f turinti logistikos ir perkraustymo \u012fmon\u0117, \u012fsik\u016brusi Karakase. Ji yra IAM nar\u0117, turinti 59 met\u0173 patirt\u012f ir akredituota FIDI, o tai rei\u0161kia, kad ji dirba pagal auk\u0161tus standartus ir turi perkraustymo agent\u0173, kurie taip pat dirba tokiu lygiu, tinkl\u0105.<\/p>\n<p>\"Clover International\" si\u016blo specializuotas perkraustymo paslaugas, susijusias su nam\u0173 apyvokos ir verslo daiktais, taip pat naminiais gyv\u016bnais ir transporto priemon\u0117mis Venesueloje, \u012f Venesuel\u0105 ir i\u0161 Venesuelos. Jie pasir\u016bpins j\u016bs\u0173 daikt\u0173 gabenimu \u012f paskirties viet\u0105 ir muitin\u0117s tvarkymu bei draudimu. J\u016bs\u0173 daiktams apsaugoti jie naudoja auk\u0161tos kokyb\u0117s med\u017eiagas ir saugumo standartus.<\/p>\n<p>Interneto svetain\u0117: <a href=\"https:\/\/www.cloverve.com\/\" target=\"_blank\" rel=\"noopener\">https:\/\/www.cloverve.com\/<\/a><\/p>\n<h2><span class=\"ez-toc-section\" id=\"3_Equixpress\"><\/span><strong>3. Equixpress<\/strong><span class=\"ez-toc-section-end\"><\/span><\/h2>\n<p><img loading=\"lazy\" decoding=\"async\" class=\"alignnone size-full wp-image-10112\" src=\"https:\/\/moverdb.com\/wp-content\/uploads\/Equixpress-international-moving-company.png\" alt=\"&quot;Equixpress&quot; tarptautin\u0117 judanti \u012fmon\u0117\" width=\"1440\" height=\"680\" data-wp-pid=\"10112\" srcset=\"https:\/\/moverdb.com\/wp-content\/uploads\/Equixpress-international-moving-company.png 1440w, https:\/\/moverdb.com\/wp-content\/uploads\/Equixpress-international-moving-company-300x142.png 300w, https:\/\/moverdb.com\/wp-content\/uploads\/Equixpress-international-moving-company-1024x484.png 1024w, https:\/\/moverdb.com\/wp-content\/uploads\/Equixpress-international-moving-company-18x9.png 18w, https:\/\/moverdb.com\/wp-content\/uploads\/Equixpress-international-moving-company-600x283.png 600w\" sizes=\"auto, (max-width: 1440px) 100vw, 1440px\" \/><\/p>\n<ul>\n<li>Nacionaliniai judesiai<\/li>\n<li>Tarptautiniai perkraustymai<\/li>\n<li>Nam\u0173 \u016bkio perkraustymai<\/li>\n<li>Komercin\u0117 logistika<\/li>\n<li>Pakavimo paslauga<\/li>\n<li>Oro, j\u016br\u0173 ir sausumos transportas<\/li>\n<li>Muitin\u0117s tarpininkavimas<\/li>\n<li><a href=\"https:\/\/moverdb.com\/lt\/car-transport-shipping\/\" data-internallinksmanager029f6b8e52c=\"2\" title=\"2026 Tarptautinio automobili\u0173 transporto ir transporto priemoni\u0173 gabenimo citatos\">Transporto priemoni\u0173 gabenimas<\/a><\/li>\n<li>Vis\u0173 rizik\u0173 draudimas<\/li>\n<li>Sand\u0117liavimo patalpos<\/li>\n<\/ul>\n<p>\"Equixpress\" yra 1963 m. \u012fkurta tarptautin\u0117 perkraustymo bendrov\u0117, \u012fsik\u016brusi Karakase. Ji yra IAM nar\u0117, turinti 60 met\u0173 patirt\u012f, tod\u0117l gali naudotis tarptautiniu perkraustymo agent\u0173 tinklu ir teikti paslaugas visame pasaulyje.<\/p>\n<p>\"Equixpress\" teikia asmenines perkraustymo paslaugas, kurios apima visus perkraustymo proceso aspektus. Jie saugiai supakuos j\u016bs\u0173 daiktus ir pasir\u016bpins j\u0173 gabenimu \u012f paskirties viet\u0105 oro, j\u016br\u0173 ar keli\u0173 transportu, \u012fskaitant muitin\u0117s tarpininkavim\u0105 ir vis\u0173 rizik\u0173 draudim\u0105. Jie naudoja auk\u0161\u010diausios kokyb\u0117s pakavimo med\u017eiagas ir d\u0117\u017ees, ypating\u0105 d\u0117mes\u012f skiria trapiems daiktams, taip pat pagal u\u017esakym\u0105 gamina medines d\u0117\u017ees.<\/p>\n<p>Interneto svetain\u0117: <a href=\"http:\/\/www.equixpress.com\" target=\"_blank\" rel=\"noopener\">http:\/\/www.equixpress.com<\/a><\/p>\n<h2><span class=\"ez-toc-section\" id=\"4_JJ_Mari_International_Movers\"><\/span><strong>4. JJ Mari Tarptautiniai perkraustytojai<\/strong><span class=\"ez-toc-section-end\"><\/span><\/h2>\n<p><img loading=\"lazy\" decoding=\"async\" class=\"alignnone size-full wp-image-10142\" src=\"https:\/\/moverdb.com\/wp-content\/uploads\/JJ-Mari-International-Movers-moving-company.png\" alt=\"JJ Mari Tarptautiniai Movers juda \u012fmon\u0117\" width=\"1440\" height=\"680\" data-wp-pid=\"10142\" srcset=\"https:\/\/moverdb.com\/wp-content\/uploads\/JJ-Mari-International-Movers-moving-company.png 1440w, https:\/\/moverdb.com\/wp-content\/uploads\/JJ-Mari-International-Movers-moving-company-300x142.png 300w, https:\/\/moverdb.com\/wp-content\/uploads\/JJ-Mari-International-Movers-moving-company-1024x484.png 1024w, https:\/\/moverdb.com\/wp-content\/uploads\/JJ-Mari-International-Movers-moving-company-18x9.png 18w, https:\/\/moverdb.com\/wp-content\/uploads\/JJ-Mari-International-Movers-moving-company-600x283.png 600w\" sizes=\"auto, (max-width: 1440px) 100vw, 1440px\" \/><\/p>\n<ul>\n<li>Vietiniai perkraustymai<\/li>\n<li>Tarptautiniai perkraustymai<\/li>\n<li>Nam\u0173 \u016bkio perkraustymai<\/li>\n<li>\u012emoni\u0173 perkraustymai<\/li>\n<li>Pakavimo paslauga<\/li>\n<li>Oro ir j\u016br\u0173 kroviniai<\/li>\n<li>Muitin\u0117s tarpininkavimas<\/li>\n<li>Meno k\u016brini\u0173 tvarkymas<\/li>\n<li>Transporto priemoni\u0173 perdavimas<\/li>\n<li>Sand\u0117liavimo patalpos<\/li>\n<\/ul>\n<p>\"JJ Mari International Movers\" yra tarptautin\u0117 logistikos ir transporto \u012fmon\u0117, turinti daugiau nei 35 met\u0173 patirt\u012f ir \u012fsik\u016brusi Karakase. Ji yra IAM nar\u0117, turinti 23 met\u0173 patirt\u012f, ir akredituota FIDI, kuri suteikia prieig\u0105 prie tarptautini\u0173 perkraustymo agent\u0173 tinkl\u0173, veikian\u010di\u0173 pagal auk\u0161tus standartus.<\/p>\n<p>\"JJ Mari International Movers\" si\u016blo \"nuo dur\u0173 iki dur\u0173\" perkraustymo paslaugas nam\u0173 \u016bkiams, \u012fmon\u0117ms ir diplomatams. Jie teikia auk\u0161tos kvalifikacijos darbuotojus, kurie supakuos ir i\u0161pakuos j\u016bs\u0173 daiktus ir ypa\u010d r\u016bpinsis trapiais daiktais, \u012fskaitant meno k\u016brinius ir antikvarinius daiktus. Jie pasir\u016bpins tarptautiniu perve\u017eimu oru arba j\u016bra su muitin\u0117s tarpininkavimo paslaugomis, kurios gali apimti ir transporto priemoni\u0173 perve\u017eim\u0105.<\/p>\n<p>Interneto svetain\u0117: <a href=\"http:\/\/www.jjmarimovers.net\" target=\"_blank\" rel=\"noopener\">http:\/\/www.jjmarimovers.net<\/a><\/p>\n<h2><span class=\"ez-toc-section\" id=\"5_Moving_Life\"><\/span><strong>5. Judantis gyvenimas<\/strong><span class=\"ez-toc-section-end\"><\/span><\/h2>\n<p><img loading=\"lazy\" decoding=\"async\" class=\"alignnone size-full wp-image-10160\" src=\"https:\/\/moverdb.com\/wp-content\/uploads\/Moving-Life-international-moving-company.png\" alt=\"Jud\u0117jimas Gyvenimas tarptautinis jud\u0117jimas kompanija\" width=\"1440\" height=\"679\" data-wp-pid=\"10160\" srcset=\"https:\/\/moverdb.com\/wp-content\/uploads\/Moving-Life-international-moving-company.png 1440w, https:\/\/moverdb.com\/wp-content\/uploads\/Moving-Life-international-moving-company-300x141.png 300w, https:\/\/moverdb.com\/wp-content\/uploads\/Moving-Life-international-moving-company-1024x483.png 1024w, https:\/\/moverdb.com\/wp-content\/uploads\/Moving-Life-international-moving-company-18x8.png 18w, https:\/\/moverdb.com\/wp-content\/uploads\/Moving-Life-international-moving-company-600x283.png 600w\" sizes=\"auto, (max-width: 1440px) 100vw, 1440px\" \/><\/p>\n<ul>\n<li>Vietiniai ir nacionaliniai perkraustymai<\/li>\n<li>Tarptautiniai perkraustymai<\/li>\n<li>Nam\u0173 \u016bkio perkraustymai<\/li>\n<li>Biuro perkraustymai<\/li>\n<li>Paslauga \"nuo dur\u0173 iki dur\u0173<\/li>\n<li>Pakavimo paslauga<\/li>\n<li>Oro ir j\u016br\u0173 transportas<\/li>\n<li>Muitin\u0117s proced\u016bros<\/li>\n<li>Meno tvarkymas<\/li>\n<li>Transporto priemoni\u0173 perdavimas<\/li>\n<\/ul>\n<p>\"Moving Life\" yra tarptautin\u0117 perkraustymo \u012fmon\u0117, turinti daugiau nei 19 met\u0173 patirt\u012f ir \u012fsik\u016brusi Karakase. Jai padeda daugiau kaip 2 000 nari\u0173 tinklas, apimantis 170 \u0161ali\u0173 ir teikiantis paslaugas visame pasaulyje. Jie yra IAM nariai, turintys a\u0161tuoneri\u0173 met\u0173 patirt\u012f.<\/p>\n<p>\"Moving Life\" si\u016blo perkraustymo nuo dur\u0173 iki dur\u0173 paslaugas, kurios prasideda nuo apsilankymo prie\u0161 perkraustym\u0105, kad b\u016bt\u0173 nustatyti j\u016bs\u0173 perkraustymo poreikiai. Jie supakuos j\u016bs\u0173 daiktus, naudodami profesionali\u0105, tarptautiniais standartais pripa\u017eint\u0105 technik\u0105, ir sudarys inventori\u0173. Jie pakraus j\u016bs\u0173 supakuotus daiktus \u012f pagal u\u017esakym\u0105 pagamintus medinius furgonus, skirtus gabenti oru, arba metalinius konteinerius, skirtus gabenti j\u016bra, ir atliks muitin\u0117s proced\u016bras.<\/p>\n<p>Interneto svetain\u0117: <a href=\"http:\/\/www.movinglife.com.ve\" target=\"_blank\" rel=\"noopener\">http:\/\/www.movinglife.com.ve<\/a><\/p>\n<h2><span class=\"ez-toc-section\" id=\"6_Mudanzas_Internacionales_Global\"><\/span><strong>6. Mudanzas Internacionales Global<\/strong><span class=\"ez-toc-section-end\"><\/span><\/h2>\n<p><img loading=\"lazy\" decoding=\"async\" class=\"alignnone size-full wp-image-10162\" src=\"https:\/\/moverdb.com\/wp-content\/uploads\/Mudanzas-Internacionales-Global-moving-company.png\" alt=\"Mudanzas Internacionales Pasaulin\u0117 perkraustymo \u012fmon\u0117\" width=\"1440\" height=\"682\" data-wp-pid=\"10162\" srcset=\"https:\/\/moverdb.com\/wp-content\/uploads\/Mudanzas-Internacionales-Global-moving-company.png 1440w, https:\/\/moverdb.com\/wp-content\/uploads\/Mudanzas-Internacionales-Global-moving-company-300x142.png 300w, https:\/\/moverdb.com\/wp-content\/uploads\/Mudanzas-Internacionales-Global-moving-company-1024x485.png 1024w, https:\/\/moverdb.com\/wp-content\/uploads\/Mudanzas-Internacionales-Global-moving-company-18x9.png 18w, https:\/\/moverdb.com\/wp-content\/uploads\/Mudanzas-Internacionales-Global-moving-company-600x284.png 600w\" sizes=\"auto, (max-width: 1440px) 100vw, 1440px\" \/><\/p>\n<ul>\n<li>Vietiniai ir nacionaliniai perkraustymai<\/li>\n<li>Tarptautiniai perkraustymai<\/li>\n<li>Gyvenam\u0173j\u0173 nam\u0173 perkraustymai<\/li>\n<li>Apklausa prie\u0161 persikraustym\u0105<\/li>\n<li>Pakavimo paslauga<\/li>\n<li>Transporto priemon\u0117s<\/li>\n<li>Muitin\u0117s pagalba<\/li>\n<li>Jud\u0117jimo steb\u0117jimas<\/li>\n<li>Atitinka tarptautinius standartus<\/li>\n<li>Laikinas saugojimas<\/li>\n<\/ul>\n<p>\"Mudanzas Internacionales Global\" yra 1988 m. \u012fkurta perkraustymo \u012fmon\u0117, \u012fsik\u016brusi Karakase. Ji yra IAM nar\u0117, turinti 35 met\u0173 patirt\u012f ir akredituota FIDI. \u0160i naryst\u0117 leid\u017eia jiems bendradarbiauti su tarptautini\u0173 perkraustymo \u012fmoni\u0173 tinklu, kuris padeda atlikti perkraustymo darbus visame pasaulyje.<\/p>\n<p>\"Mudanzas Internacionales Global\" si\u016blo asmenines perkraustymo paslaugas, kurios atitinka tarptautinius standartus. Jie si\u016blo preliminari\u0105 apklaus\u0105, kad \u012fvertint\u0173 j\u016bs\u0173 persikraustymo poreikius ir pateikt\u0173 rekomendacijas d\u0117l geriausi\u0173 persikraustymo variant\u0173. Patyr\u0119 pakuotojai naudos geriausios kokyb\u0117s pakavimo med\u017eiagas, atitinkan\u010dias tarptautinius reikalavimus, kad apsaugot\u0173 j\u016bs\u0173 daiktus.<\/p>\n<p>Interneto svetain\u0117: <a href=\"http:\/\/www.miglobal.com\" target=\"_blank\" rel=\"noopener\">http:\/\/www.miglobal.com<\/a><\/p>","protected":false},"excerpt":{"rendered":"<p>Moving can be complex especially if you are moving country. So, if you are planning on moving within, to or from Venezuela, then you may want to engage a moving company to assist you with your move. Below we have compiled a list of Venezuela based removal companies that are members of the International Association [&hellip;]<\/p>\n","protected":false},"author":4,"featured_media":10077,"parent":190,"menu_order":0,"comment_status":"closed","ping_status":"closed","template":"","meta":{"_genesis_hide_title":false,"_genesis_hide_breadcrumbs":false,"_genesis_hide_singular_image":false,"_genesis_hide_footer_widgets":false,"_genesis_custom_body_class":"","_genesis_custom_post_class":"","_genesis_layout":"","footnotes":""},"class_list":{"0":"post-10255","1":"page","2":"type-page","3":"status-publish","4":"has-post-thumbnail","6":"entry"},"_links":{"self":[{"href":"https:\/\/moverdb.com\/lt\/wp-json\/wp\/v2\/pages\/10255","targetHints":{"allow":["GET"]}}],"collection":[{"href":"https:\/\/moverdb.com\/lt\/wp-json\/wp\/v2\/pages"}],"about":[{"href":"https:\/\/moverdb.com\/lt\/wp-json\/wp\/v2\/types\/page"}],"author":[{"embeddable":true,"href":"https:\/\/moverdb.com\/lt\/wp-json\/wp\/v2\/users\/4"}],"replies":[{"embeddable":true,"href":"https:\/\/moverdb.com\/lt\/wp-json\/wp\/v2\/comments?post=10255"}],"version-history":[{"count":1,"href":"https:\/\/moverdb.com\/lt\/wp-json\/wp\/v2\/pages\/10255\/revisions"}],"predecessor-version":[{"id":10256,"href":"https:\/\/moverdb.com\/lt\/wp-json\/wp\/v2\/pages\/10255\/revisions\/10256"}],"up":[{"embeddable":true,"href":"https:\/\/moverdb.com\/lt\/wp-json\/wp\/v2\/pages\/190"}],"wp:featuredmedia":[{"embeddable":true,"href":"https:\/\/moverdb.com\/lt\/wp-json\/wp\/v2\/media\/10077"}],"wp:attachment":[{"href":"https:\/\/moverdb.com\/lt\/wp-json\/wp\/v2\/media?parent=10255"}],"curies":[{"name":"wp","href":"https:\/\/api.w.org\/{rel}","templated":true}]}}