{"id":10253,"date":"2023-06-22T15:36:35","date_gmt":"2023-06-22T15:36:35","guid":{"rendered":"https:\/\/moverdb.com\/?page_id=10253"},"modified":"2026-01-08T15:23:53","modified_gmt":"2026-01-08T15:23:53","slug":"moving-companies-uzbekistan","status":"publish","type":"page","link":"https:\/\/moverdb.com\/lt\/moving-companies\/moving-companies-uzbekistan\/","title":{"rendered":"2 Geriausios tarptautin\u0117s perkraustymo \u012fmon\u0117s Uzbekistane"},"content":{"rendered":"<p>Ar planuojate persikelti \u012f Uzbekistan\u0105, i\u0161 jo arba i\u0161 jo? Tuomet kreipkit\u0117s \u012f <a href=\"https:\/\/moverdb.com\/lt\/moving-companies\/\" data-internallinksmanager029f6b8e52c=\"79\" title=\"Top 25 Tarptautin\u0117s perkraustymo \u012fmon\u0117s internete\">perkraustymo \u012fmon\u0117<\/a> kurie gali pad\u0117ti jums supakuoti, organizuoti transport\u0105 ir sutvarkyti muitin\u0117s formalumus tarptautinio persikraustymo atveju, gali labai palengvinti j\u016bs\u0173 persikraustym\u0105. Toliau pateikiame Uzbekistane \u012fsik\u016brusi\u0173 <a href=\"https:\/\/moverdb.com\/lt\/international-removals\/\" data-internallinksmanager029f6b8e52c=\"27\" title=\"36 geriausios tarptautinio perkraustymo \u012fmon\u0117s Jungtin\u0117je Karalyst\u0117je\">perkraustymo \u012fmon\u0117s<\/a> kurie yra <a href=\"https:\/\/moverdb.com\/lt\/iam\/\" data-internallinksmanager029f6b8e52c=\"23\" title=\"Tarptautin\u0117s perkraustytoj\u0173 asociacijos (IAM) paai\u0161kinimai\">Tarptautin\u0117 perkraustytoj\u0173 asociacija<\/a> (IAM) ir (arba) <a href=\"https:\/\/moverdb.com\/lt\/fidi-faim\/\" data-internallinksmanager029f6b8e52c=\"16\" title=\"FIDI ir FAIM (FIDI akredituotas tarptautinis perve\u017e\u0117jas) paai\u0161kinimai\">FIDI<\/a> Akredituotas tarptautinis perkraustymas (FAIM), kuris gal\u0117t\u0173 pad\u0117ti jums persikraustyti.<\/p>\n<h2><strong>1. Pirmas \u017eingsnis<\/strong><\/h2>\n<p><img loading=\"lazy\" decoding=\"async\" class=\"alignnone size-full wp-image-10159\" src=\"https:\/\/moverdb.com\/wp-content\/uploads\/Move-One-international-moving-company-1.png\" alt=\"Move One tarptautin\u0117 judanti \u012fmon\u0117\" width=\"1440\" height=\"676\" data-wp-pid=\"10159\" srcset=\"https:\/\/moverdb.com\/wp-content\/uploads\/Move-One-international-moving-company-1.png 1440w, https:\/\/moverdb.com\/wp-content\/uploads\/Move-One-international-moving-company-1-300x141.png 300w, https:\/\/moverdb.com\/wp-content\/uploads\/Move-One-international-moving-company-1-1024x481.png 1024w, https:\/\/moverdb.com\/wp-content\/uploads\/Move-One-international-moving-company-1-18x8.png 18w, https:\/\/moverdb.com\/wp-content\/uploads\/Move-One-international-moving-company-1-600x282.png 600w\" sizes=\"auto, (max-width: 1440px) 100vw, 1440px\" \/><\/p>\n<ul>\n<li>Nacionaliniai judesiai<\/li>\n<li>Tarptautiniai perkraustymai<\/li>\n<li>Nam\u0173 \u016bkio perkraustymai<\/li>\n<li>Komercin\u0117 logistika<\/li>\n<li>Perkraustymo paslaugos<\/li>\n<li>Pakavimo paslauga<\/li>\n<li>Transporto priemon\u0117s<\/li>\n<li>Muitin\u0117s pagalba<\/li>\n<li>Gyv\u016bn\u0173 augintini\u0173 ir transporto priemoni\u0173 transportavimas<\/li>\n<li>Sand\u0117liavimo patalpos<\/li>\n<\/ul>\n<p>\"Move One\" yra 1992 m. \u012fkurta logistikos, perkraustymo ir pasaulini\u0173 mobilumo sprendim\u0173 bendrov\u0117, turinti daugiau kaip 80 biur\u0173 Ryt\u0173 Europoje, Afrikoje, Artimuosiuose Rytuose, Balkanuose ir NVS \u0161alyse. Jos biuras Uzbekistane yra Ta\u0161kente. Jie turi biur\u0173 ir agent\u0173, teikian\u010di\u0173 tarptautines paslaugas, tinkl\u0105. Jie yra IAM nariai, dirbantys septynerius metus.<\/p>\n<p>\"Move One\" koordinuos j\u016bs\u0173 persikraustym\u0105 ir u\u017etikrins skland\u0173 jo eig\u0105, teikdama pakavimo, transportavimo ir muitin\u0117s paslaugas. Jie si\u016blo papildomas paslaugas, \u012fskaitant leidimus ir vizas, gyv\u016bn\u0173 gabenim\u0105, automobili\u0173 gabenim\u0105, perteklinio baga\u017eo gabenim\u0105 ir saugojim\u0105. Perkraustymo paslaugos apima nam\u0173 ir mokykl\u0173 paie\u0161k\u0105, laikin\u0105 apgyvendinim\u0105, orientavim\u0105 ir \u012fsik\u016brimo pagalb\u0105.<\/p>\n<p>Interneto svetain\u0117: <a href=\"https:\/\/www.moveoneinc.com\" target=\"_blank\" rel=\"noopener\">https:\/\/www.moveoneinc.com<\/a><\/p>\n<h2><strong>2. Gosselin<\/strong><\/h2>\n<p><img loading=\"lazy\" decoding=\"async\" class=\"alignnone size-full wp-image-10132\" src=\"https:\/\/moverdb.com\/wp-content\/uploads\/Gosselin-Uzbekistan-international-moving-company.png\" alt=\"Gosselin Uzbekistanas tarptautinis jud\u0117jimo \u012fmon\u0117\" width=\"1440\" height=\"680\" data-wp-pid=\"10132\" srcset=\"https:\/\/moverdb.com\/wp-content\/uploads\/Gosselin-Uzbekistan-international-moving-company.png 1440w, https:\/\/moverdb.com\/wp-content\/uploads\/Gosselin-Uzbekistan-international-moving-company-300x142.png 300w, https:\/\/moverdb.com\/wp-content\/uploads\/Gosselin-Uzbekistan-international-moving-company-1024x484.png 1024w, https:\/\/moverdb.com\/wp-content\/uploads\/Gosselin-Uzbekistan-international-moving-company-18x9.png 18w, https:\/\/moverdb.com\/wp-content\/uploads\/Gosselin-Uzbekistan-international-moving-company-600x283.png 600w\" sizes=\"auto, (max-width: 1440px) 100vw, 1440px\" \/><\/p>\n<ul>\n<li>Nacionaliniai judesiai<\/li>\n<li>Tarptautiniai perkraustymai<\/li>\n<li>Nam\u0173 \u016bkio perkraustymai<\/li>\n<li>Biuro perkraustymai<\/li>\n<li>Paslauga \"nuo dur\u0173 iki dur\u0173<\/li>\n<li>Pakavimo paslauga<\/li>\n<li>Transporto priemon\u0117s<\/li>\n<li>Daili\u0173j\u0173 men\u0173 judesiai<\/li>\n<li>Automobilio ir namini\u0173 gyv\u016bn\u0117li\u0173 perkraustymas<\/li>\n<li>Saugojimo sprendimai<\/li>\n<\/ul>\n<p>\"Gosselin\" yra 1930 m. \u012fkurta tarptautin\u0117 perkraustymo bendrov\u0117, turinti biurus 34 \u0161alyse Europoje, Kaukaze ir Centrin\u0117je Azijoje, \u012fskaitant Ta\u0161kent\u0105 Uzbekistane. Teikdama tarptautines paslaugas, ji naudojasi savo biurais ir perkraustymo partneri\u0173 tinklu visame pasaulyje. Ji yra IAM nar\u0117.<\/p>\n<p>\"Gosselin\" si\u016blo perkraustymo nuo dur\u0173 iki dur\u0173 paslaugas, kurias teikia profesional\u016bs perkraustytojai, padedantys jums persikelti \u012f bet kuri\u0105 pasaulio viet\u0105. Jie saugiai supakuos j\u016bs\u0173 daiktus, i\u0161montuos ir surinks baldus bei i\u0161pakuos atvykus. Jie naudoja ekologi\u0161kas pakavimo med\u017eiagas ir apima transporto draudim\u0105. Jie si\u016blo papildomas paslaugas, \u012fskaitant meno k\u016brini\u0173 tvarkym\u0105, <a href=\"https:\/\/moverdb.com\/lt\/car-transport-shipping\/\" data-internallinksmanager029f6b8e52c=\"2\" title=\"2026 Tarptautinio automobili\u0173 transporto ir transporto priemoni\u0173 gabenimo citatos\">automobili\u0173 gabenimas<\/a>, namini\u0173 gyv\u016bn\u0117li\u0173 perkraustymo ir saugojimo sprendimai.<\/p>\n<p>Interneto svetain\u0117: <a href=\"https:\/\/gosselin-moving.com\/uzbekistan\" target=\"_blank\" rel=\"noopener\">https:\/\/gosselin-moving.com\/uzbekistan<\/a><\/p>","protected":false},"excerpt":{"rendered":"<p>Are you planning on moving within, to or from Uzbekistan? Then engaging a moving company who can assist you with packing, arranging transport and handling customs for international moves can really ease your move. Below we have compiled a list of Uzbekistan based removal companies that are members of the International Association of Movers (IAM) [&hellip;]<\/p>\n","protected":false},"author":4,"featured_media":10159,"parent":190,"menu_order":0,"comment_status":"closed","ping_status":"closed","template":"","meta":{"_genesis_hide_title":false,"_genesis_hide_breadcrumbs":false,"_genesis_hide_singular_image":false,"_genesis_hide_footer_widgets":false,"_genesis_custom_body_class":"","_genesis_custom_post_class":"","_genesis_layout":"","footnotes":""},"class_list":{"0":"post-10253","1":"page","2":"type-page","3":"status-publish","4":"has-post-thumbnail","6":"entry"},"_links":{"self":[{"href":"https:\/\/moverdb.com\/lt\/wp-json\/wp\/v2\/pages\/10253","targetHints":{"allow":["GET"]}}],"collection":[{"href":"https:\/\/moverdb.com\/lt\/wp-json\/wp\/v2\/pages"}],"about":[{"href":"https:\/\/moverdb.com\/lt\/wp-json\/wp\/v2\/types\/page"}],"author":[{"embeddable":true,"href":"https:\/\/moverdb.com\/lt\/wp-json\/wp\/v2\/users\/4"}],"replies":[{"embeddable":true,"href":"https:\/\/moverdb.com\/lt\/wp-json\/wp\/v2\/comments?post=10253"}],"version-history":[{"count":1,"href":"https:\/\/moverdb.com\/lt\/wp-json\/wp\/v2\/pages\/10253\/revisions"}],"predecessor-version":[{"id":10254,"href":"https:\/\/moverdb.com\/lt\/wp-json\/wp\/v2\/pages\/10253\/revisions\/10254"}],"up":[{"embeddable":true,"href":"https:\/\/moverdb.com\/lt\/wp-json\/wp\/v2\/pages\/190"}],"wp:featuredmedia":[{"embeddable":true,"href":"https:\/\/moverdb.com\/lt\/wp-json\/wp\/v2\/media\/10159"}],"wp:attachment":[{"href":"https:\/\/moverdb.com\/lt\/wp-json\/wp\/v2\/media?parent=10253"}],"curies":[{"name":"wp","href":"https:\/\/api.w.org\/{rel}","templated":true}]}}