{"id":10242,"date":"2023-06-22T15:43:24","date_gmt":"2023-06-22T15:43:24","guid":{"rendered":"https:\/\/moverdb.com\/?page_id=10242"},"modified":"2026-05-15T15:00:52","modified_gmt":"2026-05-15T15:00:52","slug":"moving-companies-uganda","status":"publish","type":"page","link":"https:\/\/moverdb.com\/lt\/moving-companies\/moving-companies-uganda\/","title":{"rendered":"4 Geriausios tarptautin\u0117s perkraustymo \u012fmon\u0117s Ugandoje"},"content":{"rendered":"<p>Perkraustyti namus ar \u012fmon\u0119 Ugandoje, \u012f Ugand\u0105 ir i\u0161 jos gali b\u016bti sud\u0117tinga, tod\u0117l kreipkit\u0117s pagalbos \u012f <a href=\"https:\/\/moverdb.com\/lt\/moving-companies\/\" data-internallinksmanager029f6b8e52c=\"79\" title=\"Top 25 Tarptautin\u0117s perkraustymo \u012fmon\u0117s internete\">perkraustymo \u012fmon\u0117<\/a> gali tur\u0117ti didel\u0119 reik\u0161m\u0119. Jie gali pad\u0117ti pakuoti, organizuoti transportavim\u0105 ir tvarkyti importo ir eksporto reikalus. Toliau pateikiame Ugandoje \u012fsik\u016brusi\u0173 <a href=\"https:\/\/moverdb.com\/lt\/international-removals\/\" data-internallinksmanager029f6b8e52c=\"27\" title=\"36 geriausios tarptautinio perkraustymo \u012fmon\u0117s Jungtin\u0117je Karalyst\u0117je\">perkraustymo \u012fmon\u0117s<\/a> kurie yra <a href=\"https:\/\/moverdb.com\/lt\/iam\/\" data-internallinksmanager029f6b8e52c=\"23\" title=\"Tarptautin\u0117s perkraustytoj\u0173 asociacijos (IAM) paai\u0161kinimai\">Tarptautin\u0117 perkraustytoj\u0173 asociacija<\/a> (IAM) ir (arba) <a href=\"https:\/\/moverdb.com\/lt\/fidi-faim\/\" data-internallinksmanager029f6b8e52c=\"16\" title=\"FIDI ir FAIM (FIDI akredituotas tarptautinis perve\u017e\u0117jas) paai\u0161kinimai\">FIDI<\/a> Akredituotas tarptautinis perkraustymas (FAIM), kuris gal\u0117t\u0173 pad\u0117ti jums persikraustyti.<\/p>\n<div id=\"ez-toc-container\" class=\"ez-toc-v2_0_83 ez-toc-wrap-left counter-hierarchy ez-toc-counter ez-toc-transparent ez-toc-container-direction\">\n<div class=\"ez-toc-title-container\">\n<p class=\"ez-toc-title\" style=\"cursor:inherit\">Skyriai<\/p>\n<span class=\"ez-toc-title-toggle\"><a href=\"#\" class=\"ez-toc-pull-right ez-toc-btn ez-toc-btn-xs ez-toc-btn-default ez-toc-toggle\" aria-label=\"Perjungti turinio lentel\u0119\"><span class=\"ez-toc-js-icon-con\"><span class=\"\"><span class=\"eztoc-hide\" style=\"display:none;\">Perjungti<\/span><span class=\"ez-toc-icon-toggle-span\"><svg style=\"fill: #999;color:#999\" xmlns=\"http:\/\/www.w3.org\/2000\/svg\" class=\"list-377408\" width=\"20px\" height=\"20px\" viewbox=\"0 0 24 24\" fill=\"none\"><path d=\"M6 6H4v2h2V6zm14 0H8v2h12V6zM4 11h2v2H4v-2zm16 0H8v2h12v-2zM4 16h2v2H4v-2zm16 0H8v2h12v-2z\" fill=\"currentColor\"><\/path><\/svg><svg style=\"fill: #999;color:#999\" class=\"arrow-unsorted-368013\" xmlns=\"http:\/\/www.w3.org\/2000\/svg\" width=\"10px\" height=\"10px\" viewbox=\"0 0 24 24\" version=\"1.2\" baseprofile=\"tiny\"><path d=\"M18.2 9.3l-6.2-6.3-6.2 6.3c-.2.2-.3.4-.3.7s.1.5.3.7c.2.2.4.3.7.3h11c.3 0 .5-.1.7-.3.2-.2.3-.5.3-.7s-.1-.5-.3-.7zM5.8 14.7l6.2 6.3 6.2-6.3c.2-.2.3-.5.3-.7s-.1-.5-.3-.7c-.2-.2-.4-.3-.7-.3h-11c-.3 0-.5.1-.7.3-.2.2-.3.5-.3.7s.1.5.3.7z\"\/><\/svg><\/span><\/span><\/span><\/a><\/span><\/div>\n<nav><ul class='ez-toc-list ez-toc-list-level-1 eztoc-toggle-hide-by-default' ><li class='ez-toc-page-1 ez-toc-heading-level-2'><a class=\"ez-toc-link ez-toc-heading-1\" href=\"https:\/\/moverdb.com\/lt\/moving-companies\/moving-companies-uganda\/#1_JVK\" >1. JVK<\/a><\/li><li class='ez-toc-page-1 ez-toc-heading-level-2'><a class=\"ez-toc-link ez-toc-heading-2\" href=\"https:\/\/moverdb.com\/lt\/moving-companies\/moving-companies-uganda\/#2_Nellions\" >2. Nellions<\/a><\/li><li class='ez-toc-page-1 ez-toc-heading-level-2'><a class=\"ez-toc-link ez-toc-heading-3\" href=\"https:\/\/moverdb.com\/lt\/moving-companies\/moving-companies-uganda\/#3_Uni_Movers\" >3. Uni Movers<\/a><\/li><li class='ez-toc-page-1 ez-toc-heading-level-2'><a class=\"ez-toc-link ez-toc-heading-4\" href=\"https:\/\/moverdb.com\/lt\/moving-companies\/moving-companies-uganda\/#4_Worldwide_Movers_Africa\" >4. Visuotiniai perkraustytojai Afrika<\/a><\/li><\/ul><\/nav><\/div>\n<h2><span class=\"ez-toc-section\" id=\"1_JVK\"><\/span><strong>1. JVK<\/strong><span class=\"ez-toc-section-end\"><\/span><\/h2>\n<p><img loading=\"lazy\" decoding=\"async\" class=\"alignnone size-full wp-image-10144\" src=\"https:\/\/moverdb.com\/wp-content\/uploads\/JVK-Uganda-international-moving-company.png\" alt=\"JVK Uganda tarptautin\u0117 jud\u0117jimo \u012fmon\u0117\" width=\"1440\" height=\"680\" data-wp-pid=\"10144\" srcset=\"https:\/\/moverdb.com\/wp-content\/uploads\/JVK-Uganda-international-moving-company.png 1440w, https:\/\/moverdb.com\/wp-content\/uploads\/JVK-Uganda-international-moving-company-300x142.png 300w, https:\/\/moverdb.com\/wp-content\/uploads\/JVK-Uganda-international-moving-company-1024x484.png 1024w, https:\/\/moverdb.com\/wp-content\/uploads\/JVK-Uganda-international-moving-company-18x9.png 18w, https:\/\/moverdb.com\/wp-content\/uploads\/JVK-Uganda-international-moving-company-600x283.png 600w\" sizes=\"auto, (max-width: 1440px) 100vw, 1440px\" \/><\/p>\n<ul>\n<li>Nacionaliniai judesiai<\/li>\n<li>Tarptautiniai perkraustymai<\/li>\n<li>Nam\u0173 \u016bkio perkraustymai<\/li>\n<li>Biuro perkraustymai<\/li>\n<li>Pakavimo paslauga<\/li>\n<li>Gabenimas keliais, j\u016bra ir oru<\/li>\n<li>Dokumentacijos palaikymas<\/li>\n<li><a href=\"https:\/\/moverdb.com\/lt\/car-transport-shipping\/\" data-internallinksmanager029f6b8e52c=\"2\" title=\"2026 Tarptautinio automobili\u0173 transporto ir transporto priemoni\u0173 gabenimo citatos\">Transporto priemoni\u0173 gabenimas<\/a><\/li>\n<li>Vis\u0173 rizik\u0173 draudimas<\/li>\n<li>Saugus saugojimas<\/li>\n<\/ul>\n<p>\"JVK\" yra 1979 m. Bankoke \u012fkurta tarptautin\u0117 perkraustymo bendrov\u0117, turinti daugiau kaip 50 biur\u0173 Afrikoje, Azijoje ir Ramiojo vandenyno regione, \u012fskaitant Kampal\u0105 Ugandoje. Jie turi ry\u0161i\u0173 biurus ir pageidaujamus perkraustymo partnerius tose vietov\u0117se, kuriose nevykdo veiklos. Ji yra IAM nar\u0117.<\/p>\n<p>JVK si\u016blo apklaus\u0105 prie\u0161 perkraustym\u0105, kad \u012fvertint\u0173 j\u016bs\u0173 pakavimo reikalavimus ir parengt\u0173 perkraustymo nuo dur\u0173 iki dur\u0173 pasi\u016blym\u0105. Jie supakuos ir supakuos j\u016bs\u0173 daiktus saugiam perve\u017eimui, naudodami auk\u0161tos kokyb\u0117s pakavimo med\u017eiagas ir specialias d\u0117\u017ees trapiems daiktams. Jie pasir\u016bpins daikt\u0173 gabenimu sausuma, j\u016bra arba oru \u012f paskirties viet\u0105, juos apdraus vis\u0173 rizik\u0173 draudimu ir suteiks muitin\u0117s pagalb\u0105.<\/p>\n<p>Interneto svetain\u0117: <a href=\"https:\/\/jvkafrica.com\/country\/uganda\/\" target=\"_blank\" rel=\"noopener\">https:\/\/jvkafrica.com\/country\/uganda\/<\/a><\/p>\n<h2><span class=\"ez-toc-section\" id=\"2_Nellions\"><\/span><strong>2. Nellions<\/strong><span class=\"ez-toc-section-end\"><\/span><\/h2>\n<p><img loading=\"lazy\" decoding=\"async\" class=\"alignnone size-full wp-image-10164\" src=\"https:\/\/moverdb.com\/wp-content\/uploads\/Nellions-Uganda-international-moving-company.png\" alt=\"Nellions Uganda tarptautin\u0117 jud\u0117jimo \u012fmon\u0117\" width=\"1440\" height=\"681\" data-wp-pid=\"10164\" srcset=\"https:\/\/moverdb.com\/wp-content\/uploads\/Nellions-Uganda-international-moving-company.png 1440w, https:\/\/moverdb.com\/wp-content\/uploads\/Nellions-Uganda-international-moving-company-300x142.png 300w, https:\/\/moverdb.com\/wp-content\/uploads\/Nellions-Uganda-international-moving-company-1024x484.png 1024w, https:\/\/moverdb.com\/wp-content\/uploads\/Nellions-Uganda-international-moving-company-18x9.png 18w, https:\/\/moverdb.com\/wp-content\/uploads\/Nellions-Uganda-international-moving-company-600x284.png 600w\" sizes=\"auto, (max-width: 1440px) 100vw, 1440px\" \/><\/p>\n<ul>\n<li>Vietiniai ir nacionaliniai perkraustymai<\/li>\n<li>Tarptautiniai perk\u0117limai<\/li>\n<li>Nam\u0173 \u016bkio perkraustymai<\/li>\n<li>Biuro perkraustymai<\/li>\n<li>Individualus aptarnavimas<\/li>\n<li>Paslauga \"nuo dur\u0173 iki dur\u0173<\/li>\n<li>Krovini\u0173 gabenimas oro, j\u016br\u0173 ir keli\u0173 transportu<\/li>\n<li>Muitin\u0117s pagalba<\/li>\n<li>Transporto priemon\u0117s perk\u0117limas<\/li>\n<li>Saugojimo paslaugos<\/li>\n<\/ul>\n<p>\"Nellions\" yra jud\u0117jimo ir perk\u0117limo \u012fmon\u0117, turinti biurus <a href=\"https:\/\/moverdb.com\/lt\/moving-companies\/moving-companies-kenya\/\" data-internallinksmanager029f6b8e52c=\"305\" title=\"4 Geriausios tarptautin\u0117s perkraustymo \u012fmon\u0117s Kenijoje\">Kenija<\/a> ir Ugandoje. Ugandos biuras yra Kampaloje ir buvo \u012fkurtas 2015 m. Jie bendradarbiauja su patikimais partneriais, kurie buvo patikrinti, kad gal\u0117t\u0173 teikti paslaugas u\u017e Ugandos rib\u0173. Jie yra IAM nariai, dirbantys ketverius metus.<\/p>\n<p>\"Nellions\" teikia individualias persikraustymo paslaugas, kurias teikia \"Move Consultants\", padedantys jums viso persikraustymo metu, pradedant \u012fvertinimu prie\u0161 persikraustym\u0105 asmeni\u0161kai arba virtualiai. Jie teikia \"nuo dur\u0173 iki dur\u0173\", \"nuo dur\u0173 iki dur\u0173\" ir \"nuo dur\u0173 iki dur\u0173\" paslaugas.<a href=\"https:\/\/moverdb.com\/lt\/top-49-container-ports\/\" data-internallinksmanager029f6b8e52c=\"80\" title=\"49 did\u017eiausi ir labiausiai apkrauti konteineri\u0173 uostai 2025 m.\">uostas<\/a> ir \"nuo uosto iki dur\u0173\" galimyb\u0117s, siun\u010diant krovinius oro, j\u016br\u0173 ir keli\u0173 transportu bei teikiant muitin\u0117s pagalb\u0105. Si\u016blomos pilnos ir ma\u017eiau nei pilnos konteineri\u0173 siuntos bei grupinio gabenimo galimyb\u0117s.<\/p>\n<p>Interneto svetain\u0117: <a href=\"https:\/\/nellions.co.ug\/\" target=\"_blank\" rel=\"noopener\">https:\/\/nellions.co.ug\/<\/a><\/p>\n<h2><span class=\"ez-toc-section\" id=\"3_Uni_Movers\"><\/span><strong>3. Uni Movers<\/strong><span class=\"ez-toc-section-end\"><\/span><\/h2>\n<p><img loading=\"lazy\" decoding=\"async\" class=\"alignnone size-full wp-image-10199\" src=\"https:\/\/moverdb.com\/wp-content\/uploads\/Uni-Movers-international-moving-company.png\" alt=\"&quot;Uni Movers&quot; tarptautin\u0117 judanti \u012fmon\u0117\" width=\"1440\" height=\"670\" data-wp-pid=\"10199\" srcset=\"https:\/\/moverdb.com\/wp-content\/uploads\/Uni-Movers-international-moving-company.png 1440w, https:\/\/moverdb.com\/wp-content\/uploads\/Uni-Movers-international-moving-company-300x140.png 300w, https:\/\/moverdb.com\/wp-content\/uploads\/Uni-Movers-international-moving-company-1024x476.png 1024w, https:\/\/moverdb.com\/wp-content\/uploads\/Uni-Movers-international-moving-company-18x8.png 18w, https:\/\/moverdb.com\/wp-content\/uploads\/Uni-Movers-international-moving-company-600x279.png 600w\" sizes=\"auto, (max-width: 1440px) 100vw, 1440px\" \/><\/p>\n<ul>\n<li>Nacionaliniai perkraustymai<\/li>\n<li>Tarptautiniai perk\u0117limai<\/li>\n<li>Gyvenam\u0173j\u0173 patalp\u0173 perkraustymas<\/li>\n<li>Verslo perkraustymai<\/li>\n<li>Pakavimo paslauga<\/li>\n<li>Transportas keliais, j\u016bra ir oru<\/li>\n<li>Muitinis \u012fforminimas<\/li>\n<li>Transporto priemon\u0117s perk\u0117limas<\/li>\n<li>Draudimas<\/li>\n<li>Trumpalaikis ir ilgalaikis saugojimas<\/li>\n<\/ul>\n<p>\"Uni Movers\" - tai pakavimo ir perkraustymo \u012fmon\u0117, teikianti nacionalinio ir tarptautinio perkraustymo paslaugas, \u012fsik\u016brusi Kampaloje. Jie yra IAM nariai, dirbantys 16 met\u0173, o tai suteikia jiems prieig\u0105 prie tarptautinio perkraustymo \u012fmoni\u0173 tinklo.<\/p>\n<p>\"Uni Movers\" si\u016blo nam\u0173 ir \u012fmoni\u0173 perkraustymo paslaugas, kurios gali apimti ir j\u016bs\u0173 transporto priemoni\u0173 perve\u017eim\u0105. Jie pad\u0117s jums visais persikraustymo aspektais, \u012fskaitant saug\u0173 daikt\u0173 supakavim\u0105, transportavimo organizavim\u0105 ir muitin\u012f \u012fforminim\u0105. Jie si\u016blo papildomas paslaugas, \u012fskaitant komunalines, elektros ir santechnikos paslaugas, b\u016bsto paie\u0161k\u0105, deratizacij\u0105, valymo paslaugas, draudim\u0105 ir sand\u0117liavim\u0105.<\/p>\n<p>Interneto svetain\u0117: <a href=\"https:\/\/www.unimoversug.com\/\" target=\"_blank\" rel=\"noopener\">https:\/\/www.unimoversug.com\/<\/a><\/p>\n<h2><span class=\"ez-toc-section\" id=\"4_Worldwide_Movers_Africa\"><\/span><strong>4. Visuotiniai perkraustytojai Afrika<\/strong><span class=\"ez-toc-section-end\"><\/span><\/h2>\n<p><img loading=\"lazy\" decoding=\"async\" class=\"alignnone size-full wp-image-10208\" src=\"https:\/\/moverdb.com\/wp-content\/uploads\/Worldwide-Movers-Africa-Uganda-international-moving-company.png\" alt=\"Worldwide Movers Afrika Uganda tarptautinis judantis kompanija\" width=\"1440\" height=\"682\" data-wp-pid=\"10208\" srcset=\"https:\/\/moverdb.com\/wp-content\/uploads\/Worldwide-Movers-Africa-Uganda-international-moving-company.png 1440w, https:\/\/moverdb.com\/wp-content\/uploads\/Worldwide-Movers-Africa-Uganda-international-moving-company-300x142.png 300w, https:\/\/moverdb.com\/wp-content\/uploads\/Worldwide-Movers-Africa-Uganda-international-moving-company-1024x485.png 1024w, https:\/\/moverdb.com\/wp-content\/uploads\/Worldwide-Movers-Africa-Uganda-international-moving-company-18x9.png 18w, https:\/\/moverdb.com\/wp-content\/uploads\/Worldwide-Movers-Africa-Uganda-international-moving-company-600x284.png 600w\" sizes=\"auto, (max-width: 1440px) 100vw, 1440px\" \/><\/p>\n<ul>\n<li>Vietiniai ir nacionaliniai perkraustymai<\/li>\n<li>Tarptautiniai perkraustymai<\/li>\n<li>Nam\u0173 \u016bkio perkraustymai<\/li>\n<li>Biuro perkraustymai<\/li>\n<li>Pakavimo paslauga<\/li>\n<li>Keli\u0173, j\u016br\u0173 ir oro transportas<\/li>\n<li>Muitinis \u012fforminimas<\/li>\n<li>Gyv\u016bno augintinio perk\u0117limas<\/li>\n<li>Draudimas<\/li>\n<li>Sand\u0117liavimo patalpos<\/li>\n<\/ul>\n<p>\"Worldwide Movers Africa\" yra tarptautin\u0117 perkraustymo bendrov\u0117, \u012fkurta 1993 m. Tanzanijoje ir turinti biurus 16 Afrikos \u0161ali\u0173, \u012fskaitant 1997 m. atidaryt\u0105 Kampal\u0105 Ugandoje. Jie turi agent\u016br\u0173 tinklo partnerius, padedan\u010dius atlikti tarptautinius perkraustymus. Jie yra IAM nariai, dirbantys 26 metus, ir yra akredituoti FIDI.<\/p>\n<p>\"Worldwide Movers Africa\" si\u016blo \"nuo dur\u0173 iki dur\u0173\" perkraustymo paslaugas su profesionaliai apmokytais pakuotojais, kurie naudoja auk\u0161tos kokyb\u0117s pakavimo med\u017eiagas, kad apsaugot\u0173 j\u016bs\u0173 daiktus. Jie pasir\u016bpins saugiu j\u016bs\u0173 daikt\u0173 gabenimu keliais, j\u016bra ar oru, i\u0161muitinimu ir draudimu. Jie taip pat padeda persikelti j\u016bs\u0173 augintin\u012f, rasti b\u016bst\u0105 ir mokykl\u0105 bei orientuotis.<\/p>\n<p>Interneto svetain\u0117: <a href=\"https:\/\/www.worldwidemoversafrica.com\/\" target=\"_blank\" rel=\"noopener\">https:\/\/www.worldwidemoversafrica.com\/<\/a><\/p>","protected":false},"excerpt":{"rendered":"<p>Moving your home or company within, to and from Uganda can be complicated so enlisting the assistance of a moving company can make a big difference. They can assist with packing, transport arrangements and import\/export handling. Below we have compiled a list of Uganda based removal companies that are members of the International Association of [&hellip;]<\/p>\n","protected":false},"author":4,"featured_media":10144,"parent":190,"menu_order":0,"comment_status":"closed","ping_status":"closed","template":"","meta":{"_genesis_hide_title":false,"_genesis_hide_breadcrumbs":false,"_genesis_hide_singular_image":false,"_genesis_hide_footer_widgets":false,"_genesis_custom_body_class":"","_genesis_custom_post_class":"","_genesis_layout":"","footnotes":""},"class_list":{"0":"post-10242","1":"page","2":"type-page","3":"status-publish","4":"has-post-thumbnail","6":"entry"},"_links":{"self":[{"href":"https:\/\/moverdb.com\/lt\/wp-json\/wp\/v2\/pages\/10242","targetHints":{"allow":["GET"]}}],"collection":[{"href":"https:\/\/moverdb.com\/lt\/wp-json\/wp\/v2\/pages"}],"about":[{"href":"https:\/\/moverdb.com\/lt\/wp-json\/wp\/v2\/types\/page"}],"author":[{"embeddable":true,"href":"https:\/\/moverdb.com\/lt\/wp-json\/wp\/v2\/users\/4"}],"replies":[{"embeddable":true,"href":"https:\/\/moverdb.com\/lt\/wp-json\/wp\/v2\/comments?post=10242"}],"version-history":[{"count":1,"href":"https:\/\/moverdb.com\/lt\/wp-json\/wp\/v2\/pages\/10242\/revisions"}],"predecessor-version":[{"id":10243,"href":"https:\/\/moverdb.com\/lt\/wp-json\/wp\/v2\/pages\/10242\/revisions\/10243"}],"up":[{"embeddable":true,"href":"https:\/\/moverdb.com\/lt\/wp-json\/wp\/v2\/pages\/190"}],"wp:featuredmedia":[{"embeddable":true,"href":"https:\/\/moverdb.com\/lt\/wp-json\/wp\/v2\/media\/10144"}],"wp:attachment":[{"href":"https:\/\/moverdb.com\/lt\/wp-json\/wp\/v2\/media?parent=10242"}],"curies":[{"name":"wp","href":"https:\/\/api.w.org\/{rel}","templated":true}]}}