{"id":10229,"date":"2023-06-22T15:48:08","date_gmt":"2023-06-22T15:48:08","guid":{"rendered":"https:\/\/moverdb.com\/?page_id=10229"},"modified":"2026-01-08T15:30:22","modified_gmt":"2026-01-08T15:30:22","slug":"moving-companies-tanzania","status":"publish","type":"page","link":"https:\/\/moverdb.com\/lt\/moving-companies\/moving-companies-tanzania\/","title":{"rendered":"Geriausios tarptautin\u0117s perkraustymo \u012fmon\u0117s Tanzanijoje"},"content":{"rendered":"<p>Jei persikeliate \u012f Tanzanij\u0105 arba i\u0161 jos, galb\u016bt nor\u0117site kreiptis pagalbos \u012f <a href=\"https:\/\/moverdb.com\/lt\/moving-companies\/\" data-internallinksmanager029f6b8e52c=\"79\" title=\"Top 25 Tarptautin\u0117s perkraustymo \u012fmon\u0117s internete\">perkraustymo \u012fmon\u0117<\/a> kuris gali pad\u0117ti jums supakuoti, organizuoti siuntim\u0105 ir sutvarkyti muitin\u0117s formalumus. Toliau pateikiame Tanzanijoje \u012fsik\u016brusi\u0173 <a href=\"https:\/\/moverdb.com\/lt\/international-removals\/\" data-internallinksmanager029f6b8e52c=\"27\" title=\"36 geriausios tarptautinio perkraustymo \u012fmon\u0117s Jungtin\u0117je Karalyst\u0117je\">perkraustymo \u012fmon\u0117s<\/a> kurie yra <a href=\"https:\/\/moverdb.com\/lt\/iam\/\" data-internallinksmanager029f6b8e52c=\"23\" title=\"Tarptautin\u0117s perkraustytoj\u0173 asociacijos (IAM) paai\u0161kinimai\">Tarptautin\u0117 perkraustytoj\u0173 asociacija<\/a> (IAM) ir (arba) <a href=\"https:\/\/moverdb.com\/lt\/fidi-faim\/\" data-internallinksmanager029f6b8e52c=\"16\" title=\"FIDI ir FAIM (FIDI akredituotas tarptautinis perve\u017e\u0117jas) paai\u0161kinimai\">FIDI<\/a> Akredituot\u0173 tarptautini\u0173 perkraustymo paslaug\u0173 teik\u0117j\u0173 (FAIM), kurie gal\u0117t\u0173 pad\u0117ti jums persikraustyti.<\/p>\n<h2><strong>\"Giraffe Intermovers &amp; Logistics<\/strong><\/h2>\n<figure id=\"attachment_10230\" aria-describedby=\"caption-attachment-10230\" style=\"width: 1440px\" class=\"wp-caption alignnone\"><img loading=\"lazy\" decoding=\"async\" class=\"size-full wp-image-10230\" src=\"https:\/\/moverdb.com\/wp-content\/uploads\/Giraffe-Intermovers-Logistics-international-moving-company.png\" alt=\"&quot;Giraffe Intermovers &amp; Logistics&quot; tarptautin\u0117 perkraustymo \u012fmon\u0117\" width=\"1440\" height=\"708\" data-wp-pid=\"10230\" srcset=\"https:\/\/moverdb.com\/wp-content\/uploads\/Giraffe-Intermovers-Logistics-international-moving-company.png 1440w, https:\/\/moverdb.com\/wp-content\/uploads\/Giraffe-Intermovers-Logistics-international-moving-company-300x148.png 300w, https:\/\/moverdb.com\/wp-content\/uploads\/Giraffe-Intermovers-Logistics-international-moving-company-1024x503.png 1024w, https:\/\/moverdb.com\/wp-content\/uploads\/Giraffe-Intermovers-Logistics-international-moving-company-18x9.png 18w, https:\/\/moverdb.com\/wp-content\/uploads\/Giraffe-Intermovers-Logistics-international-moving-company-600x295.png 600w\" sizes=\"auto, (max-width: 1440px) 100vw, 1440px\" \/><figcaption id=\"caption-attachment-10230\" class=\"wp-caption-text\">\"Giraffe Intermovers &amp; Logistics\" tarptautin\u0117 perkraustymo \u012fmon\u0117<\/figcaption><\/figure>\n<ul>\n<li>Nacionaliniai judesiai<\/li>\n<li>Tarptautiniai perkraustymai<\/li>\n<li>Nam\u0173 \u016bkio perkraustymai<\/li>\n<li>Biuro perkraustymai<\/li>\n<li>Pakavimo paslauga<\/li>\n<li>Ve\u017eimas oru, j\u016bra arba sausuma<\/li>\n<li>Muitinis \u012fforminimas<\/li>\n<li>Paskirties paslaugos<\/li>\n<li>Gyv\u016bn\u0173 augintini\u0173 judesiai<\/li>\n<li>Sand\u0117liavimo patalpos<\/li>\n<\/ul>\n<p>\"Giraffe Intermovers &amp; Logistics\" - tai Kinondoni mieste \u012fsik\u016brusi perkraustymo paslaug\u0173 \u012fmon\u0117, teikianti paslaugas nam\u0173 \u016bkiams ir \u012fmon\u0117ms. Ji yra IAM nar\u0117, dirbanti ketverius metus ir turinti prieig\u0105 prie tarptautinio perkraustymo \u012fmoni\u0173 tinklo.<\/p>\n<p>\"Giraffe Intermovers &amp; Logistics\" si\u016blo persikraustymo paslaugas, kurios pad\u0117s jums persikraustant, \u012fskaitant konsultacijas prie\u0161 persikraustym\u0105. Jie teikia tarptautinius standartus atitinkan\u010dias eksporto pakavimo paslaugas. Jie pasir\u016bpins perve\u017eimu oru, j\u016bra ir sausuma, taip pat pad\u0117s atlikti importo ir eksporto muitin\u012f \u012fforminim\u0105 ir <a href=\"https:\/\/moverdb.com\/lt\/top-49-container-ports\/\" data-internallinksmanager029f6b8e52c=\"80\" title=\"49 did\u017eiausi ir labiausiai apkrauti konteineri\u0173 uostai 2025 m.\">uostas<\/a> kliringas. Kelion\u0117s vietoje jie pasir\u016bpina i\u0161pakavimu ir \u012frengimu.<\/p>\n<p>Interneto svetain\u0117: <a href=\"http:\/\/giraffeintermovers.com\/\" target=\"_blank\" rel=\"noopener\">http:\/\/giraffeintermovers.com\/<\/a><\/p>","protected":false},"excerpt":{"rendered":"<p>If you are moving within, to or from Tanzania you might want to get some assistance from a moving company who can help you with packing, arranging shipment and customs formalities for your belongings. Below we have compiled a list of Tanzania based removal companies that are members of the International Association of Movers (IAM) [&hellip;]<\/p>\n","protected":false},"author":4,"featured_media":10230,"parent":190,"menu_order":0,"comment_status":"closed","ping_status":"closed","template":"","meta":{"_genesis_hide_title":false,"_genesis_hide_breadcrumbs":false,"_genesis_hide_singular_image":false,"_genesis_hide_footer_widgets":false,"_genesis_custom_body_class":"","_genesis_custom_post_class":"","_genesis_layout":"","footnotes":""},"class_list":{"0":"post-10229","1":"page","2":"type-page","3":"status-publish","4":"has-post-thumbnail","6":"entry"},"_links":{"self":[{"href":"https:\/\/moverdb.com\/lt\/wp-json\/wp\/v2\/pages\/10229","targetHints":{"allow":["GET"]}}],"collection":[{"href":"https:\/\/moverdb.com\/lt\/wp-json\/wp\/v2\/pages"}],"about":[{"href":"https:\/\/moverdb.com\/lt\/wp-json\/wp\/v2\/types\/page"}],"author":[{"embeddable":true,"href":"https:\/\/moverdb.com\/lt\/wp-json\/wp\/v2\/users\/4"}],"replies":[{"embeddable":true,"href":"https:\/\/moverdb.com\/lt\/wp-json\/wp\/v2\/comments?post=10229"}],"version-history":[{"count":1,"href":"https:\/\/moverdb.com\/lt\/wp-json\/wp\/v2\/pages\/10229\/revisions"}],"predecessor-version":[{"id":10231,"href":"https:\/\/moverdb.com\/lt\/wp-json\/wp\/v2\/pages\/10229\/revisions\/10231"}],"up":[{"embeddable":true,"href":"https:\/\/moverdb.com\/lt\/wp-json\/wp\/v2\/pages\/190"}],"wp:featuredmedia":[{"embeddable":true,"href":"https:\/\/moverdb.com\/lt\/wp-json\/wp\/v2\/media\/10230"}],"wp:attachment":[{"href":"https:\/\/moverdb.com\/lt\/wp-json\/wp\/v2\/media?parent=10229"}],"curies":[{"name":"wp","href":"https:\/\/api.w.org\/{rel}","templated":true}]}}