{"id":10225,"date":"2023-06-22T15:49:55","date_gmt":"2023-06-22T15:49:55","guid":{"rendered":"https:\/\/moverdb.com\/?page_id=10225"},"modified":"2026-01-08T15:30:18","modified_gmt":"2026-01-08T15:30:18","slug":"moving-companies-taiwan","status":"publish","type":"page","link":"https:\/\/moverdb.com\/lt\/moving-companies\/moving-companies-taiwan\/","title":{"rendered":"Geriausios tarptautin\u0117s perkraustymo \u012fmon\u0117s Taivane"},"content":{"rendered":"<p>Jei galvojate apie persikraustym\u0105, galite apsvarstyti galimyb\u0119 pasinaudoti <a href=\"https:\/\/moverdb.com\/lt\/moving-companies\/\" data-internallinksmanager029f6b8e52c=\"79\" title=\"Top 25 Tarptautin\u0117s perkraustymo \u012fmon\u0117s internete\">perkraustymo \u012fmon\u0117<\/a> pad\u0117ti jums pakuoti, organizuoti transportavim\u0105 ir vykdyti eksporto\/importo reikalavimus, jei kraustot\u0117s \u012f u\u017esien\u012f. Toliau pateikiame Taivane \u012fsik\u016brusi\u0173 <a href=\"https:\/\/moverdb.com\/lt\/international-removals\/\" data-internallinksmanager029f6b8e52c=\"27\" title=\"36 geriausios tarptautinio perkraustymo \u012fmon\u0117s Jungtin\u0117je Karalyst\u0117je\">perkraustymo \u012fmon\u0117s<\/a> kurie yra <a href=\"https:\/\/moverdb.com\/lt\/iam\/\" data-internallinksmanager029f6b8e52c=\"23\" title=\"Tarptautin\u0117s perkraustytoj\u0173 asociacijos (IAM) paai\u0161kinimai\">Tarptautin\u0117 perkraustytoj\u0173 asociacija<\/a> (IAM) ir (arba) <a href=\"https:\/\/moverdb.com\/lt\/fidi-faim\/\" data-internallinksmanager029f6b8e52c=\"16\" title=\"FIDI ir FAIM (FIDI akredituotas tarptautinis perve\u017e\u0117jas) paai\u0161kinimai\">FIDI<\/a> Akredituotas tarptautinis perkraustymas (FAIM), kuris gal\u0117t\u0173 pad\u0117ti jums persikraustyti.<\/p>\n<h2><strong>\"Crown Van Lines<\/strong><\/h2>\n<p><img loading=\"lazy\" decoding=\"async\" class=\"alignnone size-full wp-image-10095\" src=\"https:\/\/moverdb.com\/wp-content\/uploads\/Crown-Van-Lines-Taiwan-international-moving-company.png\" alt=\"&quot;Crown Van Lines&quot; Taivano tarptautin\u0117 jud\u0117jimo \u012fmon\u0117\" width=\"1440\" height=\"682\" data-wp-pid=\"10095\" srcset=\"https:\/\/moverdb.com\/wp-content\/uploads\/Crown-Van-Lines-Taiwan-international-moving-company.png 1440w, https:\/\/moverdb.com\/wp-content\/uploads\/Crown-Van-Lines-Taiwan-international-moving-company-300x142.png 300w, https:\/\/moverdb.com\/wp-content\/uploads\/Crown-Van-Lines-Taiwan-international-moving-company-1024x485.png 1024w, https:\/\/moverdb.com\/wp-content\/uploads\/Crown-Van-Lines-Taiwan-international-moving-company-18x9.png 18w, https:\/\/moverdb.com\/wp-content\/uploads\/Crown-Van-Lines-Taiwan-international-moving-company-600x284.png 600w\" sizes=\"auto, (max-width: 1440px) 100vw, 1440px\" \/><\/p>\n<ul>\n<li>Nacionaliniai perkraustymai<\/li>\n<li>Tarptautinis perkraustymas<\/li>\n<li>Nam\u0173 \u016bki\u0173 perkraustymas<\/li>\n<li>Verslo paslaugos<\/li>\n<li>Perkraustymo paslaugos<\/li>\n<li>Pakavimo paslauga<\/li>\n<li>Sausumos, j\u016br\u0173 ir oro transportas<\/li>\n<li>Muitin\u0117s tarpininkavimas<\/li>\n<li>Gyv\u016bno augintinio perk\u0117limas<\/li>\n<li>Sand\u0117liavimo patalpos<\/li>\n<\/ul>\n<p>\"Crown Van Lines\" yra 1979 m. \u012fkurta tarptautin\u0117 perkraustymo bendrov\u0117, \u012fsik\u016brusi Taip\u0117juje. Ji turi patikim\u0105 agent\u0173 tinkl\u0105 visame pasaulyje, padedant\u012f atlikti tarptautinius perkraustymus. Jie yra IAM nariai, dirbantys 44 metus, ir yra akredituoti FIDI.<\/p>\n<p>\"Crown Van Lines\" si\u016blo pakavimo ir pristatymo nuo dur\u0173 iki dur\u0173 paslaugas, kurias teikia patyr\u0119 pakuotojai. Jie si\u016blo auk\u0161tos kokyb\u0117s pakuotes, kad apsaugot\u0173 j\u016bs\u0173 daiktus perve\u017eimo metu, ir pasir\u016bpins transportavimu sausuma, j\u016bra ar oru su muitin\u0117s tarpininkavimu. Jie taip pat gali pad\u0117ti jums pasiimti su savimi naminius gyv\u016bnus. Jie si\u016blo persikraustymo paslaugas, kurios apima nam\u0173 ir mokykl\u0173 paie\u0161k\u0105, medicinin\u0119 pagalb\u0105 ir orientavim\u0105.<\/p>\n<p>Interneto svetain\u0117: <a href=\"http:\/\/www.crownvan.com\/\" target=\"_blank\" rel=\"noopener\">http:\/\/www.crownvan.com\/<\/a><\/p>\n<h2>Kiti naudingi vadovai apie Taivan\u0105<\/h2>\n<ul>\n<li> <a href=\"https:\/\/moverdb.com\/lt\/konteineriu-kroviniu-gabenimas\/taivanas\/\">2024 J\u016br\u0173 krovini\u0173 gabenimo konteineriais \u012f Taivan\u0105 ir i\u0161 jo tarifai<\/a><\/li>\n<li> <a href=\"https:\/\/moverdb.com\/lt\/living-in-taiwan\/\">21 paslaptis apie gyvenim\u0105 Taivane, kurias reikia \u017einoti prie\u0161 persikeliant<\/a><\/li>\n<\/ul>","protected":false},"excerpt":{"rendered":"<p>If you are thinking about moving then you might want to consider engaging the services of a moving company to assist you with packing, transportation arrangements and export\/import requirements if moving abroad. Below we have compiled a list of Taiwan based removal companies that are members of the International Association of Movers (IAM) and\/or FIDI [&hellip;]<\/p>\n","protected":false},"author":4,"featured_media":10095,"parent":190,"menu_order":0,"comment_status":"closed","ping_status":"closed","template":"","meta":{"_genesis_hide_title":false,"_genesis_hide_breadcrumbs":false,"_genesis_hide_singular_image":false,"_genesis_hide_footer_widgets":false,"_genesis_custom_body_class":"","_genesis_custom_post_class":"","_genesis_layout":"","footnotes":""},"class_list":{"0":"post-10225","1":"page","2":"type-page","3":"status-publish","4":"has-post-thumbnail","6":"entry"},"_links":{"self":[{"href":"https:\/\/moverdb.com\/lt\/wp-json\/wp\/v2\/pages\/10225","targetHints":{"allow":["GET"]}}],"collection":[{"href":"https:\/\/moverdb.com\/lt\/wp-json\/wp\/v2\/pages"}],"about":[{"href":"https:\/\/moverdb.com\/lt\/wp-json\/wp\/v2\/types\/page"}],"author":[{"embeddable":true,"href":"https:\/\/moverdb.com\/lt\/wp-json\/wp\/v2\/users\/4"}],"replies":[{"embeddable":true,"href":"https:\/\/moverdb.com\/lt\/wp-json\/wp\/v2\/comments?post=10225"}],"version-history":[{"count":3,"href":"https:\/\/moverdb.com\/lt\/wp-json\/wp\/v2\/pages\/10225\/revisions"}],"predecessor-version":[{"id":18286,"href":"https:\/\/moverdb.com\/lt\/wp-json\/wp\/v2\/pages\/10225\/revisions\/18286"}],"up":[{"embeddable":true,"href":"https:\/\/moverdb.com\/lt\/wp-json\/wp\/v2\/pages\/190"}],"wp:featuredmedia":[{"embeddable":true,"href":"https:\/\/moverdb.com\/lt\/wp-json\/wp\/v2\/media\/10095"}],"wp:attachment":[{"href":"https:\/\/moverdb.com\/lt\/wp-json\/wp\/v2\/media?parent=10225"}],"curies":[{"name":"wp","href":"https:\/\/api.w.org\/{rel}","templated":true}]}}