{"id":10215,"date":"2023-06-22T15:54:43","date_gmt":"2023-06-22T15:54:43","guid":{"rendered":"https:\/\/moverdb.com\/?page_id=10215"},"modified":"2026-01-08T15:29:29","modified_gmt":"2026-01-08T15:29:29","slug":"moving-companies-sri-lanka","status":"publish","type":"page","link":"https:\/\/moverdb.com\/lt\/moving-companies\/moving-companies-sri-lanka\/","title":{"rendered":"7 Geriausios tarptautin\u0117s perkraustymo \u012fmon\u0117s \u0160ri Lankoje"},"content":{"rendered":"<p>Ar planuojate persikraustyti? Tuomet galb\u016bt nor\u0117site pasinaudoti <a href=\"https:\/\/moverdb.com\/lt\/moving-companies\/\" data-internallinksmanager029f6b8e52c=\"79\" title=\"Top 25 Tarptautin\u0117s perkraustymo \u012fmon\u0117s internete\">perkraustymo \u012fmon\u0117<\/a> nes jie gali pad\u0117ti pakuoti, transportuoti ir tvarkyti muitin\u0117s formalumus persikeliant \u012f u\u017esien\u012f. Toliau pateikiame \u0160ri Lankoje \u012fsik\u016brusi\u0173 <a href=\"https:\/\/moverdb.com\/lt\/international-removals\/\" data-internallinksmanager029f6b8e52c=\"27\" title=\"36 geriausios tarptautinio perkraustymo \u012fmon\u0117s Jungtin\u0117je Karalyst\u0117je\">perkraustymo \u012fmon\u0117s<\/a> kurie yra <a href=\"https:\/\/moverdb.com\/lt\/iam\/\" data-internallinksmanager029f6b8e52c=\"23\" title=\"Tarptautin\u0117s perkraustytoj\u0173 asociacijos (IAM) paai\u0161kinimai\">Tarptautin\u0117 perkraustytoj\u0173 asociacija<\/a> (IAM) ir (arba) <a href=\"https:\/\/moverdb.com\/lt\/fidi-faim\/\" data-internallinksmanager029f6b8e52c=\"16\" title=\"FIDI ir FAIM (FIDI akredituotas tarptautinis perve\u017e\u0117jas) paai\u0161kinimai\">FIDI<\/a> Akredituotas tarptautinis perkraustymas (FAIM), kuris gal\u0117t\u0173 pad\u0117ti jums persikraustyti.<\/p>\n<div id=\"ez-toc-container\" class=\"ez-toc-v2_0_82_2 ez-toc-wrap-left counter-hierarchy ez-toc-counter ez-toc-transparent ez-toc-container-direction\">\n<div class=\"ez-toc-title-container\">\n<p class=\"ez-toc-title\" style=\"cursor:inherit\">Skyriai<\/p>\n<span class=\"ez-toc-title-toggle\"><a href=\"#\" class=\"ez-toc-pull-right ez-toc-btn ez-toc-btn-xs ez-toc-btn-default ez-toc-toggle\" aria-label=\"Perjungti turinio lentel\u0119\"><span class=\"ez-toc-js-icon-con\"><span class=\"\"><span class=\"eztoc-hide\" style=\"display:none;\">Perjungti<\/span><span class=\"ez-toc-icon-toggle-span\"><svg style=\"fill: #999;color:#999\" xmlns=\"http:\/\/www.w3.org\/2000\/svg\" class=\"list-377408\" width=\"20px\" height=\"20px\" viewbox=\"0 0 24 24\" fill=\"none\"><path d=\"M6 6H4v2h2V6zm14 0H8v2h12V6zM4 11h2v2H4v-2zm16 0H8v2h12v-2zM4 16h2v2H4v-2zm16 0H8v2h12v-2z\" fill=\"currentColor\"><\/path><\/svg><svg style=\"fill: #999;color:#999\" class=\"arrow-unsorted-368013\" xmlns=\"http:\/\/www.w3.org\/2000\/svg\" width=\"10px\" height=\"10px\" viewbox=\"0 0 24 24\" version=\"1.2\" baseprofile=\"tiny\"><path d=\"M18.2 9.3l-6.2-6.3-6.2 6.3c-.2.2-.3.4-.3.7s.1.5.3.7c.2.2.4.3.7.3h11c.3 0 .5-.1.7-.3.2-.2.3-.5.3-.7s-.1-.5-.3-.7zM5.8 14.7l6.2 6.3 6.2-6.3c.2-.2.3-.5.3-.7s-.1-.5-.3-.7c-.2-.2-.4-.3-.7-.3h-11c-.3 0-.5.1-.7.3-.2.2-.3.5-.3.7s.1.5.3.7z\"\/><\/svg><\/span><\/span><\/span><\/a><\/span><\/div>\n<nav><ul class='ez-toc-list ez-toc-list-level-1 eztoc-toggle-hide-by-default' ><li class='ez-toc-page-1 ez-toc-heading-level-2'><a class=\"ez-toc-link ez-toc-heading-1\" href=\"https:\/\/moverdb.com\/lt\/moving-companies\/moving-companies-sri-lanka\/#1_Aitken_Spence\" >1. Aitken Spence<\/a><\/li><li class='ez-toc-page-1 ez-toc-heading-level-2'><a class=\"ez-toc-link ez-toc-heading-2\" href=\"https:\/\/moverdb.com\/lt\/moving-companies\/moving-companies-sri-lanka\/#2_Asian_Movers\" >2. Azijos jud\u0117jimas<\/a><\/li><li class='ez-toc-page-1 ez-toc-heading-level-2'><a class=\"ez-toc-link ez-toc-heading-3\" href=\"https:\/\/moverdb.com\/lt\/moving-companies\/moving-companies-sri-lanka\/#3_Don_Carolis_Sons\" >3. \"Don Carolis &amp; Sons<\/a><\/li><li class='ez-toc-page-1 ez-toc-heading-level-2'><a class=\"ez-toc-link ez-toc-heading-4\" href=\"https:\/\/moverdb.com\/lt\/moving-companies\/moving-companies-sri-lanka\/#4_Horizon_Relocations\" >4. Horizon perk\u0117limai<\/a><\/li><li class='ez-toc-page-1 ez-toc-heading-level-2'><a class=\"ez-toc-link ez-toc-heading-5\" href=\"https:\/\/moverdb.com\/lt\/moving-companies\/moving-companies-sri-lanka\/#5_Trans_World_Movers\" >5. \"Trans World Movers<\/a><\/li><li class='ez-toc-page-1 ez-toc-heading-level-2'><a class=\"ez-toc-link ez-toc-heading-6\" href=\"https:\/\/moverdb.com\/lt\/moving-companies\/moving-companies-sri-lanka\/#6_Trans-Global_Relocations\" >6. Tarptautiniai perk\u0117limai<\/a><\/li><li class='ez-toc-page-1 ez-toc-heading-level-2'><a class=\"ez-toc-link ez-toc-heading-7\" href=\"https:\/\/moverdb.com\/lt\/moving-companies\/moving-companies-sri-lanka\/#7_Worldwide_Movers\" >7. Visame pasaulyje<\/a><\/li><\/ul><\/nav><\/div>\n<h2><span class=\"ez-toc-section\" id=\"1_Aitken_Spence\"><\/span><strong>1. Aitken Spence<\/strong><span class=\"ez-toc-section-end\"><\/span><\/h2>\n<p><img loading=\"lazy\" decoding=\"async\" class=\"alignnone size-full wp-image-10071\" src=\"https:\/\/moverdb.com\/wp-content\/uploads\/Aitken-Spence-international-moving-company.png\" alt=\"&quot;Aitken Spence&quot; tarptautin\u0117 perkraustymo \u012fmon\u0117\" width=\"1440\" height=\"676\" data-wp-pid=\"10071\" srcset=\"https:\/\/moverdb.com\/wp-content\/uploads\/Aitken-Spence-international-moving-company.png 1440w, https:\/\/moverdb.com\/wp-content\/uploads\/Aitken-Spence-international-moving-company-300x141.png 300w, https:\/\/moverdb.com\/wp-content\/uploads\/Aitken-Spence-international-moving-company-1024x481.png 1024w, https:\/\/moverdb.com\/wp-content\/uploads\/Aitken-Spence-international-moving-company-18x8.png 18w, https:\/\/moverdb.com\/wp-content\/uploads\/Aitken-Spence-international-moving-company-600x282.png 600w\" sizes=\"auto, (max-width: 1440px) 100vw, 1440px\" \/><\/p>\n<ul>\n<li>Nacionaliniai judesiai<\/li>\n<li>Tarptautiniai perkraustymai<\/li>\n<li>Nam\u0173 \u016bkio perkraustymai<\/li>\n<li>\u012emon\u0117s logistika<\/li>\n<li>Parod\u0173 paslaugos<\/li>\n<li>Kompleksiniai sprendimai<\/li>\n<li>Krovini\u0173 gabenimas oru, j\u016bra ir sausuma<\/li>\n<li>Muitinis \u012fforminimas<\/li>\n<li>Gyv\u016bn\u0173 augintini\u0173 perk\u0117limas<\/li>\n<li>Sand\u0117liavimo patalpos<\/li>\n<\/ul>\n<p>\"Aitken Spence\" yra \u012fvairi\u0173 sektori\u0173 \u012fmon\u0117, veikianti nuo 1868 m. ir dirbanti a\u0161tuoniose \u0161alyse, \u012fskaitant Kolomb\u0105 \u0160ri Lankoje. Jos krovini\u0173 ekspedijavimo veikla apima perkraustym\u0105 ir perk\u0117lim\u0105. Jie naudojasi savo filialais ir pasauliniu prekybos ir logistikos \u012fmoni\u0173 tinklu, kuris jiems padeda. Jie yra IAM nariai, dirbantys 44 metus.<\/p>\n<p>\"Aitken Spence\", veikianti visame pasaulyje, si\u016blo kompleksinius integruotus sprendimus. Jie teikia nesud\u0117tingas perkraustymo ir perk\u0117limo paslaugas nam\u0173 savininkams, persikeliantiems \u012f bet kuri\u0105 pasaulio viet\u0105. Jie gali perve\u017eti j\u016bs\u0173 daiktus ir augintinius \u012f naujus namus. Jie pasir\u016bpins perve\u017eimu su muitin\u0117s formalumais.<\/p>\n<p>Interneto svetain\u0117: <a href=\"http:\/\/www.acecargo.lk\" target=\"_blank\" rel=\"noopener\">http:\/\/www.acecargo.lk<\/a><\/p>\n<h2><span class=\"ez-toc-section\" id=\"2_Asian_Movers\"><\/span><strong>2. Azijos jud\u0117jimas<\/strong><span class=\"ez-toc-section-end\"><\/span><\/h2>\n<p><img loading=\"lazy\" decoding=\"async\" class=\"alignnone size-full wp-image-10079\" src=\"https:\/\/moverdb.com\/wp-content\/uploads\/Asian-Movers-international-moving-company.png\" alt=\"Azijos Movers tarptautinis jud\u0117jimas kompanija\" width=\"1440\" height=\"681\" data-wp-pid=\"10079\" srcset=\"https:\/\/moverdb.com\/wp-content\/uploads\/Asian-Movers-international-moving-company.png 1440w, https:\/\/moverdb.com\/wp-content\/uploads\/Asian-Movers-international-moving-company-300x142.png 300w, https:\/\/moverdb.com\/wp-content\/uploads\/Asian-Movers-international-moving-company-1024x484.png 1024w, https:\/\/moverdb.com\/wp-content\/uploads\/Asian-Movers-international-moving-company-18x9.png 18w, https:\/\/moverdb.com\/wp-content\/uploads\/Asian-Movers-international-moving-company-600x284.png 600w\" sizes=\"auto, (max-width: 1440px) 100vw, 1440px\" \/><\/p>\n<ul>\n<li>Vietiniai ir nacionaliniai perkraustymai<\/li>\n<li>Tarptautiniai perkraustymai<\/li>\n<li>Nam\u0173 \u016bkio perkraustymai<\/li>\n<li>\u012emoni\u0173 ir biur\u0173 perkraustymai<\/li>\n<li>Paslauga \"nuo dur\u0173 iki dur\u0173<\/li>\n<li>Pakavimo paslauga<\/li>\n<li>Keli\u0173, j\u016br\u0173 ir oro transportas<\/li>\n<li>Muitinis \u012fforminimas<\/li>\n<li>Draudimas<\/li>\n<li>Saugojimo sprendimai<\/li>\n<\/ul>\n<p>\"Asian Movers\" yra individualizuot\u0173 jud\u0117jimo sprendim\u0173 bendrov\u0117, \u012fkurta \u0160ri Lankoje ir <a href=\"https:\/\/moverdb.com\/lt\/moving-to-the-maldives\/\" data-internallinksmanager029f6b8e52c=\"387\" title=\"Keliaujate \u012f Maldyvus? 2023 Gyvenimo i\u0161laidos ir persik\u0117limo patarimai\">Maldyvai<\/a> 2013 m. D\u0117l naryst\u0117s tarptautin\u0117se perkraustymo asociacijose j\u0173 paslaugos teikiamos visame pasaulyje. Jie yra IAM nariai jau 10 met\u0173.<\/p>\n<p>\"Asian Movers\" si\u016blo individualiai pritaikytas perkraustymo paslaugas, nesvarbu, ar jums reikia vis\u0173 perkraustymo paslaug\u0173, ar tik sunkve\u017eimio ir perkraustytoj\u0173. J\u0173 paslauga \"nuo dur\u0173 iki dur\u0173\" gali apimti vis\u0173 j\u016bs\u0173 daikt\u0173 saug\u0173 supakavim\u0105 ir inventoriaus sudarym\u0105, pakrovim\u0105, gabenim\u0105 \u012f paskirties viet\u0105 ir i\u0161krovim\u0105. Jie padeda sutvarkyti krovinio ir muitin\u0117s dokumentus bei pasir\u016bpina draudimu.<\/p>\n<p>Interneto svetain\u0117: <a href=\"http:\/\/www.asianmovers.com\/\" target=\"_blank\" rel=\"noopener\">http:\/\/www.asianmovers.com\/<\/a><\/p>\n<h2><span class=\"ez-toc-section\" id=\"3_Don_Carolis_Sons\"><\/span><strong>3. \"Don Carolis &amp; Sons<\/strong><span class=\"ez-toc-section-end\"><\/span><\/h2>\n<p><em><img loading=\"lazy\" decoding=\"async\" class=\"alignnone size-full wp-image-10102\" src=\"https:\/\/moverdb.com\/wp-content\/uploads\/Don-Carolis-Sons-international-moving-company.png\" alt=\"&quot;Don Carolis &amp; Sons&quot; tarptautin\u0117 perkraustymo \u012fmon\u0117\" width=\"1440\" height=\"679\" data-wp-pid=\"10102\" srcset=\"https:\/\/moverdb.com\/wp-content\/uploads\/Don-Carolis-Sons-international-moving-company.png 1440w, https:\/\/moverdb.com\/wp-content\/uploads\/Don-Carolis-Sons-international-moving-company-300x141.png 300w, https:\/\/moverdb.com\/wp-content\/uploads\/Don-Carolis-Sons-international-moving-company-1024x483.png 1024w, https:\/\/moverdb.com\/wp-content\/uploads\/Don-Carolis-Sons-international-moving-company-18x8.png 18w, https:\/\/moverdb.com\/wp-content\/uploads\/Don-Carolis-Sons-international-moving-company-600x283.png 600w\" sizes=\"auto, (max-width: 1440px) 100vw, 1440px\" \/><\/em><\/p>\n<ul>\n<li>Nacionaliniai judesiai<\/li>\n<li>Tarptautiniai perkraustymai<\/li>\n<li>Nam\u0173 \u016bkio perkraustymai<\/li>\n<li>Organizaciniai pertvarkymai<\/li>\n<li>Individualiai pritaikytos paslaugos<\/li>\n<li>Perk\u0117limo koordinatorius<\/li>\n<li>Pakavimo paslauga<\/li>\n<li>Transporto priemon\u0117s<\/li>\n<li>I\u0161pakavimo parinktys<\/li>\n<li>Visavert\u0117 apsauga<\/li>\n<\/ul>\n<p>\"Don Carolis &amp; Sons\" yra daugiau kaip 150 met\u0173 veikianti bald\u0173 gamintoja, ma\u017emeninink\u0117 ir eksportuotoja, \u012fsik\u016brusi Kolombe. Jie yra IAM nariai, tod\u0117l gali naudotis tarptautiniu perkraustymo agent\u0173 tinklu, padedan\u010diu atlikti tarptautinius perkraustymus.<\/p>\n<p>\"Don Carolis &amp; Sons\" si\u016blo individualiai pritaikytas pakavimo paslaugas, atitinkan\u010dias j\u016bs\u0173 poreikius laiko, biud\u017eeto ir daikt\u0173 at\u017evilgiu, taip pat teikia perkraustymo koordinatoriaus paslaugas, kuris pad\u0117s jums viso perkraustymo metu. Jie pasir\u016bpins j\u016bs\u0173 daiktais, \u012fskaitant pakrovim\u0105, transportavim\u0105 ir i\u0161krovim\u0105 pagal visus savo planus. \u012e j\u0173 planus \u012feina j\u016bs\u0173 i\u0161pakavimas, dalinis i\u0161pakavimas ir bald\u0173 i\u0161d\u0117stymas bei visi\u0161kas i\u0161pakavimas.<\/p>\n<p>Interneto svetain\u0117: <a href=\"http:\/\/www.doncarolis.com\" target=\"_blank\" rel=\"noopener\">http:\/\/www.doncarolis.com<\/a><\/p>\n<h2><span class=\"ez-toc-section\" id=\"4_Horizon_Relocations\"><\/span><strong>4. Horizon perk\u0117limai<\/strong><span class=\"ez-toc-section-end\"><\/span><\/h2>\n<p><img loading=\"lazy\" decoding=\"async\" class=\"alignnone size-full wp-image-10136\" src=\"https:\/\/moverdb.com\/wp-content\/uploads\/Horizon-Relocations-international-moving-company.png\" alt=\"&quot;Horizon Relocations&quot; tarptautin\u0117 perkraustymo \u012fmon\u0117\" width=\"1440\" height=\"626\" data-wp-pid=\"10136\" srcset=\"https:\/\/moverdb.com\/wp-content\/uploads\/Horizon-Relocations-international-moving-company.png 1440w, https:\/\/moverdb.com\/wp-content\/uploads\/Horizon-Relocations-international-moving-company-300x130.png 300w, https:\/\/moverdb.com\/wp-content\/uploads\/Horizon-Relocations-international-moving-company-1024x445.png 1024w, https:\/\/moverdb.com\/wp-content\/uploads\/Horizon-Relocations-international-moving-company-18x8.png 18w, https:\/\/moverdb.com\/wp-content\/uploads\/Horizon-Relocations-international-moving-company-600x261.png 600w\" sizes=\"auto, (max-width: 1440px) 100vw, 1440px\" \/><\/p>\n<ul>\n<li>Vietiniai ir nacionaliniai perkraustymai<\/li>\n<li>Tarptautiniai perk\u0117limai<\/li>\n<li>Nam\u0173 \u016bkio perkraustymai<\/li>\n<li>Asmenini\u0173 daikt\u0173 pristatymas<\/li>\n<li>Paslauga \"nuo dur\u0173 iki dur\u0173<\/li>\n<li>Pakuot\u0117<\/li>\n<li>Krovini\u0173 ve\u017eimo tvarka<\/li>\n<li>Muitinis \u012fforminimas<\/li>\n<li>Draudimas<\/li>\n<li>Sand\u0117liavimo patalpos<\/li>\n<\/ul>\n<p>\"Horizon Relocations\" yra vietinio ir tarptautinio perkraustymo ir perk\u0117limo \u012fmon\u0117, \u012fsik\u016brusi Kolombe. Ji yra IAM nar\u0117, tod\u0117l gali naudotis tarptautiniu perkraustymo agent\u0173 tinklu, kuris gali pad\u0117ti teikti tarptautines paslaugas.<\/p>\n<p>\"Horizon Relocations\" si\u016blo perkraustymo nuo dur\u0173 iki dur\u0173 paslaugas, susijusias su asmenini\u0173 ir nam\u0173 apyvokos daikt\u0173 perkraustymu vietos, nacionaliniu ir tarptautiniu mastu. Jie teikia nuo ma\u017eo iki didelio kiekio daikt\u0173 perkraustymo paslaugas, kurios gali apimti ir pakavim\u0105 bei \u012fpakavim\u0105, kad daiktai b\u016bt\u0173 saugiai perve\u017eami. Jie pasir\u016bpins j\u016bs\u0173 daikt\u0173 gabenimu perve\u017eant arba siun\u010diant \u012f paskirties viet\u0105 su muitin\u0117s formalumais.<\/p>\n<p>Interneto svetain\u0117: <a href=\"http:\/\/www.horizonrelocations.lk\" target=\"_blank\" rel=\"noopener\">http:\/\/www.horizonrelocations.lk<\/a><\/p>\n<h2><span class=\"ez-toc-section\" id=\"5_Trans_World_Movers\"><\/span><strong>5. \"Trans World Movers<\/strong><span class=\"ez-toc-section-end\"><\/span><\/h2>\n<p><img loading=\"lazy\" decoding=\"async\" class=\"alignnone size-full wp-image-10196\" src=\"https:\/\/moverdb.com\/wp-content\/uploads\/Trans-World-Movers-international-moving-company.png\" alt=\"&quot;Trans World Movers&quot; tarptautin\u0117 judanti \u012fmon\u0117\" width=\"1440\" height=\"675\" data-wp-pid=\"10196\" srcset=\"https:\/\/moverdb.com\/wp-content\/uploads\/Trans-World-Movers-international-moving-company.png 1440w, https:\/\/moverdb.com\/wp-content\/uploads\/Trans-World-Movers-international-moving-company-300x141.png 300w, https:\/\/moverdb.com\/wp-content\/uploads\/Trans-World-Movers-international-moving-company-1024x480.png 1024w, https:\/\/moverdb.com\/wp-content\/uploads\/Trans-World-Movers-international-moving-company-18x8.png 18w, https:\/\/moverdb.com\/wp-content\/uploads\/Trans-World-Movers-international-moving-company-600x281.png 600w\" sizes=\"auto, (max-width: 1440px) 100vw, 1440px\" \/><\/p>\n<ul>\n<li>Vietiniai perkraustymai<\/li>\n<li>Tarptautiniai perkraustymai<\/li>\n<li>Nam\u0173 \u016bkio perkraustymai<\/li>\n<li>\u012emoni\u0173 perkraustymai<\/li>\n<li>Sprendimai \"nuo dur\u0173 iki dur\u0173<\/li>\n<li>Pakavimo paslauga<\/li>\n<li>Oro, j\u016br\u0173 ir keli\u0173 transportas<\/li>\n<li>Muitinis \u012fforminimas<\/li>\n<li>Transporto priemoni\u0173 ir namini\u0173 gyv\u016bn\u0117li\u0173 ve\u017eimas<\/li>\n<li>Sand\u0117liavimo patalpos<\/li>\n<\/ul>\n<p>\"Trans World Movers\" yra 1973 m. \u012fkurta ir Kolombe \u012fsik\u016brusi jud\u0117jimo sprendim\u0173 \u012fmon\u0117, teikianti paslaugas privatiems asmenims, diplomatams ir korporacijoms. Jie turi i\u0161pl\u0117tot\u0105 atstov\u0173 ir agent\u0173 tinkl\u0105 visame pasaulyje, padedant\u012f vykdyti tarptautinius perkraustymus. Jie yra IAM nariai, dirbantys jau 50 met\u0173.<\/p>\n<p>\"Trans World Movers\" si\u016blo vietines ir tarptautines perkraustymo nuo dur\u0173 iki dur\u0173 paslaugas. Jie teikia tarptautinius standartus atitinkan\u010dias pakavimo paslaugas, kad apsaugot\u0173 gabenamus daiktus. Jie pasir\u016bpins j\u016bs\u0173 daikt\u0173 gabenimu keliais, oru ir j\u016bra su muitin\u0117s formalumais. Jie si\u016blo papildomas paslaugas, \u012fskaitant namini\u0173 gyv\u016bn\u0117li\u0173 tvarkym\u0105, <a href=\"https:\/\/moverdb.com\/lt\/car-transport-shipping\/\" data-internallinksmanager029f6b8e52c=\"2\" title=\"2026 Tarptautinio automobili\u0173 transporto ir transporto priemoni\u0173 gabenimo citatos\">transporto priemoni\u0173 gabenimas<\/a> ir saugojimo sprendimai.<\/p>\n<p>Interneto svetain\u0117: <a href=\"http:\/\/www.transworldmovers.com\" target=\"_blank\" rel=\"noopener\">http:\/\/www.transworldmovers.com<\/a><\/p>\n<h2><span class=\"ez-toc-section\" id=\"6_Trans-Global_Relocations\"><\/span><strong>6. Tarptautiniai perk\u0117limai<\/strong><span class=\"ez-toc-section-end\"><\/span><\/h2>\n<p><img loading=\"lazy\" decoding=\"async\" class=\"alignnone size-full wp-image-10197\" src=\"https:\/\/moverdb.com\/wp-content\/uploads\/Trans-Global-Relocations-international-moving-company.png\" alt=\"&quot;Trans-Global Relocations&quot; tarptautin\u0117 perkraustymo \u012fmon\u0117\" width=\"1440\" height=\"681\" data-wp-pid=\"10197\" srcset=\"https:\/\/moverdb.com\/wp-content\/uploads\/Trans-Global-Relocations-international-moving-company.png 1440w, https:\/\/moverdb.com\/wp-content\/uploads\/Trans-Global-Relocations-international-moving-company-300x142.png 300w, https:\/\/moverdb.com\/wp-content\/uploads\/Trans-Global-Relocations-international-moving-company-1024x484.png 1024w, https:\/\/moverdb.com\/wp-content\/uploads\/Trans-Global-Relocations-international-moving-company-18x9.png 18w, https:\/\/moverdb.com\/wp-content\/uploads\/Trans-Global-Relocations-international-moving-company-600x284.png 600w\" sizes=\"auto, (max-width: 1440px) 100vw, 1440px\" \/><\/p>\n<ul>\n<li>Vietiniai ir nacionaliniai perkraustymai<\/li>\n<li>Tarptautiniai perkraustymai<\/li>\n<li>Nam\u0173 \u016bkio perkraustymai<\/li>\n<li>Paslauga \"nuo dur\u0173 iki dur\u0173<\/li>\n<li>Profesionalus pakavimas<\/li>\n<li>Siuntos j\u016bra ir oru<\/li>\n<li>Muitinis \u012fforminimas<\/li>\n<li>Gyv\u016bno augintinio perk\u0117limas<\/li>\n<li>Automobilio valdymas<\/li>\n<li>Saugus saugojimas<\/li>\n<\/ul>\n<p>\"Trans-Global Relocations\" yra persikraustymo ir perkraustymo \u012fmon\u0117, \u012fsik\u016brusi Kolombe. Ji yra IAM nar\u0117, tod\u0117l turi tarptautin\u012f persikraustymo agent\u0173 tinkl\u0105, padedant\u012f jai dirbti su persikraustymo darbais u\u017esienyje.<\/p>\n<p>\"Trans-Global Relocations\" si\u016blo ap\u017ei\u016br\u0105 namuose, kad \u012fvertint\u0173 j\u016bs\u0173 poreikius, ir pagal j\u016bs\u0173 poreikius parengs persikraustymo plan\u0105, kuriame bus patarim\u0173, kaip pasiruo\u0161ti persikraustymui, ir ekonomi\u0161kiausi\u0105 persikraustymo b\u016bd\u0105. Jie teikia paslaugas nuo dur\u0173 iki dur\u0173, \u012fskaitant profesional\u0173 j\u016bs\u0173 daikt\u0173 supakavim\u0105, kad jie saugiai keliaut\u0173 tarptautiniu mastu j\u016bra arba oru ir b\u016bt\u0173 i\u0161muitinti. Jie taip pat si\u016blo papildomas paslaugas, \u012fskaitant gyv\u016bn\u0173 perk\u0117lim\u0105, automobili\u0173 tvarkym\u0105 ir saugojim\u0105.<\/p>\n<p>Interneto svetain\u0117: <a href=\"http:\/\/www.t-grelo.com\" target=\"_blank\" rel=\"noopener\">http:\/\/www.t-grelo.com<\/a><\/p>\n<h2><span class=\"ez-toc-section\" id=\"7_Worldwide_Movers\"><\/span><strong>7. Visame pasaulyje<\/strong><span class=\"ez-toc-section-end\"><\/span><\/h2>\n<p><img loading=\"lazy\" decoding=\"async\" class=\"alignnone size-full wp-image-10209\" src=\"https:\/\/moverdb.com\/wp-content\/uploads\/Worldwide-Movers-international-moving-company.png\" alt=\"Worldwide Movers tarptautin\u0117 judanti kompanija\" width=\"1440\" height=\"674\" data-wp-pid=\"10209\" srcset=\"https:\/\/moverdb.com\/wp-content\/uploads\/Worldwide-Movers-international-moving-company.png 1440w, https:\/\/moverdb.com\/wp-content\/uploads\/Worldwide-Movers-international-moving-company-300x140.png 300w, https:\/\/moverdb.com\/wp-content\/uploads\/Worldwide-Movers-international-moving-company-1024x479.png 1024w, https:\/\/moverdb.com\/wp-content\/uploads\/Worldwide-Movers-international-moving-company-18x8.png 18w, https:\/\/moverdb.com\/wp-content\/uploads\/Worldwide-Movers-international-moving-company-600x281.png 600w\" sizes=\"auto, (max-width: 1440px) 100vw, 1440px\" \/><\/p>\n<ul>\n<li>Nacionaliniai judesiai<\/li>\n<li>Tarptautiniai perkraustymai<\/li>\n<li>Nam\u0173 \u016bkio perkraustymai<\/li>\n<li>Perkraustymo paslaugos<\/li>\n<li>Nuo dur\u0173 iki dur\u0173 arba nuo dur\u0173 iki dur\u0173<a href=\"https:\/\/moverdb.com\/lt\/top-49-container-ports\/\" data-internallinksmanager029f6b8e52c=\"80\" title=\"49 did\u017eiausi ir labiausiai apkrauti konteineri\u0173 uostai 2025 m.\">uostas<\/a> paslauga<\/li>\n<li>Pakavimo paslauga<\/li>\n<li>Transportavimas sausuma, oru arba j\u016bra<\/li>\n<li>Muitin\u0117s tarpininkavimas<\/li>\n<li>Gyv\u016bn\u0173 augintini\u0173 tvarkymas<\/li>\n<li>Transporto priemoni\u0173 transportavimas<\/li>\n<\/ul>\n<p>\"Worldwide Movers\" yra 2009 m. \u012fkurta pakavimo ir perkraustymo \u012fmon\u0117, \u012fsik\u016brusi Kolombe. Ji yra IAM nar\u0117, dirbanti 15 met\u0173, taip pat Azijos persikraustymo asociacijos nar\u0117, tod\u0117l gali teikti perkraustymo paslaugas bet kurioje pasaulio vietoje.<\/p>\n<p>\"Worldwide Movers\" si\u016blo \"nuo dur\u0173 iki dur\u0173\" arba \"nuo dur\u0173 iki uosto\" perve\u017eimus nacionaliniu ir tarptautiniu mastu. Jie teikia pakavimo paslaugas, kurios apima saug\u0173 daikt\u0173 pakavim\u0105, bald\u0173 ir \u012frangos i\u0161ardym\u0105 ir surinkim\u0105. Jie taip pat gali pad\u0117ti kartu su jumis perve\u017eti j\u016bs\u0173 transporto priemones ir naminius gyv\u016bnus. Jie teikia persikraustymo paslaugas, kurios apima nam\u0173 ir mokykl\u0173 paie\u0161kas, orientavim\u0105si, ekskursijas po apylinkes ir kambarini\u0173 paslaugas.<\/p>\n<p>Interneto svetain\u0117: <a href=\"https:\/\/w-movers.com\/\" target=\"_blank\" rel=\"noopener\">https:\/\/w-movers.com\/<\/a><\/p>","protected":false},"excerpt":{"rendered":"<p>Are you planning on moving? Then you may want to enlist the services of a moving company as they can assist you with packing, transportation and handling customs when moving abroad. Below we have compiled a list of Sri Lanka based removal companies that are members of the International Association of Movers (IAM) and\/or FIDI [&hellip;]<\/p>\n","protected":false},"author":4,"featured_media":10071,"parent":190,"menu_order":0,"comment_status":"closed","ping_status":"closed","template":"","meta":{"_genesis_hide_title":false,"_genesis_hide_breadcrumbs":false,"_genesis_hide_singular_image":false,"_genesis_hide_footer_widgets":false,"_genesis_custom_body_class":"","_genesis_custom_post_class":"","_genesis_layout":"","footnotes":""},"class_list":{"0":"post-10215","1":"page","2":"type-page","3":"status-publish","4":"has-post-thumbnail","6":"entry"},"_links":{"self":[{"href":"https:\/\/moverdb.com\/lt\/wp-json\/wp\/v2\/pages\/10215","targetHints":{"allow":["GET"]}}],"collection":[{"href":"https:\/\/moverdb.com\/lt\/wp-json\/wp\/v2\/pages"}],"about":[{"href":"https:\/\/moverdb.com\/lt\/wp-json\/wp\/v2\/types\/page"}],"author":[{"embeddable":true,"href":"https:\/\/moverdb.com\/lt\/wp-json\/wp\/v2\/users\/4"}],"replies":[{"embeddable":true,"href":"https:\/\/moverdb.com\/lt\/wp-json\/wp\/v2\/comments?post=10215"}],"version-history":[{"count":1,"href":"https:\/\/moverdb.com\/lt\/wp-json\/wp\/v2\/pages\/10215\/revisions"}],"predecessor-version":[{"id":10216,"href":"https:\/\/moverdb.com\/lt\/wp-json\/wp\/v2\/pages\/10215\/revisions\/10216"}],"up":[{"embeddable":true,"href":"https:\/\/moverdb.com\/lt\/wp-json\/wp\/v2\/pages\/190"}],"wp:featuredmedia":[{"embeddable":true,"href":"https:\/\/moverdb.com\/lt\/wp-json\/wp\/v2\/media\/10071"}],"wp:attachment":[{"href":"https:\/\/moverdb.com\/lt\/wp-json\/wp\/v2\/media?parent=10215"}],"curies":[{"name":"wp","href":"https:\/\/api.w.org\/{rel}","templated":true}]}}