{"id":434,"date":"2016-06-05T06:20:47","date_gmt":"2016-06-05T06:20:47","guid":{"rendered":"http:\/\/moverdb.com\/?page_id=434"},"modified":"2026-01-08T14:48:22","modified_gmt":"2026-01-08T14:48:22","slug":"%ed%94%bc%eb%94%94-%ed%8c%8c%ec%9e%84","status":"publish","type":"page","link":"https:\/\/moverdb.com\/ko\/fidi-faim\/","title":{"rendered":"FIDI &amp; FAIM(FIDI \uacf5\uc778 \uad6d\uc81c \uc774\ub3d9\uc5c5\uccb4) \uc124\uba85"},"content":{"rendered":"<p>FIDI(\uad6d\uc81c \uc774\uc0ac \uc5f0\ub9f9)\ub294 \uad6d\uc81c \uc774\uc0ac \ubc0f \uc774\uc804 \uc5c5\uccb4\ub4e4\uc758 \uae00\ub85c\ubc8c \uc5f0\ud569 \uc870\uc9c1\uc785\ub2c8\ub2e4. <\/p>\n<p>\ucd5c\uace0 \ud488\uc9c8\uc758 \uc774\uc0ac\uc5c5\uccb4\ub97c \uc704\ud55c \uc138\uacc4\uc801\uc778 \uc5c5\uacc4 \ud45c\uc900\uc744 \uc81c\uc2dc\ud558\uace0 \uc788\uc73c\uba70, \uad6d\uc81c \uc774\uc0ac \uc5c5\uacc4 \uc804\uc6a9 \ud488\uc9c8 \uc778\uc99d \ud504\ub85c\uadf8\ub7a8\uc778 FIDI \uacf5\uc778 \uad6d\uc81c \uc774\uc0ac\uc5c5\uccb4(FAIM) \ud488\uc9c8 \uad00\ub9ac \ud504\ub85c\uadf8\ub7a8\uc744 \uac1c\ucc99\ud588\uc2b5\ub2c8\ub2e4.<\/p>\n<p><strong>\uc870\uc9c1\uc5d0 \ub300\ud55c \uc8fc\uc694 \uc0ac\uc2e4:<\/strong><\/p>\n<ol>\n<li>  FIDI\ub294 <strong>600 \ub3c5\ub9bd <a href=\"https:\/\/moverdb.com\/ko\/%ec%9d%b4%ec%82%ac-%ea%b8%b0%ec%97%85\/\">\ud68c\uc0ac<\/a><\/strong> \uc774\uc0c1\uc5d0\uc11c <strong>100\uac1c\uad6d<\/strong>.<\/li>\n<li>  FIDI\ub294 \ub2e4\uc74c\uacfc \uac19\uc740 \uac00\uc7a5 \ud070 \ud3ec\uad04\uc801 \uc870\uc9c1\uc785\ub2c8\ub2e4. <a href=\"https:\/\/moverdb.com\/ko\/%ea%b5%ad%ec%a0%9c-%ec%a0%9c%ea%b1%b0\/\">\ud574\uc678 \uc0ad\uc81c<\/a> \ubc0f \uc774\uc804 \ud68c\uc0ac.<\/li>\n<li>  FIDI\ub294 \uac1c\uc778 \uc774\uc804\uacfc \ube44\uc988\ub2c8\uc2a4 \uc774\uc804\uc744 \ubaa8\ub450 \uc81c\uacf5\ud569\ub2c8\ub2e4.<\/li>\n<li>  \ubaa8\ub4e0 FIDI \uc81c\ud734\uc0ac\ub294 \uc5c4\uaca9\ud55c FIDI-FAIM \ud488\uc9c8 \ud45c\uc900\uc744 \uc900\uc218\ud574\uc57c \ud569\ub2c8\ub2e4.<\/li>\n<li>  FIDI\ub294 \uc5c5\uacc4\uc5d0\uc11c \uac00\uc7a5 \uc5c4\uaca9\ud55c \ud45c\uc900 \uc911 \ud558\ub098\ub85c \uac04\uc8fc\ub418\ub294 FAIM \ud488\uc9c8 \uad00\ub9ac \ud504\ub85c\uadf8\ub7a8\uc744 \uc81c\uacf5\ud569\ub2c8\ub2e4. <strong>200\uac00\uc9c0 \ud488\uc9c8 \uc694\uad6c \uc0ac\ud56d<\/strong> \uc6b4\uc601 \ubc0f \uace0\uac1d \uc11c\ube44\uc2a4 \ubaa8\ub450\uc640 \uad00\ub828\uc774 \uc788\uc2b5\ub2c8\ub2e4.<\/li>\n<li>  \ubaa8\ub4e0 FIDI \uc81c\ud734\uc0ac\ub294 \uad6d\uc81c \uc774\uc0ac \ud65c\ub3d9\uc5d0 \ub300\ud574 \uc8fc\uae30\uc801\uc73c\ub85c \ub3c5\ub9bd\uc801\uc778 \ud3c9\uac00\ub97c \ubc1b\uc544\uc57c \ud569\ub2c8\ub2e4. \ud3c9\uac00\uc5d0\uc11c \ubd88\ud569\uaca9\ud558\uba74 FIDI \ud68c\uc6d0 \uc790\uaca9\uc774 \ubc15\ud0c8\ub429\ub2c8\ub2e4.<\/li>\n<li>  \ubaa8\ub4e0 FIDI \uacc4\uc5f4\uc0ac\ub294 \uc758\ubb34\uc801\uc73c\ub85c \ub1cc\ubb3c \uc218\uc218 \uae08\uc9c0 \ubc0f \ubd80\ud328 \ubc29\uc9c0 \ud5cc\uc7a5\uc5d0 \uc11c\uba85\ud558\uace0 \uc774\ub97c \uc900\uc218\ud574\uc57c \ud569\ub2c8\ub2e4.<\/li>\n<li>  \ubaa8\ub4e0 FIDI \ud68c\uc6d0\uc740 FAIM \uc778\uc99d\uc744 \ubc1b\uc544\uc57c \ud558\uba70, \uc774\ub294 \ud68c\uc6d0 \uac00\uc785\uacfc \ub3d9\uc2dc\uc5d0 \uc2e0\uccad\ub429\ub2c8\ub2e4.<\/li>\n<li>  FAIM Plus\ub294 ISO 9001 \uc778\uc99d\uc744 \ubc1b\uc740 \uae30\uc5c5\ub9cc \uc0ac\uc6a9\ud560 \uc218 \uc788\uc2b5\ub2c8\ub2e4.<\/li>\n<\/ol>\n<p><strong>FIDI \uc870\uc9c1 \ud504\ub85c\ud544<\/strong><\/p>\n<p>FIDI\ub294 \uae00\ub85c\ubc8c \uc774\uc0ac\uc5c5\uccb4 \ud611\ud68c\ub85c, \ud68c\uc6d0\uc0ac\uc5d0\uac8c \uc11c\ube44\uc2a4\uc5d0 \ub300\ud55c \uac15\ub825\ud558\uace0 \uacf5\uc778\ub41c \uc778\uc99d \ub9c8\ud06c, \ud5a5\uc0c1\ub41c \ub124\ud2b8\uc6cc\ud0b9 \uae30\ud68c, \uc0ac\uc5c5 \ud655\uc7a5 \uae30\ud68c\ub97c \uc81c\uacf5\ud569\ub2c8\ub2e4. <\/p>\n<p>\uc804 \uc138\uacc4 \ud68c\uc6d0\uc744 \ub300\uc0c1\uc73c\ub85c \uc815\uae30\uc801\uc778 \ucee8\ud37c\ub7f0\uc2a4\ub97c \uac1c\ucd5c\ud558\uace0 \uad50\uc721 \uc138\uc158\uc744 \uc6b4\uc601\ud558\uba70, \ud68c\uc6d0\ub4e4\uc5d0\uac8c \uacb0\uc81c \ubcf4\ud638 \ud50c\ub79c\uc744 \uc81c\uacf5\ud558\uc5ec \uc1a1\uc7a5 \uac00\uce58\uc758 \ucd5c\ub300 90%\uae4c\uc9c0 \ubcf4\ud638\ud560 \uc218 \uc788\ub3c4\ub85d \uc9c0\uc6d0\ud569\ub2c8\ub2e4. \ub610\ud55c FIDI\ub294 \ud68c\uc6d0\uc0ac\uc5d0\uac8c \ucd5c\uc2e0 \uc5c5\uacc4 \ub274\uc2a4\ub97c \uc81c\uacf5\ud558\uace0 \uc804\ubb38\uac00 \uc9c0\uce68\uc744 \uc81c\uacf5\ud558\uace0 \ud68c\uc6d0\uc0ac \uac04\uc758 \ubd84\uc7c1\uc744 \ucc98\ub9ac\ud558\ub294 \uc5c5\uacc4 \ud328\ub110\uc744 \uc6b4\uc601\ud558\uace0 \uc788\uc2b5\ub2c8\ub2e4. <\/p>\n<p>FIDI \uacf5\uc778 \uad6d\uc81c \uc774\uc0bf\uc9d0\uc13c\ud130(FAIM) \ud488\uc9c8 \uad00\ub9ac \ud504\ub85c\uadf8\ub7a8\uc740 \ub300\uae30\uc5c5, \uc911\uc18c\uae30\uc5c5, \ubbfc\uac04 \ubc0f \uacf5\uacf5 \uae30\uad00\uc758 \ucd5c\uace0 \uc804\ubb38\uac00\ub4e4\uc758 \uc790\ubb38\uacfc \ubaa8\ubc94 \uc0ac\ub840\ub97c \ud1b5\ud574 \uac1c\ubc1c\ub41c \uc774\uc0ac \uc0b0\uc5c5 \ud488\uc9c8 \uc778\uc99d\uc778 FIDI \uc624\ud37c\ub9c1\uc758 \uc77c\ubd80\uc785\ub2c8\ub2e4. <a href=\"https:\/\/moverdb.com\/ko\/moving-companies\/\" data-internallinksmanager029f6b8e52c=\"79\" title=\"\uc628\ub77c\uc778 \uc0c1\uc704 25\uac1c \uad6d\uc81c \uc774\uc0ac \uc5c5\uccb4\">\uad6d\uc81c \uc774\uc0ac \ud68c\uc0ac<\/a> \uc804 \uc138\uacc4\uc5d0\uc11c \uc654\uc2b5\ub2c8\ub2e4.<\/p>\n<p><strong>\ud68c\uc6d0 \uc790\uaca9 \uae30\uc900:<\/strong><\/p>\n<p>FIDI \uae00\ub85c\ubc8c \uc5bc\ub77c\uc774\uc5b8\uc2a4\uc5d0 \uac00\uc785\ud558\ub824\uba74 \ub2e4\uc74c\uacfc \uac19\uc740 \ud544\uc218 \uc694\uac74\uc744 \ucda9\uc871\ud574\uc57c \ud569\ub2c8\ub2e4:<\/p>\n<ul>\n<li> FIDI \uaddc\uc815 \uc900\uc218<\/li>\n<li> \uc2e0\uccad \uc804 \ucd5c\uc18c 2\ub144 \ub3d9\uc548 \ub300\ub959\uac04 \uc774\uc0ac \uc11c\ube44\uc2a4\uc5d0\uc11c \uc6b4\uc601 \uc911\uc774\uc5b4\uc57c \ud569\ub2c8\ub2e4.<\/li>\n<li> \uc5f0\uac04 \ucd5c\uc18c 10\ud68c \ub300\ub959 \uac04 \uc774\ub3d9 \uc218\ud589*<\/li>\n<li> \uc801\uc808\ud558\uace0 \ucda9\ubd84\ud55c \ubcf4\ud5d8 \uac00\uc785<\/li>\n<li> FIDI \ub1cc\ubb3c \ubc29\uc9c0 \ubc0f \ubd80\ud328 \ubc29\uc9c0 \ud5cc\uc7a5(FIDI ABC \ud5cc\uc7a5)\uc5d0 \uc11c\uba85\ud558\uc138\uc694.<\/li>\n<li> \uc7ac\uc815\uc801\uc73c\ub85c \uac74\uc804\ud574\uc57c \ud569\ub2c8\ub2e4(\uc2e0\uccad \ub2e8\uacc4\uc5d0\uc11c \ub3c5\ub9bd \uac10\uc0ac\uc778\uc774 \uc7ac\ubb34 \uc0c1\ud0dc\ub97c \ud655\uc778\ud569\ub2c8\ub2e4).<\/li>\n<li> FIDI-FAIM \uc778\uc99d \ud68d\ub4dd(FIDI \uba64\ubc84\uc2ed \uc2e0\uccad\uacfc \ub3d9\uc2dc\uc5d0 FAIM \uc778\uc99d \uc2e0\uccad)<\/li>\n<\/ul>\n<p><strong>FAIM \uc778\uc99d:<\/strong><\/p>\n<p>FIDI-FAIM \uc778\uc99d \ud504\ub85c\uadf8\ub7a8\uc740 \uad6d\uc81c \uc774\uc0ac\uc5c5\uccb4\uac00 3\ub144\ub9c8\ub2e4 \uc2e4\uc2dc\ub418\ub294 \ub3c5\ub9bd\uc801\uc778 \uac10\uc0ac\ub97c \ud1b5\ud574 \ub300\ub959 \uac04 \uc774\uc0ac \ud65c\ub3d9\uc5d0 \ub300\ud574 \uc8fc\uae30\uc801\uc73c\ub85c \ub3c5\ub9bd\uc801\uc778 \ud3c9\uac00\ub97c \ubc1b\ub3c4\ub85d \uc694\uad6c\ud569\ub2c8\ub2e4.<\/p>\n<p>\uc774\ub97c \ud1b5\ud574 FIDI \uc5c5\uccb4\ub294 \uad6d\uc81c \uc774\uc0ac \uc11c\ube44\uc2a4\ub97c \uade0\uc77c\ud558\uace0 \ud488\uc9c8 \uc9c0\ud5a5\uc801\uc774\uba70 \ud6a8\uacfc\uc801\uc778 \ubc29\uc2dd\uc73c\ub85c \uad00\ub9ac\ud558\uace0 \uc218\ud589\ud558\uae30 \uc704\ud55c \uc804 \uc138\uacc4 \uacf5\ud1b5 \ud45c\uc900\uc5d0 \ub530\ub77c \uc791\uc5c5\ud560 \uc218 \uc788\uc2b5\ub2c8\ub2e4. \ub610\ud55c \ud45c\uc900\uc744 \ub192\uac8c \uc720\uc9c0\ud560 \uc218 \uc788\ub294 \ud22c\uba85\ud55c \uba54\ucee4\ub2c8\uc998\uc744 \uc81c\uacf5\ud569\ub2c8\ub2e4.<\/p>\n<p>\ucd5c\uc885 \uace0\uac1d\uc758 \uad00\uc810\uc5d0\uc11c \ubcfc \ub54c, FAIM \uc778\uc99d \uae30\uc5c5\uc740 \uc774\uc0ac\ub97c \ud558\ub294 \ub2f9\uc0ac\uc790\uc640 \uc774\uc0ac\ub97c \uc900\ube44\ud558\ub294 \uc778\uc0ac\ubd80\uc11c\uc5d0\uac8c \ud574\ub2f9 \uae30\uc5c5\uc774 \ube44\uc988\ub2c8\uc2a4\ub97c \uc798 \uc54c\uace0 \uc788\uc73c\uba70 \uc5c5\ubb34\ub97c \uc81c\ub300\ub85c \uc218\ud589\ud560 \uc218 \uc788\ub294 \uc790\uc6d0\uacfc \ub178\ud558\uc6b0\ub97c \uac16\ucd94\uace0 \uc788\ub2e4\ub294 \ud655\uc2e0\uc744 \uc90d\ub2c8\ub2e4.<\/p>\n<p>\ud604\uc7a5 \ud3c9\uac00\ub294 \uad6d\uc81c \ud3c9\uac00 \uae30\uad00\uc778 \uc5d0\ub978\uc2a4\ud2b8 \uc564 \uc601\uc774 \ub3c5\ub9bd\uc801\uc73c\ub85c \uc218\ud589\ud569\ub2c8\ub2e4.<\/p>\n<p><strong>\uc77c\ubd80 \ud68c\uc6d0\uc0ac<\/strong><\/p>\n<ul>\n<li> <a href=\"https:\/\/moverdb.com\/ko\/aires\/\">Aires<\/a><\/li>\n<li> <a href=\"https:\/\/moverdb.com\/ko\/%ec%b9%b4%eb%8f%84%ea%b0%84-%ed%85%8c%ec%9d%b4%ed%8a%b8\/\">\uce74\ub3c4\uac04 \ud14c\uc774\ud2b8<\/a><\/li>\n<li> <a href=\"https:\/\/moverdb.com\/ko\/%ed%95%b4%eb%a1%9c%ec%9a%b0-%ea%b7%b8%eb%a6%b0\/\">\ud574\ub85c\uc6b0 \uadf8\ub9b0<\/a><\/li>\n<li> <a href=\"https:\/\/moverdb.com\/ko\/%ec%82%b0%ed%83%80%ed%8e%98-%ec%9e%ac%eb%b0%b0%ec%b9%98\/\">\uc0b0\ud0c0\ud398 \uc7ac\ubc30\uce58<\/a><\/li>\n<li> <a href=\"https:\/\/moverdb.com\/ko\/%ed%8c%80-%ec%9e%ac%eb%b0%b0%ec%b9%98\/\">\ud300 \uc7ac\ubc30\uce58<\/a><\/li>\n<li> <a href=\"https:\/\/moverdb.com\/ko\/nippon-express\/\">\uc77c\ubcf8 \uc775\uc2a4\ud504\ub808\uc2a4<\/a><\/li>\n<li> <a href=\"https:\/\/moverdb.com\/ko\/%ec%a0%95%ec%b0%a9\/\">\uc815\ucc29<\/a><\/li>\n<li> <a href=\"https:\/\/moverdb.com\/ko\/%ec%bd%98%eb%a1%9c%ec%9d%b4-%ec%a0%9c%ea%b1%b0\/\">\ucf58\ub85c\uc774 \uc81c\uac70<\/a><\/li>\n<li> <a href=\"https:\/\/moverdb.com\/ko\/bolliger\/\">\ubcfc\ub9ac\uac70<\/a><\/li>\n<li> <a href=\"https:\/\/moverdb.com\/ko\/%eb%ac%b4%eb%8b%a8%ec%9e%90%ec%8a%a4-%ea%b3%a0%ec%9a%b0\/\">\ubb34\ub2e8\uc790\uc2a4 \uace0\uc6b0<\/a><\/li>\n<li> <a href=\"https:\/\/moverdb.com\/ko\/%ea%b8%b8-%ec%8a%a4%ed%83%80%ec%9a%b0%ed%8d%bc\/\">\uae38 \uc2a4\ud0c0\uc6b0\ud37c<\/a><\/li>\n<li> <a href=\"https:\/\/moverdb.com\/ko\/%ed%8c%a9%ec%9e%84%ed%8e%99%ec%8a%a4\/\">Packimpex<\/a><\/li>\n<\/ul>\n<p><strong>\uc870\uc9c1\uc5d0 \ub300\ud55c \uc758\uacac<\/strong><\/p>\n<p>FIDI\ub294 \uc0c1\ub2f9\ud55c \ub9ac\uc18c\uc2a4\ub97c \ubcf4\uc720\ud558\uace0 \uc788\ub2e4\ub294 \uc810\uacfc \uac10\uc0ac\uac00 \uc9c4\ud589 \uc911\uc774\ub77c\ub294 \uc810\uc5d0\uc11c \uc6f9\uc0ac\uc774\ud2b8\uc5d0 \uc5b8\uae09\ud558\ub294 \uc774\uc0ac \uc5c5\uccb4\ub4e4\ub85c\ubd80\ud130 \ub192\uc740 \ud3c9\uac00\ub97c \ubc1b\uace0 \uc788\uc2b5\ub2c8\ub2e4. <\/p>\n<p>\ubaa8\ub4e0 \uc774\uc0ac\uc5c5\uccb4\uc5d0\ub294 \ud574\ub2f9 \uad6d\uac00 \ucd9c\uc2e0\uc758 \ucee8\uc124\ud134\ud2b8\uac00 \ud604\uc7a5 \uaddc\uc815 \uc900\uc218 \uc808\ucc28\ub97c \uc218\ud589\ud558\ub294 \ub3c5\ub9bd\uc131\uc774 FIDI\uac00 \uc313\uc544\uc628 \uba85\uc131\uc758 \ub610 \ub2e4\ub978 \ud575\uc2ec \uc694\uc18c\uc785\ub2c8\ub2e4. <\/p>\n<blockquote><p>\ucd5c\uace0\uc758 \ud488\uc9c8 \uc218\uc900\uc744 \uc9c0\ud5a5\ud558\ub294 \uc774\uc0ac\uc5c5\uccb4\ub97c \uc704\ud574 FAIM\/ISO\ub294 \uc138\uacc4 \ucd5c\uace0 \uc218\uc900\uc758 \uc778\uc99d \ud45c\uc900\uc744 \uc81c\uacf5\ud569\ub2c8\ub2e4.<\/p><\/blockquote>\n<p> - <a href=\"http:\/\/www.ossworldwidemovers.com\/fidi-accredited-international-mover\" target=\"_blank\" rel=\"noopener\">OSS \uc6d4\ub4dc \uc640\uc774\ub4dc \ubb34\ubc84<\/a><\/p>\n<blockquote><p>\uc804 \uc138\uacc4\uc5d0\ub294 \uc218\ub9ce\uc740 \uc774\uc0ac\uc5c5\uccb4\uac00 \uc788\uc2b5\ub2c8\ub2e4. \uc88b\uc740 \uc5c5\uccb4\uc640 \ub098\uc05c \uc5c5\uccb4\ub97c \uc5b4\ub5bb\uac8c \uad6c\ubd84\ud560 \uc218 \uc788\uc744\uae4c\uc694? \uad6d\uc81c \uc774\uc0ac\uc758 \ud45c\uc900\uc778 FIDI\/FAIM\ubd80\ud130 \uc2dc\uc791\ud558\uc138\uc694.<\/p><\/blockquote>\n<p>- <a href=\"http:\/\/www.jkmoving.com\/International\/International_Network-_FIDI\/FAIM\/\" target=\"_blank\" rel=\"noopener\">JK \uc774\uc0ac \uc11c\ube44\uc2a4<\/a><\/p>\n<p><a href=\"http:\/\/www.jkmoving.com\/International\/International_Network-_FIDI\/FAIM\/\" target=\"_blank\" rel=\"noopener\"><\/a><\/p>\n<blockquote><p>\uc774\ub294 \uad6d\uc81c \uc774\uc0ac \uc5c5\uacc4\uc5d0\uc11c \uac00\uc7a5 \uc5c4\uaca9\ud558\uace0 \ubaa8\ub4e0 \uac83\uc744 \ud3ec\uad04\ud558\ub294 \ud488\uc9c8 \ud504\ub85c\uadf8\ub7a8\uc73c\ub85c, \uc870\uc9c1\uc758 \uc6b4\uc601 \ubc0f \uace0\uac1d \uc11c\ube44\uc2a4\uc640 \uad00\ub828\ub41c 200\uac1c \uc774\uc0c1\uc758 \ud488\uc9c8 \uc694\uad6c \uc0ac\ud56d\uc774 \uc788\uc2b5\ub2c8\ub2e4. FIDI\ub294 \ud604\uc7ac FAIM\uc774\ub77c\ub294 \uc778\uc99d\uc744 \uc81c\uacf5\ud569\ub2c8\ub2e4.<\/p><\/blockquote>\n<p>- <a href=\"http:\/\/www.suddathinternational.com\/news\/2013\/8\/1\/faim-plus.aspx\" target=\"_blank\" rel=\"noopener\">Suddath<\/a><\/p>\n<p><strong>\uc6f9\uc0ac\uc774\ud2b8:<\/strong> <a href=\"https:\/\/www.fidi.org\" target=\"_blank\" rel=\"noopener\">https:\/\/www.fidi.org<\/a><\/p>","protected":false},"excerpt":{"rendered":"<p>FIDI (F\u00e9d\u00e9ration Internationale des D\u00e9m\u00e9nageurs Internationaux; The Federation of International Movers) is a global umbrella organisation of international moving and relocation businesses. It describes itself as a worldwide industry standard for top quality movers and has pioneered the FIDI Accredited International Mover (FAIM) Quality Management Programme, a quality certification programme dedicated exclusively to the international [&hellip;]<\/p>\n","protected":false},"author":1,"featured_media":0,"parent":0,"menu_order":0,"comment_status":"closed","ping_status":"closed","template":"","meta":{"_genesis_hide_title":false,"_genesis_hide_breadcrumbs":false,"_genesis_hide_singular_image":false,"_genesis_hide_footer_widgets":false,"_genesis_custom_body_class":"","_genesis_custom_post_class":"","_genesis_layout":"","footnotes":""},"class_list":{"0":"post-434","1":"page","2":"type-page","3":"status-publish","5":"entry"},"_links":{"self":[{"href":"https:\/\/moverdb.com\/ko\/wp-json\/wp\/v2\/pages\/434","targetHints":{"allow":["GET"]}}],"collection":[{"href":"https:\/\/moverdb.com\/ko\/wp-json\/wp\/v2\/pages"}],"about":[{"href":"https:\/\/moverdb.com\/ko\/wp-json\/wp\/v2\/types\/page"}],"author":[{"embeddable":true,"href":"https:\/\/moverdb.com\/ko\/wp-json\/wp\/v2\/users\/1"}],"replies":[{"embeddable":true,"href":"https:\/\/moverdb.com\/ko\/wp-json\/wp\/v2\/comments?post=434"}],"version-history":[{"count":28,"href":"https:\/\/moverdb.com\/ko\/wp-json\/wp\/v2\/pages\/434\/revisions"}],"predecessor-version":[{"id":6210,"href":"https:\/\/moverdb.com\/ko\/wp-json\/wp\/v2\/pages\/434\/revisions\/6210"}],"wp:attachment":[{"href":"https:\/\/moverdb.com\/ko\/wp-json\/wp\/v2\/media?parent=434"}],"curies":[{"name":"wp","href":"https:\/\/api.w.org\/{rel}","templated":true}]}}