{"id":434,"date":"2016-06-05T06:20:47","date_gmt":"2016-06-05T06:20:47","guid":{"rendered":"http:\/\/moverdb.com\/?page_id=434"},"modified":"2026-01-08T14:48:22","modified_gmt":"2026-01-08T14:48:22","slug":"%e3%83%95%e3%82%a3%e3%83%87%e3%82%a3%e3%83%bb%e3%83%95%e3%82%a1%e3%82%a4%e3%83%a0","status":"publish","type":"page","link":"https:\/\/moverdb.com\/ja\/fidi-faim\/","title":{"rendered":"FIDI\u3068FAIM\uff08FIDI Accredited International Mover\uff09\u306e\u8aac\u660e"},"content":{"rendered":"<p>FIDI (F\u00e9d\u00e9ration Internationale des D\u00e9m\u00e9nageurs Internationaux; The Federation of International Movers) \u306f\u3001\u56fd\u969b\u7684\u306a\u5f15\u8d8a\u304a\u3088\u3073\u30ea\u30ed\u30b1\u30fc\u30b7\u30e7\u30f3\u30d3\u30b8\u30cd\u30b9\u306e\u30b0\u30ed\u30fc\u30d0\u30eb\u306a\u7d71\u62ec\u7d44\u7e54\u3067\u3042\u308b\u3002 <\/p>\n<p>FIDI Accredited International Mover (FAIM) Quality Management Programme\u306f\u3001\u56fd\u969b\u5f15\u8d8a\u696d\u306b\u7279\u5316\u3057\u305f\u54c1\u8cea\u8a8d\u8a3c\u30d7\u30ed\u30b0\u30e9\u30e0\u3067\u3001\u6700\u9ad8\u54c1\u8cea\u306e\u5f15\u8d8a\u696d\u8005\u306b\u5bfe\u3059\u308b\u4e16\u754c\u7684\u306a\u696d\u754c\u6a19\u6e96\u3067\u3042\u308b\u3068\u81ea\u79f0\u3057\u3066\u3044\u307e\u3059\u3002<\/p>\n<p><strong>\u7d44\u7e54\u306b\u95a2\u3059\u308b\u4e3b\u306a\u4e8b\u5b9f\u3002<\/strong><\/p>\n<ol>\n<li>  FIDI\u306e\u4ee3\u8868\u7684\u306a\u88fd\u54c1 <strong>600\u72ec\u7acb <a href=\"https:\/\/moverdb.com\/ja\/%e5%bc%95%e8%b6%8a%e3%81%97%e5%b1%8b%e3%81%95%e3%82%93\/\">\u308c\u3093\u3058\u3085\u3046<\/a><\/strong> \u4ee5\u4e0a <strong>100\u30ab\u56fd<\/strong>.<\/li>\n<li>  FIDI\u306f\u3001\u4ee5\u4e0b\u306e\u56e3\u4f53\u306b\u3088\u308b\u6700\u5927\u306e\u30a2\u30f3\u30d6\u30ec\u30e9\u7d44\u7e54\u3067\u3059\u3002 <a href=\"https:\/\/moverdb.com\/ja\/%e5%9b%bd%e9%9a%9b%e5%bc%95%e8%b6%8a%e3%81%97\/\">\u56fd\u969b\u5f15\u8d8a\u3057<\/a> \u3068\u30ea\u30ed\u30b1\u30fc\u30b7\u30e7\u30f3\u4f1a\u793e\u3002<\/li>\n<li>  FIDI\u306f\u500b\u4eba\u5411\u3051\u30ea\u30ed\u30b1\u30fc\u30b7\u30e7\u30f3\u3068\u4f01\u696d\u5411\u3051\u30ea\u30ed\u30b1\u30fc\u30b7\u30e7\u30f3\u306e\u4e21\u65b9\u3092\u63d0\u4f9b\u3057\u3066\u3044\u307e\u3059\u3002<\/li>\n<li>  \u3059\u3079\u3066\u306eFIDI\u30a2\u30d5\u30a3\u30ea\u30a8\u30a4\u30c8\u306f\u3001\u53b3\u683c\u306aFIDI-FAIM\u54c1\u8cea\u57fa\u6e96\u3092\u9075\u5b88\u3059\u308b\u5fc5\u8981\u304c\u3042\u308a\u307e\u3059\u3002<\/li>\n<li>  FIDI\u306f\u3001\u696d\u754c\u3067\u6700\u3082\u53b3\u683c\u306a\u57fa\u6e96\u306e\u4e00\u3064\u3068\u3055\u308c\u308bFAIM\u54c1\u8cea\u7ba1\u7406\u30d7\u30ed\u30b0\u30e9\u30e0\u3092\u63d0\u4f9b\u3057\u3066\u304a\u308a\u3001\u305d\u306e\u5185\u5bb9\u306f\u4ee5\u4e0b\u306e\u901a\u308a\u3067\u3059\u3002 <strong>200\u306e\u54c1\u8cea\u8981\u6c42\u4e8b\u9805<\/strong> \u696d\u52d9\u3068\u9867\u5ba2\u30b5\u30fc\u30d3\u30b9\u306e\u4e21\u65b9\u306b\u95a2\u308f\u308b\u3053\u3068\u3067\u3059\u3002<\/li>\n<li>  \u3059\u3079\u3066\u306eFIDI\u30a2\u30d5\u30a3\u30ea\u30a8\u30a4\u30c8\u306f\u3001\u56fd\u969b\u7684\u306a\u5f15\u8d8a\u3057\u6d3b\u52d5\u306b\u95a2\u3059\u308b\u5b9a\u671f\u7684\u306a\u72ec\u7acb\u3057\u305f\u8a55\u4fa1\u3092\u53d7\u3051\u306a\u3051\u308c\u3070\u306a\u308a\u307e\u305b\u3093\u3002\u3082\u3057\u3001\u5be9\u67fb\u306b\u843d\u3061\u305f\u5834\u5408\u3001FIDI\u304b\u3089\u62b9\u6d88\u3055\u308c\u307e\u3059\u3002<\/li>\n<li>  \u3059\u3079\u3066\u306eFIDI\u95a2\u9023\u4f1a\u793e\u306f\u3001\u8d08\u53ce\u8cc4\u9632\u6b62\u30fb\u6c5a\u8077\u9632\u6b62\u61b2\u7ae0\u306b\u7f72\u540d\u3057\u3001\u3053\u308c\u3092\u9075\u5b88\u3059\u308b\u3053\u3068\u304c\u7fa9\u52d9\u4ed8\u3051\u3089\u308c\u3066\u3044\u307e\u3059\u3002<\/li>\n<li>  FIDI\u4f1a\u54e1\u306fFAIM\u306e\u8a8d\u5b9a\u3092\u53d7\u3051\u306a\u3051\u308c\u3070\u306a\u308a\u307e\u305b\u3093\u304c\u3001\u3053\u308c\u306f\u5165\u4f1a\u3068\u540c\u6642\u306b\u7533\u8acb\u3059\u308b\u3053\u3068\u306b\u306a\u308a\u307e\u3059\u3002<\/li>\n<li>  FAIM Plus\u306f\u3001ISO9001\u306e\u8a8d\u8a3c\u3092\u53d6\u5f97\u3057\u3066\u3044\u308b\u65b9\u304c\u5bfe\u8c61\u3067\u3059\u3002<\/li>\n<\/ol>\n<p><strong>FIDI\u7d44\u7e54\u6982\u8981<\/strong><\/p>\n<p>FIDI\u306f\u4e16\u754c\u7684\u306a\u5f15\u8d8a\u3057\u696d\u8005\u5354\u4f1a\u3067\u3042\u308a\u3001\u305d\u306e\u95a2\u9023\u4f1a\u793e\u306b\u5bfe\u3057\u3066\u3001\u30b5\u30fc\u30d3\u30b9\u306b\u5bfe\u3059\u308b\u5f37\u529b\u3067\u8a8d\u77e5\u5ea6\u306e\u9ad8\u3044\u627f\u8a8d\u30b7\u30fc\u30eb\u3001\u30cd\u30c3\u30c8\u30ef\u30fc\u30af\u69cb\u7bc9\u306e\u6a5f\u4f1a\u306e\u5897\u52a0\u3001\u30d3\u30b8\u30cd\u30b9\u62e1\u5927\u306e\u6a5f\u4f1a\u3092\u63d0\u4f9b\u3057\u3066\u3044\u307e\u3059\u3002 <\/p>\n<p>\u4e16\u754c\u4e2d\u306e\u4f1a\u54e1\u3092\u5bfe\u8c61\u306b\u5b9a\u671f\u7684\u306a\u4f1a\u8b70\u3092\u958b\u50ac\u3057\u3001\u30c8\u30ec\u30fc\u30cb\u30f3\u30b0\u30bb\u30c3\u30b7\u30e7\u30f3\u3092\u5b9f\u65bd\u3057\u3066\u3044\u307e\u3059\u3002\u307e\u305f\u3001\u4f1a\u54e1\u306b\u306f\u8acb\u6c42\u66f8\u306e\u4fa1\u5024\u306e\u6700\u592790%\u3092\u4fdd\u8b77\u3059\u308b\u30da\u30a4\u30e1\u30f3\u30c8\u30d7\u30ed\u30c6\u30af\u30b7\u30e7\u30f3\u30d7\u30e9\u30f3\u3092\u63d0\u4f9b\u3057\u3066\u3044\u307e\u3059\u3002\u307e\u305f\u3001FIDI\u306f\u3001\u95a2\u9023\u4f1a\u793e\u304c\u696d\u754c\u306e\u6700\u65b0\u60c5\u5831\u3092\u5165\u624b\u3067\u304d\u308b\u3088\u3046\u306b\u4f4d\u7f6e\u3065\u3051\u3001\u5c02\u9580\u5bb6\u306e\u6307\u5c0e\u3084\u4f1a\u54e1\u9593\u306e\u7d1b\u4e89\u3092\u51e6\u7406\u3059\u308b\u696d\u754c\u30d1\u30cd\u30eb\u3092\u5099\u3048\u3066\u3044\u307e\u3059\u3002 <\/p>\n<p>FIDI Accredited International Mover (FAIM) Quality Management Programme\u306f\u3001FIDI\u304c\u63d0\u4f9b\u3059\u308b\u5f15\u8d8a\u696d\u754c\u306e\u54c1\u8cea\u8a8d\u8a3c\u306e\u4e00\u90e8\u3067\u3001\u5927\u5c0f\u3001\u6c11\u9593\u3001\u516c\u5171\u306e\u512a\u308c\u305f\u4e8b\u4f8b\u304b\u3089\u5354\u8b70\u3068\u30d9\u30b9\u30c8\u30d7\u30e9\u30af\u30c6\u30a3\u30b9\u3092\u7d4c\u3066\u958b\u767a\u3055\u308c\u305f\u3082\u306e\u3067\u3042\u308b\u3002 <a href=\"https:\/\/moverdb.com\/ja\/moving-companies\/\" data-internallinksmanager029f6b8e52c=\"79\" title=\"\u6d77\u5916\u5f15\u8d8a\u4f1a\u793e\u30aa\u30f3\u30e9\u30a4\u30f3\u30c8\u30c3\u30d725\">\u56fd\u969b\u5f15\u8d8a\u3057\u696d\u8005<\/a> \u4e16\u754c\u5404\u56fd\u304b\u3089<\/p>\n<p><strong>\u4f1a\u54e1\u8cc7\u683c\u306e\u57fa\u6e96<\/strong><\/p>\n<p>FIDI\u30b0\u30ed\u30fc\u30d0\u30eb\u30a2\u30e9\u30a4\u30a2\u30f3\u30b9\u306b\u53c2\u52a0\u3059\u308b\u306b\u306f\u3001\u4ee5\u4e0b\u306e\u5fc5\u9808\u6761\u4ef6\u3092\u6e80\u305f\u3057\u3066\u3044\u308b\u5fc5\u8981\u304c\u3042\u308a\u307e\u3059\u3002<\/p>\n<ul>\n<li> FIDI\u306e\u30ec\u30ae\u30e5\u30ec\u30fc\u30b7\u30e7\u30f3\u3092\u9075\u5b88\u3059\u308b<\/li>\n<li> \u5fdc\u52df\u524d\u306b2\u5e74\u4ee5\u4e0a\u3001\u56fd\u969b\u9593\u306e\u5f15\u8d8a\u3057\u696d\u52d9\u306b\u5f93\u4e8b\u3057\u3066\u3044\u308b\u3053\u3068\u3002<\/li>\n<li> \u5e74\u959310\u4ef6\u4ee5\u4e0a\u306e\u5927\u9678\u9593\u79fb\u52d5\u306e\u5b9f\u65bd*\u3002<\/li>\n<li> \u9069\u5207\u304b\u3064\u5341\u5206\u306a\u4fdd\u967a\u306b\u52a0\u5165\u3057\u3066\u3044\u308b\u3053\u3068<\/li>\n<li> FIDI\u8d08\u53ce\u8cc4\u9632\u6b62\u30fb\u8150\u6557\u9632\u6b62\u61b2\u7ae0\uff08FIDI ABC\u61b2\u7ae0\uff09\u306b\u7f72\u540d\u3059\u308b\u3002<\/li>\n<li> \u8ca1\u52d9\u7684\u306b\u5065\u5168\u3067\u3042\u308b\u3053\u3068\uff08\u5fdc\u52df\u306e\u6bb5\u968e\u3067\u7b2c\u4e09\u8005\u76e3\u67fb\u4eba\u306b\u3088\u308b\u8ca1\u52d9\u7684\u5065\u5168\u6027\u306e\u30c1\u30a7\u30c3\u30af\u304c\u884c\u308f\u308c\u307e\u3059\u3002\uff09<\/li>\n<li> FIDI-FAIM\u306e\u8a8d\u5b9a\u3092\u53d7\u3051\u3066\u3044\u308b\u3053\u3068\uff08FIDI\u3078\u306e\u5165\u4f1a\u7533\u8acb\u3068\u540c\u6642\u306bFAIM\u306e\u8a8d\u5b9a\u3092\u7533\u8acb\u3057\u307e\u3059\u3002\uff09<\/li>\n<\/ul>\n<p><strong>FAIM\u306e\u8a8d\u5b9a\u3092\u53d7\u3051\u3066\u3044\u308b\u3002<\/strong><\/p>\n<p>FIDI-FAIM\u8a8d\u8a3c\u30d7\u30ed\u30b0\u30e9\u30e0\u306f\u3001\u56fd\u969b\u7684\u306a\u5f15\u8d8a\u3057\u696d\u8005\u306b\u30013\u5e74\u3054\u3068\u306b\u884c\u308f\u308c\u308b\u72ec\u7acb\u3057\u305f\u76e3\u67fb\u3092\u901a\u3058\u3066\u3001\u5927\u9678\u9593\u306e\u5f15\u8d8a\u3057\u6d3b\u52d5\u306b\u95a2\u3059\u308b\u5b9a\u671f\u7684\u306a\u72ec\u7acb\u3057\u305f\u8a55\u4fa1\u3092\u884c\u3046\u3053\u3068\u3092\u7fa9\u52d9\u4ed8\u3051\u3066\u3044\u307e\u3059\u3002<\/p>\n<p>\u3053\u308c\u306b\u3088\u308a\u3001FIDI\u4f01\u696d\u306f\u3001\u7d71\u4e00\u3055\u308c\u305f\u54c1\u8cea\u5fd7\u5411\u306e\u52b9\u679c\u7684\u306a\u65b9\u6cd5\u3067\u56fd\u969b\u7684\u306a\u5f15\u8d8a\u3057\u30b5\u30fc\u30d3\u30b9\u3092\u7ba1\u7406\u30fb\u5b9f\u884c\u3059\u308b\u305f\u3081\u306e\u4e16\u754c\u5171\u901a\u306e\u57fa\u6e96\u306b\u57fa\u3065\u3044\u3066\u696d\u52d9\u3092\u884c\u3046\u3053\u3068\u304c\u3067\u304d\u307e\u3059\u3002\u307e\u305f\u3001\u305d\u306e\u57fa\u6e96\u3092\u9ad8\u304f\u4fdd\u3064\u305f\u3081\u306e\u900f\u660e\u6027\u306e\u3042\u308b\u4ed5\u7d44\u307f\u3082\u63d0\u4f9b\u3057\u3066\u3044\u307e\u3059\u3002<\/p>\n<p>\u30a8\u30f3\u30c9\u30e6\u30fc\u30b6\u30fc\u306e\u8996\u70b9\u304b\u3089\u898b\u308b\u3068\u3001FAIM\u8a8d\u5b9a\u4f01\u696d\u306f\u3001\u5f15\u8d8a\u3057\u3092\u3059\u308b\u4eba\u3084\u305d\u306e\u5f15\u8d8a\u3057\u3092\u624b\u914d\u3059\u308b\u4eba\u4e8b\u90e8\u9580\u306b\u3001\u305d\u306e\u4f01\u696d\u304c\u30d3\u30b8\u30cd\u30b9\u3092\u719f\u77e5\u3057\u3001\u9069\u5207\u306a\u4ed5\u4e8b\u3092\u3059\u308b\u305f\u3081\u306e\u8cc7\u6e90\u3068\u30ce\u30a6\u30cf\u30a6\u3092\u6301\u3063\u3066\u3044\u308b\u3068\u3044\u3046\u4fe1\u983c\u3092\u4e0e\u3048\u308b\u3053\u3068\u306b\u306a\u308a\u307e\u3059\u3002<\/p>\n<p>\u73fe\u5730\u5be9\u67fb\u306f\u3001\u56fd\u969b\u7684\u306a\u5be9\u67fb\u6a5f\u95a2\u3067\u3042\u308b\u30a2\u30fc\u30f3\u30b9\u30c8\u30fb\u30a2\u30f3\u30c9\u30fb\u30e4\u30f3\u30b0\u793e\u304c\u72ec\u81ea\u306b\u884c\u3063\u3066\u3044\u307e\u3059\u3002<\/p>\n<p><strong>\u4e00\u90e8\u4f1a\u54e1\u4f01\u696d<\/strong><\/p>\n<ul>\n<li> <a href=\"https:\/\/moverdb.com\/ja\/%e5%ae%99%e8%88%b9\/\">\u30a2\u30a4\u30ec\u30b9<\/a><\/li>\n<li> <a href=\"https:\/\/moverdb.com\/ja\/%e7%a1%ac%e9%aa%a8%e6%bc%a2\/\">\u30ab\u30c9\u30ab\u30f3\u30fb\u30c6\u30a4\u30c8<\/a><\/li>\n<li> <a href=\"https:\/\/moverdb.com\/ja\/%e3%83%8f%e3%83%ad%e3%83%bc%e3%82%b0%e3%83%aa%e3%83%bc%e3%83%b3\/\">\u30cf\u30ed\u30fc\u30b0\u30ea\u30fc\u30f3<\/a><\/li>\n<li> <a href=\"https:\/\/moverdb.com\/ja\/%e3%82%b5%e3%83%b3%e3%82%bf%e3%83%95%e3%82%a7%e3%83%aa%e3%83%ad%e3%82%b1%e3%83%bc%e3%82%b7%e3%83%a7%e3%83%b3\/\">\u30b5\u30f3\u30bf\u30d5\u30a7\u79fb\u8ee2<\/a><\/li>\n<li> <a href=\"https:\/\/moverdb.com\/ja\/%e3%83%81%e3%83%bc%e3%83%a0%e3%83%bb%e3%83%aa%e3%83%ad%e3%82%b1%e3%83%bc%e3%82%b7%e3%83%a7%e3%83%b3\/\">\u30c1\u30fc\u30e0\u30ea\u30ed\u30b1\u30fc\u30b7\u30e7\u30f3<\/a><\/li>\n<li> <a href=\"https:\/\/moverdb.com\/ja\/%e6%97%a5%e6%9c%ac%e9%80%9a%e9%81%8b\/\">\u65e5\u672c\u901a\u904b<\/a><\/li>\n<li> <a href=\"https:\/\/moverdb.com\/ja\/%e6%8b%ac%e3%82%8b\/\">\u30bb\u30c8\u30ec\u30f3<\/a><\/li>\n<li> <a href=\"https:\/\/moverdb.com\/ja\/%e3%82%b3%e3%83%b3%e3%83%ad%e3%82%a4%e3%83%aa%e3%83%a0%e3%83%bc%e3%83%90%e3%83%ab\/\">\u30b3\u30f3\u30ed\u30a4\u30fb\u30ea\u30e0\u30fc\u30d0\u30eb\u30ba<\/a><\/li>\n<li> <a href=\"https:\/\/moverdb.com\/ja\/%e3%83%9c%e3%83%aa%e3%82%ac%e3%83%bc\/\">\u30dc\u30ea\u30ac\u30fc<\/a><\/li>\n<li> <a href=\"https:\/\/moverdb.com\/ja\/%e3%83%a0%e3%83%80%e3%83%85%e3%83%a2\/\">Mudanzas Gou<\/a><\/li>\n<li> <a href=\"https:\/\/moverdb.com\/ja\/%e3%82%ae%e3%83%ab%e3%82%b9%e3%82%bf%e3%83%83%e3%83%95\/\">\u30ae\u30eb\u30fb\u30b7\u30e5\u30bf\u30a6\u30d5\u30a1\u30fc<\/a><\/li>\n<li> <a href=\"https:\/\/moverdb.com\/ja\/%e3%83%91%e3%83%83%e3%82%ad%e3%83%b3%e3%83%9a%e3%83%83%e3%82%af%e3%82%b9\/\">\u30d1\u30c3\u30ad\u30f3\u30da\u30c3\u30af\u30b9<\/a><\/li>\n<\/ul>\n<p><strong>\u7d44\u7e54\u306b\u5bfe\u3059\u308b\u610f\u898b<\/strong><\/p>\n<p>FIDI\u306f\u3001\u5927\u304d\u306a\u30ea\u30bd\u30fc\u30b9\u3092\u6301\u3061\u3001\u76e3\u67fb\u3092\u7d99\u7d9a\u3057\u3066\u3044\u308b\u70b9\u3067\u3082\u3001\u30db\u30fc\u30e0\u30da\u30fc\u30b8\u3067\u8a00\u53ca\u3057\u3066\u3044\u308b\u30e0\u30fc\u30d0\u30fc\u304b\u3089\u9ad8\u3044\u8a55\u4fa1\u3092\u5f97\u3066\u3044\u307e\u3059\u3002 <\/p>\n<p>FIDI\u304c\u7bc9\u304d\u4e0a\u3052\u305f\u8a55\u5224\u306b\u306f\u3001\u72ec\u7acb\u6027\u3082\u91cd\u8981\u306a\u8981\u7d20\u3068\u306a\u3063\u3066\u3044\u307e\u3059\u3002\u3059\u3079\u3066\u306e\u5f15\u8d8a\u3057\u696d\u8005\u306f\u3001\u81ea\u56fd\u4ee5\u5916\u306e\u30b3\u30f3\u30b5\u30eb\u30bf\u30f3\u30c8\u306b\u3088\u308b\u30b3\u30f3\u30d7\u30e9\u30a4\u30a2\u30f3\u30b9\u624b\u7d9a\u304d\u3092\u30aa\u30f3\u30b5\u30a4\u30c8\u3067\u884c\u3063\u3066\u3044\u307e\u3059\u3002 <\/p>\n<blockquote><p>FAIM\/ISO\u306f\u3001\u6700\u9ad8\u306e\u54c1\u8cea\u30ec\u30d9\u30eb\u3092\u76ee\u6307\u3059\u5f15\u8d8a\u4f1a\u793e\u306b\u3068\u3063\u3066\u3001\u4e16\u754c\u6700\u9ad8\u6c34\u6e96\u306e\u8a8d\u8a3c\u898f\u683c\u3067\u3059\u3002<\/p><\/blockquote>\n<p> - <a href=\"http:\/\/www.ossworldwidemovers.com\/fidi-accredited-international-mover\" target=\"_blank\" rel=\"noopener\">OSS\u30ef\u30fc\u30eb\u30c9\u30ef\u30a4\u30c9\u30e0\u30fc\u30d0\u30fc<\/a><\/p>\n<blockquote><p>\u4e16\u306e\u4e2d\u306b\u306f\u6570\u591a\u304f\u306e\u5f15\u8d8a\u3057\u696d\u8005\u304c\u5b58\u5728\u3057\u307e\u3059\u3002\u305d\u306e\u4e2d\u304b\u3089\u826f\u3044\u696d\u8005\u3068\u60aa\u3044\u696d\u8005\u3092\u898b\u5206\u3051\u308b\u306b\u306f\u3069\u3046\u3057\u305f\u3089\u3088\u3044\u306e\u3067\u3057\u3087\u3046\u304b\u3002\u307e\u305a\u306f\u3001\u56fd\u969b\u5f15\u8d8a\u306e\u30b4\u30fc\u30eb\u30c9\u30b9\u30bf\u30f3\u30c0\u30fc\u30c9\u3067\u3042\u308bFIDI\/FAIM\u304b\u3089\u59cb\u3081\u308b\u3068\u3088\u3044\u3067\u3057\u3087\u3046\u3002<\/p><\/blockquote>\n<p>- <a href=\"http:\/\/www.jkmoving.com\/International\/International_Network-_FIDI\/FAIM\/\" target=\"_blank\" rel=\"noopener\">JK\u30e0\u30fc\u30d3\u30f3\u30b0\u30b5\u30fc\u30d3\u30b9<\/a><\/p>\n<p><a href=\"http:\/\/www.jkmoving.com\/International\/International_Network-_FIDI\/FAIM\/\" target=\"_blank\" rel=\"noopener\"><\/a><\/p>\n<blockquote><p>\u56fd\u969b\u7684\u306a\u5f15\u8d8a\u3057\u696d\u754c\u306b\u304a\u3044\u3066\u6700\u3082\u53b3\u683c\u3067\u5305\u62ec\u7684\u306a\u54c1\u8cea\u30d7\u30ed\u30b0\u30e9\u30e0\u3067\u3042\u308a\u3001\u7d44\u7e54\u306e\u904b\u55b6\u3068\u9867\u5ba2\u3078\u306e\u30b5\u30fc\u30d3\u30b9\u306b\u95a2\u3059\u308b200\u4ee5\u4e0a\u306e\u54c1\u8cea\u8981\u6c42\u4e8b\u9805\u304c\u3042\u308b\u3002FIDI\u306f\u73fe\u5728\u3001FAIM\u3068\u547c\u3070\u308c\u308b\u8a8d\u5b9a\u3092\u63d0\u4f9b\u3057\u3066\u3044\u307e\u3059\u3002<\/p><\/blockquote>\n<p>- <a href=\"http:\/\/www.suddathinternational.com\/news\/2013\/8\/1\/faim-plus.aspx\" target=\"_blank\" rel=\"noopener\">\u30b5\u30c0\u30c8<\/a><\/p>\n<p><strong>\u30a6\u30a7\u30d6\u30b5\u30a4\u30c8<\/strong> <a href=\"https:\/\/www.fidi.org\" target=\"_blank\" rel=\"noopener\">https:\/\/www.fidi.org<\/a><\/p>","protected":false},"excerpt":{"rendered":"<p>FIDI (F\u00e9d\u00e9ration Internationale des D\u00e9m\u00e9nageurs Internationaux; The Federation of International Movers) is a global umbrella organisation of international moving and relocation businesses. It describes itself as a worldwide industry standard for top quality movers and has pioneered the FIDI Accredited International Mover (FAIM) Quality Management Programme, a quality certification programme dedicated exclusively to the international moving industry. Key facts about the organisation: FIDI represents over 600 independent companies in more than 100 countries. FIDI is the largest umbrella organisation of international removals and relocation companies. FIDI offers both personal relocation and business relocation. All FIDI Affiliates must comply with a rigorous FIDI-FAIM quality standard. FIDI offers the FAIM Quality Management [&hellip;]<\/p>\n","protected":false},"author":1,"featured_media":0,"parent":0,"menu_order":0,"comment_status":"closed","ping_status":"closed","template":"","meta":{"_genesis_hide_title":false,"_genesis_hide_breadcrumbs":false,"_genesis_hide_singular_image":false,"_genesis_hide_footer_widgets":false,"_genesis_custom_body_class":"","_genesis_custom_post_class":"","_genesis_layout":"","footnotes":""},"class_list":{"0":"post-434","1":"page","2":"type-page","3":"status-publish","5":"entry"},"_links":{"self":[{"href":"https:\/\/moverdb.com\/ja\/wp-json\/wp\/v2\/pages\/434","targetHints":{"allow":["GET"]}}],"collection":[{"href":"https:\/\/moverdb.com\/ja\/wp-json\/wp\/v2\/pages"}],"about":[{"href":"https:\/\/moverdb.com\/ja\/wp-json\/wp\/v2\/types\/page"}],"author":[{"embeddable":true,"href":"https:\/\/moverdb.com\/ja\/wp-json\/wp\/v2\/users\/1"}],"replies":[{"embeddable":true,"href":"https:\/\/moverdb.com\/ja\/wp-json\/wp\/v2\/comments?post=434"}],"version-history":[{"count":28,"href":"https:\/\/moverdb.com\/ja\/wp-json\/wp\/v2\/pages\/434\/revisions"}],"predecessor-version":[{"id":6210,"href":"https:\/\/moverdb.com\/ja\/wp-json\/wp\/v2\/pages\/434\/revisions\/6210"}],"wp:attachment":[{"href":"https:\/\/moverdb.com\/ja\/wp-json\/wp\/v2\/media?parent=434"}],"curies":[{"name":"wp","href":"https:\/\/api.w.org\/{rel}","templated":true}]}}