{"id":1034,"date":"2017-01-10T06:29:27","date_gmt":"2017-01-10T06:29:27","guid":{"rendered":"http:\/\/moverdb.com\/?page_id=1034"},"modified":"2026-01-08T13:18:31","modified_gmt":"2026-01-08T13:18:31","slug":"hilldrap-moving-storage","status":"publish","type":"page","link":"https:\/\/moverdb.com\/ja\/hilldrup-moving-storage\/","title":{"rendered":"\u30d2\u30eb\u30c9\u30eb\u30d6\u30fb\u30e0\u30fc\u30d3\u30f3\u30b0\uff06\u30b9\u30c8\u30ec\u30fc\u30b8\u6d77\u5916\u5f15\u8d8a\u3057\u306e\u30ec\u30d3\u30e5\u30fc"},"content":{"rendered":"<p>Hilldrup Moving and Storage\u306fStafford VA\u306b\u62e0\u70b9\u3092\u7f6e\u3044\u3066\u3044\u307e\u3059\u3002\u540c\u793e\u306f\u304a\u5ba2\u69d8\u306b\u69d8\u3005\u306a\u30b5\u30fc\u30d3\u30b9\u3092\u63d0\u4f9b\u3057\u3066\u304a\u308a\u3001\u4f1a\u793e\u6982\u8981\u3084\u30ec\u30d3\u30e5\u30fc\u3068\u5171\u306b\u4ee5\u4e0b\u306b\u30ea\u30b9\u30c8\u30a2\u30c3\u30d7\u3057\u3066\u3044\u307e\u3059\u3002<\/p>\n<p><strong>\u56fd\u969b\u5f15\u8d8a\u30b5\u30fc\u30d3\u30b9<\/strong><\/p>\n<p>\u30ea\u30ed\u30b1\u30fc\u30b7\u30e7\u30f3\u30a2\u30b7\u30b9\u30c8<\/p>\n<ul>\n<li> \u4eba\u4e8b\u30b3\u30f3\u30b5\u30eb\u30c6\u30a3\u30f3\u30b0\u3068\u6226\u7565\u30d7\u30e9\u30f3\u30cb\u30f3\u30b0<\/li>\n<li> \u30de\u30fc\u30b1\u30c6\u30a3\u30f3\u30b0\u652f\u63f4<\/li>\n<li> \u5bb6\u5ead\u7528\u8ca9\u58f2\u30d7\u30ed\u30b0\u30e9\u30e0<\/li>\n<li> \u7d4c\u8cbb\u7ba1\u7406<\/li>\n<li> \u4e00\u6642\u7684\u306a\u751f\u6d3b\u74b0\u5883<\/li>\n<li> \u6d77\u5916\u8d74\u4efb\u8005\u5411\u3051\u30b5\u30fc\u30d3\u30b9<\/li>\n<li> \u30c7\u30b9\u30c6\u30a3\u30cd\u30fc\u30b7\u30e7\u30f3\uff06\u30bb\u30c8\u30ea\u30f3\u30b0\u30a4\u30f3\u30b5\u30fc\u30d3\u30b9<\/li>\n<li> \u30e0\u30fc\u30d6\u30de\u30cd\u30b8\u30e1\u30f3\u30c8\u30d7\u30ed\u30b0\u30e9\u30e0<\/li>\n<li> \u5831\u916c\u3001\u7a0e\u91d1\u3001\u7d66\u4e0e\u306b\u95a2\u3059\u308b\u8003\u616e\u4e8b\u9805<\/li>\n<li> \u30ab\u30b9\u30bf\u30de\u30a4\u30ba\u3055\u308c\u305f\u30ec\u30dd\u30fc\u30c6\u30a3\u30f3\u30b0<\/li>\n<li> \u4e00\u62ec\u7ba1\u7406<\/li>\n<\/ul>\n<p>\u30e0\u30fc\u30d6\u30de\u30cd\u30b8\u30e1\u30f3\u30c8<\/p>\n<ul>\n<li> \u5c02\u4efb\u306e\u6d77\u5916\u5f15\u8d8a\u30ab\u30a6\u30f3\u30bb\u30e9\u30fc<\/li>\n<li> \u5185\u9678\u304a\u3088\u3073\u6d77\u4e0a\u30fb\u822a\u7a7a\u8f38\u9001\u306e\u3059\u3079\u3066\u3092\u7ba1\u7406<\/li>\n<li> \u30d1\u30b9\u30dd\u30fc\u30c8\u3001\u30d3\u30b6\u3001\u7a0e\u95a2\u306b\u95a2\u3059\u308b\u30b5\u30dd\u30fc\u30c8<\/li>\n<\/ul>\n<p>\u30b9\u30c8\u30ec\u30fc\u30b8\u6a5f\u80fd<\/p>\n<ul>\n<li> \u9577\u671f\u4fdd\u5b58\u3068\u77ed\u671f\u4fdd\u5b58<\/li>\n<li> \u4e16\u754c\u4e2d\u306e\u30b9\u30c8\u30ec\u30fc\u30b8\u5009\u5eab\u306b\u7121\u5236\u9650\u306b\u30a2\u30af\u30bb\u30b9\u53ef\u80fd<\/li>\n<li> 24\u6642\u9593365\u65e5\u4f53\u5236\u306e\u30bb\u30ad\u30e5\u30ea\u30c6\u30a3<\/li>\n<li> \u30b9\u30d7\u30ea\u30f3\u30af\u30e9\u30fc\u3001\u6d88\u706b\u88c5\u7f6e<\/li>\n<li> DOD\u8a8d\u8a3c\u53d6\u5f97\u6e08\u307f<\/li>\n<li> 200,000\u5e73\u65b9\u30d5\u30a3\u30fc\u30c8\u306e\u6e29\u5ea6\u7ba1\u7406\u3055\u308c\u305f\u30b9\u30c8\u30ec\u30fc\u30b8\u3092\u5229\u7528\u53ef\u80fd<\/li>\n<li> \u81ea\u52d5\u8eca\u3001\u30dc\u30fc\u30c8\u3001RV\u8eca<\/li>\n<li> \u9577\u671f\u4fdd\u7ba1\u8eca\u306e\u30e1\u30f3\u30c6\u30ca\u30f3\u30b9<\/li>\n<\/ul>\n<p><strong>\u6cd5\u4eba\u5411\u3051\u5f15\u8d8a\u3057 - \u6d77\u5916\u30fb\u56fd\u5185<\/strong><\/p>\n<p>\u51fa\u56fd\u30b5\u30fc\u30d3\u30b9<\/p>\n<ul>\n<li> \u30db\u30fc\u30e0\u30de\u30fc\u30b1\u30c6\u30a3\u30f3\u30b0\u30a2\u30b7\u30b9\u30c8<\/li>\n<li> \u30d7\u30ed\u30d1\u30c6\u30a3\u30de\u30cd\u30b8\u30e1\u30f3\u30c8<\/li>\n<li> \u5bb6\u8ca1\u9053\u5177\u306e\u767a\u9001<\/li>\n<li> \u30c8\u30e9\u30d9\u30eb\u30a2\u30b7\u30b9\u30c8<\/li>\n<\/ul>\n<p>\u30c7\u30b9\u30c6\u30a3\u30cd\u30fc\u30b7\u30e7\u30f3\u30b5\u30fc\u30d3\u30b9<\/p>\n<ul>\n<li> \u30c7\u30b9\u30c6\u30a3\u30cd\u30fc\u30b7\u30e7\u30f3\u30aa\u30ea\u30a8\u30f3\u30c6\u30fc\u30b7\u30e7\u30f3<\/li>\n<li> \u30db\u30fc\u30e0\u30d5\u30a1\u30a4\u30f3\u30c7\u30a3\u30f3\u30b0\u652f\u63f4<\/li>\n<li> \u4f4f\u5b85\u30ed\u30fc\u30f3\u652f\u63f4<\/li>\n<li> \u4eee\u8a2d\u4f4f\u5b85<\/li>\n<li> \u30ec\u30f3\u30bf\u30eb\u652f\u63f4<\/li>\n<li> \u5bb6\u65cf\u79fb\u884c\u652f\u63f4<\/li>\n<\/ul>\n<p>\u30b0\u30ed\u30fc\u30d0\u30eb\u30a2\u30b5\u30a4\u30f3\u30e1\u30f3\u30c8<\/p>\n<ul>\n<li> \u30a8\u30ea\u30a2\u30aa\u30ea\u30a8\u30f3\u30c6\u30fc\u30b7\u30e7\u30f3<\/li>\n<li> \u30c6\u30f3\u30dd\u30e9\u30ea\u30fc\u30fb\u30ea\u30d3\u30f3\u30b0<\/li>\n<li> \u8a9e\u5b66\u7814\u4fee<\/li>\n<li> \u30d3\u30b6\u30fb\u79fb\u6c11\u30b5\u30fc\u30d3\u30b9<\/li>\n<li> \u30c6\u30ca\u30f3\u30c8\u30de\u30cd\u30b8\u30e1\u30f3\u30c8<\/li>\n<li> \u30b3\u30b9\u30c8\u4e88\u6e2c<\/li>\n<li> \u30db\u30fc\u30e0\u30d5\u30a1\u30a4\u30f3\u30c7\u30a3\u30f3\u30b0<\/li>\n<li> \u30bb\u30c8\u30ea\u30f3\u30b0\u30b5\u30fc\u30d3\u30b9<\/li>\n<li> \u30af\u30ed\u30b9\u30ab\u30eb\u30c1\u30e3\u30fc\u7814\u4fee<\/li>\n<li> \u5b66\u6821\u30fb\u6559\u80b2\u6a5f\u95a2\u691c\u7d22\u652f\u63f4<\/li>\n<li> \u914d\u5076\u8005\u30fb\u30d1\u30fc\u30c8\u30ca\u30fc\u652f\u63f4\u30d7\u30ed\u30b0\u30e9\u30e0<\/li>\n<\/ul>\n<p><strong>\u653f\u5e9c\u30fb\u8ecd\u95a2\u4fc2<\/strong><\/p>\n<ul>\n<li> CHAMP<\/li>\n<li> DOD\u30cf\u30a6\u30b9\u30db\u30fc\u30eb\u30c9\u30e0\u30fc\u30d3\u30f3\u30b0<\/li>\n<li> \u30d5\u30eb\u30ea\u30ed\u30b1\u30fc\u30b7\u30e7\u30f3\u9023\u90a6\u4f9b\u7d66\u30b9\u30b1\u30b8\u30e5\u30fc\u30eb<\/li>\n<li> \u30aa\u30d5\u30a3\u30b9\u79fb\u8ee2\u306e\u9023\u90a6\u4f9b\u7d66\u30b9\u30b1\u30b8\u30e5\u30fc\u30eb<\/li>\n<\/ul>\n<p><strong>\u4f4f\u5b85\u7528\u5f15\u8d8a\u3057\u30b5\u30fc\u30d3\u30b9<\/strong><\/p>\n<ul>\n<li> \u30c9\u30a2\u30c4\u30fc\u30c9\u30a2<\/li>\n<li> \u30d5\u30eb\u30b5\u30fc\u30d3\u30b9\u53ef\u80fd<\/li>\n<li> \u9577\u671f\u30fb\u77ed\u671f\u306e\u4fdd\u7ba1\u304c\u53ef\u80fd<\/li>\n<li> \u68b1\u5305\u30fb\u958b\u68b1<\/li>\n<li> \u4fdd\u967a\u624b\u914d<\/li>\n<li> \u81ea\u52d5\u8eca\u8f38\u9001<\/li>\n<\/ul>\n<p><strong>\u5546\u696d\u7528\u5f15\u8d8a\u30b5\u30fc\u30d3\u30b9<\/strong><\/p>\n<ul>\n<li> \u30ef\u30fc\u30eb\u30c9\u30ef\u30a4\u30c9\u306a\u30ea\u30ed\u30b1\u30fc\u30b7\u30e7\u30f3\u30de\u30cd\u30b8\u30e1\u30f3\u30c8<\/li>\n<li> \u5168\u56fd\u898f\u6a21\u306e\u30aa\u30d5\u30a3\u30b9\u79fb\u8ee2<\/li>\n<li> \u30ad\u30e3\u30f3\u30d1\u30b9\u8a2d\u5b9a<\/li>\n<li> \u4e88\u7b97\/\u30b3\u30b9\u30c8\u5206\u6790<\/li>\n<li> \u30a4\u30f3\u30b9\u30c8\u30fc\u30eb<\/li>\n<li> \u518d\u69cb\u6210<\/li>\n<li> \u30a2\u30bb\u30c3\u30c8\u30de\u30cd\u30b8\u30e1\u30f3\u30c8<\/li>\n<li> \u5009\u5eab\u696d<\/li>\n<li> IT\u30c7\u30a3\u30b9\u30b3\u30cd\u30af\u30c8\uff0f\u30ea\u30b3\u30cd\u30af\u30c8<\/li>\n<li> IT\u306e\u305f\u3081\u306e\u30ab\u30b9\u30bf\u30e0\u30c7\u30b6\u30a4\u30f3\u30cb\u30fc\u30ba\u5206\u6790<\/li>\n<li> \u30a6\u30a7\u30d6\u30d9\u30fc\u30b9\u306e\u6e05\u7b97<\/li>\n<\/ul>\n<h2>\u30d2\u30eb\u30c9\u30eb\u30d6\u30fb\u30e0\u30fc\u30d3\u30f3\u30b0\uff06\u30b9\u30c8\u30ec\u30fc\u30b8\u793e\u6982\u8981<\/h2>\n<p>1903\u5e74\u3001R\u30fbG\u30fb\u30d2\u30eb\u30c9\u30eb\u30c3\u30d7\u6c0f\u304c\u73fe\u5728\u306e\u30d2\u30eb\u30c9\u30eb\u30c3\u30d7\u30fb\u30e0\u30fc\u30d3\u30f3\u30b0\u30fb\u30a2\u30f3\u30c9\u30fb\u30b9\u30c8\u30ec\u30fc\u30b8\u30fb\u30ab\u30f3\u30d1\u30cb\u30fc\u3092\u59cb\u3081\u305f\u30021940\u5e74\u4ee3\u3001\u4f1a\u793e\u306f\u5f93\u696d\u54e1\u306e\u4e00\u4eba\u3067\u3042\u308bC\u30fbB\u30fb\u30de\u30af\u30c0\u30cb\u30a8\u30eb\u306b\u58f2\u5374\u3055\u308c\u305f\u30021964\u5e74\u3001Hilldrup\u306fMr.C.B McDaniel\u3068\u30d1\u30fc\u30c8\u30ca\u30fc\u30b7\u30c3\u30d7\u3092\u7d50\u3073\u307e\u3057\u305f\u3002 <a href=\"https:\/\/moverdb.com\/ja\/%e3%83%a6%e3%83%8a%e3%82%a4%e3%83%86%e3%83%83%e3%83%89%e3%83%90%e3%83%b3%e3%83%a9%e3%82%a4%e3%83%b3\/\">\u30e6\u30ca\u30a4\u30c6\u30c3\u30c9 \u30d0\u30f3 \u30e9\u30a4\u30f3\u30ba<\/a> \u3053\u308c\u306b\u3088\u308a\u3001\u30b5\u30fc\u30d3\u30b9\u5185\u5bb9\u3092\u5927\u5e45\u306b\u62e1\u5927\u3059\u308b\u3053\u3068\u304c\u3067\u304d\u307e\u3057\u305f\u3002\u73fe\u5728\u3067\u306f\u3001\u500b\u4eba\u304a\u3088\u3073\u6cd5\u4eba\u306e\u304a\u5ba2\u69d8\u306b\u3001\u56fd\u5185\u3001\u56fd\u5916\u3078\u306e\u5f15\u8d8a\u3057\u3092\u63d0\u4f9b\u3057\u3001\u3055\u3089\u306b\u5927\u898f\u6a21\u306a\u5009\u5eab\u65bd\u8a2d\u3082\u5099\u3048\u3066\u3044\u307e\u3059\u3002 <\/p>\n<p>\u30d2\u30eb\u30c9\u30e9\u30c3\u30d7\u306f\u73fe\u5728\u3001\u30de\u30af\u30c0\u30cb\u30a8\u30eb\u306e3\u4ee3\u76ee\u304c\u7d4c\u55b6\u3057\u3066\u304a\u308a\u3001\u5bb6\u65cf\u306e\u5f37\u3055\u3092\u5f37\u304f\u4fe1\u3058\u3066\u3044\u308b\u4f1a\u793e\u3067\u3042\u308b\u3002\u3053\u306e\u7cbe\u795e\u306f\u3001\u304a\u5ba2\u69d8\u306b\u3082\u53d7\u3051\u7d99\u304c\u308c\u3066\u3044\u308b\u306e\u3067\u3059\u3002\u307e\u305f\u3001\u30d2\u30eb\u30c9\u30e9\u30c3\u30d7\u306f\u793e\u4f1a\u8ca2\u732e\u6d3b\u52d5\u306b\u3082\u7a4d\u6975\u7684\u3067\u3001\u591a\u304f\u306e\u30c1\u30e3\u30ea\u30c6\u30a3\u56e3\u4f53\u3092\u652f\u63f4\u3057\u3066\u3044\u307e\u3059\u3002<\/p>\n<p>\u30d2\u30eb\u30c9\u30e9\u30c3\u30d7\u30fb\u30e0\u30fc\u30d3\u30f3\u30b0\u30fb\u30a2\u30f3\u30c9\u30fb\u30b9\u30c8\u30ec\u30fc\u30b8\u306f\u3001\u4ee5\u4e0b\u306e\u3088\u3046\u306a\u8a8d\u5b9a\u30fb\u63d0\u643a\u3092\u53d6\u5f97\u3057\u3066\u3044\u307e\u3059\u3002<\/p>\n<ul>\n<li> <a href=\"https:\/\/moverdb.com\/ja\/%e3%82%a2%e3%83%bc%e3%82%b5\/\">\u7c73\u56fd\u5f15\u8d8a\u53ce\u7d0d\u5354\u4f1a<\/a> (<a href=\"https:\/\/moverdb.com\/ja\/amsa\/\" data-internallinksmanager029f6b8e52c=\"5\" title=\"\u7c73\u56fd\u5f15\u8d8a\u30fb\u4fdd\u7ba1\u5354\u4f1a\uff08AMSA\uff09\u306e\u8aac\u660e\">\u30a8\u30fc\u30a8\u30e0\u30a8\u30b9\u30a8\u30fc<\/a>)<\/li>\n<li> <a href=\"https:\/\/moverdb.com\/ja\/%e3%83%aa%e3%83%a0%e3%83%97%e3%83%ad%e3%83%a0%e3%83%bc%e3%83%90%e3%83%bc\/\">AMSA\u306eRIM\uff08Registered International Mover\uff09\u8a8d\u5b9a\u8cc7\u683c<\/a><\/li>\n<li> \u7c73\u56fd\u30c8\u30e9\u30c3\u30af\u5354\u4f1a\uff08ATA\uff09<\/li>\n<li> \u5168\u652f\u5e97\u306e\u30d9\u30bf\u30fc\u30d3\u30b8\u30cd\u30b9\u30d3\u30e5\u30fc\u30ed\u30fc<\/li>\n<li> \u56fd\u969b\u30a2\u30b5\u30a4\u30f3\u30e1\u30f3\u30c8\u30de\u30cd\u30b8\u30e1\u30f3\u30c8\u30bb\u30f3\u30bf\u30fc(CIAM)<\/li>\n<li> \u5bb6\u5ead\u7528\u54c1\u306e\u96c6\u4e2d\u7ba1\u7406\u30d7\u30ed\u30b0\u30e9\u30e0\uff08CHAMP\uff09<\/li>\n<li> \u8a8d\u5b9a\u30ea\u30ed\u30b1\u30fc\u30b7\u30e7\u30f3\u30fb\u30d7\u30ed\u30d5\u30a7\u30c3\u30b7\u30e7\u30ca\u30eb\uff08CRP\uff09\u6307\u5b9a<\/li>\n<li> \u30b3\u30a2\u30cd\u30c3\u30c8\u30b0\u30ed\u30fc\u30d0\u30eb<\/li>\n<li> <a href=\"https:\/\/moverdb.com\/ja\/%e5%be%93%e6%a5%ad%e5%93%a1%e7%a7%bb%e5%8b%95%e5%8d%94%e8%ad%b0%e4%bc%9a\/\">\u5f93\u696d\u54e1\u79fb\u8ee2\u5354\u8b70\u4f1a<\/a> (<a href=\"https:\/\/moverdb.com\/ja\/employee-relocation-council\/\" data-internallinksmanager029f6b8e52c=\"83\" title=\"\u4e16\u754c\u7684\u306a\u5f93\u696d\u54e1\u79fb\u8ee2\u5354\u8b70\u4f1a\uff08ERC\uff09\u306e\u8aac\u660e\">ERC<\/a>)<\/li>\n<li> \u9023\u90a6\u6d77\u4e8b\u59d4\u54e1\u4f1a<\/li>\n<li> <a href=\"https:\/\/moverdb.com\/ja\/%e3%83%95%e3%82%a3%e3%83%87%e3%82%a3%e3%83%bb%e3%83%95%e3%82%a1%e3%82%a4%e3%83%a0\/\">\u56fd\u969b\u5f15\u8d8a\u793e\u9023\u76df\uff0fF\u00e9d\u00e9ration Internationale des D\u00e9m\u00e9nageurs Internationaux<\/a> (<a href=\"https:\/\/moverdb.com\/ja\/fidi-faim\/\" data-internallinksmanager029f6b8e52c=\"16\" title=\"FIDI\u3068FAIM\uff08FIDI Accredited International Mover\uff09\u306e\u8aac\u660e\">\u30d5\u30a3\u30c7\u30a3<\/a>)<\/li>\n<li> FIDI FAIM\/ISO \u8a8d\u8a3c<\/li>\n<li> \u30b0\u30ed\u30fc\u30d0\u30eb\u30fb\u30e2\u30d3\u30ea\u30c6\u30a3\u30fb\u30b9\u30da\u30b7\u30e3\u30ea\u30b9\u30c8\uff08GMS\uff09\u8cc7\u683c\u8a8d\u5b9a<\/li>\n<li> <a href=\"https:\/\/moverdb.com\/ja\/%e3%82%a4%e3%82%b0%e3%83%95%e3%82%a1%e3%83%bc%e3%82%a2\/\">\u5bb6\u8ca1\u30d5\u30a9\u30ef\u30fc\u30c0\u30fc\u30ba\u5354\u4f1a<\/a> (HHGFA)<\/li>\n<li> <a href=\"https:\/\/moverdb.com\/ja\/%e3%82%a4%e3%82%a2%e3%82%bf\/\">\u56fd\u969b\u822a\u7a7a\u904b\u9001\u5354\u4f1a<\/a> (<a href=\"https:\/\/moverdb.com\/ja\/iata\/\" data-internallinksmanager029f6b8e52c=\"22\" title=\"\u56fd\u969b\u822a\u7a7a\u904b\u9001\u5354\u4f1a\uff08IATA\uff09\u306e\u8aac\u660e\">IATA<\/a>)<\/li>\n<li> <a href=\"https:\/\/moverdb.com\/ja\/%e3%82%a4%e3%83%a0\/\">\u56fd\u969b\u30e0\u30fc\u30d0\u30fc\u30ba\u5354\u4f1a<\/a> (<a href=\"https:\/\/moverdb.com\/ja\/iam\/\" data-internallinksmanager029f6b8e52c=\"23\" title=\"\u56fd\u969b\u5f15\u8d8a\u5354\u4f1a\uff08IAM\uff09\u306e\u8aac\u660e\">\u30a2\u30a4\u30a2\u30e0<\/a>)<\/li>\n<li> \u56fd\u969b\u65bd\u8a2d\u7ba1\u7406\u5354\u4f1a\uff08IFMA\uff09<\/li>\n<li> ISO9001:2000\u8a8d\u8a3c\u53d6\u5f97<\/li>\n<li> <a href=\"https:\/\/moverdb.com\/ja\/%e3%83%a9%e3%82%af%e3%83%9e\/\">\u30e9\u30c6\u30f3\u30a2\u30e1\u30ea\u30ab\u30fb\u30ab\u30ea\u30d6\u6d77\u5730\u57df\u5f15\u8d8a\u3057\u5354\u4f1a<\/a> (<a href=\"https:\/\/moverdb.com\/ja\/lacma\/\" data-internallinksmanager029f6b8e52c=\"28\" title=\"\u30e9\u30c6\u30f3\u30a2\u30e1\u30ea\u30ab\u30fb\u30ab\u30ea\u30d6\u6d77\u8af8\u56fd\u56fd\u969b\u5f15\u8d8a\u3057\u5354\u4f1a\uff08LACMA\uff09\">LACMA<\/a>)<\/li>\n<li> \u30d7\u30ed\u30d5\u30a7\u30c3\u30b7\u30e7\u30ca\u30eb\u30fb\u30a8\u30f3\u30d7\u30ed\u30a4\u30fc\u30fb\u30ea\u30ed\u30b1\u30fc\u30b7\u30e7\u30f3\u30fb\u30ab\u30a6\u30f3\u30b7\u30eb \u30a4\u30f3\u30bf\u30fc\u30ca\u30b7\u30e7\u30ca\u30eb\uff08PERC International\uff09<\/li>\n<li> <a href=\"https:\/\/moverdb.com\/ja\/%e3%83%aa%e3%83%a0%e3%83%97%e3%83%ad%e3%83%a0%e3%83%bc%e3%83%90%e3%83%bc\/\">\u30d7\u30ed\u30e0\u30fc\u30d0\u30fc<\/a><\/li>\n<li> \u30e6\u30cb\u30b0\u30eb\u30fc\u30d7\u30fb\u30ef\u30fc\u30eb\u30c9\u30ef\u30a4\u30c9\u8a8d\u5b9a\u56fd\u969b\u30d5\u30a9\u30ef\u30fc\u30c0\u30fc<\/li>\n<li> UniGroup Worldwide UTS Agent Forwarder\uff08\u30e6\u30cb\u30b0\u30eb\u30fc\u30d7\u30fb\u30ef\u30fc\u30eb\u30c9\u30ef\u30a4\u30c9\u30fb\u30e6\u30fc\u30c6\u30a3\u30fc\u30a8\u30b9\u30fb\u30a8\u30fc\u30b8\u30a7\u30f3\u30c8\u30fb\u30d5\u30a9\u30ef\u30fc\u30c0\u30fc<\/li>\n<\/ul>\n<h2>\u30d2\u30eb\u30c9\u30eb\u30d6\u30fb\u30e0\u30fc\u30d3\u30f3\u30b0\uff06\u30b9\u30c8\u30ec\u30fc\u30b8\u306e\u53e3\u30b3\u30df<\/h2>\n<p><strong>\u30dd\u30b8\u30c6\u30a3\u30d6\u3067\u3059\u3002<\/strong><\/p>\n<ul>\n<li> <em>\"\u5f7c\u3089\u306f\u3059\u3079\u3066\u3092\u79fb\u52d5\u3055\u305b\u3001\u7d20\u6674\u3089\u3057\u3044\u4ed5\u4e8b\u3092\u3057\u305f\u3002  \u30d0\u30c3\u30af\u30aa\u30d5\u30a3\u30b9\u3082\u8cea\u554f\u306b\u7b54\u3048\u3066\u304f\u308c\u305f\u308a\u3001\u5f15\u3063\u8d8a\u3057\u306b\u3064\u3044\u3066\u5168\u3066\u77e5\u3063\u3066\u3044\u308b\u3053\u3068\u3092\u78ba\u8a8d\u3057\u3066\u304f\u308c\u305f\u308a\u3068\u3001\u304b\u306a\u308a\u7d20\u6674\u3089\u3057\u3044\u5bfe\u5fdc\u3067\u3057\u305f\u3002\"<\/em> - \u30de\u30a4\u30b1\u30ebS.\u7d4c\u7531 <a href=\"https:\/\/www.yelp.co.uk\/biz\/hilldrup-moving-and-storage-stafford?hrid=hESxKCc7GvTBdlp-kN4udw&#038;utm_campaign=www_review_share_popup&#038;utm_medium=copy_link&#038;utm_source=(direct)\" target=\"_blank\" rel=\"noopener\">\u30a4\u30a7\u30eb\u30d7<\/a>.<\/li>\n<li> <em>\u300c\u898b\u7a4d\u3082\u308a\u304b\u3089\u7d0d\u54c1\u307e\u3067\u3001\u6642\u9593\u901a\u308a\u306b\u6765\u3066\u304f\u308c\u3066\u3001\u30d7\u30ed\u30d5\u30a7\u30c3\u30b7\u30e7\u30ca\u30eb\u3067\u793c\u5100\u6b63\u3057\u304f\u3001\u3068\u3066\u3082\u89aa\u5207\u306a\u4f1a\u793e\u3067\u3059\u3002<\/em> - \u30b6\u30fb\u30e4\u30fc\u30d6\u30b9 via <a href=\"https:\/\/www.bbb.org\/richmond\/business-reviews\/movers\/hilldrup-moving-storage-in-stafford-va-37026248\/reviews-and-complaints\" target=\"_blank\" rel=\"noopener\">BBB<\/a><\/li>\n<\/ul>\n<p><strong>\u5426\u5b9a\u7684\u3067\u3042\u308b\u3002<\/strong><\/p>\n<ul>\n<li> <em>\"\u3053\u3044\u3064\u3089 \"\u306f\u3072\u3069\u3044\u3002\u30d7\u30ed\u306e\u5f15\u8d8a\u3057\u5c4b\u3055\u3093\u306b\u983c\u3080\u3068\u3001\u58ca\u308c\u308b\u3053\u3068\u3082\u60f3\u5b9a\u3055\u308c\u308b\u306e\u306f\u5206\u304b\u3063\u3066\u3044\u307e\u3059\u3057\u3001\u305d\u308c\u306f\u30d7\u30ed\u30bb\u30b9\u306e\u4e00\u90e8\u3067\u3059\u3002\u554f\u984c\u306f\u3001\u672c\u5f53\u306b\u611a\u304b\u306a\u30df\u30b9\u306e\u305f\u3081\u306b\u58ca\u308c\u3066\u3044\u308b\u3082\u306e\u3092\u767a\u898b\u3057\u305f\u3053\u3068\u3067\u3059\u3002<\/em> - \u30cb\u30c3\u30afT\u3055\u3093\u7d4c\u7531 <a href=\"https:\/\/www.yelp.co.uk\/biz\/hilldrup-moving-and-storage-stafford?hrid=tgu5ZfofrNJ6h_HXaIX9PQ&#038;utm_campaign=www_review_share_popup&#038;utm_medium=copy_link&#038;utm_source=(direct)\" target=\"_blank\" rel=\"noopener\">\u30a4\u30a7\u30eb\u30d7<\/a><\/li>\n<li> <em>\"\u30d2\u30eb\u30c9\u30eb\u30d6\u304b\u3089\u6765\u305f\u30c9\u30e9\u30a4\u30d0\u30fc\u306f\u3001\u8377\u964d\u308d\u3057\u306e\u7d4c\u9a13\u304c\u306a\u304f\u3001\u9ad8\u5c64\u30d3\u30eb\u306b\u8377\u7269\u3092\u904b\u3093\u3067\u3044\u305f\u308f\u3051\u3067\u3059\u3002\u3053\u308c\u306f\u975e\u5e38\u306b\u60aa\u3044\u3053\u3068\u3067\u3001\u3068\u3066\u3082\u30d7\u30ed\u30d5\u30a7\u30c3\u30b7\u30e7\u30ca\u30eb\u3068\u306f\u8a00\u3048\u307e\u305b\u3093\u3002\"<\/em> - \u30b7\u30e3\u30e9\u30c9\u7d4c\u7531 <a href=\"https:\/\/www.mymovingreviews.com\/movers\/hilldrup-3657\" target=\"_blank\" rel=\"noopener\">\u30de\u30a4\u30e2\u30a4\u30f3\u30b0\u30fb\u30ec\u30d3\u30e5\u30fc\u30fb\u30c9\u30c3\u30c8\u30b3\u30e0<\/a><\/li>\n<\/ul>\n<div itemprop=\"review\" itemscope itemtype=\"http:\/\/schema.org\/Review\">\n<span itemprop=\"author\" itemscope=\"\" itemtype=\"http:\/\/schema.org\/Organization\"><span itemprop=\"name\">\u30e0\u30fc\u30d0\u30fc\u30ba\u30c9\u30c3\u30c8\u30b3\u30e0<\/span><\/span> \u306e\u30aa\u30f3\u30e9\u30a4\u30f3\u30a6\u30a7\u30d6\u30b5\u30a4\u30c8\u30ec\u30d3\u30e5\u30fc <span itemprop=\"itemreviewed\" itemscope=\"\" itemtype=\"http:\/\/schema.org\/Brand\"><span itemprop=\"name\">\u30d2\u30eb\u30c9\u30eb\u30d6\u30fb\u30e0\u30fc\u30d3\u30f3\u30b0\uff06\u30b9\u30c8\u30ec\u30fc\u30b8<\/span><\/span>:<\/p>\n<ol>\n<li> \u30db\u30fc\u30e0\u30da\u30fc\u30b8\u3067\u9023\u7d61\u5148\u3092\u660e\u78ba\u306b\u3059\u308b\uff08\u96fb\u8a71\u756a\u53f7\u3082\u542b\u3080\uff09\u3002 <strong>\u306f\u3044<\/strong><\/li>\n<li> \u5165\u624b\u3057\u3084\u3059\u3055 <a href=\"https:\/\/moverdb.com\/ja\/%e8%a6%8b%e7%a9%8d%e3%82%82%e3%82%8a%e6%9b%b8\/\">\u56fd\u969b\u5f15\u8d8a\u3057\u898b\u7a4d\u3082\u308a<\/a>?(\u30aa\u30f3\u30e9\u30a4\u30f3\u898b\u7a4d\u3082\u308a\u4f9d\u983c\u30d5\u30a9\u30fc\u30e0\uff09\u3002 <strong>\u306f\u3044<\/strong><\/li>\n<li> \u30a6\u30a7\u30d6\u30b5\u30a4\u30c8\u3067\u306e\u660e\u78ba\u306a\u60c5\u5831\u63d0\u4f9b\u3002 <strong>\u306f\u3044\u3002<\/strong> \u30a6\u30a7\u30d6\u30b5\u30a4\u30c8\u306f\u3088\u304f\u30c7\u30b6\u30a4\u30f3\u3055\u308c\u3066\u304a\u308a\u3001\u63d0\u4f9b\u3055\u308c\u308b\u88fd\u54c1\u3084\u30b5\u30fc\u30d3\u30b9\u306e\u6982\u8981\u304c\u660e\u78ba\u306b\u793a\u3055\u308c\u3066\u3044\u307e\u3059\u3002<\/li>\n<li> \u56fd\u969b\u7684\u306b\u8a8d\u77e5\u3055\u308c\u305f\u5f15\u8d8a\u56e3\u4f53\u306b\u52a0\u5165\u3057\u3066\u3044\u308b\u3053\u3068\u3002 <strong>\u306f\u3044<\/strong>, \u591a\u6570, \u4e0a\u8a18\u53c2\u7167<\/li>\n<li> \u9867\u5ba2\u30ea\u30b9\u30c8\u304a\u3088\u3073\/\u307e\u305f\u306f\u904e\u53bb\u306e\u9867\u5ba2\u306e\u58f0\u3002 <strong>\u306f\u3044\u3002<\/strong> \u53d7\u8cde\u6b74\u3084\u6240\u5c5e\u56e3\u4f53\u3092\u30a6\u30a7\u30d6\u30b5\u30a4\u30c8\u306b\u63b2\u8f09\u3057\u3066\u3044\u307e\u3059\u304c\u3001\u304a\u5ba2\u69d8\u306e\u58f0\u306e\u4e00\u89a7\u306f\u898b\u3064\u304b\u308a\u307e\u305b\u3093\u3067\u3057\u305f\u3002\u3057\u304b\u3057\u3001\u30a6\u30a7\u30d6\u4e0a\u3067\u4e00\u822c\u7684\u306a\u30dd\u30b9\u30c6\u30a3\u30ec\u30d3\u30e5\u30fc\u304c\u63b2\u8f09\u3055\u308c\u3066\u3044\u307e\u3059\u3002<\/li>\n<\/ol>\n<div itemprop=\"reviewRating\" itemscope itemtype=\"http:\/\/schema.org\/Rating\"><meta itemprop=\"worstRating\" content = \"0\" \/><meta itemprop=\"bestRating\" content=\"5\" \/><meta itemprop=\"ratingValue\" content=\"4.5\"><\/div>\n<p><strong>\u7dcf\u5408\u8a55\u4fa1\uff1a4.5\/5<\/strong><br \/>\n<strong>\u5be9\u67fb\u65e5<\/strong> <span itemprop=\"datePublished\" content=\"2017-01-10\">10\/01\/2017<\/span>\n<\/div>\n<p>\u306b\u3064\u3044\u3066\u3082\u3063\u3068\u8aad\u3080 <a href=\"https:\/\/moverdb.com\/ja\/%e5%bc%95%e8%b6%8a%e3%81%97%e5%b1%8b%e3%81%95%e3%82%93\/\">\u56fd\u969b\u5f15\u8d8a\u3057\u696d\u8005<\/a>, <a href=\"https:\/\/moverdb.com\/ja\/%e3%83%a6%e3%83%bc%e3%82%a8%e3%82%b9%e3%82%ab%e3%83%8a%e3%83%80%e3%83%a0%e3%83%bc%e3%83%90%e3%83%bc%e3%82%ba\/\">\u56fd\u5185\u5f15\u8d8a\u3057\u696d\u8005<\/a> \u3068\u79c1\u305f\u3061\u306e <a href=\"https:\/\/moverdb.com\/ja\/%e3%83%ac%e3%83%93%e3%83%a5%e3%83%bc\/\">\u30ec\u30d3\u30e5\u30fc\u30d7\u30ed\u30bb\u30b9\u8aac\u660e<\/a>.<\/p>\n<p><strong>\u30a6\u30a7\u30d6\u30b5\u30a4\u30c8<\/strong> <a href=\"https:\/\/www.hilldrup.com\/\" target=\"_blank\" rel=\"noopener\">https:\/\/www.hilldrup.com\/<\/a><\/p>","protected":false},"excerpt":{"rendered":"<p>Hilldrup Moving and Storage is based in Stafford VA. The company offers its client a variety of services which are listed below, together with a company profile and reviews. International Moving Services Relocation Assistance Human Resource Consulting and Strategic Planning Marketing Assistance Home Sales Program Expense Administration Temporary Living Arrangement International Assignment Services Destination and Settling-In Services Move Management Programs Compensation, Tax and Payroll Considerations Customized Reporting Lump Sum Administration Move Management Dedicated international move counsellor Manage all inland and ocean\/air transportation Assistance with passport, visas, customs Storage Capabilities Long term and short term storage Unlimited access to storage warehouses around the globe 24\/7 security Sprinklers and fire suppression systems [&hellip;]<\/p>\n","protected":false},"author":1,"featured_media":0,"parent":0,"menu_order":0,"comment_status":"closed","ping_status":"closed","template":"","meta":{"_genesis_hide_title":false,"_genesis_hide_breadcrumbs":false,"_genesis_hide_singular_image":false,"_genesis_hide_footer_widgets":false,"_genesis_custom_body_class":"","_genesis_custom_post_class":"","_genesis_layout":"","footnotes":""},"class_list":{"0":"post-1034","1":"page","2":"type-page","3":"status-publish","5":"entry"},"_links":{"self":[{"href":"https:\/\/moverdb.com\/ja\/wp-json\/wp\/v2\/pages\/1034","targetHints":{"allow":["GET"]}}],"collection":[{"href":"https:\/\/moverdb.com\/ja\/wp-json\/wp\/v2\/pages"}],"about":[{"href":"https:\/\/moverdb.com\/ja\/wp-json\/wp\/v2\/types\/page"}],"author":[{"embeddable":true,"href":"https:\/\/moverdb.com\/ja\/wp-json\/wp\/v2\/users\/1"}],"replies":[{"embeddable":true,"href":"https:\/\/moverdb.com\/ja\/wp-json\/wp\/v2\/comments?post=1034"}],"version-history":[{"count":3,"href":"https:\/\/moverdb.com\/ja\/wp-json\/wp\/v2\/pages\/1034\/revisions"}],"predecessor-version":[{"id":6220,"href":"https:\/\/moverdb.com\/ja\/wp-json\/wp\/v2\/pages\/1034\/revisions\/6220"}],"wp:attachment":[{"href":"https:\/\/moverdb.com\/ja\/wp-json\/wp\/v2\/media?parent=1034"}],"curies":[{"name":"wp","href":"https:\/\/api.w.org\/{rel}","templated":true}]}}