{"id":988,"date":"2017-02-24T08:48:27","date_gmt":"2017-02-24T08:48:27","guid":{"rendered":"http:\/\/moverdb.com\/?page_id=988"},"modified":"2026-01-08T14:40:00","modified_gmt":"2026-01-08T14:40:00","slug":"island-movers","status":"publish","type":"page","link":"https:\/\/moverdb.com\/it\/island-movers\/","title":{"rendered":"Island Movers - Recensioni sui traslochi internazionali"},"content":{"rendered":"<p>Island Movers ha sede a Honolulu e offre ai suoi clienti una serie di servizi di trasloco che sono elencati di seguito, insieme a un profilo aziendale e alle recensioni. <\/p>\n<p><strong>Traslochi internazionali - <a href=\"https:\/\/moverdb.com\/it\/moving-to-the-united-states\/\" data-internallinksmanager029f6b8e52c=\"94\" title=\"Trasferirsi negli Stati Uniti? 2026 Costi di vita e consigli per il trasferimento\">US<\/a> e il mondo<\/strong><\/p>\n<ul>\n<li> Coordinatore di traslochi personali<\/li>\n<li> Servizio porta a porta<\/li>\n<li> Autoimballaggio o servizio di imballaggio completo<\/li>\n<li> Cartoni forniti<\/li>\n<li> Servizio di disimballaggio<\/li>\n<li> Trasporto marittimo e aereo<\/li>\n<li> Assistenza con la dogana<\/li>\n<li> Assicurazione organizzata<\/li>\n<\/ul>\n<p><strong>Movimenti personali<\/strong><\/p>\n<ul>\n<li> All'interno della stessa isola - costo basato sul tempo<\/li>\n<li> Verso un'altra isola - costo basato sul peso<\/li>\n<li> Globalmente<\/li>\n<li> Autoimballaggio o servizio di imballaggio completo<\/li>\n<li> Cartoni forniti<\/li>\n<li> Servizio di disimballaggio<\/li>\n<li> Deposito a lungo e a breve termine disponibile<\/li>\n<li> Deposito portatile disponibile<\/li>\n<\/ul>\n<p><strong>Movimenti d'affari<\/strong><\/p>\n<ul>\n<li> Piccoli o grandi spostamenti<\/li>\n<li> Si raccomanda di imballare i propri documenti<\/li>\n<li> Deposito a lungo e a breve termine disponibile<\/li>\n<li> Deposito portatile disponibile<\/li>\n<li> Smontaggio e rimontaggio di mobili<\/li>\n<\/ul>\n<p><strong>Altri servizi<\/strong><\/p>\n<ul>\n<li> Depositi e unit\u00e0 di stoccaggio<\/li>\n<li> Servizi di autotrasporto e trasporto<\/li>\n<li> Trasporto consolidato tra isole<\/li>\n<li> Servizi di stoccaggio e distribuzione<\/li>\n<li> US Customs and Agriculture - Stazione centrale d'esame<\/li>\n<li> Ristrutturazione dell'hotel <\/li>\n<li> Servizi di consegna a domicilio a contratto<\/li>\n<li> Servizi di convenzione internazionale<\/li>\n<li> Sistemi di registrazione Pro-File<\/li>\n<li> Servizi di corriere e auto blindate<\/li>\n<li> Stoccaggio e vendita di container<\/li>\n<\/ul>\n<h2>Island Movers Profilo dell'azienda<\/h2>\n<p>Island Movers Inc \u00e8 un'azienda a conduzione familiare in <a href=\"https:\/\/moverdb.com\/it\/moving-to-the-united-states\/moving-to-hawaii\/\" data-internallinksmanager029f6b8e52c=\"403\" title=\"Trasferirsi alle Hawaii? 2026 Costi di vita e consigli per il trasferimento\">Hawaii<\/a> avviata nel 1958. Negli anni '60 l'azienda \u00e8 stata rilevata da Donald Takaki e da allora \u00e8 rimasta di propriet\u00e0 della famiglia. \u00c8 un'azienda orgogliosamente hawaiana con forti legami con la terraferma e a livello internazionale. Island Movers \u00e8 tra le prime 250 aziende dello Stato delle Hawaii. \u00c8 la pi\u00f9 grande azienda di servizi di trasporto diversificati della regione. <\/p>\n<p>Island Movers \u00e8 specializzata in autotrasporti generali, traslochi (sia a livello locale che internazionale) e consegne a domicilio. Island Movers fa parte del gruppo Hawktree International e impiega oltre 250 persone. La maggior parte del business di Island Movers \u00e8 aziendale, incluso il trasferimento dei dipendenti a livello internazionale. I traslochi internazionali sono organizzati attraverso partnership globali. <\/p>\n<p>Island Movers Inc ha i seguenti accreditamenti e affiliazioni:<\/p>\n<ul>\n<li> Associazione Panamericana dei Traslocatori Internazionali (PAIMA)<\/li>\n<li> <a href=\"https:\/\/moverdb.com\/it\/sono\/\">Associazione internazionale dei traslocatori<\/a> (<a href=\"https:\/\/moverdb.com\/it\/iam\/\" data-internallinksmanager029f6b8e52c=\"23\" title=\"Spiegazione dell&#039;Associazione Internazionale dei Traslocatori (IAM)\">IAM<\/a>)<\/li>\n<li> <a href=\"https:\/\/moverdb.com\/it\/amsa\/\">Associazione Americana Movers and Storage<\/a> (<a href=\"https:\/\/moverdb.com\/it\/amsa\/\" data-internallinksmanager029f6b8e52c=\"5\" title=\"L&#039;associazione americana di trasloco e stoccaggio (AMSA) spiegata\">AMSA<\/a>)<\/li>\n<li> Better Business Bureau (BBB)<\/li>\n<\/ul>\n<h2>Recensioni sui traslochi dell'isola<\/h2>\n<p><strong>Positivo:<\/strong><\/p>\n<ul>\n<li> <em>\"Il nostro incredibile stress e la preoccupazione del nostro trasloco transpacifico sono stati alleviati una volta che Island Movers ha preso in mano il nostro trasloco, aiutandoci con la supervisione della terraferma <a href=\"https:\/\/moverdb.com\/it\/moving-companies\/\" data-internallinksmanager029f6b8e52c=\"79\" title=\"Le 25 migliori aziende di traslochi internazionali online\">azienda di traslochi<\/a> oltre a fornirci buoni consigli, competenza, servizio clienti cordiale e tempestivit\u00e0. Sono favorevolmente impressionato non solo dalla professionalit\u00e0 e dall'affidabilit\u00e0 di Island Movers, ma anche dal caldo spirito aloha di tutto lo staff di Island Movers che ci ha aiutato a traslocare!\"<\/em> - Jackie <a href=\"http:\/\/www.islandmovers.com\/personal-moves\/customer-testimonials\/\" target=\"_blank\" rel=\"noopener\">testimonianza del cliente<\/a><\/li>\n<li> <em>\"Un servizio davvero eccezionale!  Sono cos\u00ec felice di aver scelto il meglio delle Hawaii!\"<\/em> - Gifford via <a href=\"https:\/\/www.yelp.com\/biz\/island-movers-inc-honolulu-4?hrid=Ew3UirYLCqyK2kHDFhwl1A&#038;utm_campaign=www_review_share_popup&#038;utm_medium=copy_link&#038;utm_source=(direct)\" target=\"_blank\" rel=\"noopener\">Yelp<\/a><\/li>\n<\/ul>\n<p><strong>Negativo:<\/strong><\/p>\n<ul>\n<li> <em>\"Non credo che li chiamerei mai per consegnare o spostare me, ma nel complesso l'esperienza \u00e8 stata ok\".<\/em> - Angela via <a href=\"https:\/\/www.yelp.com\/biz\/island-movers-inc-honolulu-4?hrid=TFkdEA1IDuuzBJ-Psl0q_w&#038;utm_campaign=www_review_share_popup&#038;utm_medium=copy_link&#038;utm_source=(direct)\" target=\"_blank\" rel=\"noopener\">Yelp<\/a><\/li>\n<\/ul>\n<div itemprop=\"review\" itemscope itemtype=\"http:\/\/schema.org\/Review\">\n<span itemprop=\"author\" itemscope=\"\" itemtype=\"http:\/\/schema.org\/Organization\"><span itemprop=\"name\">MoverDB.com<\/span><\/span> Recensione del sito web online per <span itemprop=\"itemreviewed\" itemscope=\"\" itemtype=\"http:\/\/schema.org\/Brand\"><span itemprop=\"name\">Traslochi sull'isola<\/span><\/span>:<\/p>\n<ol>\n<li> Dettagli di contatto chiari sul sito web (compreso il numero di telefono): <strong>S\u00ec<\/strong><\/li>\n<li> Facile da ottenere <a href=\"https:\/\/moverdb.com\/it\/citazioni\/\">citazioni in movimento<\/a>? (Modulo di richiesta di preventivo online): <strong>S\u00ec<\/strong><\/li>\n<li> Informazioni chiare sul sito web: <strong>S\u00ec,<\/strong> il sito web elenca i servizi che offrono, ma non va in grande dettaglio.<\/li>\n<li> Appartenenza a organizzazioni internazionali riconosciute per il movimento: <strong>S\u00ec<\/strong>, (vedi sopra)<\/li>\n<li> Elenco di clienti e\/o testimonianze di clienti precedenti: <strong>S\u00ec,<\/strong> anche se solo alcuni sul loro sito web vinto. Le recensioni da tutto il web sono generalmente positive.<\/li>\n<\/ol>\n<div itemprop=\"reviewRating\" itemscope itemtype=\"http:\/\/schema.org\/Rating\"><meta itemprop=\"worstRating\" content = \"0\" \/><meta itemprop=\"bestRating\" content=\"5\" \/><meta itemprop=\"ratingValue\" content=\"4.5\"><\/div>\n<p><strong>Punteggio complessivo: 4,5\/5<\/strong><br \/>\n<strong>Data di revisione:<\/strong> <span itemprop=\"datePublished\" content=\"2017-02-24\">24\/02\/2017<\/span>\n<\/div>\n<p>Per saperne di pi\u00f9 <a href=\"https:\/\/moverdb.com\/it\/aziende-di-traslochi\/\">traslochi internazionali<\/a> e il nostro <a href=\"https:\/\/moverdb.com\/it\/recensioni\/\">processo di revisione<\/a>.<\/p>\n<p><strong>Sito web:<\/strong> <a href=\"http:\/\/www.islandmovers.com\/\" target=\"_blank\" rel=\"noopener\">http:\/\/www.islandmovers.com\/<\/a><\/p>","protected":false},"excerpt":{"rendered":"<p>Island Movers is based in Honolulu and offers its customers a range of moving services which are list below, together with a company profile and reviews. International Moves &#8211; US and the World Personal move coordinator Door to door service Self-packing or full packing service Cartons provided Unpacking service Sea freight and air freight Assistance [&hellip;]<\/p>\n","protected":false},"author":1,"featured_media":0,"parent":0,"menu_order":0,"comment_status":"closed","ping_status":"closed","template":"","meta":{"_genesis_hide_title":false,"_genesis_hide_breadcrumbs":false,"_genesis_hide_singular_image":false,"_genesis_hide_footer_widgets":false,"_genesis_custom_body_class":"","_genesis_custom_post_class":"","_genesis_layout":"","footnotes":""},"class_list":{"0":"post-988","1":"page","2":"type-page","3":"status-publish","5":"entry"},"_links":{"self":[{"href":"https:\/\/moverdb.com\/it\/wp-json\/wp\/v2\/pages\/988","targetHints":{"allow":["GET"]}}],"collection":[{"href":"https:\/\/moverdb.com\/it\/wp-json\/wp\/v2\/pages"}],"about":[{"href":"https:\/\/moverdb.com\/it\/wp-json\/wp\/v2\/types\/page"}],"author":[{"embeddable":true,"href":"https:\/\/moverdb.com\/it\/wp-json\/wp\/v2\/users\/1"}],"replies":[{"embeddable":true,"href":"https:\/\/moverdb.com\/it\/wp-json\/wp\/v2\/comments?post=988"}],"version-history":[{"count":4,"href":"https:\/\/moverdb.com\/it\/wp-json\/wp\/v2\/pages\/988\/revisions"}],"predecessor-version":[{"id":13166,"href":"https:\/\/moverdb.com\/it\/wp-json\/wp\/v2\/pages\/988\/revisions\/13166"}],"wp:attachment":[{"href":"https:\/\/moverdb.com\/it\/wp-json\/wp\/v2\/media?parent=988"}],"curies":[{"name":"wp","href":"https:\/\/api.w.org\/{rel}","templated":true}]}}