{"id":9525,"date":"2023-06-08T12:37:11","date_gmt":"2023-06-08T12:37:11","guid":{"rendered":"https:\/\/moverdb.com\/?page_id=9525"},"modified":"2026-01-08T15:24:26","modified_gmt":"2026-01-08T15:24:26","slug":"moving-companies-slovenia","status":"publish","type":"page","link":"https:\/\/moverdb.com\/it\/moving-companies\/moving-companies-slovenia\/","title":{"rendered":"Le 3 migliori imprese di traslochi internazionali in Slovenia"},"content":{"rendered":"<p>Il trasloco pu\u00f2 essere un momento stressante, con molte cose da organizzare, soprattutto se si tratta di un trasloco all'estero. Se state pianificando un trasloco all'interno, verso o da <a href=\"https:\/\/moverdb.com\/it\/moving-to-slovenia\/\" data-internallinksmanager029f6b8e52c=\"392\" title=\"Trasferirsi in Slovenia? 2026 Costi di vita e consigli per il trasferimento\">Slovenia<\/a> allora ricorrere ai servizi di un <a href=\"https:\/\/moverdb.com\/it\/moving-companies\/\" data-internallinksmanager029f6b8e52c=\"79\" title=\"Le 25 migliori aziende di traslochi internazionali online\">azienda di traslochi<\/a> possono contribuire ad alleggerire il carico. Di seguito abbiamo stilato un elenco di siti sloveni <a href=\"https:\/\/moverdb.com\/it\/international-removals\/\" data-internallinksmanager029f6b8e52c=\"27\" title=\"36 Migliori aziende di traslochi internazionali del Regno Unito\">aziende di trasloco<\/a> che sono membri dell'associazione <a href=\"https:\/\/moverdb.com\/it\/iam\/\" data-internallinksmanager029f6b8e52c=\"23\" title=\"Spiegazione dell&#039;Associazione Internazionale dei Traslocatori (IAM)\">Associazione internazionale dei traslocatori<\/a> (IAM) e\/o <a href=\"https:\/\/moverdb.com\/it\/fidi-faim\/\" data-internallinksmanager029f6b8e52c=\"16\" title=\"FIDI e FAIM (FIDI Accredited International Mover) spiegati\">FIDI<\/a> Traslocatore internazionale accreditato (FAIM) che pu\u00f2 aiutarvi con il vostro trasloco.<\/p>\n<h2><strong>1. DB Schenker<\/strong><\/h2>\n<p><img loading=\"lazy\" decoding=\"async\" class=\"alignnone size-full wp-image-9351\" src=\"https:\/\/moverdb.com\/wp-content\/uploads\/DB-Schenker-Slovenvia-international-moving-company.png\" alt=\"DB Schenker Slovenvia societ\u00e0 di traslochi internazionali\" width=\"1440\" height=\"673\" data-wp-pid=\"9351\" srcset=\"https:\/\/moverdb.com\/wp-content\/uploads\/DB-Schenker-Slovenvia-international-moving-company.png 1440w, https:\/\/moverdb.com\/wp-content\/uploads\/DB-Schenker-Slovenvia-international-moving-company-300x140.png 300w, https:\/\/moverdb.com\/wp-content\/uploads\/DB-Schenker-Slovenvia-international-moving-company-1024x479.png 1024w, https:\/\/moverdb.com\/wp-content\/uploads\/DB-Schenker-Slovenvia-international-moving-company-18x8.png 18w, https:\/\/moverdb.com\/wp-content\/uploads\/DB-Schenker-Slovenvia-international-moving-company-600x280.png 600w\" sizes=\"auto, (max-width: 1440px) 100vw, 1440px\" \/><\/p>\n<ul>\n<li>Movimenti nazionali<\/li>\n<li>Spostamenti internazionali<\/li>\n<li>Traslochi domestici<\/li>\n<li>Trasferte dell'azienda<\/li>\n<li>Imballaggio su misura<\/li>\n<li>Trasporto terrestre, ferroviario, aereo e marittimo<\/li>\n<li>Sdoganamento<\/li>\n<li>Gestione delle opere d'arte<\/li>\n<li>Flotta e attrezzature specializzate<\/li>\n<li>Strutture di stoccaggio<\/li>\n<\/ul>\n<p>DB Schenker \u00e8 un fornitore di logistica globale con circa 1.850 sedi in tutto il mondo, attivo dal 1872 e fondato a <a href=\"https:\/\/moverdb.com\/it\/moving-to-austria\/\" data-internallinksmanager029f6b8e52c=\"343\" title=\"Trasferirsi in Austria? 2026 Costi di vita e consigli per il trasferimento\">Austria<\/a>. Ha diverse sedi in Slovenia, tra cui Lubiana, Maribor, Capodistria, Brnik e Skofja Loka. \u00c8 membro della IAM.<\/p>\n<p>DB Schenker offre servizi di trasloco e trasferimento all'interno, verso e dalla Slovenia. I loro servizi includono un servizio di imballaggio professionale con imballaggi su misura che rispettano l'ambiente. Dispone di una propria flotta di veicoli per traslochi a sospensione pneumatica e di piattaforme elevatrici per spostare i vostri beni. Organizzano il trasporto via terra, ferrovia, aria e mare con sdoganamento per i piani di trasloco.<\/p>\n<p>Sito web: <a href=\"https:\/\/www.dbschenker.com\/si-en\/products\/removals\" target=\"_blank\" rel=\"noopener\">https:\/\/www.dbschenker.com\/si-en\/products\/removals<\/a><\/p>\n<h2><strong>2. Relocations Ltd<\/strong><\/h2>\n<p><img loading=\"lazy\" decoding=\"async\" class=\"alignnone size-full wp-image-9417\" src=\"https:\/\/moverdb.com\/wp-content\/uploads\/Relocations-Ltd-international-moving-company.png\" alt=\"Relocations Ltd societ\u00e0 di traslochi internazionali\" width=\"1440\" height=\"673\" data-wp-pid=\"9417\" srcset=\"https:\/\/moverdb.com\/wp-content\/uploads\/Relocations-Ltd-international-moving-company.png 1440w, https:\/\/moverdb.com\/wp-content\/uploads\/Relocations-Ltd-international-moving-company-300x140.png 300w, https:\/\/moverdb.com\/wp-content\/uploads\/Relocations-Ltd-international-moving-company-1024x479.png 1024w, https:\/\/moverdb.com\/wp-content\/uploads\/Relocations-Ltd-international-moving-company-18x8.png 18w, https:\/\/moverdb.com\/wp-content\/uploads\/Relocations-Ltd-international-moving-company-600x280.png 600w\" sizes=\"auto, (max-width: 1440px) 100vw, 1440px\" \/><\/p>\n<ul>\n<li>Movimenti nazionali<\/li>\n<li>Spostamenti internazionali<\/li>\n<li>Traslochi domestici<\/li>\n<li>Movimenti aziendali<\/li>\n<li>Imballaggio di qualit\u00e0<\/li>\n<li>Organizzazione del trasporto<\/li>\n<li>Sdoganamento<\/li>\n<li>Trasporto di veicoli<\/li>\n<li>Servizi di immigrazione<\/li>\n<li>Strutture di stoccaggio<\/li>\n<\/ul>\n<p>Relocations Ltd \u00e8 una societ\u00e0 di traslochi fondata nel 2006 con sede a Lubiana. Dispone di un team di professionisti del trasloco in Slovenia e si avvale di partner verificati all'estero che forniscono servizi indipendenti di coordinamento della gestione del trasloco. \u00c8 membro di IAM.<\/p>\n<p>Relocations Ltd offre una scelta di assistenza locale o un servizio di trasloco completo per gestire i traslochi all'interno, verso o dalla Slovenia. Fornisce servizi per famiglie e aziende che includono il trasporto di veicoli e servizi di immigrazione. Organizzano il trasporto dei vostri beni e lo sdoganamento. Offrono servizi aggiuntivi tra cui servizi di ambientamento, servizi di partenza, ricerca della casa e della scuola, orientamento, formazione culturale e servizi di tuttofare.<\/p>\n<p>Sito web: <a href=\"http:\/\/www.relocations.si\" target=\"_blank\" rel=\"noopener\">http:\/\/www.relocations.si<\/a><\/p>\n<h2><strong>3. Vatovec<\/strong><\/h2>\n<p><img loading=\"lazy\" decoding=\"async\" class=\"alignnone size-full wp-image-9443\" src=\"https:\/\/moverdb.com\/wp-content\/uploads\/Vatovec-international-moving-company.png\" alt=\"Azienda di traslochi internazionali Vatovec\" width=\"1440\" height=\"680\" data-wp-pid=\"9443\" srcset=\"https:\/\/moverdb.com\/wp-content\/uploads\/Vatovec-international-moving-company.png 1440w, https:\/\/moverdb.com\/wp-content\/uploads\/Vatovec-international-moving-company-300x142.png 300w, https:\/\/moverdb.com\/wp-content\/uploads\/Vatovec-international-moving-company-1024x484.png 1024w, https:\/\/moverdb.com\/wp-content\/uploads\/Vatovec-international-moving-company-18x9.png 18w, https:\/\/moverdb.com\/wp-content\/uploads\/Vatovec-international-moving-company-600x283.png 600w\" sizes=\"auto, (max-width: 1440px) 100vw, 1440px\" \/><\/p>\n<ul>\n<li>Movimenti nazionali<\/li>\n<li>Trasferimenti internazionali<\/li>\n<li>Trasferimenti di famiglie<\/li>\n<li>Trasferimento di uffici<\/li>\n<li>Servizio di imballaggio professionale<\/li>\n<li>Trasporto via terra, aria e mare<\/li>\n<li>Formalit\u00e0 doganali<\/li>\n<li>Oggetti d'arte in movimento<\/li>\n<li>Trasporto di piccoli animali<\/li>\n<li>Strutture di stoccaggio<\/li>\n<\/ul>\n<p>Vatovec \u00e8 un'azienda di traslochi fondata nel 1998 con sede a Lubiana. Dispone di una rete di partner internazionali di qualit\u00e0 in tutto il mondo per assistere i traslochi internazionali. \u00c8 membro di IAM con 25 anni di servizio ed \u00e8 accreditata da FIDI.<\/p>\n<p>Vatovec offre servizi di trasloco e trasferimento all'interno, verso e dalla Slovenia. Fornisce servizi di imballaggio professionali che assicurano che i vostri effetti personali siano imballati in modo sicuro e trasportati a destinazione via terra, aria o mare, con il disbrigo delle formalit\u00e0 doganali. I loro servizi di trasloco includono permessi di soggiorno e di lavoro, ricerca di case e scuole, orientamento, ricerca di riparatori e artigiani.<\/p>\n<p>Sito web: <a href=\"http:\/\/www.vatovec.si\" target=\"_blank\" rel=\"noopener\">http:\/\/www.vatovec.si<\/a><\/p>","protected":false},"excerpt":{"rendered":"<p>Moving can be a stressful time with a lot of things to arrange especially if you are moving overseas. If you are planning a move within, to or from Slovenia then employing the services of a moving company can help lighten the load. Below we have compiled a list of Slovenia based removal companies that [&hellip;]<\/p>\n","protected":false},"author":4,"featured_media":9351,"parent":190,"menu_order":0,"comment_status":"closed","ping_status":"closed","template":"","meta":{"_genesis_hide_title":false,"_genesis_hide_breadcrumbs":false,"_genesis_hide_singular_image":false,"_genesis_hide_footer_widgets":false,"_genesis_custom_body_class":"","_genesis_custom_post_class":"","_genesis_layout":"","footnotes":""},"class_list":{"0":"post-9525","1":"page","2":"type-page","3":"status-publish","4":"has-post-thumbnail","6":"entry"},"_links":{"self":[{"href":"https:\/\/moverdb.com\/it\/wp-json\/wp\/v2\/pages\/9525","targetHints":{"allow":["GET"]}}],"collection":[{"href":"https:\/\/moverdb.com\/it\/wp-json\/wp\/v2\/pages"}],"about":[{"href":"https:\/\/moverdb.com\/it\/wp-json\/wp\/v2\/types\/page"}],"author":[{"embeddable":true,"href":"https:\/\/moverdb.com\/it\/wp-json\/wp\/v2\/users\/4"}],"replies":[{"embeddable":true,"href":"https:\/\/moverdb.com\/it\/wp-json\/wp\/v2\/comments?post=9525"}],"version-history":[{"count":1,"href":"https:\/\/moverdb.com\/it\/wp-json\/wp\/v2\/pages\/9525\/revisions"}],"predecessor-version":[{"id":9526,"href":"https:\/\/moverdb.com\/it\/wp-json\/wp\/v2\/pages\/9525\/revisions\/9526"}],"up":[{"embeddable":true,"href":"https:\/\/moverdb.com\/it\/wp-json\/wp\/v2\/pages\/190"}],"wp:featuredmedia":[{"embeddable":true,"href":"https:\/\/moverdb.com\/it\/wp-json\/wp\/v2\/media\/9351"}],"wp:attachment":[{"href":"https:\/\/moverdb.com\/it\/wp-json\/wp\/v2\/media?parent=9525"}],"curies":[{"name":"wp","href":"https:\/\/api.w.org\/{rel}","templated":true}]}}