{"id":9512,"date":"2023-06-08T12:42:23","date_gmt":"2023-06-08T12:42:23","guid":{"rendered":"https:\/\/moverdb.com\/?page_id=9512"},"modified":"2026-01-08T15:29:37","modified_gmt":"2026-01-08T15:29:37","slug":"moving-companies-romania","status":"publish","type":"page","link":"https:\/\/moverdb.com\/it\/moving-companies\/moving-companies-romania\/","title":{"rendered":"Le 8 migliori aziende di traslochi internazionali in Romania"},"content":{"rendered":"<p>Avete intenzione di trasferirvi in Romania, da o verso di essa? Allora potreste prendere in considerazione l'idea di avvalervi dei servizi di un <a href=\"https:\/\/moverdb.com\/it\/moving-companies\/\" data-internallinksmanager029f6b8e52c=\"79\" title=\"Le 25 migliori aziende di traslochi internazionali online\">azienda di traslochi<\/a> per assistervi nel vostro trasloco. Di seguito abbiamo compilato un elenco di aziende con sede in Romania <a href=\"https:\/\/moverdb.com\/it\/international-removals\/\" data-internallinksmanager029f6b8e52c=\"27\" title=\"36 Migliori aziende di traslochi internazionali del Regno Unito\">aziende di trasloco<\/a> che sono membri dell'associazione <a href=\"https:\/\/moverdb.com\/it\/iam\/\" data-internallinksmanager029f6b8e52c=\"23\" title=\"Spiegazione dell&#039;Associazione Internazionale dei Traslocatori (IAM)\">Associazione internazionale dei traslocatori<\/a> (IAM) e\/o <a href=\"https:\/\/moverdb.com\/it\/fidi-faim\/\" data-internallinksmanager029f6b8e52c=\"16\" title=\"FIDI e FAIM (FIDI Accredited International Mover) spiegati\">FIDI<\/a> Traslocatore internazionale accreditato (FAIM) che pu\u00f2 aiutarvi con il vostro trasloco.<\/p>\n<div id=\"ez-toc-container\" class=\"ez-toc-v2_0_82_2 ez-toc-wrap-left counter-hierarchy ez-toc-counter ez-toc-transparent ez-toc-container-direction\">\n<div class=\"ez-toc-title-container\">\n<p class=\"ez-toc-title\" style=\"cursor:inherit\">Sezioni<\/p>\n<span class=\"ez-toc-title-toggle\"><a href=\"#\" class=\"ez-toc-pull-right ez-toc-btn ez-toc-btn-xs ez-toc-btn-default ez-toc-toggle\" aria-label=\"Allinea la tabella dei contenuti\"><span class=\"ez-toc-js-icon-con\"><span class=\"\"><span class=\"eztoc-hide\" style=\"display:none;\">Toggle<\/span><span class=\"ez-toc-icon-toggle-span\"><svg style=\"fill: #999;color:#999\" xmlns=\"http:\/\/www.w3.org\/2000\/svg\" class=\"list-377408\" width=\"20px\" height=\"20px\" viewbox=\"0 0 24 24\" fill=\"none\"><path d=\"M6 6H4v2h2V6zm14 0H8v2h12V6zM4 11h2v2H4v-2zm16 0H8v2h12v-2zM4 16h2v2H4v-2zm16 0H8v2h12v-2z\" fill=\"currentColor\"><\/path><\/svg><svg style=\"fill: #999;color:#999\" class=\"arrow-unsorted-368013\" xmlns=\"http:\/\/www.w3.org\/2000\/svg\" width=\"10px\" height=\"10px\" viewbox=\"0 0 24 24\" version=\"1.2\" baseprofile=\"tiny\"><path d=\"M18.2 9.3l-6.2-6.3-6.2 6.3c-.2.2-.3.4-.3.7s.1.5.3.7c.2.2.4.3.7.3h11c.3 0 .5-.1.7-.3.2-.2.3-.5.3-.7s-.1-.5-.3-.7zM5.8 14.7l6.2 6.3 6.2-6.3c.2-.2.3-.5.3-.7s-.1-.5-.3-.7c-.2-.2-.4-.3-.7-.3h-11c-.3 0-.5.1-.7.3-.2.2-.3.5-.3.7s.1.5.3.7z\"\/><\/svg><\/span><\/span><\/span><\/a><\/span><\/div>\n<nav><ul class='ez-toc-list ez-toc-list-level-1 eztoc-toggle-hide-by-default' ><li class='ez-toc-page-1 ez-toc-heading-level-2'><a class=\"ez-toc-link ez-toc-heading-1\" href=\"https:\/\/moverdb.com\/it\/moving-companies\/moving-companies-romania\/#1_EE_Relo\" >1. EE Relo<\/a><\/li><li class='ez-toc-page-1 ez-toc-heading-level-2'><a class=\"ez-toc-link ez-toc-heading-2\" href=\"https:\/\/moverdb.com\/it\/moving-companies\/moving-companies-romania\/#2_Gosselin\" >2. Gosselin<\/a><\/li><li class='ez-toc-page-1 ez-toc-heading-level-2'><a class=\"ez-toc-link ez-toc-heading-3\" href=\"https:\/\/moverdb.com\/it\/moving-companies\/moving-companies-romania\/#3_Orbit\" >3. Orbita<\/a><\/li><li class='ez-toc-page-1 ez-toc-heading-level-2'><a class=\"ez-toc-link ez-toc-heading-4\" href=\"https:\/\/moverdb.com\/it\/moving-companies\/moving-companies-romania\/#4_Premier_Moving_Storage\" >4. Premier Moving &amp; Storage<\/a><\/li><li class='ez-toc-page-1 ez-toc-heading-level-2'><a class=\"ez-toc-link ez-toc-heading-5\" href=\"https:\/\/moverdb.com\/it\/moving-companies\/moving-companies-romania\/#5_Rilvan_Group\" >5. Gruppo Rilvan<\/a><\/li><li class='ez-toc-page-1 ez-toc-heading-level-2'><a class=\"ez-toc-link ez-toc-heading-6\" href=\"https:\/\/moverdb.com\/it\/moving-companies\/moving-companies-romania\/#6_Santa_Fe_Relocation\" >6. Trasferimento di Santa Fe<\/a><\/li><li class='ez-toc-page-1 ez-toc-heading-level-2'><a class=\"ez-toc-link ez-toc-heading-7\" href=\"https:\/\/moverdb.com\/it\/moving-companies\/moving-companies-romania\/#7_Smartmoving_Logistics\" >7. Logistica Smartmoving<\/a><\/li><li class='ez-toc-page-1 ez-toc-heading-level-2'><a class=\"ez-toc-link ez-toc-heading-8\" href=\"https:\/\/moverdb.com\/it\/moving-companies\/moving-companies-romania\/#8_CDD_Relocation\" >8. Trasferimento dei CDD<\/a><\/li><li class='ez-toc-page-1 ez-toc-heading-level-2'><a class=\"ez-toc-link ez-toc-heading-9\" href=\"https:\/\/moverdb.com\/it\/moving-companies\/moving-companies-romania\/#Other_Useful_Guides_to_Romania\" >Altre guide utili sulla Romania<\/a><\/li><\/ul><\/nav><\/div>\n<h2><span class=\"ez-toc-section\" id=\"1_EE_Relo\"><\/span><strong>1. EE Relo<\/strong><span class=\"ez-toc-section-end\"><\/span><\/h2>\n<p><img loading=\"lazy\" decoding=\"async\" class=\"alignnone size-full wp-image-9356\" src=\"https:\/\/moverdb.com\/wp-content\/uploads\/EE-Relo-international-moving-company.png\" alt=\"EE Relo azienda di traslochi internazionali\" width=\"1440\" height=\"672\" data-wp-pid=\"9356\" srcset=\"https:\/\/moverdb.com\/wp-content\/uploads\/EE-Relo-international-moving-company.png 1440w, https:\/\/moverdb.com\/wp-content\/uploads\/EE-Relo-international-moving-company-300x140.png 300w, https:\/\/moverdb.com\/wp-content\/uploads\/EE-Relo-international-moving-company-1024x478.png 1024w, https:\/\/moverdb.com\/wp-content\/uploads\/EE-Relo-international-moving-company-18x8.png 18w, https:\/\/moverdb.com\/wp-content\/uploads\/EE-Relo-international-moving-company-600x280.png 600w\" sizes=\"auto, (max-width: 1440px) 100vw, 1440px\" \/><\/p>\n<ul>\n<li>Spostamenti locali<\/li>\n<li>Spostamenti internazionali<\/li>\n<li>Traslochi domestici<\/li>\n<li>Spostamenti d'affari<\/li>\n<li>Servizi porta a porta<\/li>\n<li>Sondaggio pre-spostamento<\/li>\n<li>Servizio di imballaggio completo<\/li>\n<li>Formalit\u00e0 doganali<\/li>\n<li>Trasporto di animali e auto<\/li>\n<li>Soluzioni di stoccaggio<\/li>\n<\/ul>\n<p>EE Relo \u00e8 una societ\u00e0 di gestione dei traslochi con uffici nell'Europa orientale, tra cui Bucarest in Romania. Dispone di una vasta rete di partner che la assistono nella fornitura di servizi globali. \u00c8 membro di IAM con nove anni di servizio.<\/p>\n<p>EE Relo offre servizi di trasloco e trasloco porta a porta che possono includere la casa, l'azienda, gli animali domestici, l'auto e le opere d'arte. Fornisce un unico punto di contatto per gestire il trasloco, compresa la valutazione delle esigenze, il servizio di imballaggio completo, lo smontaggio dei mobili, l'organizzazione del trasporto e il disimballaggio. I loro servizi di trasloco comprendono la ricerca di una casa e di una scuola, il supporto all'immigrazione e i servizi di ambientamento con un servizio di portineria per aiutarvi a sistemare tutto.<\/p>\n<p>Sito web: <a href=\"https:\/\/www.eerelo.com\" target=\"_blank\" rel=\"noopener\">https:\/\/www.eerelo.com<\/a><\/p>\n<h2><span class=\"ez-toc-section\" id=\"2_Gosselin\"><\/span><strong>2. Gosselin<\/strong><span class=\"ez-toc-section-end\"><\/span><\/h2>\n<p><img loading=\"lazy\" decoding=\"async\" class=\"alignnone size-full wp-image-9375\" src=\"https:\/\/moverdb.com\/wp-content\/uploads\/Gosselin-Romania-international-moving-company.png\" alt=\"Azienda di traslochi internazionali Gosselin Romania\" width=\"1440\" height=\"681\" data-wp-pid=\"9375\" srcset=\"https:\/\/moverdb.com\/wp-content\/uploads\/Gosselin-Romania-international-moving-company.png 1440w, https:\/\/moverdb.com\/wp-content\/uploads\/Gosselin-Romania-international-moving-company-300x142.png 300w, https:\/\/moverdb.com\/wp-content\/uploads\/Gosselin-Romania-international-moving-company-1024x484.png 1024w, https:\/\/moverdb.com\/wp-content\/uploads\/Gosselin-Romania-international-moving-company-18x9.png 18w, https:\/\/moverdb.com\/wp-content\/uploads\/Gosselin-Romania-international-moving-company-600x284.png 600w\" sizes=\"auto, (max-width: 1440px) 100vw, 1440px\" \/><\/p>\n<ul>\n<li>Movimenti nazionali<\/li>\n<li>Spostamenti internazionali<\/li>\n<li>Traslochi domestici<\/li>\n<li>Traslochi d'ufficio<\/li>\n<li>Servizio porta a porta<\/li>\n<li>Servizio di imballaggio<\/li>\n<li>Sdoganamento<\/li>\n<li>Manipolazione delle belle arti<\/li>\n<li>Trasporto di veicoli e animali domestici<\/li>\n<li>Strutture di stoccaggio<\/li>\n<\/ul>\n<p>Gosselin \u00e8 un'azienda di traslochi e trasferimenti internazionali con uffici in 34 paesi. L'ufficio rumeno di Bucarest \u00e8 stato fondato alla fine degli anni Ottanta. L'azienda si avvale di reti proprie e pi\u00f9 ampie per fornire servizi internazionali ed \u00e8 membro della IAM.<\/p>\n<p>Gosselin offre un servizio di trasloco porta a porta con traslocatori professionisti che imballano i vostri oggetti in modo sicuro per il trasloco utilizzando materiali di imballaggio ecologici e smontano i mobili. Organizzano il trasporto degli articoli con sdoganamento e all'arrivo disfano e rimontano i mobili. Offrono servizi aggiuntivi come la gestione di oggetti d'arte e d'antiquariato, la spedizione di auto e moto e il trasporto di animali domestici.<\/p>\n<p>Sito web: <a href=\"http:\/\/www.gosselinmobility.eu\/romania\" target=\"_blank\" rel=\"noopener\">http:\/\/www.gosselinmobility.eu\/romania<\/a><\/p>\n<h2><span class=\"ez-toc-section\" id=\"3_Orbit\"><\/span><strong>3. Orbita<\/strong><span class=\"ez-toc-section-end\"><\/span><\/h2>\n<p><img loading=\"lazy\" decoding=\"async\" class=\"alignnone size-full wp-image-9406\" src=\"https:\/\/moverdb.com\/wp-content\/uploads\/Orbit-Romania-international-moving-company.png\" alt=\"Orbit Romania azienda di traslochi internazionali\" width=\"1440\" height=\"678\" data-wp-pid=\"9406\" srcset=\"https:\/\/moverdb.com\/wp-content\/uploads\/Orbit-Romania-international-moving-company.png 1440w, https:\/\/moverdb.com\/wp-content\/uploads\/Orbit-Romania-international-moving-company-300x141.png 300w, https:\/\/moverdb.com\/wp-content\/uploads\/Orbit-Romania-international-moving-company-1024x482.png 1024w, https:\/\/moverdb.com\/wp-content\/uploads\/Orbit-Romania-international-moving-company-18x8.png 18w, https:\/\/moverdb.com\/wp-content\/uploads\/Orbit-Romania-international-moving-company-600x283.png 600w\" sizes=\"auto, (max-width: 1440px) 100vw, 1440px\" \/><\/p>\n<ul>\n<li>Movimenti nazionali<\/li>\n<li>Spostamenti internazionali<\/li>\n<li>Traslochi di famiglie e dipendenti<\/li>\n<li>Traslochi di uffici e industriali<\/li>\n<li>Servizi di trasferimento<\/li>\n<li>Servizio di imballaggio<\/li>\n<li>Trasporto stradale, aereo e marittimo<\/li>\n<li>Manipolazione di opere d'arte<\/li>\n<li>Trasporto di animali e auto<\/li>\n<li>Assicurazione<\/li>\n<\/ul>\n<p>Orbit Romania fa parte del Gruppo Orphee Beinglou, fondato nel 1923 e con sede ad Atene, offre servizi professionali di trasloco e trasporto e ha sede a Bucarest. \u00c8 membro di IAM con 21 anni di servizio ed \u00e8 accreditata da FIDI.<\/p>\n<p>Orbit offre un sopralluogo a domicilio per valutare le vostre esigenze e produrre un preventivo. Offre servizi che comprendono traslochi nazionali e internazionali, trasporto di animali domestici e auto, gestione di opere d'arte e assicurazione. Fornisce un servizio di imballaggio per proteggere i vostri beni durante il trasporto su strada, aereo o marittimo e fornisce assistenza doganale. Sono disponibili servizi aggiuntivi come elettricista, falegname e idraulico.<\/p>\n<p>Sito web: <a href=\"http:\/\/www.orbitromania.ro\" target=\"_blank\" rel=\"noopener\">http:\/\/www.orbitromania.ro<\/a><\/p>\n<h2><span class=\"ez-toc-section\" id=\"4_Premier_Moving_Storage\"><\/span><strong>4. Premier Moving &amp; Storage<\/strong><span class=\"ez-toc-section-end\"><\/span><\/h2>\n<p><img loading=\"lazy\" decoding=\"async\" class=\"alignnone size-full wp-image-9414\" src=\"https:\/\/moverdb.com\/wp-content\/uploads\/Premier-Moving-Storage-international-moving-company.png\" alt=\"Premier Moving &amp; Storage societ\u00e0 di traslochi internazionali\" width=\"1440\" height=\"670\" data-wp-pid=\"9414\" srcset=\"https:\/\/moverdb.com\/wp-content\/uploads\/Premier-Moving-Storage-international-moving-company.png 1440w, https:\/\/moverdb.com\/wp-content\/uploads\/Premier-Moving-Storage-international-moving-company-300x140.png 300w, https:\/\/moverdb.com\/wp-content\/uploads\/Premier-Moving-Storage-international-moving-company-1024x476.png 1024w, https:\/\/moverdb.com\/wp-content\/uploads\/Premier-Moving-Storage-international-moving-company-18x8.png 18w, https:\/\/moverdb.com\/wp-content\/uploads\/Premier-Moving-Storage-international-moving-company-600x279.png 600w\" sizes=\"auto, (max-width: 1440px) 100vw, 1440px\" \/><\/p>\n<ul>\n<li>Spostamenti locali<\/li>\n<li>Spostamenti internazionali<\/li>\n<li>Traslochi domestici<\/li>\n<li>Traslochi d'ufficio<\/li>\n<li>Servizio porta a porta<\/li>\n<li>Servizio di imballaggio<\/li>\n<li>Trasporto stradale, marittimo e aereo<\/li>\n<li>Formalit\u00e0 doganali di importazione<\/li>\n<li>Trasporto di veicoli e animali domestici<\/li>\n<li>Strutture di stoccaggio sicure<\/li>\n<\/ul>\n<p>Premier Moving &amp; Storage \u00e8 un'azienda di traslochi fondata oltre 15 anni fa con sede a Bucarest. Seleziona con cura i partner che soddisfano i suoi standard per assisterla nella fornitura di una variet\u00e0 di servizi a livello internazionale. \u00c8 membro di IAM con 17 anni di servizio.<\/p>\n<p>Il team di imballaggio di Premier Moving &amp; Storage utilizzer\u00e0 materiali di alta qualit\u00e0, progettati per proteggere gli oggetti in transito. Smonteranno e rimonteranno i mobili e disimballeranno i vostri beni. Organizzano il trasporto, compresa la gestione delle formalit\u00e0 doganali. Offrono servizi aggiuntivi che includono il trasporto di auto, barche a motore e animali domestici.<\/p>\n<p>Sito web: <a href=\"http:\/\/www.premiermoving.ro\" target=\"_blank\" rel=\"noopener\">http:\/\/www.premiermoving.ro<\/a><\/p>\n<h2><span class=\"ez-toc-section\" id=\"5_Rilvan_Group\"><\/span><strong>5. Gruppo Rilvan<\/strong><span class=\"ez-toc-section-end\"><\/span><\/h2>\n<p><img loading=\"lazy\" decoding=\"async\" class=\"alignnone size-full wp-image-9418\" src=\"https:\/\/moverdb.com\/wp-content\/uploads\/Rilvan-Group-international-moving-company.png\" alt=\"Gruppo Rilvan societ\u00e0 di traslochi internazionali\" width=\"1440\" height=\"680\" data-wp-pid=\"9418\" srcset=\"https:\/\/moverdb.com\/wp-content\/uploads\/Rilvan-Group-international-moving-company.png 1440w, https:\/\/moverdb.com\/wp-content\/uploads\/Rilvan-Group-international-moving-company-300x142.png 300w, https:\/\/moverdb.com\/wp-content\/uploads\/Rilvan-Group-international-moving-company-1024x484.png 1024w, https:\/\/moverdb.com\/wp-content\/uploads\/Rilvan-Group-international-moving-company-18x9.png 18w, https:\/\/moverdb.com\/wp-content\/uploads\/Rilvan-Group-international-moving-company-600x283.png 600w\" sizes=\"auto, (max-width: 1440px) 100vw, 1440px\" \/><\/p>\n<ul>\n<li>Movimenti nazionali<\/li>\n<li>Spostamenti internazionali<\/li>\n<li>Spostamenti residenziali<\/li>\n<li>Spostamenti d'affari<\/li>\n<li>Servizi porta a porta<\/li>\n<li>Servizio di imballaggio<\/li>\n<li>Trasporto stradale, aereo e marittimo<\/li>\n<li>Trasporto delle belle arti<\/li>\n<li>Trasporto di animali e veicoli<\/li>\n<li>Stoccaggio a breve e lungo termine<\/li>\n<\/ul>\n<p>Rilvan Group \u00e8 una societ\u00e0 di traslochi nazionali e internazionali fondata nel 1992 con uffici a Bucarest in Romania, <a href=\"https:\/\/moverdb.com\/it\/moving-to-slovenia\/\" data-internallinksmanager029f6b8e52c=\"392\" title=\"Trasferirsi in Slovenia? 2026 Costi di vita e consigli per il trasferimento\">Slovenia<\/a> e <a href=\"https:\/\/moverdb.com\/it\/moving-companies\/moving-companies-moldova\/\" data-internallinksmanager029f6b8e52c=\"290\" title=\"Le migliori imprese di traslochi internazionali in Moldavia\">Moldova<\/a>. Servono l'Europa centrale e orientale e il resto del mondo attraverso partner internazionali. \u00c8 membro della IAM con 31 anni di servizio ed \u00e8 accreditata dalla FIDI.<\/p>\n<p>Rilvan Group offre servizi di trasloco e trasloco porta a porta a partire da un sopralluogo e da un preventivo prima del trasloco. Forniscono un servizio di imballaggio, trasporto e disimballaggio. Offrono servizi di trasloco che includono visti e immigrazione, servizi di ambientamento, ricerca di case e scuole. Offrono inoltre servizi aggiuntivi come il trasporto di animali e veicoli e la gestione di opere d'arte.<\/p>\n<p>Sito web: <a href=\"http:\/\/www.rilvan.eu\" target=\"_blank\" rel=\"noopener\">http:\/\/www.rilvan.eu<\/a><\/p>\n<h2><span class=\"ez-toc-section\" id=\"6_Santa_Fe_Relocation\"><\/span><strong>6. Trasferimento di Santa Fe<\/strong><span class=\"ez-toc-section-end\"><\/span><\/h2>\n<p><img loading=\"lazy\" decoding=\"async\" class=\"alignnone size-full wp-image-9420\" src=\"https:\/\/moverdb.com\/wp-content\/uploads\/Santa-Fe-Relocation-Romania-international-moving-company.png\" alt=\"Santa Fe Relocation Romania azienda di traslochi internazionali\" width=\"1440\" height=\"677\" data-wp-pid=\"9420\" srcset=\"https:\/\/moverdb.com\/wp-content\/uploads\/Santa-Fe-Relocation-Romania-international-moving-company.png 1440w, https:\/\/moverdb.com\/wp-content\/uploads\/Santa-Fe-Relocation-Romania-international-moving-company-300x141.png 300w, https:\/\/moverdb.com\/wp-content\/uploads\/Santa-Fe-Relocation-Romania-international-moving-company-1024x481.png 1024w, https:\/\/moverdb.com\/wp-content\/uploads\/Santa-Fe-Relocation-Romania-international-moving-company-18x8.png 18w, https:\/\/moverdb.com\/wp-content\/uploads\/Santa-Fe-Relocation-Romania-international-moving-company-600x282.png 600w\" sizes=\"auto, (max-width: 1440px) 100vw, 1440px\" \/><\/p>\n<ul>\n<li>Movimenti nazionali<\/li>\n<li>Spostamenti internazionali<\/li>\n<li>Traslochi domestici<\/li>\n<li>Trasferimenti aziendali<\/li>\n<li>Servizio porta a porta<\/li>\n<li>Servizio di imballaggio<\/li>\n<li>Trasporto su strada, via mare o via aerea<\/li>\n<li>Sdoganamento<\/li>\n<li>Trasporto di animali e veicoli<\/li>\n<li>Stoccaggio a breve e lungo termine<\/li>\n<\/ul>\n<p>Santa Fe Relocation \u00e8 una societ\u00e0 di traslochi internazionali con 64 uffici in 38 paesi, tra cui Bucarest in Romania, aperta nel 1991. \u00c8 membro di IAM con 31 anni di servizio ed \u00e8 accreditata da FIDI.<\/p>\n<p>Santa Fe Relocation offre una consulenza pre-movimento con un sopralluogo in casa o un video. Fornisce un servizio completo che pu\u00f2 includere il trasporto di animali domestici e automobili. Fornisce un servizio di imballaggio per proteggere i vostri beni e organizza il transito su strada, aereo o marittimo con sdoganamento. I loro servizi di trasferimento includono servizi di partenza, ricerca di case e scuole, orientamento, formazione linguistica e culturale, visti e servizio di ambientamento.<\/p>\n<p>Sito web: <a href=\"https:\/\/www.santaferelo.com\/en\/contact\/our-offices\/romania-bucharest\/\" target=\"_blank\" rel=\"noopener\">https:\/\/www.santaferelo.com\/en\/contact\/our-offices\/romania-bucharest\/<\/a><\/p>\n<h2><span class=\"ez-toc-section\" id=\"7_Smartmoving_Logistics\"><\/span><strong>7. Logistica Smartmoving<\/strong><span class=\"ez-toc-section-end\"><\/span><\/h2>\n<p><img loading=\"lazy\" decoding=\"async\" class=\"alignnone size-full wp-image-9427\" src=\"https:\/\/moverdb.com\/wp-content\/uploads\/Smartmoving-Logistics-international-moving-company.png\" alt=\"Smartmoving Logistics - Azienda di traslochi internazionali\" width=\"1440\" height=\"679\" data-wp-pid=\"9427\" srcset=\"https:\/\/moverdb.com\/wp-content\/uploads\/Smartmoving-Logistics-international-moving-company.png 1440w, https:\/\/moverdb.com\/wp-content\/uploads\/Smartmoving-Logistics-international-moving-company-300x141.png 300w, https:\/\/moverdb.com\/wp-content\/uploads\/Smartmoving-Logistics-international-moving-company-1024x483.png 1024w, https:\/\/moverdb.com\/wp-content\/uploads\/Smartmoving-Logistics-international-moving-company-18x8.png 18w, https:\/\/moverdb.com\/wp-content\/uploads\/Smartmoving-Logistics-international-moving-company-600x283.png 600w\" sizes=\"auto, (max-width: 1440px) 100vw, 1440px\" \/><\/p>\n<ul>\n<li>Movimenti nazionali<\/li>\n<li>Spostamenti internazionali<\/li>\n<li>Spostamenti residenziali<\/li>\n<li>Trasferte dell'azienda<\/li>\n<li>Servizio di imballaggio opzionale<\/li>\n<li>Materiale da imballaggio<\/li>\n<li>Organizzazione del trasporto<\/li>\n<li>Sdoganamento<\/li>\n<li>Assicurazione<\/li>\n<li>Strutture di stoccaggio<\/li>\n<\/ul>\n<p>Smartmoving Logistics \u00e8 un'azienda di traslochi a servizio completo fondata nel 2011 con sede a Cluj-Napoca. Dispone di una rete di partner e agenti di traslochi e logistica che le consentono di offrire servizi di trasloco e trasferimento internazionali. \u00c8 membro di IAM con un anno di servizio.<\/p>\n<p>Smartmoving Logistics crea un piano di trasloco personalizzato che si adatta alle vostre esigenze e al vostro budget. Fornisce il trasporto dei vostri beni a livello nazionale e internazionale. Offre servizi aggiuntivi che comprendono l'imballaggio dei vostri beni con materiali professionali, il disimballaggio, lo smontaggio e il rimontaggio dei mobili, lo sdoganamento, l'assicurazione e i servizi di pulizia.<\/p>\n<p>Sito web: <a href=\"https:\/\/www.smartmoving.ro\" target=\"_blank\" rel=\"noopener\">https:\/\/www.smartmoving.ro<\/a><\/p>\n<h2><span class=\"ez-toc-section\" id=\"8_CDD_Relocation\"><\/span><strong>8. Trasferimento dei CDD<\/strong><span class=\"ez-toc-section-end\"><\/span><\/h2>\n<p><img loading=\"lazy\" decoding=\"async\" class=\"alignnone size-full wp-image-9344\" src=\"https:\/\/moverdb.com\/wp-content\/uploads\/CDD-Relocations-international-moving-company.png\" alt=\"CDD Relocations - Azienda di traslochi internazionali\" width=\"1440\" height=\"665\" data-wp-pid=\"9344\" srcset=\"https:\/\/moverdb.com\/wp-content\/uploads\/CDD-Relocations-international-moving-company.png 1440w, https:\/\/moverdb.com\/wp-content\/uploads\/CDD-Relocations-international-moving-company-300x139.png 300w, https:\/\/moverdb.com\/wp-content\/uploads\/CDD-Relocations-international-moving-company-1024x473.png 1024w, https:\/\/moverdb.com\/wp-content\/uploads\/CDD-Relocations-international-moving-company-18x8.png 18w, https:\/\/moverdb.com\/wp-content\/uploads\/CDD-Relocations-international-moving-company-600x277.png 600w\" sizes=\"auto, (max-width: 1440px) 100vw, 1440px\" \/><\/p>\n<ul>\n<li>Spostamenti locali<\/li>\n<li>Trasferimenti internazionali<\/li>\n<li>Trasferimenti di famiglie<\/li>\n<li>Movimenti aziendali<\/li>\n<li>Servizio porta a porta<\/li>\n<li>Servizio di imballaggio<\/li>\n<li>Assistenza doganale<\/li>\n<li>Trasferimento di auto e animali domestici<\/li>\n<li>Assicurazione all-risk<\/li>\n<li>Stoccaggio a breve e lungo termine<\/li>\n<\/ul>\n<p>CDD Relocation \u00e8 un'azienda di traslochi fondata nel 2003 con sede a Mogosoaia. \u00c8 membro della IAM con 20 anni di servizio ed \u00e8 accreditata dalla FIDI, che le d\u00e0 accesso a una rete internazionale di agenti di trasloco.<\/p>\n<p>CDD Relocation offre soluzioni personalizzate porta a porta per i traslochi internazionali con una consulenza e un sopralluogo gratuiti prima del trasloco. Offrono un servizio di imballaggio completo utilizzando i materiali pi\u00f9 appropriati, smontano e montano i mobili e li disfano all'arrivo. Offrono servizi aggiuntivi che comprendono il trasferimento di animali domestici, il trasferimento di veicoli, l'assicurazione e il deposito sicuro.<\/p>\n<p>Sito web: <a href=\"http:\/\/www.cddrelocation.ro\" target=\"_blank\" rel=\"noopener\">http:\/\/www.cddrelocation.ro<\/a><\/p>\n<h2><span class=\"ez-toc-section\" id=\"Other_Useful_Guides_to_Romania\"><\/span>Altre guide utili sulla Romania<span class=\"ez-toc-section-end\"><\/span><\/h2>\n<ul>\n<li> <a href=\"https:\/\/moverdb.com\/it\/moving-to-romania\/\">Trasferirsi in Romania? 2026 Costi di vita e consigli per il trasferimento<\/a><\/li>\n<li> <a href=\"https:\/\/moverdb.com\/it\/moving-to-romania\/moving-to-romania-from-the-uk\/\">Trasferirsi in Romania dal Regno Unito<\/a><\/li>\n<li> <a href=\"https:\/\/moverdb.com\/it\/moving-to-romania\/best-places-to-live-romania\/\">I 12 migliori posti dove vivere in Romania<\/a><\/li>\n<\/ul>","protected":false},"excerpt":{"rendered":"<p>Are you planning on moving within, to or from Romania? Then you may want to consider engaging the services of a moving company to assist you with your move. Below we have compiled a list of Romania based removal companies that are members of the International Association of Movers (IAM) and\/or FIDI Accredited International Mover [&hellip;]<\/p>\n","protected":false},"author":4,"featured_media":9356,"parent":190,"menu_order":0,"comment_status":"closed","ping_status":"closed","template":"","meta":{"_genesis_hide_title":false,"_genesis_hide_breadcrumbs":false,"_genesis_hide_singular_image":false,"_genesis_hide_footer_widgets":false,"_genesis_custom_body_class":"","_genesis_custom_post_class":"","_genesis_layout":"","footnotes":""},"class_list":{"0":"post-9512","1":"page","2":"type-page","3":"status-publish","4":"has-post-thumbnail","6":"entry"},"_links":{"self":[{"href":"https:\/\/moverdb.com\/it\/wp-json\/wp\/v2\/pages\/9512","targetHints":{"allow":["GET"]}}],"collection":[{"href":"https:\/\/moverdb.com\/it\/wp-json\/wp\/v2\/pages"}],"about":[{"href":"https:\/\/moverdb.com\/it\/wp-json\/wp\/v2\/types\/page"}],"author":[{"embeddable":true,"href":"https:\/\/moverdb.com\/it\/wp-json\/wp\/v2\/users\/4"}],"replies":[{"embeddable":true,"href":"https:\/\/moverdb.com\/it\/wp-json\/wp\/v2\/comments?post=9512"}],"version-history":[{"count":3,"href":"https:\/\/moverdb.com\/it\/wp-json\/wp\/v2\/pages\/9512\/revisions"}],"predecessor-version":[{"id":16341,"href":"https:\/\/moverdb.com\/it\/wp-json\/wp\/v2\/pages\/9512\/revisions\/16341"}],"up":[{"embeddable":true,"href":"https:\/\/moverdb.com\/it\/wp-json\/wp\/v2\/pages\/190"}],"wp:featuredmedia":[{"embeddable":true,"href":"https:\/\/moverdb.com\/it\/wp-json\/wp\/v2\/media\/9356"}],"wp:attachment":[{"href":"https:\/\/moverdb.com\/it\/wp-json\/wp\/v2\/media?parent=9512"}],"curies":[{"name":"wp","href":"https:\/\/api.w.org\/{rel}","templated":true}]}}