{"id":945,"date":"2016-09-03T20:39:51","date_gmt":"2016-09-03T20:39:51","guid":{"rendered":"http:\/\/moverdb.com\/?page_id=945"},"modified":"2026-01-08T14:48:12","modified_gmt":"2026-01-08T14:48:12","slug":"dt-moving","status":"publish","type":"page","link":"https:\/\/moverdb.com\/it\/dt-moving\/","title":{"rendered":"DT Moving: Recensioni sul trasferimento internazionale e sui traslochi"},"content":{"rendered":"<p>DT Moving \u00e8 un <a href=\"https:\/\/moverdb.com\/it\/moving-to-the-uk\/\" data-internallinksmanager029f6b8e52c=\"93\" title=\"Trasferirsi nel Regno Unito? 2026 Costi di vita e consigli per il trasferimento\">REGNO UNITO<\/a> basato su <a href=\"https:\/\/moverdb.com\/it\/moving-companies\/\" data-internallinksmanager029f6b8e52c=\"79\" title=\"Le 25 migliori aziende di traslochi internazionali online\">azienda di traslochi internazionali<\/a> che offre ai suoi clienti una gamma completa di servizi che sono elencati di seguito, insieme a un profilo aziendale e recensioni.<\/p>\n<p><strong><a href=\"https:\/\/moverdb.com\/it\/international-removals\/\" data-internallinksmanager029f6b8e52c=\"27\" title=\"36 Migliori aziende di traslochi internazionali del Regno Unito\">Traslochi internazionali<\/a><\/strong><\/p>\n<ul>\n<li> Sondaggio pre-spostamento, preventivo e risorse<\/li>\n<li> Imballaggio nella residenza<\/li>\n<li> Trasporto per via aerea, marittima o stradale<\/li>\n<li> Assicurazione organizzata<\/li>\n<li> Un servizio continuo che include un gestore di traslochi e un servizio di monitoraggio<\/li>\n<li> Consegna a domicilio<\/li>\n<li> Scaricate la vostra merce dal container \/ camion \/ cassa e mettetela nella stanza di vostra scelta<\/li>\n<li> Collocare materiali protettivi per la cura di pavimenti e pareti dove necessario<\/li>\n<li> Controllare ogni articolo consegnato rispetto all'inventario originale dell'imballaggio (per rendere conto di ogni pacchetto)<\/li>\n<li> Togliete tutta la carta, l'imbottitura e i materiali d'imballaggio di cartone, poi rimuoveteli per il riciclaggio<\/li>\n<li> Riassembliamo tutti gli elementi pre-indicati per voi, il che significa una cosa in meno di cui preoccuparsi. Possiamo anche organizzare un uomo tuttofare per aiutarvi con il lavoro extra se avete bisogno<\/li>\n<li> Permettere di controllare l'inventario, articolo per articolo, e firmare quando si \u00e8 soddisfatti della consegna<\/li>\n<li> Sdoganamento<\/li>\n<\/ul>\n<p><strong>Servizi di destinazione<\/strong><\/p>\n<ul>\n<li> Ricerca di case in affitto<\/li>\n<li> Ricerca della scuola<\/li>\n<li> Giro di orientamento<\/li>\n<li> Sistemarsi<\/li>\n<li> Formazione culturale<\/li>\n<li> Mantenimento del coniuge<\/li>\n<li> Noleggio di mobili<\/li>\n<li> Alloggio temporaneo<\/li>\n<li> Servizi di partenza<\/li>\n<li> Consulenza fiscale e di immigrazione<\/li>\n<\/ul>\n<p><strong>Belle Arti e Antiquariato<\/strong><\/p>\n<ul>\n<li> Servizio su misura per ogni cliente<\/li>\n<li> Servizio di consulenza<\/li>\n<li> Organizzare hotel ecc per l'acquisto\/consegna del viaggio<\/li>\n<li> Collezione antica<\/li>\n<li> Servizio di imballaggio<\/li>\n<li> Spedizione<\/li>\n<li> Assicurazione<\/li>\n<\/ul>\n<p><strong>Stoccaggio<\/strong><\/p>\n<ul>\n<li> Regno Unito e <a href=\"https:\/\/moverdb.com\/it\/moving-to-france\/\" data-internallinksmanager029f6b8e52c=\"315\" title=\"Trasferirsi in Francia? 2026 Costi di vita e consigli per il trasferimento\">Francia<\/a> - stoccaggio a breve e lungo termine in container appositamente costruiti<\/li>\n<li> Sicurezza 24 ore su 24 e accesso codificato<\/li>\n<li> Temperatura controllata<\/li>\n<li> Prevenzione degli incendi e sistema sprinkler armato<\/li>\n<li> Resto del mondo - i partner della rete forniranno uno stoccaggio sicuro<\/li>\n<\/ul>\n<p><strong>Servizi accessori<\/strong><\/p>\n<ul>\n<li> Tuttofare (smontaggio e montaggio di mobili, attrezzature, scaffali, altri oggetti)<\/li>\n<li> Appendere l'immagine<\/li>\n<li> Imballaggio speciale (per oggetti fragili o di alto valore)<\/li>\n<li> Pulizia della casa<\/li>\n<li> Servizio di pulizia (disimballaggio, lavaggio, messa a posto di <a href=\"https:\/\/moverdb.com\/it\/moving-to-china\/\" data-internallinksmanager029f6b8e52c=\"357\" title=\"Trasferirsi in Cina? 2026 Costi di vita e consigli per il trasferimento\">Cina<\/a>, cristalleria, vestiti, oggetti vari per la casa)<\/li>\n<li> Elettricista o Idraulico<\/li>\n<li> Disinstallazione e installazione dell'antenna TV satellitare<\/li>\n<li> Rimozione \"sicura\" specializzata<\/li>\n<li> Rimozione e reinstallazione di finestre e porte<\/li>\n<li> Ascensore esterno (montacarichi specializzato) per accedere alla residenza attraverso la finestra o il balcone del piano superiore<\/li>\n<li> Noleggio di mobili<\/li>\n<li> Restauro e riparazione di mobili<\/li>\n<li> Deposito auto<\/li>\n<\/ul>\n<h2>Profilo dell'azienda DT Moving<\/h2>\n<p>DT Moving era precedentemente conosciuta come David Turner Worldwide Movers e sposta persone in tutto il mondo dal 1870. La famiglia fondatrice \u00e8 ancora coinvolta nell'attivit\u00e0 che sposta aziende e privati di alto profilo in tutto il mondo. <\/p>\n<p>DT Moving ha uffici in entrambi <a href=\"https:\/\/moverdb.com\/it\/moving-to-london\/\">Londra<\/a> e <a href=\"https:\/\/moverdb.com\/it\/moving-to-france\/moving-to-paris\/\" data-internallinksmanager029f6b8e52c=\"407\" title=\"Trasferirsi a Parigi? 2026 Costi di vita e consigli per il trasferimento\">Parigi<\/a>. L'azienda \u00e8 orgogliosa della propria esperienza e integrit\u00e0 e afferma che la durata media del servizio di ogni suo dipendente \u00e8 di circa 15 anni. I valori dell'azienda includono la qualit\u00e0 del servizio, la responsabilit\u00e0, la conformit\u00e0 e il miglioramento continuo.<\/p>\n<p>DT Moving dice che aveva un <strong>97% soddisfazione del cliente<\/strong> per il 2015 che era in aumento rispetto al 95% del 2014.<\/p>\n<p>DT Moving ha i seguenti accreditamenti e affiliazioni:<\/p>\n<ul>\n<li> Accreditato FAIMPLUS; revisionato in modo indipendente da Ernst &amp; Young<\/li>\n<li> Accreditato ISO 9001-2008, incluso BS EN 12522\/1 BS EN 12522\/2<\/li>\n<li> Membro fondatore di OMNI (The Overseas Moving Network International)<\/li>\n<li> <a href=\"https:\/\/moverdb.com\/it\/fidi-faim\/\">FIDI<\/a> affiliato dal 1950 (F\u00e9d\u00e9ration Internationale des D\u00e9m\u00e9nageurs Internationaux)<\/li>\n<li> C-TPAT ispezionato da <a href=\"https:\/\/moverdb.com\/it\/moving-to-the-united-states\/\" data-internallinksmanager029f6b8e52c=\"94\" title=\"Trasferirsi negli Stati Uniti? 2026 Costi di vita e consigli per il trasferimento\">US<\/a> dogana<\/li>\n<li> Membro autorizzato di The <a href=\"https:\/\/moverdb.com\/it\/british-association-of-removers\/\">Associazione britannica dei traslocatori<\/a>, DBA, il <a href=\"https:\/\/moverdb.com\/it\/mtc\/\">Movers Trading Club<\/a> (<a href=\"https:\/\/moverdb.com\/it\/mtc\/\" data-internallinksmanager029f6b8e52c=\"30\" title=\"Movers Trading Club (MTC) spiegato\">MTC<\/a>)<\/li>\n<li> Membro di <a href=\"https:\/\/moverdb.com\/it\/eura\/\">EuRA<\/a> (Il <a href=\"https:\/\/moverdb.com\/it\/eura\/\" data-internallinksmanager029f6b8e52c=\"13\" title=\"L&#039;Associazione europea per la ricollocazione (EuRA) spiegata\">Associazione europea per la ricollocazione<\/a>)<\/li>\n<li> Membro di <a href=\"https:\/\/moverdb.com\/it\/association-relocation-professionals\/\">ARP<\/a> (Il <a href=\"https:\/\/moverdb.com\/it\/association-relocation-professionals\/\" data-internallinksmanager029f6b8e52c=\"6\" title=\"Associazione dei professionisti del trasferimento (ARP) spiegata\">Associazione dei professionisti del trasferimento<\/a>)<\/li>\n<li> Membro di <a href=\"https:\/\/moverdb.com\/it\/sono\/\">IAM<\/a> (<a href=\"https:\/\/moverdb.com\/it\/iam\/\" data-internallinksmanager029f6b8e52c=\"23\" title=\"Spiegazione dell&#039;Associazione Internazionale dei Traslocatori (IAM)\">Associazione internazionale dei traslocatori<\/a>)<\/li>\n<li> Membro di <a href=\"https:\/\/moverdb.com\/it\/lacma\/\">LACMA<\/a> (Associazione dei Traslocatori Latinoamericani e Caraibici)<\/li>\n<li> Membro di <a href=\"https:\/\/moverdb.com\/it\/employee-relocation-council\/\">CER mondiale<\/a> (Associazione per la mobilit\u00e0 della forza lavoro)<\/li>\n<li> Il primo <a href=\"https:\/\/moverdb.com\/it\/fidi-faim\/\" data-internallinksmanager029f6b8e52c=\"16\" title=\"FIDI e FAIM (FIDI Accredited International Mover) spiegati\">FAIM<\/a> Organizzazione accreditata ISO (ora FAIMPLUS)<\/li>\n<\/ul>\n<h2>DT Moving Recensioni<\/h2>\n<p><strong>Positivo<\/strong><\/p>\n<ul>\n<li> <em>\"Sono stati incredibilmente professionali, educati, rapidi ed efficienti. Hanno spiegato tutto e non riesco a immaginare come avrebbero potuto rendere l'esperienza pi\u00f9 fluida\".<\/em> - Z. COHEN via DT Moving <a href=\"http:\/\/www.dtmoving.com\/about-us\/what-our-customers-say\" target=\"_blank\" rel=\"noopener\">Cosa dicono i nostri clienti<\/a>.<\/li>\n<li> \"<em>Mi sono appena trasferito da Londra a <a href=\"https:\/\/moverdb.com\/it\/moving-to-nyc\/\">New York<\/a> e sono rimasto molto colpito dal servizio di trasloco dall'inizio alla fine. Quello che avrebbe potuto essere un momento molto stressante \u00e8 stato reso molto facile\".<\/em> - Utente Qype, Dan via <a href=\"https:\/\/www.yelp.co.uk\/biz\/dt-moving-london?hrid=_lnG2UpJr3NSw73UR115Pw&#038;utm_campaign=www_review_share_popup&#038;utm_medium=copy_link&#038;utm_source=(direct)\" target=\"_blank\" rel=\"noopener\">Yelp<\/a><\/li>\n<li> \"DT Moving sono stati eccellenti dall'inizio alla fine\". - MCalder via <a href=\"https:\/\/www.yell.com\/biz\/dt-moving-mitcham-3825953\/\" target=\"_blank\" rel=\"noopener\">Urla<\/a><\/li>\n<li> \"Questa \u00e8 la 3a volta che io e mio marito ci siamo trasferiti per motivi di lavoro ed \u00e8 stato il miglior servizio finora\". - Chris via <a href=\"http:\/\/www.allinlondon.co.uk\/directory\/1318\/74781.php\" target=\"_blank\" rel=\"noopener\">Tutti a Londra<\/a>.<\/li>\n<\/ul>\n<p><strong>Negativo<\/strong><\/p>\n<p><em>Non siamo riusciti a trovare nessuna recensione negativa online<\/em>.<\/p>\n<div itemprop=\"review\" itemscope itemtype=\"http:\/\/schema.org\/Review\">\n<span itemprop=\"author\" itemscope=\"\" itemtype=\"http:\/\/schema.org\/Organization\"><span itemprop=\"name\">MoverDB.com<\/span><\/span> Recensione del sito web online per <span itemprop=\"itemreviewed\" itemscope=\"\" itemtype=\"http:\/\/schema.org\/Brand\"><span itemprop=\"name\">Spostamento DT<\/span><\/span>:<\/p>\n<ol>\n<li> Dettagli di contatto chiari sul sito web (compreso il numero di telefono): <strong>S\u00ec<\/strong><\/li>\n<li> Facile da ottenere <a href=\"https:\/\/moverdb.com\/it\/citazioni\/\">preventivi di traslochi internazionali<\/a>? (Modulo di richiesta di preventivo online): <strong>S\u00ec<\/strong><\/li>\n<li> Informazioni chiare sul sito web: <strong>S\u00ec,<\/strong> Il sito web \u00e8 abbastanza completo, dando ai potenziali clienti una buona idea di ci\u00f2 che l'azienda pu\u00f2 offrire.<\/li>\n<li> Appartenenza a organizzazioni internazionali riconosciute per il movimento: <strong>S\u00ec<\/strong>, vedi sopra.<\/li>\n<li> Elenco di clienti e\/o testimonianze di clienti precedenti: <strong>S\u00ec,<\/strong>Ci sono molte testimonianze di clienti sul sito e altre recensioni online sono positive.<\/li>\n<\/ol>\n<div itemprop=\"reviewRating\" itemscope itemtype=\"http:\/\/schema.org\/Rating\"><meta itemprop=\"worstRating\" content = \"0\" \/><meta itemprop=\"bestRating\" content=\"5\" \/><meta itemprop=\"ratingValue\" content=\"5\"><\/div>\n<p><strong>Punteggio complessivo: 5\/5<\/strong><br \/>\n<strong>Data di revisione:<\/strong> <span itemprop=\"datePublished\" content=\"2016-09-03\">03\/09\/2016<\/span>\n<\/div>\n<p>Per saperne di pi\u00f9 <a href=\"https:\/\/moverdb.com\/it\/international-removals\/\">traslochi internazionali<\/a> e il nostro <a href=\"https:\/\/moverdb.com\/it\/recensioni\/\">processo di revisione<\/a>.<\/p>\n<p><strong>Sito web:<\/strong> <a href=\"http:\/\/www.dtmoving.com\" target=\"_blank\" rel=\"noopener\">http:\/\/www.dtmoving.com<\/a><\/p>","protected":false},"excerpt":{"rendered":"<p>DT Moving is a UK based international moving company which offers its clients a full range of services which are listed below, together with a company profile and reviews. International Removals Pre-move survey, quotation and resources Packing at residence Transport by air, sea or road Insurance arranged Ongoing service including a move manager and a [&hellip;]<\/p>\n","protected":false},"author":1,"featured_media":0,"parent":0,"menu_order":0,"comment_status":"closed","ping_status":"closed","template":"","meta":{"_genesis_hide_title":false,"_genesis_hide_breadcrumbs":false,"_genesis_hide_singular_image":false,"_genesis_hide_footer_widgets":false,"_genesis_custom_body_class":"","_genesis_custom_post_class":"","_genesis_layout":"","footnotes":""},"class_list":{"0":"post-945","1":"page","2":"type-page","3":"status-publish","5":"entry"},"_links":{"self":[{"href":"https:\/\/moverdb.com\/it\/wp-json\/wp\/v2\/pages\/945","targetHints":{"allow":["GET"]}}],"collection":[{"href":"https:\/\/moverdb.com\/it\/wp-json\/wp\/v2\/pages"}],"about":[{"href":"https:\/\/moverdb.com\/it\/wp-json\/wp\/v2\/types\/page"}],"author":[{"embeddable":true,"href":"https:\/\/moverdb.com\/it\/wp-json\/wp\/v2\/users\/1"}],"replies":[{"embeddable":true,"href":"https:\/\/moverdb.com\/it\/wp-json\/wp\/v2\/comments?post=945"}],"version-history":[{"count":8,"href":"https:\/\/moverdb.com\/it\/wp-json\/wp\/v2\/pages\/945\/revisions"}],"predecessor-version":[{"id":6201,"href":"https:\/\/moverdb.com\/it\/wp-json\/wp\/v2\/pages\/945\/revisions\/6201"}],"wp:attachment":[{"href":"https:\/\/moverdb.com\/it\/wp-json\/wp\/v2\/media?parent=945"}],"curies":[{"name":"wp","href":"https:\/\/api.w.org\/{rel}","templated":true}]}}