{"id":944,"date":"2016-09-04T13:58:08","date_gmt":"2016-09-04T13:58:08","guid":{"rendered":"http:\/\/moverdb.com\/?page_id=944"},"modified":"2026-01-08T14:48:19","modified_gmt":"2026-01-08T14:48:19","slug":"excess-international-movers","status":"publish","type":"page","link":"https:\/\/moverdb.com\/it\/excess-international-movers\/","title":{"rendered":"Traslochi internazionali in eccesso: Recensioni sui traslochi internazionali"},"content":{"rendered":"<p>Excess International Movers offre ai clienti aziendali, agli individui e alle famiglie una vasta gamma di servizi che sono elencati di seguito. Segue anche un profilo aziendale e recensioni.<\/p>\n<p><strong><a href=\"https:\/\/moverdb.com\/it\/international-removals\/\" data-internallinksmanager029f6b8e52c=\"27\" title=\"36 Migliori aziende di traslochi internazionali del Regno Unito\">Traslochi internazionali<\/a><\/strong><\/p>\n<ul>\n<li> Aria, mare o strada<\/li>\n<li> Servizio porta a porta<\/li>\n<li> Servizio dedicato ai trasferimenti internazionali<\/li>\n<li> Un coordinatore di traslochi per organizzare i traslochi dall'inizio alla fine e rispondere a qualsiasi domanda<\/li>\n<li> Imballatori e traslocatori per imballare i beni nei migliori materiali da imballaggio approvati dal settore - forniti anche da Excess International Movers<\/li>\n<li> Traslochi caricati su <a href=\"https:\/\/moverdb.com\/it\/container-shipping\/\">contenitore di spedizione<\/a> o presi per essere caricati su aerei<\/li>\n<li> Merce sdoganata, consegnata e scaricata nella sua nuova casa, ufficio, hotel o altro luogo finale - o resa disponibile per il ritiro all'aeroporto scelto<\/li>\n<li> Spese di trasloco internazionale, sdoganamento e spese di terminale<\/li>\n<\/ul>\n<p><strong>Traslochi europei<\/strong><\/p>\n<ul>\n<li> Servizio porta a porta<\/li>\n<li> Servizio diretto dedicato. I tuoi effetti vengono imballati a casa tua e caricati e trasportati direttamente alla tua nuova casa in Europa. Lei sceglie la data di consegna in base alle sue esigenze. <\/li>\n<li> Carico condiviso. Adatto se si desidera spostare merci in piccole spedizioni in cui la tempistica \u00e8 meno importante. Pur continuando a offrire ai clienti una data fissa per il ritiro, vi viene fornita una finestra temporale per la consegna prima del ritiro e la data di consegna viene confermata una volta completato il programma di carico condiviso.<\/li>\n<li> Un coordinatore di traslochi dedicato per rispondere alle domande e organizzare i traslochi UE dall'inizio alla fine<\/li>\n<li> European Removals include un servizio di imballaggio professionale utilizzando materiali di imballaggio approvati dall'industria per garantire che i vostri beni siano al sicuro durante il trasporto.<\/li>\n<li> Traslochi raccolti, consegnati e poi disimballati nella vostra nuova casa con tutti i contenuti posizionati come richiesto.<\/li>\n<\/ul>\n<p><strong>Servizi di stoccaggio<\/strong><\/p>\n<ul>\n<li> Sicurezza 24 ore su 24<\/li>\n<li> L'accesso alle merci richiede un preavviso e pu\u00f2 comportare un costo aggiuntivo<\/li>\n<li> Sconti per lo stoccaggio per studenti<\/li>\n<li> Stoccaggio in container<\/li>\n<\/ul>\n<p><strong>Servizi agli studenti<\/strong><\/p>\n<ul>\n<li> Mini mosse speciali scontate<\/li>\n<li> Opzione speciale di stoccaggio a 5 scatole scontate<\/li>\n<li> Studente <a href=\"https:\/\/moverdb.com\/it\/compagnie-di-navigazione\/\">spedizione internazionale<\/a><\/li>\n<\/ul>\n<p><strong>Servizi aggiuntivi<\/strong><\/p>\n<ul>\n<li> Spedizione di bagagli<\/li>\n<li> Bagaglio non accompagnato<\/li>\n<li> Bagaglio in eccesso<\/li>\n<li> <a href=\"https:\/\/moverdb.com\/it\/auto-trasporto-spedizione\/\">Spedizione di veicoli<\/a><\/li>\n<li> Trasloco aziendale<\/li>\n<li> Spedizione di opere d'arte<\/li>\n<li> Importazioni<\/li>\n<\/ul>\n<h2>Profilo dell'azienda Excess International Movers<\/h2>\n<p>Excess International Movers esiste da oltre 30 anni e si occupa di oltre 50.000 spedizioni all'anno sia a livello internazionale che locale. Dicono che possono gestire qualsiasi dimensione di trasloco e lo faranno in qualsiasi lasso di tempo ragionevole. Excess International Movers sostiene di spedire in oltre 25.000 destinazioni in tutto il mondo.<\/p>\n<p>L'azienda copre ogni aspetto di un trasloco all'estero, dal preventivo iniziale ai servizi di sistemazione nel paese di destinazione. Forniscono soluzioni di spedizione per individui, famiglie e aziende, comprese molte aziende di alto profilo.<\/p>\n<p>Accreditamenti e affiliazioni di Excess International Movers:<\/p>\n<ul>\n<li> <a href=\"https:\/\/moverdb.com\/it\/british-association-of-removers\/\">L'associazione britannica dei traslocatori<\/a> (<a href=\"https:\/\/moverdb.com\/it\/british-association-of-removers\/\" data-internallinksmanager029f6b8e52c=\"9\" title=\"La British Association of Removers (BAR) spiegata\">BAR<\/a>)<\/li>\n<li> <a href=\"https:\/\/moverdb.com\/it\/fidi-faim\/\">La Federazione Internazionale dei Traslocatori di Mobili<\/a> (<a href=\"https:\/\/moverdb.com\/it\/fidi-faim\/\" data-internallinksmanager029f6b8e52c=\"16\" title=\"FIDI e FAIM (FIDI Accredited International Mover) spiegati\">FIDI<\/a>)<\/li>\n<li> <a href=\"https:\/\/moverdb.com\/it\/hgfaa\/\">Associazione degli spedizionieri di merci per la casa d'America<\/a> (HHGFAA)<\/li>\n<li> <a href=\"https:\/\/moverdb.com\/it\/fidi-faim\/\">FAIM Plus<\/a><\/li>\n<li> <a href=\"https:\/\/moverdb.com\/it\/mtc\/\">Il Movers Trading Club<\/a> (<a href=\"https:\/\/moverdb.com\/it\/mtc\/\" data-internallinksmanager029f6b8e52c=\"30\" title=\"Movers Trading Club (MTC) spiegato\">MTC<\/a>)<\/li>\n<li> Il <a href=\"https:\/\/moverdb.com\/it\/sono\/\">Associazione internazionale dei traslocatori<\/a> (<a href=\"https:\/\/moverdb.com\/it\/iam\/\" data-internallinksmanager029f6b8e52c=\"23\" title=\"Spiegazione dell&#039;Associazione Internazionale dei Traslocatori (IAM)\">IAM<\/a>)<\/li>\n<li> ISO 9001<\/li>\n<\/ul>\n<h2>Recensioni su Excess International Movers<\/h2>\n<p><strong>Positivo<\/strong><\/p>\n<ul>\n<li> <em>\"Dall'inizio \u00e8 stato un piacere fare affari con Excess Internationl Movers. Hanno prezzi molto ragionevoli e ti guidano attraverso il processo. Il ritiro e la consegna sono stati senza soluzione di continuit\u00e0 e non potrei essere pi\u00f9 felice del servizio. Altamente raccomandato\".<\/em> - Signora Sophie Hay via <a href=\"http:\/\/www.excess-international.com\/reviews\" target=\"_blank\" rel=\"noopener\">pagina della recensione dell'azienda<\/a><\/li>\n<li> <em>\"Servizio brillante dal preventivo alla spedizione. Consigliamo vivamente questa azienda\".<\/em> - Lisa via <a href=\"https:\/\/uk.trustpilot.com\/reviews\/57bc88a00000ff00097f3cfc\" target=\"_blank\" rel=\"noopener\">Trustpilot<\/a>.<\/li>\n<li> <em>\"Ci siamo trasferiti di recente dal <a href=\"https:\/\/moverdb.com\/it\/moving-to-the-uk\/\" data-internallinksmanager029f6b8e52c=\"93\" title=\"Trasferirsi nel Regno Unito? 2026 Costi di vita e consigli per il trasferimento\">REGNO UNITO<\/a> a <a href=\"https:\/\/moverdb.com\/it\/moving-to-canada\/\" data-internallinksmanager029f6b8e52c=\"265\" title=\"Trasferirsi in Canada? 2026 Costi di vita e consigli per il trasferimento\">Canada<\/a>Excess International ha reso l'intero processo molto indolore. Il preventivo \u00e8 stato abbastanza accurato (il costo finale \u00e8 stato in realt\u00e0 leggermente inferiore al preventivo originale, il che \u00e8 stato positivo - nessuna spiacevole sorpresa all'ultimo minuto), gli imballatori hanno fatto un ottimo lavoro e Attila \u00e8 stato felice di rispondere a tutte le domande che abbiamo avuto.\"<\/em> - tramite <a href=\"http:\/\/www.reviewcentre.com\/Removal-Companies\/Excess-International-Movers-www-excess-international-com-review_2391382\" target=\"_blank\" rel=\"noopener\">Centro recensioni<\/a><\/li>\n<li> <em>\"Gli uomini che sono venuti a fare il trasloco e l'imballaggio sono stati assolutamente #1 - di prima classe con tutto, lavoratori impegnati e molto cortesi\".<\/em> - Anton via <a href=\"http:\/\/www.shipping-international.com\/companies\/excess-international-movers.html\" target=\"_blank\" rel=\"noopener\">Spedizione-Internazionale.com<\/a><\/li>\n<\/ul>\n<p><strong>Negativo<\/strong><\/p>\n<ul>\n<li> <em>\"Sentivamo di aver preso una buona decisione dopo aver ottenuto alcuni preventivi, ma purtroppo le cose non sono andate come previsto\".<\/em> - Lee\/Signora Alexandria via <a href=\"https:\/\/uk.trustpilot.com\/reviews\/57b38afd0000ff00097cab0e\" target=\"_blank\" rel=\"noopener\">Trustpilot<\/a><\/li>\n<li> <em>\"Abbiamo ancora un problema che risale all'inizio dell'anno (2015) con EIM quando il nostro container \u00e8 arrivato in NZ dal Regno Unito. Il personale di EIM nel Regno Unito ha tappato un buco nel tetto del container con il proprio nastro da imballaggio\".<\/em> - Robert Snijders via <a href=\"http:\/\/www.removalreviews.co.uk\/movingreviews\/move-from-uk-to-nz-10229\" target=\"_blank\" rel=\"noopener\">Recensioni di rimozione<\/a><\/li>\n<li> <em>\"Servizio patetico e nessuna comunicazione adeguata. Non consiglierei affatto di usare questi ragazzi. La mia interazione \u00e8 stata molto deludente e frustrante\".<\/em> - tramite <a href=\"http:\/\/www.reviewcentre.com\/Removal-Companies\/Excess-International-Movers-www-excess-international-com-review_3918175\" target=\"_blank\" rel=\"noopener\">Centro recensioni<\/a><\/li>\n<li> <em>\"Un'azienda assolutamente terribile con cui trattare, sembrava di avere a che fare con un esattore di debiti parlando con loro al telefono\". -<br \/>\nWill B. via <a href=\"https:\/\/www.yelp.co.uk\/biz\/excess-international-movers-london-2?hrid=gh9RC6mlebc__fP5wR0Q8g&#038;utm_campaign=www_review_share_popup&#038;utm_medium=copy_link&#038;utm_source=(direct)\" target=\"_blank\" rel=\"noopener\">Yelp<\/a><\/em><\/li>\n<\/ul>\n<div itemprop=\"review\" itemscope itemtype=\"http:\/\/schema.org\/Review\">\n<span itemprop=\"author\" itemscope=\"\" itemtype=\"http:\/\/schema.org\/Organization\"><span itemprop=\"name\">MoverDB.com<\/span><\/span> Recensione del sito web online per <span itemprop=\"itemreviewed\" itemscope=\"\" itemtype=\"http:\/\/schema.org\/Brand\"><span itemprop=\"name\">Traslochi internazionali in eccesso<\/span><\/span>:<\/p>\n<ol>\n<li> Dettagli di contatto chiari sul sito web (compreso il numero di telefono): <strong>S\u00ec<\/strong><\/li>\n<li> Facile da ottenere <a href=\"https:\/\/moverdb.com\/it\/citazioni\/\">preventivi di traslochi internazionali<\/a>? (Modulo di richiesta di preventivo online): <strong>S\u00ec<\/strong><\/li>\n<li> Informazioni chiare sul sito web: <strong>S\u00ec,<\/strong> Le informazioni sul sito web sono abbastanza dettagliate e danno ai potenziali clienti una buona idea di ci\u00f2 che \u00e8 in offerta.<\/li>\n<li> Appartenenza a organizzazioni internazionali riconosciute per il movimento: <strong>S\u00ec<\/strong>, vedi sopra.<\/li>\n<li> Elenco di clienti e\/o testimonianze di clienti precedenti: <strong>S\u00ec,<\/strong> Ci sono molte testimonianze positive dei clienti sul loro sito web, anche se le recensioni altrove sono un po' pi\u00f9 contrastanti.<\/li>\n<\/ol>\n<div itemprop=\"reviewRating\" itemscope itemtype=\"http:\/\/schema.org\/Rating\"><meta itemprop=\"worstRating\" content = \"0\" \/><meta itemprop=\"bestRating\" content=\"5\" \/><meta itemprop=\"ratingValue\" content=\"4\"><\/div>\n<p><strong>Punteggio complessivo: 4\/5<\/strong><br \/>\n<strong>Data di revisione:<\/strong> <span itemprop=\"datePublished\" content=\"2016-09-04\">04\/09\/2016<\/span>\n<\/div>\n<p>Per saperne di pi\u00f9 <a href=\"https:\/\/moverdb.com\/it\/international-removals\/\">traslochi internazionali<\/a> e il nostro <a href=\"https:\/\/moverdb.com\/it\/recensioni\/\">processo di revisione<\/a>.<\/p>\n<p><strong>Sito web:<\/strong> <a href=\"http:\/\/www.excess-international.com\/\" target=\"_blank\" rel=\"noopener\">http:\/\/www.excess-international.com<\/a><\/p>","protected":false},"excerpt":{"rendered":"<p>Excess International Movers offer corporate clients, individuals and families a wide range of services which are listed below. There also follows a company profile and reviews. International Removals Air, sea or road Door to door service Dedicated service for international relocations A move co-ordinator to organise removals from start to finish and answer any queries [&hellip;]<\/p>\n","protected":false},"author":1,"featured_media":0,"parent":0,"menu_order":0,"comment_status":"closed","ping_status":"closed","template":"","meta":{"_genesis_hide_title":false,"_genesis_hide_breadcrumbs":false,"_genesis_hide_singular_image":false,"_genesis_hide_footer_widgets":false,"_genesis_custom_body_class":"","_genesis_custom_post_class":"","_genesis_layout":"","footnotes":""},"class_list":{"0":"post-944","1":"page","2":"type-page","3":"status-publish","5":"entry"},"_links":{"self":[{"href":"https:\/\/moverdb.com\/it\/wp-json\/wp\/v2\/pages\/944","targetHints":{"allow":["GET"]}}],"collection":[{"href":"https:\/\/moverdb.com\/it\/wp-json\/wp\/v2\/pages"}],"about":[{"href":"https:\/\/moverdb.com\/it\/wp-json\/wp\/v2\/types\/page"}],"author":[{"embeddable":true,"href":"https:\/\/moverdb.com\/it\/wp-json\/wp\/v2\/users\/1"}],"replies":[{"embeddable":true,"href":"https:\/\/moverdb.com\/it\/wp-json\/wp\/v2\/comments?post=944"}],"version-history":[{"count":8,"href":"https:\/\/moverdb.com\/it\/wp-json\/wp\/v2\/pages\/944\/revisions"}],"predecessor-version":[{"id":6207,"href":"https:\/\/moverdb.com\/it\/wp-json\/wp\/v2\/pages\/944\/revisions\/6207"}],"wp:attachment":[{"href":"https:\/\/moverdb.com\/it\/wp-json\/wp\/v2\/media?parent=944"}],"curies":[{"name":"wp","href":"https:\/\/api.w.org\/{rel}","templated":true}]}}