{"id":943,"date":"2016-09-03T18:19:36","date_gmt":"2016-09-03T18:19:36","guid":{"rendered":"http:\/\/moverdb.com\/?page_id=943"},"modified":"2026-01-08T15:20:36","modified_gmt":"2026-01-08T15:20:36","slug":"robinsons","status":"publish","type":"page","link":"https:\/\/moverdb.com\/it\/robinsons\/","title":{"rendered":"Robinsons Relocation: International Moving &amp; Removals Recensioni"},"content":{"rendered":"<p>Robinsons Relocation \u00e8 un'azienda internazionale <a href=\"https:\/\/moverdb.com\/it\/international-removals\/\" data-internallinksmanager029f6b8e52c=\"27\" title=\"36 Migliori aziende di traslochi internazionali del Regno Unito\">societ\u00e0 di traslochi<\/a> che offrono ai loro clienti molti servizi per assisterli nel trasferimento all'estero. I servizi sono elencati di seguito insieme a un profilo aziendale e alle recensioni.<\/p>\n<p><strong>Traslochi internazionali<\/strong><\/p>\n<ul>\n<li> Responsabile del trasloco dedicato<\/li>\n<li> Porta a porta<\/li>\n<li> Imballaggio autonomo o professionale<\/li>\n<li> Trasporto aereo o marittimo <a href=\"https:\/\/moverdb.com\/it\/container-shipping\/\">spedizione internazionale in container<\/a><\/li>\n<li> opzioni a pieno carico e a carico parziale<\/li>\n<li> Disimballaggio e rimontaggio<\/li>\n<li> Assistenza doganale<\/li>\n<li> Assicurazione organizzata<\/li>\n<li> Spedizione di auto<\/li>\n<li> Spedizione di animali domestici<\/li>\n<li> Spedizione di oggetti d'arte e d'antiquariato<\/li>\n<li> Trasferimento di affari<\/li>\n<\/ul>\n<p><strong>Servizi di trasferimento<\/strong><\/p>\n<ul>\n<li> Orientamento dell'area<\/li>\n<li> Ricerca della casa<\/li>\n<li> Ricerca della scuola<\/li>\n<li> Servizi di ambientamento<\/li>\n<li> Sostegno continuo e gestione dell'affitto<\/li>\n<li> Servizi di partenza<\/li>\n<li> Visto e immigrazione<\/li>\n<li> Interculturale e linguistico<\/li>\n<li> Mantenimento del coniuge<\/li>\n<\/ul>\n<p><strong>Stoccaggio<\/strong><\/p>\n<ul>\n<li> Lungo e breve termine<\/li>\n<li> Stoccaggio di mobili<\/li>\n<li> Deposito di veicoli<\/li>\n<li> Stoccaggio commerciale<\/li>\n<li> Archiviazione di documenti<\/li>\n<li> 8 rami tra cui scegliere<\/li>\n<li> Confezionato professionalmente<\/li>\n<li> Assicurazione automatica<\/li>\n<li> CCTV 24 ore su 24<\/li>\n<\/ul>\n<p><strong><a href=\"https:\/\/moverdb.com\/it\/moving-to-the-uk\/\" data-internallinksmanager029f6b8e52c=\"93\" title=\"Trasferirsi nel Regno Unito? 2026 Costi di vita e consigli per il trasferimento\">REGNO UNITO<\/a> Traslochi casa<\/strong><\/p>\n<ul>\n<li> Porta a porta<\/li>\n<li> Servizio completo<\/li>\n<li> Trasferimento di affari<\/li>\n<\/ul>\n<h2>Profilo aziendale di Robinsons Relocation<\/h2>\n<p>Robinsons \u00e8 stata fondata nel 1895 da Alfred Robinson e l'azienda ha iniziato spostando il carbone. La concorrenza era grande, cos\u00ec Alfred Robinson decise di passare al business dei traslochi. <\/p>\n<p>Negli anni '60, con l'avvento dell'emigrazione di massa, l'azienda si \u00e8 estesa ai traslochi internazionali. <a href=\"https:\/\/moverdb.com\/it\/moving-to-australia\/living-in-australia\/\" data-internallinksmanager029f6b8e52c=\"240\" title=\"21 segreti su come vivere in Australia da conoscere prima di trasferirsi\">Australia<\/a>. Il nipote di Alfred Robinson \u00e8 oggi il presidente dell'azienda.<\/p>\n<p>Robinsons \u00e8 uno dei primi cinque esportatori di beni personali nel Regno Unito. Il loro obiettivo \u00e8 quello di dare ai loro clienti, sia privati che aziende, un piano su misura per garantire che il loro trasferimento sia senza sforzo e senza costi nascosti. <\/p>\n<p>L'azienda ha sei magazzini appositamente costruiti nei principali centri del Regno Unito. Ha anche una flotta di 60 veicoli e una forza lavoro di oltre 150 persone altamente qualificate.<\/p>\n<p>Una lista di affiliazioni e accreditamenti di Robinsons:<\/p>\n<ul>\n<li> <a href=\"https:\/\/moverdb.com\/it\/british-association-of-removers\/\">L'associazione britannica dei traslocatori<\/a> (<a href=\"https:\/\/moverdb.com\/it\/british-association-of-removers\/\" data-internallinksmanager029f6b8e52c=\"9\" title=\"La British Association of Removers (BAR) spiegata\">BAR<\/a>)<\/li>\n<li> <a href=\"https:\/\/moverdb.com\/it\/bar-overseas\/\">L'associazione britannica dei traslocatori d'oltremare<\/a><\/li>\n<li> Associazione britannica per il trasporto internazionale (BIFA)<\/li>\n<li> Rassicurazione mondiale<\/li>\n<li> <a href=\"https:\/\/moverdb.com\/it\/fidi-faim\/\">Federazione Internazionale dei Traslocatori Internazionali di Mobili<\/a> (<a href=\"https:\/\/moverdb.com\/it\/fidi-faim\/\" data-internallinksmanager029f6b8e52c=\"16\" title=\"FIDI e FAIM (FIDI Accredited International Mover) spiegati\">FIDI<\/a>)<\/li>\n<li> Overseas Moving Network Incorporated (OMNI)<\/li>\n<li> FAIM Plus<\/li>\n<li> <a href=\"https:\/\/moverdb.com\/it\/eura\/\">EuRA<\/a><\/li>\n<li> ISO 9901:2008<\/li>\n<li> ISO 14001 :2004<\/li>\n<li> L'Associazione dei Commercianti di Arte e Antiquariato (LAPADA)<\/li>\n<li> Produttori britannici di mobili (BFM)<\/li>\n<\/ul>\n<h2>Recensioni su Robinsons Relocation<\/h2>\n<p><strong>Positivo:<\/strong><\/p>\n<ul>\n<li> <em>\"Robinsons \u00e8 stata molto paziente con il nostro percorso, a volte \"difficile\", per arrivare alla data del trasloco vero e proprio, coordinandosi felicemente con me. Il personale dell'ufficio \u00e8 stato disponibile, comprensivo e amichevole. Poi, quando \u00e8 arrivato il giorno, i ragazzi che sono venuti a imballare la casa per il trasloco sono stati molto gentili. <a href=\"https:\/\/moverdb.com\/it\/moving-to-the-united-states\/\" data-internallinksmanager029f6b8e52c=\"94\" title=\"Trasferirsi negli Stati Uniti? 2026 Costi di vita e consigli per il trasferimento\">noi<\/a> sono stati cordiali, professionali, ma soprattutto coscienziosi\".<\/em> - Charlie K Brisker via <a href=\"https:\/\/uk.trustpilot.com\/reviews\/57c6b04b0000ff000982140f\" target=\"_blank\" rel=\"noopener\">Trustpilot<\/a><\/li>\n<li> <em>\"Abbiamo avuto un'esperienza eccellente con Robinsons e siamo rimasti sorpresi quando ho visto una recensione precedente che diceva il contrario. Per la nostra esperienza personale abbiamo traslocato diverse volte in varie parti del mondo e ci siamo fidati di Robinsons per il nostro trasloco ogni volta da quando li abbiamo usati per la prima volta negli anni '90.\"<\/em> - Aiden Roberts via <a href=\"http:\/\/www.removalreviews.co.uk\/movingreviews\/really-great-service-thank-you-robinsons-6974\" target=\"_blank\" rel=\"noopener\">Recensioni di rimozione<\/a> <\/li>\n<\/ul>\n<p><strong>Negativo:<\/strong><\/p>\n<ul>\n<li> <em>\"I primi due ragazzi che sono arrivati sono stati fantastici. Poi ne sono arrivati altri tre! Hanno inserito i loro cellulari nelle nostre prese per diffondere la musica! L'imballaggio degli oggetti pi\u00f9 piccoli \u00e8 stato fantastico! Nessuna rottura! Tuttavia la mancanza di cura e di rispetto per gli oggetti pi\u00f9 grandi \u00e8 stata scioccante! \"<\/em> - Sharon Card via <a href=\"https:\/\/www.trustpilot.com\/users\/55ed817e0000ff0001d9df65\" target=\"_blank\" rel=\"noopener\">Trustpilot<\/a> <\/li>\n<li> \"<em>Dopo alcune ricerche pensavo di aver scelto un'azienda rispettabile per gestire il mio trasferimento internazionale. Non avrei potuto sbagliarmi di pi\u00f9\". <\/em>Eric via <a href=\"http:\/\/www.removalreviews.co.uk\/movingreviews\/absolute-disgrace-2741\" target=\"_blank\" rel=\"noopener\">Recensioni di rimozione<\/a> <\/li>\n<\/ul>\n<div itemprop=\"review\" itemscope itemtype=\"http:\/\/schema.org\/Review\">\n<span itemprop=\"author\" itemscope=\"\" itemtype=\"http:\/\/schema.org\/Organization\"><span itemprop=\"name\">MoverDB.com<\/span><\/span> Recensione del sito web online per <span itemprop=\"itemreviewed\" itemscope=\"\" itemtype=\"http:\/\/schema.org\/Brand\"><span itemprop=\"name\">Robinsons Relocation<\/span><\/span>:<\/p>\n<ol>\n<li> Dettagli di contatto chiari sul sito web (compreso il numero di telefono): <strong>S\u00ec<\/strong><\/li>\n<li> Facile da ottenere <a href=\"https:\/\/moverdb.com\/it\/citazioni\/\">preventivi di traslochi internazionali<\/a>? (Modulo di richiesta di preventivo online): <strong>S\u00ec<\/strong><\/li>\n<li> Informazioni chiare sul sito web: <strong>S\u00ec,<\/strong> una buona quantit\u00e0 di informazioni su tutti i servizi che offrono.<\/li>\n<li> Appartenenza a organizzazioni internazionali riconosciute per il movimento: <strong>S\u00ec<\/strong>, molti vedono sopra.<\/li>\n<li> Elenco di clienti e\/o testimonianze di clienti precedenti: <strong>S\u00ec,<\/strong> ma non sul loro sito web, invece cliente lasciare recensioni su TrustPilot, dove hanno un rating molto positivo.<\/li>\n<\/ol>\n<div itemprop=\"reviewRating\" itemscope itemtype=\"http:\/\/schema.org\/Rating\"><meta itemprop=\"worstRating\" content = \"0\" \/><meta itemprop=\"bestRating\" content=\"5\" \/><meta itemprop=\"ratingValue\" content=\"5\"><\/div>\n<p><strong>Punteggio complessivo: 5\/5<\/strong><br \/>\n<strong>Data di revisione:<\/strong> <span itemprop=\"datePublished\" content=\"2016-09-03\">03\/09\/2016<\/span>\n<\/div>\n<p>Per saperne di pi\u00f9 <a href=\"https:\/\/moverdb.com\/it\/international-removals\/\">societ\u00e0 di traslochi internazionali<\/a> e il nostro <a href=\"https:\/\/moverdb.com\/it\/recensioni\/\">processo di revisione<\/a>.<\/p>\n<p><strong>Sito web:<\/strong> <a href=\"http:\/\/www.robinsonsrelo.com\" target=\"_blank\" rel=\"noopener\">http:\/\/www.robinsonsrelo.com<\/a><\/p>","protected":false},"excerpt":{"rendered":"<p>Robinsons Relocation are an international removal company which offer their clients many services to assist them in relocating abroad. The services are listed below together with a company profile and reviews. International Removals Dedicated move manager Door to door Self-packing or professionally packed Air freight or sea freight international container shipping full load and part [&hellip;]<\/p>\n","protected":false},"author":1,"featured_media":0,"parent":0,"menu_order":0,"comment_status":"closed","ping_status":"closed","template":"","meta":{"_genesis_hide_title":false,"_genesis_hide_breadcrumbs":false,"_genesis_hide_singular_image":false,"_genesis_hide_footer_widgets":false,"_genesis_custom_body_class":"","_genesis_custom_post_class":"","_genesis_layout":"","footnotes":""},"class_list":{"0":"post-943","1":"page","2":"type-page","3":"status-publish","5":"entry"},"_links":{"self":[{"href":"https:\/\/moverdb.com\/it\/wp-json\/wp\/v2\/pages\/943","targetHints":{"allow":["GET"]}}],"collection":[{"href":"https:\/\/moverdb.com\/it\/wp-json\/wp\/v2\/pages"}],"about":[{"href":"https:\/\/moverdb.com\/it\/wp-json\/wp\/v2\/types\/page"}],"author":[{"embeddable":true,"href":"https:\/\/moverdb.com\/it\/wp-json\/wp\/v2\/users\/1"}],"replies":[{"embeddable":true,"href":"https:\/\/moverdb.com\/it\/wp-json\/wp\/v2\/comments?post=943"}],"version-history":[{"count":5,"href":"https:\/\/moverdb.com\/it\/wp-json\/wp\/v2\/pages\/943\/revisions"}],"predecessor-version":[{"id":6233,"href":"https:\/\/moverdb.com\/it\/wp-json\/wp\/v2\/pages\/943\/revisions\/6233"}],"wp:attachment":[{"href":"https:\/\/moverdb.com\/it\/wp-json\/wp\/v2\/media?parent=943"}],"curies":[{"name":"wp","href":"https:\/\/api.w.org\/{rel}","templated":true}]}}