{"id":942,"date":"2016-09-04T17:22:17","date_gmt":"2016-09-04T17:22:17","guid":{"rendered":"http:\/\/moverdb.com\/?page_id=942"},"modified":"2026-01-08T14:47:57","modified_gmt":"2026-01-08T14:47:57","slug":"city-moving-storage","status":"publish","type":"page","link":"https:\/\/moverdb.com\/it\/city-moving-storage\/","title":{"rendered":"City Moving and Storage: Recensioni sui traslochi internazionali"},"content":{"rendered":"<p>City Moving and Storage offre traslochi sia all'estero che locali sia a clienti commerciali che privati. Segue una lista di questi servizi, insieme ad un profilo aziendale e alle recensioni.<\/p>\n<p><strong>Nota:<\/strong> City Moving and Storage, non deve essere confuso con City Removals, che \u00e8 un'azienda separata che offre anche confusamente <a href=\"https:\/\/moverdb.com\/it\/international-removals\/\">traslochi internazionali<\/a>.<\/p>\n<p><strong>Servizi di trasloco<\/strong><\/p>\n<ul>\n<li> Disimballaggio e rimozione dei detriti Servizio di imballaggio completo<\/li>\n<li> Imballaggio di antichit\u00e0 e belle arti<\/li>\n<li> Servizi di trasporto marittimo con LCL (meno del carico del container) o FCL (carico completo del container) <a href=\"https:\/\/moverdb.com\/it\/container-shipping\/\">spedizione in container<\/a>.<\/li>\n<li> Servizi settimanali di camion per traslochi in Europa<\/li>\n<li> Sdoganamento e formalit\u00e0 doganali<\/li>\n<li> Disimballaggio e rimozione dei detriti<\/li>\n<\/ul>\n<p><strong>Servizi di stoccaggio<\/strong><\/p>\n<ul>\n<li> Contenitori di carico<\/li>\n<li> Contenitori per l'imballaggio<\/li>\n<li> Sigillare i contenitori<\/li>\n<li> Stivare i contenitori<\/li>\n<\/ul>\n<h2>Profilo dell'azienda City Moving and Storage<\/h2>\n<p>City Moving and Storage \u00e8 una societ\u00e0 a responsabilit\u00e0 limitata che ha iniziato la sua attivit\u00e0 nel 1986. La sua sede principale \u00e8 in <a href=\"https:\/\/moverdb.com\/it\/moving-to-london\/\">Londra<\/a> con partner commerciali globali in tutto il mondo. L'azienda spedisce effetti personali e commerciali in tutto il mondo e si vanta di avere uno staff professionale e ben addestrato che segue il processo da porta a porta.<\/p>\n<p>L'azienda \u00e8 specializzata nella spedizione di antichit\u00e0, opere d'arte, pianoforti e auto in tutto il mondo. Hanno un reparto specializzato per la Scandinavia, con partenze settimanali da Londra. I clienti sono tenuti completamente aggiornati sulle loro spedizioni, con notifiche in ogni fase del viaggio. <\/p>\n<p>City Moving and Storage \u00e8 accreditato da:<\/p>\n<ul>\n<li> <a href=\"https:\/\/moverdb.com\/it\/british-association-of-removers\/\">L'associazione britannica dei traslocatori<\/a> (<a href=\"https:\/\/moverdb.com\/it\/british-association-of-removers\/\" data-internallinksmanager029f6b8e52c=\"9\" title=\"La British Association of Removers (BAR) spiegata\">BAR<\/a>)<\/li>\n<li> <a href=\"https:\/\/moverdb.com\/it\/fidi-faim\/\">La Federazione dei Traslocatori Internazionali<\/a> (<a href=\"https:\/\/moverdb.com\/it\/fidi-faim\/\" data-internallinksmanager029f6b8e52c=\"16\" title=\"FIDI e FAIM (FIDI Accredited International Mover) spiegati\">FIDI<\/a>)<\/li>\n<li> Standard di servizio garantito dalla qualit\u00e0 - BS EN 12522<\/li>\n<\/ul>\n<p><strong>Recensioni su City Moving and Storage<\/strong><\/p>\n<p>Non abbiamo trovato nessuna recensione positiva o negativa online per City Moving and Storage.<\/p>\n<div itemprop=\"review\" itemscope itemtype=\"http:\/\/schema.org\/Review\">\n<span itemprop=\"author\" itemscope=\"\" itemtype=\"http:\/\/schema.org\/Organization\"><span itemprop=\"name\">MoverDB.com<\/span><\/span> Recensione del sito web online per <span itemprop=\"itemreviewed\" itemscope=\"\" itemtype=\"http:\/\/schema.org\/Brand\"><span itemprop=\"name\">Citt\u00e0 trasloco e stoccaggio<\/span><\/span>:<\/p>\n<ol>\n<li> Dettagli di contatto chiari sul sito web (compreso il numero di telefono): <strong>S\u00ec<\/strong><\/li>\n<li> Facile da ottenere <a href=\"https:\/\/moverdb.com\/it\/citazioni\/\">preventivi di trasloco internazionale<\/a>? (Modulo di richiesta di preventivo online): <strong>Base<\/strong>Hanno un modulo di contatto sulla loro homepage, ma non specificano se offrono preventivi.<\/li>\n<li> Informazioni chiare sul sito web: <strong>No,<\/strong> Il sito web \u00e8 stato creato nel 2008 e ti dice molto poco sulla societ\u00e0 o sulle mosse che offrono.<\/li>\n<li> Appartenenza a organizzazioni internazionali riconosciute per il movimento: <strong>S\u00ec<\/strong>, vedi sopra.<\/li>\n<li> Elenco di clienti e\/o testimonianze di clienti precedenti: <strong>No,<\/strong> Di nuovo, il contenuto del sito web \u00e8 minimo e non include alcuna testimonianza dei clienti o liste di clienti, inoltre non sembra esistere alcuna recensione online.<\/li>\n<\/ol>\n<div itemprop=\"reviewRating\" itemscope itemtype=\"http:\/\/schema.org\/Rating\"><meta itemprop=\"worstRating\" content = \"0\" \/><meta itemprop=\"bestRating\" content=\"5\" \/><meta itemprop=\"ratingValue\" content=\"2.5\"><\/div>\n<p><strong>Punteggio complessivo: 2,5\/5<\/strong><br \/>\n<strong>Data di revisione:<\/strong> <span itemprop=\"datePublished\" content=\"2016-09-04\">04\/09\/2016<\/span>\n<\/div>\n<p>Pi\u00f9 su <a href=\"https:\/\/moverdb.com\/it\/aziende-di-traslochi\/\">societ\u00e0 di traslochi internazionali<\/a> e il nostro <a href=\"https:\/\/moverdb.com\/it\/recensioni\/\">processo di revisione<\/a>.<\/p>\n<p><strong>Sito web:<\/strong> <a href=\"http:\/\/www.citymoving.co.uk\" target=\"_blank\" rel=\"noopener\">http:\/\/www.citymoving.co.uk<\/a><\/p>","protected":false},"excerpt":{"rendered":"<p>City Moving and Storage offer both overseas and local moves to both business and private clients. There follows a list of these services, together with a company profile and reviews. Note: City Moving and Storage, should not be confused with City Removals, which is a separate company that also confusingly offers international removals. Moving Services [&hellip;]<\/p>\n","protected":false},"author":1,"featured_media":0,"parent":0,"menu_order":0,"comment_status":"closed","ping_status":"closed","template":"","meta":{"_genesis_hide_title":false,"_genesis_hide_breadcrumbs":false,"_genesis_hide_singular_image":false,"_genesis_hide_footer_widgets":false,"_genesis_custom_body_class":"","_genesis_custom_post_class":"","_genesis_layout":"","footnotes":""},"class_list":{"0":"post-942","1":"page","2":"type-page","3":"status-publish","5":"entry"},"_links":{"self":[{"href":"https:\/\/moverdb.com\/it\/wp-json\/wp\/v2\/pages\/942","targetHints":{"allow":["GET"]}}],"collection":[{"href":"https:\/\/moverdb.com\/it\/wp-json\/wp\/v2\/pages"}],"about":[{"href":"https:\/\/moverdb.com\/it\/wp-json\/wp\/v2\/types\/page"}],"author":[{"embeddable":true,"href":"https:\/\/moverdb.com\/it\/wp-json\/wp\/v2\/users\/1"}],"replies":[{"embeddable":true,"href":"https:\/\/moverdb.com\/it\/wp-json\/wp\/v2\/comments?post=942"}],"version-history":[{"count":5,"href":"https:\/\/moverdb.com\/it\/wp-json\/wp\/v2\/pages\/942\/revisions"}],"predecessor-version":[{"id":6191,"href":"https:\/\/moverdb.com\/it\/wp-json\/wp\/v2\/pages\/942\/revisions\/6191"}],"wp:attachment":[{"href":"https:\/\/moverdb.com\/it\/wp-json\/wp\/v2\/media?parent=942"}],"curies":[{"name":"wp","href":"https:\/\/api.w.org\/{rel}","templated":true}]}}