{"id":940,"date":"2016-09-04T19:16:26","date_gmt":"2016-09-04T19:16:26","guid":{"rendered":"http:\/\/moverdb.com\/?page_id=940"},"modified":"2026-01-08T14:47:53","modified_gmt":"2026-01-08T14:47:53","slug":"btr-international","status":"publish","type":"page","link":"https:\/\/moverdb.com\/it\/btr-international\/","title":{"rendered":"BTR International: Mobilit\u00e0 della forza lavoro: Trasferimento e traslochi Recensioni"},"content":{"rendered":"<p>BTR International offre al mondo delle imprese molti servizi per trasferire il loro personale o i loro affari all'estero.<\/p>\n<p><strong>Servizi di trasloco internazionale<\/strong><\/p>\n<ul type=\"circle\">\n<li class=\"m_7262227758002368167MsoListParagraph\"><b>Servizi di consulenza<\/b><u><\/u><u><\/u>\n<ul type=\"square\">\n<li class=\"m_7262227758002368167MsoListParagraph\">Progettazione e sviluppo delle politiche<u><\/u><u><\/u><\/li>\n<li class=\"m_7262227758002368167MsoListParagraph\">Benchmarking<u><\/u><u><\/u><\/li>\n<li class=\"m_7262227758002368167MsoListParagraph\">Consulenza<u><\/u><u><\/u><\/li>\n<\/ul>\n<\/li>\n<li class=\"m_7262227758002368167MsoListParagraph\"><b>Servizi di pre-assegnazione<u><\/u><u><\/u><\/b>\n<ul type=\"square\">\n<li class=\"m_7262227758002368167MsoListParagraph\">Consulenza pre-compiti<u><\/u><u><\/u><\/li>\n<li class=\"m_7262227758002368167MsoListParagraph\">Pianificazione delle retribuzioni<u><\/u><u><\/u><\/li>\n<li class=\"m_7262227758002368167MsoListParagraph\">Proiezioni dei costi di assegnazione<u><\/u><u><\/u><\/li>\n<li class=\"m_7262227758002368167MsoListParagraph\">Preparazione della lettera di incarico<u><\/u><u><\/u><\/li>\n<li class=\"m_7262227758002368167MsoListParagraph\">Pianificazione e strategia fiscale<u><\/u><u><\/u><\/li>\n<li class=\"m_7262227758002368167MsoListParagraph\">Calcolo del foglio di lavoro del compenso iniziale<u><\/u><u><\/u><\/li>\n<li class=\"m_7262227758002368167MsoListParagraph\">Coordinamento visti\/immigrazione<u><\/u><u><\/u><\/li>\n<li class=\"m_7262227758002368167MsoListParagraph\">Rendicontazione del costo della vita<u><\/u><u><\/u><\/li>\n<li class=\"m_7262227758002368167MsoListParagraph\">Formazione culturale e linguistica<u><\/u><u><\/u><\/li>\n<li class=\"m_7262227758002368167MsoListParagraph\">Consulenza educativa e collocamento<u><\/u><u><\/u><\/li>\n<li class=\"m_7262227758002368167MsoListParagraph\">Assistenza marketing per la casa<u><\/u><u><\/u><\/li>\n<\/ul>\n<\/li>\n<li class=\"m_7262227758002368167MsoListParagraph\"><b>Gestione delle spese<\/b><u><\/u><u><\/u>\n<ul type=\"square\">\n<li class=\"m_7262227758002368167MsoListParagraph\">Revisione delle spese ed esborso<u><\/u><u><\/u><\/li>\n<li class=\"m_7262227758002368167MsoListParagraph\">Pagamento diretto delle spese<u><\/u><u><\/u><\/li>\n<li class=\"m_7262227758002368167MsoListParagraph\">Riconciliazione e reportistica dettagliata<u><\/u><u><\/u><\/li>\n<li class=\"m_7262227758002368167MsoListParagraph\">Conformit\u00e0 alle politiche di mobilit\u00e0 globale<u><\/u><u><\/u><\/li>\n<li class=\"m_7262227758002368167MsoListParagraph\">Eccezione alla politica di rendicontazione dei costi<u><\/u><u><\/u><\/li>\n<\/ul>\n<\/li>\n<li class=\"m_7262227758002368167MsoListParagraph\"><b>Gestione degli spostamenti<\/b><u><\/u><u><\/u>\n<ul type=\"square\">\n<li class=\"m_7262227758002368167MsoListParagraph\">Gestione dei movimenti di gruppo<u><\/u><u><\/u><\/li>\n<li class=\"m_7262227758002368167MsoListParagraph\">Soluzione forfettaria<u><\/u><u><\/u><\/li>\n<li class=\"m_7262227758002368167MsoListParagraph\">Servizi di stoccaggio<u><\/u><u><\/u><\/li>\n<li class=\"m_7262227758002368167MsoListParagraph\">Programma di mobilit\u00e0 globale<u><\/u><u><\/u><\/li>\n<li class=\"m_7262227758002368167MsoListParagraph\">Spedizioni internazionali<u><\/u><u><\/u><\/li>\n<li class=\"m_7262227758002368167MsoListParagraph\">Programma assicurativo<u><\/u><u><\/u><\/li>\n<li class=\"m_7262227758002368167MsoListParagraph\">Servizi VIP<u><\/u><u><\/u><\/li>\n<li class=\"m_7262227758002368167MsoListParagraph\">Gestione dell'inventario<u><\/u><u><\/u><\/li>\n<li class=\"m_7262227758002368167MsoListParagraph\">Traslochi commerciali<u><\/u><u><\/u><\/li>\n<li class=\"m_7262227758002368167MsoListParagraph\">Servizi di trasloco per animali domestici<u><\/u><u><\/u><\/li>\n<\/ul>\n<\/li>\n<li class=\"m_7262227758002368167MsoListParagraph\"><b>Servizi di destinazione<\/b><u><\/u><u><\/u>\n<ul type=\"square\">\n<li class=\"m_7262227758002368167MsoListParagraph\">Assistenza nella ricerca della casa<u><\/u><u><\/u><\/li>\n<li class=\"m_7262227758002368167MsoListParagraph\">Assistenza nella ricerca di un alloggio<u><\/u><u><\/u><\/li>\n<li class=\"m_7262227758002368167MsoListParagraph\">Assistenza nella ricerca della scuola<u><\/u><u><\/u><\/li>\n<li class=\"m_7262227758002368167MsoListParagraph\">Soggiorno temporaneo<u><\/u><u><\/u><\/li>\n<li class=\"m_7262227758002368167MsoListParagraph\">Consulenza alla carriera del coniuge<u><\/u><u><\/u><\/li>\n<li class=\"m_7262227758002368167MsoListParagraph\">Gestione degli affitti<u><\/u><u><\/u><\/li>\n<li class=\"m_7262227758002368167MsoListParagraph\">Gestione della propriet\u00e0<u><\/u><u><\/u><\/li>\n<li class=\"m_7262227758002368167MsoListParagraph\">Servizi di ambientamento<u><\/u><u><\/u><\/li>\n<\/ul>\n<\/li>\n<li class=\"m_7262227758002368167MsoListParagraph\"><b>Servizi di reporting<\/b><u><\/u><u><\/u>\n<ul type=\"square\">\n<li class=\"m_7262227758002368167MsoListParagraph\">Reporting delle assegnazioni su misura<u><\/u><u><\/u><\/li>\n<li class=\"m_7262227758002368167MsoListParagraph\">Gestione dei costi e imposte di fine anno<u><\/u><u><\/u><\/li>\n<li class=\"m_7262227758002368167MsoListParagraph\">Eccezione al monitoraggio della politica<u><\/u><u><\/u><\/li>\n<li class=\"m_7262227758002368167MsoListParagraph\">Monitoraggio e reporting dei viaggiatori d'affari<u><\/u><u><\/u><\/li>\n<li class=\"m_7262227758002368167MsoListParagraph\">Revisioni trimestrali e di fine anno dei clienti<\/li>\n<\/ul>\n<\/li>\n<\/ul>\n<h2>Profilo aziendale di BTR International<\/h2>\n<p>BTR International \u00e8 una premiata societ\u00e0 di gestione dei trasferimenti internazionali con oltre 35 anni di esperienza nella mobilit\u00e0 della forza lavoro. BTR International si propone di alleggerire il reparto Risorse Umane di un'azienda, organizzando il pi\u00f9 possibile il trasferimento e supportando sia l'azienda che il personale che si trasferisce.<\/p>\n<p>Nel 2019 BTR \u00e8 stata acquisita da Writer Corporation, un'organizzazione globale con oltre 60 anni di esperienza nel settore del trasferimento. La collaborazione ha rafforzato la rete globale e la qualit\u00e0 del servizio.<\/p>\n<p>Ecco una lista degli accreditamenti e delle affiliazioni di BTR International:<\/p>\n<ul>\n<li><a href=\"https:\/\/moverdb.com\/it\/british-association-of-removers\/\">L'associazione britannica dei traslocatori<\/a> (<a href=\"https:\/\/moverdb.com\/it\/british-association-of-removers\/\" data-internallinksmanager029f6b8e52c=\"9\" title=\"La British Association of Removers (BAR) spiegata\">BAR<\/a>)<\/li>\n<li><a href=\"https:\/\/moverdb.com\/it\/bar-overseas\/\">L'associazione britannica dei traslocatori d'oltremare<\/a><\/li>\n<li><a href=\"https:\/\/moverdb.com\/it\/fidi-faim\/\">Federazione dei Traslocatori Internazionali<\/a> (<a href=\"https:\/\/moverdb.com\/it\/fidi-faim\/\" data-internallinksmanager029f6b8e52c=\"16\" title=\"FIDI e FAIM (FIDI Accredited International Mover) spiegati\">FIDI<\/a>)<\/li>\n<li><a href=\"https:\/\/moverdb.com\/it\/fidi-faim\/\">FAIM Plus<\/a><\/li>\n<li><a href=\"https:\/\/moverdb.com\/it\/sono\/\">Associazione internazionale dei traslocatori<\/a> (<a href=\"https:\/\/moverdb.com\/it\/iam\/\" data-internallinksmanager029f6b8e52c=\"23\" title=\"Spiegazione dell&#039;Associazione Internazionale dei Traslocatori (IAM)\">IAM<\/a>)<\/li>\n<li><a href=\"https:\/\/moverdb.com\/it\/fedemac\/\">FEDEMAC<\/a><\/li>\n<li><a href=\"https:\/\/moverdb.com\/it\/lacma\/\">LACMA<\/a><\/li>\n<li><a href=\"https:\/\/moverdb.com\/it\/mtc\/\">Il Movers Trading Club<\/a> (<a href=\"https:\/\/moverdb.com\/it\/mtc\/\" data-internallinksmanager029f6b8e52c=\"30\" title=\"Movers Trading Club (MTC) spiegato\">MTC<\/a>)<\/li>\n<li><a href=\"https:\/\/moverdb.com\/it\/employee-relocation-council\/\">CER mondiale<\/a><\/li>\n<li><a href=\"https:\/\/moverdb.com\/it\/association-relocation-professionals\/\">L'associazione dei professionisti del trasferimento<\/a> (<a href=\"https:\/\/moverdb.com\/it\/association-relocation-professionals\/\" data-internallinksmanager029f6b8e52c=\"6\" title=\"Associazione dei professionisti del trasferimento (ARP) spiegata\">ARP<\/a>)<\/li>\n<li><a href=\"https:\/\/moverdb.com\/it\/eura\/\">Associazione europea per la ricollocazione<\/a> (<a href=\"https:\/\/moverdb.com\/it\/eura\/\" data-internallinksmanager029f6b8e52c=\"13\" title=\"L&#039;Associazione europea per la ricollocazione (EuRA) spiegata\">EuRA<\/a>)<\/li>\n<li>Il Forum per la gestione degli espatriati<\/li>\n<li>ISO 9001<\/li>\n<li>ISO 14001<\/li>\n<\/ul>\n<p><strong>BTR International Recensioni<\/strong><\/p>\n<p>L'azienda ha diverse recensioni positive <a href=\"https:\/\/www.google.com\/search?q=btr+international&#038;rlz=1C1GCEU_en-GBGB955GB973&#038;oq=btr+international&#038;aqs=chrome.0.0i355i512j46i175i199i512j69i59l3j69i60l3.8906j0j7&#038;sourceid=chrome&#038;ie=UTF-8#lrd=0x48764eb31a41d6d7:0xb3d5c304f795d7ad,1,,,\" target=\"_blank\" rel=\"noopener\">si pu\u00f2 vedere qui<\/a>.<\/p>\n<p><strong>Positivo<\/strong><\/p>\n<p><em>\"Non avremmo potuto chiedere un'esperienza migliore per il nostro trasloco internazionale con BTR. I professionisti del trasloco di entrambe le parti sono stati meticolosi, piacevoli e altamente qualificati. Tutti gli oggetti sono stati imballati con cura, immagazzinati e disimballati\/riassemblati a destinazione nei tempi previsti, come promesso. La nostra coordinatrice del trasloco, Sarah, \u00e8 stata estremamente proattiva, reattiva e premurosa. Lo raccomandiamo vivamente!\".<\/em> - Tina Cachules<\/p>\n<p><em>\"Abbiamo utilizzato questa azienda per entrambi i nostri traslochi nel corso degli anni. Abbiamo trovato il loro servizio eccellente. Prezzi competitivi in entrambi i casi. Il loro servizio clienti \u00e8 molto accessibile e le loro squadre di traslocatori sono molto flessibili ed efficienti. Non esito a raccomandare BTR\".<\/em> - Geoff White<\/p>\n<p><em>\"Poich\u00e9 il mio trasloco \u00e8 stato effettuato con un preavviso piuttosto breve e in date specifiche, non ho potuto prenotarlo con BTR. Ma l'agente \u00e8 stato molto disponibile e pieno di informazioni e consigli. Lo utilizzerei sicuramente in futuro\".<\/em> - Rachael<\/p>\n<p><strong>Negativo:<\/strong><\/p>\n<ul>\n<li><em>\"Abbiamo avuto una buona prima esperienza con BTR come agente di consegna della nostra spedizione di beni per la casa dall'Italia. <a href=\"https:\/\/moverdb.com\/it\/moving-to-the-united-states\/\" data-internallinksmanager029f6b8e52c=\"94\" title=\"Trasferirsi negli Stati Uniti? 2026 Costi di vita e consigli per il trasferimento\">US<\/a> nel maggio 2011, ma sono stati un incubo durante un trasloco locale nel dicembre 2012\".<\/em> - Tim Emrich via <a href=\"http:\/\/www.removalreviews.co.uk\/movingreviews\/avoid-these-movers-1874\" target=\"_blank\" rel=\"noopener\">Recensioni di rimozione<\/a><\/li>\n<\/ul>\n<div>\n<p>MoverDB.com ha recensito il sito web online di BTR International:<\/p>\n<ol>\n<li>Dettagli di contatto chiari sul sito web (compreso il numero di telefono): <strong>S\u00ec<\/strong><\/li>\n<li>Facile da ottenere <a href=\"https:\/\/moverdb.com\/it\/citazioni\/\">preventivi di traslochi internazionali<\/a>? (Modulo di richiesta di preventivo online): <strong>S\u00ec<\/strong><\/li>\n<li>Informazioni chiare sul sito web: <strong>Alcuni,<\/strong> Il sito web non contiene molte informazioni dettagliate ed \u00e8 un po' difficile da navigare, ma i dettagli di base sono presentati chiaramente.<\/li>\n<li>Appartenenza a organizzazioni internazionali riconosciute per il movimento: <strong>S\u00ec<\/strong>, vedi sopra.<\/li>\n<li>Elenco di clienti e\/o testimonianze di clienti precedenti: <strong>S\u00ec,<\/strong> Il sito web contiene testimonianze<\/li>\n<\/ol>\n<div>&nbsp;<\/div>\n<p><strong>Punteggio complessivo: 4,5\/5<\/strong><br \/>\n<strong>Data di revisione:<\/strong>03\/04\/2023<\/p>\n<\/div>\n<p>Pi\u00f9 su <a href=\"https:\/\/moverdb.com\/it\/international-removals\/\">societ\u00e0 di traslochi internazionali<\/a> e il nostro <a href=\"https:\/\/moverdb.com\/it\/recensioni\/\">processo di revisione<\/a>.<\/p>\n<p><strong>Sito web:<\/strong> <a href=\"https:\/\/www.btrinternational.com\/\" target=\"_blank\" rel=\"noopener\">https:\/\/www.btrinternational.com\/<\/a><\/p>","protected":false},"excerpt":{"rendered":"<p>BTR International offers the corporate world many services in order for them to relocate their staff or their business abroad. International Moving Services Consulting Services Policy Design &amp; Development Benchmarking Counselling Pre-Assignment Services Pre-Assignment Counselling Compensation Planning Assignment Cost Projections Assignment Letter Preparation Tax Planning &amp; Strategy Initial Compensation Worksheet Calculation Visa\/Immigration Co-ordination Cost Of [&hellip;]<\/p>\n","protected":false},"author":1,"featured_media":0,"parent":0,"menu_order":0,"comment_status":"closed","ping_status":"closed","template":"","meta":{"_genesis_hide_title":false,"_genesis_hide_breadcrumbs":false,"_genesis_hide_singular_image":false,"_genesis_hide_footer_widgets":false,"_genesis_custom_body_class":"","_genesis_custom_post_class":"","_genesis_layout":"","footnotes":""},"class_list":{"0":"post-940","1":"page","2":"type-page","3":"status-publish","5":"entry"},"_links":{"self":[{"href":"https:\/\/moverdb.com\/it\/wp-json\/wp\/v2\/pages\/940","targetHints":{"allow":["GET"]}}],"collection":[{"href":"https:\/\/moverdb.com\/it\/wp-json\/wp\/v2\/pages"}],"about":[{"href":"https:\/\/moverdb.com\/it\/wp-json\/wp\/v2\/types\/page"}],"author":[{"embeddable":true,"href":"https:\/\/moverdb.com\/it\/wp-json\/wp\/v2\/users\/1"}],"replies":[{"embeddable":true,"href":"https:\/\/moverdb.com\/it\/wp-json\/wp\/v2\/comments?post=940"}],"version-history":[{"count":8,"href":"https:\/\/moverdb.com\/it\/wp-json\/wp\/v2\/pages\/940\/revisions"}],"predecessor-version":[{"id":8598,"href":"https:\/\/moverdb.com\/it\/wp-json\/wp\/v2\/pages\/940\/revisions\/8598"}],"wp:attachment":[{"href":"https:\/\/moverdb.com\/it\/wp-json\/wp\/v2\/media?parent=940"}],"curies":[{"name":"wp","href":"https:\/\/api.w.org\/{rel}","templated":true}]}}