{"id":939,"date":"2016-09-23T06:49:42","date_gmt":"2016-09-23T06:49:42","guid":{"rendered":"http:\/\/moverdb.com\/?page_id=939"},"modified":"2026-01-08T13:18:21","modified_gmt":"2026-01-08T13:18:21","slug":"gerson-relocation","status":"publish","type":"page","link":"https:\/\/moverdb.com\/it\/gerson-relocation\/","title":{"rendered":"Gerson Relocation: Trasloco Internazionale e Traslochi Recensioni"},"content":{"rendered":"<p>Gerson Relocation offre ai suoi clienti una variet\u00e0 di servizi, sia che si stiano trasferendo all'estero o a livello locale. Un profilo dell'azienda e delle recensioni seguono l'elenco dei servizi offerti.<\/p>\n<p><strong>Servizi aziendali\/supporto<\/strong><\/p>\n<ul>\n<li> Responsabile del trasloco dedicato per coordinare il trasloco<\/li>\n<li> Sondaggio professionale<\/li>\n<li> Imballaggio<\/li>\n<li> <a href=\"https:\/\/moverdb.com\/it\/container-shipping\/\">Spedizione via mare, aria o strada<\/a><\/li>\n<li> Disimballaggio se necessario<\/li>\n<li> Sgomberare il materiale d'imballaggio per il riciclaggio<\/li>\n<li> Stoccaggio se richiesto<\/li>\n<li> Assicurazione<\/li>\n<\/ul>\n<p><strong>Soluzioni di trasferimento su misura<\/strong><\/p>\n<ul>\n<li> Pacchetti informativi<\/li>\n<li> Formazione culturale<\/li>\n<li> Orientamento\/guardare le visite<\/li>\n<li> Consigli per l'educazione<\/li>\n<li> Alloggio temporaneo<\/li>\n<li> Ricerca della casa<\/li>\n<li> Negoziazione del contratto di locazione<\/li>\n<li> Check in\/check out delle propriet\u00e0<\/li>\n<li> Noleggio di mobili<\/li>\n<li> Sistemarsi<\/li>\n<li> Assistenza ai partner<\/li>\n<li> Formazione linguistica<\/li>\n<\/ul>\n<p><strong>Trasloco privato<\/strong><\/p>\n<ul>\n<li> Responsabile del trasloco dedicato<\/li>\n<li> Sondaggio<\/li>\n<li> Imballaggio professionale<\/li>\n<li> Trasporto di beni per mare, aria o strada<\/li>\n<li> Sdoganamento<\/li>\n<li> Disimballaggio delle cose<\/li>\n<li> Riciclaggio dei materiali di imballaggio<\/li>\n<li> Stoccaggio, se necessario<\/li>\n<li> Assicurazione organizzata<\/li>\n<\/ul>\n<p><strong>Servizi di stoccaggio<\/strong><\/p>\n<ul>\n<li> Servizio di stoccaggio completo<\/li>\n<li> Self-storage<\/li>\n<li> Deposito per gli studenti<\/li>\n<li> Stoccaggio commerciale<\/li>\n<li> A breve o lungo termine<\/li>\n<li> CCTV 24 ore su 24<\/li>\n<\/ul>\n<h2>Profilo dell'azienda Gerson Relocation<\/h2>\n<p>Gerson Relocation \u00e8 stata fondata nel 1961 e il suo obiettivo \u00e8 quello di fornire ai propri clienti un servizio altamente personalizzato che non pu\u00f2 essere trovato in altre organizzazioni. L'azienda ottiene questo attraverso un rigoroso controllo di qualit\u00e0 e uno staff professionale e ben addestrato, alcuni dei quali sono stati con l'azienda per decenni.<\/p>\n<p>Gerson Relocation \u00e8 anche determinata a far s\u00ec che la sua attivit\u00e0 sia gestita in modo pulito e responsabile dal punto di vista ambientale. Sostengono tre associazioni di beneficenza e danno al loro personale due giorni di ferie pagate per poter contribuire a queste cause.<\/p>\n<p>Oggi, Gerson Relocation \u00e8 una filiale di <a href=\"https:\/\/moverdb.com\/it\/abels-removals\/\">Servizi di trasloco Abels<\/a> Ltd, che \u00e8 un'azienda a conduzione familiare di grande successo, che ha ricevuto il Royal Warrant da HM The Queen nel 1988. Sulla base di questionari inviati ai clienti, l'azienda ha ottenuto un punteggio di soddisfazione dei clienti 98% per il 2015 e il 2016.<\/p>\n<p>Accreditamenti e affiliazioni di Gerson Relocation: <\/p>\n<ul>\n<li> <a href=\"https:\/\/moverdb.com\/it\/british-association-of-removers\/\">L'associazione britannica dei traslocatori<\/a> (<a href=\"https:\/\/moverdb.com\/it\/british-association-of-removers\/\" data-internallinksmanager029f6b8e52c=\"9\" title=\"La British Association of Removers (BAR) spiegata\">BAR<\/a>)<\/li>\n<li> <a href=\"https:\/\/moverdb.com\/it\/harmony-relocation-network\/\">Rete Harmony Relocation<\/a> (<a href=\"https:\/\/moverdb.com\/it\/harmony-relocation-network\/\" data-internallinksmanager029f6b8e52c=\"20\" title=\"Harmony Relocation Network (HRN) spiegato\">HRN<\/a>)<\/li>\n<li> <a href=\"https:\/\/moverdb.com\/it\/eura\/\">Associazione europea per la ricollocazione<\/a> (<a href=\"https:\/\/moverdb.com\/it\/eura\/\" data-internallinksmanager029f6b8e52c=\"13\" title=\"L&#039;Associazione europea per la ricollocazione (EuRA) spiegata\">EuRA<\/a>)<\/li>\n<li> <a href=\"https:\/\/moverdb.com\/it\/fidi-faim\/\">FIDI<\/a><\/li>\n<li> <a href=\"https:\/\/moverdb.com\/it\/fidi-faim\/\" data-internallinksmanager029f6b8e52c=\"16\" title=\"FIDI e FAIM (FIDI Accredited International Mover) spiegati\">FAIM<\/a><\/li>\n<li> <a href=\"https:\/\/moverdb.com\/it\/mtc\/\">Il Movers Trading Club<\/a> (<a href=\"https:\/\/moverdb.com\/it\/mtc\/\" data-internallinksmanager029f6b8e52c=\"30\" title=\"Movers Trading Club (MTC) spiegato\">MTC<\/a>)<\/li>\n<\/ul>\n<h2>Gerson Relocation Recensioni<\/h2>\n<p><strong>Positivo<\/strong><\/p>\n<ul>\n<li>  \"<em>Non avremmo potuto chiedere un servizio migliore al nostro team di trasferimento\".<\/em> - La signora K. L. via <a href=\"http:\/\/www.gersonrelocation.com\/voice-of-the-customer\/\" target=\"_blank\" rel=\"noopener\">Pagina dei clienti felici<\/a> <\/li>\n<\/ul>\n<p><strong>Negativo<\/strong><\/p>\n<p>Non siamo riusciti a trovare online nessuna recensione negativa per Gerson Relocation.<\/p>\n<div itemprop=\"review\" itemscope itemtype=\"http:\/\/schema.org\/Review\">\n<span itemprop=\"author\" itemscope=\"\" itemtype=\"http:\/\/schema.org\/Organization\"><span itemprop=\"name\">MoverDB.com<\/span><\/span> Recensione del sito web online per <span itemprop=\"itemreviewed\" itemscope=\"\" itemtype=\"http:\/\/schema.org\/Brand\"><span itemprop=\"name\">Trasferimento Gerson<\/span><\/span>:<\/p>\n<ol>\n<li> Dettagli di contatto chiari sul sito web (compreso il numero di telefono): <strong>S\u00ec<\/strong><\/li>\n<li> Facile da ottenere <a href=\"https:\/\/moverdb.com\/it\/citazioni\/\">preventivi di traslochi internazionali<\/a>? (Modulo di richiesta di preventivo online): <strong>S\u00ec<\/strong><\/li>\n<li> Informazioni chiare sul sito web: <strong>S\u00ec,<\/strong> Il sito web \u00e8 abbastanza dettagliato, dando ai potenziali clienti una buona idea di quali servizi aspettarsi.<\/li>\n<li> Appartenenza a organizzazioni internazionali riconosciute per il movimento: <strong>S\u00ec<\/strong><\/li>\n<li> Elenco di clienti e\/o testimonianze di clienti precedenti: <strong>S\u00ec<\/strong>Ci sono molte testimonianze positive dei clienti sul sito web.<\/li>\n<\/ol>\n<div itemprop=\"reviewRating\" itemscope itemtype=\"http:\/\/schema.org\/Rating\"><meta itemprop=\"worstRating\" content = \"0\" \/><meta itemprop=\"bestRating\" content=\"5\" \/><meta itemprop=\"ratingValue\" content=\"5\"><\/div>\n<p><strong>Punteggio complessivo: 5\/5<\/strong><br \/>\n<strong>Data di revisione:<\/strong> <span itemprop=\"datePublished\" content=\"2016-09-23\">23\/09\/16<\/span>\n<\/div>\n<p>Pi\u00f9 su <a href=\"https:\/\/moverdb.com\/it\/international-removals\/\">traslochi internazionali<\/a> e il nostro <a href=\"https:\/\/moverdb.com\/it\/recensioni\/\">processo di revisione spiegato<\/a>.<\/p>\n<p><strong>Sito web:<\/strong> <a href=\"http:\/\/www.gersonrelocation.com\" target=\"_blank\" rel=\"noopener\">http:\/\/www.gersonrelocation.com<\/a><\/p>","protected":false},"excerpt":{"rendered":"<p>Gerson Relocation offer their clients a variety of services, whether they are relocating abroad or locally. A company profile and reviews follow the list of services on offer. Corporate Services\/Support Dedicated move manager to coordinate the move Professional survey Packing Shipping by sea, air or road Unpacking if required Clear away packing material for recycling [&hellip;]<\/p>\n","protected":false},"author":1,"featured_media":0,"parent":0,"menu_order":0,"comment_status":"closed","ping_status":"closed","template":"","meta":{"_genesis_hide_title":false,"_genesis_hide_breadcrumbs":false,"_genesis_hide_singular_image":false,"_genesis_hide_footer_widgets":false,"_genesis_custom_body_class":"","_genesis_custom_post_class":"","_genesis_layout":"","footnotes":""},"class_list":{"0":"post-939","1":"page","2":"type-page","3":"status-publish","5":"entry"},"_links":{"self":[{"href":"https:\/\/moverdb.com\/it\/wp-json\/wp\/v2\/pages\/939","targetHints":{"allow":["GET"]}}],"collection":[{"href":"https:\/\/moverdb.com\/it\/wp-json\/wp\/v2\/pages"}],"about":[{"href":"https:\/\/moverdb.com\/it\/wp-json\/wp\/v2\/types\/page"}],"author":[{"embeddable":true,"href":"https:\/\/moverdb.com\/it\/wp-json\/wp\/v2\/users\/1"}],"replies":[{"embeddable":true,"href":"https:\/\/moverdb.com\/it\/wp-json\/wp\/v2\/comments?post=939"}],"version-history":[{"count":3,"href":"https:\/\/moverdb.com\/it\/wp-json\/wp\/v2\/pages\/939\/revisions"}],"predecessor-version":[{"id":6214,"href":"https:\/\/moverdb.com\/it\/wp-json\/wp\/v2\/pages\/939\/revisions\/6214"}],"wp:attachment":[{"href":"https:\/\/moverdb.com\/it\/wp-json\/wp\/v2\/media?parent=939"}],"curies":[{"name":"wp","href":"https:\/\/api.w.org\/{rel}","templated":true}]}}