{"id":927,"date":"2016-09-23T21:57:09","date_gmt":"2016-09-23T21:57:09","guid":{"rendered":"http:\/\/moverdb.com\/?page_id=927"},"modified":"2026-01-08T13:19:00","modified_gmt":"2026-01-08T13:19:00","slug":"imove-international","status":"publish","type":"page","link":"https:\/\/moverdb.com\/it\/imove-international\/","title":{"rendered":"IMove International: Traslochi e Traslochi Recensioni"},"content":{"rendered":"<p>IMove International ha sede nel Surrey. Offre ai suoi clienti una serie di servizi di assistenza per il loro trasferimento all'estero. Questi sono elencati di seguito, insieme a un profilo aziendale e alle recensioni.<\/p>\n<p><strong><a href=\"https:\/\/moverdb.com\/it\/international-removals\/\" data-internallinksmanager029f6b8e52c=\"27\" title=\"36 Migliori aziende di traslochi internazionali del Regno Unito\">Traslochi internazionali<\/a><\/strong><\/p>\n<ul>\n<li> Coordinatore di traslochi personali<\/li>\n<li> Porta a porta<\/li>\n<li> Porta a <a href=\"https:\/\/moverdb.com\/it\/top-49-container-ports\/\" data-internallinksmanager029f6b8e52c=\"80\" title=\"I 49 porti container pi\u00f9 grandi e trafficati nel 2025\">porto<\/a><\/li>\n<li> Aria, mare o strada<\/li>\n<li> Trasferimenti aziendali<\/li>\n<li> <a href=\"https:\/\/moverdb.com\/it\/auto-trasporto-spedizione\/\">Veicoli a motore<\/a><\/li>\n<li> Servizio di imballaggio completo<\/li>\n<li> Autoimballaggio<\/li>\n<li> Imballaggio fragile<\/li>\n<li> Fornitura gratuita di cartoni, nastro e imballaggio<\/li>\n<li> Servizio di disimballaggio<\/li>\n<li> Stoccaggio a lungo e breve termine <\/li>\n<li> <a href=\"https:\/\/moverdb.com\/it\/container-shipping\/\">Spedizione in container<\/a><\/li>\n<li> Eccessiva spedizione di bagagli<\/li>\n<li> Assicurazione fornita<\/li>\n<li> Aiuto con la dogana e la documentazione<\/li>\n<\/ul>\n<p><strong>Altri servizi<\/strong><\/p>\n<ul>\n<li> Stoccaggio a lungo e breve termine<\/li>\n<li> Spedizione e stoccaggio degli studenti<\/li>\n<li> <a href=\"https:\/\/moverdb.com\/it\/car-transport-shipping\/\" data-internallinksmanager029f6b8e52c=\"2\" title=\"2026 Preventivi per il trasporto internazionale di auto e veicoli\">Spedizione di auto<\/a><\/li>\n<li> Contenitore condiviso<\/li>\n<li> Servizio di imballaggio per l'esportazione<\/li>\n<li> Imballaggio e fabbricazione di casse<\/li>\n<\/ul>\n<h2>Profilo aziendale di IMove International<\/h2>\n<p>IMove International \u00e8 una giovane azienda privata ed \u00e8 stata fondata nel maggio 2011. \u00c8 uno specialista <a href=\"https:\/\/moverdb.com\/it\/international-removals\/\">rimozione internazionale<\/a>, azienda di spedizioni e traslochi. <\/p>\n<p>IMove organizza traslochi per famiglie, aziende e privati dall'Italia all'estero. <a href=\"https:\/\/moverdb.com\/it\/moving-to-the-uk\/\" data-internallinksmanager029f6b8e52c=\"93\" title=\"Trasferirsi nel Regno Unito? 2026 Costi di vita e consigli per il trasferimento\">REGNO UNITO<\/a> verso la maggior parte delle destinazioni del mondo.<\/p>\n<p>IMove spedisce qualsiasi cosa, dal pi\u00f9 piccolo pacco a una famiglia di mobili. L'azienda fornisce ad ogni cliente un coordinatore di trasloco personale che \u00e8 il loro contatto durante tutto il processo di trasloco.<\/p>\n<p>IMove International ha i seguenti accreditamenti e affiliazioni:<\/p>\n<ul>\n<li> ISO 9001<\/li>\n<\/ul>\n<h2>IMove International Recensioni<\/h2>\n<p><strong>Positivo:<\/strong><\/p>\n<ul>\n<li> <em>\"Le cose si sono svolte senza intoppi e in modo efficiente. Raccomanderei certamente l'azienda per il suo servizio e il rapporto qualit\u00e0-prezzo\"<\/em> - H Fowler via <a href=\"http:\/\/www.imoveintl.com\/testimonials.htm\" target=\"_blank\" rel=\"noopener\">Pagina delle recensioni dei clienti<\/a><\/li>\n<li> \"<em>Desidero congratularmi con IMove per la puntualit\u00e0, la tempestivit\u00e0 e la professionalit\u00e0 con cui \u00e8 stato effettuato il mio trasferimento da Orlando a Roma. <a href=\"https:\/\/moverdb.com\/it\/moving-to-the-united-states\/moving-to-florida\/\" data-internallinksmanager029f6b8e52c=\"331\" title=\"Trasferirsi in Florida? 2026 Costi di vita e consigli per il trasferimento\">Florida<\/a> a Kent, \u00e8 stata realizzata.<\/em> - Annette <a href=\"http:\/\/www.removalreviews.co.uk\/movers\/imove-international-191#11473\" target=\"_blank\" rel=\"noopener\">RemovalReviews.com<\/a> <\/li>\n<li> \"<em>Consiglio vivamente questa azienda - costo molto ragionevole, trasloco estremamente rapido e ottimo servizio\".<\/em> - Johathan via <a href=\"http:\/\/www.reviews.co.uk\/company-reviews\/store\/imove-international-removals-ltd\" target=\"_blank\" rel=\"noopener\">Recensioni.it<\/a> <\/li>\n<\/ul>\n<p><strong>Negativo<\/strong><\/p>\n<ul>\n<li> \"<em>Anche se il tempo di consegna da <a href=\"https:\/\/moverdb.com\/it\/moving-to-london\/\">Londra<\/a> a <a href=\"https:\/\/moverdb.com\/it\/moving-to-switzerland\/\" data-internallinksmanager029f6b8e52c=\"327\" title=\"Trasferirsi in Svizzera? 2026 Costi di vita e consigli per il trasferimento\">Svizzera<\/a> Il servizio di consegna \u00e8 stato rapido, ma sconsiglio vivamente a chiunque di rivolgersi a questa azienda in quanto uno degli articoli di maggior valore non \u00e8 mai stato consegnato ed \u00e8 stato \"smarrito\". Non mi \u00e8 sembrato che ci sia stata una vera sorpresa, preoccupazione o scuse per la perdita di questo articolo\".<\/em> - Signora Laurens via <a href=\"http:\/\/www.removalreviews.co.uk\/movingreviews\/stolen-item-1264\" target=\"_blank\" rel=\"noopener\">RemovalReviews.co.uk<\/a> <\/li>\n<li> \"<em>I nostri articoli sono stati raccolti secondo la data di raccolta (02.11.2015), il che \u00e8 stato fantastico, tuttavia ora \u00e8 marzo e non abbiamo ancora ricevuto le nostre scatole\".<\/em> - Samantha via <a href=\"http:\/\/www.reviews.co.uk\/company-reviews\/store\/imove-international-removals-ltd\" target=\"_blank\" rel=\"noopener\">Recensioni.it<\/a> <\/li>\n<\/ul>\n<div itemprop=\"review\" itemscope itemtype=\"http:\/\/schema.org\/Review\">\n<span itemprop=\"author\" itemscope=\"\" itemtype=\"http:\/\/schema.org\/Organization\"><span itemprop=\"name\">MoverDB.com<\/span><\/span> Recensione del sito web online per <span itemprop=\"itemreviewed\" itemscope=\"\" itemtype=\"http:\/\/schema.org\/Brand\"><span itemprop=\"name\">IMove Internazionale<\/span><\/span>:<\/p>\n<ol>\n<li> Dettagli di contatto chiari sul sito web (compreso il numero di telefono): <strong>S\u00ec<\/strong><\/li>\n<li> Facile da ottenere <a href=\"https:\/\/moverdb.com\/it\/citazioni\/\">preventivi di traslochi internazionali<\/a>? (Modulo di richiesta di preventivo online): <strong>S\u00ec<\/strong><\/li>\n<li> Informazioni chiare sul sito web: <strong>S\u00ec<\/strong>Il sito web contiene molte informazioni sul trasferimento in vari paesi del mondo, compresa la documentazione necessaria.<\/li>\n<li> Appartenenza a organizzazioni internazionali riconosciute per il movimento: <strong>Parziale<\/strong>Mentre sono registrati ISO, sembrano mancare di altri accreditamenti.<\/li>\n<li> Elenco di clienti e\/o testimonianze di clienti precedenti: <strong>S\u00ec,<\/strong> Ci sono molte recensioni positive dei clienti sul sito.<\/li>\n<\/ol>\n<div itemprop=\"reviewRating\" itemscope itemtype=\"http:\/\/schema.org\/Rating\"><meta itemprop=\"worstRating\" content = \"0\" \/><meta itemprop=\"bestRating\" content=\"5\" \/><meta itemprop=\"ratingValue\" content=\"4\"><\/div>\n<p><strong>Punteggio complessivo: 4\/5<\/strong><br \/>\n<strong>Data di revisione:<\/strong> <span itemprop=\"datePublished\" content=\"2016-09-23\">23\/09\/16<\/span>\n<\/div>\n<p>Per saperne di pi\u00f9 <a href=\"https:\/\/moverdb.com\/it\/international-removals\/\">aziende di traslochi<\/a> e il nostro <a href=\"https:\/\/moverdb.com\/it\/recensioni\/\">processo di revisione<\/a>.<\/p>\n<p><strong>Sito web:<\/strong> <a href=\"http:\/\/www.imoveintl.com\/\" target=\"_blank\" rel=\"noopener\">http:\/\/www.imoveintl.com\/<\/a><\/p>","protected":false},"excerpt":{"rendered":"<p>IMove International is based in Surrey. It offers its customers a range of services to assist with their move abroad. These are listed below, together with a company profile and reviews. International Removals Personal move coordinator Door to door Door to port Air, sea or road Company relocations Motor vehicles Full packing service Self-packing Fragile [&hellip;]<\/p>\n","protected":false},"author":1,"featured_media":0,"parent":0,"menu_order":0,"comment_status":"closed","ping_status":"closed","template":"","meta":{"_genesis_hide_title":false,"_genesis_hide_breadcrumbs":false,"_genesis_hide_singular_image":false,"_genesis_hide_footer_widgets":false,"_genesis_custom_body_class":"","_genesis_custom_post_class":"","_genesis_layout":"","footnotes":""},"class_list":{"0":"post-927","1":"page","2":"type-page","3":"status-publish","5":"entry"},"_links":{"self":[{"href":"https:\/\/moverdb.com\/it\/wp-json\/wp\/v2\/pages\/927","targetHints":{"allow":["GET"]}}],"collection":[{"href":"https:\/\/moverdb.com\/it\/wp-json\/wp\/v2\/pages"}],"about":[{"href":"https:\/\/moverdb.com\/it\/wp-json\/wp\/v2\/types\/page"}],"author":[{"embeddable":true,"href":"https:\/\/moverdb.com\/it\/wp-json\/wp\/v2\/users\/1"}],"replies":[{"embeddable":true,"href":"https:\/\/moverdb.com\/it\/wp-json\/wp\/v2\/comments?post=927"}],"version-history":[{"count":6,"href":"https:\/\/moverdb.com\/it\/wp-json\/wp\/v2\/pages\/927\/revisions"}],"predecessor-version":[{"id":13160,"href":"https:\/\/moverdb.com\/it\/wp-json\/wp\/v2\/pages\/927\/revisions\/13160"}],"wp:attachment":[{"href":"https:\/\/moverdb.com\/it\/wp-json\/wp\/v2\/media?parent=927"}],"curies":[{"name":"wp","href":"https:\/\/api.w.org\/{rel}","templated":true}]}}