{"id":924,"date":"2016-09-03T21:30:31","date_gmt":"2016-09-03T21:30:31","guid":{"rendered":"http:\/\/moverdb.com\/?page_id=924"},"modified":"2026-01-08T14:48:13","modified_gmt":"2026-01-08T14:48:13","slug":"eagle-relocations","status":"publish","type":"page","link":"https:\/\/moverdb.com\/it\/eagle-relocations\/","title":{"rendered":"Eagle Relocations: Traslochi e Traslochi Internazionali Recensioni"},"content":{"rendered":"<p>Eagle Relocations \u00e8 un <a href=\"https:\/\/moverdb.com\/it\/international-removals\/\" data-internallinksmanager029f6b8e52c=\"27\" title=\"36 Migliori aziende di traslochi internazionali del Regno Unito\">societ\u00e0 di traslochi<\/a> con sede a Watford, <a href=\"https:\/\/moverdb.com\/it\/moving-to-the-uk\/\" data-internallinksmanager029f6b8e52c=\"93\" title=\"Trasferirsi nel Regno Unito? 2026 Costi di vita e consigli per il trasferimento\">REGNO UNITO<\/a>. Offre ai suoi clienti una gamma di servizi di trasloco che sono elencati di seguito, insieme a un profilo aziendale e a recensioni.<\/p>\n<p><strong>Traslochi internazionali<\/strong><\/p>\n<ul>\n<li> Servizio porta a porta<\/li>\n<li> Servizio porta a porta<\/li>\n<li> Porta a <a href=\"https:\/\/moverdb.com\/it\/top-49-container-ports\/\" data-internallinksmanager029f6b8e52c=\"80\" title=\"I 49 porti container pi\u00f9 grandi e trafficati nel 2025\">porto<\/a> servizio<\/li>\n<li> Servizio di imballaggio completo<\/li>\n<li> Servizio di imballaggio fragile o parziale<\/li>\n<li> Servizio confezionato dal proprietario<\/li>\n<li> Smontaggio e rimontaggio di mobili<\/li>\n<li> Materiale d'imballaggio fornito<\/li>\n<li> Transito stradale, aereo e marittimo<\/li>\n<li> Sdoganamento<\/li>\n<li> Rimozione dei detriti<\/li>\n<li> Servizio concierge<\/li>\n<li> Servizio di pulizia<\/li>\n<\/ul>\n<p><strong>Traslochi aziendali<\/strong><\/p>\n<ul>\n<li> Responsabile personale del trasloco aziendale<\/li>\n<li> Sondaggio dei locali esistenti e nuovi<\/li>\n<li> Smontaggio e rimontaggio di mobili<\/li>\n<li> Specialisti IT per il trasloco di computer<\/li>\n<li> Casse da trasloco progettate per gli uffici<\/li>\n<li> Casse etichettate<\/li>\n<li> Move manager continuamente sul posto durante il trasloco<\/li>\n<li> Assicurazione organizzata<\/li>\n<\/ul>\n<p><strong>Traslochi a casa nel Regno Unito<\/strong><\/p>\n<ul>\n<li> Collaborare con l'amministratore del trasloco<\/li>\n<li> Sondaggio pre-spostamento<\/li>\n<li> Coordinatore di trasloco dedicato<\/li>\n<li> Porta a porta<\/li>\n<li> Imballaggio completo, parziale o fai da te<\/li>\n<li> Smontaggio e rimontaggio di mobili<\/li>\n<li> Assicurazione organizzata<\/li>\n<li> Rimozione dei detriti<\/li>\n<\/ul>\n<h2>Profilo dell'azienda Eagle Relocations<\/h2>\n<p>Eagle Relocations \u00e8 stata fondata come azienda familiare nel 1967 ed era allora conosciuta come Eagle Shipping. \u00c8 diventata una societ\u00e0 a responsabilit\u00e0 limitata nel 2002 e ha cambiato il suo nome in Eagle Relocations. Offre ai suoi clienti un servizio completo di trasloco a livello locale, nazionale e internazionale.<\/p>\n<p>Eagle Relocations ha spostato oltre 3.500 persone nel 2015. Offrono una variet\u00e0 di pacchetti per soddisfare le esigenze e le tasche delle persone. Credono in un forte servizio clienti e nell'impegno.<\/p>\n<p>Eagle Relocations ha i seguenti accreditamenti e affiliazioni:<\/p>\n<ul>\n<li> <a href=\"https:\/\/moverdb.com\/it\/british-association-of-removers\/\">Associazione britannica dei traslocatori<\/a> (<a href=\"https:\/\/moverdb.com\/it\/british-association-of-removers\/\" data-internallinksmanager029f6b8e52c=\"9\" title=\"La British Association of Removers (BAR) spiegata\">BAR<\/a>)<\/li>\n<li> <a href=\"https:\/\/moverdb.com\/it\/fedemac\/\">Federazione dell'Associazione Europea dei Traslocatori<\/a> (<a href=\"https:\/\/moverdb.com\/it\/fedemac\/\" data-internallinksmanager029f6b8e52c=\"15\" title=\"Spiegazione della Federation of European Movers Association (FEDEMAC)\">FEDEMAC<\/a>)<\/li>\n<li> <a href=\"https:\/\/moverdb.com\/it\/sono\/\">Associazione internazionale dei traslocatori<\/a> (<a href=\"https:\/\/moverdb.com\/it\/iam\/\" data-internallinksmanager029f6b8e52c=\"23\" title=\"Spiegazione dell&#039;Associazione Internazionale dei Traslocatori (IAM)\">IAM<\/a>)<\/li>\n<li> <a href=\"https:\/\/moverdb.com\/it\/hgfaa\/\">Associazione degli spedizionieri di merci per la casa d'America<\/a><\/li>\n<li> Associazione britannica per il trasporto internazionale (BIFA)<\/li>\n<li> <a href=\"https:\/\/moverdb.com\/it\/bar-overseas\/\">Associazione britannica dei traslocatori (BAR) all'estero<\/a><\/li>\n<\/ul>\n<h2>Recensioni Eagle Relocations<\/h2>\n<p><strong>Positivo:<\/strong><\/p>\n<ul>\n<li> <em>I ragazzi sono stati fantastici... Super disponibili, efficienti, professionali e tutti con grandi sorrisi sui loro volti...<\/em> - Ross via <a href=\"http:\/\/www.eaglerelocations.com\/testimonials\/\" target=\"_blank\" rel=\"noopener\">pagina delle testimonianze dei clienti<\/a><\/li>\n<li> <em>\"Sono stati affidabili, professionali, gioviali, laboriosi e attenti e hanno reso facile un periodo estremamente stressante. Forniscono un eccellente rapporto qualit\u00e0-prezzo e sono felice di non aver scelto un'azienda che mi ha offerto un costo di trasferimento 'troppo bello per essere vero' via e-mail, senza nemmeno aver visitato la nostra casa. Sono leader di mercato, a mio parere, e sar\u00f2 per sempre grato a Eagle Relocations\".<\/em> - Karen via <a href=\"https:\/\/www.trustpilot.com\/reviews\/56fe57450000ff00094ba791\" target=\"_blank\" rel=\"noopener\">TrustPilot<\/a> <\/li>\n<li> <em>\"Ho solo Eagle Relocations in 3 diverse occasioni. Mi sono trasferito da Hendon a Borhamwood, da Borhamwood a Storage e poi a Bali. In ogni occasione li ho trovati estremamente professionali\".<\/em> - Pankesh P via <a href=\"https:\/\/www.yell.com\/reviews\/user\/PankeshP\" target=\"_blank\" rel=\"noopener\">Urla<\/a><\/li>\n<\/ul>\n<p><strong>Negativo:<\/strong><\/p>\n<ul>\n<li> <em>\"Non usare questa compagnia, hanno perso tutti i miei beni terreni\".<\/em> - Adrienne via <a href=\"https:\/\/www.trustpilot.com\/reviews\/587ecbbc0dc2f609f06be069\" target=\"_blank\" rel=\"noopener\">Trustpilot<\/a><\/li>\n<\/ul>\n<div itemprop=\"review\" itemscope itemtype=\"http:\/\/schema.org\/Review\">\n<span itemprop=\"author\" itemscope=\"\" itemtype=\"http:\/\/schema.org\/Organization\"><span itemprop=\"name\">MoverDB.com<\/span><\/span> Recensione del sito web online per <span itemprop=\"itemreviewed\" itemscope=\"\" itemtype=\"http:\/\/schema.org\/Brand\"><span itemprop=\"name\">Traslochi dell'Aquila<\/span><\/span>:<\/p>\n<ol>\n<li> Dettagli di contatto chiari sul sito web (compreso il numero di telefono): <strong>S\u00ec<\/strong><\/li>\n<li> Facile da ottenere <a href=\"https:\/\/moverdb.com\/it\/citazioni\/\">preventivi di traslochi internazionali<\/a>? (Modulo di richiesta di preventivo online): <strong>S\u00ec<\/strong><\/li>\n<li> Informazioni chiare sul sito web: <strong>S\u00ec,<\/strong> include guide dei paesi e un blog con informazioni utili sul trasferimento all'estero.<\/li>\n<li> Appartenenza a organizzazioni internazionali riconosciute per il movimento: <strong>S\u00ec<\/strong>, vedi sopra.<\/li>\n<li> Elenco di clienti e\/o testimonianze di clienti precedenti: <strong>Alcuni,<\/strong> Ci sono testioniali dei clienti sul sito web, ma molti di loro sono un po' simili, e ci sono poche recensioni altrove online. Tuttavia, le recensioni che sono disponibili sono per lo pi\u00f9 positive.<\/li>\n<\/ol>\n<div itemprop=\"reviewRating\" itemscope itemtype=\"http:\/\/schema.org\/Rating\"><meta itemprop=\"worstRating\" content = \"0\" \/><meta itemprop=\"bestRating\" content=\"5\" \/><meta itemprop=\"ratingValue\" content=\"4.5\"><\/div>\n<p><strong>Punteggio complessivo: 4,5\/5<\/strong><br \/>\n<strong>Data di revisione:<\/strong> <span itemprop=\"datePublished\" content=\"2016-09-03\">03\/09\/2016<\/span>\n<\/div>\n<p>Per saperne di pi\u00f9 <a href=\"https:\/\/moverdb.com\/it\/international-removals\/\">traslochi internazionali<\/a> e il nostro <a href=\"https:\/\/moverdb.com\/it\/recensioni\/\">processo di revisione<\/a>.<\/p>\n<p><strong>Sito web:<\/strong> <a href=\"http:\/\/www.eaglerelocations.com\" target=\"_blank\" rel=\"noopener\">http:\/\/www.eaglerelocations.com<\/a><\/p>","protected":false},"excerpt":{"rendered":"<p>Eagle Relocations is a removals company based in Watford, UK. It offers its clients a range of removals services which are listed below, together with a company profile and reviews. International Removals Door to door service Door to kerbside service Door to port service Full packing service Fragile or part pack service Owner packed service [&hellip;]<\/p>\n","protected":false},"author":1,"featured_media":0,"parent":0,"menu_order":0,"comment_status":"closed","ping_status":"closed","template":"","meta":{"_genesis_hide_title":false,"_genesis_hide_breadcrumbs":false,"_genesis_hide_singular_image":false,"_genesis_hide_footer_widgets":false,"_genesis_custom_body_class":"","_genesis_custom_post_class":"","_genesis_layout":"","footnotes":""},"class_list":{"0":"post-924","1":"page","2":"type-page","3":"status-publish","5":"entry"},"_links":{"self":[{"href":"https:\/\/moverdb.com\/it\/wp-json\/wp\/v2\/pages\/924","targetHints":{"allow":["GET"]}}],"collection":[{"href":"https:\/\/moverdb.com\/it\/wp-json\/wp\/v2\/pages"}],"about":[{"href":"https:\/\/moverdb.com\/it\/wp-json\/wp\/v2\/types\/page"}],"author":[{"embeddable":true,"href":"https:\/\/moverdb.com\/it\/wp-json\/wp\/v2\/users\/1"}],"replies":[{"embeddable":true,"href":"https:\/\/moverdb.com\/it\/wp-json\/wp\/v2\/comments?post=924"}],"version-history":[{"count":6,"href":"https:\/\/moverdb.com\/it\/wp-json\/wp\/v2\/pages\/924\/revisions"}],"predecessor-version":[{"id":6202,"href":"https:\/\/moverdb.com\/it\/wp-json\/wp\/v2\/pages\/924\/revisions\/6202"}],"wp:attachment":[{"href":"https:\/\/moverdb.com\/it\/wp-json\/wp\/v2\/media?parent=924"}],"curies":[{"name":"wp","href":"https:\/\/api.w.org\/{rel}","templated":true}]}}