{"id":923,"date":"2016-08-25T14:59:50","date_gmt":"2016-08-25T14:59:50","guid":{"rendered":"http:\/\/moverdb.com\/?page_id=923"},"modified":"2026-01-08T14:40:15","modified_gmt":"2026-01-08T14:40:15","slug":"movecorp","status":"publish","type":"page","link":"https:\/\/moverdb.com\/it\/movecorp\/","title":{"rendered":"Movecorp: Traslochi e Traslochi Internazionali Recensioni"},"content":{"rendered":"<p>Movecorp ha sede nelle West Midlands e offre ai suoi clienti vari <a href=\"https:\/\/moverdb.com\/it\/international-removals\/\" data-internallinksmanager029f6b8e52c=\"27\" title=\"36 Migliori aziende di traslochi internazionali del Regno Unito\">traslochi internazionali<\/a> servizi che sono elencati di seguito, insieme a un profilo aziendale e recensioni.<\/p>\n<p><strong>Traslochi internazionali<\/strong><\/p>\n<ul>\n<li> Coordinatore di trasloco dedicato<\/li>\n<li> Porta a porta<\/li>\n<li> Imballaggio - servizio completo, oggetti fragili o fai da te<\/li>\n<li> Materiale d'imballaggio fornito<\/li>\n<li> Assistenza con le scartoffie<\/li>\n<li> Spedizione a carico parziale - container condiviso<\/li>\n<li> Dedicato <a href=\"https:\/\/moverdb.com\/it\/container-shipping\/\">spedizione internazionale in container<\/a><\/li>\n<li> Archiviazione gratuita fino a un mese<\/li>\n<li> Disimballaggio<\/li>\n<li> Assicurazione organizzata<\/li>\n<li> Servizio di trasferimento del personale<\/li>\n<\/ul>\n<p><strong>Traslochi europei<\/strong><\/p>\n<ul>\n<li> Servizio porta a porta<\/li>\n<li> Coordinatore di trasloco dedicato<\/li>\n<li> Servizio completo di imballaggio disponibile<\/li>\n<li> Materiale d'imballaggio fornito<\/li>\n<li> Assistenza con le scartoffie<\/li>\n<li> Spedizione a carico parziale (LCL)<\/li>\n<li> Contenitore di spedizione dedicato<\/li>\n<li> Archiviazione gratuita fino a un mese<\/li>\n<li> Servizio completo di disimballaggio disponibile<\/li>\n<li> Assicurazione organizzata<\/li>\n<\/ul>\n<p><strong>Traslochi casa<\/strong><\/p>\n<ul>\n<li> Servizio porta a porta<\/li>\n<li> Servizio completo di imballaggio e confezionamento <\/li>\n<li> Storage - primo mese gratis<\/li>\n<li> Assicurazione organizzata<\/li>\n<li> Carico parziale (LCL)<\/li>\n<li> A pieno carico (FCL)<\/li>\n<li> Servizio di disimballaggio alla consegna<\/li>\n<\/ul>\n<h2>Profilo dell'azienda Movecorp<\/h2>\n<p>Movecorp \u00e8 una <a href=\"https:\/\/moverdb.com\/it\/moving-to-the-uk\/\" data-internallinksmanager029f6b8e52c=\"93\" title=\"Trasferirsi nel Regno Unito? 2026 Costi di vita e consigli per il trasferimento\">REGNO UNITO<\/a> azienda di traslochi specializzata in traslochi internazionali ed europei. La sua sede centrale si trova nelle West Midlands, il che la pone in una buona posizione per servire tutto il Regno Unito. <\/p>\n<p>Movecorp trasferisce persone nel Regno Unito ogni giorno della settimana e ha consegne settimanali in tutte le principali destinazioni europee.<\/p>\n<p>Movecorp opera un servizio personalizzato per tutti i suoi clienti e li tiene informati su ogni passo compiuto. Sono orgogliosi del loro approccio amichevole ed efficiente ad ogni trasloco che eseguono.<\/p>\n<p>Movecorp ha le seguenti affiliazioni e accreditamenti:<\/p>\n<ul>\n<li> <a href=\"https:\/\/moverdb.com\/it\/sono\/\">Associazione internazionale dei traslocatori<\/a> (<a href=\"https:\/\/moverdb.com\/it\/iam\/\" data-internallinksmanager029f6b8e52c=\"23\" title=\"Spiegazione dell&#039;Associazione Internazionale dei Traslocatori (IAM)\">IAM<\/a>)<\/li>\n<li> <a href=\"https:\/\/moverdb.com\/it\/rios\/\">Schema dell'Ombudsman dell'industria del trasloco<\/a><\/li>\n<li> <a href=\"https:\/\/moverdb.com\/it\/fedemac\/\">Federazione dell'Associazione Europea dei Traslocatori<\/a> (<a href=\"https:\/\/moverdb.com\/it\/fedemac\/\" data-internallinksmanager029f6b8e52c=\"15\" title=\"Spiegazione della Federation of European Movers Association (FEDEMAC)\">FEDEMAC<\/a>)<\/li>\n<li> <a href=\"https:\/\/moverdb.com\/it\/freight-transport-association\/\">Associazione del trasporto merci<\/a> (<a href=\"https:\/\/moverdb.com\/it\/freight-transport-association\/\" data-internallinksmanager029f6b8e52c=\"18\" title=\"L&#039;associazione del trasporto merci (FTA) spiegata\">FTA<\/a>)<\/li>\n<li> <a href=\"https:\/\/moverdb.com\/it\/mtc\/\">Movers Trading Club<\/a> (<a href=\"https:\/\/moverdb.com\/it\/mtc\/\" data-internallinksmanager029f6b8e52c=\"30\" title=\"Movers Trading Club (MTC) spiegato\">MTC<\/a>)<\/li>\n<li> <a href=\"https:\/\/moverdb.com\/it\/eurovan-movers\/\">Eurovan<\/a><\/li>\n<li> <a href=\"https:\/\/moverdb.com\/it\/ngrs\/\">Gilda Nazionale dei Traslochi e dei Magazzinieri<\/a> (<a href=\"https:\/\/moverdb.com\/it\/ngrs\/\" data-internallinksmanager029f6b8e52c=\"74\" title=\"La Gilda Nazionale dei Traslochi e dei Magazzinieri (NGRS) spiegata\">NGRS<\/a>)<\/li>\n<li> Quale? Commerciante di fiducia<\/li>\n<li> Standard di qualit\u00e0 del servizio - BS 8564<\/li>\n<li> CHAS<\/li>\n<\/ul>\n<h2>Recensioni su MoveCorp<\/h2>\n<p><strong>Positivo:<\/strong><\/p>\n<ul>\n<li> <em>\"Raccomando vivamente Movecorp. Il servizio ricevuto \u00e8 stato eccezionale e cordiale\".<\/em> - Ella Dennett via Movecorp <a href=\"http:\/\/www.movecorp.co.uk\/reviews\/\" target=\"_blank\" rel=\"noopener\">pagina delle recensioni e dei rapporti dei clienti<\/a>.<\/li>\n<li> <em>\"Molto efficiente, tutto \u00e8 stato imballato in modo eccellente ed \u00e8 arrivato in buone condizioni,\"<\/em> - Stan via <a href=\"https:\/\/www.trustpilot.com\/reviews\/579606ae0000ff00097414e9\" target=\"_blank\" rel=\"noopener\">TrustPilot<\/a> <\/li>\n<li> <em>\"La nostra esperienza \u00e8 stata fantastica. La nostra coordinatrice dei traslochi, Emma, \u00e8 stata molto disponibile e si \u00e8 occupata delle nostre richieste in modo tempestivo. Un grande grazie per il suo aiuto!\"<\/em> Andrea via <a href=\"http:\/\/www.removalreviews.co.uk\/movingreviews\/great-service-11241\" target=\"_blank\" rel=\"noopener\">Recensioni di rimozione<\/a><\/li>\n<li> <em>\"Il sito web di Movecorp \u00e8 facile da navigare e ho trovato informazioni utili per aiutarmi a organizzare il mio trasloco\".<\/em> - LisaM1983 via <a href=\"http:\/\/www.reviewcentre.com\/Removal-Companies\/MoveCorp-International-Removals-www-movecorp-co-uk-review_2305958\" target=\"_blank\" rel=\"noopener\">Centro recensioni<\/a><\/li>\n<li> <em>\"Il team di Movecorp \u00e8 stato fantastico dall'inizio alla fine\".<\/em> - tramite <a href=\"http:\/\/www.referenceline.com\/removers_removals-in-walsall-movecorpcouk-21956#GOTO178308\" target=\"_blank\" rel=\"noopener\">Referenceline<\/a><\/li>\n<\/ul>\n<p><strong>Negativo:<\/strong><\/p>\n<ul>\n<li> <em>\"Hanno avuto il contenuto del mio trasloco per pi\u00f9 di tre mesi e ha lasciato il Regno Unito solo la settimana scorsa\".<\/em> - Chuck via <a href=\"https:\/\/www.trustpilot.com\/reviews\/55f4a26f0000ff000907c3df\" target=\"_blank\" rel=\"noopener\">TrustPilot<\/a><\/li>\n<li> <em>\"Anche se ho visto alcune buone recensioni online, la mia esperienza \u00e8 stata purtroppo piuttosto negativa\".<\/em> - Steven Johnson via <a href=\"http:\/\/www.removalreviews.co.uk\/movingreviews\/use-at-own-risk-11126\" target=\"_blank\" rel=\"noopener\">Recensioni di rimozione<\/a> <\/li>\n<li> <em>\"La peggiore esperienza di trasloco - sentirsi fregati e ingannati\"<\/em> - MayVisR42 via <a href=\"http:\/\/www.reviewcentre.com\/Removal-Companies\/MoveCorp-International-Removals-www-movecorp-co-uk-review_3464277\" target=\"_blank\" rel=\"noopener\">Centro recensioni<\/a> <\/li>\n<\/ul>\n<div itemprop=\"review\" itemscope itemtype=\"http:\/\/schema.org\/Review\">\n<span itemprop=\"author\" itemscope=\"\" itemtype=\"http:\/\/schema.org\/Organization\"><span itemprop=\"name\">MoverDB.com<\/span><\/span> Recensione del sito web online per <span itemprop=\"itemreviewed\" itemscope=\"\" itemtype=\"http:\/\/schema.org\/Brand\"><span itemprop=\"name\">MoveCorp<\/span><\/span>:<\/p>\n<ol>\n<li> Dettagli di contatto chiari sul sito web (compreso il numero di telefono)? <strong>S\u00ec<\/strong><\/li>\n<li> Facile da ottenere <a href=\"https:\/\/moverdb.com\/it\/citazioni\/\">preventivi di traslochi internazionali<\/a>? (Modulo di richiesta di preventivo online): <strong>S\u00ec<\/strong><\/li>\n<li> Informazioni chiare sul sito web: <strong>No,<\/strong> Il sito web contiene pochissime informazioni su come ottenere un preventivo e sulle destinazioni servite.<\/li>\n<li> Appartenenza a organizzazioni internazionali riconosciute per il movimento: <strong>S\u00ec,<\/strong> molti - vedi sopra<\/li>\n<li> Elenco di clienti e\/o testimonianze di clienti precedenti: <strong>S\u00ec,<\/strong> ci sono molte testimonianze positive di clienti sul sito.<\/li>\n<\/ol>\n<div itemprop=\"reviewRating\" itemscope itemtype=\"http:\/\/schema.org\/Rating\"><meta itemprop=\"worstRating\" content = \"0\" \/><meta itemprop=\"bestRating\" content=\"5\" \/><meta itemprop=\"ratingValue\" content=\"4.5\"><\/div>\n<p><strong>Punteggio complessivo: 4,5\/5<\/strong><br \/>\n<strong>Data di revisione:<\/strong> <span itemprop=\"datePublished\" content=\"2016-08-25\">25\/08\/2016<\/span>\n<\/div>\n<p>Scopri di pi\u00f9 su <a href=\"https:\/\/moverdb.com\/it\/international-removals\/\">traslochi internazionali<\/a> e il nostro <a href=\"https:\/\/moverdb.com\/it\/recensioni\/\">processo di revisione<\/a>.<\/p>\n<p><strong>Sito web:<\/strong> <a href=\"http:\/\/www.movecorp.co.uk\" target=\"_blank\" rel=\"noopener\">http:\/\/www.movecorp.co.uk<\/a><\/p>","protected":false},"excerpt":{"rendered":"<p>Movecorp is based in the West Midlands and offers its customers various international removals services which are listed below, together with a company profile and reviews. International Removals Dedicated move coordinator Door to door Packing &#8211; full service, fragile items or do it yourself Packing materials supplied Assistance with paperwork Part load shipping &#8211; shared [&hellip;]<\/p>\n","protected":false},"author":1,"featured_media":0,"parent":0,"menu_order":0,"comment_status":"closed","ping_status":"closed","template":"","meta":{"_genesis_hide_title":false,"_genesis_hide_breadcrumbs":false,"_genesis_hide_singular_image":false,"_genesis_hide_footer_widgets":false,"_genesis_custom_body_class":"","_genesis_custom_post_class":"","_genesis_layout":"","footnotes":""},"class_list":{"0":"post-923","1":"page","2":"type-page","3":"status-publish","5":"entry"},"_links":{"self":[{"href":"https:\/\/moverdb.com\/it\/wp-json\/wp\/v2\/pages\/923","targetHints":{"allow":["GET"]}}],"collection":[{"href":"https:\/\/moverdb.com\/it\/wp-json\/wp\/v2\/pages"}],"about":[{"href":"https:\/\/moverdb.com\/it\/wp-json\/wp\/v2\/types\/page"}],"author":[{"embeddable":true,"href":"https:\/\/moverdb.com\/it\/wp-json\/wp\/v2\/users\/1"}],"replies":[{"embeddable":true,"href":"https:\/\/moverdb.com\/it\/wp-json\/wp\/v2\/comments?post=923"}],"version-history":[{"count":8,"href":"https:\/\/moverdb.com\/it\/wp-json\/wp\/v2\/pages\/923\/revisions"}],"predecessor-version":[{"id":13179,"href":"https:\/\/moverdb.com\/it\/wp-json\/wp\/v2\/pages\/923\/revisions\/13179"}],"wp:attachment":[{"href":"https:\/\/moverdb.com\/it\/wp-json\/wp\/v2\/media?parent=923"}],"curies":[{"name":"wp","href":"https:\/\/api.w.org\/{rel}","templated":true}]}}