{"id":921,"date":"2016-08-29T20:53:00","date_gmt":"2016-08-29T20:53:00","guid":{"rendered":"http:\/\/moverdb.com\/?page_id=921"},"modified":"2026-01-08T15:20:42","modified_gmt":"2026-01-08T15:20:42","slug":"simpsons-removals","status":"publish","type":"page","link":"https:\/\/moverdb.com\/it\/simpsons-removals\/","title":{"rendered":"Traslochi e depositi Simpsons: Recensioni sui traslochi internazionali"},"content":{"rendered":"<p>Simpsons Removals and Storage Ltd ha sede nel Kent e offre ai suoi clienti una gamma di <a href=\"https:\/\/moverdb.com\/it\/international-removals\/\" data-internallinksmanager029f6b8e52c=\"27\" title=\"36 Migliori aziende di traslochi internazionali del Regno Unito\">traslochi internazionali<\/a> servizi che sono elencati qui sotto. Segue anche un profilo aziendale e delle recensioni.<\/p>\n<p><strong>Traslochi internazionali<\/strong><\/p>\n<ul>\n<li> Porta a porta o aeroporto a destinazione<\/li>\n<li> Servizio completo, oggetti fragili o imballaggio fai-da-te<\/li>\n<li> I materiali di imballaggio possono essere forniti<\/li>\n<li> Trasporto aereo o marittimo - <a href=\"https:\/\/moverdb.com\/it\/container-shipping\/\">spedizione internazionale in container<\/a><\/li>\n<li> Eccedenza di bagaglio per piccoli carichi<\/li>\n<li> Assicurazione organizzata<\/li>\n<li> Manipolazione del terminale\/<a href=\"https:\/\/moverdb.com\/it\/top-49-container-ports\/\" data-internallinksmanager029f6b8e52c=\"80\" title=\"I 49 porti container pi\u00f9 grandi e trafficati nel 2025\">porto<\/a> addebiti<\/li>\n<li> Sdoganamento<\/li>\n<li> Consegna e disimballaggio<\/li>\n<li> Rimozione dei detriti<\/li>\n<li> Servizi dei commercianti<\/li>\n<li> Servizio di pulizia<\/li>\n<\/ul>\n<p><strong>Materiali d'imballaggio<\/strong><\/p>\n<ul>\n<li> Cartoni da imballaggio in una gamma di dimensioni<\/li>\n<li> Cartoni armadio appesi<\/li>\n<li> Nastro da imballaggio<\/li>\n<li> Carta da imballaggio<\/li>\n<li> Coperte di carta<\/li>\n<li> Coperte di transito in tessuto<\/li>\n<li> Sacchetti per materassi<\/li>\n<li> Scatole d'archivio<\/li>\n<li> Casse di legno su misura disponibili su richiesta - \u00e8 richiesto un preavviso di 7 giorni.<\/li>\n<\/ul>\n<p><strong>Mosse europee<\/strong><\/p>\n<ul>\n<li> Aria, mare o strada<\/li>\n<li> Servizio di carico dedicato<\/li>\n<li> Carichi parziali disponibili<\/li>\n<li> Servizio porta a porta disponibile<\/li>\n<li> Servizio completo, oggetti fragili o imballaggio fai-da-te<\/li>\n<li> I materiali di imballaggio possono essere forniti<\/li>\n<li> Assicurazione organizzata<\/li>\n<li> Servizio di disimballaggio disponibile<\/li>\n<li> Rimozione dei detriti<\/li>\n<\/ul>\n<p><strong><a href=\"https:\/\/moverdb.com\/it\/moving-to-the-uk\/\" data-internallinksmanager029f6b8e52c=\"93\" title=\"Trasferirsi nel Regno Unito? 2026 Costi di vita e consigli per il trasferimento\">REGNO UNITO<\/a> Traslochi<\/strong><\/p>\n<ul>\n<li> Porta a porta<\/li>\n<li> Traslochi personali<\/li>\n<li> Traslochi aziendali<\/li>\n<li> Servizio completo, oggetti fragili o imballaggio fai-da-te<\/li>\n<li> I materiali di imballaggio possono essere forniti<\/li>\n<li> Assicurazione organizzata<\/li>\n<li> Servizio di disimballaggio disponibile<\/li>\n<li> Rimozione dei detriti<\/li>\n<\/ul>\n<p><strong>Spostamenti aziendali<\/strong><\/p>\n<ul>\n<li> Trasferimento dell'ufficio<\/li>\n<li> Spostamenti aziendali in tutto il mondo<\/li>\n<li> Trasloco esclusivo in tutto il mondo<\/li>\n<li> Soluzioni di trasferimento IT<\/li>\n<li> Traslochi di fabbriche e laboratori<\/li>\n<li> Vendita al dettaglio di mobili per ufficio<\/li>\n<\/ul>\n<p><strong>Stoccaggio<\/strong><\/p>\n<ul>\n<li> Self-storage<\/li>\n<li> Stoccaggio domestico<\/li>\n<li> Archiviazione<\/li>\n<li> Archiviazione esterna<\/li>\n<li> 24\/7 CCTV<\/li>\n<\/ul>\n<h2>Traslochi e deposito Simpsons<\/h2>\n<p>Simpsons Removals and Storage Ltd \u00e8 stata fondata nel 1979 da Barry Simpson. Oggi, questa azienda di traslochi con sede nel Kent \u00e8 ancora a conduzione familiare ed \u00e8 gestita dal figlio e dalla figlia di Barry Simpson. <\/p>\n<p>L'obiettivo dell'azienda \u00e8 quello di offrire un servizio professionale ed efficiente ai clienti individuali, aziendali e commerciali che si spostano a livello locale o internazionale. <\/p>\n<p>Simpsons ha una flotta di 20 veicoli per soddisfare le esigenze di qualsiasi spostamento. Hanno anche i 100.000 piedi quadrati di spazio di stoccaggio del magazzino e altri 20.000 piedi quadrati di spazio che pu\u00f2 essere utilizzato per lo stoccaggio di container. <\/p>\n<p>L'azienda ha ora 36 anni di esperienza nel settore dei traslochi e si sente attrezzata per intraprendere qualsiasi trasloco, non importa quanto grande o piccolo, in qualsiasi parte del mondo.<\/p>\n<p>Simpsons Removals and Storage ha i seguenti accreditamenti e affiliazioni:<\/p>\n<ul>\n<li> <a href=\"https:\/\/moverdb.com\/it\/british-association-of-removers\/\">Associazione britannica dei traslocatori<\/a> (<a href=\"https:\/\/moverdb.com\/it\/british-association-of-removers\/\" data-internallinksmanager029f6b8e52c=\"9\" title=\"La British Association of Removers (BAR) spiegata\">BAR<\/a>)<\/li>\n<li> <a href=\"https:\/\/moverdb.com\/it\/bar-overseas\/\">Associazione britannica dei traslocatori - Traslocatore d'oltremare<\/a><\/li>\n<li> Associazione britannica dei traslocatori - Gruppo di traslochi commerciali<\/li>\n<li> <a href=\"https:\/\/moverdb.com\/it\/sono\/\">Associazione internazionale dei traslocatori<\/a> - <a href=\"https:\/\/moverdb.com\/it\/iam\/\" data-internallinksmanager029f6b8e52c=\"23\" title=\"Spiegazione dell&#039;Associazione Internazionale dei Traslocatori (IAM)\">IAM<\/a><\/li>\n<li> <a href=\"https:\/\/moverdb.com\/it\/fedemac\/\">Federazione dell'Associazione Europea dei Traslocatori<\/a> - <a href=\"https:\/\/moverdb.com\/it\/fedemac\/\" data-internallinksmanager029f6b8e52c=\"15\" title=\"Spiegazione della Federation of European Movers Association (FEDEMAC)\">FEDEMAC<\/a><\/li>\n<li> Servizio di qualit\u00e0 garantita standard BS8564<\/li>\n<li> Standard di qualit\u00e0 assicurata del servizio BS8522 - trasloco commerciale<\/li>\n<li> Associazione dei commercianti d'arte e d'antiquariato - LAPADA<\/li>\n<li> Movers Traders Club (<a href=\"https:\/\/moverdb.com\/it\/mtc\/\" data-internallinksmanager029f6b8e52c=\"30\" title=\"Movers Trading Club (MTC) spiegato\">MTC<\/a>)<\/li>\n<\/ul>\n<h2>Recensioni su Simpsons Removals and Storage<\/h2>\n<p><strong>Positivo:<\/strong><\/p>\n<ul>\n<li> <em>\"Volevo solo dire che sono rimasto molto soddisfatto del servizio che Simpsons ha fornito nella consegna dei miei tesori ieri! L'intero spostamento delle mie cose da <a href=\"https:\/\/moverdb.com\/it\/moving-to-canada\/\" data-internallinksmanager029f6b8e52c=\"265\" title=\"Trasferirsi in Canada? 2026 Costi di vita e consigli per il trasferimento\">Canada<\/a> nel Regno Unito \u00e8 stato fantastico\".<\/em> - Jane via<a href=\"http:\/\/www.simpsons-uk.com\/testimonials\" target=\"_blank\" rel=\"noopener\"> Testimonianza dei Simpson<\/a><\/li>\n<li> <em>\"Avendo perso il nostro slot con la nostra azienda di traslochi originale, abbiamo cercato un'altra azienda. Simpsons \u00e8 stata la pi\u00f9 attenta e ha mandato il titolare a vedere <a href=\"https:\/\/moverdb.com\/it\/moving-to-the-united-states\/\" data-internallinksmanager029f6b8e52c=\"94\" title=\"Trasferirsi negli Stati Uniti? 2026 Costi di vita e consigli per il trasferimento\">noi<\/a> e il prezzo del lavoro\".<\/em> - Dan via <a href=\"http:\/\/www.removalreviews.co.uk\/movingreviews\/surprisingly-good-2361\" target=\"_blank\" rel=\"noopener\">Recensioni di rimozione<\/a><\/li>\n<li> <em>\"Molto professionale e personale molto cordiale e disponibile\".<\/em> - Eros via <a href=\"https:\/\/www.reallymoving.com\/international-removals\/directory\/216\/simpsons-removals-limited\" target=\"_blank\" rel=\"noopener\">ReallyMoving.com<\/a><\/li>\n<li> <em>\"Sono stato molto soddisfatto dell'intero processo. Il personale \u00e8 stato cordiale e disponibile e sono stato tenuto ben informato sullo stato della mia spedizione per tutto il tempo\".<\/em> - K Pryce via <a href=\"http:\/\/www.reviewcentre.com\/Removal-Companies\/Simpsons-Removals-and-Storage-Ltd-www-simpsons-uk-com-review_2646331\" target=\"_blank\" rel=\"noopener\">Centro recensioni<\/a> <\/li>\n<\/ul>\n<p><strong>Negativo:<\/strong><\/p>\n<ul>\n<li> \"<em>Mai, ripeto MAI, usare i traslochi Simpsons\".<\/em> - Ruth via <a href=\"http:\/\/www.removalreviews.co.uk\/movingreviews\/poor-delivery-men-and-customer-service-2658\" target=\"_blank\" rel=\"noopener\">Recensioni di rimozione<\/a> <\/li>\n<li> \"<em>L'azienda non \u00e8 riuscita a fare la rimozione e ha passato il contratto a un'altra ditta\".<\/em> - Maestrale via <a href=\"https:\/\/www.reallymoving.com\/international-removals\/directory\/216\/simpsons-removals-limited\" target=\"_blank\" rel=\"noopener\">ReallyMoving.com<\/a> <\/li>\n<li> <em>\"Questa compagnia \u00e8 una vergogna\".<\/em> - tramite <a href=\"http:\/\/www.reviewcentre.com\/Removal-Companies\/Simpsons-Removals-and-Storage-Ltd-www-simpsons-uk-com-review_4006517\" target=\"_blank\" rel=\"noopener\">Centro recensioni<\/a> <\/li>\n<\/ul>\n<div itemprop=\"review\" itemscope itemtype=\"http:\/\/schema.org\/Review\">\n<span itemprop=\"author\" itemscope=\"\" itemtype=\"http:\/\/schema.org\/Organization\"><span itemprop=\"name\">MoverDB.com<\/span><\/span> Recensione del sito web online per <span itemprop=\"itemreviewed\" itemscope=\"\" itemtype=\"http:\/\/schema.org\/Brand\"><span itemprop=\"name\">Traslochi e deposito Simpsons<\/span><\/span>:<\/p>\n<ol>\n<li> Dettagli di contatto chiari sul sito web (compreso il numero di telefono): <strong>S\u00ec<\/strong><\/li>\n<li> Facile da ottenere <a href=\"https:\/\/moverdb.com\/it\/citazioni\/\">preventivi di traslochi internazionali<\/a>? (Modulo di richiesta di preventivo online): <strong>S\u00ec<\/strong><\/li>\n<li> Informazioni chiare sul sito web: <strong>S\u00ec<\/strong>, informazioni di contatto e guide di base fornite online.<\/li>\n<li> Appartenenza a organizzazioni internazionali riconosciute per il movimento: <strong>S\u00ec<\/strong>, vedi sopra.<\/li>\n<li> Elenco di clienti e\/o testimonianze di clienti precedenti: <strong>S\u00ec<\/strong>Ci sono testimonianze positive dei clienti sul sito.<\/li>\n<\/ol>\n<div itemprop=\"reviewRating\" itemscope itemtype=\"http:\/\/schema.org\/Rating\"><meta itemprop=\"worstRating\" content = \"0\" \/><meta itemprop=\"bestRating\" content=\"5\" \/><meta itemprop=\"ratingValue\" content=\"4.5\"><\/div>\n<p><strong>Punteggio complessivo: 4,5\/5<\/strong><br \/>\n<strong>Data di revisione:<\/strong> <span itemprop=\"datePublished\" content=\"2016-08-29\">29\/08\/2016<\/span>\n<\/div>\n<p>Pi\u00f9 su <a href=\"https:\/\/moverdb.com\/it\/international-removals\/\">traslochi internazionali<\/a> e il nostro <a href=\"https:\/\/moverdb.com\/it\/recensioni\/\">processo di revisione<\/a>.<\/p>\n<p><strong>Sito web:<\/strong> <a href=\"http:\/\/www.simpsons-uk.com\/\" target=\"_blank\" rel=\"noopener\">http:\/\/www.simpsons-uk.com<\/a><\/p>","protected":false},"excerpt":{"rendered":"<p>Simpsons Removals and Storage Ltd is based in Kent and offers its customers a range of international removals services which are listed below. There also follows a company profile and reviews. International Removals Door to door or airport at destination Full service, fragile items or do-it-yourself packing Packing materials can be provided Air freight or [&hellip;]<\/p>\n","protected":false},"author":1,"featured_media":0,"parent":0,"menu_order":0,"comment_status":"closed","ping_status":"closed","template":"","meta":{"_genesis_hide_title":false,"_genesis_hide_breadcrumbs":false,"_genesis_hide_singular_image":false,"_genesis_hide_footer_widgets":false,"_genesis_custom_body_class":"","_genesis_custom_post_class":"","_genesis_layout":"","footnotes":""},"class_list":{"0":"post-921","1":"page","2":"type-page","3":"status-publish","5":"entry"},"_links":{"self":[{"href":"https:\/\/moverdb.com\/it\/wp-json\/wp\/v2\/pages\/921","targetHints":{"allow":["GET"]}}],"collection":[{"href":"https:\/\/moverdb.com\/it\/wp-json\/wp\/v2\/pages"}],"about":[{"href":"https:\/\/moverdb.com\/it\/wp-json\/wp\/v2\/types\/page"}],"author":[{"embeddable":true,"href":"https:\/\/moverdb.com\/it\/wp-json\/wp\/v2\/users\/1"}],"replies":[{"embeddable":true,"href":"https:\/\/moverdb.com\/it\/wp-json\/wp\/v2\/comments?post=921"}],"version-history":[{"count":5,"href":"https:\/\/moverdb.com\/it\/wp-json\/wp\/v2\/pages\/921\/revisions"}],"predecessor-version":[{"id":6238,"href":"https:\/\/moverdb.com\/it\/wp-json\/wp\/v2\/pages\/921\/revisions\/6238"}],"wp:attachment":[{"href":"https:\/\/moverdb.com\/it\/wp-json\/wp\/v2\/media?parent=921"}],"curies":[{"name":"wp","href":"https:\/\/api.w.org\/{rel}","templated":true}]}}