{"id":920,"date":"2016-09-03T16:04:22","date_gmt":"2016-09-03T16:04:22","guid":{"rendered":"http:\/\/moverdb.com\/?page_id=920"},"modified":"2026-01-08T14:47:54","modified_gmt":"2026-01-08T14:47:54","slug":"burke-bros","status":"publish","type":"page","link":"https:\/\/moverdb.com\/it\/burke-bros\/","title":{"rendered":"Gruppo Burke Bros Moving: Recensioni sui traslochi internazionali"},"content":{"rendered":"<p>Burke Bros sono traslocatori, magazzinieri, spedizionieri ed esperti di trasferimento globale. Di seguito sono elencati i servizi che offrono, seguiti da un profilo aziendale e da varie recensioni.<\/p>\n<p><strong>Aziendale e personale <a href=\"https:\/\/moverdb.com\/it\/international-removals\/\" data-internallinksmanager029f6b8e52c=\"27\" title=\"36 Migliori aziende di traslochi internazionali del Regno Unito\">Traslochi internazionali<\/a><\/strong><\/p>\n<ul>\n<li> Team aziendale dedicato<\/li>\n<li> Servizio completo porta a porta<\/li>\n<li> Sondaggio gratuito per il trasloco<\/li>\n<li> Rete di rispettabili esperti di trasferimento in tutto il mondo<\/li>\n<li> Team dedicato all'imballaggio per l'esportazione<\/li>\n<li> Consigli per la quarantena internazionale<\/li>\n<li> Informazioni su dogane e accise internazionali<\/li>\n<li> <a href=\"https:\/\/moverdb.com\/it\/moving-to-the-uk\/\" data-internallinksmanager029f6b8e52c=\"93\" title=\"Trasferirsi nel Regno Unito? 2026 Costi di vita e consigli per il trasferimento\">REGNO UNITO<\/a> stoccaggio - pre-spedizione<\/li>\n<li> Assicurazione organizzata<\/li>\n<li> Assistenza allo sdoganamento<\/li>\n<\/ul>\n<p><strong>Mosse europee<\/strong><\/p>\n<ul>\n<li> Servizio completo porta a porta<\/li>\n<li> Squadra di imballaggio dedicata<\/li>\n<li> Assicurazione organizzata<\/li>\n<li> Partenze settimanali<\/li>\n<li> Assistenza doganale e delle accise, se applicabile<\/li>\n<\/ul>\n<p><strong>Traslochi domestici nel Regno Unito - aziendali e personali<\/strong><\/p>\n<ul>\n<li> Visita personale del consulente<\/li>\n<li> Servizio di gestione di progetti per le imprese<\/li>\n<li> Servizio completo porta a porta<\/li>\n<li> Squadra di imballaggio dedicata<\/li>\n<li> Assicurazione organizzata<\/li>\n<li> Imballaggio specializzato<\/li>\n<li> Noleggio di casse per ufficio<\/li>\n<\/ul>\n<p><strong>Stoccaggio<\/strong><\/p>\n<ul>\n<li> Self-storage - Wolverhampton <\/li>\n<li> Accesso illimitato durante le ore di apertura<\/li>\n<li> \u00c8 possibile acquistare una gamma di scatole<\/li>\n<li> CCTV 24 ore su 24<\/li>\n<li> Conservazione di documenti e archivi<\/li>\n<\/ul>\n<p><strong>Servizi speciali durante i traslochi<\/strong><\/p>\n<ul>\n<li> Distruzione di documenti<\/li>\n<li> Archiviazione di documenti<\/li>\n<li> Riciclaggio di vecchi mobili e attrezzature informatiche<\/li>\n<li> Smontaggio e impostazione di sistemi informatici<\/li>\n<li> Materiale d'imballaggio speciale per attrezzature informatiche<\/li>\n<\/ul>\n<h2>Profilo dell'azienda Burke Bros Moving Group<\/h2>\n<p>Burke Bros \u00e8 stata fondata nel 1982 e ha spostato oltre 49.000 clienti durante questo periodo. Hanno registrato quasi mezzo milione di ore di imballaggio, trasloco e disimballaggio. L'azienda si trova nell'Inghilterra centrale e ha sette uffici e un'area di stoccaggio sicura di 52.000 piedi quadrati.<\/p>\n<p>Burke Bros \u00e8 a conduzione familiare da parte dei fratelli Burke, Gary e Chris. Molti dei loro dipendenti sono con loro da oltre 20 anni. L'azienda dice di essere orgogliosa del suo approccio premuroso ad ogni trasloco.<\/p>\n<p>Le questioni verdi sono una parte importante dell'azienda e Burke Bros ha introdotto il riciclaggio e la gestione dei rifiuti per i clienti al fine di ridurre la loro impronta di carbonio.<\/p>\n<p>Burke Bros Affiliazioni e accreditamenti:<\/p>\n<ul>\n<li> <a href=\"https:\/\/moverdb.com\/it\/british-association-of-removers\/\">Associazione britannica dei traslocatori<\/a> (<a href=\"https:\/\/moverdb.com\/it\/british-association-of-removers\/\" data-internallinksmanager029f6b8e52c=\"9\" title=\"La British Association of Removers (BAR) spiegata\">BAR<\/a>)<\/li>\n<li> <a href=\"https:\/\/moverdb.com\/it\/fidi-faim\/\">F\u00e9d\u00e9ration Internationale des D\u00e9m\u00e9nageurs Internationaux<\/a> (<a href=\"https:\/\/moverdb.com\/it\/fidi-faim\/\" data-internallinksmanager029f6b8e52c=\"16\" title=\"FIDI e FAIM (FIDI Accredited International Mover) spiegati\">FIDI<\/a>)<\/li>\n<li> <a href=\"https:\/\/moverdb.com\/it\/sono\/\">Associazione internazionale dei traslocatori<\/a> (<a href=\"https:\/\/moverdb.com\/it\/iam\/\" data-internallinksmanager029f6b8e52c=\"23\" title=\"Spiegazione dell&#039;Associazione Internazionale dei Traslocatori (IAM)\">IAM<\/a>)<\/li>\n<li> Associazione Panamericana dei Traslocatori Internazionali (PAIMA)<\/li>\n<li> Il <a href=\"https:\/\/moverdb.com\/it\/bar-overseas\/\">Associazione britannica dei traslochi all'estero<\/a><\/li>\n<li> BS5750<\/li>\n<li> TSI<\/li>\n<\/ul>\n<p><strong>Recensioni Burke Bros<\/strong><\/p>\n<p><strong>Positivo<\/strong><\/p>\n<ul>\n<li> <em>\"Volevamo inviare una nota di ringraziamento per il meraviglioso servizio che abbiamo appena sperimentato durante il nostro trasloco dall'Inghilterra a <a href=\"https:\/\/moverdb.com\/it\/moving-to-france\/\" data-internallinksmanager029f6b8e52c=\"315\" title=\"Trasferirsi in Francia? 2026 Costi di vita e consigli per il trasferimento\">Francia<\/a>. Non avremmo potuto desiderare un gruppo migliore di ragazzi per il carico e lo scarico dei bagagli per il nostro paese. <a href=\"https:\/\/moverdb.com\/it\/moving-to-the-united-states\/\" data-internallinksmanager029f6b8e52c=\"94\" title=\"Trasferirsi negli Stati Uniti? 2026 Costi di vita e consigli per il trasferimento\">noi<\/a>.\"<\/em> - Sue &amp; David via Burke Bros <a href=\"http:\/\/burkebros.co.uk\/about_us\/testimonials\/\" target=\"_blank\" rel=\"noopener\">pagina dei testimonial<\/a><\/li>\n<li> <em>\"Abbiamo usato Burke Bros per trasferirci dal Regno Unito alla Dordogna in Francia non perch\u00e9 erano ragionevoli con le loro tariffe, lo erano, ma per il modo professionale con cui hanno gestito il lavoro dall'inizio alla fine\".<\/em> - Malcolm via <a href=\"https:\/\/www.yell.com\/biz\/burke-bros-worldwide-moving-group-wolverhampton-900810900\/\" target=\"_blank\" rel=\"noopener\">Urla<\/a><\/li>\n<\/ul>\n<p><strong>Negativo <\/strong><\/p>\n<ul>\n<li> <em>La peggiore esperienza di trasloco in 35 anni (8 traslochi)<\/em> - Signor D Neal via <a href=\"http:\/\/www.removalreviews.co.uk\/movingreviews\/appalling-12193\" target=\"_blank\" rel=\"noopener\">Recensioni di rimozione<\/a><\/li>\n<li> \"Non sprecate i vostri soldi\". - Thibit via <a href=\"https:\/\/www.yell.com\/biz\/burke-bros-worldwide-moving-group-wolverhampton-900810900\/\" target=\"_blank\" rel=\"noopener\">Urla<\/a><\/li>\n<\/li>.\n<\/ul>\n<div itemprop=\"review\" itemscope itemtype=\"http:\/\/schema.org\/Review\">\n<span itemprop=\"author\" itemscope=\"\" itemtype=\"http:\/\/schema.org\/Organization\"><span itemprop=\"name\">MoverDB.com<\/span><\/span> Recensione del sito web online per <span itemprop=\"itemreviewed\" itemscope=\"\" itemtype=\"http:\/\/schema.org\/Brand\"><span itemprop=\"name\">Gruppo Burke Bros Moving<\/span><\/span>:<\/p>\n<ol>\n<li> Dettagli di contatto chiari sul sito web (compreso il numero di telefono): <strong>S\u00ec<\/strong><\/li>\n<li> Facile da ottenere <a href=\"https:\/\/moverdb.com\/it\/citazioni\/\">preventivi di traslochi internazionali<\/a>? (Modulo di richiesta di preventivo online): <strong>S\u00ec<\/strong><\/li>\n<li> Informazioni chiare sul sito web: <strong>S\u00ec,<\/strong> comprese le guide dei vari paesi che servono.<\/li>\n<li> Appartenenza a organizzazioni internazionali riconosciute per il movimento: <strong>S\u00ec<\/strong>, vedi sopra.<\/li>\n<li> Elenco di clienti e\/o testimonianze di clienti precedenti: <strong>Alcuni,<\/strong> hanno un numero selezionato di testimonianze sul loro sito web, con recensioni generalmente positive su altri siti web.<\/li>\n<\/ol>\n<div itemprop=\"reviewRating\" itemscope itemtype=\"http:\/\/schema.org\/Rating\"><meta itemprop=\"worstRating\" content = \"0\" \/><meta itemprop=\"bestRating\" content=\"5\" \/><meta itemprop=\"ratingValue\" content=\"4.5\"><\/div>\n<p><strong>Punteggio complessivo: 4,5\/5<\/strong><br \/>\n<strong>Data di revisione:<\/strong> <span itemprop=\"datePublished\" content=\"2016-09-03\">03\/09\/2016<\/span>\n<\/div>\n<p>Per saperne di pi\u00f9 <a href=\"https:\/\/moverdb.com\/it\/international-removals\/\">traslochi internazionali<\/a> e il nostro <a href=\"https:\/\/moverdb.com\/it\/recensioni\/\">processo di revisione.<\/a>.<\/p>\n<p><strong>Sito web:<\/strong> <a href=\"http:\/\/burkebros.co.uk\/\" target=\"_blank\" rel=\"noopener\">http:\/\/burkebros.co.uk<\/a><\/p>","protected":false},"excerpt":{"rendered":"<p>Burke Bros are worldwide movers, storers, shippers and global relocation experts. Listed below are the services they offer, followed by a company profile and various reviews. Corporate and Personal International Removals Dedicated corporate team Comprehensive door to door service Free moving survey Network of reputable relocation experts world wide Dedicated export packing team International quarantine [&hellip;]<\/p>\n","protected":false},"author":1,"featured_media":0,"parent":0,"menu_order":0,"comment_status":"closed","ping_status":"closed","template":"","meta":{"_genesis_hide_title":false,"_genesis_hide_breadcrumbs":false,"_genesis_hide_singular_image":false,"_genesis_hide_footer_widgets":false,"_genesis_custom_body_class":"","_genesis_custom_post_class":"","_genesis_layout":"","footnotes":""},"class_list":{"0":"post-920","1":"page","2":"type-page","3":"status-publish","5":"entry"},"_links":{"self":[{"href":"https:\/\/moverdb.com\/it\/wp-json\/wp\/v2\/pages\/920","targetHints":{"allow":["GET"]}}],"collection":[{"href":"https:\/\/moverdb.com\/it\/wp-json\/wp\/v2\/pages"}],"about":[{"href":"https:\/\/moverdb.com\/it\/wp-json\/wp\/v2\/types\/page"}],"author":[{"embeddable":true,"href":"https:\/\/moverdb.com\/it\/wp-json\/wp\/v2\/users\/1"}],"replies":[{"embeddable":true,"href":"https:\/\/moverdb.com\/it\/wp-json\/wp\/v2\/comments?post=920"}],"version-history":[{"count":5,"href":"https:\/\/moverdb.com\/it\/wp-json\/wp\/v2\/pages\/920\/revisions"}],"predecessor-version":[{"id":6189,"href":"https:\/\/moverdb.com\/it\/wp-json\/wp\/v2\/pages\/920\/revisions\/6189"}],"wp:attachment":[{"href":"https:\/\/moverdb.com\/it\/wp-json\/wp\/v2\/media?parent=920"}],"curies":[{"name":"wp","href":"https:\/\/api.w.org\/{rel}","templated":true}]}}