{"id":906,"date":"2018-01-30T05:37:29","date_gmt":"2018-01-30T05:37:29","guid":{"rendered":"http:\/\/moverdb.com\/?page_id=906"},"modified":"2026-01-08T14:48:24","modified_gmt":"2026-01-08T14:48:24","slug":"fox-moving","status":"publish","type":"page","link":"https:\/\/moverdb.com\/it\/fox-moving\/","title":{"rendered":"Fox Moving &amp; Storage: Recensioni sui traslochi internazionali"},"content":{"rendered":"<p>Fox Moving &amp; Storage ha sede a Cwmbran, in Galles. Di seguito troverete una lista dei loro servizi sia a livello internazionale che locale, insieme a un profilo aziendale e alle recensioni.<\/p>\n<p><strong>Trasferirsi a livello internazionale - Imprese e privati<\/strong><\/p>\n<ul>\n<li> Personale <a href=\"https:\/\/moverdb.com\/it\/international-removals\/\" data-internallinksmanager029f6b8e52c=\"27\" title=\"36 Migliori aziende di traslochi internazionali del Regno Unito\">traslochi internazionali<\/a> agente<\/li>\n<li> Preventivo completo, programma e tempi di trasloco<\/li>\n<li> Squadra esperta di imballaggio<\/li>\n<li> Fornisce la documentazione doganale e delle accise<\/li>\n<li> Agenti locali a disposizione per aiutare nel paese di destinazione<\/li>\n<\/ul>\n<p><strong>Trasferirsi in Europa - Aziendale e individuale<\/strong><\/p>\n<ul>\n<li> Team personale di traslochi europei<\/li>\n<li> Preventivo completo e programma di trasloco<\/li>\n<li> Squadra esperta di imballaggio<\/li>\n<li> Piccoli carichi accettati <\/li>\n<li> Consegne in Europa continentale su strada<\/li>\n<li> Consegne alle isole in mare aperto tramite traghetto o container marittimi<\/li>\n<li> Consegne nell'Europa dell'Est in container marittimi e\/o su strada<\/li>\n<li> Informazioni sull'importazione e la dogana, se del caso<\/li>\n<\/ul>\n<p><strong>Specialisti in traslochi internazionali e locali di uffici e commerciali<\/strong><\/p>\n<ul>\n<li> Un rappresentante commerciale senior \u00e8 assegnato<\/li>\n<li> Preventivo dettagliato e programma di lavoro<\/li>\n<li> Casse appositamente progettate per la rimozione di documenti e piccoli oggetti<\/li>\n<li> Gamma completa di casse (sigillate e con coperchio), materiale da imballaggio, carrelli, coperture protettive e carrelli<\/li>\n<li> Attrezzatura IT completamente protetta<\/li>\n<li> Personale IT a disposizione per smontare e rimontare i computer<\/li>\n<li> Archivio e deposito di documenti<\/li>\n<li> Smontaggio e rimontaggio di scrivanie, stazioni di lavoro e scaffalature<\/li>\n<li> Servizio completo di spedizione in tutto il mondo e in Europa pi\u00f9 servizi IT e di comunicazione<\/li>\n<\/ul>\n<p><strong>Muoversi all'interno del <a href=\"https:\/\/moverdb.com\/it\/moving-to-the-uk\/\" data-internallinksmanager029f6b8e52c=\"93\" title=\"Trasferirsi nel Regno Unito? 2026 Costi di vita e consigli per il trasferimento\">REGNO UNITO<\/a><\/strong><\/p>\n<ul>\n<li> Assegnato un agente personale per i traslochi del Regno Unito<\/li>\n<li> Preventivo scritto dettagliato fornito<\/li>\n<li> Servizio porta a porta<\/li>\n<li> Imballatori esperti<\/li>\n<li> I materiali di imballaggio possono essere forniti<\/li>\n<li> Assicurazione organizzata<\/li>\n<li> Deposito organizzato<\/li>\n<\/ul>\n<p><strong>Soluzioni di stoccaggio<\/strong><\/p>\n<ul>\n<li> Unit\u00e0 di self-storage aziendali, commerciali e private<\/li>\n<li> Stoccaggio in container<\/li>\n<li> Deposito per studenti<\/li>\n<li> Archiviazione di affari<\/li>\n<li> Archiviazione<\/li>\n<li> Sorveglianza CCTV 24 ore su 24<\/li>\n<li> Accesso durante l'orario di lavoro<\/li>\n<\/ul>\n<p>Sono anche <a href=\"https:\/\/moverdb.com\/it\/atlas-van-lines-international\/\" rel=\"noopener\" target=\"_blank\">Atlas Van Lines<\/a> agente nel Regno Unito.<\/p>\n<h2>Fox Moving &amp; Storage<\/h2>\n<p>Fox Moving &amp; Storage \u00e8 stata fondata da Roy Fox nel 1971. La sua famiglia era nel settore dei traslochi e dei depositi fin dagli anni '20. Dalla sua nascita, l'azienda \u00e8 cresciuta da una piccola impresa familiare che serviva il Galles del Sud a un'azienda che ora soddisfa le esigenze di clienti aziendali e personali internazionali e locali. L'azienda \u00e8 ora gestita dal figlio e dai due nipoti di Roy Fox. <\/p>\n<p>Fox Moving &amp; Storage si impegna a condurre i suoi affari in un modo che mostra il pieno rispetto per l'ambiente, i suoi dipendenti e, soprattutto, i suoi clienti. Si impegnano anche a fornire un ambiente di lavoro sicuro ed efficiente che non solo beneficer\u00e0 il loro staff ma anche i loro clienti.<\/p>\n<p>Affiliazioni e accreditamenti di Fox Moving:<\/p>\n<ul>\n<li> <a href=\"https:\/\/moverdb.com\/it\/british-association-of-removers\/\">L'associazione britannica dei traslocatori<\/a> (<a href=\"https:\/\/moverdb.com\/it\/british-association-of-removers\/\" data-internallinksmanager029f6b8e52c=\"9\" title=\"La British Association of Removers (BAR) spiegata\">BAR<\/a>)<\/li>\n<li> Istituto per le norme commerciali (STI)<\/li>\n<li> <a href=\"https:\/\/moverdb.com\/it\/bar-overseas\/\">L'associazione britannica dei traslocatori d'oltremare<\/a><\/li>\n<li> <a href=\"https:\/\/moverdb.com\/it\/fidi-faim\/\">F\u00e9d\u00e9ration Internationale des D\u00e9m\u00e9nageurs Internationaux<\/a> (<a href=\"https:\/\/moverdb.com\/it\/fidi-faim\/\" data-internallinksmanager029f6b8e52c=\"16\" title=\"FIDI e FAIM (FIDI Accredited International Mover) spiegati\">FIDI<\/a>)<\/li>\n<li> <a href=\"https:\/\/moverdb.com\/it\/fidi-faim\/\">Traslocatore internazionale accreditato FIDI<\/a> (FAIM)<\/li>\n<li> Standard di qualit\u00e0 assicurata del servizio - trasloco commerciale<\/li>\n<li> Standard di servizio garantito dalla qualit\u00e0 - Sistemi di gestione della qualit\u00e0<\/li>\n<li> Standard di servizio garantito dalla qualit\u00e0 - Sistemi di gestione ambientale<\/li>\n<\/ul>\n<h2>Fox Moving &amp; Storage Recensioni<\/h2>\n<p><strong>Positivo<\/strong><\/p>\n<ul>\n<li> <em>\"Squadra di traslochi amichevole ed efficiente\".<\/em> - Sig. Hamer via <a href=\"http:\/\/www.fox-moving.com\/reviews\/\" target=\"_blank\" rel=\"noopener\">Pagina delle recensioni di Fox Moving<\/a><\/li>\n<li> <em>\"Servizio eccellente, professionale e cortese. Nessuna lamentela; tutto \u00e8 andato secondo un piano efficiente. Le volpi non sono 'le pi\u00f9 economiche'; ma si ottiene quello per cui si paga - qualit\u00e0!\"<\/em> - Patricia via <a href=\"http:\/\/ww2.feefo.com\/en-us\/reviews\/fox-moving\/571f3e07498e08d16aafb163\/customer-review-top-notch-service\" target=\"_blank\" rel=\"noopener\">Feefo<\/a><\/li>\n<li> <em>\"Il servizio che ho ricevuto da Fox non \u00e8 stato secondo a nessuno - dalla mia richiesta iniziale fino al completamento. Devo anche dire un ringraziamento particolare ai miei traslocatori il giorno stesso\".<\/em> - Beverley via <a href=\"http:\/\/trustedtraders.which.co.uk\/businesses\/fox-moving-storage-cwmbran\/\" target=\"_blank\" rel=\"noopener\">Commercianti di fiducia<\/a><\/li>\n<li> <em>\"Abbiamo cambiato paese 6 volte in altrettanti anni. Il nostro ultimo trasloco \u00e8 stato da Vienna a <a href=\"https:\/\/moverdb.com\/it\/moving-to-london\/\">Londra<\/a> ed \u00e8 stato il miglior trasloco che abbiamo mai sperimentato e non potremo mai ringraziare abbastanza Fox\".<\/em> - Sarah via Facebook.<\/li>\n<\/ul>\n<p><strong>Negativo<\/strong><\/p>\n<ul>\n<li> <em>\"Mia moglie ed io siamo rimasti scioccati da quanto sia stato pessimo il servizio che abbiamo ricevuto. L'equipaggio \u00e8 stato negligente con le nostre cose, non ha fatto nulla per proteggere dal tempo spaventoso nei giorni in questione\".<\/em> - Antonio via  <a href=\"http:\/\/ww2.feefo.com\/en-us\/reviews\/fox-moving\/571f3e07498e08d16aafb1a9\/customer-review-a-shockingly-bad-service\" target=\"_blank\" rel=\"noopener\">Feefo<\/a><\/li>\n<li> <em>\"Molti danni causati alla merce dai traslocatori. Non \u00e8 stata prestata molta attenzione. Oggetti lasciati dappertutto, compresi quelli lasciati fuori\"<\/em> - Paolo via <a href=\"http:\/\/trustedtraders.which.co.uk\/businesses\/fox-moving-storage-cwmbran\/\" target=\"_blank\" rel=\"noopener\">Commercianti di fiducia<\/a><\/li>\n<li> <em>\"Azienda scioccante. I traslocatori hanno discusso tutto il giorno, litigando e imprecando l'uno contro l'altro, rendendo l'intero trasloco, gi\u00e0 stressante, un incubo\".<\/em> - Mike via <a href=\"https:\/\/www.yell.com\/biz\/fox-moving-and-storage-ltd-cwmbran-6113370\/\" target=\"_blank\" rel=\"noopener\">Urla<\/a><\/li>\n<\/ul>\n<div itemprop=\"review\" itemscope itemtype=\"http:\/\/schema.org\/Review\">\n<span itemprop=\"author\" itemscope=\"\" itemtype=\"http:\/\/schema.org\/Organization\"><span itemprop=\"name\">MoverDB.com<\/span><\/span> Recensione del sito web online per <span itemprop=\"itemreviewed\" itemscope=\"\" itemtype=\"http:\/\/schema.org\/Brand\"><span itemprop=\"name\">Fox Moving &amp; Storage<\/span><\/span>:<\/p>\n<ol>\n<li> Dettagli di contatto chiari sul sito web (compreso il numero di telefono): <strong>S\u00ec<\/strong><\/li>\n<li> Facile da ottenere <a href=\"https:\/\/moverdb.com\/it\/citazioni\/\">preventivi di traslochi internazionali<\/a>? (Modulo di richiesta di preventivo online): <strong>S\u00ec<\/strong><\/li>\n<li> Informazioni chiare sul sito web: <strong>S\u00ec<\/strong>Il sito \u00e8 pieno di informazioni utili e ha un blog informativo.<\/li>\n<li> Appartenenza a organizzazioni internazionali riconosciute per il movimento: <strong>S\u00ec<\/strong>, vedi sopra<\/li>\n<li> Elenco di clienti e\/o testimonianze di clienti precedenti: <strong>S\u00ec<\/strong>C'\u00e8 una pagina dedicata alle testimonianze dei clienti sul sito e le recensioni da tutto il web sono generalmente molto positive con solo poche recensioni negative.<\/li>\n<\/ol>\n<div itemprop=\"reviewRating\" itemscope itemtype=\"http:\/\/schema.org\/Rating\"><meta itemprop=\"worstRating\" content = \"0\" \/><meta itemprop=\"bestRating\" content=\"5\" \/><meta itemprop=\"ratingValue\" content=\"5\"><\/div>\n<p><strong>Punteggio complessivo: 5\/5<\/strong><br \/>\n<strong>Data di revisione:<\/strong> <span itemprop=\"datePublished\" content=\"2018-01-30\">30\/01\/18<\/span>\n<\/div>\n<p>Per saperne di pi\u00f9 <a href=\"https:\/\/moverdb.com\/it\/international-removals\/\">traslochi internazionali<\/a> e il nostro <a href=\"https:\/\/moverdb.com\/it\/recensioni\/\">processo di revisione<\/a>.<\/p>\n<p><strong>Sito web:<\/strong> <a href=\"http:\/\/www.fox-moving.com\/\" target=\"_blank\" rel=\"noopener\">http:\/\/www.fox-moving.com\/<\/a><\/p>","protected":false},"excerpt":{"rendered":"<p>Fox Moving &#038; Storage is based in Cwmbran, Wales. Below you will find a list of their services both internationally and locally, together with a company profile and reviews. Moving Internationally &#8211; Corporate and Individual Personal international removals agent Comprehensive quotation, moving schedule and timescale Expert packing team Provides customs and excise documentation Local agents [&hellip;]<\/p>\n","protected":false},"author":1,"featured_media":0,"parent":0,"menu_order":0,"comment_status":"closed","ping_status":"closed","template":"","meta":{"_genesis_hide_title":false,"_genesis_hide_breadcrumbs":false,"_genesis_hide_singular_image":false,"_genesis_hide_footer_widgets":false,"_genesis_custom_body_class":"","_genesis_custom_post_class":"","_genesis_layout":"","footnotes":""},"class_list":{"0":"post-906","1":"page","2":"type-page","3":"status-publish","5":"entry"},"_links":{"self":[{"href":"https:\/\/moverdb.com\/it\/wp-json\/wp\/v2\/pages\/906","targetHints":{"allow":["GET"]}}],"collection":[{"href":"https:\/\/moverdb.com\/it\/wp-json\/wp\/v2\/pages"}],"about":[{"href":"https:\/\/moverdb.com\/it\/wp-json\/wp\/v2\/types\/page"}],"author":[{"embeddable":true,"href":"https:\/\/moverdb.com\/it\/wp-json\/wp\/v2\/users\/1"}],"replies":[{"embeddable":true,"href":"https:\/\/moverdb.com\/it\/wp-json\/wp\/v2\/comments?post=906"}],"version-history":[{"count":9,"href":"https:\/\/moverdb.com\/it\/wp-json\/wp\/v2\/pages\/906\/revisions"}],"predecessor-version":[{"id":6211,"href":"https:\/\/moverdb.com\/it\/wp-json\/wp\/v2\/pages\/906\/revisions\/6211"}],"wp:attachment":[{"href":"https:\/\/moverdb.com\/it\/wp-json\/wp\/v2\/media?parent=906"}],"curies":[{"name":"wp","href":"https:\/\/api.w.org\/{rel}","templated":true}]}}