{"id":895,"date":"2016-10-11T05:16:54","date_gmt":"2016-10-11T05:16:54","guid":{"rendered":"http:\/\/moverdb.com\/?page_id=895"},"modified":"2026-01-08T14:48:03","modified_gmt":"2026-01-08T14:48:03","slug":"constantine-moving","status":"publish","type":"page","link":"https:\/\/moverdb.com\/it\/constantine-moving\/","title":{"rendered":"Trasloco Costantino: Recensioni sui traslochi internazionali"},"content":{"rendered":"<p>I servizi di Constantine Moving sono elencati di seguito, seguiti da un profilo aziendale e da recensioni.<\/p>\n<p><strong>Trasloco internazionale di casa<\/strong><\/p>\n<ul>\n<li> Appuntamento prima del trasloco<\/li>\n<li> Preventivo gratuito, piano di trasloco e calendario<\/li>\n<li> Personale altamente esperto e professionalmente preparato per l'imballaggio<\/li>\n<li> Stoccaggio disponibile<\/li>\n<li> Spedizione via mare<\/li>\n<li> Spedizione aerea<\/li>\n<li> Trasporto su strada<\/li>\n<li> Sdoganamento<\/li>\n<li> Consegna alla nuova casa<\/li>\n<li> Disimballaggio e rimontaggio di mobili<\/li>\n<li> Rimozione di tutti gli imballaggi per il riciclaggio<\/li>\n<\/ul>\n<p><strong>Spostamento di belle arti<\/strong><\/p>\n<ul>\n<li> Custodie di design e tessuto per oggetti di qualsiasi dimensione<\/li>\n<li> Coordinatore di progetto dedicato<\/li>\n<li> Materiali d'imballaggio specializzati<\/li>\n<li> Tecnici dell'imballaggio formati professionalmente e con grande esperienza<\/li>\n<li> Trasporti su strada, aerei o marittimi<\/li>\n<li> Installa tutto, dai piccoli oggetti delicati ai grandi pezzi da museo<\/li>\n<li> I tecnici portano attrezzature di movimentazione come impalcature, scale, ecc.<\/li>\n<li> Stoccaggio in un ambiente a umidit\u00e0 controllata con CCTV 24 ore su 24<\/li>\n<li> Decantatori di musei<\/li>\n<li> Installazioni della galleria<\/li>\n<li> Trasferimenti di intere collezioni<\/li>\n<\/ul>\n<p><strong>Stoccaggio<\/strong><\/p>\n<ul>\n<li> Strutture di stoccaggio protette da ampie misure di sicurezza<\/li>\n<li> Ambiente a umidit\u00e0 controllata per proteggere i tesori conservati<\/li>\n<\/ul>\n<p><strong>Servizi accessori<\/strong><\/p>\n<ul>\n<li> <a href=\"https:\/\/moverdb.com\/it\/car-transport-shipping\/\" data-internallinksmanager029f6b8e52c=\"2\" title=\"2026 Preventivi per il trasporto internazionale di auto e veicoli\">Spedizione auto<\/a> e stoccaggio<\/li>\n<li> Trasporto di animali domestici<\/li>\n<li> Tuttofare (smontaggio e rimontaggio di mobili specializzati, attrezzature ecc.)<\/li>\n<li> Posa di quadri\/installazione di opere d'arte<\/li>\n<li> Imballaggio speciale (per oggetti fragili o di alto valore)<\/li>\n<li> Pulizia della casa<\/li>\n<li> Servizio di pulizia (lavaggio, sistemazione di <a href=\"https:\/\/moverdb.com\/it\/moving-to-china\/\" data-internallinksmanager029f6b8e52c=\"357\" title=\"Trasferirsi in Cina? 2026 Costi di vita e consigli per il trasferimento\">Cina<\/a>, cristalleria, vestiti, ecc.)<\/li>\n<li> Elettricista o Idraulico<\/li>\n<li> Scollegamento e reinstallazione dell'antenna della TV satellitare<\/li>\n<li> Rimozione \"sicura\" specializzata<\/li>\n<li> Rimozione e reinstallazione di porte e finestre<\/li>\n<li> Ascensore esterno (montacarichi specializzato) per accedere alla residenza dai piani superiori<\/li>\n<li> Noleggio di mobili<\/li>\n<li> Restauro e riparazione di mobili<\/li>\n<\/ul>\n<h2>Profilo dell'azienda di traslochi Constantine<\/h2>\n<p>Il gruppo Constantine ebbe inizio a met\u00e0 del XIX secolo, quando Joseph Constantine e altri membri della famiglia acquistarono una societ\u00e0 che possedeva navi a vela. Quando il vapore super\u00f2 la vela, il Gruppo Constantine si era espanso fino a diventare uno dei maggiori armatori del mondo. <a href=\"https:\/\/moverdb.com\/it\/moving-to-the-uk\/\" data-internallinksmanager029f6b8e52c=\"93\" title=\"Trasferirsi nel Regno Unito? 2026 Costi di vita e consigli per il trasferimento\">REGNO UNITO<\/a>.<\/p>\n<p>La prima e la seconda guerra mondiale hanno purtroppo portato via le loro navi, cos\u00ec il gruppo si \u00e8 rivolto al viaggio, <a href=\"https:\/\/moverdb.com\/it\/spedizioniere\/\">trasporto merci<\/a> e investimenti immobiliari. Oggi Constantine Moving si concentra sullo spostamento di persone e di belle arti in tutto il mondo. Detengono con orgoglio un mandato reale di nomina in riconoscimento dei loro servizi alla regina Elisabetta II.<\/p>\n<p>Affiliazioni e accreditamenti di Constantine Moving:<\/p>\n<ul>\n<li> <a href=\"https:\/\/moverdb.com\/it\/british-association-of-removers\/\">L'associazione britannica dei traslocatori<\/a> (<a href=\"https:\/\/moverdb.com\/it\/british-association-of-removers\/\" data-internallinksmanager029f6b8e52c=\"9\" title=\"La British Association of Removers (BAR) spiegata\">BAR<\/a>)<\/li>\n<li> <a href=\"https:\/\/moverdb.com\/it\/fidi-faim\/\">FIDI<\/a><\/li>\n<li> <a href=\"https:\/\/moverdb.com\/it\/fidi-faim\/\">FAIM<\/a><\/li>\n<li> Istituto per le norme commerciali (STI)<\/li>\n<li> <a href=\"https:\/\/moverdb.com\/it\/sono\/\">Associazione internazionale dei traslocatori<\/a> (<a href=\"https:\/\/moverdb.com\/it\/iam\/\" data-internallinksmanager029f6b8e52c=\"23\" title=\"Spiegazione dell&#039;Associazione Internazionale dei Traslocatori (IAM)\">IAM<\/a>)<\/li>\n<li> Incontro internazionale dei trasportatori d'arte (ARTIM)<\/li>\n<li> Su incarico di Sua Maest\u00e0 la Regina<\/li>\n<\/ul>\n<h2>Recensioni sul trasloco di Constantine<\/h2>\n<p><em>Attualmente non ci sono recensioni positive o negative di per Constantine Moving online.<\/em><\/p>\n<div itemprop=\"review\" itemscope itemtype=\"http:\/\/schema.org\/Review\">\n<span itemprop=\"author\" itemscope=\"\" itemtype=\"http:\/\/schema.org\/Organization\"><span itemprop=\"name\">MoverDB.com<\/span><\/span> Recensione del sito web online per <span itemprop=\"itemreviewed\" itemscope=\"\" itemtype=\"http:\/\/schema.org\/Brand\"><span itemprop=\"name\">Spostamento di Costantino<\/span><\/span>:<\/p>\n<ol>\n<li> Dettagli di contatto chiari sul sito web (compreso il numero di telefono): <strong>S\u00ec<\/strong><\/li>\n<li> Facile da ottenere <a href=\"https:\/\/moverdb.com\/it\/citazioni\/\">preventivi di traslochi internazionali<\/a>? (Modulo di richiesta di preventivo online): <strong>No<\/strong><\/li>\n<li> Informazioni chiare sul sito web: <strong>Alcuni,<\/strong> Il sito web non contiene molte informazioni dettagliate. \u00c8 fornito in fase di pianificazione.<\/li>\n<li> Appartenenza a organizzazioni internazionali riconosciute per il movimento: <strong>S\u00ec<\/strong>, vedi sopra.<\/li>\n<li> Elenco di clienti e\/o testimonianze di clienti precedenti: <strong>No<\/strong>Anche se la regina Elisabetta II e la famiglia reale sono tra i loro clienti.<\/li>\n<\/ol>\n<div itemprop=\"reviewRating\" itemscope itemtype=\"http:\/\/schema.org\/Rating\"><meta itemprop=\"worstRating\" content = \"0\" \/><meta itemprop=\"bestRating\" content=\"5\" \/><meta itemprop=\"ratingValue\" content=\"4\"><\/div>\n<p><strong>Punteggio complessivo: 4\/5<\/strong><br \/>\n<strong>Data di revisione:<\/strong> <span itemprop=\"datePublished\" content=\"2016-10-11\">11\/10\/16<\/span>\n<\/div>\n<p>Leggi di pi\u00f9 su <a href=\"https:\/\/moverdb.com\/it\/international-removals\/\">societ\u00e0 di traslochi internazionali<\/a> e il nostro <a href=\"https:\/\/moverdb.com\/it\/recensioni\/\">processo di revisione<\/a>.<\/p>\n<p><strong>Sito web:<\/strong> <a href=\"http:\/\/www.constantinemoving.com\/\" target=\"_blank\" rel=\"noopener\">http:\/\/www.constantinemoving.com\/<\/a><\/p>","protected":false},"excerpt":{"rendered":"<p>The services of Constantine Moving are listed below, following by a company profile and reviews. International Home Moving Pre-move appointment Free quote, move plan and timetable Highly experienced professionally trained packing crew Storage available Sea shipment Air shipment Road transportation Customs clearance Delivery to new home Unpacking and reassembling of furniture Removal of all packing [&hellip;]<\/p>\n","protected":false},"author":1,"featured_media":0,"parent":0,"menu_order":0,"comment_status":"closed","ping_status":"closed","template":"","meta":{"_genesis_hide_title":false,"_genesis_hide_breadcrumbs":false,"_genesis_hide_singular_image":false,"_genesis_hide_footer_widgets":false,"_genesis_custom_body_class":"","_genesis_custom_post_class":"","_genesis_layout":"","footnotes":""},"class_list":{"0":"post-895","1":"page","2":"type-page","3":"status-publish","5":"entry"},"_links":{"self":[{"href":"https:\/\/moverdb.com\/it\/wp-json\/wp\/v2\/pages\/895","targetHints":{"allow":["GET"]}}],"collection":[{"href":"https:\/\/moverdb.com\/it\/wp-json\/wp\/v2\/pages"}],"about":[{"href":"https:\/\/moverdb.com\/it\/wp-json\/wp\/v2\/types\/page"}],"author":[{"embeddable":true,"href":"https:\/\/moverdb.com\/it\/wp-json\/wp\/v2\/users\/1"}],"replies":[{"embeddable":true,"href":"https:\/\/moverdb.com\/it\/wp-json\/wp\/v2\/comments?post=895"}],"version-history":[{"count":3,"href":"https:\/\/moverdb.com\/it\/wp-json\/wp\/v2\/pages\/895\/revisions"}],"predecessor-version":[{"id":6195,"href":"https:\/\/moverdb.com\/it\/wp-json\/wp\/v2\/pages\/895\/revisions\/6195"}],"wp:attachment":[{"href":"https:\/\/moverdb.com\/it\/wp-json\/wp\/v2\/media?parent=895"}],"curies":[{"name":"wp","href":"https:\/\/api.w.org\/{rel}","templated":true}]}}