{"id":893,"date":"2016-09-28T05:29:53","date_gmt":"2016-09-28T05:29:53","guid":{"rendered":"http:\/\/moverdb.com\/?page_id=893"},"modified":"2026-01-08T14:40:01","modified_gmt":"2026-01-08T14:40:01","slug":"john-mason","status":"publish","type":"page","link":"https:\/\/moverdb.com\/it\/john-mason\/","title":{"rendered":"John Mason International Movers: Recensioni sui traslochi"},"content":{"rendered":"<p>John Mason International Movers offre ai clienti vari servizi di trasloco che sono elencati di seguito. Segue anche un profilo aziendale e recensioni.<\/p>\n<p><strong><a href=\"https:\/\/moverdb.com\/it\/container-shipping\/\" data-internallinksmanager029f6b8e52c=\"3\" title=\"Grafico delle tariffe di trasporto internazionale dei container: Aprile 2026\">Spedizione internazionale<\/a> Servizi - Da e verso il <a href=\"https:\/\/moverdb.com\/it\/moving-to-the-uk\/\" data-internallinksmanager029f6b8e52c=\"93\" title=\"Trasferirsi nel Regno Unito? 2026 Costi di vita e consigli per il trasferimento\">REGNO UNITO<\/a><\/strong><\/p>\n<ul>\n<li> Servizio porta a porta<\/li>\n<li> Responsabile del trasloco dedicato<\/li>\n<li> Imballaggio professionale per l'esportazione a casa<\/li>\n<li> Spedizione per via aerea o marittima<\/li>\n<li> <a href=\"https:\/\/moverdb.com\/it\/container-shipping\/\">Carico completo del contenitore o contenitore condiviso<\/a><\/li>\n<li> Servizio bagagli per oggetti singoli<\/li>\n<li> Rete di agenti professionali in tutto il mondo<\/li>\n<li> Sdoganamento<\/li>\n<li> Consegna e disimballaggio nella nuova casa<\/li>\n<li> Stoccaggio all'origine e alla destinazione<\/li>\n<li> Assicurazione marittima contro tutti i rischi<\/li>\n<li> Servizi di cameriera e tuttofare<\/li>\n<\/ul>\n<p><strong>Servizi di trasferimento internazionale<\/strong><\/p>\n<ul>\n<li> Assistenza per la vendita della casa<\/li>\n<li> Servizio di partenza - per sistemare le questioni in sospeso, ad esempio le piccole riparazioni e le pulizie<\/li>\n<li> Gestione degli spostamenti<\/li>\n<li> Tour di orientamento - inclusa la visione di propriet\u00e0 e scuole<\/li>\n<li> Formazione culturale e linguistica<\/li>\n<li> Sistemarsi - aprire conti bancari, registrarsi presso un medico e un dentista e una miriade di altri compiti per rendere la vita facile<\/li>\n<li> Trasferimento di animali domestici<\/li>\n<\/ul>\n<p><strong>Spedizioni e traslochi europei<\/strong><\/p>\n<ul>\n<li> Flotta di veicoli europei costruiti ad hoc<\/li>\n<li> Gestori di traslochi dedicati<\/li>\n<li> Servizio porta a porta<\/li>\n<li> Servizio dedicato - il veicolo conterr\u00e0 i beni di una persona\/azienda<\/li>\n<li> Servizio a carico parziale<\/li>\n<li> Opzioni di imballaggio - proprietario imballato, oggetti scelti imballati professionalmente, imballaggio professionale completo<\/li>\n<li> Assistenza doganale e delle accise, se applicabile<\/li>\n<li> Stoccaggio <\/li>\n<li> Assicurazione<\/li>\n<li> Il trasporto aereo pu\u00f2 essere organizzato<\/li>\n<\/ul>\n<p><strong>Servizi di spedizione commerciale<\/strong><\/p>\n<ul>\n<li> Trasporto aereo<\/li>\n<li> FCL<\/li>\n<li> LCL<\/li>\n<li> Groupage<\/li>\n<li> Servizi stradali europei<\/li>\n<\/ul>\n<p><strong>Servizi di stoccaggio<\/strong><\/p>\n<ul>\n<li> Archiviazione<\/li>\n<li> Rimessaggio di barche<\/li>\n<li> Deposito per roulotte<\/li>\n<li> Stoccaggio commerciale<\/li>\n<li> Stoccaggio domestico<\/li>\n<li> Deposito di moto<\/li>\n<li> Self-storage<\/li>\n<li> Deposito per studenti<\/li>\n<li> Deposito di veicoli<\/li>\n<\/ul>\n<h2>Profilo dell'azienda John Mason International Movers<\/h2>\n<p>John Mason International Movers \u00e8 stato avviato da Mary Mason nel 1884. Fu raggiunta da suo figlio, John Mason nel 1887, quando la loro attivit\u00e0 principale era lo spostamento del carbone. John Mason rilev\u00f2 l'attivit\u00e0 da sua madre nel 1890 e inizi\u00f2 un'attivit\u00e0 generale di trasporto e <a href=\"https:\/\/moverdb.com\/it\/moving-companies\/\" data-internallinksmanager029f6b8e52c=\"79\" title=\"Le 25 migliori aziende di traslochi internazionali online\">azienda di traslochi<\/a>. L'azienda ha continuato ad espandersi e a prosperare e nel 1955 ha iniziato un servizio di trasloco giornaliero per <a href=\"https:\/\/moverdb.com\/it\/moving-to-ireland\/\" data-internallinksmanager029f6b8e52c=\"320\" title=\"Trasferirsi in Irlanda? 2026 Costi di vita e consigli per il trasferimento\">Irlanda<\/a>. <\/p>\n<p>John Mason ha continuato a crescere e ora esegue una media di 8.000 traslochi in tutto il mondo ogni anno. I traslochi internazionali, i traslochi aziendali e commerciali, i traslochi domestici e il deposito sono le fondamenta di questa azienda a conduzione familiare. La loro visione \u00e8 di avere un servizio di traslochi totalmente flessibile con un'enfasi sui valori familiari e sull'integrit\u00e0.<\/p>\n<p>Affiliazioni e accreditamenti di John Mason:<\/p>\n<ul>\n<li> <a href=\"https:\/\/moverdb.com\/it\/british-association-of-removers\/\">L'associazione britannica dei traslocatori<\/a> (<a href=\"https:\/\/moverdb.com\/it\/british-association-of-removers\/\" data-internallinksmanager029f6b8e52c=\"9\" title=\"La British Association of Removers (BAR) spiegata\">BAR<\/a>)<\/li>\n<li> <a href=\"https:\/\/moverdb.com\/it\/bar-overseas\/\">L'associazione britannica dei traslocatori Overseas Remover<\/a><\/li>\n<li> Overseas Moving Network International (OMNI)<\/li>\n<li> <a href=\"https:\/\/moverdb.com\/it\/fidi-faim\/\">La Federazione Internazionale dei Traslocatori Internazionali<\/a> (<a href=\"https:\/\/moverdb.com\/it\/fidi-faim\/\" data-internallinksmanager029f6b8e52c=\"16\" title=\"FIDI e FAIM (FIDI Accredited International Mover) spiegati\">FIDI<\/a>)<\/li>\n<li> <a href=\"https:\/\/moverdb.com\/it\/fidi-faim\/\">FAIM<\/a><\/li>\n<li> <a href=\"https:\/\/moverdb.com\/it\/mtc\/\">Il Movers Trading Club<\/a> (<a href=\"https:\/\/moverdb.com\/it\/mtc\/\" data-internallinksmanager029f6b8e52c=\"30\" title=\"Movers Trading Club (MTC) spiegato\">MTC<\/a>)<\/li>\n<li> Istituto degli standard commerciali<\/li>\n<li> <a href=\"https:\/\/moverdb.com\/it\/lacma\/\">Associazione dei Traslocatori Internazionali dell'America Latina e dei Caraibi<\/a> (<a href=\"https:\/\/moverdb.com\/it\/lacma\/\" data-internallinksmanager029f6b8e52c=\"28\" title=\"Associazione dei Traslocatori Internazionali dell&#039;America Latina e dei Caraibi (LACMA)\">LACMA<\/a>)<\/li>\n<\/ul>\n<h2>John Mason International Movers Recensioni<\/h2>\n<p><strong>Positivo<\/strong><\/p>\n<ul>\n<li> <em>\"Tutta la mia esperienza con John Mason \u00e8 stata molto buona, dal rilevamento di Tony fino ad oggi con il container in fase di imballaggio, raccomander\u00f2 sicuramente John Mason per fornire servizi di trasloco\".<\/em> - M.H. South Shields da <a href=\"http:\/\/www.johnmason.com\/about-us\/\" target=\"_blank\" rel=\"noopener\">Sito web di John Mason<\/a>.<\/li>\n<li> <em>\"Ho trovato la squadra di John Masons eccezionale. Dalla visita a domicilio, i loro frequenti aggiornamenti, i traslocatori, tutto \u00e8 stato fantastico\".<\/em> - Jaclyn via <a href=\"https:\/\/www.facebook.com\/johnmasoninternational\/reviews\/\" target=\"_blank\" rel=\"noopener\">Recensione su Facebook<\/a><\/li>\n<li><em>\"Abbiamo fatto lo stesso trasloco 3 mesi fa, abbiamo usato John Masons international movers. Hanno fatto anche l'imballaggio e il disimballaggio. Non posso raccomandarli abbastanza, non una sola cosa rotta o persa\".<\/em> - tramite <a href=\"http:\/\/www.mumsnet.com\/Talk\/living_overseas\/1535416-Shipping-to-Australia\" target=\"_blank\" rel=\"noopener\">Mumsnet<\/a><\/li>\n<\/ul>\n<p><strong>Negativo<\/strong><\/p>\n<p>Solo <strong>6%<\/strong> delle loro recensioni su Trustpilot sono a 1 o 2 stelle contro <strong>93%<\/strong> che sono 4 o 5 stelle. Puoi leggere tutte queste recensioni <a href=\"https:\/\/uk.trustpilot.com\/review\/www.johnmason.com\" rel=\"noopener\" target=\"_blank\">qui<\/a>.  <\/p>\n<div itemprop=\"review\" itemscope itemtype=\"http:\/\/schema.org\/Review\">\n<span itemprop=\"author\" itemscope=\"\" itemtype=\"http:\/\/schema.org\/Organization\"><span itemprop=\"name\">MoverDB.com<\/span><\/span> Recensione del sito web online per <span itemprop=\"itemreviewed\" itemscope=\"\" itemtype=\"http:\/\/schema.org\/Brand\"><span itemprop=\"name\">John Mason International Movers<\/span><\/span>:<\/p>\n<ol>\n<li> Dettagli di contatto chiari sul sito web (compreso il numero di telefono): <strong>S\u00ec<\/strong><\/li>\n<li> Facile da ottenere <a href=\"https:\/\/moverdb.com\/it\/citazioni\/\">preventivi di traslochi internazionali<\/a>? (Modulo di richiesta di preventivo online): <strong>S\u00ec<\/strong><\/li>\n<li> Informazioni chiare sul sito web: <strong>S\u00ec,<\/strong> Il sito web \u00e8 abbastanza completo, tuttavia, informazioni pi\u00f9 dettagliate saranno fornite su richiesta.<\/li>\n<li> Appartenenza a organizzazioni internazionali riconosciute per il movimento: <strong>S\u00ec<\/strong>, vedi sopra.<\/li>\n<li> Elenco di clienti e\/o testimonianze di clienti precedenti: <strong>Alcuni,<\/strong> ci sono recensioni dei clienti in fondo ad ogni pagina, ma nessuna pagina dedicata a loro. Inoltre, mentre hanno per lo pi\u00f9 recensioni positive online, ce ne sono alcune negative.<\/li>\n<\/ol>\n<div itemprop=\"reviewRating\" itemscope itemtype=\"http:\/\/schema.org\/Rating\"><meta itemprop=\"worstRating\" content = \"0\" \/><meta itemprop=\"bestRating\" content=\"5\" \/><meta itemprop=\"ratingValue\" content=\"4\"><\/div>\n<p><strong>Punteggio complessivo: 4\/5<\/strong><br \/>\n<strong>Data di revisione:<\/strong> <span itemprop=\"datePublished\" content=\"2019-01-18\">18\/01\/2019<\/span>\n<\/div>\n<p>Per saperne di pi\u00f9 <a href=\"https:\/\/moverdb.com\/it\/international-removals\/\">societ\u00e0 di traslochi internazionali<\/a> e il nostro <a href=\"https:\/\/moverdb.com\/it\/recensioni\/\">processo di revisione<\/a>.<\/p>\n<p><strong>Sito web:<\/strong> <a href=\"http:\/\/www.johnmason.com\/\" target=\"_blank\" rel=\"noopener\">http:\/\/www.johnmason.com\/<\/a><\/p>","protected":false},"excerpt":{"rendered":"<p>John Mason International Movers offers clients various removal services which are listed below. There also follows a company profile and reviews. International Shipping Services &#8211; To and From the UK Door to door service Dedicated move manager Professional export packing at home Shipping by air or sea Full container load or shared container Baggage service [&hellip;]<\/p>\n","protected":false},"author":1,"featured_media":0,"parent":0,"menu_order":0,"comment_status":"closed","ping_status":"closed","template":"","meta":{"_genesis_hide_title":false,"_genesis_hide_breadcrumbs":false,"_genesis_hide_singular_image":false,"_genesis_hide_footer_widgets":false,"_genesis_custom_body_class":"","_genesis_custom_post_class":"","_genesis_layout":"","footnotes":""},"class_list":{"0":"post-893","1":"page","2":"type-page","3":"status-publish","5":"entry"},"_links":{"self":[{"href":"https:\/\/moverdb.com\/it\/wp-json\/wp\/v2\/pages\/893","targetHints":{"allow":["GET"]}}],"collection":[{"href":"https:\/\/moverdb.com\/it\/wp-json\/wp\/v2\/pages"}],"about":[{"href":"https:\/\/moverdb.com\/it\/wp-json\/wp\/v2\/types\/page"}],"author":[{"embeddable":true,"href":"https:\/\/moverdb.com\/it\/wp-json\/wp\/v2\/users\/1"}],"replies":[{"embeddable":true,"href":"https:\/\/moverdb.com\/it\/wp-json\/wp\/v2\/comments?post=893"}],"version-history":[{"count":8,"href":"https:\/\/moverdb.com\/it\/wp-json\/wp\/v2\/pages\/893\/revisions"}],"predecessor-version":[{"id":13168,"href":"https:\/\/moverdb.com\/it\/wp-json\/wp\/v2\/pages\/893\/revisions\/13168"}],"wp:attachment":[{"href":"https:\/\/moverdb.com\/it\/wp-json\/wp\/v2\/media?parent=893"}],"curies":[{"name":"wp","href":"https:\/\/api.w.org\/{rel}","templated":true}]}}