{"id":8912,"date":"2023-04-27T14:28:23","date_gmt":"2023-04-27T14:28:23","guid":{"rendered":"https:\/\/moverdb.com\/?page_id=8912"},"modified":"2026-01-08T15:29:31","modified_gmt":"2026-01-08T15:29:31","slug":"moving-companies-philippines","status":"publish","type":"page","link":"https:\/\/moverdb.com\/it\/moving-companies\/moving-companies-philippines\/","title":{"rendered":"7 migliori aziende di traslochi internazionali nelle Filippine"},"content":{"rendered":"<p>Se state trasferendo la vostra abitazione o la vostra attivit\u00e0 all'interno, verso o da <a href=\"https:\/\/moverdb.com\/it\/moving-to-the-philippines\/\" data-internallinksmanager029f6b8e52c=\"376\" title=\"Trasferirsi nelle Filippine? 2026 Costi di vita e consigli per il trasferimento\">Filippine<\/a>Forse state cercando un po' di sostegno per alleggerire il carico. <a href=\"https:\/\/moverdb.com\/it\/moving-companies\/\" data-internallinksmanager029f6b8e52c=\"79\" title=\"Le 25 migliori aziende di traslochi internazionali online\">Imprese di traslochi<\/a> possono fornire assistenza per l'imballaggio, l'organizzazione del trasporto e il supporto per la documentazione. Qui di seguito abbiamo compilato un elenco di agenzie di viaggio con sede nelle Filippine. <a href=\"https:\/\/moverdb.com\/it\/international-removals\/\" data-internallinksmanager029f6b8e52c=\"27\" title=\"36 Migliori aziende di traslochi internazionali del Regno Unito\">aziende di trasloco<\/a> che sono membri dell'associazione <a href=\"https:\/\/moverdb.com\/it\/iam\/\" data-internallinksmanager029f6b8e52c=\"23\" title=\"Spiegazione dell&#039;Associazione Internazionale dei Traslocatori (IAM)\">Associazione internazionale dei traslocatori<\/a> (IAM) e\/o <a href=\"https:\/\/moverdb.com\/it\/fidi-faim\/\" data-internallinksmanager029f6b8e52c=\"16\" title=\"FIDI e FAIM (FIDI Accredited International Mover) spiegati\">FIDI<\/a> Traslocatore internazionale accreditato (FAIM) che pu\u00f2 aiutarvi con il vostro trasloco.<\/p>\n<div id=\"ez-toc-container\" class=\"ez-toc-v2_0_82_2 ez-toc-wrap-left counter-hierarchy ez-toc-counter ez-toc-transparent ez-toc-container-direction\">\n<div class=\"ez-toc-title-container\">\n<p class=\"ez-toc-title\" style=\"cursor:inherit\">Sezioni<\/p>\n<span class=\"ez-toc-title-toggle\"><a href=\"#\" class=\"ez-toc-pull-right ez-toc-btn ez-toc-btn-xs ez-toc-btn-default ez-toc-toggle\" aria-label=\"Allinea la tabella dei contenuti\"><span class=\"ez-toc-js-icon-con\"><span class=\"\"><span class=\"eztoc-hide\" style=\"display:none;\">Toggle<\/span><span class=\"ez-toc-icon-toggle-span\"><svg style=\"fill: #999;color:#999\" xmlns=\"http:\/\/www.w3.org\/2000\/svg\" class=\"list-377408\" width=\"20px\" height=\"20px\" viewbox=\"0 0 24 24\" fill=\"none\"><path d=\"M6 6H4v2h2V6zm14 0H8v2h12V6zM4 11h2v2H4v-2zm16 0H8v2h12v-2zM4 16h2v2H4v-2zm16 0H8v2h12v-2z\" fill=\"currentColor\"><\/path><\/svg><svg style=\"fill: #999;color:#999\" class=\"arrow-unsorted-368013\" xmlns=\"http:\/\/www.w3.org\/2000\/svg\" width=\"10px\" height=\"10px\" viewbox=\"0 0 24 24\" version=\"1.2\" baseprofile=\"tiny\"><path d=\"M18.2 9.3l-6.2-6.3-6.2 6.3c-.2.2-.3.4-.3.7s.1.5.3.7c.2.2.4.3.7.3h11c.3 0 .5-.1.7-.3.2-.2.3-.5.3-.7s-.1-.5-.3-.7zM5.8 14.7l6.2 6.3 6.2-6.3c.2-.2.3-.5.3-.7s-.1-.5-.3-.7c-.2-.2-.4-.3-.7-.3h-11c-.3 0-.5.1-.7.3-.2.2-.3.5-.3.7s.1.5.3.7z\"\/><\/svg><\/span><\/span><\/span><\/a><\/span><\/div>\n<nav><ul class='ez-toc-list ez-toc-list-level-1 eztoc-toggle-hide-by-default' ><li class='ez-toc-page-1 ez-toc-heading-level-2'><a class=\"ez-toc-link ez-toc-heading-1\" href=\"https:\/\/moverdb.com\/it\/moving-companies\/moving-companies-philippines\/#1_Asia_Relocation\" >1. Trasferimento in Asia<\/a><\/li><li class='ez-toc-page-1 ez-toc-heading-level-2'><a class=\"ez-toc-link ez-toc-heading-2\" href=\"https:\/\/moverdb.com\/it\/moving-companies\/moving-companies-philippines\/#2_Consolidated_Strategies_Solutions\" >2. Strategie e soluzioni consolidate<\/a><\/li><li class='ez-toc-page-1 ez-toc-heading-level-2'><a class=\"ez-toc-link ez-toc-heading-3\" href=\"https:\/\/moverdb.com\/it\/moving-companies\/moving-companies-philippines\/#3_Dads_Moving_Storage\" >3. Traslochi e magazzini di pap\u00e0<\/a><\/li><li class='ez-toc-page-1 ez-toc-heading-level-2'><a class=\"ez-toc-link ez-toc-heading-4\" href=\"https:\/\/moverdb.com\/it\/moving-companies\/moving-companies-philippines\/#4_Global_Logistics_Services\" >4. Servizi logistici globali<\/a><\/li><li class='ez-toc-page-1 ez-toc-heading-level-2'><a class=\"ez-toc-link ez-toc-heading-5\" href=\"https:\/\/moverdb.com\/it\/moving-companies\/moving-companies-philippines\/#5_Goetz_Moving_Storage\" >5. Goetz Moving &amp; Storage<\/a><\/li><li class='ez-toc-page-1 ez-toc-heading-level-2'><a class=\"ez-toc-link ez-toc-heading-6\" href=\"https:\/\/moverdb.com\/it\/moving-companies\/moving-companies-philippines\/#6_Melcon_Worldwide_Logistics\" >6. Melcon Logistica mondiale<\/a><\/li><li class='ez-toc-page-1 ez-toc-heading-level-2'><a class=\"ez-toc-link ez-toc-heading-7\" href=\"https:\/\/moverdb.com\/it\/moving-companies\/moving-companies-philippines\/#7_Santa_Fe_Relocation\" >7. Trasferimento di Santa Fe<\/a><\/li><li class='ez-toc-page-1 ez-toc-heading-level-2'><a class=\"ez-toc-link ez-toc-heading-8\" href=\"https:\/\/moverdb.com\/it\/moving-companies\/moving-companies-philippines\/#Other_Useful_Guides_to_the_Philippines\" >Altre guide utili sulle Filippine<\/a><\/li><\/ul><\/nav><\/div>\n<h2><span class=\"ez-toc-section\" id=\"1_Asia_Relocation\"><\/span><strong>1. Trasferimento in Asia<\/strong><span class=\"ez-toc-section-end\"><\/span><\/h2>\n<p><img loading=\"lazy\" decoding=\"async\" class=\"alignnone size-full wp-image-8759\" src=\"https:\/\/moverdb.com\/wp-content\/uploads\/Asia-Relocation-international-moving-company.png\" alt=\"Asia Relocation societ\u00e0 di traslochi internazionali\" width=\"1440\" height=\"677\" data-wp-pid=\"8759\" srcset=\"https:\/\/moverdb.com\/wp-content\/uploads\/Asia-Relocation-international-moving-company.png 1440w, https:\/\/moverdb.com\/wp-content\/uploads\/Asia-Relocation-international-moving-company-300x141.png 300w, https:\/\/moverdb.com\/wp-content\/uploads\/Asia-Relocation-international-moving-company-1024x481.png 1024w, https:\/\/moverdb.com\/wp-content\/uploads\/Asia-Relocation-international-moving-company-18x8.png 18w, https:\/\/moverdb.com\/wp-content\/uploads\/Asia-Relocation-international-moving-company-600x282.png 600w\" sizes=\"auto, (max-width: 1440px) 100vw, 1440px\" \/><\/p>\n<ul>\n<li>Spostamenti locali<\/li>\n<li>Spostamenti internazionali<\/li>\n<li>Traslochi domestici<\/li>\n<li>Trasferimento di uffici<\/li>\n<li>Servizio di imballaggio<\/li>\n<li>Organizzazione del trasporto<\/li>\n<li>Visti e immigrazione<\/li>\n<li>Trasporto di veicoli e animali domestici<\/li>\n<li>Assicurazione<\/li>\n<li>Stoccaggio a breve e lungo termine<\/li>\n<\/ul>\n<p>Asia Relocation offre soluzioni di trasloco internazionale gestite e ha sede a Makati City. Collabora con fornitori e agenti che soddisfano i suoi standard di qualit\u00e0 per assisterla nella fornitura di servizi internazionali. \u00c8 membro di IAM con 12 anni di servizio.<\/p>\n<p>Asia Relocation offre una serie di servizi di trasloco e trasferimento che includono traslochi nazionali e internazionali, servizi di visto e immigrazione, <a href=\"https:\/\/moverdb.com\/it\/car-transport-shipping\/\" data-internallinksmanager029f6b8e52c=\"2\" title=\"2026 Preventivi per il trasporto internazionale di auto e veicoli\">spedizione di veicoli<\/a>, trasloco di animali domestici e opzioni di stoccaggio. Forniscono un piano di trasloco personalizzato, un servizio di imballaggio completo e l'organizzazione del trasporto. Offrono servizi di trasloco che comprendono la ricerca di una casa e di una scuola, la sistemazione temporanea, l'orientamento e il leasing di veicoli.<\/p>\n<p>Sito web: <a href=\"https:\/\/asia-relocation.com\/\" target=\"_blank\" rel=\"noopener\">https:\/\/asia-relocation.com\/<\/a><\/p>\n<h2><span class=\"ez-toc-section\" id=\"2_Consolidated_Strategies_Solutions\"><\/span><strong>2. Strategie e soluzioni consolidate<\/strong><span class=\"ez-toc-section-end\"><\/span><\/h2>\n<p><img loading=\"lazy\" decoding=\"async\" class=\"alignnone size-full wp-image-8778\" src=\"https:\/\/moverdb.com\/wp-content\/uploads\/Consolidated-Strategies-Solutions-international-moving-company.png\" alt=\"Consolidated Strategies &amp; Solutions societ\u00e0 di traslochi internazionali\" width=\"1440\" height=\"679\" data-wp-pid=\"8778\" srcset=\"https:\/\/moverdb.com\/wp-content\/uploads\/Consolidated-Strategies-Solutions-international-moving-company.png 1440w, https:\/\/moverdb.com\/wp-content\/uploads\/Consolidated-Strategies-Solutions-international-moving-company-300x141.png 300w, https:\/\/moverdb.com\/wp-content\/uploads\/Consolidated-Strategies-Solutions-international-moving-company-1024x483.png 1024w, https:\/\/moverdb.com\/wp-content\/uploads\/Consolidated-Strategies-Solutions-international-moving-company-18x8.png 18w, https:\/\/moverdb.com\/wp-content\/uploads\/Consolidated-Strategies-Solutions-international-moving-company-600x283.png 600w\" sizes=\"auto, (max-width: 1440px) 100vw, 1440px\" \/><\/p>\n<ul>\n<li>Spostamenti locali<\/li>\n<li>Spostamenti internazionali<\/li>\n<li>Traslochi domestici<\/li>\n<li>Servizi di trasferimento<\/li>\n<li>Consulenze disponibili<\/li>\n<li>Servizio personalizzato<\/li>\n<li>Servizio di imballaggio<\/li>\n<li>Scatole sigillate in modo sicuro<\/li>\n<li>Organizzazione del trasporto<\/li>\n<li>Strutture di stoccaggio sicure<\/li>\n<\/ul>\n<p>Consolidated Strategies &amp; Solutions \u00e8 un'azienda di traslochi internazionali con oltre 15 anni di esperienza e sede a Quezon City. \u00c8 membro della IAM, che le d\u00e0 accesso a una rete internazionale di agenti di trasloco che la supportano nei servizi in tutto il mondo.<\/p>\n<p>Consolidated Strategies &amp; Solutions offre traslochi locali e nazionali nelle Filippine e traslochi internazionali da e verso le Filippine. Fornisce servizi di imballaggio per proteggere i vostri beni durante il trasporto e lo stoccaggio. Offrono strutture di stoccaggio sicure in cui le scatole possono essere sigillate a casa vostra e poi trasportate nelle loro strutture di stoccaggio.<\/p>\n<p>Sito web: <a href=\"http:\/\/www.csandsolutions.com\" target=\"_blank\" rel=\"noopener\">http:\/\/www.csandsolutions.com<\/a><\/p>\n<h2><span class=\"ez-toc-section\" id=\"3_Dads_Moving_Storage\"><\/span><strong>3. Traslochi e magazzini di pap\u00e0<\/strong><span class=\"ez-toc-section-end\"><\/span><\/h2>\n<p><img loading=\"lazy\" decoding=\"async\" class=\"alignnone size-full wp-image-8782\" src=\"https:\/\/moverdb.com\/wp-content\/uploads\/Dads-Moving-Storage-international-moving-company.png\" alt=\"\" width=\"1440\" height=\"683\" data-wp-pid=\"8782\" srcset=\"https:\/\/moverdb.com\/wp-content\/uploads\/Dads-Moving-Storage-international-moving-company.png 1440w, https:\/\/moverdb.com\/wp-content\/uploads\/Dads-Moving-Storage-international-moving-company-300x142.png 300w, https:\/\/moverdb.com\/wp-content\/uploads\/Dads-Moving-Storage-international-moving-company-1024x486.png 1024w, https:\/\/moverdb.com\/wp-content\/uploads\/Dads-Moving-Storage-international-moving-company-18x9.png 18w, https:\/\/moverdb.com\/wp-content\/uploads\/Dads-Moving-Storage-international-moving-company-600x285.png 600w\" sizes=\"auto, (max-width: 1440px) 100vw, 1440px\" \/><\/p>\n<ul>\n<li>Movimenti nazionali<\/li>\n<li>Spostamenti internazionali<\/li>\n<li>Traslochi domestici<\/li>\n<li>Spostamenti dell'organizzazione<\/li>\n<li>Prezzi tutto compreso<\/li>\n<li>Servizio di imballaggio<\/li>\n<li>Materiali ecocompatibili<\/li>\n<li>Organizzazione del trasporto<\/li>\n<li>Consulenza e orientamento<\/li>\n<li>Strutture di stoccaggio<\/li>\n<\/ul>\n<p>Dad's Moving &amp; Storage \u00e8 un'azienda di traslochi e magazzini creata da alcuni veterani del settore con sede a Muntinlupa City. Collabora con agenti di trasloco in tutto il mondo, in 196 paesi, per fornire i propri servizi anche al di fuori delle Filippine. \u00c8 membro della IAM con sei anni di servizio.<\/p>\n<p>Dad's Moving &amp; Storage offre servizi di trasloco all'interno delle Filippine, da e verso di esse, per famiglie e dipendenti di organizzazioni che si trasferiscono. Vi supporteranno e vi guideranno durante il trasloco e vi assisteranno nell'imballaggio dei vostri beni in modo sicuro, utilizzando i materiali e i cartoni pi\u00f9 appropriati per proteggerli.<\/p>\n<p>Sito web: <a href=\"http:\/\/dadsmoving.com\" target=\"_blank\" rel=\"noopener\">http:\/\/dadsmoving.com<\/a><\/p>\n<h2><span class=\"ez-toc-section\" id=\"4_Global_Logistics_Services\"><\/span><strong>4. Servizi logistici globali<\/strong><span class=\"ez-toc-section-end\"><\/span><\/h2>\n<p><img loading=\"lazy\" decoding=\"async\" class=\"alignnone size-full wp-image-8805\" src=\"https:\/\/moverdb.com\/wp-content\/uploads\/Global-Logistics-Services-international-moving-company.png\" alt=\"Global Logistics Services societ\u00e0 di traslochi internazionali\" width=\"1440\" height=\"680\" data-wp-pid=\"8805\" srcset=\"https:\/\/moverdb.com\/wp-content\/uploads\/Global-Logistics-Services-international-moving-company.png 1440w, https:\/\/moverdb.com\/wp-content\/uploads\/Global-Logistics-Services-international-moving-company-300x142.png 300w, https:\/\/moverdb.com\/wp-content\/uploads\/Global-Logistics-Services-international-moving-company-1024x484.png 1024w, https:\/\/moverdb.com\/wp-content\/uploads\/Global-Logistics-Services-international-moving-company-18x9.png 18w, https:\/\/moverdb.com\/wp-content\/uploads\/Global-Logistics-Services-international-moving-company-600x283.png 600w\" sizes=\"auto, (max-width: 1440px) 100vw, 1440px\" \/><\/p>\n<ul>\n<li>Movimenti nazionali<\/li>\n<li>Trasferimenti internazionali<\/li>\n<li>Trasferimenti residenziali<\/li>\n<li>Traslochi d'ufficio<\/li>\n<li>Servizio di imballaggio<\/li>\n<li>Organizzazione del trasporto<\/li>\n<li>Tracciamento della spedizione<\/li>\n<li>Trasporto di veicoli<\/li>\n<li>Trasferimento di animali domestici<\/li>\n<li>Servizi di stoccaggio<\/li>\n<\/ul>\n<p>Global Logistics Services \u00e8 un'azienda di traslochi e trasferimenti internazionali fondata nel 2013 e con sede a Paranaque e uffici anche a <a href=\"https:\/\/moverdb.com\/it\/moving-to-the-united-states\/moving-to-new-york\/\" data-internallinksmanager029f6b8e52c=\"332\" title=\"Trasferirsi a New York (Stato)? 2026 Costi di vita e consigli per il trasferimento\">New York<\/a> e le Isole Marshall. Dispone di un'ampia rete globale di partner che la assistono nella fornitura di servizi internazionali. \u00c8 membro dell'IAM con 16 anni di servizio.<\/p>\n<p>Global Logistics Services offre una soluzione unica per il trasloco, che si tratti di casa o ufficio. Fornisce un servizio di imballaggio con scatole resistenti per proteggere i vostri beni e organizza un trasporto sicuro fino a destinazione. Offrono servizi specializzati per il trasloco di pianoforti, automobili e animali domestici.<\/p>\n<p>Sito web: <a href=\"http:\/\/www.a1global-logistics.com\" target=\"_blank\" rel=\"noopener\">http:\/\/www.a1global-logistics.com<\/a><\/p>\n<h2><span class=\"ez-toc-section\" id=\"5_Goetz_Moving_Storage\"><\/span><strong>5. Goetz Moving &amp; Storage<\/strong><span class=\"ez-toc-section-end\"><\/span><\/h2>\n<p><img loading=\"lazy\" decoding=\"async\" class=\"alignnone size-full wp-image-8809\" src=\"https:\/\/moverdb.com\/wp-content\/uploads\/Goetz-Moving-Storage-international-moving-company.png\" alt=\"Goetz Moving &amp; Storage societ\u00e0 di traslochi internazionali\" width=\"1440\" height=\"680\" data-wp-pid=\"8809\" srcset=\"https:\/\/moverdb.com\/wp-content\/uploads\/Goetz-Moving-Storage-international-moving-company.png 1440w, https:\/\/moverdb.com\/wp-content\/uploads\/Goetz-Moving-Storage-international-moving-company-300x142.png 300w, https:\/\/moverdb.com\/wp-content\/uploads\/Goetz-Moving-Storage-international-moving-company-1024x484.png 1024w, https:\/\/moverdb.com\/wp-content\/uploads\/Goetz-Moving-Storage-international-moving-company-18x9.png 18w, https:\/\/moverdb.com\/wp-content\/uploads\/Goetz-Moving-Storage-international-moving-company-600x283.png 600w\" sizes=\"auto, (max-width: 1440px) 100vw, 1440px\" \/><\/p>\n<ul>\n<li>Spostamenti locali<\/li>\n<li>Spostamenti internazionali<\/li>\n<li>Spostamenti residenziali<\/li>\n<li>Traslochi d'ufficio<\/li>\n<li>Servizio porta a porta<\/li>\n<li>Trasporto aereo e marittimo<\/li>\n<li>Sdoganamento<\/li>\n<li>Servizi di visto e immigrazione<\/li>\n<li>Assicurazione<\/li>\n<li>Strutture di stoccaggio<\/li>\n<\/ul>\n<p>Goetz Moving &amp; Storage offre servizi di trasloco internazionale porta a porta, \u00e8 stata fondata nel 1984 e ha sede a Paranaque. Dispone di una rete di agenti di trasloco locali e internazionali in localit\u00e0 strategiche in tutto il mondo. \u00c8 membro della IAM con 39 anni di servizio.<\/p>\n<p>Goetz Moving &amp; Storage offre servizi di trasloco e trasferimento porta a porta che comprendono l'organizzazione del trasporto, lo sdoganamento e la copertura assicurativa. Offre servizi di trasferimento che comprendono l'orientamento della zona, la ricerca della casa e della scuola, i servizi di ambientamento, i servizi di partenza, la formazione culturale e l'assistenza per i visti e l'immigrazione.<\/p>\n<p>Sito web: <a href=\"http:\/\/www.goetzmoving.com\" target=\"_blank\" rel=\"noopener\">http:\/\/www.goetzmoving.com<\/a><\/p>\n<h2><span class=\"ez-toc-section\" id=\"6_Melcon_Worldwide_Logistics\"><\/span><strong>6. Melcon Logistica mondiale<\/strong><span class=\"ez-toc-section-end\"><\/span><\/h2>\n<p><img loading=\"lazy\" decoding=\"async\" class=\"alignnone size-full wp-image-8824\" src=\"https:\/\/moverdb.com\/wp-content\/uploads\/Melcon-Worldwide-Logistics-international-moving-company.png\" alt=\"Melcon Worldwide Logistics societ\u00e0 di traslochi internazionali\" width=\"1440\" height=\"678\" data-wp-pid=\"8824\" srcset=\"https:\/\/moverdb.com\/wp-content\/uploads\/Melcon-Worldwide-Logistics-international-moving-company.png 1440w, https:\/\/moverdb.com\/wp-content\/uploads\/Melcon-Worldwide-Logistics-international-moving-company-300x141.png 300w, https:\/\/moverdb.com\/wp-content\/uploads\/Melcon-Worldwide-Logistics-international-moving-company-1024x482.png 1024w, https:\/\/moverdb.com\/wp-content\/uploads\/Melcon-Worldwide-Logistics-international-moving-company-18x8.png 18w, https:\/\/moverdb.com\/wp-content\/uploads\/Melcon-Worldwide-Logistics-international-moving-company-600x283.png 600w\" sizes=\"auto, (max-width: 1440px) 100vw, 1440px\" \/><\/p>\n<ul>\n<li>Spostamenti locali<\/li>\n<li>Spostamenti internazionali<\/li>\n<li>Spostamenti residenziali<\/li>\n<li>Traslochi di uffici e stabilimenti<\/li>\n<li>Servizio porta a porta<\/li>\n<li>Trasporto aereo e marittimo<\/li>\n<li>Servizi di intermediazione<\/li>\n<li>Trasporto di animali domestici<\/li>\n<li>Assicurazione sul transito<\/li>\n<li>Strutture di stoccaggio<\/li>\n<\/ul>\n<p>Melcon Worldwide Logistics \u00e8 una societ\u00e0 di logistica che offre servizi di spedizione, distribuzione e stoccaggio. Ha uffici a Taguig City e Davao City. \u00c8 membro di IAM con 20 anni di servizio e ha accesso a una rete internazionale di agenti di trasloco che la supportano.<\/p>\n<p>Melcon Worldwide Logistics offre servizi logistici personalizzati che includono un servizio di trasloco porta a porta e trasferimenti locali. Proteggono i vostri effetti personali e organizzano il trasporto per via aerea o marittima con assicurazione di transito. Offre un servizio di trasloco di animali domestici per aiutarvi a portare con voi i vostri animali. Offrono anche opzioni di stoccaggio con controllo dell'umidit\u00e0 e conservazione a freddo.<\/p>\n<p>Sito web: <a href=\"http:\/\/www.melconlogistics.com\" target=\"_blank\" rel=\"noopener\">http:\/\/www.melconlogistics.com<\/a><\/p>\n<h2><span class=\"ez-toc-section\" id=\"7_Santa_Fe_Relocation\"><\/span><strong>7. Trasferimento di Santa Fe<\/strong><span class=\"ez-toc-section-end\"><\/span><\/h2>\n<p><img loading=\"lazy\" decoding=\"async\" class=\"alignnone size-full wp-image-8850\" src=\"https:\/\/moverdb.com\/wp-content\/uploads\/Santa-Fe-Relocation-Philippines-international-moving-company.png\" alt=\"Santa Fe Relocation Filippine societ\u00e0 di traslochi internazionali\" width=\"1440\" height=\"676\" data-wp-pid=\"8850\" srcset=\"https:\/\/moverdb.com\/wp-content\/uploads\/Santa-Fe-Relocation-Philippines-international-moving-company.png 1440w, https:\/\/moverdb.com\/wp-content\/uploads\/Santa-Fe-Relocation-Philippines-international-moving-company-300x141.png 300w, https:\/\/moverdb.com\/wp-content\/uploads\/Santa-Fe-Relocation-Philippines-international-moving-company-1024x481.png 1024w, https:\/\/moverdb.com\/wp-content\/uploads\/Santa-Fe-Relocation-Philippines-international-moving-company-18x8.png 18w, https:\/\/moverdb.com\/wp-content\/uploads\/Santa-Fe-Relocation-Philippines-international-moving-company-600x282.png 600w\" sizes=\"auto, (max-width: 1440px) 100vw, 1440px\" \/><\/p>\n<ul>\n<li>Movimenti nazionali<\/li>\n<li>Spostamenti internazionali<\/li>\n<li>Spostamenti residenziali<\/li>\n<li>Consulenza pre-trasloco<\/li>\n<li>Servizio di imballaggio<\/li>\n<li>Trasporto via terra, aria e mare<\/li>\n<li>Sdoganamento<\/li>\n<li>Spedizione di veicoli<\/li>\n<li>Trasferimento di animali domestici<\/li>\n<li>Strutture di stoccaggio a breve e lungo termine<\/li>\n<\/ul>\n<p>Santa Fe Relocation \u00e8 un'azienda di traslochi internazionali con 96 uffici in 47 paesi e la sua filiale nelle Filippine ha sede a Calamba City. Da oltre 120 anni aiuta le persone a traslocare. \u00c8 membro della IAM ed \u00e8 accreditata dalla FIDI.<\/p>\n<p>Santa Fe Relocation mette a disposizione un consulente per il trasloco che vi assister\u00e0 nel trasloco. Organizzer\u00e0 l'imballaggio dei vostri effetti personali e il trasporto via terra, aria o mare con sdoganamento. Offre una serie di servizi aggiuntivi e di trasferimento, tra cui pulizia, noleggio a breve termine, spedizione di veicoli, trasferimento di animali domestici, visti e immigrazione, servizi di partenza, formazione culturale, orientamento e ricerca di case e scuole.<\/p>\n<p>Sito web: <a href=\"https:\/\/www.santaferelo.com\/en\/contact\/our-offices\/philippines-manila\/\" target=\"_blank\" rel=\"noopener\">https:\/\/www.santaferelo.com\/en\/contact\/our-offices\/philippines-manila\/<\/a><\/p>\n<h2><span class=\"ez-toc-section\" id=\"Other_Useful_Guides_to_the_Philippines\"><\/span>Altre guide utili sulle Filippine<span class=\"ez-toc-section-end\"><\/span><\/h2>\n<ul>\n<li> <a href=\"https:\/\/moverdb.com\/it\/container-shipping\/filippine\/\">2024 Tariffe di trasporto marittimo in container da e per le Filippine<\/a><\/li>\n<li> <a href=\"https:\/\/moverdb.com\/it\/moving-to-the-philippines\/\">Trasferirsi nelle Filippine? 2026 Costi di vita e consigli per il trasferimento<\/a><\/li>\n<li> <a href=\"https:\/\/moverdb.com\/it\/moving-to-the-philippines\/best-places-to-live-philippines\/\">I 12 migliori posti in cui vivere nelle Filippine<\/a><\/li>\n<li> <a href=\"https:\/\/moverdb.com\/it\/moving-to-the-philippines\/living-in-the-philippines\/\">21 segreti su come vivere nelle Filippine da conoscere prima di trasferirsi<\/a><\/li>\n<li> <a href=\"https:\/\/moverdb.com\/it\/moving-to-the-philippines\/philippines-from-us\/\">Trasferirsi nelle Filippine dagli Stati Uniti<\/a><\/li>\n<\/ul>","protected":false},"excerpt":{"rendered":"<p>If you are moving home or business within, to or from the Philippines, you may be looking for some support to help lighten the load. Moving companies can assist with packing, organising transportation and documentation support. Below we have compiled a list of Philippines based removal companies that are members of the International Association of [&hellip;]<\/p>\n","protected":false},"author":4,"featured_media":0,"parent":190,"menu_order":0,"comment_status":"closed","ping_status":"closed","template":"","meta":{"_genesis_hide_title":false,"_genesis_hide_breadcrumbs":false,"_genesis_hide_singular_image":false,"_genesis_hide_footer_widgets":false,"_genesis_custom_body_class":"","_genesis_custom_post_class":"","_genesis_layout":"","footnotes":""},"class_list":{"0":"post-8912","1":"page","2":"type-page","3":"status-publish","5":"entry","6":"has-post-thumbnail"},"_links":{"self":[{"href":"https:\/\/moverdb.com\/it\/wp-json\/wp\/v2\/pages\/8912","targetHints":{"allow":["GET"]}}],"collection":[{"href":"https:\/\/moverdb.com\/it\/wp-json\/wp\/v2\/pages"}],"about":[{"href":"https:\/\/moverdb.com\/it\/wp-json\/wp\/v2\/types\/page"}],"author":[{"embeddable":true,"href":"https:\/\/moverdb.com\/it\/wp-json\/wp\/v2\/users\/4"}],"replies":[{"embeddable":true,"href":"https:\/\/moverdb.com\/it\/wp-json\/wp\/v2\/comments?post=8912"}],"version-history":[{"count":4,"href":"https:\/\/moverdb.com\/it\/wp-json\/wp\/v2\/pages\/8912\/revisions"}],"predecessor-version":[{"id":16985,"href":"https:\/\/moverdb.com\/it\/wp-json\/wp\/v2\/pages\/8912\/revisions\/16985"}],"up":[{"embeddable":true,"href":"https:\/\/moverdb.com\/it\/wp-json\/wp\/v2\/pages\/190"}],"wp:attachment":[{"href":"https:\/\/moverdb.com\/it\/wp-json\/wp\/v2\/media?parent=8912"}],"curies":[{"name":"wp","href":"https:\/\/api.w.org\/{rel}","templated":true}]}}