{"id":8910,"date":"2023-04-27T14:29:00","date_gmt":"2023-04-27T14:29:00","guid":{"rendered":"https:\/\/moverdb.com\/?page_id=8910"},"modified":"2026-01-08T15:29:43","modified_gmt":"2026-01-08T15:29:43","slug":"moving-companies-peru","status":"publish","type":"page","link":"https:\/\/moverdb.com\/it\/moving-companies\/moving-companies-peru\/","title":{"rendered":"9 Migliori imprese di traslochi internazionali in Per\u00f9"},"content":{"rendered":"<p>Il trasloco pu\u00f2 essere un momento frenetico, con tante cose da organizzare, soprattutto se si tratta di un trasferimento internazionale e di pratiche burocratiche da completare. \u00c8 qui che un <a href=\"https:\/\/moverdb.com\/it\/moving-companies\/\" data-internallinksmanager029f6b8e52c=\"79\" title=\"Le 25 migliori aziende di traslochi internazionali online\">azienda di traslochi<\/a> possono aiutarvi a rendere pi\u00f9 facile il trasferimento. Qui di seguito abbiamo compilato un elenco di <a href=\"https:\/\/moverdb.com\/it\/international-removals\/\" data-internallinksmanager029f6b8e52c=\"27\" title=\"36 Migliori aziende di traslochi internazionali del Regno Unito\">aziende di trasloco<\/a> che sono membri dell'associazione <a href=\"https:\/\/moverdb.com\/it\/iam\/\" data-internallinksmanager029f6b8e52c=\"23\" title=\"Spiegazione dell&#039;Associazione Internazionale dei Traslocatori (IAM)\">Associazione internazionale dei traslocatori<\/a> (IAM) e\/o <a href=\"https:\/\/moverdb.com\/it\/fidi-faim\/\" data-internallinksmanager029f6b8e52c=\"16\" title=\"FIDI e FAIM (FIDI Accredited International Mover) spiegati\">FIDI<\/a> Traslocatore internazionale accreditato (FAIM) che pu\u00f2 aiutarvi con il vostro trasloco.<\/p>\n<div id=\"ez-toc-container\" class=\"ez-toc-v2_0_82_2 ez-toc-wrap-left counter-hierarchy ez-toc-counter ez-toc-transparent ez-toc-container-direction\">\n<div class=\"ez-toc-title-container\">\n<p class=\"ez-toc-title\" style=\"cursor:inherit\">Sezioni<\/p>\n<span class=\"ez-toc-title-toggle\"><a href=\"#\" class=\"ez-toc-pull-right ez-toc-btn ez-toc-btn-xs ez-toc-btn-default ez-toc-toggle\" aria-label=\"Allinea la tabella dei contenuti\"><span class=\"ez-toc-js-icon-con\"><span class=\"\"><span class=\"eztoc-hide\" style=\"display:none;\">Toggle<\/span><span class=\"ez-toc-icon-toggle-span\"><svg style=\"fill: #999;color:#999\" xmlns=\"http:\/\/www.w3.org\/2000\/svg\" class=\"list-377408\" width=\"20px\" height=\"20px\" viewbox=\"0 0 24 24\" fill=\"none\"><path d=\"M6 6H4v2h2V6zm14 0H8v2h12V6zM4 11h2v2H4v-2zm16 0H8v2h12v-2zM4 16h2v2H4v-2zm16 0H8v2h12v-2z\" fill=\"currentColor\"><\/path><\/svg><svg style=\"fill: #999;color:#999\" class=\"arrow-unsorted-368013\" xmlns=\"http:\/\/www.w3.org\/2000\/svg\" width=\"10px\" height=\"10px\" viewbox=\"0 0 24 24\" version=\"1.2\" baseprofile=\"tiny\"><path d=\"M18.2 9.3l-6.2-6.3-6.2 6.3c-.2.2-.3.4-.3.7s.1.5.3.7c.2.2.4.3.7.3h11c.3 0 .5-.1.7-.3.2-.2.3-.5.3-.7s-.1-.5-.3-.7zM5.8 14.7l6.2 6.3 6.2-6.3c.2-.2.3-.5.3-.7s-.1-.5-.3-.7c-.2-.2-.4-.3-.7-.3h-11c-.3 0-.5.1-.7.3-.2.2-.3.5-.3.7s.1.5.3.7z\"\/><\/svg><\/span><\/span><\/span><\/a><\/span><\/div>\n<nav><ul class='ez-toc-list ez-toc-list-level-1 eztoc-toggle-hide-by-default' ><li class='ez-toc-page-1 ez-toc-heading-level-2'><a class=\"ez-toc-link ez-toc-heading-1\" href=\"https:\/\/moverdb.com\/it\/moving-companies\/moving-companies-peru\/#1_Atlas\" >1. Atlante<\/a><\/li><li class='ez-toc-page-1 ez-toc-heading-level-2'><a class=\"ez-toc-link ez-toc-heading-2\" href=\"https:\/\/moverdb.com\/it\/moving-companies\/moving-companies-peru\/#2_Class_International_Movers\" >2. Traslochi internazionali di classe<\/a><\/li><li class='ez-toc-page-1 ez-toc-heading-level-2'><a class=\"ez-toc-link ez-toc-heading-3\" href=\"https:\/\/moverdb.com\/it\/moving-companies\/moving-companies-peru\/#3_Door_to_Door_Transports\" >3. Trasporti porta a porta<\/a><\/li><li class='ez-toc-page-1 ez-toc-heading-level-2'><a class=\"ez-toc-link ez-toc-heading-4\" href=\"https:\/\/moverdb.com\/it\/moving-companies\/moving-companies-peru\/#4_Express_Transports\" >4. Trasporti espressi<\/a><\/li><li class='ez-toc-page-1 ez-toc-heading-level-2'><a class=\"ez-toc-link ez-toc-heading-5\" href=\"https:\/\/moverdb.com\/it\/moving-companies\/moving-companies-peru\/#5_Gil_International_Movers\" >5. Gil International Movers<\/a><\/li><li class='ez-toc-page-1 ez-toc-heading-level-2'><a class=\"ez-toc-link ez-toc-heading-6\" href=\"https:\/\/moverdb.com\/it\/moving-companies\/moving-companies-peru\/#6_Global_Moving\" >6. Spostamento globale<\/a><\/li><li class='ez-toc-page-1 ez-toc-heading-level-2'><a class=\"ez-toc-link ez-toc-heading-7\" href=\"https:\/\/moverdb.com\/it\/moving-companies\/moving-companies-peru\/#7_Moving_Systems\" >7. Sistemi di movimentazione<\/a><\/li><li class='ez-toc-page-1 ez-toc-heading-level-2'><a class=\"ez-toc-link ez-toc-heading-8\" href=\"https:\/\/moverdb.com\/it\/moving-companies\/moving-companies-peru\/#8_Security_International_Moving\" >8. Sicurezza Traslochi internazionali<\/a><\/li><li class='ez-toc-page-1 ez-toc-heading-level-2'><a class=\"ez-toc-link ez-toc-heading-9\" href=\"https:\/\/moverdb.com\/it\/moving-companies\/moving-companies-peru\/#9_World_Shipping_The_Movers\" >9. World Shipping The Movers<\/a><\/li><\/ul><\/nav><\/div>\n<h2><span class=\"ez-toc-section\" id=\"1_Atlas\"><\/span><strong>1. Atlante<\/strong><span class=\"ez-toc-section-end\"><\/span><\/h2>\n<p><img loading=\"lazy\" decoding=\"async\" class=\"alignnone size-full wp-image-8763\" src=\"https:\/\/moverdb.com\/wp-content\/uploads\/Atlas-international-moving-company-1.png\" alt=\"Azienda di traslochi internazionali Atlas\" width=\"1440\" height=\"683\" data-wp-pid=\"8763\" srcset=\"https:\/\/moverdb.com\/wp-content\/uploads\/Atlas-international-moving-company-1.png 1440w, https:\/\/moverdb.com\/wp-content\/uploads\/Atlas-international-moving-company-1-300x142.png 300w, https:\/\/moverdb.com\/wp-content\/uploads\/Atlas-international-moving-company-1-1024x486.png 1024w, https:\/\/moverdb.com\/wp-content\/uploads\/Atlas-international-moving-company-1-18x9.png 18w, https:\/\/moverdb.com\/wp-content\/uploads\/Atlas-international-moving-company-1-600x285.png 600w\" sizes=\"auto, (max-width: 1440px) 100vw, 1440px\" \/><\/p>\n<ul>\n<li>Traslochi locali e nazionali<\/li>\n<li>Traslochi internazionali<\/li>\n<li>Traslochi residenziali<\/li>\n<li>Traslochi aziendali<\/li>\n<li>Servizio porta a porta<\/li>\n<li>Servizio di imballaggio<\/li>\n<li>Sdoganamento<\/li>\n<li>Manipolazione delle opere d'arte<\/li>\n<li>Assicurazione<\/li>\n<li>Strutture di stoccaggio<\/li>\n<\/ul>\n<p>Atlas \u00e8 un'azienda di traslochi con sede a Chorrillos che vanta oltre 30 anni di esperienza e si rivolge a clienti residenziali e aziendali. Collabora con associazioni e societ\u00e0 di traslochi internazionali per fornire servizi internazionali con standard elevati ed \u00e8 membro della IAM con 34 anni di servizio.<\/p>\n<p>Atlas fornisce servizi di trasloco in tutto il Per\u00f9 e da e verso il Per\u00f9. Si occuper\u00e0 di organizzare il vostro trasloco, compreso il trasporto dei vostri beni e lo sdoganamento. Fornisce personale altamente qualificato e imballaggi specializzati per proteggere i vostri beni durante il trasporto. Dispone di camion specializzati in traslochi dotati di localizzazione satellitare GPS che consente di sapere dove si trovano i vostri beni.<\/p>\n<p>Sito web: <a href=\"http:\/\/www.atlasperucorp.com\" target=\"_blank\" rel=\"noopener\">http:\/\/www.atlasperucorp.com<\/a><\/p>\n<h2><span class=\"ez-toc-section\" id=\"2_Class_International_Movers\"><\/span><strong>2. Traslochi internazionali di classe<\/strong><span class=\"ez-toc-section-end\"><\/span><\/h2>\n<p><img loading=\"lazy\" decoding=\"async\" class=\"alignnone size-full wp-image-8774\" src=\"https:\/\/moverdb.com\/wp-content\/uploads\/Class-International-Movers-moving-company.png\" alt=\"Azienda di traslochi Class International Movers\" width=\"1440\" height=\"671\" data-wp-pid=\"8774\" srcset=\"https:\/\/moverdb.com\/wp-content\/uploads\/Class-International-Movers-moving-company.png 1440w, https:\/\/moverdb.com\/wp-content\/uploads\/Class-International-Movers-moving-company-300x140.png 300w, https:\/\/moverdb.com\/wp-content\/uploads\/Class-International-Movers-moving-company-1024x477.png 1024w, https:\/\/moverdb.com\/wp-content\/uploads\/Class-International-Movers-moving-company-18x8.png 18w, https:\/\/moverdb.com\/wp-content\/uploads\/Class-International-Movers-moving-company-600x280.png 600w\" sizes=\"auto, (max-width: 1440px) 100vw, 1440px\" \/><\/p>\n<ul>\n<li>Traslochi locali e nazionali<\/li>\n<li>Traslochi internazionali<\/li>\n<li>Traslochi di abitazioni<\/li>\n<li>Traslochi di uffici<\/li>\n<li>Servizi di trasferimento<\/li>\n<li>Servizio di imballaggio<\/li>\n<li>Procedure doganali<\/li>\n<li>Trasferimenti di opere d'arte<\/li>\n<li>Trasferimenti di animali domestici<\/li>\n<li>Strutture di stoccaggio<\/li>\n<\/ul>\n<p>Class International Movers \u00e8 una societ\u00e0 di traslochi e trasporti fondata nel 1996 con sede a Lima. Collabora con agenti selezionati in tutto il mondo per fornire i propri servizi a livello internazionale. \u00c8 membro della IAM con 27 anni di servizio ed \u00e8 accreditata dalla FIDI.<\/p>\n<p>Class International Movers offre servizi di trasloco e trasferimento a famiglie e uffici all'interno, da e verso il Per\u00f9. I loro servizi comprendono l'imballaggio sicuro dei vostri beni per il trasporto e, per i traslochi internazionali, l'assistenza per le procedure doganali. Offrono servizi aggiuntivi, tra cui il trasloco di opere d'arte e animali domestici, e servizi di deposito.<\/p>\n<p>Sito web: <a href=\"http:\/\/www.classmoving.com\" target=\"_blank\" rel=\"noopener\">http:\/\/www.classmoving.com<\/a><\/p>\n<h2><span class=\"ez-toc-section\" id=\"3_Door_to_Door_Transports\"><\/span><strong>3. Trasporti porta a porta<\/strong><span class=\"ez-toc-section-end\"><\/span><\/h2>\n<p><img loading=\"lazy\" decoding=\"async\" class=\"alignnone size-full wp-image-8790\" src=\"https:\/\/moverdb.com\/wp-content\/uploads\/Door-to-Door-Transports-international-moving-company.png\" alt=\"Azienda di traslochi internazionali Door to Door Transports\" width=\"1440\" height=\"681\" data-wp-pid=\"8790\" srcset=\"https:\/\/moverdb.com\/wp-content\/uploads\/Door-to-Door-Transports-international-moving-company.png 1440w, https:\/\/moverdb.com\/wp-content\/uploads\/Door-to-Door-Transports-international-moving-company-300x142.png 300w, https:\/\/moverdb.com\/wp-content\/uploads\/Door-to-Door-Transports-international-moving-company-1024x484.png 1024w, https:\/\/moverdb.com\/wp-content\/uploads\/Door-to-Door-Transports-international-moving-company-18x9.png 18w, https:\/\/moverdb.com\/wp-content\/uploads\/Door-to-Door-Transports-international-moving-company-600x284.png 600w\" sizes=\"auto, (max-width: 1440px) 100vw, 1440px\" \/><\/p>\n<ul>\n<li>Traslochi nazionali e locali<\/li>\n<li>Spostamenti internazionali<\/li>\n<li>Traslochi domestici<\/li>\n<li>Traslochi d'ufficio<\/li>\n<li>Servizi di trasferimento<\/li>\n<li>Servizio di imballaggio<\/li>\n<li>Trasferimenti di animali domestici<\/li>\n<li>Gestione delle opere d'arte<\/li>\n<li>Assicurazione<\/li>\n<li>Strutture di stoccaggio<\/li>\n<\/ul>\n<p>Door to Door Transports \u00e8 una societ\u00e0 di traslochi internazionali e soluzioni logistiche con sede a Callao. Dispone di un team di professionisti qualificati e di accordi strategici con agenti di tutto il mondo per la fornitura di servizi. \u00c8 membro di IAM con 25 anni di servizio.<\/p>\n<p>Door to Door Transports offre un servizio di trasloco porta a porta su misura per famiglie e uffici, con un piano logistico dettagliato per i traslochi di uffici. Fornisce un servizio di imballaggio che utilizza materiali innovativi per proteggere i vostri beni durante il trasferimento o lo stoccaggio. I loro servizi di trasloco comprendono la ricerca di una casa e di una scuola, l'allestimento della casa e l'orientamento.<\/p>\n<p>Sito web: <a href=\"http:\/\/www.doortodoor.com.pe\" target=\"_blank\" rel=\"noopener\">http:\/\/www.doortodoor.com.pe<\/a><\/p>\n<h2><span class=\"ez-toc-section\" id=\"4_Express_Transports\"><\/span><strong>4. Trasporti espressi<\/strong><span class=\"ez-toc-section-end\"><\/span><\/h2>\n<p><img loading=\"lazy\" decoding=\"async\" class=\"alignnone size-full wp-image-8794\" src=\"https:\/\/moverdb.com\/wp-content\/uploads\/Express-Transports-international-moving-company.png\" alt=\"Azienda di traslochi internazionali Express Transports\" width=\"1440\" height=\"683\" data-wp-pid=\"8794\" srcset=\"https:\/\/moverdb.com\/wp-content\/uploads\/Express-Transports-international-moving-company.png 1440w, https:\/\/moverdb.com\/wp-content\/uploads\/Express-Transports-international-moving-company-300x142.png 300w, https:\/\/moverdb.com\/wp-content\/uploads\/Express-Transports-international-moving-company-1024x486.png 1024w, https:\/\/moverdb.com\/wp-content\/uploads\/Express-Transports-international-moving-company-18x9.png 18w, https:\/\/moverdb.com\/wp-content\/uploads\/Express-Transports-international-moving-company-600x285.png 600w\" sizes=\"auto, (max-width: 1440px) 100vw, 1440px\" \/><\/p>\n<ul>\n<li>Traslochi locali e nazionali<\/li>\n<li>Traslochi internazionali<\/li>\n<li>Traslochi residenziali<\/li>\n<li>Traslochi di uffici<\/li>\n<li>Servizio di imballaggio<\/li>\n<li>Organizzazione del trasporto<\/li>\n<li>Sdoganamento<\/li>\n<li>Gestione delle opere d'arte<\/li>\n<li>Trasferimento di animali domestici<\/li>\n<li>Strutture di stoccaggio<\/li>\n<\/ul>\n<p>Express Transports \u00e8 un'azienda di traslochi del Per\u00f9 fondata nel 1975 con sede a Chorrillos. Dispone di una rete di agenti in tutto il mondo che la assistono nella fornitura di servizi internazionali. \u00c8 membro della IAM con 48 anni di servizio ed \u00e8 accreditata dalla FIDI.<\/p>\n<p>Express Transports offre un servizio di pianificazione del trasloco su misura per le vostre esigenze. Coordiner\u00e0 il vostro trasloco includendo l'imballaggio, la compilazione di un inventario, l'organizzazione del trasporto e lo sdoganamento. Il servizio di imballaggio comprende l'imballaggio sicuro dei vostri beni con materiali accuratamente selezionati, il disimballaggio all'arrivo e il controllo delle condizioni del contenuto.<\/p>\n<p>Sito web: <a href=\"http:\/\/www.express.com.pe\" target=\"_blank\" rel=\"noopener\">http:\/\/www.express.com.pe<\/a><\/p>\n<h2><span class=\"ez-toc-section\" id=\"5_Gil_International_Movers\"><\/span><strong>5. Gil International Movers<\/strong><span class=\"ez-toc-section-end\"><\/span><\/h2>\n<p><img loading=\"lazy\" decoding=\"async\" class=\"alignnone size-full wp-image-8803\" src=\"https:\/\/moverdb.com\/wp-content\/uploads\/Gil-International-Movers-international-moving-company.png\" alt=\"Gil International Movers societ\u00e0 di traslochi internazionali\" width=\"1440\" height=\"680\" data-wp-pid=\"8803\" srcset=\"https:\/\/moverdb.com\/wp-content\/uploads\/Gil-International-Movers-international-moving-company.png 1440w, https:\/\/moverdb.com\/wp-content\/uploads\/Gil-International-Movers-international-moving-company-300x142.png 300w, https:\/\/moverdb.com\/wp-content\/uploads\/Gil-International-Movers-international-moving-company-1024x484.png 1024w, https:\/\/moverdb.com\/wp-content\/uploads\/Gil-International-Movers-international-moving-company-18x9.png 18w, https:\/\/moverdb.com\/wp-content\/uploads\/Gil-International-Movers-international-moving-company-600x283.png 600w\" sizes=\"auto, (max-width: 1440px) 100vw, 1440px\" \/><\/p>\n<ul>\n<li>Traslochi locali e nazionali<\/li>\n<li>Traslochi internazionali<\/li>\n<li>Traslochi di abitazioni<\/li>\n<li>Traslochi di uffici<\/li>\n<li>Servizio porta a porta<\/li>\n<li>Servizio di imballaggio<\/li>\n<li>Organizzazione del trasporto<\/li>\n<li>Manipolazione delle opere d'arte<\/li>\n<li>Trasferimenti di animali e veicoli<\/li>\n<li>Strutture di stoccaggio a breve e lungo termine<\/li>\n<\/ul>\n<p>Gil International Movers \u00e8 un'azienda di traslochi e logistica fondata nel 2014 con sede a Lima. \u00c8 membro di IAM con nove anni di servizio, il che le d\u00e0 accesso a una rete internazionale di agenti di trasloco che possono supportare i suoi servizi.<\/p>\n<p>Gil International Movers offre un servizio porta a porta che comprende un servizio di imballaggio professionale da parte di personale qualificato che protegger\u00e0 i vostri beni secondo standard elevati, prestando particolare attenzione agli oggetti fragili. Offre una serie di servizi aggiuntivi che includono la gestione di opere d'arte, il trasferimento di animali domestici, il trasferimento di veicoli, il noleggio temporaneo di mobili e strutture di stoccaggio a breve e lungo termine.<\/p>\n<p>Sito web: <a href=\"http:\/\/www.gilmovers.com\" target=\"_blank\" rel=\"noopener\">http:\/\/www.gilmovers.com<\/a><\/p>\n<h2><span class=\"ez-toc-section\" id=\"6_Global_Moving\"><\/span><strong>6. Spostamento globale<\/strong><span class=\"ez-toc-section-end\"><\/span><\/h2>\n<p><img loading=\"lazy\" decoding=\"async\" class=\"alignnone size-full wp-image-8808\" src=\"https:\/\/moverdb.com\/wp-content\/uploads\/Global-Moving-international-moving-company-1.png\" alt=\"Global Moving azienda di traslochi internazionali\" width=\"1440\" height=\"681\" data-wp-pid=\"8808\" srcset=\"https:\/\/moverdb.com\/wp-content\/uploads\/Global-Moving-international-moving-company-1.png 1440w, https:\/\/moverdb.com\/wp-content\/uploads\/Global-Moving-international-moving-company-1-300x142.png 300w, https:\/\/moverdb.com\/wp-content\/uploads\/Global-Moving-international-moving-company-1-1024x484.png 1024w, https:\/\/moverdb.com\/wp-content\/uploads\/Global-Moving-international-moving-company-1-18x9.png 18w, https:\/\/moverdb.com\/wp-content\/uploads\/Global-Moving-international-moving-company-1-600x284.png 600w\" sizes=\"auto, (max-width: 1440px) 100vw, 1440px\" \/><\/p>\n<ul>\n<li>Traslochi nazionali e locali<\/li>\n<li>Spostamenti internazionali<\/li>\n<li>Spostamenti residenziali<\/li>\n<li>Traslochi di uffici<\/li>\n<li>Coordinatore internazionale<\/li>\n<li>Servizio di imballaggio<\/li>\n<li>Coordinamento dei trasporti<\/li>\n<li>Procedure doganali<\/li>\n<li>Assicurazione<\/li>\n<li>Strutture di stoccaggio<\/li>\n<\/ul>\n<p>Global Moving \u00e8 un'azienda di traslochi internazionali con sede a Lima. Dispone di personale qualificato e di infrastrutture per effettuare traslochi internazionali, avendo una rete di agenti in tutto il mondo. \u00c8 membro di IAM con sette anni di servizio.<\/p>\n<p>Global Moving offre servizi di trasloco a clienti residenziali e uffici a livello nazionale e internazionale. Fornisce un servizio di imballaggio che utilizza materiali accuratamente selezionati e prepara una lista di imballaggio e un inventario. Eseguono le procedure doganali e lo sdoganamento necessari. All'arrivo, disimballano e posizionano i mobili.<\/p>\n<p>Sito web: <a href=\"http:\/\/www.globalperumoving.com\" target=\"_blank\" rel=\"noopener\">http:\/\/www.globalperumoving.com<\/a><\/p>\n<h2><span class=\"ez-toc-section\" id=\"7_Moving_Systems\"><\/span><strong>7. Sistemi di movimentazione<\/strong><span class=\"ez-toc-section-end\"><\/span><\/h2>\n<p><img loading=\"lazy\" decoding=\"async\" class=\"alignnone size-full wp-image-8830\" src=\"https:\/\/moverdb.com\/wp-content\/uploads\/Moving-Systems-international-moving-company.png\" alt=\"Sistemi di trasloco societ\u00e0 di traslochi internazionali\" width=\"1440\" height=\"680\" data-wp-pid=\"8830\" srcset=\"https:\/\/moverdb.com\/wp-content\/uploads\/Moving-Systems-international-moving-company.png 1440w, https:\/\/moverdb.com\/wp-content\/uploads\/Moving-Systems-international-moving-company-300x142.png 300w, https:\/\/moverdb.com\/wp-content\/uploads\/Moving-Systems-international-moving-company-1024x484.png 1024w, https:\/\/moverdb.com\/wp-content\/uploads\/Moving-Systems-international-moving-company-18x9.png 18w, https:\/\/moverdb.com\/wp-content\/uploads\/Moving-Systems-international-moving-company-600x283.png 600w\" sizes=\"auto, (max-width: 1440px) 100vw, 1440px\" \/><\/p>\n<ul>\n<li>Traslochi locali e nazionali<\/li>\n<li>Traslochi internazionali<\/li>\n<li>Traslochi di abitazioni<\/li>\n<li>Traslochi di uffici<\/li>\n<li>Servizio di imballaggio<\/li>\n<li>Pianificazione dei trasporti<\/li>\n<li>Supporto doganale<\/li>\n<li>Trasferimenti di veicoli<\/li>\n<li>Trasporto di animali domestici<\/li>\n<li>Strutture di stoccaggio<\/li>\n<\/ul>\n<p>Moving Systems fornisce servizi di trasloco, imballaggio e deposito all'interno del Per\u00f9, da e per il Per\u00f9. Ha oltre 20 anni di esperienza e ha sede a Lima. \u00c8 membro della IAM, che le consente di accedere a una rete internazionale di agenti di trasloco che la assiste nella fornitura dei suoi servizi in tutto il mondo.<\/p>\n<p>Moving Systems offre traslochi locali, nazionali e internazionali per abitazioni e uffici. Pianificheranno attentamente il vostro trasloco, selezionando il percorso migliore e le condizioni ottimali per il trasporto dei vostri beni. Vi assisteranno nel disbrigo delle pratiche doganali e vi garantiranno un arrivo sicuro dei vostri beni.<\/p>\n<p>Sito web: <a href=\"http:\/\/www.movisystems.com\" target=\"_blank\" rel=\"noopener\">http:\/\/www.movisystems.com<\/a><\/p>\n<h2><span class=\"ez-toc-section\" id=\"8_Security_International_Moving\"><\/span><strong>8. Sicurezza Traslochi internazionali<\/strong><span class=\"ez-toc-section-end\"><\/span><\/h2>\n<p><img loading=\"lazy\" decoding=\"async\" class=\"alignnone size-full wp-image-8854\" src=\"https:\/\/moverdb.com\/wp-content\/uploads\/Security-International-Moving-company.png\" alt=\"Societ\u00e0 di traslochi internazionali di sicurezza\" width=\"1440\" height=\"685\" data-wp-pid=\"8854\" srcset=\"https:\/\/moverdb.com\/wp-content\/uploads\/Security-International-Moving-company.png 1440w, https:\/\/moverdb.com\/wp-content\/uploads\/Security-International-Moving-company-300x143.png 300w, https:\/\/moverdb.com\/wp-content\/uploads\/Security-International-Moving-company-1024x487.png 1024w, https:\/\/moverdb.com\/wp-content\/uploads\/Security-International-Moving-company-18x9.png 18w, https:\/\/moverdb.com\/wp-content\/uploads\/Security-International-Moving-company-600x285.png 600w\" sizes=\"auto, (max-width: 1440px) 100vw, 1440px\" \/><\/p>\n<ul>\n<li>Movimenti nazionali<\/li>\n<li>Spostamenti internazionali<\/li>\n<li>Traslochi domestici<\/li>\n<li>Movimenti aziendali<\/li>\n<li>Servizi di trasferimento<\/li>\n<li>Organizzazione del trasporto<\/li>\n<li>Supporto con la documentazione<\/li>\n<li>Manipolazione di arte e antiquariato<\/li>\n<li>Trasferimenti di animali domestici<\/li>\n<li>Strutture di stoccaggio sicure<\/li>\n<\/ul>\n<p>Security International Moving \u00e8 un fornitore di servizi di trasloco nazionali e internazionali fondato a Lima nel 1969. Lavora con una rete di agenti che possono assistervi nel trasloco da e verso qualsiasi destinazione nel mondo. \u00c8 membro della IAM con 54 anni di servizio ed \u00e8 accreditata dalla FIDI.<\/p>\n<p>Security International Moving offre servizi di trasloco e trasferimento all'interno, verso e dal Per\u00f9. Organizzano il trasporto dei vostri beni in modo sicuro fino a destinazione e vi consigliano sulla documentazione necessaria. Offrono servizi di trasloco che forniscono indicazioni e assistenza per aiutare le persone a trasferirsi e a stabilirsi nella loro nuova casa.<\/p>\n<p>Sito web: <a href=\"http:\/\/www.simoving.com.pe\" target=\"_blank\" rel=\"noopener\">http:\/\/www.simoving.com.pe<\/a><\/p>\n<h2><span class=\"ez-toc-section\" id=\"9_World_Shipping_The_Movers\"><\/span><strong>9. World Shipping The Movers<\/strong><span class=\"ez-toc-section-end\"><\/span><\/h2>\n<p><img loading=\"lazy\" decoding=\"async\" class=\"alignnone size-full wp-image-8878\" src=\"https:\/\/moverdb.com\/wp-content\/uploads\/World-Shipping-international-moving-company.png\" alt=\"World Shipping, azienda di traslochi internazionali\" width=\"1440\" height=\"681\" data-wp-pid=\"8878\" srcset=\"https:\/\/moverdb.com\/wp-content\/uploads\/World-Shipping-international-moving-company.png 1440w, https:\/\/moverdb.com\/wp-content\/uploads\/World-Shipping-international-moving-company-300x142.png 300w, https:\/\/moverdb.com\/wp-content\/uploads\/World-Shipping-international-moving-company-1024x484.png 1024w, https:\/\/moverdb.com\/wp-content\/uploads\/World-Shipping-international-moving-company-18x9.png 18w, https:\/\/moverdb.com\/wp-content\/uploads\/World-Shipping-international-moving-company-600x284.png 600w\" sizes=\"auto, (max-width: 1440px) 100vw, 1440px\" \/><\/p>\n<ul>\n<li>Traslochi locali e nazionali<\/li>\n<li>Traslochi internazionali<\/li>\n<li>Traslochi residenziali<\/li>\n<li>Traslochi di uffici<\/li>\n<li>Servizio di imballaggio<\/li>\n<li>Inventario e monitoraggio<\/li>\n<li>Trasporto terrestre, marittimo e aereo<\/li>\n<li>Gestione delle dogane di esportazione e importazione<\/li>\n<li>Opere d'arte in movimento<\/li>\n<li>Strutture di stoccaggio<\/li>\n<\/ul>\n<p>World Shipping The Movers \u00e8 un'azienda di traslochi e trasferimenti che vanta oltre 47 anni di esperienza e ha sede a San Isidro. Collabora con 1.000 agenti qualificati in tutto il mondo per fornire assistenza nei traslochi in qualsiasi paese ed \u00e8 membro della IAM.<\/p>\n<p>World Shipping The Movers offre un servizio di imballaggio con personale qualificato e materiali specializzati, compresa la protezione degli oggetti fragili. Preparano tutti i documenti per la spedizione, comprese le procedure doganali. Tracceranno la vostra spedizione e vi forniranno aggiornamenti. All'arrivo, disimballeranno le vostre cose e rimuoveranno tutti i materiali di scarto.<\/p>\n<p>Sito web: <a href=\"http:\/\/www.wsthemovers.com.pe\" target=\"_blank\" rel=\"noopener\">http:\/\/www.wsthemovers.com.pe<\/a><\/p>","protected":false},"excerpt":{"rendered":"<p>Moving can be a hectic time with so much to organise especially if you are moving countries and have paperwork to complete. This is where a moving company can assist in making the move easier. Below we have compiled a list of Peruvian removal companies that are members of the International Association of Movers (IAM) [&hellip;]<\/p>\n","protected":false},"author":4,"featured_media":0,"parent":190,"menu_order":0,"comment_status":"closed","ping_status":"closed","template":"","meta":{"_genesis_hide_title":false,"_genesis_hide_breadcrumbs":false,"_genesis_hide_singular_image":false,"_genesis_hide_footer_widgets":false,"_genesis_custom_body_class":"","_genesis_custom_post_class":"","_genesis_layout":"","footnotes":""},"class_list":{"0":"post-8910","1":"page","2":"type-page","3":"status-publish","5":"entry","6":"has-post-thumbnail"},"_links":{"self":[{"href":"https:\/\/moverdb.com\/it\/wp-json\/wp\/v2\/pages\/8910","targetHints":{"allow":["GET"]}}],"collection":[{"href":"https:\/\/moverdb.com\/it\/wp-json\/wp\/v2\/pages"}],"about":[{"href":"https:\/\/moverdb.com\/it\/wp-json\/wp\/v2\/types\/page"}],"author":[{"embeddable":true,"href":"https:\/\/moverdb.com\/it\/wp-json\/wp\/v2\/users\/4"}],"replies":[{"embeddable":true,"href":"https:\/\/moverdb.com\/it\/wp-json\/wp\/v2\/comments?post=8910"}],"version-history":[{"count":1,"href":"https:\/\/moverdb.com\/it\/wp-json\/wp\/v2\/pages\/8910\/revisions"}],"predecessor-version":[{"id":8911,"href":"https:\/\/moverdb.com\/it\/wp-json\/wp\/v2\/pages\/8910\/revisions\/8911"}],"up":[{"embeddable":true,"href":"https:\/\/moverdb.com\/it\/wp-json\/wp\/v2\/pages\/190"}],"wp:attachment":[{"href":"https:\/\/moverdb.com\/it\/wp-json\/wp\/v2\/media?parent=8910"}],"curies":[{"name":"wp","href":"https:\/\/api.w.org\/{rel}","templated":true}]}}