{"id":891,"date":"2016-09-03T21:06:56","date_gmt":"2016-09-03T21:06:56","guid":{"rendered":"http:\/\/moverdb.com\/?page_id=891"},"modified":"2026-01-08T14:47:50","modified_gmt":"2026-01-08T14:47:50","slug":"bournes","status":"publish","type":"page","link":"https:\/\/moverdb.com\/it\/bournes\/","title":{"rendered":"Bournes Moves: Traslochi e Traslochi Internazionali Recensioni"},"content":{"rendered":"<p>Bournes offre ai suoi clienti una selezione di <a href=\"https:\/\/moverdb.com\/it\/international-removals\/\" data-internallinksmanager029f6b8e52c=\"27\" title=\"36 Migliori aziende di traslochi internazionali del Regno Unito\">traslochi internazionali<\/a> servizi per il trasloco all'estero che sono elencati qui sotto. Segue anche un profilo aziendale e recensioni.<\/p>\n<p><strong>Trasloco internazionale<\/strong><\/p>\n<ul>\n<li> Servizio di imballaggio completo<\/li>\n<li> Servizio di imballaggio delle parti<\/li>\n<li> Autoimballaggio<\/li>\n<li> Imballaggio speciale per l'esportazione di mobili con cura<\/li>\n<li> Assistenza con la documentazione<\/li>\n<li> Collezione<\/li>\n<li> Trasporto via nave - <a href=\"https:\/\/moverdb.com\/it\/container-shipping\/\">spedizione in container completo<\/a>, carico parziale, contenitore di legno<\/li>\n<li> Trasporto aereo<\/li>\n<li> Trasferimento di animali domestici<\/li>\n<li> <a href=\"https:\/\/moverdb.com\/it\/auto-trasporto-spedizione\/\">Trasferimento del veicolo<\/a><\/li>\n<li> Servizio di pulizia<\/li>\n<li> Servizio tuttofare<\/li>\n<li> Assicurazione organizzata<\/li>\n<\/ul>\n<p><strong>Assistenza al trasferimento<\/strong><\/p>\n<ul>\n<li> La pianificazione prima della partenza include una valutazione dei bisogni (scuole ecc.)<\/li>\n<li> Formazione interculturale\".<\/li>\n<li> Programma look-see<\/li>\n<li> Servizio di orientamento e ricerca della casa<\/li>\n<li> Ricerca della scuola<\/li>\n<li> Inserimento nel servizio<\/li>\n<li> Pratiche commerciali<\/li>\n<li> Assistenza al rimpatrio<\/li>\n<\/ul>\n<p><strong>Spostamenti commerciali<\/strong><\/p>\n<ul>\n<li> Gestione del progetto<\/li>\n<li> Pianificazione pre-spostamento<\/li>\n<li> Servizi di imballaggio e disimballaggio<\/li>\n<li> Stoccaggio<\/li>\n<li> Trasporto in tutto il mondo<\/li>\n<li> Consegna interna<\/li>\n<li> Installazione e montaggio<\/li>\n<li> Logistica inversa e liquidazioni<\/li>\n<\/ul>\n<p><strong>Stoccaggio<\/strong><\/p>\n<ul>\n<li> Oltre 1200 localit\u00e0 in 6 continenti<\/li>\n<li> A lungo e a breve termine<\/li>\n<li> CCTV 24\/7 o squadre di sicurezza<\/li>\n<li> Tutti i luoghi sicuri<\/li>\n<\/ul>\n<h2>Profilo dell'azienda Bournes<\/h2>\n<p>Bournes fu fondata nel 1875 da Thomas Bourne come un'azienda di trasporto generale, che consegnava merci e carbone. Dopo la seconda guerra mondiale, l'azienda si espanse nei traslochi e nel deposito. Gli anni '60 e '70 videro l'azienda crescere considerevolmente, acquistando aziende pi\u00f9 piccole e costruendo strutture di stoccaggio dedicate.<\/p>\n<p>I Bournes hanno iniziato a muoversi in Europa nel 1993 e nel 2001 hanno iniziato <a href=\"https:\/\/moverdb.com\/it\/aziende-di-traslochi\/\">trasferirsi a livello internazionale<\/a>. Ora erano in grado di trasferire persone e aziende in 1500 localit\u00e0 in oltre 120 paesi.<\/p>\n<p>L'azienda \u00e8 ancora oggi a conduzione familiare dalla quinta generazione di Bournes i cui valori familiari e aziendali sono onest\u00e0, integrit\u00e0 e trasparenza. Bournes ha membri dello staff dedicati e ben addestrati che sono in contatto con centinaia di esperti di trasferimenti e traslochi globali in tutto il mondo.<\/p>\n<p>Bournes ha i seguenti accreditamenti e affiliazioni:<\/p>\n<ul>\n<li> <a href=\"https:\/\/moverdb.com\/it\/harmony-relocation-network\/\">Rete Harmony Relocation<\/a><\/li>\n<li> Un'azienda di traslochi British Standard ISO 9001:2008<\/li>\n<li> <a href=\"https:\/\/moverdb.com\/it\/british-association-of-removers\/\">L'associazione britannica dei traslocatori<\/a> (<a href=\"https:\/\/moverdb.com\/it\/british-association-of-removers\/\" data-internallinksmanager029f6b8e52c=\"9\" title=\"La British Association of Removers (BAR) spiegata\">BAR<\/a>)<\/li>\n<li> <a href=\"https:\/\/moverdb.com\/it\/bar-overseas\/\">L'associazione britannica dei traslocatori d'oltremare<\/a><\/li>\n<li> Quale? Commerciante di fiducia<\/li>\n<li> <a href=\"https:\/\/moverdb.com\/it\/fidi-faim\/\">FIDI<\/a><\/li>\n<li> <a href=\"https:\/\/moverdb.com\/it\/fidi-faim\/\" data-internallinksmanager029f6b8e52c=\"16\" title=\"FIDI e FAIM (FIDI Accredited International Mover) spiegati\">FAIM<\/a><\/li>\n<li> Il <a href=\"https:\/\/moverdb.com\/it\/sono\/\">Associazione internazionale dei traslocatori<\/a> (<a href=\"https:\/\/moverdb.com\/it\/iam\/\" data-internallinksmanager029f6b8e52c=\"23\" title=\"Spiegazione dell&#039;Associazione Internazionale dei Traslocatori (IAM)\">IAM<\/a>)<\/li>\n<li> <a href=\"https:\/\/moverdb.com\/it\/eura\/\">Associazione europea per la ricollocazione<\/a> (<a href=\"https:\/\/moverdb.com\/it\/eura\/\" data-internallinksmanager029f6b8e52c=\"13\" title=\"L&#039;Associazione europea per la ricollocazione (EuRA) spiegata\">EuRA<\/a>)<\/li>\n<li> <a href=\"https:\/\/moverdb.com\/it\/mtc\/\">Il Movers Trading Club<\/a> (<a href=\"https:\/\/moverdb.com\/it\/mtc\/\" data-internallinksmanager029f6b8e52c=\"30\" title=\"Movers Trading Club (MTC) spiegato\">MTC<\/a>)<\/li>\n<\/ul>\n<h2>Bournes Moves Recensioni<\/h2>\n<p><strong>Positivo<\/strong><\/p>\n<ul>\n<li> <em>\"Bournes \u00e8 stato fantastico, dalla valutazione iniziale di ci\u00f2 che dovevo o non dovevo spedire, fino alla consegna del prodotto. <a href=\"https:\/\/moverdb.com\/it\/moving-to-australia\/living-in-australia\/\" data-internallinksmanager029f6b8e52c=\"240\" title=\"21 segreti su come vivere in Australia da conoscere prima di trasferirsi\">Australia<\/a>L'imballaggio e il disimballaggio in Australia. Il servizio ha reso il trasloco privo di stress come pu\u00f2 esserlo un trasloco di questo tipo e non potr\u00f2 mai raccomandarli abbastanza\".<\/em> - tramite <a href=\"http:\/\/bournesmoves.com\/international-removals\/international-customer-reviews.htm\" target=\"_blank\" rel=\"noopener\">Pagina della recensione di Bournes<\/a><\/li>\n<li> <em>\"Servizio rapido con tariffe competitive. Il team \u00e8 stato molto gentile e disponibile e ha gestito bene le modifiche alle nostre date di completamento. Lo stoccaggio extra \u00e8 stato fornito facilmente durante la notte in modo da poter pulire la nuova propriet\u00e0 prima di trasferirsi. Tutto sommato un buon servizio\".<\/em> - tramite <a href=\"https:\/\/www.trustedmover.org\/questionnaire\/4587\" target=\"_blank\" rel=\"noopener\">Pagina di revisione BAR<\/a><\/li>\n<li> <em>\"Un servizio eccellente, dal preventivo informato e rassicurante fino al team disponibile e amichevole che ha aiutato <a href=\"https:\/\/moverdb.com\/it\/moving-to-the-united-states\/\" data-internallinksmanager029f6b8e52c=\"94\" title=\"Trasferirsi negli Stati Uniti? 2026 Costi di vita e consigli per il trasferimento\">noi<\/a> con il movimento\".<\/em> - Susanna via <a href=\"http:\/\/trustedtraders.which.co.uk\/businesses\/bournes-moves\/#reviews\" target=\"_blank\" rel=\"noopener\">Quale?<\/a><\/li>\n<li> <em>\"Sono rimasto molto soddisfatto. Soprattutto quando la mia spedizione \u00e8 arrivata sana e salva a casa mia nel <a href=\"https:\/\/moverdb.com\/it\/moving-to-the-uk\/\" data-internallinksmanager029f6b8e52c=\"93\" title=\"Trasferirsi nel Regno Unito? 2026 Costi di vita e consigli per il trasferimento\">REGNO UNITO<\/a> L'equipaggio \u00e8 stato estremamente cortese e molto disponibile\".<\/em> - Susan via <a href=\"https:\/\/www.facebook.com\/BournesRemovals\/reviews\/\" target=\"_blank\" rel=\"noopener\">Facebook<\/a><\/li>\n<\/ul>\n<p><strong>Negativo<\/strong><\/p>\n<ul>\n<li> \"Abbiamo avuto la sfortuna di scegliere Bournes che \u00e8 stato il nostro primo trasloco in 19 anni, quindi una grande cosa per tutta la famiglia. Si prega di essere molto consapevoli quando si sceglie questa azienda\". - Ali via <a href=\"http:\/\/www.removalreviews.co.uk\/movingreviews\/miserable-move-12090\" target=\"_blank\" rel=\"noopener\">Recensioni di rimozione<\/a><\/li>\n<\/ul>\n<div itemprop=\"review\" itemscope itemtype=\"http:\/\/schema.org\/Review\">\n<span itemprop=\"author\" itemscope=\"\" itemtype=\"http:\/\/schema.org\/Organization\"><span itemprop=\"name\">MoverDB.com<\/span><\/span> Recensione del sito web online per <span itemprop=\"itemreviewed\" itemscope=\"\" itemtype=\"http:\/\/schema.org\/Brand\"><span itemprop=\"name\">Movimenti di Bournes<\/span><\/span>:<\/p>\n<ol>\n<li> Dettagli di contatto chiari sul sito web (compreso il numero di telefono): <strong>S\u00ec<\/strong><\/li>\n<li> Facile da ottenere <a href=\"https:\/\/moverdb.com\/it\/citazioni\/\">preventivi di traslochi internazionali<\/a>? (Modulo di richiesta di preventivo online): <strong>S\u00ec<\/strong><\/li>\n<li> Informazioni chiare sul sito web: <strong>S\u00ec,<\/strong> Il sito web contiene un sacco di informazioni utili.<\/li>\n<li> Appartenenza a organizzazioni internazionali riconosciute per il movimento: <strong>S\u00ec<\/strong>, vedi sopra.<\/li>\n<li> Elenco di clienti e\/o testimonianze di clienti precedenti: <strong>Alcuni,<\/strong> ci sono recensioni dei clienti sul sito web, ma non sono i pi\u00f9 facili da trovare, che \u00e8 strano, perch\u00e9 sono molto positivi.<\/li>\n<\/ol>\n<div itemprop=\"reviewRating\" itemscope itemtype=\"http:\/\/schema.org\/Rating\"><meta itemprop=\"worstRating\" content = \"0\" \/><meta itemprop=\"bestRating\" content=\"5\" \/><meta itemprop=\"ratingValue\" content=\"4.5\"><\/div>\n<p><strong>Punteggio complessivo: 4,5\/5<\/strong><br \/>\n<strong>Data di revisione:<\/strong> <span itemprop=\"datePublished\" content=\"2016-09-03\">03\/09\/2016<\/span>\n<\/div>\n<p>Leggi gli altri <a href=\"https:\/\/moverdb.com\/it\/international-removals\/\">aziende di traslochi<\/a> e altro ancora sul nostro <a href=\"https:\/\/moverdb.com\/it\/recensioni\/\">processo di revisione<\/a>.<\/p>\n<p><strong>Sito web:<\/strong> <a href=\"http:\/\/bournesmoves.com\" target=\"_blank\" rel=\"noopener\">http:\/\/bournesmoves.com<\/a><\/p>","protected":false},"excerpt":{"rendered":"<p>Bournes offers its clients a selection of international removals services for moving overseas which are listed below. There also follows a company profile and reviews. International Moving Full packing service Part packing service Self-packing Special care furniture export wrapping Assistance with documentation Collection Transport by ship &#8211; full container shipping, part load, wooden container Airfreight [&hellip;]<\/p>\n","protected":false},"author":1,"featured_media":0,"parent":0,"menu_order":0,"comment_status":"closed","ping_status":"closed","template":"","meta":{"_genesis_hide_title":false,"_genesis_hide_breadcrumbs":false,"_genesis_hide_singular_image":false,"_genesis_hide_footer_widgets":false,"_genesis_custom_body_class":"","_genesis_custom_post_class":"","_genesis_layout":"","footnotes":""},"class_list":{"0":"post-891","1":"page","2":"type-page","3":"status-publish","5":"entry"},"_links":{"self":[{"href":"https:\/\/moverdb.com\/it\/wp-json\/wp\/v2\/pages\/891","targetHints":{"allow":["GET"]}}],"collection":[{"href":"https:\/\/moverdb.com\/it\/wp-json\/wp\/v2\/pages"}],"about":[{"href":"https:\/\/moverdb.com\/it\/wp-json\/wp\/v2\/types\/page"}],"author":[{"embeddable":true,"href":"https:\/\/moverdb.com\/it\/wp-json\/wp\/v2\/users\/1"}],"replies":[{"embeddable":true,"href":"https:\/\/moverdb.com\/it\/wp-json\/wp\/v2\/comments?post=891"}],"version-history":[{"count":6,"href":"https:\/\/moverdb.com\/it\/wp-json\/wp\/v2\/pages\/891\/revisions"}],"predecessor-version":[{"id":6185,"href":"https:\/\/moverdb.com\/it\/wp-json\/wp\/v2\/pages\/891\/revisions\/6185"}],"wp:attachment":[{"href":"https:\/\/moverdb.com\/it\/wp-json\/wp\/v2\/media?parent=891"}],"curies":[{"name":"wp","href":"https:\/\/api.w.org\/{rel}","templated":true}]}}