{"id":8906,"date":"2023-04-27T14:30:32","date_gmt":"2023-04-27T14:30:32","guid":{"rendered":"https:\/\/moverdb.com\/?page_id=8906"},"modified":"2026-01-08T15:24:24","modified_gmt":"2026-01-08T15:24:24","slug":"moving-companies-paraguay","status":"publish","type":"page","link":"https:\/\/moverdb.com\/it\/moving-companies\/moving-companies-paraguay\/","title":{"rendered":"Le 3 migliori imprese di traslochi internazionali in Paraguay"},"content":{"rendered":"<p>State pianificando un trasloco all'interno del Paraguay, verso o da esso? Se avete bisogno di aiuto per l'imballaggio e l'organizzazione del trasloco, in particolare se state cambiando paese e dovete compilare i documenti per l'importazione\/esportazione. Di seguito abbiamo stilato un elenco di aziende con sede in Paraguay. <a href=\"https:\/\/moverdb.com\/it\/international-removals\/\" data-internallinksmanager029f6b8e52c=\"27\" title=\"36 Migliori aziende di traslochi internazionali del Regno Unito\">aziende di trasloco<\/a> che sono membri dell'associazione <a href=\"https:\/\/moverdb.com\/it\/iam\/\" data-internallinksmanager029f6b8e52c=\"23\" title=\"Spiegazione dell&#039;Associazione Internazionale dei Traslocatori (IAM)\">Associazione internazionale dei traslocatori<\/a> (IAM) e\/o <a href=\"https:\/\/moverdb.com\/it\/fidi-faim\/\" data-internallinksmanager029f6b8e52c=\"16\" title=\"FIDI e FAIM (FIDI Accredited International Mover) spiegati\">FIDI<\/a> Traslocatore internazionale accreditato (FAIM) che pu\u00f2 aiutarvi con il vostro trasloco.<\/p>\n<h2><strong>1. Servimex<\/strong><\/h2>\n<p><img loading=\"lazy\" decoding=\"async\" class=\"alignnone size-full wp-image-8856\" src=\"https:\/\/moverdb.com\/wp-content\/uploads\/Servimex-international-moving-company.png\" alt=\"Azienda di traslochi internazionali Servimex\" width=\"1440\" height=\"674\" data-wp-pid=\"8856\" srcset=\"https:\/\/moverdb.com\/wp-content\/uploads\/Servimex-international-moving-company.png 1440w, https:\/\/moverdb.com\/wp-content\/uploads\/Servimex-international-moving-company-300x140.png 300w, https:\/\/moverdb.com\/wp-content\/uploads\/Servimex-international-moving-company-1024x479.png 1024w, https:\/\/moverdb.com\/wp-content\/uploads\/Servimex-international-moving-company-18x8.png 18w, https:\/\/moverdb.com\/wp-content\/uploads\/Servimex-international-moving-company-600x281.png 600w\" sizes=\"auto, (max-width: 1440px) 100vw, 1440px\" \/><\/p>\n<ul>\n<li>Traslochi locali nazionali<\/li>\n<li>Traslochi internazionali<\/li>\n<li>Traslochi residenziali<\/li>\n<li>Traslochi di uffici<\/li>\n<li>Servizi porta a porta<\/li>\n<li>Servizio di imballaggio<\/li>\n<li>Trasporto stradale, marittimo e aereo<\/li>\n<li>Sdoganamento<\/li>\n<li>Assicurazione<\/li>\n<li>Strutture di stoccaggio<\/li>\n<\/ul>\n<p>Servimex \u00e8 un <a href=\"https:\/\/moverdb.com\/it\/moving-companies\/\" data-internallinksmanager029f6b8e52c=\"79\" title=\"Le 25 migliori aziende di traslochi internazionali online\">azienda di traslochi<\/a> fondata nel 1979 e con sede ad Asuncion. \u00c8 membro della IAM con 44 anni di servizio ed \u00e8 accreditata dalla FIDI, che le d\u00e0 accesso a una rete internazionale di agenti di trasloco.<\/p>\n<p>Servimex offre un servizio di imballaggio per beni domestici e opere d'arte, che saranno imballati in imballaggi industriali per proteggerli durante il trasporto. Offre soluzioni di trasporto multimodale su strada, via mare e via aerea con l'utilizzo di container e assiste nelle operazioni di sdoganamento per l'esportazione e l'importazione. Offrono servizi di trasferimento, tra cui immigrazione, orientamento, assistenza all'insediamento, ricerca di case e scuole e assistenza alla partenza.<\/p>\n<p>Sito web: <a href=\"http:\/\/www.servimex.com.py\" target=\"_blank\" rel=\"noopener\">http:\/\/www.servimex.com.py<\/a><\/p>\n<h2><strong>2. Benkovics<\/strong><\/h2>\n<p><img loading=\"lazy\" decoding=\"async\" class=\"alignnone size-full wp-image-8766\" src=\"https:\/\/moverdb.com\/wp-content\/uploads\/Benkovics-international-moving-company.png\" alt=\"Azienda di traslochi internazionali Benkovics\" width=\"1440\" height=\"679\" data-wp-pid=\"8766\" srcset=\"https:\/\/moverdb.com\/wp-content\/uploads\/Benkovics-international-moving-company.png 1440w, https:\/\/moverdb.com\/wp-content\/uploads\/Benkovics-international-moving-company-300x141.png 300w, https:\/\/moverdb.com\/wp-content\/uploads\/Benkovics-international-moving-company-1024x483.png 1024w, https:\/\/moverdb.com\/wp-content\/uploads\/Benkovics-international-moving-company-18x8.png 18w, https:\/\/moverdb.com\/wp-content\/uploads\/Benkovics-international-moving-company-600x283.png 600w\" sizes=\"auto, (max-width: 1440px) 100vw, 1440px\" \/><\/p>\n<ul>\n<li>Traslochi nazionali<\/li>\n<li>Traslochi internazionali<\/li>\n<li>Traslochi di abitazioni<\/li>\n<li>Sondaggio pre-spostamento<\/li>\n<li>Guida agli spostamenti<\/li>\n<li>Servizio di imballaggio<\/li>\n<li>Trasporto terrestre, aereo e marittimo<\/li>\n<li>Autorizzazione all'esportazione<\/li>\n<li>Assicurazione<\/li>\n<li>Stoccaggio a breve e lungo termine<\/li>\n<\/ul>\n<p>Benkovics \u00e8 un'azienda di traslochi con sede ad Asuncion. Collabora con agenti di trasloco accreditati a livello internazionale in tutto il mondo per fornire i propri servizi a livello internazionale. \u00c8 membro della IAM con 64 anni di servizio.<\/p>\n<p>Benkovics offre un sopralluogo prima del trasloco per valutare il volume delle vostre esigenze di trasloco e fornirvi un preventivo. Fornisce un servizio di imballaggio che utilizza i migliori materiali di qualit\u00e0, tra cui scheletri di legno e scatole resistenti per proteggere i vostri beni. I loro esperti di logistica organizzeranno il trasporto su strada, aereo o marittimo e vi assisteranno nelle pratiche di autorizzazione all'esportazione. All'arrivo, disimballano e rimuovono tutti i materiali di scarto.<\/p>\n<p>Sito web: <a href=\"http:\/\/www.benkovics.com.py\" target=\"_blank\" rel=\"noopener\">http:\/\/www.benkovics.com.py<\/a><\/p>\n<h2><strong>3. Asuncion Vanpack<\/strong><\/h2>\n<p><img loading=\"lazy\" decoding=\"async\" class=\"alignnone size-full wp-image-8761\" src=\"https:\/\/moverdb.com\/wp-content\/uploads\/Asuncion-Vanpack-international-moving-company.png\" alt=\"Azienda di traslochi internazionali Asuncion Vanpack\" width=\"1440\" height=\"677\" data-wp-pid=\"8761\" srcset=\"https:\/\/moverdb.com\/wp-content\/uploads\/Asuncion-Vanpack-international-moving-company.png 1440w, https:\/\/moverdb.com\/wp-content\/uploads\/Asuncion-Vanpack-international-moving-company-300x141.png 300w, https:\/\/moverdb.com\/wp-content\/uploads\/Asuncion-Vanpack-international-moving-company-1024x481.png 1024w, https:\/\/moverdb.com\/wp-content\/uploads\/Asuncion-Vanpack-international-moving-company-18x8.png 18w, https:\/\/moverdb.com\/wp-content\/uploads\/Asuncion-Vanpack-international-moving-company-600x282.png 600w\" sizes=\"auto, (max-width: 1440px) 100vw, 1440px\" \/><\/p>\n<ul>\n<li>Movimenti nazionali<\/li>\n<li>Spostamenti internazionali<\/li>\n<li>Traslochi domestici<\/li>\n<li>Sondaggio a domicilio<\/li>\n<li>Servizio di imballaggio<\/li>\n<li>Imballaggio specializzato<\/li>\n<li>Organizzazione del trasporto<\/li>\n<li>Assicurazione<\/li>\n<li>Gestione dei file<\/li>\n<li>Strutture di stoccaggio<\/li>\n<\/ul>\n<p>Asuncion Vanpack \u00e8 un'azienda di trasporti e logistica con oltre 30 anni di esperienza e sede ad Asuncion. \u00c8 membro della IAM con 35 anni di servizio e ha accesso a una rete internazionale di agenti di trasloco che la supportano anche al di fuori del Paraguay.<\/p>\n<p>Asuncion Vanpack effettua un sopralluogo per stabilire il volume del vostro trasloco, per consigliarvi le migliori opzioni per il vostro trasloco e per formulare un preventivo. Offrono un servizio di imballaggio che fornisce i migliori materiali per proteggere i vostri oggetti durante il trasporto e utilizzano un design di imballaggio specifico per ogni articolo e dispongono di falegnameria per le esigenze specifiche.<\/p>\n<p>Sito web: <a href=\"http:\/\/www.asuncionvanpack.com\" target=\"_blank\" rel=\"noopener\">http:\/\/www.asuncionvanpack.com<\/a><\/p>","protected":false},"excerpt":{"rendered":"<p>Are you planning a move within, to or from Paraguay? If you need help with packing and organising your move especially if you are moving countries and need to complete import\/export paperwork. Below we have compiled a list of Paraguay based removal companies that are members of the International Association of Movers (IAM) and\/or FIDI [&hellip;]<\/p>\n","protected":false},"author":4,"featured_media":0,"parent":190,"menu_order":0,"comment_status":"closed","ping_status":"closed","template":"","meta":{"_genesis_hide_title":false,"_genesis_hide_breadcrumbs":false,"_genesis_hide_singular_image":false,"_genesis_hide_footer_widgets":false,"_genesis_custom_body_class":"","_genesis_custom_post_class":"","_genesis_layout":"","footnotes":""},"class_list":{"0":"post-8906","1":"page","2":"type-page","3":"status-publish","5":"entry","6":"has-post-thumbnail"},"_links":{"self":[{"href":"https:\/\/moverdb.com\/it\/wp-json\/wp\/v2\/pages\/8906","targetHints":{"allow":["GET"]}}],"collection":[{"href":"https:\/\/moverdb.com\/it\/wp-json\/wp\/v2\/pages"}],"about":[{"href":"https:\/\/moverdb.com\/it\/wp-json\/wp\/v2\/types\/page"}],"author":[{"embeddable":true,"href":"https:\/\/moverdb.com\/it\/wp-json\/wp\/v2\/users\/4"}],"replies":[{"embeddable":true,"href":"https:\/\/moverdb.com\/it\/wp-json\/wp\/v2\/comments?post=8906"}],"version-history":[{"count":1,"href":"https:\/\/moverdb.com\/it\/wp-json\/wp\/v2\/pages\/8906\/revisions"}],"predecessor-version":[{"id":8907,"href":"https:\/\/moverdb.com\/it\/wp-json\/wp\/v2\/pages\/8906\/revisions\/8907"}],"up":[{"embeddable":true,"href":"https:\/\/moverdb.com\/it\/wp-json\/wp\/v2\/pages\/190"}],"wp:attachment":[{"href":"https:\/\/moverdb.com\/it\/wp-json\/wp\/v2\/media?parent=8906"}],"curies":[{"name":"wp","href":"https:\/\/api.w.org\/{rel}","templated":true}]}}