{"id":889,"date":"2016-09-03T15:17:39","date_gmt":"2016-09-03T15:17:39","guid":{"rendered":"http:\/\/moverdb.com\/?page_id=889"},"modified":"2026-01-08T15:20:33","modified_gmt":"2026-01-08T15:20:33","slug":"pss-removals","status":"publish","type":"page","link":"https:\/\/moverdb.com\/it\/pss-removals\/","title":{"rendered":"PSS Traslochi Internazionali: Servizi di trasloco e recensioni"},"content":{"rendered":"<p>PSS <a href=\"https:\/\/moverdb.com\/it\/international-removals\/\" data-internallinksmanager029f6b8e52c=\"27\" title=\"36 Migliori aziende di traslochi internazionali del Regno Unito\">Traslochi internazionali<\/a> trasferisce persone all'estero da oltre 34 anni. Di seguito sono elencati i vari servizi che offrono.<\/p>\n<p><strong>Traslochi internazionali<\/strong><\/p>\n<ul>\n<li> Servizio su misura per la maggior parte dei paesi<\/li>\n<li> Coordinatore del trasloco internazionale designato<\/li>\n<li> Imballatori professionisti o opzione auto-imballaggio<\/li>\n<li> Servizio porta a porta<\/li>\n<li> Assicurazione organizzata<\/li>\n<li> Consigli su ogni aspetto del paese di destinazione<\/li>\n<\/ul>\n<p><strong>Servizi di migrazione<\/strong><br \/>\n<strong>Informazioni\/Documentazione doganale<\/strong><\/p>\n<p><strong><a href=\"https:\/\/moverdb.com\/it\/container-shipping\/\">Spedizione internazionale<\/a><\/strong><\/p>\n<ul>\n<li> Trasporto marittimo o aereo espresso<\/li>\n<li> Assicurazione organizzata<\/li>\n<\/ul>\n<p><strong>Servizio pacchi espresso per l'estero<\/strong><\/p>\n<ul>\n<li> Consegna espressa porta a porta di pacchi per articoli urgenti<\/li>\n<\/ul>\n<p><strong>Bagaglio in eccesso<\/strong><\/p>\n<ul>\n<li> Trasporto su strada (in Europa) Trasporto marittimo o aereo espresso<\/li>\n<li> Self-pack<\/li>\n<li> Confezionato per voi<\/li>\n<li> Assicurazione organizzata<\/li>\n<\/ul>\n<p><strong><a href=\"https:\/\/moverdb.com\/it\/car-transport-shipping\/\" data-internallinksmanager029f6b8e52c=\"2\" title=\"2026 Preventivi per il trasporto internazionale di auto e veicoli\">Spedizione auto<\/a><\/strong><\/p>\n<ul>\n<li> Spedire l'auto separatamente<\/li>\n<li> Spedire l'auto nello stesso container degli effetti personali<\/li>\n<li> Assicurazione organizzata<\/li>\n<\/ul>\n<h2>Profilo dell'azienda PSS International Removals<\/h2>\n<p>PSS International Removals si occupa di traslochi all'estero da oltre 34 anni. L'azienda si concentra sui traslochi all'estero e non opera traslochi all'interno del territorio nazionale. <a href=\"https:\/\/moverdb.com\/it\/moving-to-the-uk\/\" data-internallinksmanager029f6b8e52c=\"93\" title=\"Trasferirsi nel Regno Unito? 2026 Costi di vita e consigli per il trasferimento\">REGNO UNITO<\/a>. <\/p>\n<p>PSS International Removals spedisce articoli da un singolo cartone a una grande casa o anche grandi traslochi aziendali. Nessun trasloco \u00e8 troppo complicato o troppo grande o piccolo.<\/p>\n<p>Ogni membro del personale \u00e8 addestrato nelle procedure di esportazione e sono in contatto solo con le migliori societ\u00e0 di traslochi professionali all'estero, al fine di fornire i servizi su misura che promettono. Sono uno dei pi\u00f9 grandi <a href=\"https:\/\/moverdb.com\/it\/international-removals\/\">societ\u00e0 di traslochi internazionali<\/a> e ha trasferito 4.536 clienti all'estero durante il 2015.<\/p>\n<p>PSS International ha i seguenti accreditamenti e affiliazioni:<\/p>\n<ul>\n<li> <a href=\"https:\/\/moverdb.com\/it\/british-association-of-removers\/\">L'associazione britannica dei traslocatori<\/a> (<a href=\"https:\/\/moverdb.com\/it\/british-association-of-removers\/\" data-internallinksmanager029f6b8e52c=\"9\" title=\"La British Association of Removers (BAR) spiegata\">BAR<\/a>)<\/li>\n<li> <a href=\"https:\/\/moverdb.com\/it\/bar-overseas\/\">L'associazione britannica dei traslocatori d'oltremare<\/a><\/li>\n<li> <a href=\"https:\/\/moverdb.com\/it\/fidi-faim\/\">FIDI<\/a><\/li>\n<li> <a href=\"https:\/\/moverdb.com\/it\/fidi-faim\/\" data-internallinksmanager029f6b8e52c=\"16\" title=\"FIDI e FAIM (FIDI Accredited International Mover) spiegati\">FAIM<\/a><\/li>\n<\/ul>\n<p><strong>PSS International Removals Recensioni<\/strong><\/p>\n<p><strong>Positivo<\/strong><\/p>\n<ul>\n<li> <em>\"Tutti sono stati molto disponibili e professionali. Non potevo immaginare che questo giorno potesse andare meglio e senza intoppi. Ero cos\u00ec stressata e loro sono riusciti a rallegrare la mia vita. <a href=\"https:\/\/moverdb.com\/it\/moving-to-the-united-states\/\" data-internallinksmanager029f6b8e52c=\"94\" title=\"Trasferirsi negli Stati Uniti? 2026 Costi di vita e consigli per il trasferimento\">noi<\/a> up. Davvero professionali e persone simpatiche e cordiali. Sono davvero impressionato\".<\/em> - Ania via <a href=\"https:\/\/www.pssremovals.com\/reviews\" target=\"_blank\" rel=\"noopener\">Recensioni dei clienti PSS Removals<\/a><\/li>\n<li> <em>\"Abbiamo utilizzato PSS in seguito a una raccomandazione di amici. Avevamo un container da 20 piedi ad uso esclusivo per <a href=\"https:\/\/moverdb.com\/it\/moving-to-australia\/living-in-australia\/\" data-internallinksmanager029f6b8e52c=\"240\" title=\"21 segreti su come vivere in Australia da conoscere prima di trasferirsi\">Australia<\/a>. La squadra che \u00e8 venuta a imballare la nostra casa \u00e8 stata fantastica, hanno lavorato molto velocemente. Una volta che le nostre cose erano in viaggio, sono stata presa dal panico per i danni o le rotture, ma le nostre cose sono arrivate la scorsa settimana e tutto ha lo stesso aspetto di quando sono state imballate\".<\/em> - Zoe via <a href=\"http:\/\/www.mymovingreviews.com\/movers\/pss-international-removals-1788#57593\" target=\"_blank\" rel=\"noopener\">MyMovingReviews.com<\/a> <\/li>\n<li> <em>\"Dall'inizio alla fine non potrei essere pi\u00f9 soddisfatto del servizio in quanto hanno eseguito un'impostazione eccellente e sono stati disponibili e cordiali per tutto il tempo, il che \u00e8 tutto dire considerando che eravamo probabilmente le persone pi\u00f9 disorganizzate e stressate che abbiano mai traslocato\".<\/em> - Michelle via <a href=\"http:\/\/www.removalreviews.co.uk\/movingreviews\/good-company-8764\" target=\"_blank\" rel=\"noopener\">Recensioni di rimozione<\/a> <\/li>\n<\/ul>\n<p><strong>Negativo<\/strong><\/p>\n<ul>\n<li> <em>\"Avevo richiesto il trasferimento di oggetti domestici dal Regno Unito agli Stati Uniti. Anche se ho dato un preavviso molto breve e non ho compilato i moduli in tempo, NON SONO FELICE di essere stato addebitato a destinazione con 400 dollari USA in pi\u00f9 per la scansione casuale a raggi X alla dogana e l'arrivo ritardato dopo 4 mesi che include il periodo di deposito\".<\/em> - Sanjay via <a href=\"http:\/\/www.mymovingreviews.com\/movers\/pss-international-removals-1788#57002\" target=\"_blank\" rel=\"noopener\">MyMovingReviews.com<\/a><\/li>\n<li> \"<em>La compagnia \u00e8 l\u00ec solo per derubare le persone dei loro soldi!!!!!!\".<\/em> - Amir via <a href=\"http:\/\/www.removalreviews.co.uk\/movingreviews\/straight-up-con-6619\" target=\"_blank\" rel=\"noopener\">Recensioni di rimozione<\/a> <\/li>\n<\/ul>\n<div itemprop=\"review\" itemscope itemtype=\"http:\/\/schema.org\/Review\">\n<span itemprop=\"author\" itemscope=\"\" itemtype=\"http:\/\/schema.org\/Organization\"><span itemprop=\"name\">MoverDB.com<\/span><\/span> Recensione del sito web online per <span itemprop=\"itemreviewed\" itemscope=\"\" itemtype=\"http:\/\/schema.org\/Brand\"><span itemprop=\"name\">PSS Traslochi internazionali<\/span><\/span>:<\/p>\n<ol>\n<li> Dettagli di contatto chiari sul sito web (compreso il numero di telefono): <strong>S\u00ec<\/strong><\/li>\n<li> Facile da ottenere <a href=\"https:\/\/moverdb.com\/it\/citazioni\/\">preventivi di traslochi internazionali<\/a>? (Modulo di richiesta di preventivo online): <strong>S\u00ec<\/strong><\/li>\n<li> Informazioni chiare sul sito web: <strong>S\u00ec,<\/strong> un sacco di informazioni dettagliate su ogni destinazione.<\/li>\n<li> Appartenenza a organizzazioni internazionali riconosciute per il movimento: <strong>S\u00ec<\/strong>, vedi sopra.<\/li>\n<li> Elenco di clienti e\/o testimonianze di clienti precedenti: <strong>S\u00ec,<\/strong> hanno una pagina di recensioni dei clienti e ottengono generalmente recensioni positive su altri siti web.<\/li>\n<\/ol>\n<div itemprop=\"reviewRating\" itemscope itemtype=\"http:\/\/schema.org\/Rating\"><meta itemprop=\"worstRating\" content = \"0\" \/><meta itemprop=\"bestRating\" content=\"5\" \/><meta itemprop=\"ratingValue\" content=\"5\"><\/div>\n<p><strong>Punteggio complessivo: 5\/5<\/strong><br \/>\n<strong>Data di revisione:<\/strong> <span itemprop=\"datePublished\" content=\"2016-09-03\">03\/09\/2016<\/span>\n<\/div>\n<p>Pi\u00f9 su <a href=\"https:\/\/moverdb.com\/it\/aziende-di-traslochi\/\">societ\u00e0 di traslochi internazionali<\/a> e il nostro <a href=\"https:\/\/moverdb.com\/it\/recensioni\/\">processo di revisione<\/a>.<\/p>\n<p><strong>Sito web:<\/strong> <a href=\"https:\/\/www.pssremovals.com\" target=\"_blank\" rel=\"noopener\">https:\/\/www.pssremovals.com<\/a>.<\/p>","protected":false},"excerpt":{"rendered":"<p>PSS International Removals has been moving people abroad for over 34 years. Listed below are the various services they offer. International Removals Bespoke service to most countries Designated international move co-ordinator Professional packers or self-pack option Door to door service Insurance arranged Advice on every aspect of destination country Migration Services Customs Information\/Documentation International Shipping [&hellip;]<\/p>\n","protected":false},"author":1,"featured_media":0,"parent":0,"menu_order":0,"comment_status":"closed","ping_status":"closed","template":"","meta":{"_genesis_hide_title":false,"_genesis_hide_breadcrumbs":false,"_genesis_hide_singular_image":false,"_genesis_hide_footer_widgets":false,"_genesis_custom_body_class":"","_genesis_custom_post_class":"","_genesis_layout":"","footnotes":""},"class_list":{"0":"post-889","1":"page","2":"type-page","3":"status-publish","5":"entry"},"_links":{"self":[{"href":"https:\/\/moverdb.com\/it\/wp-json\/wp\/v2\/pages\/889","targetHints":{"allow":["GET"]}}],"collection":[{"href":"https:\/\/moverdb.com\/it\/wp-json\/wp\/v2\/pages"}],"about":[{"href":"https:\/\/moverdb.com\/it\/wp-json\/wp\/v2\/types\/page"}],"author":[{"embeddable":true,"href":"https:\/\/moverdb.com\/it\/wp-json\/wp\/v2\/users\/1"}],"replies":[{"embeddable":true,"href":"https:\/\/moverdb.com\/it\/wp-json\/wp\/v2\/comments?post=889"}],"version-history":[{"count":4,"href":"https:\/\/moverdb.com\/it\/wp-json\/wp\/v2\/pages\/889\/revisions"}],"predecessor-version":[{"id":6230,"href":"https:\/\/moverdb.com\/it\/wp-json\/wp\/v2\/pages\/889\/revisions\/6230"}],"wp:attachment":[{"href":"https:\/\/moverdb.com\/it\/wp-json\/wp\/v2\/media?parent=889"}],"curies":[{"name":"wp","href":"https:\/\/api.w.org\/{rel}","templated":true}]}}