{"id":8429,"date":"2023-04-27T14:44:53","date_gmt":"2023-04-27T14:44:53","guid":{"rendered":"https:\/\/moverdb.com\/?page_id=8429"},"modified":"2026-01-08T15:29:22","modified_gmt":"2026-01-08T15:29:22","slug":"moving-companies-mauritius","status":"publish","type":"page","link":"https:\/\/moverdb.com\/it\/moving-companies\/moving-companies-mauritius\/","title":{"rendered":"Le 6 migliori imprese di traslochi internazionali a Mauritius"},"content":{"rendered":"<p>Il trasloco di casa o di lavoro all'interno di Mauritius, verso o da Mauritius, pu\u00f2 essere un momento di stress, poich\u00e9 ci sono molte cose da organizzare e pratiche da completare se ci si trasferisce all'estero. Per questo motivo molte persone si affidano ai servizi di un <a href=\"https:\/\/moverdb.com\/it\/moving-companies\/\" data-internallinksmanager029f6b8e52c=\"79\" title=\"Le 25 migliori aziende di traslochi internazionali online\">azienda di traslochi<\/a> per rendere la loro vita pi\u00f9 facile. Qui di seguito abbiamo compilato un elenco di siti con sede a Mauritius <a href=\"https:\/\/moverdb.com\/it\/international-removals\/\" data-internallinksmanager029f6b8e52c=\"27\" title=\"36 Migliori aziende di traslochi internazionali del Regno Unito\">aziende di trasloco<\/a> che sono membri dell'associazione <a href=\"https:\/\/moverdb.com\/it\/iam\/\" data-internallinksmanager029f6b8e52c=\"23\" title=\"Spiegazione dell&#039;Associazione Internazionale dei Traslocatori (IAM)\">Associazione internazionale dei traslocatori<\/a> (IAM) e\/o <a href=\"https:\/\/moverdb.com\/it\/fidi-faim\/\" data-internallinksmanager029f6b8e52c=\"16\" title=\"FIDI e FAIM (FIDI Accredited International Mover) spiegati\">FIDI<\/a> Traslocatori internazionali accreditati (FAIM) che possono assistervi nel vostro trasloco.<\/p>\n<div id=\"ez-toc-container\" class=\"ez-toc-v2_0_82_2 ez-toc-wrap-left counter-hierarchy ez-toc-counter ez-toc-transparent ez-toc-container-direction\">\n<div class=\"ez-toc-title-container\">\n<p class=\"ez-toc-title\" style=\"cursor:inherit\">Sezioni<\/p>\n<span class=\"ez-toc-title-toggle\"><a href=\"#\" class=\"ez-toc-pull-right ez-toc-btn ez-toc-btn-xs ez-toc-btn-default ez-toc-toggle\" aria-label=\"Allinea la tabella dei contenuti\"><span class=\"ez-toc-js-icon-con\"><span class=\"\"><span class=\"eztoc-hide\" style=\"display:none;\">Toggle<\/span><span class=\"ez-toc-icon-toggle-span\"><svg style=\"fill: #999;color:#999\" xmlns=\"http:\/\/www.w3.org\/2000\/svg\" class=\"list-377408\" width=\"20px\" height=\"20px\" viewbox=\"0 0 24 24\" fill=\"none\"><path d=\"M6 6H4v2h2V6zm14 0H8v2h12V6zM4 11h2v2H4v-2zm16 0H8v2h12v-2zM4 16h2v2H4v-2zm16 0H8v2h12v-2z\" fill=\"currentColor\"><\/path><\/svg><svg style=\"fill: #999;color:#999\" class=\"arrow-unsorted-368013\" xmlns=\"http:\/\/www.w3.org\/2000\/svg\" width=\"10px\" height=\"10px\" viewbox=\"0 0 24 24\" version=\"1.2\" baseprofile=\"tiny\"><path d=\"M18.2 9.3l-6.2-6.3-6.2 6.3c-.2.2-.3.4-.3.7s.1.5.3.7c.2.2.4.3.7.3h11c.3 0 .5-.1.7-.3.2-.2.3-.5.3-.7s-.1-.5-.3-.7zM5.8 14.7l6.2 6.3 6.2-6.3c.2-.2.3-.5.3-.7s-.1-.5-.3-.7c-.2-.2-.4-.3-.7-.3h-11c-.3 0-.5.1-.7.3-.2.2-.3.5-.3.7s.1.5.3.7z\"\/><\/svg><\/span><\/span><\/span><\/a><\/span><\/div>\n<nav><ul class='ez-toc-list ez-toc-list-level-1 eztoc-toggle-hide-by-default' ><li class='ez-toc-page-1 ez-toc-heading-level-2'><a class=\"ez-toc-link ez-toc-heading-1\" href=\"https:\/\/moverdb.com\/it\/moving-companies\/moving-companies-mauritius\/#1_Celero\" >1. Celero<\/a><\/li><li class='ez-toc-page-1 ez-toc-heading-level-2'><a class=\"ez-toc-link ez-toc-heading-2\" href=\"https:\/\/moverdb.com\/it\/moving-companies\/moving-companies-mauritius\/#2_Freight_and_Transit_Co_Ltd\" >2. Freight and Transit Co Ltd<\/a><\/li><li class='ez-toc-page-1 ez-toc-heading-level-2'><a class=\"ez-toc-link ez-toc-heading-3\" href=\"https:\/\/moverdb.com\/it\/moving-companies\/moving-companies-mauritius\/#3_Relocation_and_Moving_Solutions_Ltd\" >3. Soluzioni di trasferimento e trasloco Ltd<\/a><\/li><li class='ez-toc-page-1 ez-toc-heading-level-2'><a class=\"ez-toc-link ez-toc-heading-4\" href=\"https:\/\/moverdb.com\/it\/moving-companies\/moving-companies-mauritius\/#4_Somatrans\" >4. Somatrans<\/a><\/li><li class='ez-toc-page-1 ez-toc-heading-level-2'><a class=\"ez-toc-link ez-toc-heading-5\" href=\"https:\/\/moverdb.com\/it\/moving-companies\/moving-companies-mauritius\/#5_Velogic\" >5. Velogic<\/a><\/li><li class='ez-toc-page-1 ez-toc-heading-level-2'><a class=\"ez-toc-link ez-toc-heading-6\" href=\"https:\/\/moverdb.com\/it\/moving-companies\/moving-companies-mauritius\/#6_Worldwide_Relocation_Services\" >6. Servizi di trasferimento in tutto il mondo<\/a><\/li><\/ul><\/nav><\/div>\n<h2><span class=\"ez-toc-section\" id=\"1_Celero\"><\/span><strong>1. Celero<\/strong><span class=\"ez-toc-section-end\"><\/span><\/h2>\n<p><img loading=\"lazy\" decoding=\"async\" class=\"alignnone size-full wp-image-8296\" src=\"https:\/\/moverdb.com\/wp-content\/uploads\/Celero-international-moving-company.png\" alt=\"Azienda di traslochi internazionali Celero\" width=\"1440\" height=\"671\" data-wp-pid=\"8296\" srcset=\"https:\/\/moverdb.com\/wp-content\/uploads\/Celero-international-moving-company.png 1440w, https:\/\/moverdb.com\/wp-content\/uploads\/Celero-international-moving-company-300x140.png 300w, https:\/\/moverdb.com\/wp-content\/uploads\/Celero-international-moving-company-1024x477.png 1024w, https:\/\/moverdb.com\/wp-content\/uploads\/Celero-international-moving-company-18x8.png 18w, https:\/\/moverdb.com\/wp-content\/uploads\/Celero-international-moving-company-600x280.png 600w\" sizes=\"auto, (max-width: 1440px) 100vw, 1440px\" \/><\/p>\n<ul>\n<li>Spostamenti internazionali<\/li>\n<li>Spostamenti residenziali<\/li>\n<li>Traslochi d'ufficio<\/li>\n<li>Servizio di imballaggio professionale<\/li>\n<li>Trasporto marittimo e aereo<\/li>\n<li>Servizio di consolidamento<\/li>\n<li>Sdoganamento<\/li>\n<li>Trasporto di animali domestici<\/li>\n<li>Assicurazione<\/li>\n<li>Stoccaggio sicuro<\/li>\n<\/ul>\n<p>Celero \u00e8 una societ\u00e0 di logistica indipendente fondata nel 2009 con sede alle Mauritius e un ufficio a <a href=\"https:\/\/moverdb.com\/it\/moving-companies\/moving-companies-madagascar\/\" data-internallinksmanager029f6b8e52c=\"297\" title=\"Le migliori imprese di traslochi internazionali in Madagascar\">Madagascar<\/a> anche. Sono membri di IAM con 14 anni di servizio, il che d\u00e0 loro accesso a una rete internazionale di agenti di trasloco che li assiste nei traslochi internazionali.<\/p>\n<p>Celero offre servizi di trasloco per abitazioni e uffici. Fornisce un servizio di imballaggio e confezionamento professionale per proteggere i vostri beni durante il trasporto e si occupa di disimballare e rimuovere i detriti. Organizzano il trasporto sicuro dei vostri beni per via aerea o marittima e vi assistono nello sdoganamento. Offrono anche il trasporto di animali domestici, l'assicurazione e strutture di stoccaggio sicure.<\/p>\n<p>Sito web: <a href=\"http:\/\/www.celerogroup.com\" target=\"_blank\" rel=\"noopener\">http:\/\/www.celerogroup.com<\/a><\/p>\n<h2><span class=\"ez-toc-section\" id=\"2_Freight_and_Transit_Co_Ltd\"><\/span><strong>2. Freight and Transit Co Ltd<\/strong><span class=\"ez-toc-section-end\"><\/span><\/h2>\n<p><img loading=\"lazy\" decoding=\"async\" class=\"alignnone size-full wp-image-8315\" src=\"https:\/\/moverdb.com\/wp-content\/uploads\/Freight-and-Transit-Co-Ltd-international-moving-company.png\" alt=\"Freight and Transit Co Ltd societ\u00e0 di traslochi internazionali\" width=\"1440\" height=\"655\" data-wp-pid=\"8315\" srcset=\"https:\/\/moverdb.com\/wp-content\/uploads\/Freight-and-Transit-Co-Ltd-international-moving-company.png 1440w, https:\/\/moverdb.com\/wp-content\/uploads\/Freight-and-Transit-Co-Ltd-international-moving-company-300x136.png 300w, https:\/\/moverdb.com\/wp-content\/uploads\/Freight-and-Transit-Co-Ltd-international-moving-company-1024x466.png 1024w, https:\/\/moverdb.com\/wp-content\/uploads\/Freight-and-Transit-Co-Ltd-international-moving-company-18x8.png 18w, https:\/\/moverdb.com\/wp-content\/uploads\/Freight-and-Transit-Co-Ltd-international-moving-company-600x273.png 600w\" sizes=\"auto, (max-width: 1440px) 100vw, 1440px\" \/><\/p>\n<ul>\n<li>Traslochi locali<\/li>\n<li>Traslochi internazionali<\/li>\n<li>Traslochi di abitazioni<\/li>\n<li>Soluzioni porta a porta<\/li>\n<li>Imballaggio professionale<\/li>\n<li>Trasporto marittimo e aereo<\/li>\n<li>Sdoganamento<\/li>\n<li>Trasporto di animali domestici<\/li>\n<li>Assicurazione<\/li>\n<li>Stoccaggio sicuro<\/li>\n<\/ul>\n<p>Freight and Transit Co Ltd \u00e8 una societ\u00e0 di trasporti e spedizioni fondata nel 1994. \u00c8 membro della IAM con 29 anni di servizio e questo le d\u00e0 accesso a una rete internazionale di agenti di trasloco.<\/p>\n<p>Freight and Transit Co Ltd offre un servizio di trasloco porta a porta a livello nazionale e internazionale. Fornisce un servizio di imballaggio professionale che comprende l'imballaggio e il confezionamento dei vostri beni, lo smontaggio e il montaggio dei mobili, il disimballaggio e la rimozione di eventuali detriti. Vi aiuteranno a scegliere l'opzione di trasloco pi\u00f9 ottimale, compreso il trasporto aereo e marittimo. Vi assisteranno nello sdoganamento e nella documentazione, oltre a offrirvi l'assicurazione e un deposito sicuro, se necessario.<\/p>\n<p>Sito web: <a href=\"http:\/\/www.ftl.mu\" target=\"_blank\" rel=\"noopener\">http:\/\/www.ftl.mu<\/a><\/p>\n<h2><span class=\"ez-toc-section\" id=\"3_Relocation_and_Moving_Solutions_Ltd\"><\/span><strong>3. Soluzioni di trasferimento e trasloco Ltd<\/strong><span class=\"ez-toc-section-end\"><\/span><\/h2>\n<p><img loading=\"lazy\" decoding=\"async\" class=\"alignnone size-full wp-image-8359\" src=\"https:\/\/moverdb.com\/wp-content\/uploads\/Relocation-and-Moving-Solutions-Ltd-international-moving-company.png\" alt=\"Relocation and Moving Solutions Ltd societ\u00e0 di traslochi internazionali\" width=\"1440\" height=\"679\" data-wp-pid=\"8359\" srcset=\"https:\/\/moverdb.com\/wp-content\/uploads\/Relocation-and-Moving-Solutions-Ltd-international-moving-company.png 1440w, https:\/\/moverdb.com\/wp-content\/uploads\/Relocation-and-Moving-Solutions-Ltd-international-moving-company-300x141.png 300w, https:\/\/moverdb.com\/wp-content\/uploads\/Relocation-and-Moving-Solutions-Ltd-international-moving-company-1024x483.png 1024w, https:\/\/moverdb.com\/wp-content\/uploads\/Relocation-and-Moving-Solutions-Ltd-international-moving-company-18x8.png 18w, https:\/\/moverdb.com\/wp-content\/uploads\/Relocation-and-Moving-Solutions-Ltd-international-moving-company-600x283.png 600w\" sizes=\"auto, (max-width: 1440px) 100vw, 1440px\" \/><\/p>\n<ul>\n<li>Movimenti nazionali<\/li>\n<li>Spostamenti internazionali<\/li>\n<li>Traslochi domestici<\/li>\n<li>Rimozione dell'ufficio<\/li>\n<li>Soluzioni personalizzate<\/li>\n<li>Servizi porta a porta<\/li>\n<li>Servizio di imballaggio<\/li>\n<li>Trasporto su strada, via mare o via aerea<\/li>\n<li>Sdoganamento<\/li>\n<li>Stoccaggio a breve e lungo termine<\/li>\n<\/ul>\n<p>Relocation and Moving Solutions Ltd \u00e8 un fornitore di servizi di trasloco porta a porta che offre servizi di trasloco all'interno, verso e da Mauritius. Collabora con partner accreditati per fornire i propri servizi a livello internazionale ed \u00e8 membro della IAM.<\/p>\n<p>Relocation and Moving Solutions Ltd offre servizi di trasloco su misura che includono un servizio porta a porta per traslochi nazionali e internazionali. Fornisce un servizio di imballaggio che utilizza materiali di altissima qualit\u00e0 per garantire la protezione degli oggetti, tra cui l'uso di casse e di legature. Organizza il trasporto dei vostri beni su strada, via aerea e via mare e vi assiste nello sdoganamento.<\/p>\n<p>Sito web: <a href=\"http:\/\/mauritius-relocation.com\/\" target=\"_blank\" rel=\"noopener\">http:\/\/mauritius-relocation.com\/<\/a><\/p>\n<h2><span class=\"ez-toc-section\" id=\"4_Somatrans\"><\/span><strong>4. Somatrans<\/strong><span class=\"ez-toc-section-end\"><\/span><\/h2>\n<p><img loading=\"lazy\" decoding=\"async\" class=\"alignnone size-full wp-image-8366\" src=\"https:\/\/moverdb.com\/wp-content\/uploads\/Somatrans-international-moving-company.png\" alt=\"Azienda di traslochi internazionali Somatrans\" width=\"1440\" height=\"632\" data-wp-pid=\"8366\" srcset=\"https:\/\/moverdb.com\/wp-content\/uploads\/Somatrans-international-moving-company.png 1440w, https:\/\/moverdb.com\/wp-content\/uploads\/Somatrans-international-moving-company-300x132.png 300w, https:\/\/moverdb.com\/wp-content\/uploads\/Somatrans-international-moving-company-1024x449.png 1024w, https:\/\/moverdb.com\/wp-content\/uploads\/Somatrans-international-moving-company-18x8.png 18w, https:\/\/moverdb.com\/wp-content\/uploads\/Somatrans-international-moving-company-600x263.png 600w\" sizes=\"auto, (max-width: 1440px) 100vw, 1440px\" \/><\/p>\n<ul>\n<li>Movimenti nazionali<\/li>\n<li>Spostamenti internazionali<\/li>\n<li>Traslochi di abitazioni<\/li>\n<li>Servizio porta a porta<\/li>\n<li>Servizio di imballaggio<\/li>\n<li>Trasporto marittimo e aereo<\/li>\n<li>Scelta di <a href=\"https:\/\/moverdb.com\/it\/shipping-container-sizes-and-dimensions\/\" data-internallinksmanager029f6b8e52c=\"247\" title=\"La guida definitiva alle misure e alle dimensioni dei container marittimi\">dimensioni del contenitore<\/a><\/li>\n<li>Brokeraggio doganale<\/li>\n<li>Assicurazione<\/li>\n<li>Strutture di stoccaggio<\/li>\n<\/ul>\n<p>Somatrans \u00e8 un'organizzazione internazionale <a href=\"https:\/\/moverdb.com\/it\/freight-forwarder\/\" data-internallinksmanager029f6b8e52c=\"17\" title=\"Spedizioniere e NVOCC Guida ai costi e alle societ\u00e0 internazionali\">spedizioniere<\/a> con sede a Ruche Terre e uffici presso l'aeroporto internazionale SSR. Hanno affiliazioni con traslocatori internazionali affidabili e qualificati che li aiutano a fornire servizi in tutto il mondo. Sono inoltre membri della IAM con 50 anni di servizio.<\/p>\n<p>Somatrans offre servizi di trasloco porta a porta con traslocatori professionisti esperti in traslochi internazionali. Offrono la possibilit\u00e0 di imballare i propri beni o di lasciarli imballare a loro, e forniscono pallet e casse. Offrono servizi di trasporto aereo e marittimo che comprendono carichi completi e carichi inferiori al container, nonch\u00e9 opzioni di consolidamento.<\/p>\n<p>Sito web: <a href=\"http:\/\/www.somatrans.mu\" target=\"_blank\" rel=\"noopener\">http:\/\/www.somatrans.mu<\/a><\/p>\n<h2><span class=\"ez-toc-section\" id=\"5_Velogic\"><\/span><strong>5. Velogic<\/strong><span class=\"ez-toc-section-end\"><\/span><\/h2>\n<p><img loading=\"lazy\" decoding=\"async\" class=\"alignnone size-full wp-image-8380\" src=\"https:\/\/moverdb.com\/wp-content\/uploads\/Velogic-international-moving-company.png\" alt=\"Azienda di traslochi internazionali Velogic\" width=\"1440\" height=\"678\" data-wp-pid=\"8380\" srcset=\"https:\/\/moverdb.com\/wp-content\/uploads\/Velogic-international-moving-company.png 1440w, https:\/\/moverdb.com\/wp-content\/uploads\/Velogic-international-moving-company-300x141.png 300w, https:\/\/moverdb.com\/wp-content\/uploads\/Velogic-international-moving-company-1024x482.png 1024w, https:\/\/moverdb.com\/wp-content\/uploads\/Velogic-international-moving-company-18x8.png 18w, https:\/\/moverdb.com\/wp-content\/uploads\/Velogic-international-moving-company-600x283.png 600w\" sizes=\"auto, (max-width: 1440px) 100vw, 1440px\" \/><\/p>\n<ul>\n<li>Movimenti nazionali<\/li>\n<li>Spostamenti internazionali<\/li>\n<li>Traslochi domestici<\/li>\n<li>Servizi aziendali<\/li>\n<li>Soluzioni su misura<\/li>\n<li>Trasporto terrestre, marittimo e aereo<\/li>\n<li>Gamma di opzioni di carico<\/li>\n<li>Sdoganamento<\/li>\n<li>Piattaforma di tracciamento<\/li>\n<li>Strutture di stoccaggio<\/li>\n<\/ul>\n<p>Velogic \u00e8 un'azienda di logistica che opera in tutto il mondo in 38 localit\u00e0, tra cui Mauritius, <a href=\"https:\/\/moverdb.com\/it\/moving-to-france\/\" data-internallinksmanager029f6b8e52c=\"315\" title=\"Trasferirsi in Francia? 2026 Costi di vita e consigli per il trasferimento\">Francia<\/a>, <a href=\"https:\/\/moverdb.com\/it\/moving-to-india\/\" data-internallinksmanager029f6b8e52c=\"356\" title=\"Trasferirsi in India? 2026 Costi di vita e consigli per il trasferimento\">India<\/a>, Madagascar, <a href=\"https:\/\/moverdb.com\/it\/moving-companies\/moving-companies-kenya\/\" data-internallinksmanager029f6b8e52c=\"305\" title=\"Le 4 migliori aziende di traslochi internazionali in Kenya\">Kenya<\/a> e l'Isola della Riunione. Collaborano con una rete di agenti di trasloco internazionali per estendere le loro risorse e capacit\u00e0 di fornire servizi a livello internazionale. \u00c8 membro della IAM con 30 anni di servizio.<\/p>\n<p>Velogic offre soluzioni su misura per le importazioni e le esportazioni, compresi i servizi di trasloco. Offre una gamma di opzioni di trasporto che comprende il trasporto aereo, marittimo e stradale completo di sdoganamento. Il trasporto via mare comprende carichi inferiori al container e carichi completi.<\/p>\n<p>Sito web: <a href=\"http:\/\/www.velogic.net\" target=\"_blank\" rel=\"noopener\">http:\/\/www.velogic.net<\/a><\/p>\n<h2><span class=\"ez-toc-section\" id=\"6_Worldwide_Relocation_Services\"><\/span><strong>6. Servizi di trasferimento in tutto il mondo<\/strong><span class=\"ez-toc-section-end\"><\/span><\/h2>\n<p>&nbsp;<img loading=\"lazy\" decoding=\"async\" class=\"alignnone size-full wp-image-8430\" src=\"https:\/\/moverdb.com\/wp-content\/uploads\/Worldwide-Relocation-Services-international-moving-company.png\" alt=\"Servizi di trasloco in tutto il mondo societ\u00e0 di traslochi internazionali\" width=\"1440\" height=\"683\" data-wp-pid=\"8430\" srcset=\"https:\/\/moverdb.com\/wp-content\/uploads\/Worldwide-Relocation-Services-international-moving-company.png 1440w, https:\/\/moverdb.com\/wp-content\/uploads\/Worldwide-Relocation-Services-international-moving-company-300x142.png 300w, https:\/\/moverdb.com\/wp-content\/uploads\/Worldwide-Relocation-Services-international-moving-company-1024x486.png 1024w, https:\/\/moverdb.com\/wp-content\/uploads\/Worldwide-Relocation-Services-international-moving-company-18x9.png 18w, https:\/\/moverdb.com\/wp-content\/uploads\/Worldwide-Relocation-Services-international-moving-company-600x285.png 600w\" sizes=\"auto, (max-width: 1440px) 100vw, 1440px\" \/><\/p>\n<ul>\n<li>Movimenti nazionali<\/li>\n<li>Spostamenti internazionali<\/li>\n<li>Traslochi e traslochi di abitazioni<\/li>\n<li>Traslochi d'ufficio<\/li>\n<li>Responsabile del trasloco personale<\/li>\n<li>Servizio porta a porta<\/li>\n<li>Servizio di imballaggio<\/li>\n<li>Trasporto con consulenza doganale<\/li>\n<li>Servizio di viaggio per animali domestici<\/li>\n<li>Strutture di stoccaggio<\/li>\n<\/ul>\n<p>Worldwide Relocation Services \u00e8 un'azienda di traslochi che offre una copertura globale per i traslochi di abitazioni. Collabora con una serie di agenti di trasloco in tutto il mondo per effettuare traslochi internazionali ed \u00e8 anche membro della IAM.<\/p>\n<p>Worldwide Relocation Services offre un approccio agile al trasporto e assegna un responsabile personale del trasloco e un consulente esperto di traslochi internazionali per assistervi. Offrono un servizio porta a porta che comprende l'imballaggio professionale, l'imballaggio di mobili e oggetti d'antiquariato, il trasloco di oggetti d'arte e il trasporto di animali domestici. Organizzano il trasporto dei vostri oggetti, che include consulenza doganale e assicurazione.<\/p>\n<p>Sito web: <a href=\"http:\/\/www.relocation.mu\" target=\"_blank\" rel=\"noopener\">http:\/\/www.relocation.mu<\/a><\/p>","protected":false},"excerpt":{"rendered":"<p>Moving home or business within, to or from Mauritius can be a stressful time as there is so much to organise and paperwork to complete if you are moving abroad. This is why many people engage the services of a moving company to make their life easier. Below we have compiled a list of Mauritius [&hellip;]<\/p>\n","protected":false},"author":4,"featured_media":0,"parent":190,"menu_order":0,"comment_status":"closed","ping_status":"closed","template":"","meta":{"_genesis_hide_title":false,"_genesis_hide_breadcrumbs":false,"_genesis_hide_singular_image":false,"_genesis_hide_footer_widgets":false,"_genesis_custom_body_class":"","_genesis_custom_post_class":"","_genesis_layout":"","footnotes":""},"class_list":{"0":"post-8429","1":"page","2":"type-page","3":"status-publish","5":"entry","6":"has-post-thumbnail"},"_links":{"self":[{"href":"https:\/\/moverdb.com\/it\/wp-json\/wp\/v2\/pages\/8429","targetHints":{"allow":["GET"]}}],"collection":[{"href":"https:\/\/moverdb.com\/it\/wp-json\/wp\/v2\/pages"}],"about":[{"href":"https:\/\/moverdb.com\/it\/wp-json\/wp\/v2\/types\/page"}],"author":[{"embeddable":true,"href":"https:\/\/moverdb.com\/it\/wp-json\/wp\/v2\/users\/4"}],"replies":[{"embeddable":true,"href":"https:\/\/moverdb.com\/it\/wp-json\/wp\/v2\/comments?post=8429"}],"version-history":[{"count":1,"href":"https:\/\/moverdb.com\/it\/wp-json\/wp\/v2\/pages\/8429\/revisions"}],"predecessor-version":[{"id":8431,"href":"https:\/\/moverdb.com\/it\/wp-json\/wp\/v2\/pages\/8429\/revisions\/8431"}],"up":[{"embeddable":true,"href":"https:\/\/moverdb.com\/it\/wp-json\/wp\/v2\/pages\/190"}],"wp:attachment":[{"href":"https:\/\/moverdb.com\/it\/wp-json\/wp\/v2\/media?parent=8429"}],"curies":[{"name":"wp","href":"https:\/\/api.w.org\/{rel}","templated":true}]}}