{"id":8412,"date":"2023-04-27T14:49:22","date_gmt":"2023-04-27T14:49:22","guid":{"rendered":"https:\/\/moverdb.com\/?page_id=8412"},"modified":"2026-01-08T15:23:48","modified_gmt":"2026-01-08T15:23:48","slug":"moving-companies-macedonia","status":"publish","type":"page","link":"https:\/\/moverdb.com\/it\/moving-companies\/moving-companies-macedonia\/","title":{"rendered":"2 Migliori imprese di traslochi internazionali in Macedonia"},"content":{"rendered":"<p>Il trasloco pu\u00f2 essere un momento frenetico, con molte attivit\u00e0 da svolgere e pratiche da completare, soprattutto se si tratta di un trasferimento all'estero. \u00c8 qui che un <a href=\"https:\/\/moverdb.com\/it\/moving-companies\/\" data-internallinksmanager029f6b8e52c=\"79\" title=\"Le 25 migliori aziende di traslochi internazionali online\">azienda di traslochi<\/a> possono aiutarvi ad alleggerire il carico e a gestire il trasloco per voi. Di seguito abbiamo stilato un elenco di aziende con sede in Macedonia <a href=\"https:\/\/moverdb.com\/it\/international-removals\/\" data-internallinksmanager029f6b8e52c=\"27\" title=\"36 Migliori aziende di traslochi internazionali del Regno Unito\">aziende di trasloco<\/a> che sono membri dell'associazione <a href=\"https:\/\/moverdb.com\/it\/iam\/\" data-internallinksmanager029f6b8e52c=\"23\" title=\"Spiegazione dell&#039;Associazione Internazionale dei Traslocatori (IAM)\">Associazione internazionale dei traslocatori<\/a> (IAM) e\/o <a href=\"https:\/\/moverdb.com\/it\/fidi-faim\/\" data-internallinksmanager029f6b8e52c=\"16\" title=\"FIDI e FAIM (FIDI Accredited International Mover) spiegati\">FIDI<\/a> Traslocatore internazionale accreditato (FAIM) che pu\u00f2 aiutarvi con il vostro trasloco.<\/p>\n<h2><strong>1. Orbit Ltd Internazionale<\/strong><\/h2>\n<p><img loading=\"lazy\" decoding=\"async\" class=\"alignnone size-full wp-image-8352\" src=\"https:\/\/moverdb.com\/wp-content\/uploads\/Orbit-Macedonia-international-moving-company.png\" alt=\"Orbit Macedonia societ\u00e0 di traslochi internazionali\" width=\"1440\" height=\"681\" data-wp-pid=\"8352\" srcset=\"https:\/\/moverdb.com\/wp-content\/uploads\/Orbit-Macedonia-international-moving-company.png 1440w, https:\/\/moverdb.com\/wp-content\/uploads\/Orbit-Macedonia-international-moving-company-300x142.png 300w, https:\/\/moverdb.com\/wp-content\/uploads\/Orbit-Macedonia-international-moving-company-1024x484.png 1024w, https:\/\/moverdb.com\/wp-content\/uploads\/Orbit-Macedonia-international-moving-company-18x9.png 18w, https:\/\/moverdb.com\/wp-content\/uploads\/Orbit-Macedonia-international-moving-company-600x284.png 600w\" sizes=\"auto, (max-width: 1440px) 100vw, 1440px\" \/><\/p>\n<ul>\n<li>Movimenti nazionali<\/li>\n<li>Spostamenti internazionali<\/li>\n<li>Traslochi di abitazioni<\/li>\n<li>Fiere e mostre<\/li>\n<li>Servizio porta a porta<\/li>\n<li>Trasporto stradale, marittimo e aereo<\/li>\n<li>Scelta di <a href=\"https:\/\/moverdb.com\/it\/shipping-container-sizes-and-dimensions\/\" data-internallinksmanager029f6b8e52c=\"247\" title=\"La guida definitiva alle misure e alle dimensioni dei container marittimi\">dimensioni del contenitore<\/a><\/li>\n<li>Sdoganamento<\/li>\n<li>Assicurazione<\/li>\n<li>Strutture di stoccaggio<\/li>\n<\/ul>\n<p>Orbit Ltd International \u00e8 una societ\u00e0 di spedizioni e traslochi fondata nel 2000 a Skopje, in Macedonia, e fa parte del Gruppo Orphee Beinoglou. Orbit \u00e8 specializzata nella Macedonia settentrionale e nel Kosovo, mentre Orphee Beinoglou \u00e8 specializzata in <a href=\"https:\/\/moverdb.com\/it\/moving-to-greece\/\" data-internallinksmanager029f6b8e52c=\"353\" title=\"Trasferirsi in Grecia? 2026 Costi di vita e consigli per il trasferimento\">Grecia<\/a> e dell'Europa orientale. \u00c8 membro dello IAM con 23 anni di servizio.<\/p>\n<p>Orbit Ltd International offre servizi di trasporto marittimo che comprendono una serie di opzioni come groupage, container completi e carichi alla rinfusa. Offrono servizi di trasporto aereo con una scelta di servizi premium, differiti, consolidati e noleggiati. Il servizio di trasporto via camion offre carichi completi o parziali. I loro servizi includono il monitoraggio delle spedizioni, le formalit\u00e0 doganali e l'assicurazione.<\/p>\n<p>Sito web: <a href=\"http:\/\/www.orbit.mk\" target=\"_blank\" rel=\"noopener\">http:\/\/www.orbit.mk<\/a><\/p>\n<h2><strong>2. DoraMoving<\/strong><\/h2>\n<p><img loading=\"lazy\" decoding=\"async\" class=\"alignnone size-full wp-image-8307\" src=\"https:\/\/moverdb.com\/wp-content\/uploads\/DoraMoving-international-moving-company.png\" alt=\"DoraMoving azienda di traslochi internazionali\" width=\"1440\" height=\"682\" data-wp-pid=\"8307\" srcset=\"https:\/\/moverdb.com\/wp-content\/uploads\/DoraMoving-international-moving-company.png 1440w, https:\/\/moverdb.com\/wp-content\/uploads\/DoraMoving-international-moving-company-300x142.png 300w, https:\/\/moverdb.com\/wp-content\/uploads\/DoraMoving-international-moving-company-1024x485.png 1024w, https:\/\/moverdb.com\/wp-content\/uploads\/DoraMoving-international-moving-company-18x9.png 18w, https:\/\/moverdb.com\/wp-content\/uploads\/DoraMoving-international-moving-company-600x284.png 600w\" sizes=\"auto, (max-width: 1440px) 100vw, 1440px\" \/><\/p>\n<ul>\n<li>Spostamenti locali<\/li>\n<li>Spostamenti internazionali<\/li>\n<li>Spostamenti residenziali<\/li>\n<li>Trasferte dell'azienda<\/li>\n<li>Servizi su misura<\/li>\n<li>Citazione individuale<\/li>\n<li>Servizio completo o parziale<\/li>\n<li>Servizio di imballaggio<\/li>\n<li>Organizzazione del trasporto<\/li>\n<li>Stoccaggio sicuro<\/li>\n<\/ul>\n<p>DoraMoving \u00e8 un'azienda di traslochi fondata nel 2019 a Skopje, in Macedonia, che offre servizi di trasloco locali e internazionali a clienti residenziali e aziendali. \u00c8 membro di IAM con quattro anni di servizio, il che le d\u00e0 accesso a una rete internazionale di agenti di trasloco che la supportano.<\/p>\n<p>DoraMoving offre servizi di trasloco su misura e vi fornir\u00e0 un preventivo per il vostro trasloco in base alle vostre esigenze e al vostro volume. Offrono la possibilit\u00e0 di scegliere tra un servizio di imballaggio o l'autoimballaggio con materiali forniti. Il servizio di imballaggio comprende l'imballaggio e il disimballaggio, nonch\u00e9 lo smontaggio e il montaggio dei mobili.<\/p>\n<p>Sito web: <a href=\"https:\/\/doramoving.com\/en\/international-moving\/\" target=\"_blank\" rel=\"noopener\">https:\/\/doramoving.com\/en\/international-moving\/<\/a><\/p>","protected":false},"excerpt":{"rendered":"<p>Moving can be a hectic time with a lot of tasks to do and paperwork to complete, especially if you are moving abroad. This is where a moving company can assist in lightening your load and managing the move for you. Below we have compiled a list of Macedonia based removal companies that are members [&hellip;]<\/p>\n","protected":false},"author":4,"featured_media":0,"parent":190,"menu_order":0,"comment_status":"closed","ping_status":"closed","template":"","meta":{"_genesis_hide_title":false,"_genesis_hide_breadcrumbs":false,"_genesis_hide_singular_image":false,"_genesis_hide_footer_widgets":false,"_genesis_custom_body_class":"","_genesis_custom_post_class":"","_genesis_layout":"","footnotes":""},"class_list":{"0":"post-8412","1":"page","2":"type-page","3":"status-publish","5":"entry","6":"has-post-thumbnail"},"_links":{"self":[{"href":"https:\/\/moverdb.com\/it\/wp-json\/wp\/v2\/pages\/8412","targetHints":{"allow":["GET"]}}],"collection":[{"href":"https:\/\/moverdb.com\/it\/wp-json\/wp\/v2\/pages"}],"about":[{"href":"https:\/\/moverdb.com\/it\/wp-json\/wp\/v2\/types\/page"}],"author":[{"embeddable":true,"href":"https:\/\/moverdb.com\/it\/wp-json\/wp\/v2\/users\/4"}],"replies":[{"embeddable":true,"href":"https:\/\/moverdb.com\/it\/wp-json\/wp\/v2\/comments?post=8412"}],"version-history":[{"count":1,"href":"https:\/\/moverdb.com\/it\/wp-json\/wp\/v2\/pages\/8412\/revisions"}],"predecessor-version":[{"id":8413,"href":"https:\/\/moverdb.com\/it\/wp-json\/wp\/v2\/pages\/8412\/revisions\/8413"}],"up":[{"embeddable":true,"href":"https:\/\/moverdb.com\/it\/wp-json\/wp\/v2\/pages\/190"}],"wp:attachment":[{"href":"https:\/\/moverdb.com\/it\/wp-json\/wp\/v2\/media?parent=8412"}],"curies":[{"name":"wp","href":"https:\/\/api.w.org\/{rel}","templated":true}]}}