{"id":8404,"date":"2023-04-27T14:48:01","date_gmt":"2023-04-27T14:48:01","guid":{"rendered":"https:\/\/moverdb.com\/?page_id=8404"},"modified":"2026-01-08T15:23:47","modified_gmt":"2026-01-08T15:23:47","slug":"moving-companies-lesotho","status":"publish","type":"page","link":"https:\/\/moverdb.com\/it\/moving-companies\/moving-companies-lesotho\/","title":{"rendered":"2 Migliori imprese di traslochi internazionali in Lesotho"},"content":{"rendered":"<p>Il trasloco pu\u00f2 essere un momento di stress, sia che si tratti di un trasloco di casa o di un trasloco di lavoro, e il livello di stress aumenta quando si tratta di un trasloco nazionale. \u00c8 per questo che molte persone si avvalgono dei servizi di un <a href=\"https:\/\/moverdb.com\/it\/moving-companies\/\" data-internallinksmanager029f6b8e52c=\"79\" title=\"Le 25 migliori aziende di traslochi internazionali online\">azienda di traslochi<\/a>. Qui di seguito abbiamo compilato un elenco di siti con sede in Lesotho. <a href=\"https:\/\/moverdb.com\/it\/international-removals\/\" data-internallinksmanager029f6b8e52c=\"27\" title=\"36 Migliori aziende di traslochi internazionali del Regno Unito\">aziende di trasloco<\/a> che sono membri dell'associazione <a href=\"https:\/\/moverdb.com\/it\/iam\/\" data-internallinksmanager029f6b8e52c=\"23\" title=\"Spiegazione dell&#039;Associazione Internazionale dei Traslocatori (IAM)\">Associazione internazionale dei traslocatori<\/a> (IAM) e\/o <a href=\"https:\/\/moverdb.com\/it\/fidi-faim\/\" data-internallinksmanager029f6b8e52c=\"16\" title=\"FIDI e FAIM (FIDI Accredited International Mover) spiegati\">FIDI<\/a> Traslocatore internazionale accreditato (FAIM) che pu\u00f2 aiutarvi con il vostro trasloco.<\/p>\n<h2><strong>1. Stuttaford Van Lines<\/strong><\/h2>\n<p><img loading=\"lazy\" decoding=\"async\" class=\"alignnone size-full wp-image-8368\" src=\"https:\/\/moverdb.com\/wp-content\/uploads\/Stuttaford-Van-Lines-international-moving-company.png\" alt=\"Azienda di traslochi internazionali Stuttaford Van Lines\" width=\"1440\" height=\"680\" data-wp-pid=\"8368\" srcset=\"https:\/\/moverdb.com\/wp-content\/uploads\/Stuttaford-Van-Lines-international-moving-company.png 1440w, https:\/\/moverdb.com\/wp-content\/uploads\/Stuttaford-Van-Lines-international-moving-company-300x142.png 300w, https:\/\/moverdb.com\/wp-content\/uploads\/Stuttaford-Van-Lines-international-moving-company-1024x484.png 1024w, https:\/\/moverdb.com\/wp-content\/uploads\/Stuttaford-Van-Lines-international-moving-company-18x9.png 18w, https:\/\/moverdb.com\/wp-content\/uploads\/Stuttaford-Van-Lines-international-moving-company-600x283.png 600w\" sizes=\"auto, (max-width: 1440px) 100vw, 1440px\" \/><\/p>\n<ul>\n<li>Movimenti nazionali<\/li>\n<li>Spostamenti internazionali<\/li>\n<li>Spostamenti residenziali<\/li>\n<li>Spostamenti d'affari<\/li>\n<li>Servizi su misura<\/li>\n<li>Servizio di imballaggio<\/li>\n<li>Trasferimento di veicoli e animali domestici<\/li>\n<li>Manipolazione di opere d'arte<\/li>\n<li>Assicurazione<\/li>\n<li>Stoccaggio a breve e lungo termine<\/li>\n<\/ul>\n<p>Stuttaford Van Lines \u00e8 un'azienda di traslochi al servizio di famiglie e aziende dalla met\u00e0 del 1800 con filiali in tutto il mondo. <a href=\"https:\/\/moverdb.com\/it\/moving-to-south-africa\/\" data-internallinksmanager029f6b8e52c=\"347\" title=\"Trasferirsi in Sudafrica? 2026 Costi di vita e consigli per il trasferimento\">Sudafrica<\/a> tra cui Masero, Lesotho. Sono membri della IAM con 47 anni di servizio e questo d\u00e0 loro accesso a una rete internazionale di agenti di trasloco che li supporta,<\/p>\n<p>Stuffaford Van Lines vi aiuter\u00e0 a pianificare e preparare con cura il vostro trasloco. Vi assegner\u00e0 un unico punto di contatto per supportarvi in ogni fase. Fornisce un servizio di imballaggio che comprende l'uso di imballaggi di alta qualit\u00e0 e coperture protettive, etichettando tutti i cartoni e redigendo un inventario.<\/p>\n<p>Sito web: <a href=\"http:\/\/www.stuttafordvanlines.co.za\" target=\"_blank\" rel=\"noopener\">http:\/\/www.stuttafordvanlines.co.za<\/a><\/p>\n<h2><strong>2. Logistica sicura<\/strong><\/h2>\n<p><img loading=\"lazy\" decoding=\"async\" class=\"alignnone size-full wp-image-8371\" src=\"https:\/\/moverdb.com\/wp-content\/uploads\/Sure-Logistics-international-moving-company.png\" alt=\"Sure Logistics azienda di traslochi internazionali\" width=\"1440\" height=\"678\" data-wp-pid=\"8371\" srcset=\"https:\/\/moverdb.com\/wp-content\/uploads\/Sure-Logistics-international-moving-company.png 1440w, https:\/\/moverdb.com\/wp-content\/uploads\/Sure-Logistics-international-moving-company-300x141.png 300w, https:\/\/moverdb.com\/wp-content\/uploads\/Sure-Logistics-international-moving-company-1024x482.png 1024w, https:\/\/moverdb.com\/wp-content\/uploads\/Sure-Logistics-international-moving-company-18x8.png 18w, https:\/\/moverdb.com\/wp-content\/uploads\/Sure-Logistics-international-moving-company-600x283.png 600w\" sizes=\"auto, (max-width: 1440px) 100vw, 1440px\" \/><\/p>\n<ul>\n<li>Spostamenti locali<\/li>\n<li>Trasferte all'estero<\/li>\n<li>Spostamenti a casa<\/li>\n<li>Traslochi d'ufficio<\/li>\n<li>Servizi di trasferimento<\/li>\n<li>Servizio di trasloco su misura<\/li>\n<li>Organizzazione del trasporto<\/li>\n<li>Opzioni del contenitore<\/li>\n<li><a href=\"https:\/\/moverdb.com\/it\/car-transport-shipping\/\" data-internallinksmanager029f6b8e52c=\"2\" title=\"2026 Preventivi per il trasporto internazionale di auto e veicoli\">Spedizione di veicoli<\/a><\/li>\n<li>Stoccaggio sicuro a breve e lungo termine<\/li>\n<\/ul>\n<p>Sure Logistics \u00e8 un'azienda specializzata nella gestione della logistica che offre una gamma di servizi di trasporto e soluzioni per la catena di approvvigionamento e ha sede a Masero. Collabora con partner di trasloco internazionali per fornire i propri servizi in altri Paesi. \u00c8 membro di IAM con nove anni di servizio.<\/p>\n<p>Sure Logistics offre servizi di trasloco all'interno del Lesotho, da e verso il Lesotho, per case e aziende, su misura per soddisfare le vostre esigenze. Offre anche servizi di trasloco che forniscono supporto HR ai dipendenti e pacchetti di mobilit\u00e0 globale specializzati in oltre 150 Paesi. Trasporter\u00e0 i vostri beni in modo sicuro e potr\u00e0 offrirvi carichi completi o inferiori al container.<\/p>\n<p>Sito web: <a href=\"http:\/\/www.surelogistics.co.ls\" target=\"_blank\" rel=\"noopener\">http:\/\/www.surelogistics.co.ls<\/a><\/p>","protected":false},"excerpt":{"rendered":"<p>Moving can be a stressful time whether you are moving your home or your business, and the stress level increases when you are moving countries. This is why so many people employ the services of a moving company. Below we have compiled a list of Lesotho based removal companies that are members of the International [&hellip;]<\/p>\n","protected":false},"author":4,"featured_media":0,"parent":190,"menu_order":0,"comment_status":"closed","ping_status":"closed","template":"","meta":{"_genesis_hide_title":false,"_genesis_hide_breadcrumbs":false,"_genesis_hide_singular_image":false,"_genesis_hide_footer_widgets":false,"_genesis_custom_body_class":"","_genesis_custom_post_class":"","_genesis_layout":"","footnotes":""},"class_list":{"0":"post-8404","1":"page","2":"type-page","3":"status-publish","5":"entry","6":"has-post-thumbnail"},"_links":{"self":[{"href":"https:\/\/moverdb.com\/it\/wp-json\/wp\/v2\/pages\/8404","targetHints":{"allow":["GET"]}}],"collection":[{"href":"https:\/\/moverdb.com\/it\/wp-json\/wp\/v2\/pages"}],"about":[{"href":"https:\/\/moverdb.com\/it\/wp-json\/wp\/v2\/types\/page"}],"author":[{"embeddable":true,"href":"https:\/\/moverdb.com\/it\/wp-json\/wp\/v2\/users\/4"}],"replies":[{"embeddable":true,"href":"https:\/\/moverdb.com\/it\/wp-json\/wp\/v2\/comments?post=8404"}],"version-history":[{"count":2,"href":"https:\/\/moverdb.com\/it\/wp-json\/wp\/v2\/pages\/8404\/revisions"}],"predecessor-version":[{"id":8418,"href":"https:\/\/moverdb.com\/it\/wp-json\/wp\/v2\/pages\/8404\/revisions\/8418"}],"up":[{"embeddable":true,"href":"https:\/\/moverdb.com\/it\/wp-json\/wp\/v2\/pages\/190"}],"wp:attachment":[{"href":"https:\/\/moverdb.com\/it\/wp-json\/wp\/v2\/media?parent=8404"}],"curies":[{"name":"wp","href":"https:\/\/api.w.org\/{rel}","templated":true}]}}