{"id":8402,"date":"2023-04-27T14:51:30","date_gmt":"2023-04-27T14:51:30","guid":{"rendered":"https:\/\/moverdb.com\/?page_id=8402"},"modified":"2026-01-08T15:29:28","modified_gmt":"2026-01-08T15:29:28","slug":"moving-companies-lebanon","status":"publish","type":"page","link":"https:\/\/moverdb.com\/it\/moving-companies\/moving-companies-lebanon\/","title":{"rendered":"7 Migliori imprese di traslochi internazionali in Libano"},"content":{"rendered":"<p>Il solo pensiero di trasferire la casa o l'azienda pu\u00f2 essere stressante e sembrare complicato se si intende trasferirsi all'estero. <a href=\"https:\/\/moverdb.com\/it\/moving-companies\/\" data-internallinksmanager029f6b8e52c=\"79\" title=\"Le 25 migliori aziende di traslochi internazionali online\">azienda di traslochi<\/a> possono aiutarci ad alleggerire il carico. Qui di seguito abbiamo compilato un elenco di siti con sede in Libano. <a href=\"https:\/\/moverdb.com\/it\/international-removals\/\" data-internallinksmanager029f6b8e52c=\"27\" title=\"36 Migliori aziende di traslochi internazionali del Regno Unito\">aziende di trasloco<\/a> che sono membri dell'associazione <a href=\"https:\/\/moverdb.com\/it\/iam\/\" data-internallinksmanager029f6b8e52c=\"23\" title=\"Spiegazione dell&#039;Associazione Internazionale dei Traslocatori (IAM)\">Associazione internazionale dei traslocatori<\/a> (IAM) e\/o <a href=\"https:\/\/moverdb.com\/it\/fidi-faim\/\" data-internallinksmanager029f6b8e52c=\"16\" title=\"FIDI e FAIM (FIDI Accredited International Mover) spiegati\">FIDI<\/a> Traslocatore internazionale accreditato (FAIM) che pu\u00f2 aiutarvi con il vostro trasloco.<\/p>\n<div id=\"ez-toc-container\" class=\"ez-toc-v2_0_82_2 ez-toc-wrap-left counter-hierarchy ez-toc-counter ez-toc-transparent ez-toc-container-direction\">\n<div class=\"ez-toc-title-container\">\n<p class=\"ez-toc-title\" style=\"cursor:inherit\">Sezioni<\/p>\n<span class=\"ez-toc-title-toggle\"><a href=\"#\" class=\"ez-toc-pull-right ez-toc-btn ez-toc-btn-xs ez-toc-btn-default ez-toc-toggle\" aria-label=\"Allinea la tabella dei contenuti\"><span class=\"ez-toc-js-icon-con\"><span class=\"\"><span class=\"eztoc-hide\" style=\"display:none;\">Toggle<\/span><span class=\"ez-toc-icon-toggle-span\"><svg style=\"fill: #999;color:#999\" xmlns=\"http:\/\/www.w3.org\/2000\/svg\" class=\"list-377408\" width=\"20px\" height=\"20px\" viewbox=\"0 0 24 24\" fill=\"none\"><path d=\"M6 6H4v2h2V6zm14 0H8v2h12V6zM4 11h2v2H4v-2zm16 0H8v2h12v-2zM4 16h2v2H4v-2zm16 0H8v2h12v-2z\" fill=\"currentColor\"><\/path><\/svg><svg style=\"fill: #999;color:#999\" class=\"arrow-unsorted-368013\" xmlns=\"http:\/\/www.w3.org\/2000\/svg\" width=\"10px\" height=\"10px\" viewbox=\"0 0 24 24\" version=\"1.2\" baseprofile=\"tiny\"><path d=\"M18.2 9.3l-6.2-6.3-6.2 6.3c-.2.2-.3.4-.3.7s.1.5.3.7c.2.2.4.3.7.3h11c.3 0 .5-.1.7-.3.2-.2.3-.5.3-.7s-.1-.5-.3-.7zM5.8 14.7l6.2 6.3 6.2-6.3c.2-.2.3-.5.3-.7s-.1-.5-.3-.7c-.2-.2-.4-.3-.7-.3h-11c-.3 0-.5.1-.7.3-.2.2-.3.5-.3.7s.1.5.3.7z\"\/><\/svg><\/span><\/span><\/span><\/a><\/span><\/div>\n<nav><ul class='ez-toc-list ez-toc-list-level-1 eztoc-toggle-hide-by-default' ><li class='ez-toc-page-1 ez-toc-heading-level-2'><a class=\"ez-toc-link ez-toc-heading-1\" href=\"https:\/\/moverdb.com\/it\/moving-companies\/moving-companies-lebanon\/#1_I-Movers\" >1. I-Movers<\/a><\/li><li class='ez-toc-page-1 ez-toc-heading-level-2'><a class=\"ez-toc-link ez-toc-heading-2\" href=\"https:\/\/moverdb.com\/it\/moving-companies\/moving-companies-lebanon\/#2_Adam_International_Movers\" >2. Adam International Movers<\/a><\/li><li class='ez-toc-page-1 ez-toc-heading-level-2'><a class=\"ez-toc-link ez-toc-heading-3\" href=\"https:\/\/moverdb.com\/it\/moving-companies\/moving-companies-lebanon\/#3_Orbit_International_Forwarders\" >3. Spedizionieri internazionali Orbit<\/a><\/li><li class='ez-toc-page-1 ez-toc-heading-level-2'><a class=\"ez-toc-link ez-toc-heading-4\" href=\"https:\/\/moverdb.com\/it\/moving-companies\/moving-companies-lebanon\/#4_All_Transportation_Agency\" >4. Tutte le agenzie di trasporto<\/a><\/li><li class='ez-toc-page-1 ez-toc-heading-level-2'><a class=\"ez-toc-link ez-toc-heading-5\" href=\"https:\/\/moverdb.com\/it\/moving-companies\/moving-companies-lebanon\/#5_Beirut_Express\" >5. Beirut Express<\/a><\/li><li class='ez-toc-page-1 ez-toc-heading-level-2'><a class=\"ez-toc-link ez-toc-heading-6\" href=\"https:\/\/moverdb.com\/it\/moving-companies\/moving-companies-lebanon\/#6_Domex\" >6. Domex<\/a><\/li><li class='ez-toc-page-1 ez-toc-heading-level-2'><a class=\"ez-toc-link ez-toc-heading-7\" href=\"https:\/\/moverdb.com\/it\/moving-companies\/moving-companies-lebanon\/#7_BCC_Logistics\" >7. Logistica BCC<\/a><\/li><\/ul><\/nav><\/div>\n<h2><span class=\"ez-toc-section\" id=\"1_I-Movers\"><\/span><strong>1. I-Movers<\/strong><span class=\"ez-toc-section-end\"><\/span><\/h2>\n<p><img loading=\"lazy\" decoding=\"async\" class=\"alignnone size-full wp-image-8327\" src=\"https:\/\/moverdb.com\/wp-content\/uploads\/I-Movers-international-moving-company.png\" alt=\"Azienda di traslochi internazionali I-Movers\" width=\"1440\" height=\"680\" data-wp-pid=\"8327\" srcset=\"https:\/\/moverdb.com\/wp-content\/uploads\/I-Movers-international-moving-company.png 1440w, https:\/\/moverdb.com\/wp-content\/uploads\/I-Movers-international-moving-company-300x142.png 300w, https:\/\/moverdb.com\/wp-content\/uploads\/I-Movers-international-moving-company-1024x484.png 1024w, https:\/\/moverdb.com\/wp-content\/uploads\/I-Movers-international-moving-company-18x9.png 18w, https:\/\/moverdb.com\/wp-content\/uploads\/I-Movers-international-moving-company-600x283.png 600w\" sizes=\"auto, (max-width: 1440px) 100vw, 1440px\" \/><\/p>\n<ul>\n<li>Spostamenti locali<\/li>\n<li>Spostamenti internazionali<\/li>\n<li>Traslochi domestici<\/li>\n<li>Movimenti aziendali<\/li>\n<li>Servizio su misura<\/li>\n<li>Servizio di imballaggio professionale<\/li>\n<li>Trasporto aereo e marittimo<\/li>\n<li>Documenti doganali<\/li>\n<li><a href=\"https:\/\/moverdb.com\/it\/car-transport-shipping\/\" data-internallinksmanager029f6b8e52c=\"2\" title=\"2026 Preventivi per il trasporto internazionale di auto e veicoli\">Spedizione di veicoli<\/a><\/li>\n<li>Opzioni di stoccaggio<\/li>\n<\/ul>\n<p>I-Movers \u00e8 un'azienda di traslochi internazionali che si rivolge a famiglie e aziende e ha sede a Beirut. \u00c8 membro di IAM con otto anni di servizio, che le consente di accedere a una rete internazionale di agenti di trasloco.<\/p>\n<p>I-Movers offre un sopralluogo virtuale per garantire velocit\u00e0 ed efficienza. Forniscono un servizio di trasloco su misura con un responsabile dedicato per gestire il vostro trasloco. Forniscono un servizio di imballaggio che utilizza materiale di prima qualit\u00e0 e squadre di imballatori ben addestrati che sono anche assicurati contro tutti i rischi. Forniscono un sistema di tracciabilit\u00e0 per le spedizioni aeree e marittime e un supporto per le pratiche burocratiche, compreso lo sdoganamento.<\/p>\n<p>Sito web: <a href=\"http:\/\/www.i-movers.com\" target=\"_blank\" rel=\"noopener\">http:\/\/www.i-movers.com<\/a><\/p>\n<h2><span class=\"ez-toc-section\" id=\"2_Adam_International_Movers\"><\/span><strong>2. Adam International Movers<\/strong><span class=\"ez-toc-section-end\"><\/span><\/h2>\n<p><img loading=\"lazy\" decoding=\"async\" class=\"alignnone size-full wp-image-8279\" src=\"https:\/\/moverdb.com\/wp-content\/uploads\/Adam-International-Movers-company.png\" alt=\"Azienda di traslochi internazionali Adam\" width=\"1440\" height=\"679\" data-wp-pid=\"8279\" srcset=\"https:\/\/moverdb.com\/wp-content\/uploads\/Adam-International-Movers-company.png 1440w, https:\/\/moverdb.com\/wp-content\/uploads\/Adam-International-Movers-company-300x141.png 300w, https:\/\/moverdb.com\/wp-content\/uploads\/Adam-International-Movers-company-1024x483.png 1024w, https:\/\/moverdb.com\/wp-content\/uploads\/Adam-International-Movers-company-18x8.png 18w, https:\/\/moverdb.com\/wp-content\/uploads\/Adam-International-Movers-company-600x283.png 600w\" sizes=\"auto, (max-width: 1440px) 100vw, 1440px\" \/><\/p>\n<ul>\n<li>Movimenti nazionali<\/li>\n<li>Spostamenti internazionali<\/li>\n<li>Traslochi domestici<\/li>\n<li>Traslochi d'ufficio<\/li>\n<li>Preventivi personalizzabili e a basso costo<\/li>\n<li>Servizio di imballaggio professionale<\/li>\n<li>Trasporto su strada, aereo o marittimo<\/li>\n<li>Sdoganamento<\/li>\n<li>Assicurazione<\/li>\n<li>Strutture di stoccaggio<\/li>\n<\/ul>\n<p>Adam International Movers \u00e8 un'azienda di servizi di imballaggio e trasloco per privati, case e uffici con sedi a Beirut, in Libano e in Armenia. Dispone di una rete di agenti e spedizionieri in tutto il mondo che la supportano nella fornitura di servizi internazionali. \u00c8 membro di IAM con sei anni di servizio.<\/p>\n<p>Adam International Movers offre un sopralluogo prima del trasloco per capire le vostre esigenze e fornirvi un preventivo. Fornisce un servizio di imballaggio professionale, fornito da personale qualificato che utilizza le tecniche pi\u00f9 recenti e materiali di imballaggio di alta qualit\u00e0. Gestiscono il trasporto dei vostri beni su strada, per via aerea o marittima e lo sdoganamento, se necessario.<\/p>\n<p>Sito web: <a href=\"http:\/\/www.adam-movers.com\" target=\"_blank\" rel=\"noopener\">http:\/\/www.adam-movers.com<\/a><\/p>\n<h2><span class=\"ez-toc-section\" id=\"3_Orbit_International_Forwarders\"><\/span><strong>3. Spedizionieri internazionali Orbit<\/strong><span class=\"ez-toc-section-end\"><\/span><\/h2>\n<p><img loading=\"lazy\" decoding=\"async\" class=\"alignnone size-full wp-image-8351\" src=\"https:\/\/moverdb.com\/wp-content\/uploads\/Orbit-International-Forwarders-Lebanon-moving-company.png\" alt=\"Orbit International Forwarders Azienda di traslochi del Libano\" width=\"1440\" height=\"679\" data-wp-pid=\"8351\" srcset=\"https:\/\/moverdb.com\/wp-content\/uploads\/Orbit-International-Forwarders-Lebanon-moving-company.png 1440w, https:\/\/moverdb.com\/wp-content\/uploads\/Orbit-International-Forwarders-Lebanon-moving-company-300x141.png 300w, https:\/\/moverdb.com\/wp-content\/uploads\/Orbit-International-Forwarders-Lebanon-moving-company-1024x483.png 1024w, https:\/\/moverdb.com\/wp-content\/uploads\/Orbit-International-Forwarders-Lebanon-moving-company-18x8.png 18w, https:\/\/moverdb.com\/wp-content\/uploads\/Orbit-International-Forwarders-Lebanon-moving-company-600x283.png 600w\" sizes=\"auto, (max-width: 1440px) 100vw, 1440px\" \/><\/p>\n<ul>\n<li>Traslochi locali e nazionali<\/li>\n<li>Traslochi in tutto il mondo<\/li>\n<li>Traslochi domestici<\/li>\n<li>Trasferimenti aziendali<\/li>\n<li>Servizio porta a porta<\/li>\n<li>Servizio di imballaggio<\/li>\n<li>Trasporto terrestre, marittimo o aereo<\/li>\n<li>Manipolazione delle belle arti<\/li>\n<li>Spedizione di veicoli a motore<\/li>\n<li>Strutture di stoccaggio<\/li>\n<\/ul>\n<p>Orbit International Forwarders \u00e8 un'azienda di imballaggio e trasloco fondata nel 1983. Ha nove sedi in Europa e in Asia, tra cui Beirut in Libano. Collabora con oltre mille agenti selezionati in quasi tutti i Paesi del mondo per fornire i propri servizi a livello internazionale. \u00c8 membro della IAM con 26 anni di servizio.<\/p>\n<p>Orbit International Forwarders offre un servizio personalizzato di trasloco porta a porta che inizia con un sopralluogo iniziale. Offre un servizio di imballaggio di alta qualit\u00e0 per proteggere i vostri beni e fornisce casse per gli oggetti fragili. Offre servizi aggiuntivi che comprendono la spedizione di veicoli a motore, la movimentazione di oggetti d'arte, la logistica delle mostre, la logistica dei media e dell'intrattenimento e le strutture di stoccaggio.<\/p>\n<p>Sito web: <a href=\"http:\/\/www.orbitlb.com\" target=\"_blank\" rel=\"noopener\">http:\/\/www.orbitlb.com<\/a><\/p>\n<h2><span class=\"ez-toc-section\" id=\"4_All_Transportation_Agency\"><\/span><strong>4. Tutte le agenzie di trasporto<\/strong><span class=\"ez-toc-section-end\"><\/span><\/h2>\n<p><img loading=\"lazy\" decoding=\"async\" class=\"alignnone size-full wp-image-8285\" src=\"https:\/\/moverdb.com\/wp-content\/uploads\/All-Transportation-Agency-international-moving-company.png\" alt=\"All Transportation Agency - Azienda di traslochi internazionali\" width=\"1440\" height=\"680\" data-wp-pid=\"8285\" srcset=\"https:\/\/moverdb.com\/wp-content\/uploads\/All-Transportation-Agency-international-moving-company.png 1440w, https:\/\/moverdb.com\/wp-content\/uploads\/All-Transportation-Agency-international-moving-company-300x142.png 300w, https:\/\/moverdb.com\/wp-content\/uploads\/All-Transportation-Agency-international-moving-company-1024x484.png 1024w, https:\/\/moverdb.com\/wp-content\/uploads\/All-Transportation-Agency-international-moving-company-18x9.png 18w, https:\/\/moverdb.com\/wp-content\/uploads\/All-Transportation-Agency-international-moving-company-600x283.png 600w\" sizes=\"auto, (max-width: 1440px) 100vw, 1440px\" \/><\/p>\n<ul>\n<li>Movimenti nazionali<\/li>\n<li>Spostamenti internazionali<\/li>\n<li>Traslochi domestici<\/li>\n<li>Progetti commerciali<\/li>\n<li>Servizio porta a porta<\/li>\n<li>Servizio di imballaggio professionale<\/li>\n<li>Trasporto terrestre, marittimo e aereo<\/li>\n<li>Sdoganamento<\/li>\n<li>Manipolazione delle belle arti<\/li>\n<li>Stoccaggio sicuro<\/li>\n<\/ul>\n<p>All Transportation Agency \u00e8 un'agenzia di spedizioni e di clearing fondata nel 1985 con sede a Beirut. Ha sedi anche a Tripoli, Saida e Tyr. \u00c8 membro della IAM, che le d\u00e0 accesso a una rete internazionale di agenti di trasloco in grado di assisterla nella fornitura di servizi a livello internazionale.<\/p>\n<p>All Transportation Agency offre un servizio porta a porta per le famiglie che si spostano all'interno, verso o dal Libano. Offre un servizio di imballaggio professionale per proteggere i vostri beni, compreso un servizio specializzato per le belle arti. Il servizio di imballaggio comprende anche lo smontaggio e il montaggio dei mobili e l'etichettatura delle scatole.<\/p>\n<p>Sito web: <a href=\"http:\/\/www.ata-lebanon.com\" target=\"_blank\" rel=\"noopener\">http:\/\/www.ata-lebanon.com<\/a><\/p>\n<h2><span class=\"ez-toc-section\" id=\"5_Beirut_Express\"><\/span><strong>5. Beirut Express<\/strong><span class=\"ez-toc-section-end\"><\/span><\/h2>\n<p><img loading=\"lazy\" decoding=\"async\" class=\"alignnone size-full wp-image-8293\" src=\"https:\/\/moverdb.com\/wp-content\/uploads\/Beirut-Express-international-moving-company.png\" alt=\"Azienda di traslochi internazionali Beirut Express\" width=\"1440\" height=\"681\" data-wp-pid=\"8293\" srcset=\"https:\/\/moverdb.com\/wp-content\/uploads\/Beirut-Express-international-moving-company.png 1440w, https:\/\/moverdb.com\/wp-content\/uploads\/Beirut-Express-international-moving-company-300x142.png 300w, https:\/\/moverdb.com\/wp-content\/uploads\/Beirut-Express-international-moving-company-1024x484.png 1024w, https:\/\/moverdb.com\/wp-content\/uploads\/Beirut-Express-international-moving-company-18x9.png 18w, https:\/\/moverdb.com\/wp-content\/uploads\/Beirut-Express-international-moving-company-600x284.png 600w\" sizes=\"auto, (max-width: 1440px) 100vw, 1440px\" \/><\/p>\n<ul>\n<li>Traslochi locali<\/li>\n<li>Trasferimenti internazionali<\/li>\n<li>Traslochi di abitazioni<\/li>\n<li>Traslochi d'ufficio<\/li>\n<li>Servizio di imballaggio professionale<\/li>\n<li>Materiali di imballaggio di qualit\u00e0<\/li>\n<li>Trasporto aereo e marittimo<\/li>\n<li>Sdoganamento<\/li>\n<li>Trasporto di veicoli<\/li>\n<li>Viaggi e biglietteria<\/li>\n<\/ul>\n<p>Beirut Express \u00e8 un servizio di traslochi e trasferimenti locali e internazionali che opera da 56 anni con sede a Beirut. Dispone di una rete mondiale di aziende associate e agenti accreditati ed \u00e8 membro della IAM.<\/p>\n<p>Beirut Express fornisce servizi di trasloco per famiglie, aziende e societ\u00e0, rendendo il trasloco il pi\u00f9 semplice possibile. Fornisce un servizio di imballaggio professionale con un personale qualificato che utilizza tecniche di alta protezione per proteggere i vostri beni durante il trasporto. Organizza il trasporto dei vostri beni per via aerea e marittima e vi assiste nello sdoganamento.<\/p>\n<p>Sito web: <a href=\"http:\/\/www.beirutexpress.com\" target=\"_blank\" rel=\"noopener\">http:\/\/www.beirutexpress.com<\/a><\/p>\n<h2><span class=\"ez-toc-section\" id=\"6_Domex\"><\/span><strong>6. Domex<\/strong><span class=\"ez-toc-section-end\"><\/span><\/h2>\n<p><img loading=\"lazy\" decoding=\"async\" class=\"alignnone size-full wp-image-8306\" src=\"https:\/\/moverdb.com\/wp-content\/uploads\/Domex-international-moving-company.png\" alt=\"Azienda di traslochi internazionali Domex\" width=\"1440\" height=\"681\" data-wp-pid=\"8306\" srcset=\"https:\/\/moverdb.com\/wp-content\/uploads\/Domex-international-moving-company.png 1440w, https:\/\/moverdb.com\/wp-content\/uploads\/Domex-international-moving-company-300x142.png 300w, https:\/\/moverdb.com\/wp-content\/uploads\/Domex-international-moving-company-1024x484.png 1024w, https:\/\/moverdb.com\/wp-content\/uploads\/Domex-international-moving-company-18x9.png 18w, https:\/\/moverdb.com\/wp-content\/uploads\/Domex-international-moving-company-600x284.png 600w\" sizes=\"auto, (max-width: 1440px) 100vw, 1440px\" \/><\/p>\n<ul>\n<li>Spostamenti internazionali<\/li>\n<li>Traslochi domestici<\/li>\n<li>Traslochi d'ufficio<\/li>\n<li>Servizio porta a porta<\/li>\n<li>Servizio di imballaggio<\/li>\n<li>Materiali di imballaggio di alta qualit\u00e0<\/li>\n<li>Sdoganamento<\/li>\n<li>Manipolazione di opere d'arte<\/li>\n<li>Assicurazione<\/li>\n<li>Strutture di stoccaggio<\/li>\n<\/ul>\n<p>Domex \u00e8 un'azienda di traslochi e magazzini che fornisce servizi internazionali da e per il Libano e ha sede a Beirut. Collabora con aziende di traslochi selezionate in tutto il mondo per fornire servizi al di fuori del Libano ed \u00e8 membro di IAM.<\/p>\n<p>Domex offre un servizio porta a porta a famiglie e uffici. Offre un servizio di imballaggio che utilizza materiali di alta qualit\u00e0 per proteggere gli oggetti e personale qualificato. Offre inoltre un servizio speciale per gli oggetti fragili e le belle arti. Organizza il percorso e il trasporto pi\u00f9 appropriato utilizzando il trasporto marittimo e aereo e vi assiste nello sdoganamento.<\/p>\n<p>Sito web: <a href=\"http:\/\/www.domexco.net\" target=\"_blank\" rel=\"noopener\">http:\/\/www.domexco.net<\/a><\/p>\n<h2><span class=\"ez-toc-section\" id=\"7_BCC_Logistics\"><\/span><strong>7. Logistica BCC<\/strong><span class=\"ez-toc-section-end\"><\/span><\/h2>\n<p><img loading=\"lazy\" decoding=\"async\" class=\"alignnone size-full wp-image-7673\" src=\"https:\/\/moverdb.com\/wp-content\/uploads\/BCC-Logistics-international-moving-company.png\" alt=\"Azienda di traslochi internazionali BCC Logistics\" width=\"1440\" height=\"634\" data-wp-pid=\"7673\" srcset=\"https:\/\/moverdb.com\/wp-content\/uploads\/BCC-Logistics-international-moving-company.png 1440w, https:\/\/moverdb.com\/wp-content\/uploads\/BCC-Logistics-international-moving-company-300x132.png 300w, https:\/\/moverdb.com\/wp-content\/uploads\/BCC-Logistics-international-moving-company-1024x451.png 1024w, https:\/\/moverdb.com\/wp-content\/uploads\/BCC-Logistics-international-moving-company-18x8.png 18w, https:\/\/moverdb.com\/wp-content\/uploads\/BCC-Logistics-international-moving-company-600x264.png 600w\" sizes=\"auto, (max-width: 1440px) 100vw, 1440px\" \/><\/p>\n<ul>\n<li>Movimenti nazionali<\/li>\n<li>Spostamenti internazionali<\/li>\n<li>Spostamenti residenziali<\/li>\n<li>Movimenti aziendali<\/li>\n<li>Servizio porta a porta<\/li>\n<li>Servizio di imballaggio<\/li>\n<li>Trasporto terrestre, marittimo e aereo<\/li>\n<li>Sdoganamento<\/li>\n<li>Manipolazione delle belle arti<\/li>\n<li>Strutture di stoccaggio<\/li>\n<\/ul>\n<p>BCC Logistics \u00e8 un'azienda di spedizioni globali con sede a Beirut, fondata nel 1993, con sedi a <a href=\"https:\/\/moverdb.com\/it\/moving-to-qatar\/\" data-internallinksmanager029f6b8e52c=\"334\" title=\"Trasferirsi in Qatar? 2026 Costi di vita e consigli per il trasferimento\">Qatar<\/a>, <a href=\"https:\/\/moverdb.com\/it\/moving-companies\/moving-companies-iraq\/\" data-internallinksmanager029f6b8e52c=\"314\" title=\"2 Migliori imprese di traslochi internazionali in Iraq\">Iraq<\/a> e <a href=\"https:\/\/moverdb.com\/it\/moving-to-saudi-arabia\/\" data-internallinksmanager029f6b8e52c=\"319\" title=\"Trasferirsi in Arabia Saudita? 2026 Costi di vita e consigli per il trasferimento\">Arabia Saudita<\/a>. Sono ben collegati con gli agenti di trasloco internazionali, il che consente loro di fornire servizi in tutto il mondo. Sono membri della IAM e sono accreditati dalla FIDI.<\/p>\n<p>BCC Logistics offre un servizio di trasloco porta a porta con un unico punto di contatto. Fornisce un servizio di imballaggio con materiali di qualit\u00e0 e offre spedizioni marittime in container e imballaggi tri-muro per spedizioni aeree con formalit\u00e0 doganali. Aiutano a imballare, disimballare e sistemare i mobili. Offrono inoltre la gestione di oggetti pesanti, il trasporto di veicoli e l'assicurazione.<\/p>\n<p>Sito web: <a href=\"http:\/\/www.bcclogistics.com\/\" target=\"_blank\" rel=\"noopener\">http:\/\/www.bcclogistics.com\/<\/a><\/p>","protected":false},"excerpt":{"rendered":"<p>Just thinking about moving your home or business can be stressful and seem complicated if you are planning on moving abroad, which is where a moving company can assist by lightening the load. Below we have compiled a list of Lebanon based removal companies that are members of the International Association of Movers (IAM) and\/or [&hellip;]<\/p>\n","protected":false},"author":4,"featured_media":0,"parent":190,"menu_order":0,"comment_status":"closed","ping_status":"closed","template":"","meta":{"_genesis_hide_title":false,"_genesis_hide_breadcrumbs":false,"_genesis_hide_singular_image":false,"_genesis_hide_footer_widgets":false,"_genesis_custom_body_class":"","_genesis_custom_post_class":"","_genesis_layout":"","footnotes":""},"class_list":{"0":"post-8402","1":"page","2":"type-page","3":"status-publish","5":"entry","6":"has-post-thumbnail"},"_links":{"self":[{"href":"https:\/\/moverdb.com\/it\/wp-json\/wp\/v2\/pages\/8402","targetHints":{"allow":["GET"]}}],"collection":[{"href":"https:\/\/moverdb.com\/it\/wp-json\/wp\/v2\/pages"}],"about":[{"href":"https:\/\/moverdb.com\/it\/wp-json\/wp\/v2\/types\/page"}],"author":[{"embeddable":true,"href":"https:\/\/moverdb.com\/it\/wp-json\/wp\/v2\/users\/4"}],"replies":[{"embeddable":true,"href":"https:\/\/moverdb.com\/it\/wp-json\/wp\/v2\/comments?post=8402"}],"version-history":[{"count":1,"href":"https:\/\/moverdb.com\/it\/wp-json\/wp\/v2\/pages\/8402\/revisions"}],"predecessor-version":[{"id":8403,"href":"https:\/\/moverdb.com\/it\/wp-json\/wp\/v2\/pages\/8402\/revisions\/8403"}],"up":[{"embeddable":true,"href":"https:\/\/moverdb.com\/it\/wp-json\/wp\/v2\/pages\/190"}],"wp:attachment":[{"href":"https:\/\/moverdb.com\/it\/wp-json\/wp\/v2\/media?parent=8402"}],"curies":[{"name":"wp","href":"https:\/\/api.w.org\/{rel}","templated":true}]}}