{"id":8390,"date":"2023-04-27T14:54:37","date_gmt":"2023-04-27T14:54:37","guid":{"rendered":"https:\/\/moverdb.com\/?page_id=8390"},"modified":"2026-01-08T15:29:21","modified_gmt":"2026-01-08T15:29:21","slug":"moving-companies-jordan","status":"publish","type":"page","link":"https:\/\/moverdb.com\/it\/moving-companies\/moving-companies-jordan\/","title":{"rendered":"Le 6 migliori imprese di traslochi internazionali in Giordania"},"content":{"rendered":"<p>State cambiando casa o azienda? Allora l'organizzazione e le pratiche burocratiche potrebbero iniziare a scoraggiarvi, per cui potreste desiderare l'assistenza di un <a href=\"https:\/\/moverdb.com\/it\/moving-companies\/\" data-internallinksmanager029f6b8e52c=\"79\" title=\"Le 25 migliori aziende di traslochi internazionali online\">azienda di traslochi<\/a>. Se state cercando di trasferirvi in Giordania, da o verso di essa, abbiamo compilato il seguente elenco di <a href=\"https:\/\/moverdb.com\/it\/international-removals\/\" data-internallinksmanager029f6b8e52c=\"27\" title=\"36 Migliori aziende di traslochi internazionali del Regno Unito\">aziende di trasloco<\/a> che sono membri dell'associazione <a href=\"https:\/\/moverdb.com\/it\/iam\/\" data-internallinksmanager029f6b8e52c=\"23\" title=\"Spiegazione dell&#039;Associazione Internazionale dei Traslocatori (IAM)\">Associazione internazionale dei traslocatori<\/a> (IAM) e\/o <a href=\"https:\/\/moverdb.com\/it\/fidi-faim\/\" data-internallinksmanager029f6b8e52c=\"16\" title=\"FIDI e FAIM (FIDI Accredited International Mover) spiegati\">FIDI<\/a> Traslocatori internazionali accreditati (FAIM) che possono assistervi nel vostro trasloco.<\/p>\n<div id=\"ez-toc-container\" class=\"ez-toc-v2_0_82_2 ez-toc-wrap-left counter-hierarchy ez-toc-counter ez-toc-transparent ez-toc-container-direction\">\n<div class=\"ez-toc-title-container\">\n<p class=\"ez-toc-title\" style=\"cursor:inherit\">Sezioni<\/p>\n<span class=\"ez-toc-title-toggle\"><a href=\"#\" class=\"ez-toc-pull-right ez-toc-btn ez-toc-btn-xs ez-toc-btn-default ez-toc-toggle\" aria-label=\"Allinea la tabella dei contenuti\"><span class=\"ez-toc-js-icon-con\"><span class=\"\"><span class=\"eztoc-hide\" style=\"display:none;\">Toggle<\/span><span class=\"ez-toc-icon-toggle-span\"><svg style=\"fill: #999;color:#999\" xmlns=\"http:\/\/www.w3.org\/2000\/svg\" class=\"list-377408\" width=\"20px\" height=\"20px\" viewbox=\"0 0 24 24\" fill=\"none\"><path d=\"M6 6H4v2h2V6zm14 0H8v2h12V6zM4 11h2v2H4v-2zm16 0H8v2h12v-2zM4 16h2v2H4v-2zm16 0H8v2h12v-2z\" fill=\"currentColor\"><\/path><\/svg><svg style=\"fill: #999;color:#999\" class=\"arrow-unsorted-368013\" xmlns=\"http:\/\/www.w3.org\/2000\/svg\" width=\"10px\" height=\"10px\" viewbox=\"0 0 24 24\" version=\"1.2\" baseprofile=\"tiny\"><path d=\"M18.2 9.3l-6.2-6.3-6.2 6.3c-.2.2-.3.4-.3.7s.1.5.3.7c.2.2.4.3.7.3h11c.3 0 .5-.1.7-.3.2-.2.3-.5.3-.7s-.1-.5-.3-.7zM5.8 14.7l6.2 6.3 6.2-6.3c.2-.2.3-.5.3-.7s-.1-.5-.3-.7c-.2-.2-.4-.3-.7-.3h-11c-.3 0-.5.1-.7.3-.2.2-.3.5-.3.7s.1.5.3.7z\"\/><\/svg><\/span><\/span><\/span><\/a><\/span><\/div>\n<nav><ul class='ez-toc-list ez-toc-list-level-1 eztoc-toggle-hide-by-default' ><li class='ez-toc-page-1 ez-toc-heading-level-2'><a class=\"ez-toc-link ez-toc-heading-1\" href=\"https:\/\/moverdb.com\/it\/moving-companies\/moving-companies-jordan\/#1_CML_Safe_Pak\" >1. CML Safe Pak<\/a><\/li><li class='ez-toc-page-1 ez-toc-heading-level-2'><a class=\"ez-toc-link ez-toc-heading-2\" href=\"https:\/\/moverdb.com\/it\/moving-companies\/moving-companies-jordan\/#2_Jirpac\" >2. Jirpac<\/a><\/li><li class='ez-toc-page-1 ez-toc-heading-level-2'><a class=\"ez-toc-link ez-toc-heading-3\" href=\"https:\/\/moverdb.com\/it\/moving-companies\/moving-companies-jordan\/#3_Jordanian_Coast_Cargo_Service\" >3. Servizio cargo della costa giordana<\/a><\/li><li class='ez-toc-page-1 ez-toc-heading-level-2'><a class=\"ez-toc-link ez-toc-heading-4\" href=\"https:\/\/moverdb.com\/it\/moving-companies\/moving-companies-jordan\/#4_Levant_Express\" >4. Espresso del Levante<\/a><\/li><li class='ez-toc-page-1 ez-toc-heading-level-2'><a class=\"ez-toc-link ez-toc-heading-5\" href=\"https:\/\/moverdb.com\/it\/moving-companies\/moving-companies-jordan\/#5_Logistimania\" >5. Logistimania<\/a><\/li><li class='ez-toc-page-1 ez-toc-heading-level-2'><a class=\"ez-toc-link ez-toc-heading-6\" href=\"https:\/\/moverdb.com\/it\/moving-companies\/moving-companies-jordan\/#6_Naouri_Group\" >6. Gruppo Naouri<\/a><\/li><\/ul><\/nav><\/div>\n<h2><span class=\"ez-toc-section\" id=\"1_CML_Safe_Pak\"><\/span><strong>1. CML Safe Pak<\/strong><span class=\"ez-toc-section-end\"><\/span><\/h2>\n<p><img loading=\"lazy\" decoding=\"async\" class=\"alignnone size-full wp-image-8391\" src=\"https:\/\/moverdb.com\/wp-content\/uploads\/CML-Safe-Pak-international-moving-company.png\" alt=\"Azienda di traslochi internazionali CML Safe Pak\" width=\"1440\" height=\"667\" data-wp-pid=\"8391\" srcset=\"https:\/\/moverdb.com\/wp-content\/uploads\/CML-Safe-Pak-international-moving-company.png 1440w, https:\/\/moverdb.com\/wp-content\/uploads\/CML-Safe-Pak-international-moving-company-300x139.png 300w, https:\/\/moverdb.com\/wp-content\/uploads\/CML-Safe-Pak-international-moving-company-1024x474.png 1024w, https:\/\/moverdb.com\/wp-content\/uploads\/CML-Safe-Pak-international-moving-company-18x8.png 18w, https:\/\/moverdb.com\/wp-content\/uploads\/CML-Safe-Pak-international-moving-company-600x278.png 600w\" sizes=\"auto, (max-width: 1440px) 100vw, 1440px\" \/><\/p>\n<ul>\n<li>Trasferimenti locali e nazionali<\/li>\n<li>Trasferimenti internazionali<\/li>\n<li>Spostamenti residenziali<\/li>\n<li>Coordinatore del movimento<\/li>\n<li>Servizio di imballaggio<\/li>\n<li>Trasporto terrestre, marittimo e aereo<\/li>\n<li>Sdoganamento<\/li>\n<li>Trasporto di animali domestici<\/li>\n<li>Servizi di pulizia<\/li>\n<li>Stoccaggio sicuro<\/li>\n<\/ul>\n<p>CML Safe Pak \u00e8 una societ\u00e0 di servizi di trasloco, logistica e trasporto che aiuta le persone a spostarsi dal 1992 e ha sede ad Amman. \u00c8 membro di <a href=\"https:\/\/moverdb.com\/it\/harmony-relocation-network\/\" data-internallinksmanager029f6b8e52c=\"20\" title=\"Harmony Relocation Network (HRN) spiegato\">Rete Harmony Relocation<\/a> e IAM con 31 anni di servizio e sono accreditati dalla FIDI. Queste associazioni danno accesso a una rete internazionale di agenti di trasloco.<\/p>\n<p>CML Safe Pak offre una consulenza pre-movimento con un consulente di trasloco per valutare le vostre esigenze. Il coordinatore del trasloco si occuper\u00e0 di tutta la logistica del trasloco, comprese le pratiche burocratiche e lo sdoganamento. Fornisce servizi aggiuntivi che includono servizi di pulizia del trasloco, trasloco di oggetti d'arte e d'antiquariato e trasporto di animali domestici.<\/p>\n<p>Sito web: <a href=\"http:\/\/www.cml-jo.com\" target=\"_blank\" rel=\"noopener\">http:\/\/www.cml-jo.com<\/a><\/p>\n<h2><span class=\"ez-toc-section\" id=\"2_Jirpac\"><\/span><strong>2. Jirpac<\/strong><span class=\"ez-toc-section-end\"><\/span><\/h2>\n<p><img loading=\"lazy\" decoding=\"async\" class=\"alignnone size-full wp-image-8333\" src=\"https:\/\/moverdb.com\/wp-content\/uploads\/Jirpac-international-moving-company.png\" alt=\"Azienda di traslochi internazionali Jirpac\" width=\"1440\" height=\"679\" data-wp-pid=\"8333\" srcset=\"https:\/\/moverdb.com\/wp-content\/uploads\/Jirpac-international-moving-company.png 1440w, https:\/\/moverdb.com\/wp-content\/uploads\/Jirpac-international-moving-company-300x141.png 300w, https:\/\/moverdb.com\/wp-content\/uploads\/Jirpac-international-moving-company-1024x483.png 1024w, https:\/\/moverdb.com\/wp-content\/uploads\/Jirpac-international-moving-company-18x8.png 18w, https:\/\/moverdb.com\/wp-content\/uploads\/Jirpac-international-moving-company-600x283.png 600w\" sizes=\"auto, (max-width: 1440px) 100vw, 1440px\" \/><\/p>\n<ul>\n<li>Movimenti nazionali<\/li>\n<li>Spostamenti internazionali<\/li>\n<li>Traslochi domestici<\/li>\n<li>Trasferte dei dipendenti<\/li>\n<li>Traslochi di aziende e uffici<\/li>\n<li>Servizio di imballaggio<\/li>\n<li>Trasporto terrestre, marittimo e aereo<\/li>\n<li>Brokeraggio doganale<\/li>\n<li>Assicurazione<\/li>\n<li>Strutture di stoccaggio sicure<\/li>\n<\/ul>\n<p>Jirpac \u00e8 un'azienda di traslochi e imballaggi internazionali fondata nel 1978 con sede ad Amman. Ha una rete di corrispondenti in tutto il mondo, in 170 Paesi, che la assistono nella fornitura di servizi a livello internazionale. \u00c8 membro della IAM con 45 anni di servizio.<\/p>\n<p>Jirpac offre servizi di trasloco nazionali e internazionali a famiglie e organizzazioni. Offre un servizio di imballaggio che prevede una variet\u00e0 di materiali e cartoni per proteggere i vostri beni durante il trasporto, conformi agli standard internazionali. Offre trasporti via terra, aria e mare con servizi di sdoganamento.<\/p>\n<p>Sito web: <a href=\"http:\/\/www.jirpac.com\" target=\"_blank\" rel=\"noopener\">http:\/\/www.jirpac.com<\/a><\/p>\n<h2><span class=\"ez-toc-section\" id=\"3_Jordanian_Coast_Cargo_Service\"><\/span><strong>3. Servizio cargo della costa giordana<\/strong><span class=\"ez-toc-section-end\"><\/span><\/h2>\n<p><img loading=\"lazy\" decoding=\"async\" class=\"alignnone size-full wp-image-8334\" src=\"https:\/\/moverdb.com\/wp-content\/uploads\/Jordanian-Coast-Cargo-Services-international-moving-company.png\" alt=\"Servizi di trasporto internazionale della Costa giordana\" width=\"1440\" height=\"677\" data-wp-pid=\"8334\" srcset=\"https:\/\/moverdb.com\/wp-content\/uploads\/Jordanian-Coast-Cargo-Services-international-moving-company.png 1440w, https:\/\/moverdb.com\/wp-content\/uploads\/Jordanian-Coast-Cargo-Services-international-moving-company-300x141.png 300w, https:\/\/moverdb.com\/wp-content\/uploads\/Jordanian-Coast-Cargo-Services-international-moving-company-1024x481.png 1024w, https:\/\/moverdb.com\/wp-content\/uploads\/Jordanian-Coast-Cargo-Services-international-moving-company-18x8.png 18w, https:\/\/moverdb.com\/wp-content\/uploads\/Jordanian-Coast-Cargo-Services-international-moving-company-600x282.png 600w\" sizes=\"auto, (max-width: 1440px) 100vw, 1440px\" \/><\/p>\n<ul>\n<li>Traslochi nazionali<\/li>\n<li>Traslochi internazionali<\/li>\n<li>Traslochi domestici<\/li>\n<li>Servizi commerciali<\/li>\n<li>Servizio porta a porta<\/li>\n<li>Servizio di imballaggio professionale<\/li>\n<li>Trasporto terrestre, aereo e marittimo<\/li>\n<li>Sdoganamento<\/li>\n<li>Trasporto di veicoli e animali domestici<\/li>\n<li>Stoccaggio sicuro a breve e lungo termine<\/li>\n<\/ul>\n<p>Jordanian Coast Cargo Services \u00e8 una societ\u00e0 di spedizioni, <a href=\"https:\/\/moverdb.com\/it\/freight-forwarder\/\" data-internallinksmanager029f6b8e52c=\"17\" title=\"Spedizioniere e NVOCC Guida ai costi e alle societ\u00e0 internazionali\">spedizioniere<\/a> e di magazzinaggio che fornisce servizi di trasloco e traslochi diplomatici. \u00c8 stata fondata nel 2000 e ha sede ad Amman. Collabora con organizzazioni internazionali per fornire i propri servizi in tutto il mondo. \u00c8 membro dell'IAM con 23 anni di servizio.<\/p>\n<p>Jordanian Coast Cargo Services offre un servizio porta a porta con imballatori altamente qualificati che utilizzano materiali di imballaggio e casse di alta qualit\u00e0 per spostare i vostri effetti personali in modo sicuro. Organizzano il trasporto con sdoganamento, che pu\u00f2 avvenire per via terrestre, aerea o marittima in carichi inferiori al container e in carichi completi.<\/p>\n<p>Sito web: <a href=\"http:\/\/www.jordaniancoastco.com\" target=\"_blank\" rel=\"noopener\">http:\/\/www.jordaniancoastco.com<\/a><\/p>\n<h2><span class=\"ez-toc-section\" id=\"4_Levant_Express\"><\/span><strong>4. Espresso del Levante<\/strong><span class=\"ez-toc-section-end\"><\/span><\/h2>\n<p><img loading=\"lazy\" decoding=\"async\" class=\"alignnone size-full wp-image-8392\" src=\"https:\/\/moverdb.com\/wp-content\/uploads\/Levant-Express-international-moving-company.png\" alt=\"Azienda di traslochi internazionali Levant Express\" width=\"1440\" height=\"683\" data-wp-pid=\"8392\" srcset=\"https:\/\/moverdb.com\/wp-content\/uploads\/Levant-Express-international-moving-company.png 1440w, https:\/\/moverdb.com\/wp-content\/uploads\/Levant-Express-international-moving-company-300x142.png 300w, https:\/\/moverdb.com\/wp-content\/uploads\/Levant-Express-international-moving-company-1024x486.png 1024w, https:\/\/moverdb.com\/wp-content\/uploads\/Levant-Express-international-moving-company-18x9.png 18w, https:\/\/moverdb.com\/wp-content\/uploads\/Levant-Express-international-moving-company-600x285.png 600w\" sizes=\"auto, (max-width: 1440px) 100vw, 1440px\" \/><\/p>\n<ul>\n<li>Traslochi nazionali<\/li>\n<li>Traslochi internazionali<\/li>\n<li>Traslochi di abitazioni<\/li>\n<li>Sondaggio iniziale<\/li>\n<li>Servizio di imballaggio<\/li>\n<li>Inventario<\/li>\n<li>Trasporto via terra, mare e aria<\/li>\n<li>Sdoganamento<\/li>\n<li>Assicurazione<\/li>\n<li>Strutture di stoccaggio<\/li>\n<\/ul>\n<p>Levant Express \u00e8 un fornitore di soluzioni di supply chain end-to-end che offre servizi di trasloco. L'azienda \u00e8 stata fondata nel 1930 e ha sedi in Giordania e <a href=\"https:\/\/moverdb.com\/it\/moving-companies\/moving-companies-lebanon\/\" data-internallinksmanager029f6b8e52c=\"302\" title=\"7 Migliori imprese di traslochi internazionali in Libano\">Libano<\/a>. Sono membri di IAM con 93 anni di servizio e hanno accesso a una rete internazionale di agenti di trasloco che li supporta.<\/p>\n<p>Levant Express offre un sopralluogo prima del trasloco per stimare il volume del vostro trasloco e creare un preventivo. Fornisce un servizio di imballaggio che protegge i vostri beni durante il trasporto utilizzando i materiali di imballaggio pi\u00f9 appropriati, tra cui cartoni e casse. Tutti i pacchi vengono etichettati e viene redatto un inventario.<\/p>\n<p>Sito web: <a href=\"http:\/\/www.levantexpress.net\" target=\"_blank\" rel=\"noopener\">http:\/\/www.levantexpress.net<\/a><\/p>\n<h2><span class=\"ez-toc-section\" id=\"5_Logistimania\"><\/span><strong>5. <\/strong><strong>Logistimania<\/strong><span class=\"ez-toc-section-end\"><\/span><\/h2>\n<p><img loading=\"lazy\" decoding=\"async\" class=\"alignnone size-full wp-image-8337\" src=\"https:\/\/moverdb.com\/wp-content\/uploads\/Logistimania-international-moving-company.png\" alt=\"Logistimania azienda di traslochi internazionali\" width=\"1440\" height=\"676\" data-wp-pid=\"8337\" srcset=\"https:\/\/moverdb.com\/wp-content\/uploads\/Logistimania-international-moving-company.png 1440w, https:\/\/moverdb.com\/wp-content\/uploads\/Logistimania-international-moving-company-300x141.png 300w, https:\/\/moverdb.com\/wp-content\/uploads\/Logistimania-international-moving-company-1024x481.png 1024w, https:\/\/moverdb.com\/wp-content\/uploads\/Logistimania-international-moving-company-18x8.png 18w, https:\/\/moverdb.com\/wp-content\/uploads\/Logistimania-international-moving-company-600x282.png 600w\" sizes=\"auto, (max-width: 1440px) 100vw, 1440px\" \/><\/p>\n<ul>\n<li>Movimenti nazionali<\/li>\n<li>Spostamenti internazionali<\/li>\n<li>Trasferimenti di famiglie<\/li>\n<li>Carico commerciale<\/li>\n<li>Servizio porta a porta<\/li>\n<li>Servizio di imballaggio professionale<\/li>\n<li>Materiali di imballaggio di alta qualit\u00e0<\/li>\n<li>Trasporto aereo, marittimo e stradale<\/li>\n<li>Sdoganamento<\/li>\n<li>Strutture di stoccaggio<\/li>\n<\/ul>\n<p>Logistimania \u00e8 una societ\u00e0 di traslochi e spedizioni internazionali nata a Stoccolma, ma con una filiale ad Amman, in Giordania. L'azienda intrattiene rapporti a lungo termine con compagnie di navigazione, agenti di trasporto e fornitori di servizi di autotrasporto per fornire i propri servizi in tutto il mondo ed \u00e8 anche membro della IAM.<\/p>\n<p>Logistimania offre servizi di trasloco e trasferimento porta a porta. Fornisce un servizio di imballaggio professionale che utilizza materiali di alta qualit\u00e0 per proteggere i vostri oggetti durante il trasporto. Organizza il trasporto per via aerea, marittima e stradale, con l'eventuale sdoganamento. All'arrivo, vi assisteranno nel disimballaggio dei vostri articoli.<\/p>\n<p>Sito web: <a href=\"http:\/\/www.logistimania.com\" target=\"_blank\" rel=\"noopener\">http:\/\/www.logistimania.com<\/a><\/p>\n<h2><span class=\"ez-toc-section\" id=\"6_Naouri_Group\"><\/span><strong>6. Gruppo Naouri<\/strong><span class=\"ez-toc-section-end\"><\/span><\/h2>\n<p><img loading=\"lazy\" decoding=\"async\" class=\"alignnone size-full wp-image-8347\" src=\"https:\/\/moverdb.com\/wp-content\/uploads\/Naouri-Group-international-moving-company.png\" alt=\"Gruppo Naouri societ\u00e0 di traslochi internazionali\" width=\"1440\" height=\"680\" data-wp-pid=\"8347\" srcset=\"https:\/\/moverdb.com\/wp-content\/uploads\/Naouri-Group-international-moving-company.png 1440w, https:\/\/moverdb.com\/wp-content\/uploads\/Naouri-Group-international-moving-company-300x142.png 300w, https:\/\/moverdb.com\/wp-content\/uploads\/Naouri-Group-international-moving-company-1024x484.png 1024w, https:\/\/moverdb.com\/wp-content\/uploads\/Naouri-Group-international-moving-company-18x9.png 18w, https:\/\/moverdb.com\/wp-content\/uploads\/Naouri-Group-international-moving-company-600x283.png 600w\" sizes=\"auto, (max-width: 1440px) 100vw, 1440px\" \/><\/p>\n<ul>\n<li>Movimenti nazionali<\/li>\n<li>Spostamenti internazionali<\/li>\n<li>Spedizioni aziendali<\/li>\n<li>Spedizioni individuali<\/li>\n<li>Inoltro di progetti<\/li>\n<li>Servizio su misura<\/li>\n<li>Trasporto stradale, marittimo e aereo<\/li>\n<li>Opzioni di groupage<\/li>\n<li>Sdoganamento<\/li>\n<li>Terminale container<\/li>\n<\/ul>\n<p>Naouri Group \u00e8 una societ\u00e0 di spedizioni e logistica fondata nel 1994 con sede ad Amman e operante anche in Italia. <a href=\"https:\/\/moverdb.com\/it\/moving-companies\/moving-companies-iraq\/\" data-internallinksmanager029f6b8e52c=\"314\" title=\"2 Migliori imprese di traslochi internazionali in Iraq\">Iraq<\/a> e Palestina. Sono membri della IAM con 13 anni di servizio e sono accreditati dalla FIDI. Queste associazioni danno loro accesso a una rete internazionale di agenti che li assiste nella fornitura di servizi all'estero.<\/p>\n<p>Il Gruppo Naouri offre un servizio su misura per soddisfare le vostre esigenze e afferma di essere uno dei gruppi logistici leader in Giordania. Fornisce una gamma di servizi di trasporto e di spedizione merci che comprende trasporti stradali, aerei e marittimi, nonch\u00e9 opzioni di groupage per carichi inferiori ai container.<\/p>\n<p>Sito web: <a href=\"http:\/\/www.naouri.com\" target=\"_blank\" rel=\"noopener\">http:\/\/www.naouri.com<\/a><\/p>","protected":false},"excerpt":{"rendered":"<p>Are you moving home or your business? Then the organisation and paperwork may be starting to daunt you, so you may want the assistance of a moving company. If you are looking to move within, to or from Jordan we have compiled the below list of removal companies that are members of the International Association [&hellip;]<\/p>\n","protected":false},"author":4,"featured_media":0,"parent":190,"menu_order":0,"comment_status":"closed","ping_status":"closed","template":"","meta":{"_genesis_hide_title":false,"_genesis_hide_breadcrumbs":false,"_genesis_hide_singular_image":false,"_genesis_hide_footer_widgets":false,"_genesis_custom_body_class":"","_genesis_custom_post_class":"","_genesis_layout":"","footnotes":""},"class_list":{"0":"post-8390","1":"page","2":"type-page","3":"status-publish","5":"entry","6":"has-post-thumbnail"},"_links":{"self":[{"href":"https:\/\/moverdb.com\/it\/wp-json\/wp\/v2\/pages\/8390","targetHints":{"allow":["GET"]}}],"collection":[{"href":"https:\/\/moverdb.com\/it\/wp-json\/wp\/v2\/pages"}],"about":[{"href":"https:\/\/moverdb.com\/it\/wp-json\/wp\/v2\/types\/page"}],"author":[{"embeddable":true,"href":"https:\/\/moverdb.com\/it\/wp-json\/wp\/v2\/users\/4"}],"replies":[{"embeddable":true,"href":"https:\/\/moverdb.com\/it\/wp-json\/wp\/v2\/comments?post=8390"}],"version-history":[{"count":1,"href":"https:\/\/moverdb.com\/it\/wp-json\/wp\/v2\/pages\/8390\/revisions"}],"predecessor-version":[{"id":8393,"href":"https:\/\/moverdb.com\/it\/wp-json\/wp\/v2\/pages\/8390\/revisions\/8393"}],"up":[{"embeddable":true,"href":"https:\/\/moverdb.com\/it\/wp-json\/wp\/v2\/pages\/190"}],"wp:attachment":[{"href":"https:\/\/moverdb.com\/it\/wp-json\/wp\/v2\/media?parent=8390"}],"curies":[{"name":"wp","href":"https:\/\/api.w.org\/{rel}","templated":true}]}}