{"id":7764,"date":"2023-04-27T14:59:23","date_gmt":"2023-04-27T14:59:23","guid":{"rendered":"https:\/\/moverdb.com\/?page_id=7764"},"modified":"2026-01-08T15:23:45","modified_gmt":"2026-01-08T15:23:45","slug":"moving-companies-iraq","status":"publish","type":"page","link":"https:\/\/moverdb.com\/it\/moving-companies\/moving-companies-iraq\/","title":{"rendered":"2 Migliori imprese di traslochi internazionali in Iraq"},"content":{"rendered":"<p>Il trasloco della propria casa o della propria attivit\u00e0 non \u00e8 mai semplice, quindi ricevere assistenza pu\u00f2 essere di grande aiuto, soprattutto se si tratta di un trasloco da un Paese all'altro. Se vi state trasferendo all'interno, verso o dall'Iraq, abbiamo compilato un elenco di <a href=\"https:\/\/moverdb.com\/it\/international-removals\/\" data-internallinksmanager029f6b8e52c=\"27\" title=\"36 Migliori aziende di traslochi internazionali del Regno Unito\">aziende di trasloco<\/a> che sono membri dell'associazione <a href=\"https:\/\/moverdb.com\/it\/iam\/\" data-internallinksmanager029f6b8e52c=\"23\" title=\"Spiegazione dell&#039;Associazione Internazionale dei Traslocatori (IAM)\">Associazione internazionale dei traslocatori<\/a> (IAM) e\/o <a href=\"https:\/\/moverdb.com\/it\/fidi-faim\/\" data-internallinksmanager029f6b8e52c=\"16\" title=\"FIDI e FAIM (FIDI Accredited International Mover) spiegati\">FIDI<\/a> Traslocatore internazionale accreditato (FAIM) che pu\u00f2 aiutarvi con il vostro trasloco.<\/p>\n<h2><strong>1. Logistica BCC<\/strong><\/h2>\n<p><img loading=\"lazy\" decoding=\"async\" class=\"alignnone size-full wp-image-7673\" src=\"https:\/\/moverdb.com\/wp-content\/uploads\/BCC-Logistics-international-moving-company.png\" alt=\"Azienda di traslochi internazionali BCC Logistics\" width=\"1440\" height=\"634\" data-wp-pid=\"7673\" srcset=\"https:\/\/moverdb.com\/wp-content\/uploads\/BCC-Logistics-international-moving-company.png 1440w, https:\/\/moverdb.com\/wp-content\/uploads\/BCC-Logistics-international-moving-company-300x132.png 300w, https:\/\/moverdb.com\/wp-content\/uploads\/BCC-Logistics-international-moving-company-1024x451.png 1024w, https:\/\/moverdb.com\/wp-content\/uploads\/BCC-Logistics-international-moving-company-18x8.png 18w, https:\/\/moverdb.com\/wp-content\/uploads\/BCC-Logistics-international-moving-company-600x264.png 600w\" sizes=\"auto, (max-width: 1440px) 100vw, 1440px\" \/><\/p>\n<ul>\n<li>Movimenti nazionali<\/li>\n<li>Spostamenti internazionali<\/li>\n<li>Traslochi domestici<\/li>\n<li>Trasferte aziendali, diplomatiche e militari<\/li>\n<li>Servizio di trasloco porta a porta<\/li>\n<li>Servizio di imballaggio<\/li>\n<li>Trasporto stradale, marittimo e aereo<\/li>\n<li>Sdoganamento<\/li>\n<li>Manipolazione delle belle arti<\/li>\n<li>Strutture di stoccaggio<\/li>\n<\/ul>\n<p>BCC Logistics \u00e8 un fornitore globale di servizi di spedizione, fondato nel 1993 a <a href=\"https:\/\/moverdb.com\/it\/moving-companies\/moving-companies-lebanon\/\" data-internallinksmanager029f6b8e52c=\"302\" title=\"7 Migliori imprese di traslochi internazionali in Libano\">Libano<\/a> con uffici in <a href=\"https:\/\/moverdb.com\/it\/moving-to-qatar\/\" data-internallinksmanager029f6b8e52c=\"334\" title=\"Trasferirsi in Qatar? 2026 Costi di vita e consigli per il trasferimento\">Qatar<\/a>, Iraq e <a href=\"https:\/\/moverdb.com\/it\/moving-to-saudi-arabia\/\" data-internallinksmanager029f6b8e52c=\"319\" title=\"Trasferirsi in Arabia Saudita? 2026 Costi di vita e consigli per il trasferimento\">Arabia Saudita<\/a>. L'ufficio iracheno di Erbil \u00e8 stato aperto nel 2008. Dispone di una rete internazionale di agenti per sostenere i propri sforzi a livello globale. \u00c8 membro della IAM con 15 anni di servizio.<\/p>\n<p>BCC Logistics offre un servizio di trasloco porta a porta per traslochi nazionali e internazionali. Offre un servizio di imballaggio che prevede spedizioni marittime in container, tri-wall per le spedizioni aeree e furgoni elevatori in legno. Disimballano e sistemano i mobili e rimuovono i residui dell'imballaggio. Organizzano la spedizione via terra, via aerea o via mare con le formalit\u00e0 doganali.<\/p>\n<p>Sito web: <a href=\"http:\/\/www.bcclogistics.com\" target=\"_blank\" rel=\"noopener\">http:\/\/www.bcclogistics.com<\/a><\/p>\n<h2><strong>2. Paxton<\/strong><\/h2>\n<p><img loading=\"lazy\" decoding=\"async\" class=\"alignnone size-full wp-image-7736\" src=\"https:\/\/moverdb.com\/wp-content\/uploads\/Paxton-international-moving-company.png\" alt=\"Azienda di traslochi internazionali di Paxton\" width=\"1440\" height=\"682\" data-wp-pid=\"7736\" srcset=\"https:\/\/moverdb.com\/wp-content\/uploads\/Paxton-international-moving-company.png 1440w, https:\/\/moverdb.com\/wp-content\/uploads\/Paxton-international-moving-company-300x142.png 300w, https:\/\/moverdb.com\/wp-content\/uploads\/Paxton-international-moving-company-1024x485.png 1024w, https:\/\/moverdb.com\/wp-content\/uploads\/Paxton-international-moving-company-18x9.png 18w, https:\/\/moverdb.com\/wp-content\/uploads\/Paxton-international-moving-company-600x284.png 600w\" sizes=\"auto, (max-width: 1440px) 100vw, 1440px\" \/><\/p>\n<ul>\n<li>Movimenti nazionali<\/li>\n<li>Spostamenti internazionali<\/li>\n<li>Trasferimenti di famiglie<\/li>\n<li>Traslochi di uffici e industriali<\/li>\n<li>Servizio porta a porta<\/li>\n<li>Servizio di imballaggio<\/li>\n<li>Organizzazione del trasporto<\/li>\n<li>Sdoganamento<\/li>\n<li>Trasporto di veicoli<\/li>\n<li>Strutture di stoccaggio sicure<\/li>\n<\/ul>\n<p>Paxton \u00e8 una societ\u00e0 di servizi di trasferimento, informazione e gestione logistica che opera a livello locale e globale. Opera da oltre 60 anni e ha uffici in America, Pakistan e Sud Sudan, <a href=\"https:\/\/moverdb.com\/it\/moving-to-singapore\/\" data-internallinksmanager029f6b8e52c=\"68\" title=\"Trasferirsi a Singapore? 2026 Costi di vita e suggerimenti per il trasferimento\">Singapore<\/a>Afghanistan e Iraq a Baghdad ed Erbil. Dispone di una rete di partner selezionati per fornire servizi a livello internazionale ed \u00e8 membro di IAM.<\/p>\n<p>Paxton offre un servizio di trasloco porta a porta a livello locale, nazionale e internazionale. Offre un servizio di imballaggio per proteggere i vostri beni durante il trasporto o un'opzione fai-da-te. Fornisce le opzioni di trasporto pi\u00f9 adatte alle vostre esigenze e al vostro budget e fornisce assistenza per lo sdoganamento.<\/p>\n<p>Sito web: <a href=\"http:\/\/www.paxton.com\" target=\"_blank\" rel=\"noopener\">http:\/\/www.paxton.com<\/a><\/p>","protected":false},"excerpt":{"rendered":"<p>Moving home or your business is never straightforward so getting assistance can really help especially if you are moving between countries. If you moving within, to or from Iraq, we have compiled a list of removal companies that are members of the International Association of Movers (IAM) and\/or FIDI Accredited International Mover (FAIM) who could [&hellip;]<\/p>\n","protected":false},"author":4,"featured_media":0,"parent":190,"menu_order":0,"comment_status":"closed","ping_status":"closed","template":"","meta":{"_genesis_hide_title":false,"_genesis_hide_breadcrumbs":false,"_genesis_hide_singular_image":false,"_genesis_hide_footer_widgets":false,"_genesis_custom_body_class":"","_genesis_custom_post_class":"","_genesis_layout":"","footnotes":""},"class_list":{"0":"post-7764","1":"page","2":"type-page","3":"status-publish","5":"entry","6":"has-post-thumbnail"},"_links":{"self":[{"href":"https:\/\/moverdb.com\/it\/wp-json\/wp\/v2\/pages\/7764","targetHints":{"allow":["GET"]}}],"collection":[{"href":"https:\/\/moverdb.com\/it\/wp-json\/wp\/v2\/pages"}],"about":[{"href":"https:\/\/moverdb.com\/it\/wp-json\/wp\/v2\/types\/page"}],"author":[{"embeddable":true,"href":"https:\/\/moverdb.com\/it\/wp-json\/wp\/v2\/users\/4"}],"replies":[{"embeddable":true,"href":"https:\/\/moverdb.com\/it\/wp-json\/wp\/v2\/comments?post=7764"}],"version-history":[{"count":1,"href":"https:\/\/moverdb.com\/it\/wp-json\/wp\/v2\/pages\/7764\/revisions"}],"predecessor-version":[{"id":7765,"href":"https:\/\/moverdb.com\/it\/wp-json\/wp\/v2\/pages\/7764\/revisions\/7765"}],"up":[{"embeddable":true,"href":"https:\/\/moverdb.com\/it\/wp-json\/wp\/v2\/pages\/190"}],"wp:attachment":[{"href":"https:\/\/moverdb.com\/it\/wp-json\/wp\/v2\/media?parent=7764"}],"curies":[{"name":"wp","href":"https:\/\/api.w.org\/{rel}","templated":true}]}}