{"id":7520,"date":"2023-02-01T14:02:23","date_gmt":"2023-02-01T14:02:23","guid":{"rendered":"https:\/\/moverdb.com\/?page_id=7520"},"modified":"2026-01-08T15:29:35","modified_gmt":"2026-01-08T15:29:35","slug":"aziende-di-traslochi-ungheria","status":"publish","type":"page","link":"https:\/\/moverdb.com\/it\/moving-companies\/moving-companies-hungary\/","title":{"rendered":"Le 8 migliori imprese di traslochi internazionali in Ungheria"},"content":{"rendered":"<p>Se state pianificando un trasloco, potreste voler ricorrere ai servizi di un <a href=\"https:\/\/moverdb.com\/it\/moving-companies\/\" data-internallinksmanager029f6b8e52c=\"79\" title=\"Le 25 migliori aziende di traslochi internazionali online\">azienda di traslochi<\/a> perch\u00e9 possono aiutarvi con l'imballaggio, il trasporto e le norme doganali. Se state traslocando verso, da o all'interno di <a href=\"https:\/\/moverdb.com\/it\/moving-to-hungary\/\" data-internallinksmanager029f6b8e52c=\"341\" title=\"Trasferirsi in Ungheria? 2026 Costi di vita e consigli per il trasferimento\">Ungheria<\/a>abbiamo compilato un elenco di <a href=\"https:\/\/moverdb.com\/it\/international-removals\/\" data-internallinksmanager029f6b8e52c=\"27\" title=\"36 Migliori aziende di traslochi internazionali del Regno Unito\">aziende di trasloco<\/a> di seguito che sono membri del <a href=\"https:\/\/moverdb.com\/it\/iam\/\" data-internallinksmanager029f6b8e52c=\"23\" title=\"Spiegazione dell&#039;Associazione Internazionale dei Traslocatori (IAM)\">Associazione internazionale dei traslocatori<\/a> (IAM) e\/o <a href=\"https:\/\/moverdb.com\/it\/fidi-faim\/\" data-internallinksmanager029f6b8e52c=\"16\" title=\"FIDI e FAIM (FIDI Accredited International Mover) spiegati\">FIDI<\/a> Traslocatori internazionali accreditati (FAIM) che possono assistervi nel vostro trasloco.<\/p>\n<div id=\"ez-toc-container\" class=\"ez-toc-v2_0_82_2 ez-toc-wrap-left counter-hierarchy ez-toc-counter ez-toc-transparent ez-toc-container-direction\">\n<div class=\"ez-toc-title-container\">\n<p class=\"ez-toc-title\" style=\"cursor:inherit\">Sezioni<\/p>\n<span class=\"ez-toc-title-toggle\"><a href=\"#\" class=\"ez-toc-pull-right ez-toc-btn ez-toc-btn-xs ez-toc-btn-default ez-toc-toggle\" aria-label=\"Allinea la tabella dei contenuti\"><span class=\"ez-toc-js-icon-con\"><span class=\"\"><span class=\"eztoc-hide\" style=\"display:none;\">Toggle<\/span><span class=\"ez-toc-icon-toggle-span\"><svg style=\"fill: #999;color:#999\" xmlns=\"http:\/\/www.w3.org\/2000\/svg\" class=\"list-377408\" width=\"20px\" height=\"20px\" viewbox=\"0 0 24 24\" fill=\"none\"><path d=\"M6 6H4v2h2V6zm14 0H8v2h12V6zM4 11h2v2H4v-2zm16 0H8v2h12v-2zM4 16h2v2H4v-2zm16 0H8v2h12v-2z\" fill=\"currentColor\"><\/path><\/svg><svg style=\"fill: #999;color:#999\" class=\"arrow-unsorted-368013\" xmlns=\"http:\/\/www.w3.org\/2000\/svg\" width=\"10px\" height=\"10px\" viewbox=\"0 0 24 24\" version=\"1.2\" baseprofile=\"tiny\"><path d=\"M18.2 9.3l-6.2-6.3-6.2 6.3c-.2.2-.3.4-.3.7s.1.5.3.7c.2.2.4.3.7.3h11c.3 0 .5-.1.7-.3.2-.2.3-.5.3-.7s-.1-.5-.3-.7zM5.8 14.7l6.2 6.3 6.2-6.3c.2-.2.3-.5.3-.7s-.1-.5-.3-.7c-.2-.2-.4-.3-.7-.3h-11c-.3 0-.5.1-.7.3-.2.2-.3.5-.3.7s.1.5.3.7z\"\/><\/svg><\/span><\/span><\/span><\/a><\/span><\/div>\n<nav><ul class='ez-toc-list ez-toc-list-level-1 eztoc-toggle-hide-by-default' ><li class='ez-toc-page-1 ez-toc-heading-level-2'><a class=\"ez-toc-link ez-toc-heading-1\" href=\"https:\/\/moverdb.com\/it\/moving-companies\/moving-companies-hungary\/#1_ABC_Ricard\" >1. ABC Ricard<\/a><\/li><li class='ez-toc-page-1 ez-toc-heading-level-2'><a class=\"ez-toc-link ez-toc-heading-2\" href=\"https:\/\/moverdb.com\/it\/moving-companies\/moving-companies-hungary\/#2_Beta_Moving\" >2. Movimento Beta<\/a><\/li><li class='ez-toc-page-1 ez-toc-heading-level-2'><a class=\"ez-toc-link ez-toc-heading-3\" href=\"https:\/\/moverdb.com\/it\/moving-companies\/moving-companies-hungary\/#3_DB_Schenker\" >3. DB Schenker<\/a><\/li><li class='ez-toc-page-1 ez-toc-heading-level-2'><a class=\"ez-toc-link ez-toc-heading-4\" href=\"https:\/\/moverdb.com\/it\/moving-companies\/moving-companies-hungary\/#4_Euromove\" >4. Euromove<\/a><\/li><li class='ez-toc-page-1 ez-toc-heading-level-2'><a class=\"ez-toc-link ez-toc-heading-5\" href=\"https:\/\/moverdb.com\/it\/moving-companies\/moving-companies-hungary\/#5_Gosselin\" >5. Gosselin<\/a><\/li><li class='ez-toc-page-1 ez-toc-heading-level-2'><a class=\"ez-toc-link ez-toc-heading-6\" href=\"https:\/\/moverdb.com\/it\/moving-companies\/moving-companies-hungary\/#6_MoveArtis\" >6. MuoviArtis<\/a><\/li><li class='ez-toc-page-1 ez-toc-heading-level-2'><a class=\"ez-toc-link ez-toc-heading-7\" href=\"https:\/\/moverdb.com\/it\/moving-companies\/moving-companies-hungary\/#7_NSEW_Mobility\" >7. Mobilit\u00e0 NSEW<\/a><\/li><li class='ez-toc-page-1 ez-toc-heading-level-2'><a class=\"ez-toc-link ez-toc-heading-8\" href=\"https:\/\/moverdb.com\/it\/moving-companies\/moving-companies-hungary\/#8_Santa_Fe_Relocation\" >8. Trasferimento di Santa Fe<\/a><\/li><\/ul><\/nav><\/div>\n<h2><span class=\"ez-toc-section\" id=\"1_ABC_Ricard\"><\/span><strong>1. ABC Ricard<\/strong><span class=\"ez-toc-section-end\"><\/span><\/h2>\n<p><img loading=\"lazy\" decoding=\"async\" class=\"alignnone size-full wp-image-7408\" src=\"https:\/\/moverdb.com\/wp-content\/uploads\/ABC-Ricard-international-moving-company.png\" alt=\"ABC Ricard azienda di traslochi internazionali\" width=\"1440\" height=\"677\" data-wp-pid=\"7408\" srcset=\"https:\/\/moverdb.com\/wp-content\/uploads\/ABC-Ricard-international-moving-company.png 1440w, https:\/\/moverdb.com\/wp-content\/uploads\/ABC-Ricard-international-moving-company-300x141.png 300w, https:\/\/moverdb.com\/wp-content\/uploads\/ABC-Ricard-international-moving-company-1024x481.png 1024w, https:\/\/moverdb.com\/wp-content\/uploads\/ABC-Ricard-international-moving-company-18x8.png 18w, https:\/\/moverdb.com\/wp-content\/uploads\/ABC-Ricard-international-moving-company-600x282.png 600w\" sizes=\"auto, (max-width: 1440px) 100vw, 1440px\" \/><\/p>\n<ul>\n<li>Movimenti nazionali<\/li>\n<li>Spostamenti internazionali<\/li>\n<li>Traslochi domestici<\/li>\n<li>Sondaggio iniziale<\/li>\n<li>Traslochi porta a porta<\/li>\n<li>Imballaggio di alta qualit\u00e0<\/li>\n<li>Scatole personalizzate<\/li>\n<li>Organizzare il trasporto<\/li>\n<li>Gestire le formalit\u00e0 doganali<\/li>\n<li>Assicurazione all-risk<\/li>\n<\/ul>\n<p>ABC Ricard \u00e8 un'azienda di traslochi attiva in tutto il mondo con una rete di filiali operative in Europa centrale con uffici a <a href=\"https:\/\/moverdb.com\/it\/moving-to-france\/\" data-internallinksmanager029f6b8e52c=\"315\" title=\"Trasferirsi in Francia? 2026 Costi di vita e consigli per il trasferimento\">Francia<\/a>, <a href=\"https:\/\/moverdb.com\/it\/moving-to-poland\/\" data-internallinksmanager029f6b8e52c=\"378\" title=\"Trasferirsi in Polonia? 2026 Costi di vita e consigli per il trasferimento\">Polonia<\/a> e in Ungheria a Budapest. \u00c8 stata fondata nel 1958 in Francia e la prima filiale \u00e8 stata a Budapest. Per estendere la loro portata, sono affiliate a reti globali pi\u00f9 grandi, tra cui quella di essere membro della IAM.<\/p>\n<p>ABC Ricard offre un servizio personalizzato che inizia con un sopralluogo da parte di un consulente che pianificher\u00e0 il vostro trasloco. Vi aiuter\u00e0 a scegliere il mezzo di trasporto migliore per il vostro trasloco e si occuper\u00e0 delle formalit\u00e0 e della documentazione necessarie per il trasferimento.<\/p>\n<p>Sito web: <a href=\"http:\/\/www.abcricardfl.com\" target=\"_blank\" rel=\"noopener\">http:\/\/www.abcricardfl.com<\/a><\/p>\n<h2><span class=\"ez-toc-section\" id=\"2_Beta_Moving\"><\/span><strong>2. Movimento Beta<\/strong><span class=\"ez-toc-section-end\"><\/span><\/h2>\n<p><img loading=\"lazy\" decoding=\"async\" class=\"alignnone size-full wp-image-7419\" src=\"https:\/\/moverdb.com\/wp-content\/uploads\/Beta-Moving-international-moving-company.png\" alt=\"Beta Moving, azienda di traslochi internazionali\" width=\"1440\" height=\"679\" data-wp-pid=\"7419\" srcset=\"https:\/\/moverdb.com\/wp-content\/uploads\/Beta-Moving-international-moving-company.png 1440w, https:\/\/moverdb.com\/wp-content\/uploads\/Beta-Moving-international-moving-company-300x141.png 300w, https:\/\/moverdb.com\/wp-content\/uploads\/Beta-Moving-international-moving-company-1024x483.png 1024w, https:\/\/moverdb.com\/wp-content\/uploads\/Beta-Moving-international-moving-company-18x8.png 18w, https:\/\/moverdb.com\/wp-content\/uploads\/Beta-Moving-international-moving-company-600x283.png 600w\" sizes=\"auto, (max-width: 1440px) 100vw, 1440px\" \/><\/p>\n<ul>\n<li>Movimenti nazionali<\/li>\n<li>Spostamenti internazionali<\/li>\n<li>Servizio di trasferimento<\/li>\n<li>Traslochi di abitazioni e uffici<\/li>\n<li>Servizio di trasloco porta a porta<\/li>\n<li>Servizio di imballaggio<\/li>\n<li>Trasporto stradale, marittimo e aereo<\/li>\n<li>Sdoganamento<\/li>\n<li>Assicurazione<\/li>\n<li>Strutture di stoccaggio<\/li>\n<\/ul>\n<p>Beta Moving \u00e8 un'azienda di traslochi internazionali fondata nel 2016 a Budapest che offre servizi di trasloco e trasferimento nazionali e internazionali. Collabora con partner internazionali per fornire servizi di trasloco e trasferimento in tutto il mondo. \u00c8 membro di IAM con sette anni di servizio.<\/p>\n<p>Beta Moving fornisce soluzioni di trasloco su misura che offrono un servizio porta a porta che comprende l'imballaggio, il trasporto su strada, aereo o marittimo, lo sdoganamento, il disimballaggio e la rimozione dei detriti. Il loro servizio di trasloco comprende i permessi di lavoro e la registrazione dell'impiego. Offrono inoltre servizi aggiuntivi che comprendono il trasferimento di animali domestici, il trasporto di veicoli, i servizi di tuttofare, l'assicurazione e il deposito.<\/p>\n<p>Sito web: <a href=\"https:\/\/www.betamoving.com\" target=\"_blank\" rel=\"noopener\">https:\/\/www.betamoving.com<\/a><\/p>\n<h2><span class=\"ez-toc-section\" id=\"3_DB_Schenker\"><\/span><strong>3. DB Schenker<\/strong><span class=\"ez-toc-section-end\"><\/span><\/h2>\n<p><img loading=\"lazy\" decoding=\"async\" class=\"alignnone size-full wp-image-7433\" src=\"https:\/\/moverdb.com\/wp-content\/uploads\/DB-Schenker-Hungary-international-moving-company.png\" alt=\"DB Schenker Ungheria azienda di traslochi internazionali\" width=\"1440\" height=\"664\" data-wp-pid=\"7433\" srcset=\"https:\/\/moverdb.com\/wp-content\/uploads\/DB-Schenker-Hungary-international-moving-company.png 1440w, https:\/\/moverdb.com\/wp-content\/uploads\/DB-Schenker-Hungary-international-moving-company-300x138.png 300w, https:\/\/moverdb.com\/wp-content\/uploads\/DB-Schenker-Hungary-international-moving-company-1024x472.png 1024w, https:\/\/moverdb.com\/wp-content\/uploads\/DB-Schenker-Hungary-international-moving-company-18x8.png 18w, https:\/\/moverdb.com\/wp-content\/uploads\/DB-Schenker-Hungary-international-moving-company-600x277.png 600w\" sizes=\"auto, (max-width: 1440px) 100vw, 1440px\" \/><\/p>\n<ul>\n<li>Movimenti nazionali<\/li>\n<li>Spostamenti internazionali<\/li>\n<li>Trasferimento residenziale<\/li>\n<li>Trasferimento dell'ufficio<\/li>\n<li>Materiali di imballaggio di alta qualit\u00e0<\/li>\n<li>Trasporto terrestre, marittimo e aereo<\/li>\n<li>Supporto doganale<\/li>\n<li>Trasporto di veicoli<\/li>\n<li>Trasporto di animali domestici<\/li>\n<li>Strutture di stoccaggio<\/li>\n<\/ul>\n<p>DB Schenker \u00e8 un fornitore globale di servizi logistici che opera da oltre 140 anni ed \u00e8 stato fondato a Vienna. Ha filiali in tutto il mondo, compresa l'Ungheria, dove ha aperto una filiale a Budapest nel 1874. \u00c8 membro di IAM e ha accesso alla sua rete internazionale.<\/p>\n<p>DB Schenker offre una consulenza preliminare e un sopralluogo per pianificare il vostro trasloco. Fornisce materiali di imballaggio di alta qualit\u00e0 per proteggere i vostri beni e vi permette di seguire la vostra spedizione utilizzando il loro tracker online. Offre inoltre servizi aggiuntivi che comprendono il trasporto di veicoli, il trasporto di animali domestici, la consegna di opere d'arte, l'assicurazione e il deposito.<\/p>\n<p>Sito web: <a href=\"http:\/\/www.dbschenker.hu\" target=\"_blank\" rel=\"noopener\">http:\/\/www.dbschenker.hu<\/a><\/p>\n<h2><span class=\"ez-toc-section\" id=\"4_Euromove\"><\/span><strong>4. Euromove<\/strong><span class=\"ez-toc-section-end\"><\/span><\/h2>\n<p><img loading=\"lazy\" decoding=\"async\" class=\"alignnone size-full wp-image-7439\" src=\"https:\/\/moverdb.com\/wp-content\/uploads\/Euromove-international-moving-company.png\" alt=\"Euromove azienda di traslochi internazionali\" width=\"1440\" height=\"683\" data-wp-pid=\"7439\" srcset=\"https:\/\/moverdb.com\/wp-content\/uploads\/Euromove-international-moving-company.png 1440w, https:\/\/moverdb.com\/wp-content\/uploads\/Euromove-international-moving-company-300x142.png 300w, https:\/\/moverdb.com\/wp-content\/uploads\/Euromove-international-moving-company-1024x486.png 1024w, https:\/\/moverdb.com\/wp-content\/uploads\/Euromove-international-moving-company-18x9.png 18w, https:\/\/moverdb.com\/wp-content\/uploads\/Euromove-international-moving-company-600x285.png 600w\" sizes=\"auto, (max-width: 1440px) 100vw, 1440px\" \/><\/p>\n<ul>\n<li>Traslochi nazionali<\/li>\n<li>Traslochi internazionali<\/li>\n<li>Pacchetti di trasferimento<\/li>\n<li>Traslochi di abitazioni<\/li>\n<li>Traslochi di uffici<\/li>\n<li>Servizio di imballaggio<\/li>\n<li>Trasporto stradale, marittimo o aereo<\/li>\n<li>Sdoganamento<\/li>\n<li>Spedizione di articoli specialistici<\/li>\n<li>Strutture di stoccaggio<\/li>\n<\/ul>\n<p>Euromove \u00e8 una societ\u00e0 di traslochi internazionali con sede a Budapest, fondata nel 1998. Dispone di un'ampia rete di partner che le consentono di fornire servizi di trasloco in tutto il mondo. \u00c8 membro di IAM con 25 anni di servizio ed \u00e8 accreditata da FIDI.<\/p>\n<p>Euromove offre servizi di trasloco personalizzati e pacchetti di trasloco che possono includere oggetti speciali come opere d'arte, automobili o animali domestici. I servizi offerti sono conformi agli standard internazionali, compreso il servizio di imballaggio. Organizza il trasporto su strada, per via aerea o marittima, con possibilit\u00e0 di groupage, e fornisce assistenza per lo sdoganamento.<\/p>\n<p>Sito web: <a href=\"https:\/\/www.euromove.hu\/en\" target=\"_blank\" rel=\"noopener\">https:\/\/www.euromove.hu\/en<\/a><\/p>\n<h2><span class=\"ez-toc-section\" id=\"5_Gosselin\"><\/span><strong>5. Gosselin<\/strong><span class=\"ez-toc-section-end\"><\/span><\/h2>\n<p><img loading=\"lazy\" decoding=\"async\" class=\"alignnone size-full wp-image-7447\" src=\"https:\/\/moverdb.com\/wp-content\/uploads\/Gosselin-Hungary-international-moving-company.png\" alt=\"Azienda di traslochi internazionali Gosselin Ungheria\" width=\"1440\" height=\"678\" data-wp-pid=\"7447\" srcset=\"https:\/\/moverdb.com\/wp-content\/uploads\/Gosselin-Hungary-international-moving-company.png 1440w, https:\/\/moverdb.com\/wp-content\/uploads\/Gosselin-Hungary-international-moving-company-300x141.png 300w, https:\/\/moverdb.com\/wp-content\/uploads\/Gosselin-Hungary-international-moving-company-1024x482.png 1024w, https:\/\/moverdb.com\/wp-content\/uploads\/Gosselin-Hungary-international-moving-company-18x8.png 18w, https:\/\/moverdb.com\/wp-content\/uploads\/Gosselin-Hungary-international-moving-company-600x283.png 600w\" sizes=\"auto, (max-width: 1440px) 100vw, 1440px\" \/><\/p>\n<ul>\n<li>Movimenti nazionali<\/li>\n<li>Spostamenti internazionali<\/li>\n<li>Traslochi domestici<\/li>\n<li>Traslochi d'ufficio<\/li>\n<li>Servizio di imballaggio<\/li>\n<li>Organizzazione del trasporto<\/li>\n<li>Trasporto delle belle arti<\/li>\n<li>Trasferimento di animali domestici<\/li>\n<li>Trasporto di veicoli<\/li>\n<li>Stoccaggio a breve e lungo termine<\/li>\n<\/ul>\n<p>Gosselin \u00e8 un'azienda internazionale di traslochi e logistica, fondata nel 1930 a <a href=\"https:\/\/moverdb.com\/it\/moving-to-belgium\/\" data-internallinksmanager029f6b8e52c=\"323\" title=\"Trasferirsi in Belgio? 2026 Costi di vita e consigli per il trasferimento\">Belgio<\/a> e ha uffici in tutta Europa, tra cui uno a Budapest, in Ungheria. \u00c8 membro della IAM con 24 anni di servizio. Utilizzano le loro filiali e le loro reti internazionali per offrire traslochi in tutto il mondo.<\/p>\n<p>Gosselin offre un servizio di imballaggio professionale per proteggere i vostri beni utilizzando materiali di imballaggio di alta qualit\u00e0, una variet\u00e0 di scatole specializzate e casse personalizzate. Si occuper\u00e0 di tutti i preparativi per il trasloco dei vostri beni e vi assister\u00e0 con la documentazione. Fornisce inoltre servizi di trasporto specializzati che comprendono il trasporto di oggetti d'arte, animali domestici e veicoli.<\/p>\n<p>Sito web: <a href=\"https:\/\/gosselin-moving.com\/en\/hungary-slovakia\" target=\"_blank\" rel=\"noopener\">https:\/\/gosselin-moving.com\/en\/hungary-slovakia<\/a><\/p>\n<h2><span class=\"ez-toc-section\" id=\"6_MoveArtis\"><\/span><strong>6. MuoviArtis<\/strong><span class=\"ez-toc-section-end\"><\/span><\/h2>\n<p><img loading=\"lazy\" decoding=\"async\" class=\"alignnone size-full wp-image-7468\" src=\"https:\/\/moverdb.com\/wp-content\/uploads\/MoveArtis-international-moving-company.png\" alt=\"MoveArtis azienda di traslochi internazionali\" width=\"1440\" height=\"682\" data-wp-pid=\"7468\" srcset=\"https:\/\/moverdb.com\/wp-content\/uploads\/MoveArtis-international-moving-company.png 1440w, https:\/\/moverdb.com\/wp-content\/uploads\/MoveArtis-international-moving-company-300x142.png 300w, https:\/\/moverdb.com\/wp-content\/uploads\/MoveArtis-international-moving-company-1024x485.png 1024w, https:\/\/moverdb.com\/wp-content\/uploads\/MoveArtis-international-moving-company-18x9.png 18w, https:\/\/moverdb.com\/wp-content\/uploads\/MoveArtis-international-moving-company-600x284.png 600w\" sizes=\"auto, (max-width: 1440px) 100vw, 1440px\" \/><\/p>\n<ul>\n<li>Movimenti nazionali<\/li>\n<li>Spostamenti internazionali<\/li>\n<li>Spostamenti residenziali<\/li>\n<li>Trasferimento di uffici<\/li>\n<li>Servizio porta a porta<\/li>\n<li>Opzioni di imballaggio<\/li>\n<li>Trasporto stradale, marittimo e aereo<\/li>\n<li>Sdoganamento<\/li>\n<li>Assicurazione<\/li>\n<li>Strutture di stoccaggio<\/li>\n<\/ul>\n<p>MoveArtis \u00e8 un'azienda ungherese di traslochi internazionali a conduzione familiare con sede a Budapest. Dispone di una rete internazionale di partner in tutto il mondo che la assistono nei traslochi ovunque. \u00c8 membro della IAM con 12 anni di servizio.<\/p>\n<p>MoveArtis offre una soluzione di trasloco su misura che fornisce un servizio porta a porta per i traslochi internazionali. Fornisce una gamma di materiali di imballaggio per una variet\u00e0 di articoli, tra cui scatole appositamente progettate. Fornisce assistenza per il trasporto, che comprende spedizioni aeree e marittime, come carichi completi di container e carichi inferiori al container, e assistenza per lo sdoganamento.<\/p>\n<p>Sito web: <a href=\"http:\/\/www.moveartis.com\" target=\"_blank\" rel=\"noopener\">http:\/\/www.moveartis.com<\/a><\/p>\n<h2><span class=\"ez-toc-section\" id=\"7_NSEW_Mobility\"><\/span><strong>7. Mobilit\u00e0 NSEW<\/strong><span class=\"ez-toc-section-end\"><\/span><\/h2>\n<p><img loading=\"lazy\" decoding=\"async\" class=\"alignnone size-full wp-image-7473\" src=\"https:\/\/moverdb.com\/wp-content\/uploads\/NSEW-Mobility-international-moving-company.png\" alt=\"NSEW Mobility, azienda di traslochi internazionali\" width=\"1440\" height=\"681\" data-wp-pid=\"7473\" srcset=\"https:\/\/moverdb.com\/wp-content\/uploads\/NSEW-Mobility-international-moving-company.png 1440w, https:\/\/moverdb.com\/wp-content\/uploads\/NSEW-Mobility-international-moving-company-300x142.png 300w, https:\/\/moverdb.com\/wp-content\/uploads\/NSEW-Mobility-international-moving-company-1024x484.png 1024w, https:\/\/moverdb.com\/wp-content\/uploads\/NSEW-Mobility-international-moving-company-18x9.png 18w, https:\/\/moverdb.com\/wp-content\/uploads\/NSEW-Mobility-international-moving-company-600x284.png 600w\" sizes=\"auto, (max-width: 1440px) 100vw, 1440px\" \/><\/p>\n<ul>\n<li>Movimenti nazionali<\/li>\n<li>Spostamenti internazionali<\/li>\n<li>Servizi di trasferimento<\/li>\n<li>Servizio porta a porta<\/li>\n<li>Servizi di imballaggio<\/li>\n<li>Trasporto stradale, aereo e marittimo<\/li>\n<li>Sdoganamento<\/li>\n<li><a href=\"https:\/\/moverdb.com\/it\/car-transport-shipping\/\" data-internallinksmanager029f6b8e52c=\"2\" title=\"2026 Preventivi per il trasporto internazionale di auto e veicoli\">Spedizione di veicoli<\/a><\/li>\n<li>Assicurazione<\/li>\n<li>Strutture sicure per lo stoccaggio a breve e lungo termine<\/li>\n<\/ul>\n<p>NSEW Mobility \u00e8 una societ\u00e0 indipendente di servizi di trasloco e trasferimento con sede a Budapest. Fornisce servizi di trasloco in Ungheria, <a href=\"https:\/\/moverdb.com\/it\/moving-to-austria\/\" data-internallinksmanager029f6b8e52c=\"343\" title=\"Trasferirsi in Austria? 2026 Costi di vita e consigli per il trasferimento\">Austria<\/a>, <a href=\"https:\/\/moverdb.com\/it\/moving-to-croatia\/\" data-internallinksmanager029f6b8e52c=\"428\" title=\"Trasferirsi in Croazia? 2026 Costi di vita e consigli per il trasferimento\">Croazia<\/a>, <a href=\"https:\/\/moverdb.com\/it\/moving-to-germany\/\" data-internallinksmanager029f6b8e52c=\"321\" title=\"Trasferirsi in Germania? 2026 Costi di vita e consigli per il trasferimento\">Germania<\/a>, Romania, <a href=\"https:\/\/moverdb.com\/it\/moving-to-slovakia\/\" data-internallinksmanager029f6b8e52c=\"338\" title=\"Trasferirsi in Slovacchia? 2026 Costi di vita e consigli per il trasferimento\">Slovacchia<\/a>, <a href=\"https:\/\/moverdb.com\/it\/moving-to-slovenia\/\" data-internallinksmanager029f6b8e52c=\"392\" title=\"Trasferirsi in Slovenia? 2026 Costi di vita e consigli per il trasferimento\">Slovenia<\/a> e <a href=\"https:\/\/moverdb.com\/it\/moving-to-switzerland\/\" data-internallinksmanager029f6b8e52c=\"327\" title=\"Trasferirsi in Svizzera? 2026 Costi di vita e consigli per il trasferimento\">Svizzera<\/a>e collaborano con partner internazionali per effettuare traslochi in Europa e nel mondo. Fornisce servizi di trasloco da oltre 20 anni ed \u00e8 membro di IAM.<\/p>\n<p>NSEW Mobility fornisce sopralluoghi gratuiti, preventivi e assegna un coordinatore di traslochi. Offre un servizio porta a porta per traslochi e trasferimenti che comprende l'imballaggio della casa e la gestione della spedizione su strada, aerea e marittima con sdoganamento. I loro servizi di trasferimento includono visti e immigrazione, ricerca di una casa e di una scuola e servizi di ambientamento.<\/p>\n<p>Sito web: <a href=\"https:\/\/nsew-mobility.com\/\" target=\"_blank\" rel=\"noopener\">https:\/\/nsew-mobility.com\/<\/a><\/p>\n<h2><span class=\"ez-toc-section\" id=\"8_Santa_Fe_Relocation\"><\/span><strong>8. Trasferimento di Santa Fe<\/strong><span class=\"ez-toc-section-end\"><\/span><\/h2>\n<p><img loading=\"lazy\" decoding=\"async\" class=\"alignnone size-full wp-image-7483\" src=\"https:\/\/moverdb.com\/wp-content\/uploads\/Santa-Fe-Hungary-international-moving-company.png\" alt=\"Azienda di traslochi internazionali di Santa Fe Ungheria\" width=\"1440\" height=\"652\" data-wp-pid=\"7483\" srcset=\"https:\/\/moverdb.com\/wp-content\/uploads\/Santa-Fe-Hungary-international-moving-company.png 1440w, https:\/\/moverdb.com\/wp-content\/uploads\/Santa-Fe-Hungary-international-moving-company-300x136.png 300w, https:\/\/moverdb.com\/wp-content\/uploads\/Santa-Fe-Hungary-international-moving-company-1024x464.png 1024w, https:\/\/moverdb.com\/wp-content\/uploads\/Santa-Fe-Hungary-international-moving-company-18x8.png 18w, https:\/\/moverdb.com\/wp-content\/uploads\/Santa-Fe-Hungary-international-moving-company-600x272.png 600w\" sizes=\"auto, (max-width: 1440px) 100vw, 1440px\" \/><\/p>\n<ul>\n<li>Movimenti nazionali<\/li>\n<li>Spostamenti internazionali<\/li>\n<li>Trasferimenti di famiglie<\/li>\n<li>Trasferimenti aziendali<\/li>\n<li>Servizio di imballaggio<\/li>\n<li>Trasporto su strada, via mare o via aerea<\/li>\n<li>Sdoganamento<\/li>\n<li>Trasporto di animali e veicoli<\/li>\n<li>Protezione della spedizione<\/li>\n<li>Stoccaggio a breve e lungo termine<\/li>\n<\/ul>\n<p>Santa Fe Relocation \u00e8 un'azienda di traslochi e trasferimenti internazionali con 64 uffici in 38 paesi. Ha aperto la sua filiale ungherese a Budapest nel 1993. \u00c8 membro della IAM con 30 anni di servizio ed \u00e8 accreditata dalla FIDI.<\/p>\n<p>Santa Fe Relocation offre una consulenza pre-movimento e un sopralluogo per valutare le vostre esigenze. Fornisce servizi di imballaggio per proteggere i vostri beni e organizza il trasporto su strada, via mare o per via aerea e assiste nello sdoganamento. Offre una serie di servizi aggiuntivi, tra cui la protezione della spedizione, il trasferimento di animali domestici, la spedizione di veicoli, il deposito, la ricerca di case e scuole, i servizi di ambientamento, l'assistenza alla partenza e i visti.<\/p>\n<p>Sito web: <a href=\"https:\/\/www.santaferelo.com\/en\/contact\/our-offices\/hungary-budapest\/\" target=\"_blank\" rel=\"noopener\">https:\/\/www.santaferelo.com\/en\/contact\/our-offices\/hungary-budapest\/<\/a><\/p>","protected":false},"excerpt":{"rendered":"<p>If you are planning a move then you may want to enlist the services of a moving company as they can help with packing, transportation and customs regulations. If you are moving to, from or within Hungary, we have compiled a list of removal companies below that are members of the International Association of Movers [&hellip;]<\/p>\n","protected":false},"author":4,"featured_media":0,"parent":190,"menu_order":0,"comment_status":"closed","ping_status":"closed","template":"","meta":{"_genesis_hide_title":false,"_genesis_hide_breadcrumbs":false,"_genesis_hide_singular_image":false,"_genesis_hide_footer_widgets":false,"_genesis_custom_body_class":"","_genesis_custom_post_class":"","_genesis_layout":"","footnotes":""},"class_list":{"0":"post-7520","1":"page","2":"type-page","3":"status-publish","5":"entry","6":"has-post-thumbnail"},"_links":{"self":[{"href":"https:\/\/moverdb.com\/it\/wp-json\/wp\/v2\/pages\/7520","targetHints":{"allow":["GET"]}}],"collection":[{"href":"https:\/\/moverdb.com\/it\/wp-json\/wp\/v2\/pages"}],"about":[{"href":"https:\/\/moverdb.com\/it\/wp-json\/wp\/v2\/types\/page"}],"author":[{"embeddable":true,"href":"https:\/\/moverdb.com\/it\/wp-json\/wp\/v2\/users\/4"}],"replies":[{"embeddable":true,"href":"https:\/\/moverdb.com\/it\/wp-json\/wp\/v2\/comments?post=7520"}],"version-history":[{"count":1,"href":"https:\/\/moverdb.com\/it\/wp-json\/wp\/v2\/pages\/7520\/revisions"}],"predecessor-version":[{"id":7521,"href":"https:\/\/moverdb.com\/it\/wp-json\/wp\/v2\/pages\/7520\/revisions\/7521"}],"up":[{"embeddable":true,"href":"https:\/\/moverdb.com\/it\/wp-json\/wp\/v2\/pages\/190"}],"wp:attachment":[{"href":"https:\/\/moverdb.com\/it\/wp-json\/wp\/v2\/media?parent=7520"}],"curies":[{"name":"wp","href":"https:\/\/api.w.org\/{rel}","templated":true}]}}