{"id":7512,"date":"2023-02-01T13:59:57","date_gmt":"2023-02-01T13:59:57","guid":{"rendered":"https:\/\/moverdb.com\/?page_id=7512"},"modified":"2026-01-08T15:24:16","modified_gmt":"2026-01-08T15:24:16","slug":"aziende-di-traslochi-guatemala","status":"publish","type":"page","link":"https:\/\/moverdb.com\/it\/moving-companies\/moving-companies-guatemala\/","title":{"rendered":"Le 3 migliori imprese di traslochi internazionali in Guatemala"},"content":{"rendered":"<p>Vi state trasferendo in Guatemala, da o all'interno del Paese? Allora potreste essere interessati ai servizi di un <a href=\"https:\/\/moverdb.com\/it\/moving-companies\/\" data-internallinksmanager029f6b8e52c=\"79\" title=\"Le 25 migliori aziende di traslochi internazionali online\">azienda di traslochi<\/a> che possono aiutarvi con l'imballaggio, il trasporto e le formalit\u00e0 doganali. Di seguito abbiamo compilato un elenco di agenzie di viaggio con sede in Guatemala. <a href=\"https:\/\/moverdb.com\/it\/international-removals\/\" data-internallinksmanager029f6b8e52c=\"27\" title=\"36 Migliori aziende di traslochi internazionali del Regno Unito\">aziende di trasloco<\/a> che sono membri dell'associazione <a href=\"https:\/\/moverdb.com\/it\/iam\/\" data-internallinksmanager029f6b8e52c=\"23\" title=\"Spiegazione dell&#039;Associazione Internazionale dei Traslocatori (IAM)\">Associazione internazionale dei traslocatori<\/a> (IAM) e\/o <a href=\"https:\/\/moverdb.com\/it\/fidi-faim\/\" data-internallinksmanager029f6b8e52c=\"16\" title=\"FIDI e FAIM (FIDI Accredited International Mover) spiegati\">FIDI<\/a> Traslocatori internazionali accreditati (FAIM) che possono assistervi nel vostro trasloco.<\/p>\n<h2><strong>1. Brizmud<\/strong><\/h2>\n<p><img loading=\"lazy\" decoding=\"async\" class=\"alignnone size-full wp-image-7422\" src=\"https:\/\/moverdb.com\/wp-content\/uploads\/Brizmud-international-moving-company.png\" alt=\"Azienda di traslochi internazionali Brizmud\" width=\"1440\" height=\"686\" data-wp-pid=\"7422\" srcset=\"https:\/\/moverdb.com\/wp-content\/uploads\/Brizmud-international-moving-company.png 1440w, https:\/\/moverdb.com\/wp-content\/uploads\/Brizmud-international-moving-company-300x143.png 300w, https:\/\/moverdb.com\/wp-content\/uploads\/Brizmud-international-moving-company-1024x488.png 1024w, https:\/\/moverdb.com\/wp-content\/uploads\/Brizmud-international-moving-company-18x9.png 18w, https:\/\/moverdb.com\/wp-content\/uploads\/Brizmud-international-moving-company-600x286.png 600w\" sizes=\"auto, (max-width: 1440px) 100vw, 1440px\" \/><\/p>\n<ul>\n<li>Traslochi nazionali<\/li>\n<li>Traslochi internazionali<\/li>\n<li>Servizi di trasferimento<\/li>\n<li>Traslochi domestici<\/li>\n<li>Servizi di imballaggio<\/li>\n<li>Trasporto stradale, marittimo e aereo<\/li>\n<li>Documenti doganali<\/li>\n<li>Trasporto di opere d'arte<\/li>\n<li>Rete di agenti internazionali<\/li>\n<li>Strutture di stoccaggio<\/li>\n<\/ul>\n<p>Brizmud \u00e8 un'azienda di traslochi locali e internazionali con sede in Guatemala. Fornisce servizi di trasloco e trasferimento alle famiglie. Dispone di una rete di fornitori e agenti qualificati che le consentono di operare in altri Paesi. \u00c8 membro di IAM con cinque anni di servizio.<\/p>\n<p>Brizmud offre ai propri clienti un'assistenza personalizzata che comprende la personalizzazione dell'offerta di trasloco per soddisfare le esigenze dei clienti. Offre una gamma di servizi di trasloco che comprendono l'imballaggio sicuro dei vostri beni, l'organizzazione del transito su strada, via mare o via aerea e l'assistenza doganale per la compilazione delle pratiche. Se necessario, offre anche servizi di deposito.<\/p>\n<p>Sito web: <a href=\"https:\/\/brizmud.com\/\" target=\"_blank\" rel=\"noopener\">https:\/\/brizmud.com\/<\/a><\/p>\n<h2><strong>2. Intermud<\/strong><\/h2>\n<p><img loading=\"lazy\" decoding=\"async\" class=\"alignnone size-full wp-image-7457\" src=\"https:\/\/moverdb.com\/wp-content\/uploads\/Intermud-international-moving-company.png\" alt=\"Societ\u00e0 di traslochi internazionali Intermud\" width=\"1440\" height=\"683\" data-wp-pid=\"7457\" srcset=\"https:\/\/moverdb.com\/wp-content\/uploads\/Intermud-international-moving-company.png 1440w, https:\/\/moverdb.com\/wp-content\/uploads\/Intermud-international-moving-company-300x142.png 300w, https:\/\/moverdb.com\/wp-content\/uploads\/Intermud-international-moving-company-1024x486.png 1024w, https:\/\/moverdb.com\/wp-content\/uploads\/Intermud-international-moving-company-18x9.png 18w, https:\/\/moverdb.com\/wp-content\/uploads\/Intermud-international-moving-company-600x285.png 600w\" sizes=\"auto, (max-width: 1440px) 100vw, 1440px\" \/><\/p>\n<ul>\n<li>Movimenti nazionali<\/li>\n<li>Spostamenti internazionali<\/li>\n<li>Spostamenti residenziali<\/li>\n<li>Traslochi d'ufficio<\/li>\n<li>Consigli per il trasloco<\/li>\n<li>Servizi di imballaggio<\/li>\n<li>Smontaggio e montaggio di mobili<\/li>\n<li>Trasporto via terra, mare e aria<\/li>\n<li>Supporto doganale<\/li>\n<li>Strutture di stoccaggio<\/li>\n<\/ul>\n<p>Intermud \u00e8 un'azienda di traslochi e logistica con oltre 35 anni di esperienza nel settore e con sede in Guatemala. \u00c8 membro di IAM con 40 anni di servizio ed \u00e8 accreditata da FIDI. Grazie alla loro affiliazione, possono accedere a una rete internazionale di agenti di trasloco che li supportano nei traslochi all'estero.<\/p>\n<p>Intermud offre traslochi residenziali e di uffici a livello locale e internazionale. Per i clienti residenziali, fornisce servizi di imballaggio e disimballaggio, noleggio di mobili temporanei e strutture di stoccaggio. Per quanto riguarda i traslochi di uffici, l'azienda si occupa di traslochi da piccoli uffici a grandi edifici e include servizi di imballaggio e disimballaggio, smontaggio e montaggio di mobili e imballaggio sicuro di apparecchiature elettroniche.<\/p>\n<p>Sito web: <a href=\"http:\/\/www.intermud.com\" target=\"_blank\" rel=\"noopener\">http:\/\/www.intermud.com<\/a><\/p>\n<h2><strong>3. Swiss Global Movers<\/strong><\/h2>\n<p><img loading=\"lazy\" decoding=\"async\" class=\"alignnone size-full wp-image-7493\" src=\"https:\/\/moverdb.com\/wp-content\/uploads\/Swiss-Global-Movers-international-moving-company.png\" alt=\"Swiss Global Movers, azienda di traslochi internazionali\" width=\"1440\" height=\"683\" data-wp-pid=\"7493\" srcset=\"https:\/\/moverdb.com\/wp-content\/uploads\/Swiss-Global-Movers-international-moving-company.png 1440w, https:\/\/moverdb.com\/wp-content\/uploads\/Swiss-Global-Movers-international-moving-company-300x142.png 300w, https:\/\/moverdb.com\/wp-content\/uploads\/Swiss-Global-Movers-international-moving-company-1024x486.png 1024w, https:\/\/moverdb.com\/wp-content\/uploads\/Swiss-Global-Movers-international-moving-company-18x9.png 18w, https:\/\/moverdb.com\/wp-content\/uploads\/Swiss-Global-Movers-international-moving-company-600x285.png 600w\" sizes=\"auto, (max-width: 1440px) 100vw, 1440px\" \/><\/p>\n<ul>\n<li>Spostamenti locali<\/li>\n<li>Spostamenti internazionali<\/li>\n<li>Traslochi domestici<\/li>\n<li>Movimenti aziendali<\/li>\n<li>Soluzioni porta a porta<\/li>\n<li>Personale qualificato<\/li>\n<li>Servizio di imballaggio<\/li>\n<li>Organizzazione del trasporto<\/li>\n<li>Servizi doganali<\/li>\n<li>Strutture di stoccaggio<\/li>\n<\/ul>\n<p>Swiss Global Movers \u00e8 un fornitore di traslochi e logistica con sede a Citt\u00e0 del Guatemala e vanta oltre 20 anni di esperienza. Lavora in collaborazione con altri per fornire un servizio completo con copertura mondiale. \u00c8 membro di IAM con 42 anni di servizio.<\/p>\n<p>Swiss Global Movers mette a disposizione personale qualificato per consigliarvi e assistervi nella pianificazione del vostro trasloco. Fornisce un servizio porta a porta che include il servizio di imballaggio e disimballaggio e pu\u00f2 offrire un deposito provvisorio se necessario. Organizzano il trasporto dei vostri beni, compresa la gestione delle procedure di importazione ed esportazione con i servizi doganali.<\/p>\n<p>Sito web: <a href=\"https:\/\/swissglobalmovers.com.gt\/\" target=\"_blank\" rel=\"noopener\">https:\/\/swissglobalmovers.com.gt\/<\/a><\/p>","protected":false},"excerpt":{"rendered":"<p>Are you moving to or from, or within Guatemala? Then you might be interested in the services of a moving company that can assist with packing, transportation and customs formalities. Below we have compiled a list of Guatemala based removal companies that are members of the International Association of Movers (IAM) and\/or FIDI Accredited International [&hellip;]<\/p>\n","protected":false},"author":4,"featured_media":0,"parent":190,"menu_order":0,"comment_status":"closed","ping_status":"closed","template":"","meta":{"_genesis_hide_title":false,"_genesis_hide_breadcrumbs":false,"_genesis_hide_singular_image":false,"_genesis_hide_footer_widgets":false,"_genesis_custom_body_class":"","_genesis_custom_post_class":"","_genesis_layout":"","footnotes":""},"class_list":{"0":"post-7512","1":"page","2":"type-page","3":"status-publish","5":"entry","6":"has-post-thumbnail"},"_links":{"self":[{"href":"https:\/\/moverdb.com\/it\/wp-json\/wp\/v2\/pages\/7512","targetHints":{"allow":["GET"]}}],"collection":[{"href":"https:\/\/moverdb.com\/it\/wp-json\/wp\/v2\/pages"}],"about":[{"href":"https:\/\/moverdb.com\/it\/wp-json\/wp\/v2\/types\/page"}],"author":[{"embeddable":true,"href":"https:\/\/moverdb.com\/it\/wp-json\/wp\/v2\/users\/4"}],"replies":[{"embeddable":true,"href":"https:\/\/moverdb.com\/it\/wp-json\/wp\/v2\/comments?post=7512"}],"version-history":[{"count":1,"href":"https:\/\/moverdb.com\/it\/wp-json\/wp\/v2\/pages\/7512\/revisions"}],"predecessor-version":[{"id":7513,"href":"https:\/\/moverdb.com\/it\/wp-json\/wp\/v2\/pages\/7512\/revisions\/7513"}],"up":[{"embeddable":true,"href":"https:\/\/moverdb.com\/it\/wp-json\/wp\/v2\/pages\/190"}],"wp:attachment":[{"href":"https:\/\/moverdb.com\/it\/wp-json\/wp\/v2\/media?parent=7512"}],"curies":[{"name":"wp","href":"https:\/\/api.w.org\/{rel}","templated":true}]}}