{"id":7510,"date":"2023-02-01T13:59:14","date_gmt":"2023-02-01T13:59:14","guid":{"rendered":"https:\/\/moverdb.com\/?page_id=7510"},"modified":"2026-01-08T15:29:34","modified_gmt":"2026-01-08T15:29:34","slug":"aziende-di-traslochi-grecia","status":"publish","type":"page","link":"https:\/\/moverdb.com\/it\/moving-companies\/moving-companies-greece\/","title":{"rendered":"Le 8 migliori imprese di traslochi internazionali in Grecia"},"content":{"rendered":"<p>Un trasloco di casa o di lavoro pu\u00f2 essere difficile, con un sacco di logistica da gestire, soprattutto se si tratta di un trasloco internazionale. <a href=\"https:\/\/moverdb.com\/it\/moving-to-greece\/\" data-internallinksmanager029f6b8e52c=\"353\" title=\"Trasferirsi in Grecia? 2026 Costi di vita e consigli per il trasferimento\">Grecia<\/a>\u00e8 consigliabile rivolgersi ad un <a href=\"https:\/\/moverdb.com\/it\/moving-companies\/\" data-internallinksmanager029f6b8e52c=\"79\" title=\"Le 25 migliori aziende di traslochi internazionali online\">azienda di traslochi<\/a>. Qui di seguito abbiamo compilato un elenco di <a href=\"https:\/\/moverdb.com\/it\/international-removals\/\" data-internallinksmanager029f6b8e52c=\"27\" title=\"36 Migliori aziende di traslochi internazionali del Regno Unito\">aziende di trasloco<\/a> che sono membri dell'associazione <a href=\"https:\/\/moverdb.com\/it\/iam\/\" data-internallinksmanager029f6b8e52c=\"23\" title=\"Spiegazione dell&#039;Associazione Internazionale dei Traslocatori (IAM)\">Associazione internazionale dei traslocatori<\/a> (IAM) e\/o <a href=\"https:\/\/moverdb.com\/it\/fidi-faim\/\" data-internallinksmanager029f6b8e52c=\"16\" title=\"FIDI e FAIM (FIDI Accredited International Mover) spiegati\">FIDI<\/a> Traslocatori internazionali accreditati (FAIM) che possono aiutarvi a traslocare.<\/p>\n<div id=\"ez-toc-container\" class=\"ez-toc-v2_0_83 ez-toc-wrap-left counter-hierarchy ez-toc-counter ez-toc-transparent ez-toc-container-direction\">\n<div class=\"ez-toc-title-container\">\n<p class=\"ez-toc-title\" style=\"cursor:inherit\">Sezioni<\/p>\n<span class=\"ez-toc-title-toggle\"><a href=\"#\" class=\"ez-toc-pull-right ez-toc-btn ez-toc-btn-xs ez-toc-btn-default ez-toc-toggle\" aria-label=\"Allinea la tabella dei contenuti\"><span class=\"ez-toc-js-icon-con\"><span class=\"\"><span class=\"eztoc-hide\" style=\"display:none;\">Toggle<\/span><span class=\"ez-toc-icon-toggle-span\"><svg style=\"fill: #999;color:#999\" xmlns=\"http:\/\/www.w3.org\/2000\/svg\" class=\"list-377408\" width=\"20px\" height=\"20px\" viewbox=\"0 0 24 24\" fill=\"none\"><path d=\"M6 6H4v2h2V6zm14 0H8v2h12V6zM4 11h2v2H4v-2zm16 0H8v2h12v-2zM4 16h2v2H4v-2zm16 0H8v2h12v-2z\" fill=\"currentColor\"><\/path><\/svg><svg style=\"fill: #999;color:#999\" class=\"arrow-unsorted-368013\" xmlns=\"http:\/\/www.w3.org\/2000\/svg\" width=\"10px\" height=\"10px\" viewbox=\"0 0 24 24\" version=\"1.2\" baseprofile=\"tiny\"><path d=\"M18.2 9.3l-6.2-6.3-6.2 6.3c-.2.2-.3.4-.3.7s.1.5.3.7c.2.2.4.3.7.3h11c.3 0 .5-.1.7-.3.2-.2.3-.5.3-.7s-.1-.5-.3-.7zM5.8 14.7l6.2 6.3 6.2-6.3c.2-.2.3-.5.3-.7s-.1-.5-.3-.7c-.2-.2-.4-.3-.7-.3h-11c-.3 0-.5.1-.7.3-.2.2-.3.5-.3.7s.1.5.3.7z\"\/><\/svg><\/span><\/span><\/span><\/a><\/span><\/div>\n<nav><ul class='ez-toc-list ez-toc-list-level-1 eztoc-toggle-hide-by-default' ><li class='ez-toc-page-1 ez-toc-heading-level-2'><a class=\"ez-toc-link ez-toc-heading-1\" href=\"https:\/\/moverdb.com\/it\/moving-companies\/moving-companies-greece\/#1_Attica_Movers\" >1. Traslochi Attica<\/a><\/li><li class='ez-toc-page-1 ez-toc-heading-level-2'><a class=\"ez-toc-link ez-toc-heading-2\" href=\"https:\/\/moverdb.com\/it\/moving-companies\/moving-companies-greece\/#2_Cargo_Log_Ltd\" >2. Cargo Log Ltd<\/a><\/li><li class='ez-toc-page-1 ez-toc-heading-level-2'><a class=\"ez-toc-link ez-toc-heading-3\" href=\"https:\/\/moverdb.com\/it\/moving-companies\/moving-companies-greece\/#3_Celebrity_International_Movers\" >3. Traslochi internazionali Celebrity<\/a><\/li><li class='ez-toc-page-1 ez-toc-heading-level-2'><a class=\"ez-toc-link ez-toc-heading-4\" href=\"https:\/\/moverdb.com\/it\/moving-companies\/moving-companies-greece\/#4_Matrix_Relocations\" >4. Trasferimenti di matrice<\/a><\/li><li class='ez-toc-page-1 ez-toc-heading-level-2'><a class=\"ez-toc-link ez-toc-heading-5\" href=\"https:\/\/moverdb.com\/it\/moving-companies\/moving-companies-greece\/#5_Orphee_Beinoglou\" >5. Orphee Beinoglou<\/a><\/li><li class='ez-toc-page-1 ez-toc-heading-level-2'><a class=\"ez-toc-link ez-toc-heading-6\" href=\"https:\/\/moverdb.com\/it\/moving-companies\/moving-companies-greece\/#6_Safeway_Transport\" >6. Trasporto Safeway<\/a><\/li><li class='ez-toc-page-1 ez-toc-heading-level-2'><a class=\"ez-toc-link ez-toc-heading-7\" href=\"https:\/\/moverdb.com\/it\/moving-companies\/moving-companies-greece\/#7_Aritrans\" >7. Aritrans<\/a><\/li><li class='ez-toc-page-1 ez-toc-heading-level-2'><a class=\"ez-toc-link ez-toc-heading-8\" href=\"https:\/\/moverdb.com\/it\/moving-companies\/moving-companies-greece\/#8_Intermove\" >8. Intermove<\/a><\/li><li class='ez-toc-page-1 ez-toc-heading-level-2'><a class=\"ez-toc-link ez-toc-heading-9\" href=\"https:\/\/moverdb.com\/it\/moving-companies\/moving-companies-greece\/#Other_Useful_Guides_to_Greece\" >Altre guide utili sulla Grecia<\/a><\/li><\/ul><\/nav><\/div>\n<h2><span class=\"ez-toc-section\" id=\"1_Attica_Movers\"><\/span><strong>1. Traslochi Attica<\/strong><span class=\"ez-toc-section-end\"><\/span><\/h2>\n<p><img loading=\"lazy\" decoding=\"async\" class=\"alignnone size-full wp-image-7417\" src=\"https:\/\/moverdb.com\/wp-content\/uploads\/Attica-Movers-international-moving-company.png\" alt=\"Azienda di traslochi internazionali Attica Movers\" width=\"1440\" height=\"682\" data-wp-pid=\"7417\" srcset=\"https:\/\/moverdb.com\/wp-content\/uploads\/Attica-Movers-international-moving-company.png 1440w, https:\/\/moverdb.com\/wp-content\/uploads\/Attica-Movers-international-moving-company-300x142.png 300w, https:\/\/moverdb.com\/wp-content\/uploads\/Attica-Movers-international-moving-company-1024x485.png 1024w, https:\/\/moverdb.com\/wp-content\/uploads\/Attica-Movers-international-moving-company-18x9.png 18w, https:\/\/moverdb.com\/wp-content\/uploads\/Attica-Movers-international-moving-company-600x284.png 600w\" sizes=\"auto, (max-width: 1440px) 100vw, 1440px\" \/><\/p>\n<ul>\n<li>Movimenti nazionali<\/li>\n<li>Spostamenti internazionali<\/li>\n<li>Traslochi domestici<\/li>\n<li>Traslochi commerciali<\/li>\n<li>Servizio di imballaggio<\/li>\n<li>Costruzione di scatole di legno<\/li>\n<li>Procedure doganali<\/li>\n<li>Trasporto di animali domestici<\/li>\n<li>Trasporto d'arte<\/li>\n<li>Stoccaggio a breve e lungo termine<\/li>\n<\/ul>\n<p>Attica Movers \u00e8 un'azienda di traslochi nazionali e internazionali fondata nel 1980 con sede ad Atene. \u00c8 membro della IAM con 43 anni di servizio ed \u00e8 accreditata dalla FIDI, che le d\u00e0 accesso a una rete internazionale di agenti di trasloco che la supportano.<\/p>\n<p>Attica Movers offre un sopralluogo virtuale o di persona per valutare il volume del vostro trasloco, le esigenze di imballaggio e il modo di trasporto. Forniscono un servizio di imballaggio completo che utilizza materiali moderni e di alta qualit\u00e0 e costruiscono casse di legno per gli oggetti fragili. Se necessario, sono in grado di espletare le procedure doganali. Offrono inoltre servizi specializzati nel trasporto di animali domestici e opere d'arte.<\/p>\n<p>Sito web: <a href=\"http:\/\/www.atticamovers.gr\" target=\"_blank\" rel=\"noopener\">http:\/\/www.atticamovers.gr<\/a><\/p>\n<h2><span class=\"ez-toc-section\" id=\"2_Cargo_Log_Ltd\"><\/span><strong>2. Cargo Log Ltd<\/strong><span class=\"ez-toc-section-end\"><\/span><\/h2>\n<p><img loading=\"lazy\" decoding=\"async\" class=\"alignnone size-full wp-image-7424\" src=\"https:\/\/moverdb.com\/wp-content\/uploads\/Cargo-Log-international-moving-company.png\" alt=\"Azienda di traslochi internazionali Cargo Log\" width=\"1440\" height=\"682\" data-wp-pid=\"7424\" srcset=\"https:\/\/moverdb.com\/wp-content\/uploads\/Cargo-Log-international-moving-company.png 1440w, https:\/\/moverdb.com\/wp-content\/uploads\/Cargo-Log-international-moving-company-300x142.png 300w, https:\/\/moverdb.com\/wp-content\/uploads\/Cargo-Log-international-moving-company-1024x485.png 1024w, https:\/\/moverdb.com\/wp-content\/uploads\/Cargo-Log-international-moving-company-18x9.png 18w, https:\/\/moverdb.com\/wp-content\/uploads\/Cargo-Log-international-moving-company-600x284.png 600w\" sizes=\"auto, (max-width: 1440px) 100vw, 1440px\" \/><\/p>\n<ul>\n<li>Movimenti nazionali<\/li>\n<li>Spostamenti internazionali<\/li>\n<li>Traslochi domestici<\/li>\n<li>Spostamenti d'affari<\/li>\n<li>Mosse militari<\/li>\n<li>Servizio di imballaggio<\/li>\n<li>Sdoganamento<\/li>\n<li>Trasporto di veicoli<\/li>\n<li>Trasporto di animali domestici<\/li>\n<li>Stoccaggio a breve e lungo termine<\/li>\n<\/ul>\n<p>Cargo Log \u00e8 un fornitore di servizi di trasloco a conduzione familiare che offre servizi da e per Creta. Da oltre 60 anni aiuta le persone a traslocare. Si occupa di traslochi di famiglie, aziende e militari. \u00c8 membro dell'IAM con 34 anni di servizio.<\/p>\n<p>Cargo Log dispone di un team esperto che organizzer\u00e0 il vostro trasloco alla migliore tariffa possibile, imballando in modo sicuro i vostri beni e trattandoli con cura. Possono anche fornire assistenza per lo sdoganamento. Offre una gamma di servizi di trasloco specializzati che comprendono la spedizione di auto e moto, il trasporto di animali domestici e il trasloco di attrezzature da esposizione.<\/p>\n<p>Sito web: <a href=\"http:\/\/www.cargolog.gr\" target=\"_blank\" rel=\"noopener\">http:\/\/www.cargolog.gr<\/a><\/p>\n<h2><span class=\"ez-toc-section\" id=\"3_Celebrity_International_Movers\"><\/span><strong>3. Traslochi internazionali Celebrity<\/strong><span class=\"ez-toc-section-end\"><\/span><\/h2>\n<p><img loading=\"lazy\" decoding=\"async\" class=\"alignnone size-full wp-image-7426\" src=\"https:\/\/moverdb.com\/wp-content\/uploads\/Celebrity-International-Movers-moving-company.png\" alt=\"Azienda di traslochi Celebrity International Movers\" width=\"1440\" height=\"645\" data-wp-pid=\"7426\" srcset=\"https:\/\/moverdb.com\/wp-content\/uploads\/Celebrity-International-Movers-moving-company.png 1440w, https:\/\/moverdb.com\/wp-content\/uploads\/Celebrity-International-Movers-moving-company-300x134.png 300w, https:\/\/moverdb.com\/wp-content\/uploads\/Celebrity-International-Movers-moving-company-1024x459.png 1024w, https:\/\/moverdb.com\/wp-content\/uploads\/Celebrity-International-Movers-moving-company-18x8.png 18w, https:\/\/moverdb.com\/wp-content\/uploads\/Celebrity-International-Movers-moving-company-600x269.png 600w\" sizes=\"auto, (max-width: 1440px) 100vw, 1440px\" \/><\/p>\n<ul>\n<li>Movimenti nazionali<\/li>\n<li>Spostamenti internazionali<\/li>\n<li>Traslochi domestici<\/li>\n<li>Traslochi d'ufficio<\/li>\n<li>Servizi di trasferimento personalizzati<\/li>\n<li>Movimenti su misura<\/li>\n<li>Servizi di imballaggio<\/li>\n<li>Trasporto di veicoli e animali domestici<\/li>\n<li>Le mosse d'arte<\/li>\n<li>Strutture di stoccaggio<\/li>\n<\/ul>\n<p>Celebrity International Movers \u00e8 un'azienda di traslochi nazionali e internazionali fondata nel 1986. Collabora con agenti partner per effettuare traslochi internazionali. \u00c8 membro della IAM con 37 anni di servizio ed \u00e8 accreditata dalla FIDI.<\/p>\n<p>Celebrity International Movers offre un servizio personalizzato di trasloco porta a porta per assistere le persone nel trasloco di tutti i tipi di beni, tra cui auto, barche, oggetti d'arte e animali domestici. Ad ogni cliente viene assegnato un consulente per il trasloco. Forniscono un servizio di imballaggio per proteggere i vostri beni quando viaggiate via terra, aria o mare e si occupano delle formalit\u00e0 doganali. Il servizio di trasloco comprende la ricerca di alloggi e scuole, l'immigrazione, l'orientamento, i servizi di partenza e l'assistenza all'insediamento.<\/p>\n<p>Sito web: <a href=\"http:\/\/www.celebrity.gr\" target=\"_blank\" rel=\"noopener\">http:\/\/www.celebrity.gr<\/a><\/p>\n<h2><span class=\"ez-toc-section\" id=\"4_Matrix_Relocations\"><\/span><strong>4. Trasferimenti di matrice<\/strong><span class=\"ez-toc-section-end\"><\/span><\/h2>\n<p><img loading=\"lazy\" decoding=\"async\" class=\"alignnone size-full wp-image-7466\" src=\"https:\/\/moverdb.com\/wp-content\/uploads\/Matrix-Relocations-international-moving-company.png\" alt=\"Matrix Relocations, societ\u00e0 di traslochi internazionali\" width=\"1440\" height=\"683\" data-wp-pid=\"7466\" srcset=\"https:\/\/moverdb.com\/wp-content\/uploads\/Matrix-Relocations-international-moving-company.png 1440w, https:\/\/moverdb.com\/wp-content\/uploads\/Matrix-Relocations-international-moving-company-300x142.png 300w, https:\/\/moverdb.com\/wp-content\/uploads\/Matrix-Relocations-international-moving-company-1024x486.png 1024w, https:\/\/moverdb.com\/wp-content\/uploads\/Matrix-Relocations-international-moving-company-18x9.png 18w, https:\/\/moverdb.com\/wp-content\/uploads\/Matrix-Relocations-international-moving-company-600x285.png 600w\" sizes=\"auto, (max-width: 1440px) 100vw, 1440px\" \/><\/p>\n<ul>\n<li>Movimenti nazionali<\/li>\n<li>Spostamenti internazionali<\/li>\n<li>Traslochi domestici<\/li>\n<li>Movimenti aziendali<\/li>\n<li>Servizi di trasferimento<\/li>\n<li>Consulente personale per il trasloco<\/li>\n<li>Servizio di imballaggio<\/li>\n<li>Organizzare il trasporto<\/li>\n<li>Sdoganamento<\/li>\n<li>Strutture di stoccaggio<\/li>\n<\/ul>\n<p>Matrix Relocations \u00e8 un'azienda di traslochi e trasferimenti fondata nel 1990 ad Atene. Dispone di una rete di societ\u00e0 di traslochi che la supportano nella fornitura dei propri servizi. \u00c8 membro della IAM con 18 anni di servizio.<\/p>\n<p>Matrix Relocations mette a disposizione un consulente personale per il trasloco che gestir\u00e0 il vostro trasloco durante tutto il viaggio. Utilizza materiali e tecniche di imballaggio della massima qualit\u00e0 e inventaria i vostri beni. Organizzano il trasporto dei vostri beni con lo sdoganamento e forniscono il monitoraggio online della spedizione. I loro servizi di trasloco includono servizi di arrivo e partenza, ricerca di case e scuole e gestione degli affitti.<\/p>\n<p>Sito web: <a href=\"https:\/\/matrixrelo.com\" target=\"_blank\" rel=\"noopener\">https:\/\/matrixrelo.com<\/a><\/p>\n<h2><span class=\"ez-toc-section\" id=\"5_Orphee_Beinoglou\"><\/span><strong>5. Orphee Beinoglou<\/strong><span class=\"ez-toc-section-end\"><\/span><\/h2>\n<p><img loading=\"lazy\" decoding=\"async\" class=\"alignnone size-full wp-image-7475\" src=\"https:\/\/moverdb.com\/wp-content\/uploads\/Orphee-Beinoglou-international-moving-company.png\" alt=\"Azienda di traslochi internazionali Orphee Beinoglou\" width=\"1440\" height=\"686\" data-wp-pid=\"7475\" srcset=\"https:\/\/moverdb.com\/wp-content\/uploads\/Orphee-Beinoglou-international-moving-company.png 1440w, https:\/\/moverdb.com\/wp-content\/uploads\/Orphee-Beinoglou-international-moving-company-300x143.png 300w, https:\/\/moverdb.com\/wp-content\/uploads\/Orphee-Beinoglou-international-moving-company-1024x488.png 1024w, https:\/\/moverdb.com\/wp-content\/uploads\/Orphee-Beinoglou-international-moving-company-18x9.png 18w, https:\/\/moverdb.com\/wp-content\/uploads\/Orphee-Beinoglou-international-moving-company-600x286.png 600w\" sizes=\"auto, (max-width: 1440px) 100vw, 1440px\" \/><\/p>\n<ul>\n<li>Movimenti nazionali<\/li>\n<li>Spostamenti internazionali<\/li>\n<li>Spostamenti residenziali<\/li>\n<li>Traslochi d'ufficio<\/li>\n<li>Servizi di trasferimento<\/li>\n<li>Servizio porta a porta<\/li>\n<li>Servizio di imballaggio<\/li>\n<li>Trasporto stradale, marittimo e aereo<\/li>\n<li>Sdoganamento<\/li>\n<li>Strutture di stoccaggio a breve e lungo termine<\/li>\n<\/ul>\n<p>Orphee Beinoglou \u00e8 un fornitore di trasporto merci e logistica fondato nel 1923 ad Atene. Dispone di una rete globale con la quale collabora per la consegna di traslochi in tutto il mondo. \u00c8 membro di IAM con 100 anni di servizio ed \u00e8 accreditato da FIDI.<\/p>\n<p>Orphee Beinoglou mette a disposizione un consulente per il trasferimento che vi guider\u00e0 nel processo. Offre un servizio porta a porta che comprende l'imballaggio sicuro dei vostri beni con materiale specializzato e il trasporto su strada, via mare o via aerea con sdoganamento. Offre anche il trasporto di opere d'arte, progetti di trasporto speciali, assicurazione e strutture di stoccaggio.<\/p>\n<p>Sito web: <a href=\"http:\/\/www.beinoglou.gr\" target=\"_blank\" rel=\"noopener\">http:\/\/www.beinoglou.gr<\/a><\/p>\n<h2><span class=\"ez-toc-section\" id=\"6_Safeway_Transport\"><\/span><strong>6. Trasporto Safeway<\/strong><span class=\"ez-toc-section-end\"><\/span><\/h2>\n<p><img loading=\"lazy\" decoding=\"async\" class=\"alignnone size-full wp-image-7482\" src=\"https:\/\/moverdb.com\/wp-content\/uploads\/Safeway-Transport-international-moving-company.png\" alt=\"Azienda di traslochi internazionali Safeway Transport\" width=\"1440\" height=\"692\" data-wp-pid=\"7482\" srcset=\"https:\/\/moverdb.com\/wp-content\/uploads\/Safeway-Transport-international-moving-company.png 1440w, https:\/\/moverdb.com\/wp-content\/uploads\/Safeway-Transport-international-moving-company-300x144.png 300w, https:\/\/moverdb.com\/wp-content\/uploads\/Safeway-Transport-international-moving-company-1024x492.png 1024w, https:\/\/moverdb.com\/wp-content\/uploads\/Safeway-Transport-international-moving-company-18x9.png 18w, https:\/\/moverdb.com\/wp-content\/uploads\/Safeway-Transport-international-moving-company-600x288.png 600w\" sizes=\"auto, (max-width: 1440px) 100vw, 1440px\" \/><\/p>\n<ul>\n<li>Movimenti nazionali<\/li>\n<li>Spostamenti internazionali<\/li>\n<li>Traslochi domestici<\/li>\n<li>Movimenti aziendali<\/li>\n<li>Servizio su misura<\/li>\n<li>Servizio di imballaggio<\/li>\n<li>Sdoganamento<\/li>\n<li>Trasporto di animali domestici<\/li>\n<li>Trasporto di veicoli<\/li>\n<li>Per lo stoccaggio a lungo termine<\/li>\n<\/ul>\n<p>Safeway Transport \u00e8 un'azienda di trasporti internazionali e nazionali <a href=\"https:\/\/moverdb.com\/it\/shipping-companies\/\" data-internallinksmanager029f6b8e52c=\"4\" title=\"Le 10 migliori compagnie di spedizione internazionale di container\">compagnia di navigazione<\/a> con sede ad Atene. Fornisce servizi di trasloco a clienti residenziali e commerciali. Lavorano con una rete globale di agenti per fornire un servizio porta a porta. Sono membri della IAM con 14 anni di servizio.<\/p>\n<p>Safeway Transport offre un servizio di trasloco su misura, con un contatto personale per gestire il trasloco e completare un'indagine preliminare. Offre servizi specializzati per oggetti d'arte, oggetti d'antiquariato, animali domestici e veicoli, oltre che per oggetti standard. Fornisce un servizio di imballaggio che comprende casse per proteggere i vostri beni durante il trasporto.<\/p>\n<p>Sito web: <a href=\"http:\/\/www.safewaytransport.gr\" target=\"_blank\" rel=\"noopener\">http:\/\/www.safewaytransport.gr<\/a><\/p>\n<h2><span class=\"ez-toc-section\" id=\"7_Aritrans\"><\/span><strong>7. Aritrans<\/strong><span class=\"ez-toc-section-end\"><\/span><\/h2>\n<p><img loading=\"lazy\" decoding=\"async\" class=\"alignnone size-full wp-image-7413\" src=\"https:\/\/moverdb.com\/wp-content\/uploads\/Aritrans-international-moving-company.png\" alt=\"Azienda di traslochi internazionali Aritrans\" width=\"1440\" height=\"673\" data-wp-pid=\"7413\" srcset=\"https:\/\/moverdb.com\/wp-content\/uploads\/Aritrans-international-moving-company.png 1440w, https:\/\/moverdb.com\/wp-content\/uploads\/Aritrans-international-moving-company-300x140.png 300w, https:\/\/moverdb.com\/wp-content\/uploads\/Aritrans-international-moving-company-1024x479.png 1024w, https:\/\/moverdb.com\/wp-content\/uploads\/Aritrans-international-moving-company-18x8.png 18w, https:\/\/moverdb.com\/wp-content\/uploads\/Aritrans-international-moving-company-600x280.png 600w\" sizes=\"auto, (max-width: 1440px) 100vw, 1440px\" \/><\/p>\n<ul>\n<li>Movimenti nazionali<\/li>\n<li>Spostamenti internazionali<\/li>\n<li>Traslochi domestici<\/li>\n<li>Trasferimento di uffici<\/li>\n<li>Servizio porta a porta<\/li>\n<li>Servizio di imballaggio<\/li>\n<li>Smontaggio e montaggio di mobili<\/li>\n<li>Trasporto stradale, marittimo e aereo<\/li>\n<li>Sdoganamento<\/li>\n<li>Stoccaggio sicuro<\/li>\n<\/ul>\n<p>Aritrans \u00e8 una societ\u00e0 internazionale <a href=\"https:\/\/moverdb.com\/it\/freight-forwarder\/\" data-internallinksmanager029f6b8e52c=\"17\" title=\"Spedizioniere e NVOCC Guida ai costi e alle societ\u00e0 internazionali\">spedizioniere<\/a> e logistica, fondata nel 1992. La sede centrale \u00e8 al Pireo e ha due filiali ad Atene e Salonicco. Dispone di una rete di agenzie affidabili che operano all'estero per fornire servizi. \u00c8 membro dello IAM con 32 anni di servizio.<\/p>\n<p>Aritrans mette a disposizione un consulente per il trasloco che effettuer\u00e0 un sopralluogo dei vostri beni per valutare le vostre esigenze di imballaggio e trasloco. Fornisce un servizio di imballaggio che comprende lo smontaggio e il montaggio dei mobili, l'imballaggio e il disimballaggio dei vostri beni. Se necessario, provvede allo sdoganamento.<\/p>\n<p>Sito web: <a href=\"http:\/\/www.aritrans.gr\" target=\"_blank\" rel=\"noopener\">http:\/\/www.aritrans.gr<\/a><\/p>\n<h2><span class=\"ez-toc-section\" id=\"8_Intermove\"><\/span><strong>8. Intermove<\/strong><span class=\"ez-toc-section-end\"><\/span><\/h2>\n<p><img loading=\"lazy\" decoding=\"async\" class=\"alignnone size-full wp-image-7455\" src=\"https:\/\/moverdb.com\/wp-content\/uploads\/Intermove-Greece-international-moving-company.png\" alt=\"Intermove Grecia societ\u00e0 di traslochi internazionali\" width=\"1440\" height=\"678\" data-wp-pid=\"7455\" srcset=\"https:\/\/moverdb.com\/wp-content\/uploads\/Intermove-Greece-international-moving-company.png 1440w, https:\/\/moverdb.com\/wp-content\/uploads\/Intermove-Greece-international-moving-company-300x141.png 300w, https:\/\/moverdb.com\/wp-content\/uploads\/Intermove-Greece-international-moving-company-1024x482.png 1024w, https:\/\/moverdb.com\/wp-content\/uploads\/Intermove-Greece-international-moving-company-18x8.png 18w, https:\/\/moverdb.com\/wp-content\/uploads\/Intermove-Greece-international-moving-company-600x283.png 600w\" sizes=\"auto, (max-width: 1440px) 100vw, 1440px\" \/><\/p>\n<ul>\n<li>Trasferta nazionale<\/li>\n<li>Spostamento internazionale<\/li>\n<li>Traslochi domestici<\/li>\n<li>Movimenti aziendali<\/li>\n<li>Pacchetto completo di servizi<\/li>\n<li>Organizzazione del trasporto<\/li>\n<li>Trasporto terrestre, marittimo o aereo<\/li>\n<li>Trasporto di opere d'arte<\/li>\n<li>Assicurazione<\/li>\n<li>Stoccaggio<\/li>\n<\/ul>\n<p>Intermove \u00e8 un'azienda di trasporti internazionali con sede ad Atene che dispone di una rete di trasporti e di strutture di stoccaggio in Grecia. Dispone di una rete internazionale di partner che la assistono nella fornitura di servizi all'estero. \u00c8 membro dell'IAM con 26 anni di servizio.<\/p>\n<p>Intermove offre servizi di trasloco per abitazioni, trasferimento di uffici e servizi di trasloco, nonch\u00e9 servizi di esposizione. Offre un pacchetto completo per traslochi locali e internazionali con la possibilit\u00e0 di imballare autonomamente. Offrono opzioni di trasporto che comprendono il trasporto via terra con la propria flotta, via mare o via aerea. Dispongono di strutture di magazzino che offrono soluzioni di stoccaggio se necessario.<\/p>\n<p>Sito web: <a href=\"http:\/\/www.intermove.gr\" target=\"_blank\" rel=\"noopener\">http:\/\/www.intermove.gr<\/a><\/p>\n<h2><span class=\"ez-toc-section\" id=\"Other_Useful_Guides_to_Greece\"><\/span>Altre guide utili sulla Grecia<span class=\"ez-toc-section-end\"><\/span><\/h2>\n<ul>\n<li> <a href=\"https:\/\/moverdb.com\/it\/moving-to-greece\/\">Trasferirsi in Grecia: Costi di vita e consigli per il trasferimento<\/a><\/li>\n<li> <a href=\"https:\/\/moverdb.com\/it\/moving-to-greece\/living-in-greece\/\">21 segreti su come vivere in Grecia da conoscere prima di trasferirsi<\/a><\/li>\n<li> <a href=\"https:\/\/moverdb.com\/it\/moving-to-greece\/best-places-to-live-greece\/\">I 13 migliori posti dove vivere in Grecia<\/a><\/li>\n<li> <a href=\"https:\/\/moverdb.com\/it\/container-shipping\/grecia\/\">Tariffe di spedizione via mare di container da e per la Grecia<\/a><\/li>\n<\/ul>","protected":false},"excerpt":{"rendered":"<p>Moving home or business can be difficult with lots of logistics to handle especially if you are moving countries, so if you are moving to, from or within Greece, you may want to engage a moving company. Below we have compiled a list of Greek removal companies that are members of the International Association of [&hellip;]<\/p>\n","protected":false},"author":4,"featured_media":0,"parent":190,"menu_order":0,"comment_status":"closed","ping_status":"closed","template":"","meta":{"_genesis_hide_title":false,"_genesis_hide_breadcrumbs":false,"_genesis_hide_singular_image":false,"_genesis_hide_footer_widgets":false,"_genesis_custom_body_class":"","_genesis_custom_post_class":"","_genesis_layout":"","footnotes":""},"class_list":{"0":"post-7510","1":"page","2":"type-page","3":"status-publish","5":"entry","6":"has-post-thumbnail"},"_links":{"self":[{"href":"https:\/\/moverdb.com\/it\/wp-json\/wp\/v2\/pages\/7510","targetHints":{"allow":["GET"]}}],"collection":[{"href":"https:\/\/moverdb.com\/it\/wp-json\/wp\/v2\/pages"}],"about":[{"href":"https:\/\/moverdb.com\/it\/wp-json\/wp\/v2\/types\/page"}],"author":[{"embeddable":true,"href":"https:\/\/moverdb.com\/it\/wp-json\/wp\/v2\/users\/4"}],"replies":[{"embeddable":true,"href":"https:\/\/moverdb.com\/it\/wp-json\/wp\/v2\/comments?post=7510"}],"version-history":[{"count":3,"href":"https:\/\/moverdb.com\/it\/wp-json\/wp\/v2\/pages\/7510\/revisions"}],"predecessor-version":[{"id":16250,"href":"https:\/\/moverdb.com\/it\/wp-json\/wp\/v2\/pages\/7510\/revisions\/16250"}],"up":[{"embeddable":true,"href":"https:\/\/moverdb.com\/it\/wp-json\/wp\/v2\/pages\/190"}],"wp:attachment":[{"href":"https:\/\/moverdb.com\/it\/wp-json\/wp\/v2\/media?parent=7510"}],"curies":[{"name":"wp","href":"https:\/\/api.w.org\/{rel}","templated":true}]}}