{"id":6051,"date":"2023-02-01T12:39:56","date_gmt":"2023-02-01T12:39:56","guid":{"rendered":"https:\/\/moverdb.com\/?page_id=6051"},"modified":"2026-01-08T15:24:43","modified_gmt":"2026-01-08T15:24:43","slug":"aziende-di-traslochi-finlandia","status":"publish","type":"page","link":"https:\/\/moverdb.com\/it\/moving-companies\/moving-companies-finland\/","title":{"rendered":"Le 4 migliori imprese di traslochi internazionali in Finlandia"},"content":{"rendered":"<p>Il trasloco di una casa o di un'azienda pu\u00f2 essere un momento di stress, perch\u00e9 ci sono molte cose da organizzare, soprattutto se ci si trasferisce in un altro Paese. Per questo motivo, affidarsi ai servizi di un <a href=\"https:\/\/moverdb.com\/it\/moving-companies\/\" data-internallinksmanager029f6b8e52c=\"79\" title=\"Le 25 migliori aziende di traslochi internazionali online\">azienda di traslochi<\/a> possono aiutarvi ad alleggerire il carico, in quanto possono prendere tutti gli accordi per voi e assistervi nel disbrigo delle pratiche burocratiche. Di seguito abbiamo compilato un elenco di <a href=\"https:\/\/moverdb.com\/it\/international-removals\/\" data-internallinksmanager029f6b8e52c=\"27\" title=\"36 Migliori aziende di traslochi internazionali del Regno Unito\">aziende di trasloco<\/a> con sede in <a href=\"https:\/\/moverdb.com\/it\/moving-to-finland\/\" data-internallinksmanager029f6b8e52c=\"345\" title=\"Trasferirsi in Finlandia? 2026 Costi di vita e consigli per il trasferimento\">Finlandia<\/a> che sono membri dell'associazione <a href=\"https:\/\/moverdb.com\/it\/iam\/\" data-internallinksmanager029f6b8e52c=\"23\" title=\"Spiegazione dell&#039;Associazione Internazionale dei Traslocatori (IAM)\">Associazione internazionale dei traslocatori<\/a> (IAM) e\/o <a href=\"https:\/\/moverdb.com\/it\/fidi-faim\/\" data-internallinksmanager029f6b8e52c=\"16\" title=\"FIDI e FAIM (FIDI Accredited International Mover) spiegati\">FIDI<\/a> Traslocatore internazionale accreditato (FAIM) che pu\u00f2 aiutarvi con il vostro trasloco.<\/p>\n<div id=\"ez-toc-container\" class=\"ez-toc-v2_0_82_2 ez-toc-wrap-left counter-hierarchy ez-toc-counter ez-toc-transparent ez-toc-container-direction\">\n<div class=\"ez-toc-title-container\">\n<p class=\"ez-toc-title\" style=\"cursor:inherit\">Sezioni<\/p>\n<span class=\"ez-toc-title-toggle\"><a href=\"#\" class=\"ez-toc-pull-right ez-toc-btn ez-toc-btn-xs ez-toc-btn-default ez-toc-toggle\" aria-label=\"Allinea la tabella dei contenuti\"><span class=\"ez-toc-js-icon-con\"><span class=\"\"><span class=\"eztoc-hide\" style=\"display:none;\">Toggle<\/span><span class=\"ez-toc-icon-toggle-span\"><svg style=\"fill: #999;color:#999\" xmlns=\"http:\/\/www.w3.org\/2000\/svg\" class=\"list-377408\" width=\"20px\" height=\"20px\" viewbox=\"0 0 24 24\" fill=\"none\"><path d=\"M6 6H4v2h2V6zm14 0H8v2h12V6zM4 11h2v2H4v-2zm16 0H8v2h12v-2zM4 16h2v2H4v-2zm16 0H8v2h12v-2z\" fill=\"currentColor\"><\/path><\/svg><svg style=\"fill: #999;color:#999\" class=\"arrow-unsorted-368013\" xmlns=\"http:\/\/www.w3.org\/2000\/svg\" width=\"10px\" height=\"10px\" viewbox=\"0 0 24 24\" version=\"1.2\" baseprofile=\"tiny\"><path d=\"M18.2 9.3l-6.2-6.3-6.2 6.3c-.2.2-.3.4-.3.7s.1.5.3.7c.2.2.4.3.7.3h11c.3 0 .5-.1.7-.3.2-.2.3-.5.3-.7s-.1-.5-.3-.7zM5.8 14.7l6.2 6.3 6.2-6.3c.2-.2.3-.5.3-.7s-.1-.5-.3-.7c-.2-.2-.4-.3-.7-.3h-11c-.3 0-.5.1-.7.3-.2.2-.3.5-.3.7s.1.5.3.7z\"\/><\/svg><\/span><\/span><\/span><\/a><\/span><\/div>\n<nav><ul class='ez-toc-list ez-toc-list-level-1 eztoc-toggle-hide-by-default' ><li class='ez-toc-page-1 ez-toc-heading-level-2'><a class=\"ez-toc-link ez-toc-heading-1\" href=\"https:\/\/moverdb.com\/it\/moving-companies\/moving-companies-finland\/#1_Travelcargo_International_Removals\" >1. Travelcargo Traslochi internazionali<\/a><\/li><li class='ez-toc-page-1 ez-toc-heading-level-2'><a class=\"ez-toc-link ez-toc-heading-2\" href=\"https:\/\/moverdb.com\/it\/moving-companies\/moving-companies-finland\/#2_Niemi_Services\" >2. Servizi Niemi<\/a><\/li><li class='ez-toc-page-1 ez-toc-heading-level-2'><a class=\"ez-toc-link ez-toc-heading-3\" href=\"https:\/\/moverdb.com\/it\/moving-companies\/moving-companies-finland\/#3_Pegasus_Moving\" >3. Pegasus Moving<\/a><\/li><li class='ez-toc-page-1 ez-toc-heading-level-2'><a class=\"ez-toc-link ez-toc-heading-4\" href=\"https:\/\/moverdb.com\/it\/moving-companies\/moving-companies-finland\/#4_Victor_EK\" >4. Victor EK<\/a><\/li><li class='ez-toc-page-1 ez-toc-heading-level-2'><a class=\"ez-toc-link ez-toc-heading-5\" href=\"https:\/\/moverdb.com\/it\/moving-companies\/moving-companies-finland\/#Other_Useful_Guides_to_Finland\" >Altre guide utili sulla Finlandia<\/a><\/li><\/ul><\/nav><\/div>\n<h2><span class=\"ez-toc-section\" id=\"1_Travelcargo_International_Removals\"><\/span><strong>1. Travelcargo Traslochi internazionali<\/strong><span class=\"ez-toc-section-end\"><\/span><\/h2>\n<p><img loading=\"lazy\" decoding=\"async\" class=\"alignnone size-full wp-image-6052\" src=\"https:\/\/moverdb.com\/wp-content\/uploads\/Travel-Cargo-international-moving-company.png\" alt=\"Travel Cargo, azienda di traslochi internazionali\" width=\"1440\" height=\"672\" data-wp-pid=\"6052\" srcset=\"https:\/\/moverdb.com\/wp-content\/uploads\/Travel-Cargo-international-moving-company.png 1440w, https:\/\/moverdb.com\/wp-content\/uploads\/Travel-Cargo-international-moving-company-300x140.png 300w, https:\/\/moverdb.com\/wp-content\/uploads\/Travel-Cargo-international-moving-company-1024x478.png 1024w, https:\/\/moverdb.com\/wp-content\/uploads\/Travel-Cargo-international-moving-company-18x8.png 18w, https:\/\/moverdb.com\/wp-content\/uploads\/Travel-Cargo-international-moving-company-600x280.png 600w\" sizes=\"auto, (max-width: 1440px) 100vw, 1440px\" \/><\/p>\n<ul>\n<li>Traslochi internazionali<\/li>\n<li>Traslochi domestici<\/li>\n<li>Movimenti aziendali<\/li>\n<li>Servizio porta a porta<\/li>\n<li>Servizio di imballaggio professionale<\/li>\n<li>Trasporto stradale, aereo e marittimo<\/li>\n<li>Sdoganamento<\/li>\n<li>Trasporto di animali<\/li>\n<li>Servizio bagagli in eccesso<\/li>\n<li>Fiere ed eventi<\/li>\n<\/ul>\n<p>Travelcargo International Removals \u00e8 una societ\u00e0 di traslochi e logistica con sede a Helsinki, fondata nel 2005. \u00c8 una divisione di ATC Global Solutions. Offre servizi di trasloco in oltre 180 Paesi in tutto il mondo grazie a partnership con altri agenti di trasloco internazionali. \u00c8 membro di IAM con 17 anni di servizio ed \u00e8 accreditata da FIDI.<\/p>\n<p>Travelcargo offre un sopralluogo prima del trasloco per valutare le vostre esigenze e organizzare il vostro trasloco con servizio porta a porta. Mette a disposizione imballatori professionisti per imballare i vostri beni in modo sicuro, utilizzando materiali di imballaggio di alta qualit\u00e0. Organizzano il trasporto su strada, aereo e marittimo con sdoganamento.<\/p>\n<p>Sito web: <a href=\"http:\/\/www.travelcargo.fi\" target=\"_blank\" rel=\"noopener\">http:\/\/www.travelcargo.fi<\/a><\/p>\n<h2><span class=\"ez-toc-section\" id=\"2_Niemi_Services\"><\/span><strong>2. Servizi Niemi<\/strong><span class=\"ez-toc-section-end\"><\/span><\/h2>\n<p><img loading=\"lazy\" decoding=\"async\" class=\"alignnone size-full wp-image-5986\" src=\"https:\/\/moverdb.com\/wp-content\/uploads\/Niemi-Services-international-moving-company.png\" alt=\"Niemi Services, azienda di traslochi internazionali\" width=\"1440\" height=\"683\" data-wp-pid=\"5986\" srcset=\"https:\/\/moverdb.com\/wp-content\/uploads\/Niemi-Services-international-moving-company.png 1440w, https:\/\/moverdb.com\/wp-content\/uploads\/Niemi-Services-international-moving-company-300x142.png 300w, https:\/\/moverdb.com\/wp-content\/uploads\/Niemi-Services-international-moving-company-1024x486.png 1024w, https:\/\/moverdb.com\/wp-content\/uploads\/Niemi-Services-international-moving-company-18x9.png 18w, https:\/\/moverdb.com\/wp-content\/uploads\/Niemi-Services-international-moving-company-600x285.png 600w\" sizes=\"auto, (max-width: 1440px) 100vw, 1440px\" \/><\/p>\n<ul>\n<li>Movimenti nazionali<\/li>\n<li>Spostamenti internazionali<\/li>\n<li>Spostamenti residenziali<\/li>\n<li>Movimenti aziendali<\/li>\n<li>Scelta del livello del pacchetto mobile<\/li>\n<li>Servizi di imballaggio<\/li>\n<li>Trasporto stradale, marittimo e aereo<\/li>\n<li>Sdoganamento<\/li>\n<li>Assicurazione<\/li>\n<li>Strutture di stoccaggio a breve e lungo termine<\/li>\n<\/ul>\n<p>Niemi Services \u00e8 una societ\u00e0 di traslochi e logistica con centri operativi a Helsinki, Jyvaskyla e Kuopio, <a href=\"https:\/\/www.niemi.fi\/en\/about_us\/offices\/niemi_lahti\" target=\"_blank\" rel=\"noopener\">Lahti<\/a>,&nbsp;<a href=\"https:\/\/www.niemi.fi\/en\/about_us\/offices\/niemi_oulu\" target=\"_blank\" rel=\"noopener\">Oulu<\/a>,&nbsp;<a href=\"https:\/\/www.niemi.fi\/en\/about_us\/offices\/niemi_tampere\" target=\"_blank\" rel=\"noopener\">Tampere<\/a>,&nbsp;<a href=\"https:\/\/www.niemi.fi\/en\/about_us\/offices\/niemi_turku\" target=\"_blank\" rel=\"noopener\">Turku<\/a>, e&nbsp;<a href=\"https:\/\/www.niemi.fi\/en\/about_us\/offices\/niemi_vaasa\" target=\"_blank\" rel=\"noopener\">Vaasa<\/a>. Offrono traslochi in tutto il mondo in collaborazione con agenti di trasloco internazionali. Sono membri della IAM con 41 anni di servizio e sono accreditati dalla FIDI.<\/p>\n<p>Niemi Services offre una scelta di servizi di trasloco che vanno dal noleggio di scatole per il trasloco al servizio completo di trasloco. Offrono una valutazione gratuita e una visita di pianificazione per organizzare il vostro trasloco. Utilizza una propria flotta di veicoli e offre anche il trasporto aereo e marittimo per un singolo articolo o per container completi.<\/p>\n<p>Sito web: <a href=\"http:\/\/www.niemi.fi\/en\" target=\"_blank\" rel=\"noopener\">http:\/\/www.niemi.fi\/en<\/a><\/p>\n<h2><span class=\"ez-toc-section\" id=\"3_Pegasus_Moving\"><\/span><strong>3. Pegasus Moving<\/strong><span class=\"ez-toc-section-end\"><\/span><\/h2>\n<p><img loading=\"lazy\" decoding=\"async\" class=\"alignnone size-full wp-image-5991\" src=\"https:\/\/moverdb.com\/wp-content\/uploads\/Pegasus-Moving-international-moving-company.png\" alt=\"Pegasus Moving azienda di traslochi internazionali\" width=\"1440\" height=\"682\" data-wp-pid=\"5991\" srcset=\"https:\/\/moverdb.com\/wp-content\/uploads\/Pegasus-Moving-international-moving-company.png 1440w, https:\/\/moverdb.com\/wp-content\/uploads\/Pegasus-Moving-international-moving-company-300x142.png 300w, https:\/\/moverdb.com\/wp-content\/uploads\/Pegasus-Moving-international-moving-company-1024x485.png 1024w, https:\/\/moverdb.com\/wp-content\/uploads\/Pegasus-Moving-international-moving-company-18x9.png 18w, https:\/\/moverdb.com\/wp-content\/uploads\/Pegasus-Moving-international-moving-company-600x284.png 600w\" sizes=\"auto, (max-width: 1440px) 100vw, 1440px\" \/><\/p>\n<ul>\n<li>Movimenti nazionali<\/li>\n<li>Spostamenti internazionali<\/li>\n<li>Traslochi domestici<\/li>\n<li>Servizi di trasferimento<\/li>\n<li>Servizi su misura<\/li>\n<li>Servizi di imballaggio<\/li>\n<li>Scatole di spedizione su misura<\/li>\n<li>Supporto doganale<\/li>\n<li>Trasporto auto<\/li>\n<li>Stoccaggio a breve e lungo termine<\/li>\n<\/ul>\n<p>Pegasus Moving \u00e8 un'azienda di traslochi e logistica con oltre 20 anni di esperienza e sede a Helsinki. Collabora con altre agenzie di traslochi per effettuare traslochi internazionali. \u00c8 membro di IAM con 11 anni di servizio.<\/p>\n<p>Pegasus Moving offre sopralluoghi per stabilire le vostre esigenze e pu\u00f2 fornire servizi di imballaggio per proteggere i vostri beni. Organizzeranno tutti gli aspetti del trasloco in base alle vostre esigenze e vi assisteranno con i requisiti doganali. Offre inoltre servizi aggiuntivi come la pulizia finale, la rimozione dei rifiuti, il riciclaggio dei vecchi mobili, l'installazione di elettrodomestici e il deposito.<\/p>\n<p>Sito web: <a href=\"http:\/\/www.pegasusmoving.fi\" target=\"_blank\" rel=\"noopener\">http:\/\/www.pegasusmoving.fi<\/a><\/p>\n<h2><span class=\"ez-toc-section\" id=\"4_Victor_EK\"><\/span><strong>4. Victor EK<\/strong><span class=\"ez-toc-section-end\"><\/span><\/h2>\n<p><img loading=\"lazy\" decoding=\"async\" class=\"alignnone size-full wp-image-6010\" src=\"https:\/\/moverdb.com\/wp-content\/uploads\/Victor-EK-international-moving-company.png\" alt=\"Victor EK azienda di traslochi internazionali\" width=\"1440\" height=\"682\" data-wp-pid=\"6010\" srcset=\"https:\/\/moverdb.com\/wp-content\/uploads\/Victor-EK-international-moving-company.png 1440w, https:\/\/moverdb.com\/wp-content\/uploads\/Victor-EK-international-moving-company-300x142.png 300w, https:\/\/moverdb.com\/wp-content\/uploads\/Victor-EK-international-moving-company-1024x485.png 1024w, https:\/\/moverdb.com\/wp-content\/uploads\/Victor-EK-international-moving-company-18x9.png 18w, https:\/\/moverdb.com\/wp-content\/uploads\/Victor-EK-international-moving-company-600x284.png 600w\" sizes=\"auto, (max-width: 1440px) 100vw, 1440px\" \/><\/p>\n<ul>\n<li>Movimenti nazionali<\/li>\n<li>Spostamenti internazionali<\/li>\n<li>Traslochi domestici<\/li>\n<li>Trasferimenti aziendali<\/li>\n<li>Servizio di imballaggio<\/li>\n<li>Trasporto terrestre, marittimo e aereo<\/li>\n<li>Sdoganamento<\/li>\n<li>Assicurazione<\/li>\n<li>Trasporto auto<\/li>\n<li>Strutture di stoccaggio<\/li>\n<\/ul>\n<p>Victor EK \u00e8 una societ\u00e0 di spedizioni e logistica a conduzione familiare fondata nel 1885 con uffici a Helsinki, Tampere e Hanko. Ha rapporti a lungo termine con compagnie di navigazione e organizzazioni internazionali per fornire i propri servizi in tutto il mondo. \u00c8 membro dell'associazione <a href=\"https:\/\/moverdb.com\/it\/harmony-relocation-network\/\" data-internallinksmanager029f6b8e52c=\"20\" title=\"Harmony Relocation Network (HRN) spiegato\">Rete Harmony Relocation<\/a> ad IAM con 129 anni di servizio e sono accreditati da FIDI.<\/p>\n<p>Victor EK offre un sopralluogo gratuito per scoprire le vostre esigenze. Fornisce servizi di imballaggio se richiesti. Organizza il trasporto dei vostri beni via terra, aria o mare e vi assiste nello sdoganamento e nell'assicurazione. Offre anche servizi di pulizia quando lasciate la vostra casa.<\/p>\n<p>Sito web: <a href=\"http:\/\/www.victorek.fi\" target=\"_blank\" rel=\"noopener\">http:\/\/www.victorek.fi<\/a><\/p>\n<h2><span class=\"ez-toc-section\" id=\"Other_Useful_Guides_to_Finland\"><\/span>Altre guide utili sulla Finlandia<span class=\"ez-toc-section-end\"><\/span><\/h2>\n<ul>\n<li> <a href=\"https:\/\/moverdb.com\/it\/moving-to-finland\/\">Trasferirsi in Finlandia? 2026 Costi di vita e consigli per il trasferimento<\/a><\/li>\n<li> <a href=\"https:\/\/moverdb.com\/it\/moving-to-finland\/best-places-to-live-finland\/\">I 12 migliori posti dove vivere in Finlandia<\/a><\/li>\n<li> <a href=\"https:\/\/moverdb.com\/it\/moving-to-finland\/living-in-finland\/\">21 segreti sulla vita in Finlandia da conoscere prima di trasferirsi<\/a><\/li>\n<li> <a href=\"https:\/\/moverdb.com\/it\/container-shipping\/finlandia\/\">2024 Tariffe di spedizione via mare per container da e per la Finlandia<\/a><\/li>\n<\/ul>","protected":false},"excerpt":{"rendered":"<p>Moving home or business premises can be a stressful time as there is so much to arrange, especially if you are moving to another country. So, engaging the services of a moving company can help lighten the load as they can make all the arrangements for you and assist you in navigating through the paperwork. [&hellip;]<\/p>\n","protected":false},"author":4,"featured_media":0,"parent":190,"menu_order":0,"comment_status":"closed","ping_status":"closed","template":"","meta":{"_genesis_hide_title":false,"_genesis_hide_breadcrumbs":false,"_genesis_hide_singular_image":false,"_genesis_hide_footer_widgets":false,"_genesis_custom_body_class":"","_genesis_custom_post_class":"","_genesis_layout":"","footnotes":""},"class_list":{"0":"post-6051","1":"page","2":"type-page","3":"status-publish","5":"entry","6":"has-post-thumbnail"},"_links":{"self":[{"href":"https:\/\/moverdb.com\/it\/wp-json\/wp\/v2\/pages\/6051","targetHints":{"allow":["GET"]}}],"collection":[{"href":"https:\/\/moverdb.com\/it\/wp-json\/wp\/v2\/pages"}],"about":[{"href":"https:\/\/moverdb.com\/it\/wp-json\/wp\/v2\/types\/page"}],"author":[{"embeddable":true,"href":"https:\/\/moverdb.com\/it\/wp-json\/wp\/v2\/users\/4"}],"replies":[{"embeddable":true,"href":"https:\/\/moverdb.com\/it\/wp-json\/wp\/v2\/comments?post=6051"}],"version-history":[{"count":3,"href":"https:\/\/moverdb.com\/it\/wp-json\/wp\/v2\/pages\/6051\/revisions"}],"predecessor-version":[{"id":16285,"href":"https:\/\/moverdb.com\/it\/wp-json\/wp\/v2\/pages\/6051\/revisions\/16285"}],"up":[{"embeddable":true,"href":"https:\/\/moverdb.com\/it\/wp-json\/wp\/v2\/pages\/190"}],"wp:attachment":[{"href":"https:\/\/moverdb.com\/it\/wp-json\/wp\/v2\/media?parent=6051"}],"curies":[{"name":"wp","href":"https:\/\/api.w.org\/{rel}","templated":true}]}}