{"id":6036,"date":"2023-02-01T13:45:53","date_gmt":"2023-02-01T13:45:53","guid":{"rendered":"https:\/\/moverdb.com\/?page_id=6036"},"modified":"2026-01-08T15:29:19","modified_gmt":"2026-01-08T15:29:19","slug":"aziende-di-traslochi-repubblica-dominicana","status":"publish","type":"page","link":"https:\/\/moverdb.com\/it\/moving-companies\/moving-companies-dominican-republic\/","title":{"rendered":"Le 6 migliori imprese di traslochi internazionali in Repubblica Dominicana"},"content":{"rendered":"<p>Se state cambiando casa o trasferendo la vostra attivit\u00e0 nella Repubblica Dominicana, o per o dalla Repubblica Dominicana, potreste essere alla ricerca di assistenza. Un'azienda di traslochi potrebbe aiutarvi a facilitare il trasloco e a eliminare un po' di stress. Di seguito abbiamo stilato un elenco di aziende di traslochi della Repubblica Dominicana. <a href=\"https:\/\/moverdb.com\/it\/international-removals\/\" data-internallinksmanager029f6b8e52c=\"27\" title=\"36 Migliori aziende di traslochi internazionali del Regno Unito\">aziende di trasloco<\/a> che sono membri dell'associazione <a href=\"https:\/\/moverdb.com\/it\/iam\/\" data-internallinksmanager029f6b8e52c=\"23\" title=\"Spiegazione dell&#039;Associazione Internazionale dei Traslocatori (IAM)\">Associazione internazionale dei traslocatori<\/a> (IAM) e\/o <a href=\"https:\/\/moverdb.com\/it\/fidi-faim\/\" data-internallinksmanager029f6b8e52c=\"16\" title=\"FIDI e FAIM (FIDI Accredited International Mover) spiegati\">FIDI<\/a> Traslocatori internazionali accreditati (FAIM) che potrebbero essere in grado di aiutarvi.<\/p>\n<div id=\"ez-toc-container\" class=\"ez-toc-v2_0_82_2 ez-toc-wrap-left counter-hierarchy ez-toc-counter ez-toc-transparent ez-toc-container-direction\">\n<div class=\"ez-toc-title-container\">\n<p class=\"ez-toc-title\" style=\"cursor:inherit\">Sezioni<\/p>\n<span class=\"ez-toc-title-toggle\"><a href=\"#\" class=\"ez-toc-pull-right ez-toc-btn ez-toc-btn-xs ez-toc-btn-default ez-toc-toggle\" aria-label=\"Allinea la tabella dei contenuti\"><span class=\"ez-toc-js-icon-con\"><span class=\"\"><span class=\"eztoc-hide\" style=\"display:none;\">Toggle<\/span><span class=\"ez-toc-icon-toggle-span\"><svg style=\"fill: #999;color:#999\" xmlns=\"http:\/\/www.w3.org\/2000\/svg\" class=\"list-377408\" width=\"20px\" height=\"20px\" viewbox=\"0 0 24 24\" fill=\"none\"><path d=\"M6 6H4v2h2V6zm14 0H8v2h12V6zM4 11h2v2H4v-2zm16 0H8v2h12v-2zM4 16h2v2H4v-2zm16 0H8v2h12v-2z\" fill=\"currentColor\"><\/path><\/svg><svg style=\"fill: #999;color:#999\" class=\"arrow-unsorted-368013\" xmlns=\"http:\/\/www.w3.org\/2000\/svg\" width=\"10px\" height=\"10px\" viewbox=\"0 0 24 24\" version=\"1.2\" baseprofile=\"tiny\"><path d=\"M18.2 9.3l-6.2-6.3-6.2 6.3c-.2.2-.3.4-.3.7s.1.5.3.7c.2.2.4.3.7.3h11c.3 0 .5-.1.7-.3.2-.2.3-.5.3-.7s-.1-.5-.3-.7zM5.8 14.7l6.2 6.3 6.2-6.3c.2-.2.3-.5.3-.7s-.1-.5-.3-.7c-.2-.2-.4-.3-.7-.3h-11c-.3 0-.5.1-.7.3-.2.2-.3.5-.3.7s.1.5.3.7z\"\/><\/svg><\/span><\/span><\/span><\/a><\/span><\/div>\n<nav><ul class='ez-toc-list ez-toc-list-level-1 eztoc-toggle-hide-by-default' ><li class='ez-toc-page-1 ez-toc-heading-level-2'><a class=\"ez-toc-link ez-toc-heading-1\" href=\"https:\/\/moverdb.com\/it\/moving-companies\/moving-companies-dominican-republic\/#1_International_Packers\" >1. Imballatori internazionali<\/a><\/li><li class='ez-toc-page-1 ez-toc-heading-level-2'><a class=\"ez-toc-link ez-toc-heading-2\" href=\"https:\/\/moverdb.com\/it\/moving-companies\/moving-companies-dominican-republic\/#2_Mega_Movers\" >2. Mega Movers<\/a><\/li><li class='ez-toc-page-1 ez-toc-heading-level-2'><a class=\"ez-toc-link ez-toc-heading-3\" href=\"https:\/\/moverdb.com\/it\/moving-companies\/moving-companies-dominican-republic\/#3_Dominican_International_Moving\" >3. Trasloco internazionale dominicano<\/a><\/li><li class='ez-toc-page-1 ez-toc-heading-level-2'><a class=\"ez-toc-link ez-toc-heading-4\" href=\"https:\/\/moverdb.com\/it\/moving-companies\/moving-companies-dominican-republic\/#4_Frank_Leo\" >4. Frank Leo<\/a><\/li><li class='ez-toc-page-1 ez-toc-heading-level-2'><a class=\"ez-toc-link ez-toc-heading-5\" href=\"https:\/\/moverdb.com\/it\/moving-companies\/moving-companies-dominican-republic\/#5_L_G_International_Movers\" >5. L&amp;G Traslochi internazionali<\/a><\/li><li class='ez-toc-page-1 ez-toc-heading-level-2'><a class=\"ez-toc-link ez-toc-heading-6\" href=\"https:\/\/moverdb.com\/it\/moving-companies\/moving-companies-dominican-republic\/#6_Latino_Express\" >6. Latino Express<\/a><\/li><\/ul><\/nav><\/div>\n<h2><span class=\"ez-toc-section\" id=\"1_International_Packers\"><\/span><strong>1. Imballatori internazionali<\/strong><span class=\"ez-toc-section-end\"><\/span><\/h2>\n<p><img loading=\"lazy\" decoding=\"async\" class=\"alignnone size-full wp-image-5961\" src=\"https:\/\/moverdb.com\/wp-content\/uploads\/International-Packers-international-moving-company.png\" alt=\"Imballatori internazionali Societ\u00e0 di traslochi internazionali\" width=\"1440\" height=\"683\" data-wp-pid=\"5961\" srcset=\"https:\/\/moverdb.com\/wp-content\/uploads\/International-Packers-international-moving-company.png 1440w, https:\/\/moverdb.com\/wp-content\/uploads\/International-Packers-international-moving-company-300x142.png 300w, https:\/\/moverdb.com\/wp-content\/uploads\/International-Packers-international-moving-company-1024x486.png 1024w, https:\/\/moverdb.com\/wp-content\/uploads\/International-Packers-international-moving-company-18x9.png 18w, https:\/\/moverdb.com\/wp-content\/uploads\/International-Packers-international-moving-company-600x285.png 600w\" sizes=\"auto, (max-width: 1440px) 100vw, 1440px\" \/><\/p>\n<ul>\n<li>Movimenti nazionali<\/li>\n<li>Spostamenti internazionali<\/li>\n<li>Traslochi domestici<\/li>\n<li>Movimenti aziendali<\/li>\n<li>Servizio di imballaggio professionale<\/li>\n<li>Supporto doganale<\/li>\n<li>Trasporto di opere d'arte<\/li>\n<li>Spedizione di animali domestici<\/li>\n<li>Assicurazione<\/li>\n<li>Strutture di stoccaggio<\/li>\n<\/ul>\n<p>International Packers \u00e8 un'azienda di traslochi e stoccaggio con sede a Santo Domingo, fondata nel 1989. Offre servizi di trasloco e trasferimento, compresi servizi specializzati per lo spostamento di opere d'arte, la spedizione di animali domestici e il noleggio di mobili. \u00c8 membro della IAM con 33 anni di servizio ed \u00e8 accreditata dalla FIDI.<\/p>\n<p>International Packers offre un servizio personalizzato per i traslochi nazionali e internazionali, fornito da agenti di trasloco internazionali in tutto il mondo. Forniscono un servizio porta a porta che include un servizio di imballaggio professionale per proteggere i vostri beni e offrono una protezione assicurativa. Forniscono anche strutture di stoccaggio, se necessario.<\/p>\n<p>Sito web: <a href=\"http:\/\/www.internt-packers.com.do\" target=\"_blank\" rel=\"noopener\">http:\/\/www.internt-packers.com.do<\/a><\/p>\n<h2><span class=\"ez-toc-section\" id=\"2_Mega_Movers\"><\/span><strong>2. Mega Movers<\/strong><span class=\"ez-toc-section-end\"><\/span><\/h2>\n<p><img loading=\"lazy\" decoding=\"async\" class=\"alignnone size-full wp-image-5970\" src=\"https:\/\/moverdb.com\/wp-content\/uploads\/Mega-Movers-international-moving-company.png\" alt=\"Mega Movers, azienda di traslochi internazionali\" width=\"1440\" height=\"677\" data-wp-pid=\"5970\" srcset=\"https:\/\/moverdb.com\/wp-content\/uploads\/Mega-Movers-international-moving-company.png 1440w, https:\/\/moverdb.com\/wp-content\/uploads\/Mega-Movers-international-moving-company-300x141.png 300w, https:\/\/moverdb.com\/wp-content\/uploads\/Mega-Movers-international-moving-company-1024x481.png 1024w, https:\/\/moverdb.com\/wp-content\/uploads\/Mega-Movers-international-moving-company-18x8.png 18w, https:\/\/moverdb.com\/wp-content\/uploads\/Mega-Movers-international-moving-company-600x282.png 600w\" sizes=\"auto, (max-width: 1440px) 100vw, 1440px\" \/><\/p>\n<ul>\n<li>Movimenti nazionali<\/li>\n<li>Spostamenti internazionali<\/li>\n<li>Traslochi domestici<\/li>\n<li>Traslochi d'ufficio<\/li>\n<li>Specializzata nella movimentazione di apparecchiature mediche<\/li>\n<li>Servizi di imballaggio<\/li>\n<li>Casse su misura<\/li>\n<li>Attrezzatura specializzata<\/li>\n<li>Si occupa di merci sovradimensionate e\/o in sovrappeso<\/li>\n<li>Assicurazione<\/li>\n<\/ul>\n<p>Mega Movers \u00e8 una societ\u00e0 di logistica a conduzione familiare che opera nella Repubblica Dominicana, a Porto Rico e nei Caraibi. Offre servizi di rigging di macchinari, progetti chiavi in mano, merci fuori misura\/sovrappeso e traslochi internazionali di abitazioni. Fornisce inoltre un servizio specializzato per lo spostamento di apparecchiature mediche nella Repubblica Dominicana. \u00c8 membro della IAM con 3 anni di servizio.<\/p>\n<p>Mega Movers offre un servizio personalizzato che comprende consulenze e consigli interni. Mette a disposizione imballatori esperti e nuovi materiali di imballaggio, tra cui casse su misura realizzate in proprio. Inoltre, collabora con oltre 1.000 agenti di traslochi internazionali in tutto il mondo per fornire servizi congiunti.<\/p>\n<p>Sito web: <a href=\"http:\/\/www.megamovers.co\" target=\"_blank\" rel=\"noopener\">http:\/\/www.megamovers.co<\/a><\/p>\n<h2><span class=\"ez-toc-section\" id=\"3_Dominican_International_Moving\"><\/span><strong>3. Trasloco internazionale dominicano<\/strong><span class=\"ez-toc-section-end\"><\/span><\/h2>\n<p><img loading=\"lazy\" decoding=\"async\" class=\"alignnone size-full wp-image-5939\" src=\"https:\/\/moverdb.com\/wp-content\/uploads\/Domincan-International-Moving-company.png\" alt=\"Azienda di traslochi internazionali Domincan\" width=\"1440\" height=\"672\" data-wp-pid=\"5939\" srcset=\"https:\/\/moverdb.com\/wp-content\/uploads\/Domincan-International-Moving-company.png 1440w, https:\/\/moverdb.com\/wp-content\/uploads\/Domincan-International-Moving-company-300x140.png 300w, https:\/\/moverdb.com\/wp-content\/uploads\/Domincan-International-Moving-company-1024x478.png 1024w, https:\/\/moverdb.com\/wp-content\/uploads\/Domincan-International-Moving-company-18x8.png 18w, https:\/\/moverdb.com\/wp-content\/uploads\/Domincan-International-Moving-company-600x280.png 600w\" sizes=\"auto, (max-width: 1440px) 100vw, 1440px\" \/><\/p>\n<ul>\n<li>Movimenti nazionali<\/li>\n<li>Spostamenti internazionali<\/li>\n<li>Spostamenti residenziali<\/li>\n<li>Spostamenti d'affari<\/li>\n<li>Esperienza nella gestione di articoli sensibili e fragili<\/li>\n<li>Servizi di imballaggio<\/li>\n<li>Supporto doganale<\/li>\n<li>Trasporto di veicoli<\/li>\n<li>Trasferimento di animali domestici<\/li>\n<li>Strutture di stoccaggio<\/li>\n<\/ul>\n<p>Dominican International Moving \u00e8 un <a href=\"https:\/\/moverdb.com\/it\/moving-companies\/\" data-internallinksmanager029f6b8e52c=\"79\" title=\"Le 25 migliori aziende di traslochi internazionali online\">azienda di traslochi<\/a> con sede a Santo Domingo che offre traslochi e trasferimenti nazionali e internazionali. Offrono anche il trasporto di veicoli e il trasferimento di animali domestici. \u00c8 membro dell'IAM e dispone di una rete di agenti qualificati in tutto il mondo per assistere nella realizzazione di traslochi internazionali.<\/p>\n<p>Dominican International Moving offre soluzioni di trasloco complete che comprendono l'imballaggio sicuro di tutti i vostri beni con imballaggi specializzati, lo smontaggio dei mobili e la compilazione di un inventario. Organizzano il trasporto dei vostri beni, si occupano dei requisiti doganali, li scaricano e montano i mobili.<\/p>\n<p>Sito web: <a href=\"http:\/\/www.dim.do\/\" target=\"_blank\" rel=\"noopener\">http:\/\/www.dim.do\/<\/a><\/p>\n<h2><span class=\"ez-toc-section\" id=\"4_Frank_Leo\"><\/span><strong>4. Frank Leo<\/strong><span class=\"ez-toc-section-end\"><\/span><\/h2>\n<p><img loading=\"lazy\" decoding=\"async\" class=\"alignnone size-full wp-image-5946\" src=\"https:\/\/moverdb.com\/wp-content\/uploads\/Frank-Leo-international-moving-company.png\" alt=\"Azienda di traslochi internazionali Frank Leo\" width=\"1440\" height=\"680\" data-wp-pid=\"5946\" srcset=\"https:\/\/moverdb.com\/wp-content\/uploads\/Frank-Leo-international-moving-company.png 1440w, https:\/\/moverdb.com\/wp-content\/uploads\/Frank-Leo-international-moving-company-300x142.png 300w, https:\/\/moverdb.com\/wp-content\/uploads\/Frank-Leo-international-moving-company-1024x484.png 1024w, https:\/\/moverdb.com\/wp-content\/uploads\/Frank-Leo-international-moving-company-18x9.png 18w, https:\/\/moverdb.com\/wp-content\/uploads\/Frank-Leo-international-moving-company-600x283.png 600w\" sizes=\"auto, (max-width: 1440px) 100vw, 1440px\" \/><\/p>\n<ul>\n<li>Movimenti nazionali<\/li>\n<li>Spostamenti internazionali<\/li>\n<li>Servizi di trasferimento<\/li>\n<li>Traslochi domestici<\/li>\n<li>Traslochi commerciali<\/li>\n<li>Trasporto terrestre, marittimo e aereo<\/li>\n<li>Brokeraggio doganale<\/li>\n<li>Servizi di trasporto aggiuntivi per veicoli e animali domestici<\/li>\n<li>Assicurazione<\/li>\n<li>Strutture di stoccaggio<\/li>\n<\/ul>\n<p>Frank Leo \u00e8 una societ\u00e0 di logistica e traslochi fondata nella Repubblica Dominicana nel 1990. Offre servizi di trasloco nazionali e internazionali e servizi di trasloco che vi supportano nella consulenza locale e nell'ambientamento in un nuovo Paese. \u00c8 membro della IAM con 32 anni di servizio.<\/p>\n<p>Frank Leo offre soluzioni su misura per privati, famiglie, aziende e diplomatici. I loro servizi comprendono l'imballaggio di tutti i vostri beni, con servizi di imballaggio speciali per oggetti d'antiquariato, opere d'arte e macchinari. Organizzano il trasporto via terra, via mare o via aerea e forniscono assistenza per il disbrigo delle pratiche doganali. Forniscono inoltre servizi di assistenza per il trasporto di veicoli, barche, aerei leggeri, piante e animali domestici.<\/p>\n<p>Sito web: <a href=\"http:\/\/www.frankleo.com\" target=\"_blank\" rel=\"noopener\">http:\/\/www.frankleo.com<\/a><\/p>\n<h2><span class=\"ez-toc-section\" id=\"5_L_G_International_Movers\"><\/span><strong>5. L&amp;G Traslochi internazionali<\/strong><span class=\"ez-toc-section-end\"><\/span><\/h2>\n<p><img loading=\"lazy\" decoding=\"async\" class=\"alignnone size-full wp-image-5965\" src=\"https:\/\/moverdb.com\/wp-content\/uploads\/LG-International-Movers-company.png\" alt=\"Azienda di traslochi internazionali L&amp;G\" width=\"1440\" height=\"676\" data-wp-pid=\"5965\" srcset=\"https:\/\/moverdb.com\/wp-content\/uploads\/LG-International-Movers-company.png 1440w, https:\/\/moverdb.com\/wp-content\/uploads\/LG-International-Movers-company-300x141.png 300w, https:\/\/moverdb.com\/wp-content\/uploads\/LG-International-Movers-company-1024x481.png 1024w, https:\/\/moverdb.com\/wp-content\/uploads\/LG-International-Movers-company-18x8.png 18w, https:\/\/moverdb.com\/wp-content\/uploads\/LG-International-Movers-company-600x282.png 600w\" sizes=\"auto, (max-width: 1440px) 100vw, 1440px\" \/><\/p>\n<ul>\n<li>Movimenti nazionali<\/li>\n<li>Spostamenti internazionali<\/li>\n<li>Spostamenti residenziali<\/li>\n<li>Spostamenti d'affari<\/li>\n<li>Opzione self-pack<\/li>\n<li>Servizi di imballaggio<\/li>\n<li>Scelta di opzioni di trasporto<\/li>\n<li>Sdoganamento<\/li>\n<li>Trasporto auto<\/li>\n<li>Strutture di stoccaggio<\/li>\n<\/ul>\n<p>L&amp;G International Movers \u00e8 una societ\u00e0 di logistica e servizi di trasloco internazionale con sede a Santo Domingo. Fornisce traslochi internazionali avvalendosi dei propri partner, di altri traslocatori e spedizionieri in tutto il mondo. \u00c8 membro della IAM ed \u00e8 accreditata dalla FIDI.<\/p>\n<p>L&amp;G International Movers imballer\u00e0 i vostri beni utilizzando le tecniche e i materiali pi\u00f9 moderni, oppure potrete scegliere di imballare voi stessi. Offrono una scelta di servizi di trasporto che includono il trasporto aereo e marittimo, compresi metodi pi\u00f9 economici come il groupage, che consente di combinare la vostra spedizione con altre. Vi assisteranno anche nelle operazioni di sdoganamento.<\/p>\n<p>Sito web: <a href=\"http:\/\/www.lginternationalmovers.com\" target=\"_blank\" rel=\"noopener\">http:\/\/www.lginternationalmovers.com<\/a><\/p>\n<h2><span class=\"ez-toc-section\" id=\"6_Latino_Express\"><\/span><strong>6. Latino Express<\/strong><span class=\"ez-toc-section-end\"><\/span><\/h2>\n<p><img loading=\"lazy\" decoding=\"async\" class=\"alignnone size-full wp-image-5967\" src=\"https:\/\/moverdb.com\/wp-content\/uploads\/Latino-Express-international-moving-company.png\" alt=\"Azienda di traslochi internazionali Latino Express\" width=\"1440\" height=\"665\" data-wp-pid=\"5967\" srcset=\"https:\/\/moverdb.com\/wp-content\/uploads\/Latino-Express-international-moving-company.png 1440w, https:\/\/moverdb.com\/wp-content\/uploads\/Latino-Express-international-moving-company-300x139.png 300w, https:\/\/moverdb.com\/wp-content\/uploads\/Latino-Express-international-moving-company-1024x473.png 1024w, https:\/\/moverdb.com\/wp-content\/uploads\/Latino-Express-international-moving-company-18x8.png 18w, https:\/\/moverdb.com\/wp-content\/uploads\/Latino-Express-international-moving-company-600x277.png 600w\" sizes=\"auto, (max-width: 1440px) 100vw, 1440px\" \/><\/p>\n<ul>\n<li>Traslochi nazionali<\/li>\n<li>Traslochi internazionali<\/li>\n<li>Trasferimenti<\/li>\n<li>Traslochi di abitazioni<\/li>\n<li>Traslochi aziendali<\/li>\n<li>Servizi di imballaggio<\/li>\n<li>Personale professionalmente preparato<\/li>\n<li>Intermediari doganali<\/li>\n<li>Trasporto terrestre, marittimo e aereo<\/li>\n<li>Soluzioni di archiviazione sicure<\/li>\n<\/ul>\n<p>Latino Express \u00e8 una societ\u00e0 di trasporto merci e traslochi fondata nel 1979 che offre servizi di trasloco nazionali e internazionali e servizi di trasferimento. Collabora con una rete di societ\u00e0 di traslochi internazionali per fornire servizi di trasloco in tutto il mondo. \u00c8 membro della IAM con 43 anni di servizio.<\/p>\n<p>Latino Express offre un servizio di trasloco professionale che comprende traslochi domestici e aziendali. Offre un servizio di imballaggio fornito da personale qualificato che protegger\u00e0 i vostri effetti personali e organizzer\u00e0 la spedizione via terra, mare o aria e fornir\u00e0 assistenza per il disbrigo delle pratiche doganali. Offrono anche soluzioni di stoccaggio sicuro, se necessario.<\/p>\n<p>Sito web: <a href=\"http:\/\/www.latinoexpress.com.do\" target=\"_blank\" rel=\"noopener\">http:\/\/www.latinoexpress.com.do<\/a><\/p>","protected":false},"excerpt":{"rendered":"<p>If you are moving home or relocating your business in the Dominican Republic, or to or from the Dominican Republic, you might be looking for some assistance. A moving or relocation company could help ease your move and take away some of the stress. Below we have compiled a list of Dominican Republic removal companies [&hellip;]<\/p>\n","protected":false},"author":4,"featured_media":0,"parent":190,"menu_order":0,"comment_status":"closed","ping_status":"closed","template":"","meta":{"_genesis_hide_title":false,"_genesis_hide_breadcrumbs":false,"_genesis_hide_singular_image":false,"_genesis_hide_footer_widgets":false,"_genesis_custom_body_class":"","_genesis_custom_post_class":"","_genesis_layout":"","footnotes":""},"class_list":{"0":"post-6036","1":"page","2":"type-page","3":"status-publish","5":"entry","6":"has-post-thumbnail"},"_links":{"self":[{"href":"https:\/\/moverdb.com\/it\/wp-json\/wp\/v2\/pages\/6036","targetHints":{"allow":["GET"]}}],"collection":[{"href":"https:\/\/moverdb.com\/it\/wp-json\/wp\/v2\/pages"}],"about":[{"href":"https:\/\/moverdb.com\/it\/wp-json\/wp\/v2\/types\/page"}],"author":[{"embeddable":true,"href":"https:\/\/moverdb.com\/it\/wp-json\/wp\/v2\/users\/4"}],"replies":[{"embeddable":true,"href":"https:\/\/moverdb.com\/it\/wp-json\/wp\/v2\/comments?post=6036"}],"version-history":[{"count":1,"href":"https:\/\/moverdb.com\/it\/wp-json\/wp\/v2\/pages\/6036\/revisions"}],"predecessor-version":[{"id":6037,"href":"https:\/\/moverdb.com\/it\/wp-json\/wp\/v2\/pages\/6036\/revisions\/6037"}],"up":[{"embeddable":true,"href":"https:\/\/moverdb.com\/it\/wp-json\/wp\/v2\/pages\/190"}],"wp:attachment":[{"href":"https:\/\/moverdb.com\/it\/wp-json\/wp\/v2\/media?parent=6036"}],"curies":[{"name":"wp","href":"https:\/\/api.w.org\/{rel}","templated":true}]}}