{"id":6032,"date":"2023-02-01T13:49:08","date_gmt":"2023-02-01T13:49:08","guid":{"rendered":"https:\/\/moverdb.com\/?page_id=6032"},"modified":"2026-01-08T15:29:32","modified_gmt":"2026-01-08T15:29:32","slug":"aziende-di-traslochi-danimarca","status":"publish","type":"page","link":"https:\/\/moverdb.com\/it\/moving-companies\/moving-companies-denmark\/","title":{"rendered":"Le 8 migliori imprese di traslochi internazionali in Danimarca"},"content":{"rendered":"<p>Se state pianificando un trasloco di casa o di ufficio in <a href=\"https:\/\/moverdb.com\/it\/moving-to-denmark\/\" data-internallinksmanager029f6b8e52c=\"335\" title=\"Trasferirsi in Danimarca? 2026 Costi di vita e consigli per il trasferimento\">Danimarca<\/a>o da o per la Danimarca, potreste voler chiedere l'aiuto di un <a href=\"https:\/\/moverdb.com\/it\/moving-companies\/\" data-internallinksmanager029f6b8e52c=\"79\" title=\"Le 25 migliori aziende di traslochi internazionali online\">azienda di traslochi<\/a> di assistenza per il vostro trasloco per ridurre la pressione ed eliminare alcune complessit\u00e0. Di seguito abbiamo compilato un elenco di Danimarca <a href=\"https:\/\/moverdb.com\/it\/international-removals\/\" data-internallinksmanager029f6b8e52c=\"27\" title=\"36 Migliori aziende di traslochi internazionali del Regno Unito\">aziende di trasloco<\/a> che sono membri dell'associazione <a href=\"https:\/\/moverdb.com\/it\/iam\/\" data-internallinksmanager029f6b8e52c=\"23\" title=\"Spiegazione dell&#039;Associazione Internazionale dei Traslocatori (IAM)\">Associazione internazionale dei traslocatori<\/a> (IAM) e\/o <a href=\"https:\/\/moverdb.com\/it\/fidi-faim\/\" data-internallinksmanager029f6b8e52c=\"16\" title=\"FIDI e FAIM (FIDI Accredited International Mover) spiegati\">FIDI<\/a> Traslocatori internazionali accreditati (FAIM) che possono assistervi.<\/p>\n<div id=\"ez-toc-container\" class=\"ez-toc-v2_0_82_2 ez-toc-wrap-left counter-hierarchy ez-toc-counter ez-toc-transparent ez-toc-container-direction\">\n<div class=\"ez-toc-title-container\">\n<p class=\"ez-toc-title\" style=\"cursor:inherit\">Sezioni<\/p>\n<span class=\"ez-toc-title-toggle\"><a href=\"#\" class=\"ez-toc-pull-right ez-toc-btn ez-toc-btn-xs ez-toc-btn-default ez-toc-toggle\" aria-label=\"Allinea la tabella dei contenuti\"><span class=\"ez-toc-js-icon-con\"><span class=\"\"><span class=\"eztoc-hide\" style=\"display:none;\">Toggle<\/span><span class=\"ez-toc-icon-toggle-span\"><svg style=\"fill: #999;color:#999\" xmlns=\"http:\/\/www.w3.org\/2000\/svg\" class=\"list-377408\" width=\"20px\" height=\"20px\" viewbox=\"0 0 24 24\" fill=\"none\"><path d=\"M6 6H4v2h2V6zm14 0H8v2h12V6zM4 11h2v2H4v-2zm16 0H8v2h12v-2zM4 16h2v2H4v-2zm16 0H8v2h12v-2z\" fill=\"currentColor\"><\/path><\/svg><svg style=\"fill: #999;color:#999\" class=\"arrow-unsorted-368013\" xmlns=\"http:\/\/www.w3.org\/2000\/svg\" width=\"10px\" height=\"10px\" viewbox=\"0 0 24 24\" version=\"1.2\" baseprofile=\"tiny\"><path d=\"M18.2 9.3l-6.2-6.3-6.2 6.3c-.2.2-.3.4-.3.7s.1.5.3.7c.2.2.4.3.7.3h11c.3 0 .5-.1.7-.3.2-.2.3-.5.3-.7s-.1-.5-.3-.7zM5.8 14.7l6.2 6.3 6.2-6.3c.2-.2.3-.5.3-.7s-.1-.5-.3-.7c-.2-.2-.4-.3-.7-.3h-11c-.3 0-.5.1-.7.3-.2.2-.3.5-.3.7s.1.5.3.7z\"\/><\/svg><\/span><\/span><\/span><\/a><\/span><\/div>\n<nav><ul class='ez-toc-list ez-toc-list-level-1 eztoc-toggle-hide-by-default' ><li class='ez-toc-page-1 ez-toc-heading-level-2'><a class=\"ez-toc-link ez-toc-heading-1\" href=\"https:\/\/moverdb.com\/it\/moving-companies\/moving-companies-denmark\/#1_European_Removal_Storage_Co\" >1. European Removal &amp; Storage Co<\/a><\/li><li class='ez-toc-page-1 ez-toc-heading-level-2'><a class=\"ez-toc-link ez-toc-heading-2\" href=\"https:\/\/moverdb.com\/it\/moving-companies\/moving-companies-denmark\/#2_Move-it\" >2. Muoviti<\/a><\/li><li class='ez-toc-page-1 ez-toc-heading-level-2'><a class=\"ez-toc-link ez-toc-heading-3\" href=\"https:\/\/moverdb.com\/it\/moving-companies\/moving-companies-denmark\/#3_MF_Interlogistics\" >3. MF Interlogistica<\/a><\/li><li class='ez-toc-page-1 ez-toc-heading-level-2'><a class=\"ez-toc-link ez-toc-heading-4\" href=\"https:\/\/moverdb.com\/it\/moving-companies\/moving-companies-denmark\/#4_Bryde_Sonner\" >4. Bryde e Sonner<\/a><\/li><li class='ez-toc-page-1 ez-toc-heading-level-2'><a class=\"ez-toc-link ez-toc-heading-5\" href=\"https:\/\/moverdb.com\/it\/moving-companies\/moving-companies-denmark\/#5_Inter_Express_Transport\" >5. Inter Express Transport<\/a><\/li><li class='ez-toc-page-1 ez-toc-heading-level-2'><a class=\"ez-toc-link ez-toc-heading-6\" href=\"https:\/\/moverdb.com\/it\/moving-companies\/moving-companies-denmark\/#6_Obro_Moving_Company\" >6. Azienda di traslochi Obro<\/a><\/li><li class='ez-toc-page-1 ez-toc-heading-level-2'><a class=\"ez-toc-link ez-toc-heading-7\" href=\"https:\/\/moverdb.com\/it\/moving-companies\/moving-companies-denmark\/#7_Alfa_Moving\" >7. Alfa Moving<\/a><\/li><li class='ez-toc-page-1 ez-toc-heading-level-2'><a class=\"ez-toc-link ez-toc-heading-8\" href=\"https:\/\/moverdb.com\/it\/moving-companies\/moving-companies-denmark\/#8_Aspire_Mobility_Group\" >8. Gruppo Aspire Mobility<\/a><\/li><li class='ez-toc-page-1 ez-toc-heading-level-2'><a class=\"ez-toc-link ez-toc-heading-9\" href=\"https:\/\/moverdb.com\/it\/moving-companies\/moving-companies-denmark\/#Other_Useful_Guides_to_Denmark\" >Altre guide utili sulla Danimarca<\/a><\/li><\/ul><\/nav><\/div>\n<h2><span class=\"ez-toc-section\" id=\"1_European_Removal_Storage_Co\"><\/span><strong>1. European Removal &amp; Storage Co<\/strong><span class=\"ez-toc-section-end\"><\/span><\/h2>\n<p><img loading=\"lazy\" decoding=\"async\" class=\"alignnone size-full wp-image-5944\" src=\"https:\/\/moverdb.com\/wp-content\/uploads\/European-Removal-Storage-Co-international-moving-company.png\" alt=\"European Removal &amp; Storage Co, societ\u00e0 di traslochi internazionali\" width=\"1440\" height=\"683\" data-wp-pid=\"5944\" srcset=\"https:\/\/moverdb.com\/wp-content\/uploads\/European-Removal-Storage-Co-international-moving-company.png 1440w, https:\/\/moverdb.com\/wp-content\/uploads\/European-Removal-Storage-Co-international-moving-company-300x142.png 300w, https:\/\/moverdb.com\/wp-content\/uploads\/European-Removal-Storage-Co-international-moving-company-1024x486.png 1024w, https:\/\/moverdb.com\/wp-content\/uploads\/European-Removal-Storage-Co-international-moving-company-18x9.png 18w, https:\/\/moverdb.com\/wp-content\/uploads\/European-Removal-Storage-Co-international-moving-company-600x285.png 600w\" sizes=\"auto, (max-width: 1440px) 100vw, 1440px\" \/><\/p>\n<ul>\n<li>Movimenti nazionali<\/li>\n<li>Spostamenti internazionali<\/li>\n<li>Traslochi domestici<\/li>\n<li>Trasferte dell'azienda<\/li>\n<li>Scelta dei livelli del pacchetto<\/li>\n<li>Servizi di trasferimento<\/li>\n<li>Servizio porta a porta<\/li>\n<li>Sdoganamento<\/li>\n<li>Caccia alla casa<\/li>\n<li>Soluzioni di stoccaggio<\/li>\n<\/ul>\n<p>European Removal &amp; Storage Co \u00e8 un'impresa di traslochi internazionale con sede a Copenaghen, fondata nel 1995. Grazie all'adesione a <a href=\"https:\/\/moverdb.com\/it\/euromovers\/\" data-internallinksmanager029f6b8e52c=\"12\" title=\"Spiegazione della European Mover Partnership (EUROMOVERS International)\">Euromovers<\/a>Forniscono traslochi internazionali con agenzie di trasloco partner. Sono membri di IAM con 27 anni di servizio.<\/p>\n<p>European Removal &amp; Storage Co offre un servizio personalizzato e una gamma di servizi di trasloco. Offre un pacchetto completo con servizio porta a porta, un pacchetto classico in cui potete decidere quanto volete essere coinvolti nel trasloco e un pacchetto economico in cui si occupa solo del carico e del trasporto. I servizi di trasloco comprendono anche l'orientamento, la ricerca della casa, la consulenza professionale e la formazione interculturale.<\/p>\n<p>Sito web: <a href=\"http:\/\/www.euromovers.dk\" target=\"_blank\" rel=\"noopener\">http:\/\/www.euromovers.dk<\/a><\/p>\n<h2><span class=\"ez-toc-section\" id=\"2_Move-it\"><\/span><strong>2. Muoviti<\/strong><span class=\"ez-toc-section-end\"><\/span><\/h2>\n<p><img loading=\"lazy\" decoding=\"async\" class=\"alignnone size-full wp-image-5975\" src=\"https:\/\/moverdb.com\/wp-content\/uploads\/Move-it-international-moving-company.png\" alt=\"Azienda di traslochi internazionali Move-it\" width=\"1440\" height=\"666\" data-wp-pid=\"5975\" srcset=\"https:\/\/moverdb.com\/wp-content\/uploads\/Move-it-international-moving-company.png 1440w, https:\/\/moverdb.com\/wp-content\/uploads\/Move-it-international-moving-company-300x139.png 300w, https:\/\/moverdb.com\/wp-content\/uploads\/Move-it-international-moving-company-1024x474.png 1024w, https:\/\/moverdb.com\/wp-content\/uploads\/Move-it-international-moving-company-18x8.png 18w, https:\/\/moverdb.com\/wp-content\/uploads\/Move-it-international-moving-company-600x278.png 600w\" sizes=\"auto, (max-width: 1440px) 100vw, 1440px\" \/><\/p>\n<ul>\n<li>Movimenti nazionali<\/li>\n<li>Spostamenti internazionali<\/li>\n<li>Spostamenti di business e di progetto<\/li>\n<li>Trasferimenti di dipendenti<\/li>\n<li>Servizio porta a porta su misura<\/li>\n<li>Servizi di imballaggio<\/li>\n<li>Creazione di casse di legno e imballaggio secondo gli standard europei<\/li>\n<li>Servizi di trasporto combinati<\/li>\n<li>Assicurazione<\/li>\n<li>Strutture di stoccaggio a breve e lungo termine<\/li>\n<\/ul>\n<p>Move-it \u00e8 un'azienda di traslochi internazionali fondata nel 1997 con sede a Glostrup. \u00c8 specializzata in traslochi su larga scala, traslochi aziendali, progetti e trasferimento di dipendenti. Collabora con partner internazionali per traslochi in tutto il mondo. \u00c8 membro di IAM con 25 anni di servizio.<\/p>\n<p>Move-it offre servizi di trasloco su misura che includono un'ispezione in loco e un preventivo, servizi di imballaggio e disimballaggio e soluzioni di stoccaggio a breve e lungo termine, se necessario. Per completare il trasloco, Move-it utilizza le attrezzature pi\u00f9 moderne, come veicoli con sospensioni pneumatiche e sollevatori, per garantire traslochi di alto livello.<\/p>\n<p>Sito web: <a href=\"http:\/\/www.moveit-int.dk\" target=\"_blank\" rel=\"noopener\">http:\/\/www.moveit-int.dk<\/a><\/p>\n<h2><span class=\"ez-toc-section\" id=\"3_MF_Interlogistics\"><\/span><strong>3. MF Interlogistica<\/strong><span class=\"ez-toc-section-end\"><\/span><\/h2>\n<p><img loading=\"lazy\" decoding=\"async\" class=\"alignnone size-full wp-image-5972\" src=\"https:\/\/moverdb.com\/wp-content\/uploads\/MF-Interlogistics-international-moving-company.png\" alt=\"MF Interlogistics azienda di traslochi internazionali\" width=\"1440\" height=\"677\" data-wp-pid=\"5972\" srcset=\"https:\/\/moverdb.com\/wp-content\/uploads\/MF-Interlogistics-international-moving-company.png 1440w, https:\/\/moverdb.com\/wp-content\/uploads\/MF-Interlogistics-international-moving-company-300x141.png 300w, https:\/\/moverdb.com\/wp-content\/uploads\/MF-Interlogistics-international-moving-company-1024x481.png 1024w, https:\/\/moverdb.com\/wp-content\/uploads\/MF-Interlogistics-international-moving-company-18x8.png 18w, https:\/\/moverdb.com\/wp-content\/uploads\/MF-Interlogistics-international-moving-company-600x282.png 600w\" sizes=\"auto, (max-width: 1440px) 100vw, 1440px\" \/><\/p>\n<ul>\n<li>Movimenti nazionali<\/li>\n<li>Spostamenti internazionali<\/li>\n<li>Traslochi domestici<\/li>\n<li>Movimenti aziendali<\/li>\n<li>Servizio su misura<\/li>\n<li>Coordinatore personale di traslochi<\/li>\n<li>Servizio di imballaggio<\/li>\n<li>Trasporto su strada, aereo e marittimo<\/li>\n<li>Assicurazione<\/li>\n<li>Conservazione sicura a breve e lungo termine<\/li>\n<\/ul>\n<p>MF Interlogistics \u00e8 un'azienda di traslochi internazionali che fa parte di Mesterflyt A\/S ed \u00e8 stata fondata nel 2019. Ha sedi a Copenaghen, Odense e Aarhus e dispone di una rete di rinomate aziende di traslochi globali per supportare i traslochi internazionali. Sono membri di IAM con 3 anni di servizio. Offrono servizi di trasloco a famiglie e aziende a livello nazionale e internazionale.<\/p>\n<p>MF Interlogistics offre un servizio personalizzato con servizi di trasloco che includono una consulenza pre-movimento con un sopralluogo in casa. Imballer\u00e0 tutti i vostri effetti personali in modo sicuro, ne organizzer\u00e0 il trasporto e la consegna su strada, per via aerea o marittima, e li disimballer\u00e0 a destinazione.<\/p>\n<p>Sito web: <a href=\"http:\/\/www.mfinterlog.com\" target=\"_blank\" rel=\"noopener\">http:\/\/www.mfinterlog.com<\/a><\/p>\n<h2><span class=\"ez-toc-section\" id=\"4_Bryde_Sonner\"><\/span><strong>4. Bryde e Sonner<\/strong><span class=\"ez-toc-section-end\"><\/span><\/h2>\n<p><img loading=\"lazy\" decoding=\"async\" class=\"alignnone size-full wp-image-5932\" src=\"https:\/\/moverdb.com\/wp-content\/uploads\/Bryde-Sonner-international-moving-company.png\" alt=\"Bryde &amp; Sonner azienda di traslochi internazionali\" width=\"1440\" height=\"669\" data-wp-pid=\"5932\" srcset=\"https:\/\/moverdb.com\/wp-content\/uploads\/Bryde-Sonner-international-moving-company.png 1440w, https:\/\/moverdb.com\/wp-content\/uploads\/Bryde-Sonner-international-moving-company-300x139.png 300w, https:\/\/moverdb.com\/wp-content\/uploads\/Bryde-Sonner-international-moving-company-1024x476.png 1024w, https:\/\/moverdb.com\/wp-content\/uploads\/Bryde-Sonner-international-moving-company-18x8.png 18w, https:\/\/moverdb.com\/wp-content\/uploads\/Bryde-Sonner-international-moving-company-600x279.png 600w\" sizes=\"auto, (max-width: 1440px) 100vw, 1440px\" \/><\/p>\n<ul>\n<li>Traslochi locali e nazionali<\/li>\n<li>Spostamenti internazionali<\/li>\n<li>Traslochi domestici<\/li>\n<li>Traslochi di piccole imprese<\/li>\n<li>Scelta del livello di coinvolgimento<\/li>\n<li>Confezionato in modo professionale<\/li>\n<li>Trasporto su camion, aereo o nave<\/li>\n<li>Documenti doganali<\/li>\n<li>Pulizia professionale<\/li>\n<li>Strutture di stoccaggio<\/li>\n<\/ul>\n<p>Bryde &amp; Sonner \u00e8 un'azienda di traslochi internazionali a conduzione familiare che opera da oltre 50 anni con sede a Copenaghen. Dispone di una variet\u00e0 di veicoli, tra cui carri di piccole e grandi dimensioni, elevatori e caricatori laterali. \u00c8 membro della IAM.<\/p>\n<p>Bryde &amp; Sonner offre una scelta di livelli di coinvolgimento che consentono di scegliere il tipo di partecipazione che si desidera, dal fai-da-te al pacchetto di trasloco completo. L'opzione di trasloco fai-da-te comprende un container consegnato a casa vostra per l'imballaggio. L'opzione di trasloco totale comprende l'imballaggio e il disimballaggio. Possono anche fornire pulizie professionali, strutture di stoccaggio e noleggio di container.<\/p>\n<p>Sito web: <a href=\"http:\/\/www.bryde-as.dk\" target=\"_blank\" rel=\"noopener\">http:\/\/www.bryde-as.dk<\/a><\/p>\n<h2><span class=\"ez-toc-section\" id=\"5_Inter_Express_Transport\"><\/span><strong>5. Inter Express Transport<\/strong><span class=\"ez-toc-section-end\"><\/span><\/h2>\n<p><img loading=\"lazy\" decoding=\"async\" class=\"alignnone size-full wp-image-5958\" src=\"https:\/\/moverdb.com\/wp-content\/uploads\/Inter-Express-Transport-international-moving-company.png\" alt=\"Inter Express Transport, azienda di traslochi internazionali\" width=\"1440\" height=\"678\" data-wp-pid=\"5958\" srcset=\"https:\/\/moverdb.com\/wp-content\/uploads\/Inter-Express-Transport-international-moving-company.png 1440w, https:\/\/moverdb.com\/wp-content\/uploads\/Inter-Express-Transport-international-moving-company-300x141.png 300w, https:\/\/moverdb.com\/wp-content\/uploads\/Inter-Express-Transport-international-moving-company-1024x482.png 1024w, https:\/\/moverdb.com\/wp-content\/uploads\/Inter-Express-Transport-international-moving-company-18x8.png 18w, https:\/\/moverdb.com\/wp-content\/uploads\/Inter-Express-Transport-international-moving-company-600x283.png 600w\" sizes=\"auto, (max-width: 1440px) 100vw, 1440px\" \/><\/p>\n<ul>\n<li>Movimenti nazionali<\/li>\n<li>Spostamenti internazionali<\/li>\n<li>Trasferimento residenziale<\/li>\n<li>Trasferimento di affari<\/li>\n<li>Visita di un consulente di traslochi<\/li>\n<li>Servizio di imballaggio esperto<\/li>\n<li>Pianificazione e gestione del trasloco<\/li>\n<li>Supporto per i documenti<\/li>\n<li>Membro del <a href=\"https:\/\/moverdb.com\/it\/harmony-relocation-network\/\" data-internallinksmanager029f6b8e52c=\"20\" title=\"Harmony Relocation Network (HRN) spiegato\">Rete Harmony Relocation<\/a><\/li>\n<li>Strutture di stoccaggio<\/li>\n<\/ul>\n<p>Inter Express Transport \u00e8 un'azienda di traslochi danese fondata nel 1987. Fornisce servizi di trasloco nazionali e internazionali in collaborazione con altre societ\u00e0 di trasloco internazionali. \u00c8 membro della Harmony Relocation Network e della IAM con 35 anni di servizio ed \u00e8 accreditata dalla FIDI.<\/p>\n<p>Inter Express Transport offre una consulenza e una guida professionale a privati e aziende in fase di trasloco per facilitare il trasloco. Fornisce un consulente per i traslochi e un servizio di imballaggio esperto per proteggere i vostri beni. Pianificheranno e gestiranno il vostro trasloco, fornendo anche assistenza per tutti i documenti necessari.<\/p>\n<p>Sito web: <a href=\"http:\/\/interexpress.dk\" target=\"_blank\" rel=\"noopener\">http:\/\/interexpress.dk<\/a><\/p>\n<h2><span class=\"ez-toc-section\" id=\"6_Obro_Moving_Company\"><\/span><strong>6. Azienda di traslochi Obro<\/strong><span class=\"ez-toc-section-end\"><\/span><\/h2>\n<p><img loading=\"lazy\" decoding=\"async\" class=\"alignnone size-full wp-image-5987\" src=\"https:\/\/moverdb.com\/wp-content\/uploads\/Obro-Moving-Company-international-moving-company.png\" alt=\"Obro Moving Company azienda di traslochi internazionali\" width=\"1440\" height=\"682\" data-wp-pid=\"5987\" srcset=\"https:\/\/moverdb.com\/wp-content\/uploads\/Obro-Moving-Company-international-moving-company.png 1440w, https:\/\/moverdb.com\/wp-content\/uploads\/Obro-Moving-Company-international-moving-company-300x142.png 300w, https:\/\/moverdb.com\/wp-content\/uploads\/Obro-Moving-Company-international-moving-company-1024x485.png 1024w, https:\/\/moverdb.com\/wp-content\/uploads\/Obro-Moving-Company-international-moving-company-18x9.png 18w, https:\/\/moverdb.com\/wp-content\/uploads\/Obro-Moving-Company-international-moving-company-600x284.png 600w\" sizes=\"auto, (max-width: 1440px) 100vw, 1440px\" \/><\/p>\n<ul>\n<li>Movimenti nazionali<\/li>\n<li>Spostamenti internazionali<\/li>\n<li>Traslochi domestici<\/li>\n<li>Traslochi di aziende e uffici<\/li>\n<li>Scelta del livello di imballaggio<\/li>\n<li>Creare casse di legno omologate<\/li>\n<li>Gestione dei documenti di spedizione<\/li>\n<li>Ascensore mobile<\/li>\n<li>Assicurazione<\/li>\n<li>Stoccaggio a breve e lungo termine<\/li>\n<\/ul>\n<p>Obro Moving Company \u00e8 un'azienda di traslochi, trasporti e magazzinaggio a conduzione familiare con oltre 60 anni di esperienza e sede ad Aalborg. Offre servizi di trasloco a livello nazionale, europeo e mondiale. \u00c8 membro di IAM.<\/p>\n<p>Obro Moving Company offre una scelta di livelli di imballaggio che comprende l'opzione di autoimballaggio, l'imballaggio parziale e l'imballaggio completo. Forniscono materiali di imballaggio, tra cui casse o scatole di legno, se lo desiderate. Offrono servizi regolari tra lo Jutland e la Zelanda e la Groenlandia. Offrono un'opzione di trasporto congiunto in cui \u00e8 possibile condividere un veicolo.<\/p>\n<p>Sito web: <a href=\"http:\/\/www.obro.dk\" target=\"_blank\" rel=\"noopener\">http:\/\/www.obro.dk<\/a><\/p>\n<h2><span class=\"ez-toc-section\" id=\"7_Alfa_Moving\"><\/span><strong>7. Alfa Moving<\/strong><span class=\"ez-toc-section-end\"><\/span><\/h2>\n<p><img loading=\"lazy\" decoding=\"async\" class=\"alignnone size-full wp-image-5921\" src=\"https:\/\/moverdb.com\/wp-content\/uploads\/Alfa-international-moving-company.png\" alt=\"Azienda di traslochi internazionali Alfa\" width=\"1440\" height=\"679\" data-wp-pid=\"5921\" srcset=\"https:\/\/moverdb.com\/wp-content\/uploads\/Alfa-international-moving-company.png 1440w, https:\/\/moverdb.com\/wp-content\/uploads\/Alfa-international-moving-company-300x141.png 300w, https:\/\/moverdb.com\/wp-content\/uploads\/Alfa-international-moving-company-1024x483.png 1024w, https:\/\/moverdb.com\/wp-content\/uploads\/Alfa-international-moving-company-18x8.png 18w, https:\/\/moverdb.com\/wp-content\/uploads\/Alfa-international-moving-company-600x283.png 600w\" sizes=\"auto, (max-width: 1440px) 100vw, 1440px\" \/><\/p>\n<ul>\n<li>Movimenti nazionali<\/li>\n<li>Spostamenti internazionali<\/li>\n<li>Servizi di trasferimento<\/li>\n<li>Servizio porta a porta<\/li>\n<li>Scelta dei livelli di imballaggio<\/li>\n<li>Servizio di imballaggio e disimballaggio<\/li>\n<li>Trasporto stradale, aereo e marittimo<\/li>\n<li>Assistenza per l'immigrazione e i visti<\/li>\n<li>Assicurazione<\/li>\n<li>Strutture di stoccaggio a breve e lungo termine<\/li>\n<\/ul>\n<p>Alfa Moving \u00e8 un fornitore di traslochi e trasferimenti con uffici in Danimarca, <a href=\"https:\/\/moverdb.com\/it\/moving-to-sweden\/\" data-internallinksmanager029f6b8e52c=\"326\" title=\"Trasferirsi in Svezia? 2026 Costi di vita e consigli per il trasferimento\">Svezia<\/a>, <a href=\"https:\/\/moverdb.com\/it\/moving-to-norway\/\" data-internallinksmanager029f6b8e52c=\"325\" title=\"Trasferirsi in Norvegia? 2026 Costi di vita e consigli per il trasferimento\">Norvegia<\/a> e <a href=\"https:\/\/moverdb.com\/it\/moving-to-finland\/\" data-internallinksmanager029f6b8e52c=\"345\" title=\"Trasferirsi in Finlandia? 2026 Costi di vita e consigli per il trasferimento\">Finlandia<\/a>. Collaborano con agenti di trasloco di tutto il mondo per effettuare traslochi internazionali. Sono membri della IAM e sono accreditati dalla FIDI.<\/p>\n<p>Alfa Moving offre un servizio porta a porta con una scelta di opzioni di imballaggio tra cui l'avvolgimento in coperte, l'imballaggio parziale dei mobili e l'imballaggio completo. Offrono una scelta di opzioni di trasporto che possono essere combinate per realizzare il trasloco pi\u00f9 efficiente o ecologico, tra cui terra, mare e aria. Inoltre, per agevolare il vostro trasferimento all'estero, vi forniranno assistenza per l'immigrazione, i requisiti per il visto e l'assicurazione.<\/p>\n<p>Sito web: <a href=\"https:\/\/www.alfamoving.com\/\" target=\"_blank\" rel=\"noopener\">https:\/\/www.alfamoving.com\/<\/a><\/p>\n<h2><span class=\"ez-toc-section\" id=\"8_Aspire_Mobility_Group\"><\/span><strong>8. Gruppo Aspire Mobility<\/strong><span class=\"ez-toc-section-end\"><\/span><\/h2>\n<p><img loading=\"lazy\" decoding=\"async\" class=\"alignnone size-full wp-image-5927\" src=\"https:\/\/moverdb.com\/wp-content\/uploads\/Aspire-Mobility-Group-international-moving-company.png\" alt=\"Aspire Mobility Group, azienda di traslochi internazionali\" width=\"1440\" height=\"684\" data-wp-pid=\"5927\" srcset=\"https:\/\/moverdb.com\/wp-content\/uploads\/Aspire-Mobility-Group-international-moving-company.png 1440w, https:\/\/moverdb.com\/wp-content\/uploads\/Aspire-Mobility-Group-international-moving-company-300x143.png 300w, https:\/\/moverdb.com\/wp-content\/uploads\/Aspire-Mobility-Group-international-moving-company-1024x486.png 1024w, https:\/\/moverdb.com\/wp-content\/uploads\/Aspire-Mobility-Group-international-moving-company-18x9.png 18w, https:\/\/moverdb.com\/wp-content\/uploads\/Aspire-Mobility-Group-international-moving-company-600x285.png 600w\" sizes=\"auto, (max-width: 1440px) 100vw, 1440px\" \/><\/p>\n<ul>\n<li>Movimenti nazionali<\/li>\n<li>Spostamenti internazionali<\/li>\n<li>Servizi di trasferimento<\/li>\n<li>Spostamenti residenziali<\/li>\n<li>Trasferte dell'azienda<\/li>\n<li>Servizio di gestione e monitoraggio online<\/li>\n<li>Servizio di imballaggio<\/li>\n<li>Supporto per l'immigrazione e lo sdoganamento<\/li>\n<li>Assicurazione<\/li>\n<li>Strutture di stoccaggio<\/li>\n<\/ul>\n<p>Aspire Mobility Group \u00e8 una societ\u00e0 di traslochi internazionali che opera dal 1879 e ha uffici ad Aarhus, Copenaghen, Odense, Hillerod e Stoccolma. Collabora con partner di trasloco internazionali per effettuare traslochi in tutto il mondo. \u00c8 membro di IAM con 10 anni di servizio ed \u00e8 accreditata da FIDI.<\/p>\n<p>Aspire Mobility Group dispone di un sistema di gestione online per monitorare i traslochi in tempo reale. Fornisce un'indagine pre-movimento e un consulente per il trasloco per valutare le vostre esigenze e creare un piano di trasferimento. Vi assisteranno con lo sdoganamento, le norme, i regolamenti e le pratiche burocratiche per il vostro trasloco.<\/p>\n<p>Sito web: <a href=\"https:\/\/www.aspiremobility.com\/\" target=\"_blank\" rel=\"noopener\">https:\/\/www.aspiremobility.com\/<\/a><\/p>\n<h2><span class=\"ez-toc-section\" id=\"Other_Useful_Guides_to_Denmark\"><\/span>Altre guide utili sulla Danimarca<span class=\"ez-toc-section-end\"><\/span><\/h2>\n<ul>\n<li> <a href=\"https:\/\/moverdb.com\/it\/container-shipping\/danimarca\/\">2024 Tariffe di spedizione via mare per container da e per la Danimarca<\/a><\/li>\n<li> <a href=\"https:\/\/moverdb.com\/it\/moving-to-denmark\/\">Trasferirsi in Danimarca? 2026 Costi di vita e consigli per il trasferimento<\/a><\/li>\n<li> <a href=\"https:\/\/moverdb.com\/it\/moving-to-denmark\/best-places-to-live-denmark\/\">I 12 migliori posti dove vivere in Danimarca<\/a><\/li>\n<li> <a href=\"https:\/\/moverdb.com\/it\/moving-to-denmark\/living-in-denmark\/\">21 segreti su come vivere in Danimarca da conoscere prima di trasferirsi<\/a><\/li>\n<\/ul>","protected":false},"excerpt":{"rendered":"<p>If you are planning on moving home or office in Denmark, or to or from Denmark, you might want to enlist the help of a moving company to assist with your move to reduce the pressure and remove some of the complexities. Below we have compiled a list of Denmark removal companies that are members [&hellip;]<\/p>\n","protected":false},"author":4,"featured_media":5944,"parent":190,"menu_order":0,"comment_status":"closed","ping_status":"closed","template":"","meta":{"_genesis_hide_title":false,"_genesis_hide_breadcrumbs":false,"_genesis_hide_singular_image":false,"_genesis_hide_footer_widgets":false,"_genesis_custom_body_class":"","_genesis_custom_post_class":"","_genesis_layout":"","footnotes":""},"class_list":{"0":"post-6032","1":"page","2":"type-page","3":"status-publish","4":"has-post-thumbnail","6":"entry"},"_links":{"self":[{"href":"https:\/\/moverdb.com\/it\/wp-json\/wp\/v2\/pages\/6032","targetHints":{"allow":["GET"]}}],"collection":[{"href":"https:\/\/moverdb.com\/it\/wp-json\/wp\/v2\/pages"}],"about":[{"href":"https:\/\/moverdb.com\/it\/wp-json\/wp\/v2\/types\/page"}],"author":[{"embeddable":true,"href":"https:\/\/moverdb.com\/it\/wp-json\/wp\/v2\/users\/4"}],"replies":[{"embeddable":true,"href":"https:\/\/moverdb.com\/it\/wp-json\/wp\/v2\/comments?post=6032"}],"version-history":[{"count":4,"href":"https:\/\/moverdb.com\/it\/wp-json\/wp\/v2\/pages\/6032\/revisions"}],"predecessor-version":[{"id":16996,"href":"https:\/\/moverdb.com\/it\/wp-json\/wp\/v2\/pages\/6032\/revisions\/16996"}],"up":[{"embeddable":true,"href":"https:\/\/moverdb.com\/it\/wp-json\/wp\/v2\/pages\/190"}],"wp:featuredmedia":[{"embeddable":true,"href":"https:\/\/moverdb.com\/it\/wp-json\/wp\/v2\/media\/5944"}],"wp:attachment":[{"href":"https:\/\/moverdb.com\/it\/wp-json\/wp\/v2\/media?parent=6032"}],"curies":[{"name":"wp","href":"https:\/\/api.w.org\/{rel}","templated":true}]}}