{"id":6022,"date":"2023-02-01T12:31:45","date_gmt":"2023-02-01T12:31:45","guid":{"rendered":"https:\/\/moverdb.com\/?page_id=6022"},"modified":"2026-01-08T15:23:40","modified_gmt":"2026-01-08T15:23:40","slug":"aziende-di-traslochi-curacao","status":"publish","type":"page","link":"https:\/\/moverdb.com\/it\/moving-companies\/moving-companies-curacao\/","title":{"rendered":"2 Migliori imprese di traslochi internazionali a Curacao"},"content":{"rendered":"<p>Il trasloco di casa o dell'ufficio pu\u00f2 essere stressante e richiedere molto tempo, per cui il supporto di un'azienda di traslochi pu\u00f2 aiutarvi ad alleggerire il carico e a beneficiare della sua esperienza. Di seguito abbiamo elencato <a href=\"https:\/\/moverdb.com\/it\/moving-to-curacao\/\" data-internallinksmanager029f6b8e52c=\"429\" title=\"Trasferirsi a Cura\u00e7ao? 2026 Costi di vita e consigli per il trasferimento\">Curacao<\/a> <a href=\"https:\/\/moverdb.com\/it\/international-removals\/\" data-internallinksmanager029f6b8e52c=\"27\" title=\"36 Migliori aziende di traslochi internazionali del Regno Unito\">aziende di trasloco<\/a> che sono membri dell'associazione <a href=\"https:\/\/moverdb.com\/it\/iam\/\" data-internallinksmanager029f6b8e52c=\"23\" title=\"Spiegazione dell&#039;Associazione Internazionale dei Traslocatori (IAM)\">Associazione internazionale dei traslocatori<\/a> (IAM) e\/o <a href=\"https:\/\/moverdb.com\/it\/fidi-faim\/\" data-internallinksmanager029f6b8e52c=\"16\" title=\"FIDI e FAIM (FIDI Accredited International Mover) spiegati\">FIDI<\/a> Traslocatori internazionali accreditati (FAIM) che potrebbero essere in grado di aiutarvi.<\/p>\n<h2><strong>1. AGS Meyer<\/strong><\/h2>\n<p><img loading=\"lazy\" decoding=\"async\" class=\"alignnone size-full wp-image-5918\" src=\"https:\/\/moverdb.com\/wp-content\/uploads\/AGS-Meyer-international-moving-company.png\" alt=\"AGS Meyer azienda di traslochi internazionali\" width=\"1440\" height=\"684\" data-wp-pid=\"5918\" srcset=\"https:\/\/moverdb.com\/wp-content\/uploads\/AGS-Meyer-international-moving-company.png 1440w, https:\/\/moverdb.com\/wp-content\/uploads\/AGS-Meyer-international-moving-company-300x143.png 300w, https:\/\/moverdb.com\/wp-content\/uploads\/AGS-Meyer-international-moving-company-1024x486.png 1024w, https:\/\/moverdb.com\/wp-content\/uploads\/AGS-Meyer-international-moving-company-18x9.png 18w, https:\/\/moverdb.com\/wp-content\/uploads\/AGS-Meyer-international-moving-company-600x285.png 600w\" sizes=\"auto, (max-width: 1440px) 100vw, 1440px\" \/><\/p>\n<ul>\n<li>Spostamenti locali<\/li>\n<li>Spostamenti internazionali<\/li>\n<li>Traslochi domestici<\/li>\n<li>Trasferimenti aziendali<\/li>\n<li>Servizio porta a porta<\/li>\n<li>Servizi di imballaggio<\/li>\n<li>Trasporto terrestre, aereo e marittimo<\/li>\n<li>Formalit\u00e0 doganali<\/li>\n<li>Accreditato da FIDI<\/li>\n<li>Servizi di stoccaggio<\/li>\n<\/ul>\n<p>AGS Meyer \u00e8 un <a href=\"https:\/\/moverdb.com\/it\/moving-companies\/\" data-internallinksmanager029f6b8e52c=\"79\" title=\"Le 25 migliori aziende di traslochi internazionali online\">azienda di traslochi<\/a> fondata nel 1959 a Curacao per fornire traslochi locali e internazionali per famiglie e aziende, ha 7 filiali nei Caraibi. Dispone di una rete globale di agenti di trasloco affiliati per effettuare traslochi internazionali. Sono membri della IAM con 63 anni di servizio e sono accreditati dalla FIDI.<\/p>\n<p>AGS Meyer offre un servizio di trasloco porta a porta che comprende servizi di trasferimento, trasloco e deposito a clienti privati, aziende e agenzie diplomatiche. Vi consiglier\u00e0 sul vostro trasloco e vi assister\u00e0 in ogni fase del processo. Imballano i vostri beni in modo sicuro, organizzano il trasporto e le formalit\u00e0 doganali e disfano i bagagli a destinazione.<\/p>\n<p>Sito web: <a href=\"https:\/\/www.meyermoving.com\/\" target=\"_blank\" rel=\"noopener\">https:\/\/www.meyermoving.com\/<\/a><\/p>\n<h2><strong>2. Servizi di trasloco nei Caraibi<\/strong><\/h2>\n<p><img loading=\"lazy\" decoding=\"async\" class=\"alignnone size-full wp-image-5933\" src=\"https:\/\/moverdb.com\/wp-content\/uploads\/Caribbean-Moving-Services-international-moving-company.png\" alt=\"Servizi di trasloco caraibici societ\u00e0 di traslochi internazionali\" width=\"1440\" height=\"680\" data-wp-pid=\"5933\" srcset=\"https:\/\/moverdb.com\/wp-content\/uploads\/Caribbean-Moving-Services-international-moving-company.png 1440w, https:\/\/moverdb.com\/wp-content\/uploads\/Caribbean-Moving-Services-international-moving-company-300x142.png 300w, https:\/\/moverdb.com\/wp-content\/uploads\/Caribbean-Moving-Services-international-moving-company-1024x484.png 1024w, https:\/\/moverdb.com\/wp-content\/uploads\/Caribbean-Moving-Services-international-moving-company-18x9.png 18w, https:\/\/moverdb.com\/wp-content\/uploads\/Caribbean-Moving-Services-international-moving-company-600x283.png 600w\" sizes=\"auto, (max-width: 1440px) 100vw, 1440px\" \/><\/p>\n<ul>\n<li>Spostamenti locali<\/li>\n<li>Spostamenti internazionali<\/li>\n<li>Spostamenti residenziali<\/li>\n<li>Traslochi d'ufficio<\/li>\n<li>Piano di ricollocazione su misura<\/li>\n<li>Servizio di imballaggio<\/li>\n<li>Smontare e montare i mobili<\/li>\n<li>Terra, mare e aria<\/li>\n<li>Sdoganamento<\/li>\n<li>Strutture di stoccaggio<\/li>\n<\/ul>\n<p>Caribbean Moving Services \u00e8 un'azienda di traslochi di Willemstad che fa parte di un gruppo di aziende che comprende Caribbean Cargo Services e G&amp;V Free Zone. Fondata nel 1981 come societ\u00e0 di trasporto merci, si \u00e8 espansa ai servizi di trasloco nel 1994, diventando la pi\u00f9 grande societ\u00e0 di traslochi dell'isola. \u00c8 membro della IAM con 28 anni di servizio ed \u00e8 accreditata dalla FIDI.<\/p>\n<p>Caribbean Moving Services offre un servizio di trasloco unico che inizia con un sopralluogo e un unico punto di contatto. Fornisce un servizio di imballaggio professionale che comprende lo smontaggio dei mobili e l'imballaggio sicuro degli effetti personali. Organizzano il trasporto via terra, mare o aria con sdoganamento, quindi imballano e montano i mobili.<\/p>\n<p>Sito web: <a href=\"https:\/\/www.cmscur.com\/\" target=\"_blank\" rel=\"noopener\">https:\/\/www.cmscur.com\/<\/a><\/p>","protected":false},"excerpt":{"rendered":"<p>Moving home or office can be stressful and time-consuming so getting some support from a moving or relocation company can help lighten your load and you can benefit from their experience. Below we have listed Curacao removal companies that are members of the International Association of Movers (IAM) and\/or FIDI Accredited International Mover (FAIM) who [&hellip;]<\/p>\n","protected":false},"author":4,"featured_media":0,"parent":190,"menu_order":0,"comment_status":"closed","ping_status":"closed","template":"","meta":{"_genesis_hide_title":false,"_genesis_hide_breadcrumbs":false,"_genesis_hide_singular_image":false,"_genesis_hide_footer_widgets":false,"_genesis_custom_body_class":"","_genesis_custom_post_class":"","_genesis_layout":"","footnotes":""},"class_list":{"0":"post-6022","1":"page","2":"type-page","3":"status-publish","5":"entry","6":"has-post-thumbnail"},"_links":{"self":[{"href":"https:\/\/moverdb.com\/it\/wp-json\/wp\/v2\/pages\/6022","targetHints":{"allow":["GET"]}}],"collection":[{"href":"https:\/\/moverdb.com\/it\/wp-json\/wp\/v2\/pages"}],"about":[{"href":"https:\/\/moverdb.com\/it\/wp-json\/wp\/v2\/types\/page"}],"author":[{"embeddable":true,"href":"https:\/\/moverdb.com\/it\/wp-json\/wp\/v2\/users\/4"}],"replies":[{"embeddable":true,"href":"https:\/\/moverdb.com\/it\/wp-json\/wp\/v2\/comments?post=6022"}],"version-history":[{"count":1,"href":"https:\/\/moverdb.com\/it\/wp-json\/wp\/v2\/pages\/6022\/revisions"}],"predecessor-version":[{"id":6023,"href":"https:\/\/moverdb.com\/it\/wp-json\/wp\/v2\/pages\/6022\/revisions\/6023"}],"up":[{"embeddable":true,"href":"https:\/\/moverdb.com\/it\/wp-json\/wp\/v2\/pages\/190"}],"wp:attachment":[{"href":"https:\/\/moverdb.com\/it\/wp-json\/wp\/v2\/media?parent=6022"}],"curies":[{"name":"wp","href":"https:\/\/api.w.org\/{rel}","templated":true}]}}