{"id":6015,"date":"2023-02-01T13:48:20","date_gmt":"2023-02-01T13:48:20","guid":{"rendered":"https:\/\/moverdb.com\/?page_id=6015"},"modified":"2026-01-08T15:29:16","modified_gmt":"2026-01-08T15:29:16","slug":"aziende-di-traslochi-costa-rica","status":"publish","type":"page","link":"https:\/\/moverdb.com\/it\/moving-companies\/moving-companies-costa-rica\/","title":{"rendered":"Le 6 migliori imprese di traslochi internazionali in Costa Rica"},"content":{"rendered":"<p>Vi state trasferendo da o verso <a href=\"https:\/\/moverdb.com\/it\/moving-to-costa-rica\/\" data-internallinksmanager029f6b8e52c=\"427\" title=\"Trasferirsi in Costa Rica? 2026 Costi di vita e consigli per il trasferimento\">Costa Rica<\/a>o vi state trasferendo in Costa Rica? Allora potreste essere interessati ad un aiuto per il trasloco di tutti i vostri beni, che pu\u00f2 essere complesso, soprattutto se si tratta di un trasferimento nazionale. Di seguito abbiamo stilato un elenco di aziende costaricensi <a href=\"https:\/\/moverdb.com\/it\/international-removals\/\" data-internallinksmanager029f6b8e52c=\"27\" title=\"36 Migliori aziende di traslochi internazionali del Regno Unito\">aziende di trasloco<\/a> che sono membri dell'associazione <a href=\"https:\/\/moverdb.com\/it\/iam\/\" data-internallinksmanager029f6b8e52c=\"23\" title=\"Spiegazione dell&#039;Associazione Internazionale dei Traslocatori (IAM)\">Associazione internazionale dei traslocatori<\/a> (IAM) e\/o <a href=\"https:\/\/moverdb.com\/it\/fidi-faim\/\" data-internallinksmanager029f6b8e52c=\"16\" title=\"FIDI e FAIM (FIDI Accredited International Mover) spiegati\">FIDI<\/a> Traslocatori internazionali accreditati (FAIM) che possono aiutarvi.<\/p>\n<div id=\"ez-toc-container\" class=\"ez-toc-v2_0_82_2 ez-toc-wrap-left counter-hierarchy ez-toc-counter ez-toc-transparent ez-toc-container-direction\">\n<div class=\"ez-toc-title-container\">\n<p class=\"ez-toc-title\" style=\"cursor:inherit\">Sezioni<\/p>\n<span class=\"ez-toc-title-toggle\"><a href=\"#\" class=\"ez-toc-pull-right ez-toc-btn ez-toc-btn-xs ez-toc-btn-default ez-toc-toggle\" aria-label=\"Allinea la tabella dei contenuti\"><span class=\"ez-toc-js-icon-con\"><span class=\"\"><span class=\"eztoc-hide\" style=\"display:none;\">Toggle<\/span><span class=\"ez-toc-icon-toggle-span\"><svg style=\"fill: #999;color:#999\" xmlns=\"http:\/\/www.w3.org\/2000\/svg\" class=\"list-377408\" width=\"20px\" height=\"20px\" viewbox=\"0 0 24 24\" fill=\"none\"><path d=\"M6 6H4v2h2V6zm14 0H8v2h12V6zM4 11h2v2H4v-2zm16 0H8v2h12v-2zM4 16h2v2H4v-2zm16 0H8v2h12v-2z\" fill=\"currentColor\"><\/path><\/svg><svg style=\"fill: #999;color:#999\" class=\"arrow-unsorted-368013\" xmlns=\"http:\/\/www.w3.org\/2000\/svg\" width=\"10px\" height=\"10px\" viewbox=\"0 0 24 24\" version=\"1.2\" baseprofile=\"tiny\"><path d=\"M18.2 9.3l-6.2-6.3-6.2 6.3c-.2.2-.3.4-.3.7s.1.5.3.7c.2.2.4.3.7.3h11c.3 0 .5-.1.7-.3.2-.2.3-.5.3-.7s-.1-.5-.3-.7zM5.8 14.7l6.2 6.3 6.2-6.3c.2-.2.3-.5.3-.7s-.1-.5-.3-.7c-.2-.2-.4-.3-.7-.3h-11c-.3 0-.5.1-.7.3-.2.2-.3.5-.3.7s.1.5.3.7z\"\/><\/svg><\/span><\/span><\/span><\/a><\/span><\/div>\n<nav><ul class='ez-toc-list ez-toc-list-level-1 eztoc-toggle-hide-by-default' ><li class='ez-toc-page-1 ez-toc-heading-level-2'><a class=\"ez-toc-link ez-toc-heading-1\" href=\"https:\/\/moverdb.com\/it\/moving-companies\/moving-companies-costa-rica\/#1_Allianz_Moving\" >1. Allianz Moving<\/a><\/li><li class='ez-toc-page-1 ez-toc-heading-level-2'><a class=\"ez-toc-link ez-toc-heading-2\" href=\"https:\/\/moverdb.com\/it\/moving-companies\/moving-companies-costa-rica\/#2_Gateway_Moving_and_Relocation\" >2. Gateway Traslochi e trasferimenti<\/a><\/li><li class='ez-toc-page-1 ez-toc-heading-level-2'><a class=\"ez-toc-link ez-toc-heading-3\" href=\"https:\/\/moverdb.com\/it\/moving-companies\/moving-companies-costa-rica\/#3_Inter_Moves_SG_Global\" >3. Inter Moves SG Global<\/a><\/li><li class='ez-toc-page-1 ez-toc-heading-level-2'><a class=\"ez-toc-link ez-toc-heading-4\" href=\"https:\/\/moverdb.com\/it\/moving-companies\/moving-companies-costa-rica\/#4_Mudanzas_Mundiales\" >4. Mudanzas Mundiales<\/a><\/li><li class='ez-toc-page-1 ez-toc-heading-level-2'><a class=\"ez-toc-link ez-toc-heading-5\" href=\"https:\/\/moverdb.com\/it\/moving-companies\/moving-companies-costa-rica\/#5_Multimodal\" >5. Multimodale<\/a><\/li><li class='ez-toc-page-1 ez-toc-heading-level-2'><a class=\"ez-toc-link ez-toc-heading-6\" href=\"https:\/\/moverdb.com\/it\/moving-companies\/moving-companies-costa-rica\/#6_Winmovers\" >6. Winmover<\/a><\/li><li class='ez-toc-page-1 ez-toc-heading-level-2'><a class=\"ez-toc-link ez-toc-heading-7\" href=\"https:\/\/moverdb.com\/it\/moving-companies\/moving-companies-costa-rica\/#Other_Useful_Guides_to_Costa_Rica\" >Altre guide utili sulla Costa Rica<\/a><\/li><\/ul><\/nav><\/div>\n<h2><span class=\"ez-toc-section\" id=\"1_Allianz_Moving\"><\/span><strong>1. Allianz Moving<\/strong><span class=\"ez-toc-section-end\"><\/span><\/h2>\n<p><img loading=\"lazy\" decoding=\"async\" class=\"alignnone size-full wp-image-5925\" src=\"https:\/\/moverdb.com\/wp-content\/uploads\/Allianz-Moving-international-moving-company.png\" alt=\"Allianz Moving azienda di traslochi internazionali\" width=\"1440\" height=\"684\" data-wp-pid=\"5925\" srcset=\"https:\/\/moverdb.com\/wp-content\/uploads\/Allianz-Moving-international-moving-company.png 1440w, https:\/\/moverdb.com\/wp-content\/uploads\/Allianz-Moving-international-moving-company-300x143.png 300w, https:\/\/moverdb.com\/wp-content\/uploads\/Allianz-Moving-international-moving-company-1024x486.png 1024w, https:\/\/moverdb.com\/wp-content\/uploads\/Allianz-Moving-international-moving-company-18x9.png 18w, https:\/\/moverdb.com\/wp-content\/uploads\/Allianz-Moving-international-moving-company-600x285.png 600w\" sizes=\"auto, (max-width: 1440px) 100vw, 1440px\" \/><\/p>\n<ul>\n<li>Traslochi locali e nazionali<\/li>\n<li>Spostamenti internazionali<\/li>\n<li>Servizi di trasferimento<\/li>\n<li>Spostamenti residenziali<\/li>\n<li>Traslochi d'ufficio<\/li>\n<li>Servizio di imballaggio<\/li>\n<li>Assicurazione<\/li>\n<li>Trasloco di animali domestici<\/li>\n<li><a href=\"https:\/\/moverdb.com\/it\/car-transport-shipping\/\" data-internallinksmanager029f6b8e52c=\"2\" title=\"2026 Preventivi per il trasporto internazionale di auto e veicoli\">Spedizione di auto<\/a><\/li>\n<li>Strutture di stoccaggio<\/li>\n<\/ul>\n<p>Allianz Moving \u00e8 un fornitore di soluzioni di trasloco internazionale con oltre 20 anni di esperienza in traslochi locali e globali. Fornisce traslochi internazionali attraverso la sua rete globale di partner di trasloco. \u00c8 membro di IAM con 7 anni di servizio.<\/p>\n<p>Allianz Moving offre un sopralluogo prima del trasloco per valutare le vostre esigenze e fornire un preventivo. Vi fornir\u00e0 un servizio di imballaggio che protegger\u00e0 i vostri beni e ne organizzer\u00e0 il trasporto, compreso lo sdoganamento. Offre inoltre servizi aggiuntivi di trasloco internazionale per animali domestici e automobili, nonch\u00e9 strutture di deposito a breve e lungo termine.<\/p>\n<p>Sito web: <a href=\"http:\/\/www.allianzmoving.com\" target=\"_blank\" rel=\"noopener\">http:\/\/www.allianzmoving.com<\/a><\/p>\n<h2><span class=\"ez-toc-section\" id=\"2_Gateway_Moving_and_Relocation\"><\/span><strong>2. Gateway Traslochi e trasferimenti<\/strong><span class=\"ez-toc-section-end\"><\/span><\/h2>\n<p><img loading=\"lazy\" decoding=\"async\" class=\"alignnone size-full wp-image-5949\" src=\"https:\/\/moverdb.com\/wp-content\/uploads\/Gateway-Moving-and-Relocation-international-moving-company.png\" alt=\"Gateway Moving and Relocation societ\u00e0 di traslochi internazionali\" width=\"1440\" height=\"683\" data-wp-pid=\"5949\" srcset=\"https:\/\/moverdb.com\/wp-content\/uploads\/Gateway-Moving-and-Relocation-international-moving-company.png 1440w, https:\/\/moverdb.com\/wp-content\/uploads\/Gateway-Moving-and-Relocation-international-moving-company-300x142.png 300w, https:\/\/moverdb.com\/wp-content\/uploads\/Gateway-Moving-and-Relocation-international-moving-company-1024x486.png 1024w, https:\/\/moverdb.com\/wp-content\/uploads\/Gateway-Moving-and-Relocation-international-moving-company-18x9.png 18w, https:\/\/moverdb.com\/wp-content\/uploads\/Gateway-Moving-and-Relocation-international-moving-company-600x285.png 600w\" sizes=\"auto, (max-width: 1440px) 100vw, 1440px\" \/><\/p>\n<ul>\n<li>Traslochi locali e nazionali<\/li>\n<li>Spostamenti internazionali<\/li>\n<li>Spostamenti residenziali<\/li>\n<li>Trasferimenti industriali e di uffici<\/li>\n<li>Pacchetti di trasloco su misura<\/li>\n<li>Servizi di imballaggio e imballaggio<\/li>\n<li>Attrezzature di alta qualit\u00e0<\/li>\n<li>Brokeraggio doganale<\/li>\n<li>Spedizione di veicoli<\/li>\n<li>Strutture di stoccaggio<\/li>\n<\/ul>\n<p>Gateway Moving and Relocation \u00e8 un'azienda di traslochi e traslochi a conduzione familiare, con sede a <a href=\"https:\/\/moverdb.com\/it\/moving-to-san-jose\/\" data-internallinksmanager029f6b8e52c=\"64\" title=\"Trasferirsi a San Jose? 2026 Costi della vita e suggerimenti per il trasferimento\">San Jose<\/a> con un ufficio a <a href=\"https:\/\/moverdb.com\/it\/moving-companies\/moving-companies-nicaragua\/\" data-internallinksmanager029f6b8e52c=\"278\" title=\"Le migliori imprese di traslochi internazionali in Nicaragua\">Nicaragua<\/a>. Collaborano con altri agenti di trasloco in tutto il mondo per fornire un servizio internazionale. Sono membri della IAM con 6 anni di servizio.<\/p>\n<p>Gateway Moving and Relocation offre pacchetti di trasloco personalizzati in base alle vostre esigenze. Forniscono un servizio di imballaggio che protegge i vostri oggetti durante il trasporto, che comprende qualsiasi cosa, da <a href=\"https:\/\/moverdb.com\/it\/moving-to-china\/\" data-internallinksmanager029f6b8e52c=\"357\" title=\"Trasferirsi in Cina? 2026 Costi di vita e consigli per il trasferimento\">Cina<\/a> agli strumenti musicali e ai mobili ingombranti. Forniscono servizi di intermediazione doganale, servizi di spedizione di veicoli e servizi di stoccaggio prima o dopo il trasloco.<\/p>\n<p>Sito web: <a href=\"https:\/\/www.gatewaymovingcr.com\" target=\"_blank\" rel=\"noopener\">https:\/\/www.gatewaymovingcr.com<\/a><\/p>\n<h2><span class=\"ez-toc-section\" id=\"3_Inter_Moves_SG_Global\"><\/span><strong>3. Inter Moves SG Global<\/strong><span class=\"ez-toc-section-end\"><\/span><\/h2>\n<p><img loading=\"lazy\" decoding=\"async\" class=\"alignnone size-full wp-image-5959\" src=\"https:\/\/moverdb.com\/wp-content\/uploads\/Inter-Moves-SG-Global-international-moving-company.png\" alt=\"Inter Moves SG Azienda di traslochi internazionali globali\" width=\"1440\" height=\"684\" data-wp-pid=\"5959\" srcset=\"https:\/\/moverdb.com\/wp-content\/uploads\/Inter-Moves-SG-Global-international-moving-company.png 1440w, https:\/\/moverdb.com\/wp-content\/uploads\/Inter-Moves-SG-Global-international-moving-company-300x143.png 300w, https:\/\/moverdb.com\/wp-content\/uploads\/Inter-Moves-SG-Global-international-moving-company-1024x486.png 1024w, https:\/\/moverdb.com\/wp-content\/uploads\/Inter-Moves-SG-Global-international-moving-company-18x9.png 18w, https:\/\/moverdb.com\/wp-content\/uploads\/Inter-Moves-SG-Global-international-moving-company-600x285.png 600w\" sizes=\"auto, (max-width: 1440px) 100vw, 1440px\" \/><\/p>\n<ul>\n<li>Traslochi locali e nazionali<\/li>\n<li>Spostamenti internazionali<\/li>\n<li>Traslochi domestici<\/li>\n<li>Spostamenti degli uffici<\/li>\n<li>Servizi di imballaggio<\/li>\n<li>Intermediario doganale<\/li>\n<li>Traslochi di oggetti antichi e opere d'arte<\/li>\n<li>Trasporto di veicoli<\/li>\n<li>Opzioni di assicurazione<\/li>\n<li>Strutture di stoccaggio<\/li>\n<\/ul>\n<p>Inter Moves SG Global \u00e8 un'azienda di spedizioni e traslochi internazionali fondata nel 2001. Offre servizi di trasloco locali, nazionali e internazionali per abitazioni e uffici. \u00c8 membro di IAM con 21 anni di servizio.<\/p>\n<p>Inter Moves SG Global offre un servizio di trasloco professionale che provvede all'imballaggio dei vostri beni e al loro carico in container e casse, nonch\u00e9 al trasporto a destinazione, compresa la mediazione doganale. Offrono un servizio di brokeraggio assicurativo per trovare la migliore copertura assicurativa per il vostro trasloco. Fornisce anche un Bed &amp; Breakfast Hotel per chi si trasferisce e ha bisogno di una sistemazione temporanea.<\/p>\n<p>Sito web: <a href=\"http:\/\/www.InterMoves-SGCR.com\" target=\"_blank\" rel=\"noopener\">http:\/\/www.InterMoves-SGCR.com<\/a><\/p>\n<h2><span class=\"ez-toc-section\" id=\"4_Mudanzas_Mundiales\"><\/span><strong>4. Mudanzas Mundiales<\/strong><span class=\"ez-toc-section-end\"><\/span><\/h2>\n<p><img loading=\"lazy\" decoding=\"async\" class=\"alignnone size-full wp-image-5981\" src=\"https:\/\/moverdb.com\/wp-content\/uploads\/Mudanzas-Mundiales-international-moving-company.png\" alt=\"Mudanzas Mundiales azienda di traslochi internazionali\" width=\"1440\" height=\"680\" data-wp-pid=\"5981\" srcset=\"https:\/\/moverdb.com\/wp-content\/uploads\/Mudanzas-Mundiales-international-moving-company.png 1440w, https:\/\/moverdb.com\/wp-content\/uploads\/Mudanzas-Mundiales-international-moving-company-300x142.png 300w, https:\/\/moverdb.com\/wp-content\/uploads\/Mudanzas-Mundiales-international-moving-company-1024x484.png 1024w, https:\/\/moverdb.com\/wp-content\/uploads\/Mudanzas-Mundiales-international-moving-company-18x9.png 18w, https:\/\/moverdb.com\/wp-content\/uploads\/Mudanzas-Mundiales-international-moving-company-600x283.png 600w\" sizes=\"auto, (max-width: 1440px) 100vw, 1440px\" \/><\/p>\n<ul>\n<li>Spostamenti internazionali<\/li>\n<li>Spostamenti residenziali<\/li>\n<li>Traslochi commerciali<\/li>\n<li>Servizi di trasferimento<\/li>\n<li>Servizio di imballaggio professionale<\/li>\n<li>Trasporto via terra, mare o aria<\/li>\n<li>Intermediario doganale<\/li>\n<li>Trasporto di opere d'arte<\/li>\n<li>Trasporto di animali domestici<\/li>\n<li>Strutture di stoccaggio<\/li>\n<\/ul>\n<p>Mudanzas Mundiales \u00e8 un'azienda di traslochi con oltre 60 anni di esperienza nella logistica integrata e nel commercio internazionale. Ha uffici a San Jose e in Nicaragua. \u00c8 membro della IAM con 53 anni di servizio ed \u00e8 accreditata dalla FIDI.<\/p>\n<p>Mudanzas Mundiales offre un approccio personalizzato ai traslochi con un servizio porta a porta che comprende l'imballaggio con materiali di alta qualit\u00e0, il disimballaggio e la sistemazione dei mobili. Organizzano il trasporto via terra, via mare o via aerea, con intermediazione doganale e assicurazione. I loro servizi di trasferimento vi aiuteranno con l'orientamento, la ricerca di una casa e di una scuola, i servizi di arrivo e la formazione linguistica e culturale.<\/p>\n<p>Sito web: <a href=\"http:\/\/mudanzasmundiales.com\" target=\"_blank\" rel=\"noopener\">http:\/\/mudanzasmundiales.com<\/a><\/p>\n<h2><span class=\"ez-toc-section\" id=\"5_Multimodal\"><\/span><strong>5. Multimodale<\/strong><span class=\"ez-toc-section-end\"><\/span><\/h2>\n<p><img loading=\"lazy\" decoding=\"async\" class=\"alignnone size-full wp-image-5984\" src=\"https:\/\/moverdb.com\/wp-content\/uploads\/Multimodal-international-moving-company.png\" alt=\"Azienda di traslochi internazionali multimodali\" width=\"1440\" height=\"680\" data-wp-pid=\"5984\" srcset=\"https:\/\/moverdb.com\/wp-content\/uploads\/Multimodal-international-moving-company.png 1440w, https:\/\/moverdb.com\/wp-content\/uploads\/Multimodal-international-moving-company-300x142.png 300w, https:\/\/moverdb.com\/wp-content\/uploads\/Multimodal-international-moving-company-1024x484.png 1024w, https:\/\/moverdb.com\/wp-content\/uploads\/Multimodal-international-moving-company-18x9.png 18w, https:\/\/moverdb.com\/wp-content\/uploads\/Multimodal-international-moving-company-600x283.png 600w\" sizes=\"auto, (max-width: 1440px) 100vw, 1440px\" \/><\/p>\n<ul>\n<li>Spostamenti internazionali<\/li>\n<li>Spostamenti residenziali<\/li>\n<li>Traslochi d'ufficio<\/li>\n<li>Gestione e monitoraggio delle spedizioni<\/li>\n<li>Trasporto terrestre, marittimo e aereo<\/li>\n<li>Brokeraggio doganale<\/li>\n<li>Assicurazione cargo<\/li>\n<li>Trasporto di animali domestici<\/li>\n<li>Trasporto di veicoli<\/li>\n<li>Strutture di stoccaggio<\/li>\n<\/ul>\n<p>Multimodal \u00e8 un'azienda specializzata in commercio internazionale e dogana che offre servizi di trasloco in Costa Rica e Nicaragua. \u00c8 stata fondata nel 1999 e offriva principalmente carichi aerei, ma si \u00e8 estesa a tutti i mezzi di trasporto. \u00c8 membro della IAM con 37 anni di servizio e collabora con altre agenzie per fornire i propri servizi a livello internazionale.<\/p>\n<p>Multimodal offre un servizio di trasloco sicuro e affidabile, privo di complicazioni e costi inutili. Fornisce servizi di imballaggio professionale per trasportare i vostri beni in modo sicuro e organizza il trasporto via terra, via mare o per via aerea, insieme alla mediazione doganale.<\/p>\n<p>Sito web: <a href=\"http:\/\/www.multimodalcr.com\" target=\"_blank\" rel=\"noopener\">http:\/\/www.multimodalcr.com<\/a><\/p>\n<h2><span class=\"ez-toc-section\" id=\"6_Winmovers\"><\/span><strong>6. Winmover<\/strong><span class=\"ez-toc-section-end\"><\/span><\/h2>\n<p><img loading=\"lazy\" decoding=\"async\" class=\"alignnone size-full wp-image-6016\" src=\"https:\/\/moverdb.com\/wp-content\/uploads\/Winmovers-international-moving-company.png\" alt=\"Winmovers, azienda di traslochi internazionali\" width=\"1440\" height=\"678\" data-wp-pid=\"6016\" srcset=\"https:\/\/moverdb.com\/wp-content\/uploads\/Winmovers-international-moving-company.png 1440w, https:\/\/moverdb.com\/wp-content\/uploads\/Winmovers-international-moving-company-300x141.png 300w, https:\/\/moverdb.com\/wp-content\/uploads\/Winmovers-international-moving-company-1024x482.png 1024w, https:\/\/moverdb.com\/wp-content\/uploads\/Winmovers-international-moving-company-18x8.png 18w, https:\/\/moverdb.com\/wp-content\/uploads\/Winmovers-international-moving-company-600x283.png 600w\" sizes=\"auto, (max-width: 1440px) 100vw, 1440px\" \/><\/p>\n<ul>\n<li>Traslochi locali e nazionali<\/li>\n<li>Spostamenti internazionali<\/li>\n<li>Traslochi domestici<\/li>\n<li>Spostamenti d'affari<\/li>\n<li>Servizio porta a porta<\/li>\n<li>Servizio di imballaggio professionale<\/li>\n<li>Imballaggio industriale<\/li>\n<li>Trasporto terrestre, aereo e marittimo<\/li>\n<li>Articoli specialistici come pianoforte e attrezzature informatiche<\/li>\n<li>Una flotta diversificata di autocarri<\/li>\n<\/ul>\n<p>Winmovers \u00e8 un fornitore di servizi di trasloco internazionali e locali fondato nel 2003. \u00c8 membro della IAM con 19 anni di servizio ed \u00e8 accreditata dalla FIDI. Dispone di un'ampia e diversificata flotta di camion che soddisfano diverse esigenze di trasporto.<\/p>\n<p>Winmovers offre un servizio porta a porta che include un servizio di imballaggio professionale fornito da personale qualificato che protegger\u00e0 i vostri beni con una serie di materiali di imballaggio come scatole, coperture e coperte. Winmovers crea anche le proprie scatole di legno certificate. Organizzano la spedizione dei vostri beni per via terrestre, aerea o marittima.<\/p>\n<p>Sito web: <a href=\"http:\/\/www.winmovers.com\" target=\"_blank\" rel=\"noopener\">http:\/\/www.winmovers.com<\/a><\/p>\n<h2><span class=\"ez-toc-section\" id=\"Other_Useful_Guides_to_Costa_Rica\"><\/span>Altre guide utili sulla Costa Rica<span class=\"ez-toc-section-end\"><\/span><\/h2>\n<ul>\n<li> <a href=\"https:\/\/moverdb.com\/it\/container-shipping\/costa-rica\/\">2024 Tariffe di trasporto marittimo in container da e per il Costa Rica<\/a><\/li>\n<li> <a href=\"https:\/\/moverdb.com\/it\/moving-to-costa-rica\/\">Trasferirsi in Costa Rica? 2026 Costi di vita e consigli per il trasferimento<\/a><\/li>\n<li> <a href=\"https:\/\/moverdb.com\/it\/moving-to-costa-rica\/living-in-costa-rica\/\">21 segreti su come vivere in Costa Rica da conoscere prima di trasferirsi<\/a><\/li>\n<\/ul>","protected":false},"excerpt":{"rendered":"<p>Are you moving to or from Costa Rica, or moving within Costa Rica? Then you might be interested in some help moving all of your belongings as it can be complex especially if you are moving countries. Below we have compiled a list of Costa Rican removal companies that are members of the International Association [&hellip;]<\/p>\n","protected":false},"author":4,"featured_media":0,"parent":190,"menu_order":0,"comment_status":"closed","ping_status":"closed","template":"","meta":{"_genesis_hide_title":false,"_genesis_hide_breadcrumbs":false,"_genesis_hide_singular_image":false,"_genesis_hide_footer_widgets":false,"_genesis_custom_body_class":"","_genesis_custom_post_class":"","_genesis_layout":"","footnotes":""},"class_list":{"0":"post-6015","1":"page","2":"type-page","3":"status-publish","5":"entry","6":"has-post-thumbnail"},"_links":{"self":[{"href":"https:\/\/moverdb.com\/it\/wp-json\/wp\/v2\/pages\/6015","targetHints":{"allow":["GET"]}}],"collection":[{"href":"https:\/\/moverdb.com\/it\/wp-json\/wp\/v2\/pages"}],"about":[{"href":"https:\/\/moverdb.com\/it\/wp-json\/wp\/v2\/types\/page"}],"author":[{"embeddable":true,"href":"https:\/\/moverdb.com\/it\/wp-json\/wp\/v2\/users\/4"}],"replies":[{"embeddable":true,"href":"https:\/\/moverdb.com\/it\/wp-json\/wp\/v2\/comments?post=6015"}],"version-history":[{"count":2,"href":"https:\/\/moverdb.com\/it\/wp-json\/wp\/v2\/pages\/6015\/revisions"}],"predecessor-version":[{"id":18296,"href":"https:\/\/moverdb.com\/it\/wp-json\/wp\/v2\/pages\/6015\/revisions\/18296"}],"up":[{"embeddable":true,"href":"https:\/\/moverdb.com\/it\/wp-json\/wp\/v2\/pages\/190"}],"wp:attachment":[{"href":"https:\/\/moverdb.com\/it\/wp-json\/wp\/v2\/media?parent=6015"}],"curies":[{"name":"wp","href":"https:\/\/api.w.org\/{rel}","templated":true}]}}