{"id":5527,"date":"2023-02-01T13:45:10","date_gmt":"2023-02-01T13:45:10","guid":{"rendered":"https:\/\/moverdb.com\/?page_id=5527"},"modified":"2026-01-08T15:29:15","modified_gmt":"2026-01-08T15:29:15","slug":"imprese-di-traslochi-in-cile","status":"publish","type":"page","link":"https:\/\/moverdb.com\/it\/moving-companies\/chile-moving-companies\/","title":{"rendered":"Le 6 migliori imprese di traslochi internazionali in Cile"},"content":{"rendered":"<p>Il trasloco pu\u00f2 essere un momento impegnativo e stressante, soprattutto se si tratta di un trasferimento a lunga distanza o in un altro Paese. \u00c8 qui che un <a href=\"https:\/\/moverdb.com\/it\/moving-companies\/\" data-internallinksmanager029f6b8e52c=\"79\" title=\"Le 25 migliori aziende di traslochi internazionali online\">azienda di traslochi<\/a> pu\u00f2 aiutarvi a ridurre lo stress togliendovi parte del carico di lavoro. Qui di seguito abbiamo compilato un elenco di <a href=\"https:\/\/moverdb.com\/it\/international-removals\/\" data-internallinksmanager029f6b8e52c=\"27\" title=\"36 Migliori aziende di traslochi internazionali del Regno Unito\">aziende di trasloco<\/a> che sono membri dell'associazione <a href=\"https:\/\/moverdb.com\/it\/iam\/\" data-internallinksmanager029f6b8e52c=\"23\" title=\"Spiegazione dell&#039;Associazione Internazionale dei Traslocatori (IAM)\">Associazione internazionale dei traslocatori<\/a> (IAM) e\/o <a href=\"https:\/\/moverdb.com\/it\/fidi-faim\/\" data-internallinksmanager029f6b8e52c=\"16\" title=\"FIDI e FAIM (FIDI Accredited International Mover) spiegati\">FIDI<\/a> Traslocatori internazionali accreditati (FAIM) che possono assistervi nel vostro trasloco.<\/p>\n<div id=\"ez-toc-container\" class=\"ez-toc-v2_0_82_2 ez-toc-wrap-left counter-hierarchy ez-toc-counter ez-toc-transparent ez-toc-container-direction\">\n<div class=\"ez-toc-title-container\">\n<p class=\"ez-toc-title\" style=\"cursor:inherit\">Sezioni<\/p>\n<span class=\"ez-toc-title-toggle\"><a href=\"#\" class=\"ez-toc-pull-right ez-toc-btn ez-toc-btn-xs ez-toc-btn-default ez-toc-toggle\" aria-label=\"Allinea la tabella dei contenuti\"><span class=\"ez-toc-js-icon-con\"><span class=\"\"><span class=\"eztoc-hide\" style=\"display:none;\">Toggle<\/span><span class=\"ez-toc-icon-toggle-span\"><svg style=\"fill: #999;color:#999\" xmlns=\"http:\/\/www.w3.org\/2000\/svg\" class=\"list-377408\" width=\"20px\" height=\"20px\" viewbox=\"0 0 24 24\" fill=\"none\"><path d=\"M6 6H4v2h2V6zm14 0H8v2h12V6zM4 11h2v2H4v-2zm16 0H8v2h12v-2zM4 16h2v2H4v-2zm16 0H8v2h12v-2z\" fill=\"currentColor\"><\/path><\/svg><svg style=\"fill: #999;color:#999\" class=\"arrow-unsorted-368013\" xmlns=\"http:\/\/www.w3.org\/2000\/svg\" width=\"10px\" height=\"10px\" viewbox=\"0 0 24 24\" version=\"1.2\" baseprofile=\"tiny\"><path d=\"M18.2 9.3l-6.2-6.3-6.2 6.3c-.2.2-.3.4-.3.7s.1.5.3.7c.2.2.4.3.7.3h11c.3 0 .5-.1.7-.3.2-.2.3-.5.3-.7s-.1-.5-.3-.7zM5.8 14.7l6.2 6.3 6.2-6.3c.2-.2.3-.5.3-.7s-.1-.5-.3-.7c-.2-.2-.4-.3-.7-.3h-11c-.3 0-.5.1-.7.3-.2.2-.3.5-.3.7s.1.5.3.7z\"\/><\/svg><\/span><\/span><\/span><\/a><\/span><\/div>\n<nav><ul class='ez-toc-list ez-toc-list-level-1 eztoc-toggle-hide-by-default' ><li class='ez-toc-page-1 ez-toc-heading-level-2'><a class=\"ez-toc-link ez-toc-heading-1\" href=\"https:\/\/moverdb.com\/it\/moving-companies\/chile-moving-companies\/#1_Unipack\" >1. Unipack<\/a><\/li><li class='ez-toc-page-1 ez-toc-heading-level-2'><a class=\"ez-toc-link ez-toc-heading-2\" href=\"https:\/\/moverdb.com\/it\/moving-companies\/chile-moving-companies\/#2_Atlas_International_Movers\" >2. Traslochi internazionali Atlas<\/a><\/li><li class='ez-toc-page-1 ez-toc-heading-level-2'><a class=\"ez-toc-link ez-toc-heading-3\" href=\"https:\/\/moverdb.com\/it\/moving-companies\/chile-moving-companies\/#3_Decapack\" >3. Decapack<\/a><\/li><li class='ez-toc-page-1 ez-toc-heading-level-2'><a class=\"ez-toc-link ez-toc-heading-4\" href=\"https:\/\/moverdb.com\/it\/moving-companies\/chile-moving-companies\/#4_Global_Alliance_International\" >4. Alleanza Globale Internazionale<\/a><\/li><li class='ez-toc-page-1 ez-toc-heading-level-2'><a class=\"ez-toc-link ez-toc-heading-5\" href=\"https:\/\/moverdb.com\/it\/moving-companies\/chile-moving-companies\/#5_REMSSA\" >5. REMSSA<\/a><\/li><li class='ez-toc-page-1 ez-toc-heading-level-2'><a class=\"ez-toc-link ez-toc-heading-6\" href=\"https:\/\/moverdb.com\/it\/moving-companies\/chile-moving-companies\/#6_Ward_Van_Lines\" >6. Ward Van Lines<\/a><\/li><li class='ez-toc-page-1 ez-toc-heading-level-2'><a class=\"ez-toc-link ez-toc-heading-7\" href=\"https:\/\/moverdb.com\/it\/moving-companies\/chile-moving-companies\/#Other_Useful_Guides_to_Chile\" >Altre guide utili sul Cile<\/a><\/li><\/ul><\/nav><\/div>\n<h2><span class=\"ez-toc-section\" id=\"1_Unipack\"><\/span><strong>1. Unipack<\/strong><span class=\"ez-toc-section-end\"><\/span><\/h2>\n<p><img loading=\"lazy\" decoding=\"async\" class=\"alignnone size-full wp-image-5496\" src=\"https:\/\/moverdb.com\/wp-content\/uploads\/Unipack-international-moving-company.png\" alt=\"Azienda di traslochi internazionali Unipack\" width=\"1440\" height=\"683\" data-wp-pid=\"5496\" srcset=\"https:\/\/moverdb.com\/wp-content\/uploads\/Unipack-international-moving-company.png 1440w, https:\/\/moverdb.com\/wp-content\/uploads\/Unipack-international-moving-company-300x142.png 300w, https:\/\/moverdb.com\/wp-content\/uploads\/Unipack-international-moving-company-1024x486.png 1024w, https:\/\/moverdb.com\/wp-content\/uploads\/Unipack-international-moving-company-18x9.png 18w, https:\/\/moverdb.com\/wp-content\/uploads\/Unipack-international-moving-company-600x285.png 600w\" sizes=\"auto, (max-width: 1440px) 100vw, 1440px\" \/><\/p>\n<ul>\n<li>Movimenti nazionali<\/li>\n<li>Spostamenti internazionali<\/li>\n<li>Traslochi domestici<\/li>\n<li>Ispezione a domicilio<\/li>\n<li>Servizio di imballaggio e disimballaggio<\/li>\n<li>Smontare e montare i mobili<\/li>\n<li>Trasporto terrestre, marittimo e aereo<\/li>\n<li>Supporto alla documentazione<\/li>\n<li>Trasporto di animali domestici<\/li>\n<li>Stoccaggio a breve e lungo termine<\/li>\n<\/ul>\n<p>Unipack \u00e8 un servizio di traslochi nazionali e internazionali fondato nel 1993 a Santiago. Dispone di una rete di agenti in tutto il mondo che la assistono nei traslochi internazionali in 5 continenti. \u00c8 membro di IAM con 29 anni di servizio ed \u00e8 accreditato da FIDI.<\/p>\n<p>Unipack utilizza le pi\u00f9 recenti tecniche di imballaggio e di trasporto, nonch\u00e9 i materiali pi\u00f9 moderni, per garantire ai propri clienti traslochi sicuri. Il processo inizia con un'ispezione in casa e la discussione dei documenti. L'azienda provvede all'imballaggio, allo smontaggio dei mobili e all'organizzazione del trasporto su strada, aereo e marittimo, per poi disimballare e montare i mobili a destinazione. Vi assisteranno con la documentazione, compreso lo sdoganamento.<\/p>\n<p>Sito web: <a href=\"http:\/\/www.unipack.cl\" target=\"_blank\" rel=\"noopener\">http:\/\/www.unipack.cl<\/a><\/p>\n<h2><span class=\"ez-toc-section\" id=\"2_Atlas_International_Movers\"><\/span><strong>2. Traslochi internazionali Atlas<\/strong><span class=\"ez-toc-section-end\"><\/span><\/h2>\n<p><img loading=\"lazy\" decoding=\"async\" class=\"alignnone size-full wp-image-5415\" src=\"https:\/\/moverdb.com\/wp-content\/uploads\/Atlas-International-Movers-moving-company.png\" alt=\"Atlas International Movers azienda di traslochi\" width=\"1440\" height=\"682\" data-wp-pid=\"5415\" srcset=\"https:\/\/moverdb.com\/wp-content\/uploads\/Atlas-International-Movers-moving-company.png 1440w, https:\/\/moverdb.com\/wp-content\/uploads\/Atlas-International-Movers-moving-company-300x142.png 300w, https:\/\/moverdb.com\/wp-content\/uploads\/Atlas-International-Movers-moving-company-1024x485.png 1024w, https:\/\/moverdb.com\/wp-content\/uploads\/Atlas-International-Movers-moving-company-18x9.png 18w, https:\/\/moverdb.com\/wp-content\/uploads\/Atlas-International-Movers-moving-company-600x284.png 600w\" sizes=\"auto, (max-width: 1440px) 100vw, 1440px\" \/><\/p>\n<ul>\n<li>Movimenti nazionali<\/li>\n<li>Spostamenti internazionali<\/li>\n<li>Traslochi domestici<\/li>\n<li>Traslochi d'ufficio<\/li>\n<li>Servizio porta a porta<\/li>\n<li>Servizio di imballaggio di alta qualit\u00e0<\/li>\n<li>Trasporto terrestre, marittimo e aereo<\/li>\n<li>Trasporto di opere d'arte<\/li>\n<li>Trasporto auto<\/li>\n<li>Strutture di stoccaggio a breve e lungo termine<\/li>\n<\/ul>\n<p>Atlas International Movers ha oltre 25 anni di esperienza nel trasloco di abitazioni e uffici in <a href=\"https:\/\/moverdb.com\/it\/moving-to-chile\/\" data-internallinksmanager029f6b8e52c=\"426\" title=\"Trasferirsi in Cile? 2026 Costi di vita e consigli per il trasferimento\">Cile<\/a> e da o verso il Cile. Collaborano con una rete di agenti di trasloco affidabili in tutto il mondo per completare i traslochi internazionali. Sono membri della IAM con 16 anni di servizio.<\/p>\n<p>Atlas International Movers offre una visita a domicilio per valutare le vostre esigenze e vi guider\u00e0 attraverso il processo e la documentazione. Mette a disposizione personale qualificato per imballare i vostri beni secondo standard elevati e proteggerli durante il transito via terra, mare o aria. Vi assisteranno con la documentazione doganale per l'importazione e l'esportazione.<\/p>\n<p>Sito web: <a href=\"http:\/\/www.atlasinternationalchile.cl\" target=\"_blank\" rel=\"noopener\">http:\/\/www.atlasinternationalchile.cl<\/a><\/p>\n<h2><span class=\"ez-toc-section\" id=\"3_Decapack\"><\/span><strong>3. Decapack<\/strong><span class=\"ez-toc-section-end\"><\/span><\/h2>\n<p><img loading=\"lazy\" decoding=\"async\" class=\"alignnone size-full wp-image-5430\" src=\"https:\/\/moverdb.com\/wp-content\/uploads\/Decapack-international-moving-company.png\" alt=\"Azienda di traslochi internazionali Decapack\" width=\"1440\" height=\"680\" data-wp-pid=\"5430\" srcset=\"https:\/\/moverdb.com\/wp-content\/uploads\/Decapack-international-moving-company.png 1440w, https:\/\/moverdb.com\/wp-content\/uploads\/Decapack-international-moving-company-300x142.png 300w, https:\/\/moverdb.com\/wp-content\/uploads\/Decapack-international-moving-company-1024x484.png 1024w, https:\/\/moverdb.com\/wp-content\/uploads\/Decapack-international-moving-company-18x9.png 18w, https:\/\/moverdb.com\/wp-content\/uploads\/Decapack-international-moving-company-600x283.png 600w\" sizes=\"auto, (max-width: 1440px) 100vw, 1440px\" \/><\/p>\n<ul>\n<li>Movimenti nazionali<\/li>\n<li>Spostamenti internazionali<\/li>\n<li>Spostamenti residenziali<\/li>\n<li>Traslochi d'ufficio<\/li>\n<li>Servizio di trasferimento<\/li>\n<li>Servizio porta a porta<\/li>\n<li>Servizio di imballaggio<\/li>\n<li>Assicurazione<\/li>\n<li>Servizio specializzato per le opere d'arte<\/li>\n<li>Stoccaggio a breve e lungo termine<\/li>\n<\/ul>\n<p>Decapack \u00e8 un'azienda di traslochi internazionali e per espatri con sede a Santiago, fondata nel 1942. \u00c8 presente a San Antonio e Valparaiso. <a href=\"https:\/\/moverdb.com\/it\/top-49-container-ports\/\" data-internallinksmanager029f6b8e52c=\"80\" title=\"I 49 porti container pi\u00f9 grandi e trafficati nel 2025\">porte<\/a> e l'aeroporto internazionale di Santiago. \u00c8 membro dello IAM con 52 anni di servizio ed \u00e8 accreditato dal FIDI.<\/p>\n<p>Decapack offre un servizio porta a porta che inizia con l'organizzazione di una visita di stima di persona o virtuale per valutare le vostre esigenze. Vi forniranno una consulenza personalizzata da parte di un coordinatore designato che vi assister\u00e0 nel disbrigo delle pratiche e della documentazione. Fornisce un servizio di imballaggio per proteggere i vostri beni e un'assicurazione per proteggervi dagli imprevisti.<\/p>\n<p>Sito web: <a href=\"http:\/\/www.decapack.com\" target=\"_blank\" rel=\"noopener\">http:\/\/www.decapack.com<\/a><\/p>\n<h2><span class=\"ez-toc-section\" id=\"4_Global_Alliance_International\"><\/span><strong>4. Alleanza Globale Internazionale<\/strong><span class=\"ez-toc-section-end\"><\/span><\/h2>\n<p><img loading=\"lazy\" decoding=\"async\" class=\"alignnone size-full wp-image-5441\" src=\"https:\/\/moverdb.com\/wp-content\/uploads\/Global-Alliance-International-moving-company.png\" alt=\"Global Alliance Azienda di traslochi internazionali\" width=\"1440\" height=\"677\" data-wp-pid=\"5441\" srcset=\"https:\/\/moverdb.com\/wp-content\/uploads\/Global-Alliance-International-moving-company.png 1440w, https:\/\/moverdb.com\/wp-content\/uploads\/Global-Alliance-International-moving-company-300x141.png 300w, https:\/\/moverdb.com\/wp-content\/uploads\/Global-Alliance-International-moving-company-1024x481.png 1024w, https:\/\/moverdb.com\/wp-content\/uploads\/Global-Alliance-International-moving-company-18x8.png 18w, https:\/\/moverdb.com\/wp-content\/uploads\/Global-Alliance-International-moving-company-600x282.png 600w\" sizes=\"auto, (max-width: 1440px) 100vw, 1440px\" \/><\/p>\n<ul>\n<li>Movimenti nazionali<\/li>\n<li>Spostamenti internazionali<\/li>\n<li>Spostamenti residenziali<\/li>\n<li>Movimenti aziendali<\/li>\n<li>Personale altamente qualificato<\/li>\n<li>Servizio di imballaggio completo<\/li>\n<li>Trasporto terrestre, marittimo e aereo<\/li>\n<li>Supporto doganale<\/li>\n<li>Trasporto di animali domestici<\/li>\n<li>Soluzioni di stoccaggio temporaneo e permanente<\/li>\n<\/ul>\n<p>Global Alliance International \u00e8 un'azienda di traslochi cilena fondata nel 1995 ed \u00e8 una filiale di Express Movers Transportes. Collabora con gli agenti di trasloco a destinazione per completare i traslochi internazionali. \u00c8 membro di IAM con 16 anni di servizio.<\/p>\n<p>Global Alliance International metter\u00e0 a disposizione una squadra di imballatori per smontare e imballare tutti i vostri effetti personali utilizzando i materiali di imballaggio pi\u00f9 appropriati per proteggerli e scatole specializzate. Forniranno inoltre un inventario, scatole e contenitori etichettati per la spedizione via terra, aria o mare, e un supporto per la documentazione doganale. Offrono anche soluzioni di stoccaggio temporaneo e permanente.<\/p>\n<p>Sito web: <a href=\"http:\/\/www.globalalliancechile.com\" target=\"_blank\" rel=\"noopener\">http:\/\/www.globalalliancechile.com<\/a><\/p>\n<h2><span class=\"ez-toc-section\" id=\"5_REMSSA\"><\/span><strong>5. REMSSA<\/strong><span class=\"ez-toc-section-end\"><\/span><\/h2>\n<p><img loading=\"lazy\" decoding=\"async\" class=\"alignnone size-full wp-image-5482\" src=\"https:\/\/moverdb.com\/wp-content\/uploads\/REMSSA-international-moving-company.png\" alt=\"Azienda di traslochi internazionali REMSSA\" width=\"1440\" height=\"683\" data-wp-pid=\"5482\" srcset=\"https:\/\/moverdb.com\/wp-content\/uploads\/REMSSA-international-moving-company.png 1440w, https:\/\/moverdb.com\/wp-content\/uploads\/REMSSA-international-moving-company-300x142.png 300w, https:\/\/moverdb.com\/wp-content\/uploads\/REMSSA-international-moving-company-1024x486.png 1024w, https:\/\/moverdb.com\/wp-content\/uploads\/REMSSA-international-moving-company-18x9.png 18w, https:\/\/moverdb.com\/wp-content\/uploads\/REMSSA-international-moving-company-600x285.png 600w\" sizes=\"auto, (max-width: 1440px) 100vw, 1440px\" \/><\/p>\n<ul>\n<li>Movimenti nazionali<\/li>\n<li>Spostamenti internazionali<\/li>\n<li>Spostamenti residenziali<\/li>\n<li>Traslochi d'ufficio<\/li>\n<li>Trasferimento<\/li>\n<li>Servizio porta a porta<\/li>\n<li>Servizio di imballaggio<\/li>\n<li>Trasporto di opere d'arte<\/li>\n<li>Trasporto di animali domestici<\/li>\n<li>Strutture di stoccaggio sicure<\/li>\n<\/ul>\n<p>REMSSA \u00e8 un'azienda di traslochi con sede a Santiago, fondata nel 2000, con filiali in tutto il Cile negli aeroporti e nei porti. Offre servizi di trasloco nazionali e internazionali a famiglie e aziende. \u00c8 membro della IAM con 22 anni di servizio.<\/p>\n<p>REMSSA offre un servizio di trasloco personalizzato che prevede la consegna porta a porta del vostro trasloco o trasferimento. Fornisce un servizio di imballaggio, carico e disimballaggio con imballaggi industriali per proteggere il carico durante il trasporto. Fornisce inoltre servizi specialistici di supporto all'immigrazione, trasporto di opere d'arte, trasporto di animali domestici e, se necessario, strutture di stoccaggio sicure.<\/p>\n<p>Sito web: <a href=\"http:\/\/www.remssa.cl\" target=\"_blank\" rel=\"noopener\">http:\/\/www.remssa.cl<\/a><\/p>\n<h2><span class=\"ez-toc-section\" id=\"6_Ward_Van_Lines\"><\/span><strong>6. Ward Van Lines<\/strong><span class=\"ez-toc-section-end\"><\/span><\/h2>\n<p><img loading=\"lazy\" decoding=\"async\" class=\"alignnone size-full wp-image-5499\" src=\"https:\/\/moverdb.com\/wp-content\/uploads\/Ward-Van-Lines-international-moving-company.png\" alt=\"Ward Van Lines azienda di traslochi internazionali\" width=\"1440\" height=\"680\" data-wp-pid=\"5499\" srcset=\"https:\/\/moverdb.com\/wp-content\/uploads\/Ward-Van-Lines-international-moving-company.png 1440w, https:\/\/moverdb.com\/wp-content\/uploads\/Ward-Van-Lines-international-moving-company-300x142.png 300w, https:\/\/moverdb.com\/wp-content\/uploads\/Ward-Van-Lines-international-moving-company-1024x484.png 1024w, https:\/\/moverdb.com\/wp-content\/uploads\/Ward-Van-Lines-international-moving-company-18x9.png 18w, https:\/\/moverdb.com\/wp-content\/uploads\/Ward-Van-Lines-international-moving-company-600x283.png 600w\" sizes=\"auto, (max-width: 1440px) 100vw, 1440px\" \/><\/p>\n<ul>\n<li>Movimenti nazionali<\/li>\n<li>Spostamenti internazionali<\/li>\n<li>Servizio personalizzato<\/li>\n<li>Servizio di imballaggio con materiali di prima qualit\u00e0<\/li>\n<li>Smontare e montare i mobili<\/li>\n<li>Etichettatura degli articoli per una tracciabilit\u00e0 costante<\/li>\n<li>Seguite i vostri spostamenti grazie alla localizzazione GPS<\/li>\n<li>Documentazione per l'esportazione, compreso lo sdoganamento<\/li>\n<li>Assicurazione<\/li>\n<li>Strutture di stoccaggio sicure<\/li>\n<\/ul>\n<p>Ward Van Lines \u00e8 una societ\u00e0 di traslochi internazionale e nazionale fondata nel 1969. La sede centrale \u00e8 a Santiago e ha uffici nei porti pi\u00f9 importanti, tra cui Valparaiso e San Antonio. \u00c8 membro della IAM con 53 anni di servizio ed \u00e8 accreditata dalla FIDI.<\/p>\n<p>Ward Van Lines offre un servizio personalizzato porta a porta che utilizza materiali di prima qualit\u00e0 per imballare i vostri beni in modo sicuro e utilizza scatole di legno per gli oggetti fragili. Il servizio prevede la stesura di un inventario e l'etichettatura di tutti gli oggetti con codici a barre univoci per identificare i vostri beni. I loro camion sono dotati di un sistema di localizzazione GPS che vi permette di seguire i vostri oggetti 24 ore su 24 e 7 giorni su 7.<\/p>\n<p>Sito web: <a href=\"http:\/\/www.wardvanlines.com\" target=\"_blank\" rel=\"noopener\">http:\/\/www.wardvanlines.com<\/a><\/p>\n<h2><span class=\"ez-toc-section\" id=\"Other_Useful_Guides_to_Chile\"><\/span>Altre guide utili sul Cile<span class=\"ez-toc-section-end\"><\/span><\/h2>\n<ul>\n<li> <a href=\"https:\/\/moverdb.com\/it\/container-shipping\/cile\/\">2024 Tariffe di spedizione via mare per container da e per il Cile<\/a><\/li>\n<li> <a href=\"https:\/\/moverdb.com\/it\/moving-to-chile\/\">Trasferirsi in Cile? 2026 Costi di vita e consigli per il trasferimento<\/a><\/li>\n<li> <a href=\"https:\/\/moverdb.com\/it\/moving-to-chile\/best-places-to-live-chile\/\">I 12 migliori posti dove vivere in Cile<\/a><\/li>\n<\/ul>","protected":false},"excerpt":{"rendered":"<p>Moving can be a busy and stressful time especially in you are moving long distance or to another country. This is where a moving company can help reduce your stress by taking away some of the workload. Below we have compiled a list of Chilean removal companies that are members of the International Association of [&hellip;]<\/p>\n","protected":false},"author":4,"featured_media":0,"parent":190,"menu_order":0,"comment_status":"closed","ping_status":"closed","template":"","meta":{"_genesis_hide_title":false,"_genesis_hide_breadcrumbs":false,"_genesis_hide_singular_image":false,"_genesis_hide_footer_widgets":false,"_genesis_custom_body_class":"","_genesis_custom_post_class":"","_genesis_layout":"","footnotes":""},"class_list":{"0":"post-5527","1":"page","2":"type-page","3":"status-publish","5":"entry","6":"has-post-thumbnail"},"_links":{"self":[{"href":"https:\/\/moverdb.com\/it\/wp-json\/wp\/v2\/pages\/5527","targetHints":{"allow":["GET"]}}],"collection":[{"href":"https:\/\/moverdb.com\/it\/wp-json\/wp\/v2\/pages"}],"about":[{"href":"https:\/\/moverdb.com\/it\/wp-json\/wp\/v2\/types\/page"}],"author":[{"embeddable":true,"href":"https:\/\/moverdb.com\/it\/wp-json\/wp\/v2\/users\/4"}],"replies":[{"embeddable":true,"href":"https:\/\/moverdb.com\/it\/wp-json\/wp\/v2\/comments?post=5527"}],"version-history":[{"count":4,"href":"https:\/\/moverdb.com\/it\/wp-json\/wp\/v2\/pages\/5527\/revisions"}],"predecessor-version":[{"id":16390,"href":"https:\/\/moverdb.com\/it\/wp-json\/wp\/v2\/pages\/5527\/revisions\/16390"}],"up":[{"embeddable":true,"href":"https:\/\/moverdb.com\/it\/wp-json\/wp\/v2\/pages\/190"}],"wp:attachment":[{"href":"https:\/\/moverdb.com\/it\/wp-json\/wp\/v2\/media?parent=5527"}],"curies":[{"name":"wp","href":"https:\/\/api.w.org\/{rel}","templated":true}]}}