{"id":5518,"date":"2023-02-01T13:53:00","date_gmt":"2023-02-01T13:53:00","guid":{"rendered":"https:\/\/moverdb.com\/?page_id=5518"},"modified":"2026-01-08T15:29:50","modified_gmt":"2026-01-08T15:29:50","slug":"burkina-faso-imprese-di-traslochi","status":"publish","type":"page","link":"https:\/\/moverdb.com\/it\/moving-companies\/burkina-faso-moving-companies\/","title":{"rendered":"Le migliori imprese di traslochi internazionali in Burkina Faso"},"content":{"rendered":"<p>Se state pianificando un trasloco in Burkina Faso o un trasferimento da o verso il Burkina Faso, potete avvalervi dell'assistenza di una ditta di traslochi. Una ditta di traslochi pu\u00f2 alleggerire il carico fisico e mentale, soprattutto se si tratta di un trasloco internazionale. Di seguito abbiamo stilato un elenco di aziende di traslochi in Burkina Faso <a href=\"https:\/\/moverdb.com\/it\/moving-companies\/\" data-internallinksmanager029f6b8e52c=\"79\" title=\"Le 25 migliori aziende di traslochi internazionali online\">aziende di traslochi<\/a> che sono membri dell'associazione <a href=\"https:\/\/moverdb.com\/it\/iam\/\" data-internallinksmanager029f6b8e52c=\"23\" title=\"Spiegazione dell&#039;Associazione Internazionale dei Traslocatori (IAM)\">Associazione internazionale dei traslocatori<\/a> (IAM) che potrebbero assistervi.<\/p>\n<p><strong>Muoversi uno<\/strong><\/p>\n<p><img loading=\"lazy\" decoding=\"async\" class=\"alignnone size-full wp-image-5461\" src=\"https:\/\/moverdb.com\/wp-content\/uploads\/Move-One-international-moving-company.png\" alt=\"Azienda di traslochi internazionali Move One\" width=\"1440\" height=\"680\" data-wp-pid=\"5461\" srcset=\"https:\/\/moverdb.com\/wp-content\/uploads\/Move-One-international-moving-company.png 1440w, https:\/\/moverdb.com\/wp-content\/uploads\/Move-One-international-moving-company-300x142.png 300w, https:\/\/moverdb.com\/wp-content\/uploads\/Move-One-international-moving-company-1024x484.png 1024w, https:\/\/moverdb.com\/wp-content\/uploads\/Move-One-international-moving-company-18x9.png 18w, https:\/\/moverdb.com\/wp-content\/uploads\/Move-One-international-moving-company-600x283.png 600w\" sizes=\"auto, (max-width: 1440px) 100vw, 1440px\" \/><\/p>\n<ul>\n<li>Spostamenti internazionali<\/li>\n<li>Trasferimenti<\/li>\n<li>Spostamenti residenziali<\/li>\n<li>Trasferimento di uffici<\/li>\n<li>Supporto all'immigrazione<\/li>\n<li>Personale preparato e professionale<\/li>\n<li>Trasporto di animali domestici<\/li>\n<li>Assistenza nella ricerca di una casa e di una scuola<\/li>\n<li>Servizi di ambientamento<\/li>\n<li>Strutture di stoccaggio<\/li>\n<\/ul>\n<p>Move One \u00e8 un'azienda di traslochi fondata nel 1992 con una filiale a Oagadougou che fornisce soluzioni di logistica, trasloco e mobilit\u00e0 globale. Si dichiara leader di mercato in Europa, Africa, Medio Oriente, Balcani e CSI. \u00c8 membro di IAM con 23 anni di servizio. Fanno parte di una rete di societ\u00e0 di traslochi internazionali per fornire traslochi internazionali.<\/p>\n<p>Move One offre servizi di trasloco e trasferimento che comprendono l'assistenza professionale di personale qualificato che assiste il trasloco e pu\u00f2 fornire assistenza per l'immigrazione per navigare nella burocrazia. Possono fornire assistenza per il trasporto di animali domestici, per la ricerca di una casa e per le scuole.<\/p>\n<p>Sito web: <a href=\"https:\/\/www.moveoneinc.com\/\" target=\"_blank\" rel=\"noopener\">https:\/\/www.moveoneinc.com\/<\/a><\/p>","protected":false},"excerpt":{"rendered":"<p>If you are planning a move in Burkina Faso, or moving to or from Burkina Faso then enlisting the assistance of a moving company can help. A moving company can lighten the load physical and mentally especially if you are moving countries. Below we have compiled a list of Burkina Faso moving companies that are [&hellip;]<\/p>\n","protected":false},"author":4,"featured_media":0,"parent":190,"menu_order":0,"comment_status":"closed","ping_status":"closed","template":"","meta":{"_genesis_hide_title":false,"_genesis_hide_breadcrumbs":false,"_genesis_hide_singular_image":false,"_genesis_hide_footer_widgets":false,"_genesis_custom_body_class":"","_genesis_custom_post_class":"","_genesis_layout":"","footnotes":""},"class_list":{"0":"post-5518","1":"page","2":"type-page","3":"status-publish","5":"entry"},"_links":{"self":[{"href":"https:\/\/moverdb.com\/it\/wp-json\/wp\/v2\/pages\/5518","targetHints":{"allow":["GET"]}}],"collection":[{"href":"https:\/\/moverdb.com\/it\/wp-json\/wp\/v2\/pages"}],"about":[{"href":"https:\/\/moverdb.com\/it\/wp-json\/wp\/v2\/types\/page"}],"author":[{"embeddable":true,"href":"https:\/\/moverdb.com\/it\/wp-json\/wp\/v2\/users\/4"}],"replies":[{"embeddable":true,"href":"https:\/\/moverdb.com\/it\/wp-json\/wp\/v2\/comments?post=5518"}],"version-history":[{"count":1,"href":"https:\/\/moverdb.com\/it\/wp-json\/wp\/v2\/pages\/5518\/revisions"}],"predecessor-version":[{"id":5519,"href":"https:\/\/moverdb.com\/it\/wp-json\/wp\/v2\/pages\/5518\/revisions\/5519"}],"up":[{"embeddable":true,"href":"https:\/\/moverdb.com\/it\/wp-json\/wp\/v2\/pages\/190"}],"wp:attachment":[{"href":"https:\/\/moverdb.com\/it\/wp-json\/wp\/v2\/media?parent=5518"}],"curies":[{"name":"wp","href":"https:\/\/api.w.org\/{rel}","templated":true}]}}