{"id":5392,"date":"2022-11-19T02:21:51","date_gmt":"2022-11-19T02:21:51","guid":{"rendered":"https:\/\/moverdb.com\/?page_id=5392"},"modified":"2026-01-08T14:38:39","modified_gmt":"2026-01-08T14:38:39","slug":"turchi-e-caicos","status":"publish","type":"page","link":"https:\/\/moverdb.com\/it\/container-shipping\/turks-and-caicos\/","title":{"rendered":"2026 Tariffe di trasporto marittimo in container da e per le Turks e Caicos"},"content":{"rendered":"<div class=\"wp-block-image\">\n<figure class=\"aligncenter size-full\"><img loading=\"lazy\" decoding=\"async\" width=\"1000\" height=\"667\" src=\"https:\/\/moverdb.com\/wp-content\/uploads\/turks-and-caicos.jpg\" alt=\"Spiaggia di sabbia su un&#039;isola di Turks e Caicos\" class=\"wp-image-5383\" srcset=\"https:\/\/moverdb.com\/wp-content\/uploads\/turks-and-caicos.jpg 1000w, https:\/\/moverdb.com\/wp-content\/uploads\/turks-and-caicos-300x200.jpg 300w, https:\/\/moverdb.com\/wp-content\/uploads\/turks-and-caicos-18x12.jpg 18w, https:\/\/moverdb.com\/wp-content\/uploads\/turks-and-caicos-600x400.jpg 600w\" sizes=\"auto, (max-width: 1000px) 100vw, 1000px\" \/><\/figure>\n<\/div>\n\n\n<p><strong><a href=\"https:\/\/moverdb.com\/it\/moving-to-the-turks-and-caicos-islands\/\" data-internallinksmanager029f6b8e52c=\"388\" title=\"Trasferirsi alle Isole Turks &amp; Caicos? 2026 Costi di vita\">Turks e Caicos<\/a><\/strong> \u00e8 un altro territorio insulare britannico nei Caraibi. Questo arcipelago \u00e8 popolato da 8 isole principali, ma in realt\u00e0 \u00e8 composto da oltre 40 isole.<\/p>\n\n\n\n<p>Per gli espatriati, Turks e Caicos attrae soprattutto coloro che desiderano ritirarsi in un angolo caldo e tranquillo e godersi un ritmo pi\u00f9 lento o trascorrere la pensione su spiagge bellissime e onde calme. Altri importanti motivi per cui alcuni decidono di fare di questo paradiso terrestre la propria casa sono la stabilit\u00e0 della valuta e l'esenzione dalle imposte su reddito, propriet\u00e0 ed eredit\u00e0.<\/p>\n\n\n\n<p>Essendo uno stato molto piccolo, le opzioni di trasporto via mare per i traslochi a Turks e Caicos sono piuttosto limitate. Tuttavia, abbiamo fatto del nostro meglio e raccolto alcuni prezzi che sono presentati nelle tabelle seguenti.<\/p>\n\n\n\n<p>Il pi\u00f9 basso di Turks e Caicos <a href=\"https:\/\/moverdb.com\/it\/container-shipping\/\" data-internallinksmanager029f6b8e52c=\"3\" title=\"Grafico delle tariffe di trasporto internazionale dei container: Maggio 2026\">tariffe di spedizione dei container<\/a> costi di visualizzazione per container da 20 o 40 piedi.<\/p>\n\n\n\n<h2 class=\"wp-block-heading\">Costi dei container per Turks e Caicos (Providenciales)<\/h2>\n\n\n<div class=\"wp-block-image\">\n<figure class=\"aligncenter size-large\"><img loading=\"lazy\" decoding=\"async\" width=\"1024\" height=\"539\" src=\"https:\/\/moverdb.com\/wp-content\/uploads\/Shipping-Container-Costs-to-Turks-and-Caicos-1024x539.png\" alt=\"Costi dei container per Turks e Caicos (Providenciales)\" class=\"wp-image-5380\" srcset=\"https:\/\/moverdb.com\/wp-content\/uploads\/Shipping-Container-Costs-to-Turks-and-Caicos-1024x539.png 1024w, https:\/\/moverdb.com\/wp-content\/uploads\/Shipping-Container-Costs-to-Turks-and-Caicos-300x158.png 300w, https:\/\/moverdb.com\/wp-content\/uploads\/Shipping-Container-Costs-to-Turks-and-Caicos-1536x809.png 1536w, https:\/\/moverdb.com\/wp-content\/uploads\/Shipping-Container-Costs-to-Turks-and-Caicos-18x9.png 18w, https:\/\/moverdb.com\/wp-content\/uploads\/Shipping-Container-Costs-to-Turks-and-Caicos-600x316.png 600w, https:\/\/moverdb.com\/wp-content\/uploads\/Shipping-Container-Costs-to-Turks-and-Caicos.png 2000w\" sizes=\"auto, (max-width: 1024px) 100vw, 1024px\" \/><\/figure>\n<\/div>\n\n\n<table id=\"tablepress-226\" class=\"tablepress tablepress-id-226\">\n<thead>\n<tr class=\"row-1\">\n\t<th class=\"column-1\">Paese di destinazione (<a href=\"https:\/\/moverdb.com\/it\/top-49-container-ports\/\" data-internallinksmanager029f6b8e52c=\"80\" title=\"I 49 porti container pi\u00f9 grandi e trafficati nel 2025\">Porto<\/a>\/Citt\u00e0)<\/th><th class=\"column-2\">20FT<\/th><th class=\"column-3\">40FT<\/th>\n<\/tr>\n<\/thead>\n<tbody class=\"row-striping row-hover\">\n<tr class=\"row-2\">\n\t<td class=\"column-1\"><a href=\"https:\/\/moverdb.com\/it\/container-shipping\/andorra\/\" data-internallinksmanager029f6b8e52c=\"88\" title=\"2026 Tariffe di spedizione via mare in container da e per Andorra\">Andorra (Andorra la Vella)<\/a><\/td><td class=\"column-2\">$1.450<\/td><td class=\"column-3\">$1.900<\/td>\n<\/tr>\n<tr class=\"row-3\">\n\t<td class=\"column-1\"><a href=\"https:\/\/moverdb.com\/it\/container-shipping\/australia\/\" data-internallinksmanager029f6b8e52c=\"89\" title=\"2026 Tariffe di spedizione dei container da e per l&#039;Australia\">Australia (Sydney)<\/a><\/td><td class=\"column-2\">N\/A<\/td><td class=\"column-3\">$12.406<\/td>\n<\/tr>\n<tr class=\"row-4\">\n\t<td class=\"column-1\"><a href=\"https:\/\/moverdb.com\/it\/container-shipping\/austria\/\" data-internallinksmanager029f6b8e52c=\"95\" title=\"2026 Tariffe di spedizione via mare per container da e per l&#039;Austria\">Austria (Vienna)<\/a><\/td><td class=\"column-2\">$6,640<\/td><td class=\"column-3\">$7.951<\/td>\n<\/tr>\n<tr class=\"row-5\">\n\t<td class=\"column-1\"><a href=\"https:\/\/moverdb.com\/it\/container-shipping\/bahrain\/\" data-internallinksmanager029f6b8e52c=\"96\" title=\"2026 Tariffe di spedizione di container via mare da e per il Bahrain\">Bahrain (Manama)<\/a><\/td><td class=\"column-2\">N\/A<\/td><td class=\"column-3\">$12,306<\/td>\n<\/tr>\n<tr class=\"row-6\">\n\t<td class=\"column-1\"><a href=\"https:\/\/moverdb.com\/it\/container-shipping\/belize\/\" data-internallinksmanager029f6b8e52c=\"137\" title=\"2026 Tariffe di spedizione via mare in container da e per il Belize\">Belize (Belize City)<\/a><\/td><td class=\"column-2\">$2.090<\/td><td class=\"column-3\">$2.809<\/td>\n<\/tr>\n<tr class=\"row-7\">\n\t<td class=\"column-1\"><a href=\"https:\/\/moverdb.com\/it\/container-shipping\/brazil\/\" data-internallinksmanager029f6b8e52c=\"98\" title=\"2026 Tariffe di spedizione via mare per container da e per il Brasile\">Brasile (Santos)<\/a><\/td><td class=\"column-2\">$2.090<\/td><td class=\"column-3\">$2.809<\/td>\n<\/tr>\n<tr class=\"row-8\">\n\t<td class=\"column-1\"><a href=\"https:\/\/moverdb.com\/it\/container-shipping\/cambodia\/\" data-internallinksmanager029f6b8e52c=\"101\" title=\"2026 Tariffe di spedizione via mare per container da e per la Cambogia\">Cambogia (Sihanoukville)<\/a><\/td><td class=\"column-2\">$7,606<\/td><td class=\"column-3\">$8,276<\/td>\n<\/tr>\n<tr class=\"row-9\">\n\t<td class=\"column-1\"><a href=\"https:\/\/moverdb.com\/it\/container-shipping\/china\/\" data-internallinksmanager029f6b8e52c=\"105\" title=\"2026 Tariffe di spedizione per container marittimi da e per la Cina\">Cina (Pechino)<\/a><\/td><td class=\"column-2\">$6.757<\/td><td class=\"column-3\">$7,134<\/td>\n<\/tr>\n<tr class=\"row-10\">\n\t<td class=\"column-1\">Cina (Shanghai)<\/td><td class=\"column-2\">$6.696<\/td><td class=\"column-3\">$7.077<\/td>\n<\/tr>\n<tr class=\"row-11\">\n\t<td class=\"column-1\"><a href=\"https:\/\/moverdb.com\/it\/moving-to-gibraltar\/\" data-internallinksmanager029f6b8e52c=\"431\" title=\"Trasferirsi a Gibilterra? 2026 Costi di vita e consigli per il trasferimento\">Gibilterra<\/a><\/td><td class=\"column-2\">$4,178<\/td><td class=\"column-3\">$5.933<\/td>\n<\/tr>\n<tr class=\"row-12\">\n\t<td class=\"column-1\"><a href=\"https:\/\/moverdb.com\/it\/container-shipping\/guernsey\/\" data-internallinksmanager029f6b8e52c=\"121\" title=\"2026 Tariffe di trasporto marittimo in container da e per Guernsey\">Guernsey (St Peter Port)<\/a><\/td><td class=\"column-2\">$2.846<\/td><td class=\"column-3\">$2.953<\/td>\n<\/tr>\n<tr class=\"row-13\">\n\t<td class=\"column-1\"><a href=\"https:\/\/moverdb.com\/it\/container-shipping\/hong-kong\/\" data-internallinksmanager029f6b8e52c=\"123\" title=\"2026 Tariffe di spedizione in container via mare da e per Hong Kong\">Hong Kong (Hong Kong)<\/a><\/td><td class=\"column-2\">$6.696<\/td><td class=\"column-3\">$7.077<\/td>\n<\/tr>\n<tr class=\"row-14\">\n\t<td class=\"column-1\"><a href=\"https:\/\/moverdb.com\/it\/container-shipping\/indonesia\/\" data-internallinksmanager029f6b8e52c=\"126\" title=\"2026 Tariffe di spedizione via mare per container da e per l&#039;Indonesia\">Indonesia (Giacarta)<\/a><\/td><td class=\"column-2\">$7.295<\/td><td class=\"column-3\">$7.762<\/td>\n<\/tr>\n<tr class=\"row-15\">\n\t<td class=\"column-1\"><a href=\"https:\/\/moverdb.com\/it\/moving-to-luxembourg\/\" data-internallinksmanager029f6b8e52c=\"349\" title=\"Trasferirsi in Lussemburgo? 2026 Costi di vita e consigli per il trasferimento\">Lussemburgo<\/a><\/td><td class=\"column-2\">$3.940<\/td><td class=\"column-3\">$5.490<\/td>\n<\/tr>\n<tr class=\"row-16\">\n\t<td class=\"column-1\"><a href=\"https:\/\/moverdb.com\/it\/container-shipping\/united-arab-emirates\/\" data-internallinksmanager029f6b8e52c=\"188\" title=\"2026 Tariffe di spedizione dei container da e per gli Emirati Arabi Uniti\">Emirati Arabi Uniti (Jebel Ali)<\/a><\/td><td class=\"column-2\">$6,276<\/td><td class=\"column-3\">$6.943<\/td>\n<\/tr>\n<tr class=\"row-17\">\n\t<td class=\"column-1\"><a href=\"https:\/\/moverdb.com\/it\/moving-to-the-united-states\/\" data-internallinksmanager029f6b8e52c=\"94\" title=\"Trasferirsi negli Stati Uniti? 2026 Costi di vita e consigli per il trasferimento\">US<\/a> (<a href=\"https:\/\/moverdb.com\/it\/moving-to-los-angeles\/\" data-internallinksmanager029f6b8e52c=\"51\" title=\"Trasferirsi a Los Angeles? 2026 Costi di vita e consigli per il trasferimento a Los Angeles\">Los Angeles<\/a>)<\/td><td class=\"column-2\">$912<\/td><td class=\"column-3\">$1,309<\/td>\n<\/tr>\n<tr class=\"row-18\">\n\t<td class=\"column-1\"><a href=\"https:\/\/moverdb.com\/it\/container-shipping\/united-states\/\" data-internallinksmanager029f6b8e52c=\"87\" title=\"2026 Tariffe di spedizione via mare in container da e per gli Stati Uniti\">Stati Uniti (New York)<\/a><\/td><td class=\"column-2\">$2.624<\/td><td class=\"column-3\">$1.937<\/td>\n<\/tr>\n<\/tbody>\n<\/table>\n<!-- #tablepress-226 from cache -->\n\n\n\n<h2 class=\"wp-block-heading\">Costi di spedizione dei container da Turks e Caicos (Providenciales)<\/h2>\n\n\n<div class=\"wp-block-image\">\n<figure class=\"aligncenter size-large\"><img loading=\"lazy\" decoding=\"async\" width=\"1024\" height=\"539\" src=\"https:\/\/moverdb.com\/wp-content\/uploads\/Shipping-Container-Costs-from-Turks-and-Caicos-1024x539.png\" alt=\"Costi di spedizione dei container da Turks e Caicos (Providenciales)\" class=\"wp-image-5378\" srcset=\"https:\/\/moverdb.com\/wp-content\/uploads\/Shipping-Container-Costs-from-Turks-and-Caicos-1024x539.png 1024w, https:\/\/moverdb.com\/wp-content\/uploads\/Shipping-Container-Costs-from-Turks-and-Caicos-300x158.png 300w, https:\/\/moverdb.com\/wp-content\/uploads\/Shipping-Container-Costs-from-Turks-and-Caicos-1536x809.png 1536w, https:\/\/moverdb.com\/wp-content\/uploads\/Shipping-Container-Costs-from-Turks-and-Caicos-18x9.png 18w, https:\/\/moverdb.com\/wp-content\/uploads\/Shipping-Container-Costs-from-Turks-and-Caicos-600x316.png 600w, https:\/\/moverdb.com\/wp-content\/uploads\/Shipping-Container-Costs-from-Turks-and-Caicos.png 2000w\" sizes=\"auto, (max-width: 1024px) 100vw, 1024px\" \/><\/figure>\n<\/div>\n\n\n<table id=\"tablepress-224\" class=\"tablepress tablepress-id-224\">\n<thead>\n<tr class=\"row-1\">\n\t<th class=\"column-1\">Paese di destinazione (porto\/citt\u00e0)<\/th><th class=\"column-2\">20FT<\/th><th class=\"column-3\">40FT<\/th>\n<\/tr>\n<\/thead>\n<tbody class=\"row-striping row-hover\">\n<tr class=\"row-2\">\n\t<td class=\"column-1\">Andorra (Andorra la Vella)<\/td><td class=\"column-2\">N\/A<\/td><td class=\"column-3\">$355<\/td>\n<\/tr>\n<tr class=\"row-3\">\n\t<td class=\"column-1\"><a href=\"https:\/\/moverdb.com\/it\/container-shipping\/antigua-and-barbuda\/\" data-internallinksmanager029f6b8e52c=\"92\" title=\"2026 Tariffe di spedizione via mare in container da e per Antigua e Barbuda\">Antigua e Barbuda (St John's)<\/a><\/td><td class=\"column-2\">$600<\/td><td class=\"column-3\">$801<\/td>\n<\/tr>\n<tr class=\"row-4\">\n\t<td class=\"column-1\">Australia (Sydney)<\/td><td class=\"column-2\">$2.845<\/td><td class=\"column-3\">N\/A<\/td>\n<\/tr>\n<tr class=\"row-5\">\n\t<td class=\"column-1\">Brasile (Santos)<\/td><td class=\"column-2\">$873<\/td><td class=\"column-3\">$1.312<\/td>\n<\/tr>\n<tr class=\"row-6\">\n\t<td class=\"column-1\"><a href=\"https:\/\/moverdb.com\/it\/container-shipping\/canada\/\" data-internallinksmanager029f6b8e52c=\"102\" title=\"2026 Tariffe di spedizione di container marittimi da e per il Canada\">Canada (Toronto)<\/a><\/td><td class=\"column-2\">$1.078<\/td><td class=\"column-3\">$2.422<\/td>\n<\/tr>\n<tr class=\"row-7\">\n\t<td class=\"column-1\">Cina (Shanghai)<\/td><td class=\"column-2\">$2.415<\/td><td class=\"column-3\">$3,105<\/td>\n<\/tr>\n<tr class=\"row-8\">\n\t<td class=\"column-1\"><a href=\"https:\/\/moverdb.com\/it\/container-shipping\/pakistan\/\" data-internallinksmanager029f6b8e52c=\"155\" title=\"2026 Tariffe di spedizione per container marittimi da e per il Pakistan\">Pakistan (Karachi)<\/a><\/td><td class=\"column-2\">$4.507<\/td><td class=\"column-3\">$4.830<\/td>\n<\/tr>\n<tr class=\"row-9\">\n\t<td class=\"column-1\"><a href=\"https:\/\/moverdb.com\/it\/container-shipping\/saudi-arabia\/\" data-internallinksmanager029f6b8e52c=\"178\" title=\"2026 Tariffe di spedizione via mare per container da e per l&#039;Arabia Saudita\">Arabia Saudita (Jeddah)<\/a><\/td><td class=\"column-2\">$7,212<\/td><td class=\"column-3\">$9.776<\/td>\n<\/tr>\n<tr class=\"row-10\">\n\t<td class=\"column-1\"><a href=\"https:\/\/moverdb.com\/it\/container-shipping\/spain\/\" data-internallinksmanager029f6b8e52c=\"182\" title=\"2026 Tariffe di spedizione di container via mare da e per la Spagna\">Spagna (Valencia)<\/a><\/td><td class=\"column-2\">$2.983<\/td><td class=\"column-3\">$3.099<\/td>\n<\/tr>\n<tr class=\"row-11\">\n\t<td class=\"column-1\">Stati Uniti (New York)<\/td><td class=\"column-2\">$1.297<\/td><td class=\"column-3\">$1.383<\/td>\n<\/tr>\n<tr class=\"row-12\">\n\t<td class=\"column-1\"><a href=\"https:\/\/moverdb.com\/it\/container-shipping\/vietnam\/\" data-internallinksmanager029f6b8e52c=\"245\" title=\"2026 Tariffe di trasporto marittimo in container da e per il Vietnam\">Vietnam (Saigon)<\/a><\/td><td class=\"column-2\">$3.804<\/td><td class=\"column-3\">$3.670<\/td>\n<\/tr>\n<\/tbody>\n<\/table>\n<!-- #tablepress-224 from cache -->\n\n\n\n<h3 class=\"wp-block-heading\">Note sui dati:<\/h3>\n\n\n\n<ul class=\"wp-block-list\">\n<li>Tutte le cifre di $ in dollari statunitensi (USD);<\/li>\n\n\n\n<li>Tariffe accurate a partire dall'inizio del 2022;<\/li>\n\n\n\n<li>Le mappe in questo articolo sono state create usando <a href=\"https:\/\/www.mapchart.net\" target=\"_blank\" rel=\"noreferrer noopener\">https:\/\/www.mapchart.net<\/a>. Siete liberi di condividere le mappe, purch\u00e9 forniate un link di attribuzione che rimanda a <a href=\"https:\/\/moverdb.com\/it\/\" target=\"_blank\" rel=\"noreferrer noopener\">MoverDB<\/a>;<\/li>\n\n\n\n<li>I tassi di cui sopra sono solo stime e possono essere cambiati dal momento in cui questo articolo \u00e8 stato pubblicato (aprile 2022). Si basano sul tasso pi\u00f9 basso stimato da <a href=\"https:\/\/www.searates.com\" target=\"_blank\" rel=\"noreferrer noopener\">https:\/\/www.searates.com<\/a> o <a href=\"https:\/\/www.gocomet.com\/freight-shipping-rates-index-calculator\" target=\"_blank\" rel=\"noreferrer noopener\">https:\/\/www.gocomet.com<\/a>;<\/li>\n\n\n\n<li>Per avere un'idea pi\u00f9 precisa del costo per te, usa il modulo di preventivo in cima a questa pagina;<\/li>\n\n\n\n<li>Vedi anche la nostra guida su <a href=\"https:\/\/moverdb.com\/it\/container-shipping\/\" target=\"_blank\" rel=\"noreferrer noopener\">spedizione internazionale in container<\/a>.<\/li>\n<\/ul>","protected":false},"excerpt":{"rendered":"<p>Turks and Caicos is yet another British island territory in the Caribbean. This archipelago is populated on 8 main islands, but in fact, it consists of over 40 islands. For expats, Turks and Caicos is mainly attractive to those who want to retreat to a warm, quiet corner and enjoy a slower pace or spend [&hellip;]<\/p>\n","protected":false},"author":2,"featured_media":5383,"parent":44,"menu_order":0,"comment_status":"closed","ping_status":"closed","template":"","meta":{"_genesis_hide_title":false,"_genesis_hide_breadcrumbs":false,"_genesis_hide_singular_image":false,"_genesis_hide_footer_widgets":false,"_genesis_custom_body_class":"","_genesis_custom_post_class":"","_genesis_layout":"","footnotes":""},"class_list":{"0":"post-5392","1":"page","2":"type-page","3":"status-publish","4":"has-post-thumbnail","6":"entry"},"_links":{"self":[{"href":"https:\/\/moverdb.com\/it\/wp-json\/wp\/v2\/pages\/5392","targetHints":{"allow":["GET"]}}],"collection":[{"href":"https:\/\/moverdb.com\/it\/wp-json\/wp\/v2\/pages"}],"about":[{"href":"https:\/\/moverdb.com\/it\/wp-json\/wp\/v2\/types\/page"}],"author":[{"embeddable":true,"href":"https:\/\/moverdb.com\/it\/wp-json\/wp\/v2\/users\/2"}],"replies":[{"embeddable":true,"href":"https:\/\/moverdb.com\/it\/wp-json\/wp\/v2\/comments?post=5392"}],"version-history":[{"count":1,"href":"https:\/\/moverdb.com\/it\/wp-json\/wp\/v2\/pages\/5392\/revisions"}],"predecessor-version":[{"id":5394,"href":"https:\/\/moverdb.com\/it\/wp-json\/wp\/v2\/pages\/5392\/revisions\/5394"}],"up":[{"embeddable":true,"href":"https:\/\/moverdb.com\/it\/wp-json\/wp\/v2\/pages\/44"}],"wp:featuredmedia":[{"embeddable":true,"href":"https:\/\/moverdb.com\/it\/wp-json\/wp\/v2\/media\/5383"}],"wp:attachment":[{"href":"https:\/\/moverdb.com\/it\/wp-json\/wp\/v2\/media?parent=5392"}],"curies":[{"name":"wp","href":"https:\/\/api.w.org\/{rel}","templated":true}]}}